{"id":19632,"date":"2020-12-29T15:00:18","date_gmt":"2020-12-29T14:00:18","guid":{"rendered":"https:\/\/dodo-inflatables.com\/product\/tilbehoer-til-huawei-varmer\/"},"modified":"2025-07-18T15:21:15","modified_gmt":"2025-07-18T13:21:15","slug":"tilbehoer-til-huawei-varmer","status":"publish","type":"product","link":"https:\/\/dodo-inflatables.com\/da\/vare\/tilbehoer-til-huawei-varmer\/","title":{"rendered":"Tilbeh\u00f8r til Huawei-varmer"},"content":{"rendered":"<h2>K\u00f8b Huawei Tilbeh\u00f8r til bl\u00e6ser og varmeapparat til hoppeborg<\/h2>\n<p>Huawei Blower Heater-tilbeh\u00f8ret tilsluttes Huawei-bl\u00e6seren <a href=\"https:\/\/dodo-inflatables.com\/da\/vare\/huawei-blaeser-reh-1-5e-15ps\/\">REH-1.5E &#8211; 1.5PS<\/a> med et patenteret quick-click-system og opvarmer den indsugede luft, der bl\u00e6ses ind i gummib\u00e5den. Det betyder, at en v\u00e5d gummib\u00e5d t\u00f8rrer meget hurtigere, og det tager ikke l\u00e6ngere flere timer at t\u00f8rre en gummib\u00e5d. Det t\u00f8rrer ogs\u00e5 indersiden af gummib\u00e5den og forhindrer skimmelsvamp.<\/p>\n<h3><\/h3>\n<h3>Tekniske data<\/h3>\n<ul>\n<li>Dimensioner: 33,5 x 31,5 x 28 cm (L x B x H)<\/li>\n<li>Effekt: 2,5 kW<\/li>\n<li>Tilslutning: tobenet stik med jordforbindelse<\/li>\n<\/ul>\n<h3>Instruktioner<\/h3>\n<p>1. Tilslut varmeapparatet til Huawei-bl\u00e6seren<br \/>\n2. \u00c5bn alle lynl\u00e5se p\u00e5 den oppustelige<br \/>\n3. T\u00e6nd for varmelegemet (OBS! Varmeren kr\u00e6ver 2,5 kW, s\u00e5 den skal tilsluttes via et separat kabel)<\/p>\n<p>Se videoen for at f\u00e5 en bedre forst\u00e5else \ud83d\ude09<\/p>\n<p><iframe loading=\"lazy\" src=\"https:\/\/www.youtube.com\/embed\/ll0pYvlIvLs\" width=\"560\" height=\"315\" frameborder=\"0\" allowfullscreen=\"allowfullscreen\"><\/iframe><\/p>\n","protected":false},"excerpt":{"rendered":"<ul>\n<li>Kun egnet til <a href=\"https:\/\/dodo-inflatables.com\/product\/huawei-blower\/\">Huawei-bl\u00e6seren REH-1.5E &#8211; 1.5PS<\/a><\/li>\n<li>Passer til alle hoppeborge og eventmoduler p\u00e5 tilbud<\/li>\n<li>Nem at bruge &#8211; ideel til at t\u00f8rre gummib\u00e5den<\/li>\n<\/ul>\n","protected":false},"featured_media":19636,"comment_status":"open","ping_status":"closed","template":"","meta":{"_acf_changed":false,"_uag_custom_page_level_css":"","site-sidebar-layout":"default","site-content-layout":"boxed-container","ast-site-content-layout":"normal-width-container","site-content-style":"boxed","site-sidebar-style":"boxed","ast-global-header-display":"","ast-banner-title-visibility":"","ast-main-header-display":"","ast-hfb-above-header-display":"","ast-hfb-below-header-display":"","ast-hfb-mobile-header-display":"","site-post-title":"disabled","ast-breadcrumbs-content":"","ast-featured-img":"","footer-sml-layout":"","ast-disable-related-posts":"","theme-transparent-header-meta":"default","adv-header-id-meta":"","stick-header-meta":"default","header-above-stick-meta":"","header-main-stick-meta":"","header-below-stick-meta":"","astra-migrate-meta-layouts":"default","ast-page-background-enabled":"default","ast-page-background-meta":{"desktop":{"background-color":"var(--ast-global-color-4)","background-image":"","background-repeat":"repeat","background-position":"center center","background-size":"auto","background-attachment":"scroll","background-type":"","background-media":"","overlay-type":"","overlay-color":"","overlay-opacity":"","overlay-gradient":""},"tablet":{"background-color":"","background-image":"","background-repeat":"repeat","background-position":"center center","background-size":"auto","background-attachment":"scroll","background-type":"","background-media":"","overlay-type":"","overlay-color":"","overlay-opacity":"","overlay-gradient":""},"mobile":{"background-color":"","background-image":"","background-repeat":"repeat","background-position":"center center","background-size":"auto","background-attachment":"scroll","background-type":"","background-media":"","overlay-type":"","overlay-color":"","overlay-opacity":"","overlay-gradient":""}},"ast-content-background-meta":{"desktop":{"background-color":"var(--ast-global-color-5)","background-image":"","background-repeat":"repeat","background-position":"center center","background-size":"auto","background-attachment":"scroll","background-type":"","background-media":"","overlay-type":"","overlay-color":"","overlay-opacity":"","overlay-gradient":""},"tablet":{"background-color":"var(--ast-global-color-5)","background-image":"","background-repeat":"repeat","background-position":"center center","background-size":"auto","background-attachment":"scroll","background-type":"","background-media":"","overlay-type":"","overlay-color":"","overlay-opacity":"","overlay-gradient":""},"mobile":{"background-color":"var(--ast-global-color-5)","background-image":"","background-repeat":"repeat","background-position":"center center","background-size":"auto","background-attachment":"scroll","background-type":"","background-media":"","overlay-type":"","overlay-color":"","overlay-opacity":"","overlay-gradient":""}}},"product_brand":[],"product_cat":[2068],"product_tag":[],"class_list":{"0":"post-19632","1":"product","2":"type-product","3":"status-publish","4":"has-post-thumbnail","6":"product_cat-tilbehor","7":"product_shipping_class-tilbehor","8":"pa_gtin-0669145333994-da","9":"desktop-align-center","10":"tablet-align-center","11":"mobile-align-center","12":"ast-product-gallery-layout-horizontal","13":"ast-product-tabs-layout-horizontal","15":"first","16":"instock","17":"taxable","18":"shipping-taxable","19":"purchasable","20":"product-type-simple"},"acf":[],"yoast_head":"<!-- This site is optimized with the Yoast SEO plugin v27.3 - https:\/\/yoast.com\/product\/yoast-seo-wordpress\/ -->\n<title>K\u00f8b varmelegeme til Huawei-bl\u00e6sere | Dodo-Inflatables.com<\/title>\n<meta name=\"description\" content=\"K\u00f8b varmelegeme til Huawei oppustelige bl\u00e6sere REH-1.5E - 1.5HP hos Dodo-Inflatables.com | Fair priser | Altid p\u00e5 lager | Hurtig levering!\" \/>\n<meta name=\"robots\" content=\"index, follow, max-snippet:-1, max-image-preview:large, max-video-preview:-1\" \/>\n<link rel=\"canonical\" href=\"https:\/\/dodo-inflatables.com\/da\/vare\/tilbehoer-til-huawei-varmer\/\" \/>\n<meta name=\"twitter:label1\" content=\"Estimeret l\u00e6setid\" \/>\n\t<meta name=\"twitter:data1\" content=\"1 minut\" \/>\n<script type=\"application\/ld+json\" class=\"yoast-schema-graph\">{\"@context\":\"https:\\\/\\\/schema.org\",\"@graph\":[{\"@type\":\"WebPage\",\"@id\":\"https:\\\/\\\/dodo-inflatables.com\\\/da\\\/vare\\\/tilbehoer-til-huawei-varmer\\\/\",\"url\":\"https:\\\/\\\/dodo-inflatables.com\\\/da\\\/vare\\\/tilbehoer-til-huawei-varmer\\\/\",\"name\":\"K\u00f8b varmelegeme til Huawei-bl\u00e6sere | Dodo-Inflatables.com\",\"isPartOf\":{\"@id\":\"https:\\\/\\\/dodo-inflatables.com\\\/da\\\/#website\"},\"primaryImageOfPage\":{\"@id\":\"https:\\\/\\\/dodo-inflatables.com\\\/da\\\/vare\\\/tilbehoer-til-huawei-varmer\\\/#primaryimage\"},\"image\":{\"@id\":\"https:\\\/\\\/dodo-inflatables.com\\\/da\\\/vare\\\/tilbehoer-til-huawei-varmer\\\/#primaryimage\"},\"thumbnailUrl\":\"https:\\\/\\\/dodo-inflatables.com\\\/wp-content\\\/uploads\\\/2020\\\/12\\\/Hupfburg-Geblase-Huawei-kaufen_0004_Air-Heater.jpg\",\"datePublished\":\"2020-12-29T14:00:18+00:00\",\"dateModified\":\"2025-07-18T13:21:15+00:00\",\"description\":\"K\u00f8b varmelegeme til Huawei oppustelige bl\u00e6sere REH-1.5E - 1.5HP hos Dodo-Inflatables.com | Fair priser | Altid p\u00e5 lager | Hurtig levering!\",\"breadcrumb\":{\"@id\":\"https:\\\/\\\/dodo-inflatables.com\\\/da\\\/vare\\\/tilbehoer-til-huawei-varmer\\\/#breadcrumb\"},\"inLanguage\":\"da-DK\",\"potentialAction\":[{\"@type\":\"ReadAction\",\"target\":[\"https:\\\/\\\/dodo-inflatables.com\\\/da\\\/vare\\\/tilbehoer-til-huawei-varmer\\\/\"]}]},{\"@type\":\"ImageObject\",\"inLanguage\":\"da-DK\",\"@id\":\"https:\\\/\\\/dodo-inflatables.com\\\/da\\\/vare\\\/tilbehoer-til-huawei-varmer\\\/#primaryimage\",\"url\":\"https:\\\/\\\/dodo-inflatables.com\\\/wp-content\\\/uploads\\\/2020\\\/12\\\/Hupfburg-Geblase-Huawei-kaufen_0004_Air-Heater.jpg\",\"contentUrl\":\"https:\\\/\\\/dodo-inflatables.com\\\/wp-content\\\/uploads\\\/2020\\\/12\\\/Hupfburg-Geblase-Huawei-kaufen_0004_Air-Heater.jpg\",\"width\":500,\"height\":500},{\"@type\":\"BreadcrumbList\",\"@id\":\"https:\\\/\\\/dodo-inflatables.com\\\/da\\\/vare\\\/tilbehoer-til-huawei-varmer\\\/#breadcrumb\",\"itemListElement\":[{\"@type\":\"ListItem\",\"position\":1,\"name\":\"Hjem\",\"item\":\"https:\\\/\\\/dodo-inflatables.com\\\/da\\\/\"},{\"@type\":\"ListItem\",\"position\":2,\"name\":\"Butik\",\"item\":\"https:\\\/\\\/dodo-inflatables.com\\\/da\\\/?page_id=16802\"},{\"@type\":\"ListItem\",\"position\":3,\"name\":\"Tilbeh\u00f8r til Huawei-varmer\"}]},{\"@type\":\"WebSite\",\"@id\":\"https:\\\/\\\/dodo-inflatables.com\\\/da\\\/#website\",\"url\":\"https:\\\/\\\/dodo-inflatables.com\\\/da\\\/\",\"name\":\"dodo-inflatables.com\",\"description\":\"K\u00f8b hoppeborge og attraktioner i vores butik.\",\"publisher\":{\"@id\":\"https:\\\/\\\/dodo-inflatables.com\\\/da\\\/#organization\"},\"potentialAction\":[{\"@type\":\"SearchAction\",\"target\":{\"@type\":\"EntryPoint\",\"urlTemplate\":\"https:\\\/\\\/dodo-inflatables.com\\\/da\\\/?s={search_term_string}\"},\"query-input\":{\"@type\":\"PropertyValueSpecification\",\"valueRequired\":true,\"valueName\":\"search_term_string\"}}],\"inLanguage\":\"da-DK\"},{\"@type\":\"Organization\",\"@id\":\"https:\\\/\\\/dodo-inflatables.com\\\/da\\\/#organization\",\"name\":\"dodo-inflatables.com\",\"url\":\"https:\\\/\\\/dodo-inflatables.com\\\/da\\\/\",\"logo\":{\"@type\":\"ImageObject\",\"inLanguage\":\"da-DK\",\"@id\":\"https:\\\/\\\/dodo-inflatables.com\\\/da\\\/#\\\/schema\\\/logo\\\/image\\\/\",\"url\":\"https:\\\/\\\/dodo-inflatables.com\\\/wp-content\\\/uploads\\\/2023\\\/04\\\/cropped-cropped-cropped-Dodo-Logo.png\",\"contentUrl\":\"https:\\\/\\\/dodo-inflatables.com\\\/wp-content\\\/uploads\\\/2023\\\/04\\\/cropped-cropped-cropped-Dodo-Logo.png\",\"width\":2996,\"height\":1545,\"caption\":\"dodo-inflatables.com\"},\"image\":{\"@id\":\"https:\\\/\\\/dodo-inflatables.com\\\/da\\\/#\\\/schema\\\/logo\\\/image\\\/\"}}]}<\/script>\n<!-- \/ Yoast SEO plugin. -->","yoast_head_json":{"title":"K\u00f8b varmelegeme til Huawei-bl\u00e6sere | Dodo-Inflatables.com","description":"K\u00f8b varmelegeme til Huawei oppustelige bl\u00e6sere REH-1.5E - 1.5HP hos Dodo-Inflatables.com | Fair priser | Altid p\u00e5 lager | Hurtig levering!","robots":{"index":"index","follow":"follow","max-snippet":"max-snippet:-1","max-image-preview":"max-image-preview:large","max-video-preview":"max-video-preview:-1"},"canonical":"https:\/\/dodo-inflatables.com\/da\/vare\/tilbehoer-til-huawei-varmer\/","twitter_misc":{"Estimeret l\u00e6setid":"1 minut"},"schema":{"@context":"https:\/\/schema.org","@graph":[{"@type":"WebPage","@id":"https:\/\/dodo-inflatables.com\/da\/vare\/tilbehoer-til-huawei-varmer\/","url":"https:\/\/dodo-inflatables.com\/da\/vare\/tilbehoer-til-huawei-varmer\/","name":"K\u00f8b varmelegeme til Huawei-bl\u00e6sere | Dodo-Inflatables.com","isPartOf":{"@id":"https:\/\/dodo-inflatables.com\/da\/#website"},"primaryImageOfPage":{"@id":"https:\/\/dodo-inflatables.com\/da\/vare\/tilbehoer-til-huawei-varmer\/#primaryimage"},"image":{"@id":"https:\/\/dodo-inflatables.com\/da\/vare\/tilbehoer-til-huawei-varmer\/#primaryimage"},"thumbnailUrl":"https:\/\/dodo-inflatables.com\/wp-content\/uploads\/2020\/12\/Hupfburg-Geblase-Huawei-kaufen_0004_Air-Heater.jpg","datePublished":"2020-12-29T14:00:18+00:00","dateModified":"2025-07-18T13:21:15+00:00","description":"K\u00f8b varmelegeme til Huawei oppustelige bl\u00e6sere REH-1.5E - 1.5HP hos Dodo-Inflatables.com | Fair priser | Altid p\u00e5 lager | Hurtig levering!","breadcrumb":{"@id":"https:\/\/dodo-inflatables.com\/da\/vare\/tilbehoer-til-huawei-varmer\/#breadcrumb"},"inLanguage":"da-DK","potentialAction":[{"@type":"ReadAction","target":["https:\/\/dodo-inflatables.com\/da\/vare\/tilbehoer-til-huawei-varmer\/"]}]},{"@type":"ImageObject","inLanguage":"da-DK","@id":"https:\/\/dodo-inflatables.com\/da\/vare\/tilbehoer-til-huawei-varmer\/#primaryimage","url":"https:\/\/dodo-inflatables.com\/wp-content\/uploads\/2020\/12\/Hupfburg-Geblase-Huawei-kaufen_0004_Air-Heater.jpg","contentUrl":"https:\/\/dodo-inflatables.com\/wp-content\/uploads\/2020\/12\/Hupfburg-Geblase-Huawei-kaufen_0004_Air-Heater.jpg","width":500,"height":500},{"@type":"BreadcrumbList","@id":"https:\/\/dodo-inflatables.com\/da\/vare\/tilbehoer-til-huawei-varmer\/#breadcrumb","itemListElement":[{"@type":"ListItem","position":1,"name":"Hjem","item":"https:\/\/dodo-inflatables.com\/da\/"},{"@type":"ListItem","position":2,"name":"Butik","item":"https:\/\/dodo-inflatables.com\/da\/?page_id=16802"},{"@type":"ListItem","position":3,"name":"Tilbeh\u00f8r til Huawei-varmer"}]},{"@type":"WebSite","@id":"https:\/\/dodo-inflatables.com\/da\/#website","url":"https:\/\/dodo-inflatables.com\/da\/","name":"dodo-inflatables.com","description":"K\u00f8b hoppeborge og attraktioner i vores butik.","publisher":{"@id":"https:\/\/dodo-inflatables.com\/da\/#organization"},"potentialAction":[{"@type":"SearchAction","target":{"@type":"EntryPoint","urlTemplate":"https:\/\/dodo-inflatables.com\/da\/?s={search_term_string}"},"query-input":{"@type":"PropertyValueSpecification","valueRequired":true,"valueName":"search_term_string"}}],"inLanguage":"da-DK"},{"@type":"Organization","@id":"https:\/\/dodo-inflatables.com\/da\/#organization","name":"dodo-inflatables.com","url":"https:\/\/dodo-inflatables.com\/da\/","logo":{"@type":"ImageObject","inLanguage":"da-DK","@id":"https:\/\/dodo-inflatables.com\/da\/#\/schema\/logo\/image\/","url":"https:\/\/dodo-inflatables.com\/wp-content\/uploads\/2023\/04\/cropped-cropped-cropped-Dodo-Logo.png","contentUrl":"https:\/\/dodo-inflatables.com\/wp-content\/uploads\/2023\/04\/cropped-cropped-cropped-Dodo-Logo.png","width":2996,"height":1545,"caption":"dodo-inflatables.com"},"image":{"@id":"https:\/\/dodo-inflatables.com\/da\/#\/schema\/logo\/image\/"}}]}},"uagb_featured_image_src":{"full":["https:\/\/dodo-inflatables.com\/wp-content\/uploads\/2020\/12\/Hupfburg-Geblase-Huawei-kaufen_0004_Air-Heater.jpg",500,500,false],"thumbnail":["https:\/\/dodo-inflatables.com\/wp-content\/uploads\/2020\/12\/Hupfburg-Geblase-Huawei-kaufen_0004_Air-Heater-150x150.jpg",150,150,true],"medium":["https:\/\/dodo-inflatables.com\/wp-content\/uploads\/2020\/12\/Hupfburg-Geblase-Huawei-kaufen_0004_Air-Heater-300x300.jpg",300,300,true],"medium_large":["https:\/\/dodo-inflatables.com\/wp-content\/uploads\/2020\/12\/Hupfburg-Geblase-Huawei-kaufen_0004_Air-Heater.jpg",500,500,false],"large":["https:\/\/dodo-inflatables.com\/wp-content\/uploads\/2020\/12\/Hupfburg-Geblase-Huawei-kaufen_0004_Air-Heater.jpg",500,500,false],"1536x1536":["https:\/\/dodo-inflatables.com\/wp-content\/uploads\/2020\/12\/Hupfburg-Geblase-Huawei-kaufen_0004_Air-Heater.jpg",500,500,false],"2048x2048":["https:\/\/dodo-inflatables.com\/wp-content\/uploads\/2020\/12\/Hupfburg-Geblase-Huawei-kaufen_0004_Air-Heater.jpg",500,500,false],"woocommerce_thumbnail":["https:\/\/dodo-inflatables.com\/wp-content\/uploads\/2020\/12\/Hupfburg-Geblase-Huawei-kaufen_0004_Air-Heater.jpg",500,500,false],"woocommerce_single":["https:\/\/dodo-inflatables.com\/wp-content\/uploads\/2020\/12\/Hupfburg-Geblase-Huawei-kaufen_0004_Air-Heater.jpg",500,500,false],"woocommerce_gallery_thumbnail":["https:\/\/dodo-inflatables.com\/wp-content\/uploads\/2020\/12\/Hupfburg-Geblase-Huawei-kaufen_0004_Air-Heater-100x100.jpg",100,100,true]},"uagb_author_info":{"display_name":"Andreas","author_link":"https:\/\/dodo-inflatables.com\/da\/author\/"},"uagb_comment_info":0,"uagb_excerpt":"Kun egnet til Huawei-bl\u00e6seren REH-1.5E - 1.5PS Passer til alle hoppeborge og eventmoduler p\u00e5 tilbud Nem at bruge - ideel til at t\u00f8rre gummib\u00e5den","_links":{"self":[{"href":"https:\/\/dodo-inflatables.com\/da\/wp-json\/wp\/v2\/product\/19632","targetHints":{"allow":["GET"]}}],"collection":[{"href":"https:\/\/dodo-inflatables.com\/da\/wp-json\/wp\/v2\/product"}],"about":[{"href":"https:\/\/dodo-inflatables.com\/da\/wp-json\/wp\/v2\/types\/product"}],"replies":[{"embeddable":true,"href":"https:\/\/dodo-inflatables.com\/da\/wp-json\/wp\/v2\/comments?post=19632"}],"wp:featuredmedia":[{"embeddable":true,"href":"https:\/\/dodo-inflatables.com\/da\/wp-json\/wp\/v2\/media\/19636"}],"wp:attachment":[{"href":"https:\/\/dodo-inflatables.com\/da\/wp-json\/wp\/v2\/media?parent=19632"}],"wp:term":[{"taxonomy":"product_brand","embeddable":true,"href":"https:\/\/dodo-inflatables.com\/da\/wp-json\/wp\/v2\/product_brand?post=19632"},{"taxonomy":"product_cat","embeddable":true,"href":"https:\/\/dodo-inflatables.com\/da\/wp-json\/wp\/v2\/product_cat?post=19632"},{"taxonomy":"product_tag","embeddable":true,"href":"https:\/\/dodo-inflatables.com\/da\/wp-json\/wp\/v2\/product_tag?post=19632"}],"curies":[{"name":"wp","href":"https:\/\/api.w.org\/{rel}","templated":true}]}}