{"id":19654,"date":"2020-12-29T14:57:32","date_gmt":"2020-12-29T13:57:32","guid":{"rendered":"https:\/\/dodo-inflatables.com\/product\/huawei-deflator-tilbehoer-dobbelt\/"},"modified":"2026-04-25T18:31:48","modified_gmt":"2026-04-25T16:31:48","slug":"huawei-deflator-tilbehoer-dobbelt","status":"publish","type":"product","link":"https:\/\/dodo-inflatables.com\/da\/vare\/huawei-deflator-tilbehoer-dobbelt\/","title":{"rendered":"Dobbelt deflator tilbeh\u00f8r til Huawei bl\u00e6sere"},"content":{"rendered":"<h2>K\u00f8b dobbelt deflator tilbeh\u00f8r til Huawei bl\u00e6sere til hoppeborg<\/h2>\n<p>Det dobbelte deflator tilbeh\u00f8r til Huawei bl\u00e6sere til hoppeborg er det ideelle tilskud til udlejningsvirksomheder og operat\u00f8rer med flere hoppeborg i deres inventar. Deflatoren tr\u00e6kker aktivt luften ud af hoppeborgen, hvilket g\u00f8r pakning meget nemmere og hurtigere.<br \/>\n<strong>Hurtigere pakning:<\/strong><br \/>\nDeflatoren hj\u00e6lper med at fjerne luften fra hoppeborgen, s\u00e5 der efterlades mindre restluft indeni. Dette g\u00f8r det lettere at folde det oppustelige til en mere kompakt st\u00f8rrelse og forberede det hurtigere til transport.<br \/>\n<strong>Praktisk st\u00f8tte til udlejningsvirksomheder:<\/strong><br \/>\nSelv n\u00e5r deflatoren bruges, er pakning ikke fuldt automatisk, og foldning af hoppeborgen skal stadig g\u00f8res i h\u00e5nden. Is\u00e6r ved h\u00e5ndtering af flere oppustelige konstruktioner sparer deflatoren dog m\u00e6rkbart tid og kr\u00e6fter.<br \/>\n<strong>To versioner tilg\u00e6ngelige:<\/strong><br \/>\nDeflator tilbeh\u00f8ret f\u00e5s i b\u00e5de en kort og en lang version. Hvilken version der er det bedre valg, afh\u00e6nger af personlige pr\u00e6ferencer og den enkelte brugers h\u00e5ndteringsbehov.<br \/>\n<strong>Nem at bruge:<\/strong><br \/>\nIdeelt set b\u00f8r deflatoren inds\u00e6ttes i side\u00e5bningen p\u00e5 hoppeborgen. Alle andre luftudgange b\u00f8r forblive lukkede under brug for at minimere indtagelsen af udeluft og forbedre effektiviteten.<\/p>\n","protected":false},"excerpt":{"rendered":"<ul>\n<li>Velegnet til Huawei bl\u00e6ser REH-1.5E &#8211; 1.5 HP og Huawei bl\u00e6ser REH-2E &#8211; 2 HP<\/li>\n<li>Velegnet til alle hoppeborg og eventmoduler i sortimentet<\/li>\n<li>Nem at bruge \u2013 ideel til udtr\u00e6kning af luft<\/li>\n<\/ul>\n","protected":false},"featured_media":19656,"comment_status":"open","ping_status":"closed","template":"","meta":{"_acf_changed":false,"_uag_custom_page_level_css":"","site-sidebar-layout":"default","site-content-layout":"boxed-container","ast-site-content-layout":"normal-width-container","site-content-style":"boxed","site-sidebar-style":"boxed","ast-global-header-display":"","ast-banner-title-visibility":"","ast-main-header-display":"","ast-hfb-above-header-display":"","ast-hfb-below-header-display":"","ast-hfb-mobile-header-display":"","site-post-title":"disabled","ast-breadcrumbs-content":"","ast-featured-img":"","footer-sml-layout":"","ast-disable-related-posts":"","theme-transparent-header-meta":"default","adv-header-id-meta":"","stick-header-meta":"default","header-above-stick-meta":"","header-main-stick-meta":"","header-below-stick-meta":"","astra-migrate-meta-layouts":"default","ast-page-background-enabled":"default","ast-page-background-meta":{"desktop":{"background-color":"var(--ast-global-color-4)","background-image":"","background-repeat":"repeat","background-position":"center center","background-size":"auto","background-attachment":"scroll","background-type":"","background-media":"","overlay-type":"","overlay-color":"","overlay-opacity":"","overlay-gradient":""},"tablet":{"background-color":"","background-image":"","background-repeat":"repeat","background-position":"center center","background-size":"auto","background-attachment":"scroll","background-type":"","background-media":"","overlay-type":"","overlay-color":"","overlay-opacity":"","overlay-gradient":""},"mobile":{"background-color":"","background-image":"","background-repeat":"repeat","background-position":"center center","background-size":"auto","background-attachment":"scroll","background-type":"","background-media":"","overlay-type":"","overlay-color":"","overlay-opacity":"","overlay-gradient":""}},"ast-content-background-meta":{"desktop":{"background-color":"var(--ast-global-color-5)","background-image":"","background-repeat":"repeat","background-position":"center center","background-size":"auto","background-attachment":"scroll","background-type":"","background-media":"","overlay-type":"","overlay-color":"","overlay-opacity":"","overlay-gradient":""},"tablet":{"background-color":"var(--ast-global-color-5)","background-image":"","background-repeat":"repeat","background-position":"center center","background-size":"auto","background-attachment":"scroll","background-type":"","background-media":"","overlay-type":"","overlay-color":"","overlay-opacity":"","overlay-gradient":""},"mobile":{"background-color":"var(--ast-global-color-5)","background-image":"","background-repeat":"repeat","background-position":"center center","background-size":"auto","background-attachment":"scroll","background-type":"","background-media":"","overlay-type":"","overlay-color":"","overlay-opacity":"","overlay-gradient":""}}},"product_brand":[],"product_cat":[2068],"product_tag":[],"class_list":{"0":"post-19654","1":"product","2":"type-product","3":"status-publish","4":"has-post-thumbnail","6":"product_cat-tilbehor","7":"product_shipping_class-tilbehor","8":"pa_gtin-0669145333994-da","9":"desktop-align-center","10":"tablet-align-center","11":"mobile-align-center","12":"ast-product-gallery-layout-horizontal","13":"ast-product-tabs-layout-horizontal","15":"first","16":"instock","17":"taxable","18":"shipping-taxable","19":"purchasable","20":"product-type-simple"},"acf":[],"yoast_head":"<!-- This site is optimized with the Yoast SEO plugin v27.5 - https:\/\/yoast.com\/product\/yoast-seo-wordpress\/ -->\n<title>K\u00f8b Deflator til Huawei-bl\u00e6sere | Dodo-Inflatables.com<\/title>\n<meta name=\"description\" content=\"K\u00f8b Deflator til Huawei oppustelige bl\u00e6sere REH-1.5E - 1.5HP hos Dodo-Inflatables.com | Fair priser | Altid p\u00e5 lager | Hurtig levering!\" \/>\n<meta name=\"robots\" content=\"index, follow, max-snippet:-1, max-image-preview:large, max-video-preview:-1\" \/>\n<link rel=\"canonical\" href=\"https:\/\/dodo-inflatables.com\/da\/vare\/huawei-deflator-tilbehoer-dobbelt\/\" \/>\n<meta name=\"twitter:label1\" content=\"Estimeret l\u00e6setid\" \/>\n\t<meta name=\"twitter:data1\" content=\"1 minut\" \/>\n<script type=\"application\/ld+json\" class=\"yoast-schema-graph\">{\"@context\":\"https:\\\/\\\/schema.org\",\"@graph\":[{\"@type\":\"WebPage\",\"@id\":\"https:\\\/\\\/dodo-inflatables.com\\\/da\\\/vare\\\/huawei-deflator-tilbehoer-dobbelt\\\/\",\"url\":\"https:\\\/\\\/dodo-inflatables.com\\\/da\\\/vare\\\/huawei-deflator-tilbehoer-dobbelt\\\/\",\"name\":\"K\u00f8b Deflator til Huawei-bl\u00e6sere | Dodo-Inflatables.com\",\"isPartOf\":{\"@id\":\"https:\\\/\\\/dodo-inflatables.com\\\/da\\\/#website\"},\"primaryImageOfPage\":{\"@id\":\"https:\\\/\\\/dodo-inflatables.com\\\/da\\\/vare\\\/huawei-deflator-tilbehoer-dobbelt\\\/#primaryimage\"},\"image\":{\"@id\":\"https:\\\/\\\/dodo-inflatables.com\\\/da\\\/vare\\\/huawei-deflator-tilbehoer-dobbelt\\\/#primaryimage\"},\"thumbnailUrl\":\"https:\\\/\\\/dodo-inflatables.com\\\/wp-content\\\/uploads\\\/2020\\\/12\\\/Hupfburg-Geblase-Huawei-kaufen_0001_Long-Deflator-B1.jpg\",\"datePublished\":\"2020-12-29T13:57:32+00:00\",\"dateModified\":\"2026-04-25T16:31:48+00:00\",\"description\":\"K\u00f8b Deflator til Huawei oppustelige bl\u00e6sere REH-1.5E - 1.5HP hos Dodo-Inflatables.com | Fair priser | Altid p\u00e5 lager | Hurtig levering!\",\"breadcrumb\":{\"@id\":\"https:\\\/\\\/dodo-inflatables.com\\\/da\\\/vare\\\/huawei-deflator-tilbehoer-dobbelt\\\/#breadcrumb\"},\"inLanguage\":\"da-DK\",\"potentialAction\":[{\"@type\":\"ReadAction\",\"target\":[\"https:\\\/\\\/dodo-inflatables.com\\\/da\\\/vare\\\/huawei-deflator-tilbehoer-dobbelt\\\/\"]}]},{\"@type\":\"ImageObject\",\"inLanguage\":\"da-DK\",\"@id\":\"https:\\\/\\\/dodo-inflatables.com\\\/da\\\/vare\\\/huawei-deflator-tilbehoer-dobbelt\\\/#primaryimage\",\"url\":\"https:\\\/\\\/dodo-inflatables.com\\\/wp-content\\\/uploads\\\/2020\\\/12\\\/Hupfburg-Geblase-Huawei-kaufen_0001_Long-Deflator-B1.jpg\",\"contentUrl\":\"https:\\\/\\\/dodo-inflatables.com\\\/wp-content\\\/uploads\\\/2020\\\/12\\\/Hupfburg-Geblase-Huawei-kaufen_0001_Long-Deflator-B1.jpg\",\"width\":500,\"height\":500,\"caption\":\"Dobbelt deflator tilbeh\u00f8r til Huawei bl\u00e6sere | Dodo Inflatables\"},{\"@type\":\"BreadcrumbList\",\"@id\":\"https:\\\/\\\/dodo-inflatables.com\\\/da\\\/vare\\\/huawei-deflator-tilbehoer-dobbelt\\\/#breadcrumb\",\"itemListElement\":[{\"@type\":\"ListItem\",\"position\":1,\"name\":\"Hjem\",\"item\":\"https:\\\/\\\/dodo-inflatables.com\\\/da\\\/\"},{\"@type\":\"ListItem\",\"position\":2,\"name\":\"Butik\",\"item\":\"https:\\\/\\\/dodo-inflatables.com\\\/da\\\/butik\\\/\"},{\"@type\":\"ListItem\",\"position\":3,\"name\":\"Huawei Deflator-tilbeh\u00f8r &#8211; Dobbelt\"}]},{\"@type\":\"WebSite\",\"@id\":\"https:\\\/\\\/dodo-inflatables.com\\\/da\\\/#website\",\"url\":\"https:\\\/\\\/dodo-inflatables.com\\\/da\\\/\",\"name\":\"dodo-inflatables.com\",\"description\":\"K\u00f8b hoppeborge og attraktioner i vores butik.\",\"potentialAction\":[{\"@type\":\"SearchAction\",\"target\":{\"@type\":\"EntryPoint\",\"urlTemplate\":\"https:\\\/\\\/dodo-inflatables.com\\\/da\\\/?s={search_term_string}\"},\"query-input\":{\"@type\":\"PropertyValueSpecification\",\"valueRequired\":true,\"valueName\":\"search_term_string\"}}],\"inLanguage\":\"da-DK\"}]}<\/script>\n<!-- \/ Yoast SEO plugin. -->","yoast_head_json":{"title":"K\u00f8b Deflator til Huawei-bl\u00e6sere | Dodo-Inflatables.com","description":"K\u00f8b Deflator til Huawei oppustelige bl\u00e6sere REH-1.5E - 1.5HP hos Dodo-Inflatables.com | Fair priser | Altid p\u00e5 lager | Hurtig levering!","robots":{"index":"index","follow":"follow","max-snippet":"max-snippet:-1","max-image-preview":"max-image-preview:large","max-video-preview":"max-video-preview:-1"},"canonical":"https:\/\/dodo-inflatables.com\/da\/vare\/huawei-deflator-tilbehoer-dobbelt\/","twitter_misc":{"Estimeret l\u00e6setid":"1 minut"},"schema":{"@context":"https:\/\/schema.org","@graph":[{"@type":"WebPage","@id":"https:\/\/dodo-inflatables.com\/da\/vare\/huawei-deflator-tilbehoer-dobbelt\/","url":"https:\/\/dodo-inflatables.com\/da\/vare\/huawei-deflator-tilbehoer-dobbelt\/","name":"K\u00f8b Deflator til Huawei-bl\u00e6sere | Dodo-Inflatables.com","isPartOf":{"@id":"https:\/\/dodo-inflatables.com\/da\/#website"},"primaryImageOfPage":{"@id":"https:\/\/dodo-inflatables.com\/da\/vare\/huawei-deflator-tilbehoer-dobbelt\/#primaryimage"},"image":{"@id":"https:\/\/dodo-inflatables.com\/da\/vare\/huawei-deflator-tilbehoer-dobbelt\/#primaryimage"},"thumbnailUrl":"https:\/\/dodo-inflatables.com\/wp-content\/uploads\/2020\/12\/Hupfburg-Geblase-Huawei-kaufen_0001_Long-Deflator-B1.jpg","datePublished":"2020-12-29T13:57:32+00:00","dateModified":"2026-04-25T16:31:48+00:00","description":"K\u00f8b Deflator til Huawei oppustelige bl\u00e6sere REH-1.5E - 1.5HP hos Dodo-Inflatables.com | Fair priser | Altid p\u00e5 lager | Hurtig levering!","breadcrumb":{"@id":"https:\/\/dodo-inflatables.com\/da\/vare\/huawei-deflator-tilbehoer-dobbelt\/#breadcrumb"},"inLanguage":"da-DK","potentialAction":[{"@type":"ReadAction","target":["https:\/\/dodo-inflatables.com\/da\/vare\/huawei-deflator-tilbehoer-dobbelt\/"]}]},{"@type":"ImageObject","inLanguage":"da-DK","@id":"https:\/\/dodo-inflatables.com\/da\/vare\/huawei-deflator-tilbehoer-dobbelt\/#primaryimage","url":"https:\/\/dodo-inflatables.com\/wp-content\/uploads\/2020\/12\/Hupfburg-Geblase-Huawei-kaufen_0001_Long-Deflator-B1.jpg","contentUrl":"https:\/\/dodo-inflatables.com\/wp-content\/uploads\/2020\/12\/Hupfburg-Geblase-Huawei-kaufen_0001_Long-Deflator-B1.jpg","width":500,"height":500,"caption":"Dobbelt deflator tilbeh\u00f8r til Huawei bl\u00e6sere | Dodo Inflatables"},{"@type":"BreadcrumbList","@id":"https:\/\/dodo-inflatables.com\/da\/vare\/huawei-deflator-tilbehoer-dobbelt\/#breadcrumb","itemListElement":[{"@type":"ListItem","position":1,"name":"Hjem","item":"https:\/\/dodo-inflatables.com\/da\/"},{"@type":"ListItem","position":2,"name":"Butik","item":"https:\/\/dodo-inflatables.com\/da\/butik\/"},{"@type":"ListItem","position":3,"name":"Huawei Deflator-tilbeh\u00f8r &#8211; Dobbelt"}]},{"@type":"WebSite","@id":"https:\/\/dodo-inflatables.com\/da\/#website","url":"https:\/\/dodo-inflatables.com\/da\/","name":"dodo-inflatables.com","description":"K\u00f8b hoppeborge og attraktioner i vores butik.","potentialAction":[{"@type":"SearchAction","target":{"@type":"EntryPoint","urlTemplate":"https:\/\/dodo-inflatables.com\/da\/?s={search_term_string}"},"query-input":{"@type":"PropertyValueSpecification","valueRequired":true,"valueName":"search_term_string"}}],"inLanguage":"da-DK"}]}},"uagb_featured_image_src":{"full":["https:\/\/dodo-inflatables.com\/wp-content\/uploads\/2020\/12\/Hupfburg-Geblase-Huawei-kaufen_0001_Long-Deflator-B1.jpg",500,500,false],"thumbnail":["https:\/\/dodo-inflatables.com\/wp-content\/uploads\/2020\/12\/Hupfburg-Geblase-Huawei-kaufen_0001_Long-Deflator-B1-150x150.jpg",150,150,true],"medium":["https:\/\/dodo-inflatables.com\/wp-content\/uploads\/2020\/12\/Hupfburg-Geblase-Huawei-kaufen_0001_Long-Deflator-B1-300x300.jpg",300,300,true],"medium_large":["https:\/\/dodo-inflatables.com\/wp-content\/uploads\/2020\/12\/Hupfburg-Geblase-Huawei-kaufen_0001_Long-Deflator-B1.jpg",500,500,false],"large":["https:\/\/dodo-inflatables.com\/wp-content\/uploads\/2020\/12\/Hupfburg-Geblase-Huawei-kaufen_0001_Long-Deflator-B1.jpg",500,500,false],"1536x1536":["https:\/\/dodo-inflatables.com\/wp-content\/uploads\/2020\/12\/Hupfburg-Geblase-Huawei-kaufen_0001_Long-Deflator-B1.jpg",500,500,false],"2048x2048":["https:\/\/dodo-inflatables.com\/wp-content\/uploads\/2020\/12\/Hupfburg-Geblase-Huawei-kaufen_0001_Long-Deflator-B1.jpg",500,500,false],"woocommerce_thumbnail":["https:\/\/dodo-inflatables.com\/wp-content\/uploads\/2020\/12\/Hupfburg-Geblase-Huawei-kaufen_0001_Long-Deflator-B1.jpg",500,500,false],"woocommerce_single":["https:\/\/dodo-inflatables.com\/wp-content\/uploads\/2020\/12\/Hupfburg-Geblase-Huawei-kaufen_0001_Long-Deflator-B1.jpg",500,500,false],"woocommerce_gallery_thumbnail":["https:\/\/dodo-inflatables.com\/wp-content\/uploads\/2020\/12\/Hupfburg-Geblase-Huawei-kaufen_0001_Long-Deflator-B1-100x100.jpg",100,100,true]},"uagb_author_info":{"display_name":"Andreas","author_link":"https:\/\/dodo-inflatables.com\/da\/author\/"},"uagb_comment_info":0,"uagb_excerpt":"Velegnet til Huawei bl\u00e6ser REH-1.5E - 1.5 HP og Huawei bl\u00e6ser REH-2E - 2 HP Velegnet til alle hoppeborg og eventmoduler i sortimentet Nem at bruge \u2013 ideel til udtr\u00e6kning af luft","_links":{"self":[{"href":"https:\/\/dodo-inflatables.com\/da\/wp-json\/wp\/v2\/product\/19654","targetHints":{"allow":["GET"]}}],"collection":[{"href":"https:\/\/dodo-inflatables.com\/da\/wp-json\/wp\/v2\/product"}],"about":[{"href":"https:\/\/dodo-inflatables.com\/da\/wp-json\/wp\/v2\/types\/product"}],"replies":[{"embeddable":true,"href":"https:\/\/dodo-inflatables.com\/da\/wp-json\/wp\/v2\/comments?post=19654"}],"wp:featuredmedia":[{"embeddable":true,"href":"https:\/\/dodo-inflatables.com\/da\/wp-json\/wp\/v2\/media\/19656"}],"wp:attachment":[{"href":"https:\/\/dodo-inflatables.com\/da\/wp-json\/wp\/v2\/media?parent=19654"}],"wp:term":[{"taxonomy":"product_brand","embeddable":true,"href":"https:\/\/dodo-inflatables.com\/da\/wp-json\/wp\/v2\/product_brand?post=19654"},{"taxonomy":"product_cat","embeddable":true,"href":"https:\/\/dodo-inflatables.com\/da\/wp-json\/wp\/v2\/product_cat?post=19654"},{"taxonomy":"product_tag","embeddable":true,"href":"https:\/\/dodo-inflatables.com\/da\/wp-json\/wp\/v2\/product_tag?post=19654"}],"curies":[{"name":"wp","href":"https:\/\/api.w.org\/{rel}","templated":true}]}}