{"id":20708,"date":"2024-07-10T13:01:33","date_gmt":"2024-07-10T11:01:33","guid":{"rendered":"https:\/\/dodo-inflatables.com\/product\/transporttaske-til-hoppeborg-xs\/"},"modified":"2026-04-25T18:20:52","modified_gmt":"2026-04-25T16:20:52","slug":"transporttaske-til-hoppeborg-xs","status":"publish","type":"product","link":"https:\/\/dodo-inflatables.com\/da\/vare\/transporttaske-til-hoppeborg-xs\/","title":{"rendered":"Transporttasker til hoppeborg XS"},"content":{"rendered":"<h2>K\u00f8b transporttasker til hoppeborg<\/h2>\n<p>Vores transporttasker til hoppeborg er den ideelle l\u00f8sning til udlejningsvirksomheder eller kunder med flere hoppeborg p\u00e5 lager.<br \/>\n<strong>Praktiske h\u00e5ndtag<\/strong>: H\u00e5ndtagene giver nem h\u00e5ndtering af taskerne og g\u00f8r det lettere at flytte de oppustelige konstruktioner. Bem\u00e6rk venligst, at afh\u00e6ngigt af v\u00e6gten af det oppustelige, kan h\u00e5ndtagene ikke altid b\u00e6re den fulde v\u00e6gt og b\u00f8r derfor bruges forsigtigt for at undg\u00e5 at rive dem af.<br \/>\n<strong>Sikre fastg\u00f8ringsmuligheder<\/strong>: Transporttaskerne kan bindes sikkert \u00f8verst med l\u00f8kker, s\u00e5 din oppustelige konstruktion forbliver beskyttet og godt pakket under transport. Dette forhindrer utilsigtet \u00e5bning og sikrer, at det oppustelige forbliver rent og p\u00e6nt.<br \/>\n<strong>Beskyttelse mod transportskader<\/strong>: Vores transporttasker er specielt designet til at beskytte dine oppustelige konstruktioner mod transportskader. Det slidst\u00e6rke materiale beskytter de oppustelige konstruktioner mod snavs, st\u00f8v og mekaniske p\u00e5virkninger, s\u00e5 de altid ankommer til deres destination i perfekt stand.<br \/>\nVores oppustelige transporttasker giver dig den perfekte kombination af funktionalitet og komfort. De g\u00f8r transport af dine oppustelige konstruktioner meget nemmere og sikrer, at dine oppustelige konstruktioner altid forbliver i top tilstand.<\/p>\n<h3>Detaljer om transporttaske st\u00f8rrelse XS<\/h3>\n<ul>\n<li>Materiale: PVC (0,55 mm \/ 621,3 g\/m\u00b2)<\/li>\n<li>Diameter 80 cm<\/li>\n<li>H\u00f8jde 100 cm<\/li>\n<li>Blandede farver<\/li>\n<\/ul>\n<p><strong>Hvert oppusteligt leveres i en transporttaske, ingen ekstra taske skal bestilles.<\/strong><\/p>\n","protected":false},"excerpt":{"rendered":"<ul>\n<li>Transporttaske i st\u00f8rrelse XS (diameter 80 cm, h\u00f8jde 100 cm)<\/li>\n<li>Materiale: PVC (0,55 mm \/ 621,3 g\/m\u00b2)<\/li>\n<li>Blandede farver<\/li>\n<\/ul>\n","protected":false},"featured_media":55167,"comment_status":"open","ping_status":"closed","template":"","meta":{"_acf_changed":false,"_uag_custom_page_level_css":"","site-sidebar-layout":"default","site-content-layout":"boxed-container","ast-site-content-layout":"normal-width-container","site-content-style":"boxed","site-sidebar-style":"boxed","ast-global-header-display":"","ast-banner-title-visibility":"","ast-main-header-display":"","ast-hfb-above-header-display":"","ast-hfb-below-header-display":"","ast-hfb-mobile-header-display":"","site-post-title":"disabled","ast-breadcrumbs-content":"","ast-featured-img":"","footer-sml-layout":"","ast-disable-related-posts":"","theme-transparent-header-meta":"default","adv-header-id-meta":"","stick-header-meta":"default","header-above-stick-meta":"","header-main-stick-meta":"","header-below-stick-meta":"","astra-migrate-meta-layouts":"default","ast-page-background-enabled":"default","ast-page-background-meta":{"desktop":{"background-color":"var(--ast-global-color-4)","background-image":"","background-repeat":"repeat","background-position":"center center","background-size":"auto","background-attachment":"scroll","background-type":"","background-media":"","overlay-type":"","overlay-color":"","overlay-opacity":"","overlay-gradient":""},"tablet":{"background-color":"","background-image":"","background-repeat":"repeat","background-position":"center center","background-size":"auto","background-attachment":"scroll","background-type":"","background-media":"","overlay-type":"","overlay-color":"","overlay-opacity":"","overlay-gradient":""},"mobile":{"background-color":"","background-image":"","background-repeat":"repeat","background-position":"center center","background-size":"auto","background-attachment":"scroll","background-type":"","background-media":"","overlay-type":"","overlay-color":"","overlay-opacity":"","overlay-gradient":""}},"ast-content-background-meta":{"desktop":{"background-color":"var(--ast-global-color-5)","background-image":"","background-repeat":"repeat","background-position":"center center","background-size":"auto","background-attachment":"scroll","background-type":"","background-media":"","overlay-type":"","overlay-color":"","overlay-opacity":"","overlay-gradient":""},"tablet":{"background-color":"var(--ast-global-color-5)","background-image":"","background-repeat":"repeat","background-position":"center center","background-size":"auto","background-attachment":"scroll","background-type":"","background-media":"","overlay-type":"","overlay-color":"","overlay-opacity":"","overlay-gradient":""},"mobile":{"background-color":"var(--ast-global-color-5)","background-image":"","background-repeat":"repeat","background-position":"center center","background-size":"auto","background-attachment":"scroll","background-type":"","background-media":"","overlay-type":"","overlay-color":"","overlay-opacity":"","overlay-gradient":""}}},"product_brand":[],"product_cat":[2068],"product_tag":[],"class_list":{"0":"post-20708","1":"product","2":"type-product","3":"status-publish","4":"has-post-thumbnail","6":"product_cat-tilbehor","7":"product_shipping_class-tilbehor","8":"pa_gtin-0654170861734-da","9":"desktop-align-center","10":"tablet-align-center","11":"mobile-align-center","12":"ast-product-gallery-layout-horizontal","13":"ast-product-gallery-with-no-image","14":"ast-product-tabs-layout-horizontal","16":"first","17":"instock","18":"taxable","19":"shipping-taxable","20":"purchasable","21":"product-type-simple"},"acf":[],"yoast_head":"<!-- This site is optimized with the Yoast SEO plugin v27.5 - https:\/\/yoast.com\/product\/yoast-seo-wordpress\/ -->\n<title>K\u00f8b oppustelige transporttasker | Dodo-Inflatables.com<\/title>\n<meta name=\"description\" content=\"K\u00f8b transporttasker til hoppeborge og hoppepuder hos Dodo-Inflatables.com | Certificeret i henhold til EN14960 | Hurtig levering!\" \/>\n<meta name=\"robots\" content=\"index, follow, max-snippet:-1, max-image-preview:large, max-video-preview:-1\" \/>\n<link rel=\"canonical\" href=\"https:\/\/dodo-inflatables.com\/da\/vare\/transporttaske-til-hoppeborg-xs\/\" \/>\n<meta name=\"twitter:label1\" content=\"Estimeret l\u00e6setid\" \/>\n\t<meta name=\"twitter:data1\" content=\"1 minut\" \/>\n<script type=\"application\/ld+json\" class=\"yoast-schema-graph\">{\"@context\":\"https:\\\/\\\/schema.org\",\"@graph\":[{\"@type\":\"WebPage\",\"@id\":\"https:\\\/\\\/dodo-inflatables.com\\\/da\\\/vare\\\/transporttaske-til-hoppeborg-xs\\\/\",\"url\":\"https:\\\/\\\/dodo-inflatables.com\\\/da\\\/vare\\\/transporttaske-til-hoppeborg-xs\\\/\",\"name\":\"K\u00f8b oppustelige transporttasker | Dodo-Inflatables.com\",\"isPartOf\":{\"@id\":\"https:\\\/\\\/dodo-inflatables.com\\\/da\\\/#website\"},\"primaryImageOfPage\":{\"@id\":\"https:\\\/\\\/dodo-inflatables.com\\\/da\\\/vare\\\/transporttaske-til-hoppeborg-xs\\\/#primaryimage\"},\"image\":{\"@id\":\"https:\\\/\\\/dodo-inflatables.com\\\/da\\\/vare\\\/transporttaske-til-hoppeborg-xs\\\/#primaryimage\"},\"thumbnailUrl\":\"https:\\\/\\\/dodo-inflatables.com\\\/wp-content\\\/uploads\\\/2024\\\/07\\\/XS-Bouncy-castle-Transport-bag.jpg\",\"datePublished\":\"2024-07-10T11:01:33+00:00\",\"dateModified\":\"2026-04-25T16:20:52+00:00\",\"description\":\"K\u00f8b transporttasker til hoppeborge og hoppepuder hos Dodo-Inflatables.com | Certificeret i henhold til EN14960 | Hurtig levering!\",\"breadcrumb\":{\"@id\":\"https:\\\/\\\/dodo-inflatables.com\\\/da\\\/vare\\\/transporttaske-til-hoppeborg-xs\\\/#breadcrumb\"},\"inLanguage\":\"da-DK\",\"potentialAction\":[{\"@type\":\"ReadAction\",\"target\":[\"https:\\\/\\\/dodo-inflatables.com\\\/da\\\/vare\\\/transporttaske-til-hoppeborg-xs\\\/\"]}]},{\"@type\":\"ImageObject\",\"inLanguage\":\"da-DK\",\"@id\":\"https:\\\/\\\/dodo-inflatables.com\\\/da\\\/vare\\\/transporttaske-til-hoppeborg-xs\\\/#primaryimage\",\"url\":\"https:\\\/\\\/dodo-inflatables.com\\\/wp-content\\\/uploads\\\/2024\\\/07\\\/XS-Bouncy-castle-Transport-bag.jpg\",\"contentUrl\":\"https:\\\/\\\/dodo-inflatables.com\\\/wp-content\\\/uploads\\\/2024\\\/07\\\/XS-Bouncy-castle-Transport-bag.jpg\",\"width\":1000,\"height\":1000,\"caption\":\"Transporttasker til hoppeborg XS | Dodo Inflatables\"},{\"@type\":\"BreadcrumbList\",\"@id\":\"https:\\\/\\\/dodo-inflatables.com\\\/da\\\/vare\\\/transporttaske-til-hoppeborg-xs\\\/#breadcrumb\",\"itemListElement\":[{\"@type\":\"ListItem\",\"position\":1,\"name\":\"Hjem\",\"item\":\"https:\\\/\\\/dodo-inflatables.com\\\/da\\\/\"},{\"@type\":\"ListItem\",\"position\":2,\"name\":\"Butik\",\"item\":\"https:\\\/\\\/dodo-inflatables.com\\\/da\\\/butik\\\/\"},{\"@type\":\"ListItem\",\"position\":3,\"name\":\"Transporttaske til hoppeborg XS\"}]},{\"@type\":\"WebSite\",\"@id\":\"https:\\\/\\\/dodo-inflatables.com\\\/da\\\/#website\",\"url\":\"https:\\\/\\\/dodo-inflatables.com\\\/da\\\/\",\"name\":\"dodo-inflatables.com\",\"description\":\"K\u00f8b hoppeborge og attraktioner i vores butik.\",\"potentialAction\":[{\"@type\":\"SearchAction\",\"target\":{\"@type\":\"EntryPoint\",\"urlTemplate\":\"https:\\\/\\\/dodo-inflatables.com\\\/da\\\/?s={search_term_string}\"},\"query-input\":{\"@type\":\"PropertyValueSpecification\",\"valueRequired\":true,\"valueName\":\"search_term_string\"}}],\"inLanguage\":\"da-DK\"}]}<\/script>\n<!-- \/ Yoast SEO plugin. -->","yoast_head_json":{"title":"K\u00f8b oppustelige transporttasker | Dodo-Inflatables.com","description":"K\u00f8b transporttasker til hoppeborge og hoppepuder hos Dodo-Inflatables.com | Certificeret i henhold til EN14960 | Hurtig levering!","robots":{"index":"index","follow":"follow","max-snippet":"max-snippet:-1","max-image-preview":"max-image-preview:large","max-video-preview":"max-video-preview:-1"},"canonical":"https:\/\/dodo-inflatables.com\/da\/vare\/transporttaske-til-hoppeborg-xs\/","twitter_misc":{"Estimeret l\u00e6setid":"1 minut"},"schema":{"@context":"https:\/\/schema.org","@graph":[{"@type":"WebPage","@id":"https:\/\/dodo-inflatables.com\/da\/vare\/transporttaske-til-hoppeborg-xs\/","url":"https:\/\/dodo-inflatables.com\/da\/vare\/transporttaske-til-hoppeborg-xs\/","name":"K\u00f8b oppustelige transporttasker | Dodo-Inflatables.com","isPartOf":{"@id":"https:\/\/dodo-inflatables.com\/da\/#website"},"primaryImageOfPage":{"@id":"https:\/\/dodo-inflatables.com\/da\/vare\/transporttaske-til-hoppeborg-xs\/#primaryimage"},"image":{"@id":"https:\/\/dodo-inflatables.com\/da\/vare\/transporttaske-til-hoppeborg-xs\/#primaryimage"},"thumbnailUrl":"https:\/\/dodo-inflatables.com\/wp-content\/uploads\/2024\/07\/XS-Bouncy-castle-Transport-bag.jpg","datePublished":"2024-07-10T11:01:33+00:00","dateModified":"2026-04-25T16:20:52+00:00","description":"K\u00f8b transporttasker til hoppeborge og hoppepuder hos Dodo-Inflatables.com | Certificeret i henhold til EN14960 | Hurtig levering!","breadcrumb":{"@id":"https:\/\/dodo-inflatables.com\/da\/vare\/transporttaske-til-hoppeborg-xs\/#breadcrumb"},"inLanguage":"da-DK","potentialAction":[{"@type":"ReadAction","target":["https:\/\/dodo-inflatables.com\/da\/vare\/transporttaske-til-hoppeborg-xs\/"]}]},{"@type":"ImageObject","inLanguage":"da-DK","@id":"https:\/\/dodo-inflatables.com\/da\/vare\/transporttaske-til-hoppeborg-xs\/#primaryimage","url":"https:\/\/dodo-inflatables.com\/wp-content\/uploads\/2024\/07\/XS-Bouncy-castle-Transport-bag.jpg","contentUrl":"https:\/\/dodo-inflatables.com\/wp-content\/uploads\/2024\/07\/XS-Bouncy-castle-Transport-bag.jpg","width":1000,"height":1000,"caption":"Transporttasker til hoppeborg XS | Dodo Inflatables"},{"@type":"BreadcrumbList","@id":"https:\/\/dodo-inflatables.com\/da\/vare\/transporttaske-til-hoppeborg-xs\/#breadcrumb","itemListElement":[{"@type":"ListItem","position":1,"name":"Hjem","item":"https:\/\/dodo-inflatables.com\/da\/"},{"@type":"ListItem","position":2,"name":"Butik","item":"https:\/\/dodo-inflatables.com\/da\/butik\/"},{"@type":"ListItem","position":3,"name":"Transporttaske til hoppeborg XS"}]},{"@type":"WebSite","@id":"https:\/\/dodo-inflatables.com\/da\/#website","url":"https:\/\/dodo-inflatables.com\/da\/","name":"dodo-inflatables.com","description":"K\u00f8b hoppeborge og attraktioner i vores butik.","potentialAction":[{"@type":"SearchAction","target":{"@type":"EntryPoint","urlTemplate":"https:\/\/dodo-inflatables.com\/da\/?s={search_term_string}"},"query-input":{"@type":"PropertyValueSpecification","valueRequired":true,"valueName":"search_term_string"}}],"inLanguage":"da-DK"}]}},"uagb_featured_image_src":{"full":["https:\/\/dodo-inflatables.com\/wp-content\/uploads\/2024\/07\/XS-Bouncy-castle-Transport-bag.jpg",1000,1000,false],"thumbnail":["https:\/\/dodo-inflatables.com\/wp-content\/uploads\/2024\/07\/XS-Bouncy-castle-Transport-bag-150x150.jpg",150,150,true],"medium":["https:\/\/dodo-inflatables.com\/wp-content\/uploads\/2024\/07\/XS-Bouncy-castle-Transport-bag-300x300.jpg",300,300,true],"medium_large":["https:\/\/dodo-inflatables.com\/wp-content\/uploads\/2024\/07\/XS-Bouncy-castle-Transport-bag-768x768.jpg",768,768,true],"large":["https:\/\/dodo-inflatables.com\/wp-content\/uploads\/2024\/07\/XS-Bouncy-castle-Transport-bag.jpg",1000,1000,false],"1536x1536":["https:\/\/dodo-inflatables.com\/wp-content\/uploads\/2024\/07\/XS-Bouncy-castle-Transport-bag.jpg",1000,1000,false],"2048x2048":["https:\/\/dodo-inflatables.com\/wp-content\/uploads\/2024\/07\/XS-Bouncy-castle-Transport-bag.jpg",1000,1000,false],"woocommerce_thumbnail":["https:\/\/dodo-inflatables.com\/wp-content\/uploads\/2024\/07\/XS-Bouncy-castle-Transport-bag-900x900.jpg",900,900,true],"woocommerce_single":["https:\/\/dodo-inflatables.com\/wp-content\/uploads\/2024\/07\/XS-Bouncy-castle-Transport-bag-900x900.jpg",900,900,true],"woocommerce_gallery_thumbnail":["https:\/\/dodo-inflatables.com\/wp-content\/uploads\/2024\/07\/XS-Bouncy-castle-Transport-bag-100x100.jpg",100,100,true]},"uagb_author_info":{"display_name":"Andreas","author_link":"https:\/\/dodo-inflatables.com\/da\/author\/"},"uagb_comment_info":0,"uagb_excerpt":"Transporttaske i st\u00f8rrelse XS (diameter 80 cm, h\u00f8jde 100 cm) Materiale: PVC (0,55 mm \/ 621,3 g\/m\u00b2) Blandede farver","_links":{"self":[{"href":"https:\/\/dodo-inflatables.com\/da\/wp-json\/wp\/v2\/product\/20708","targetHints":{"allow":["GET"]}}],"collection":[{"href":"https:\/\/dodo-inflatables.com\/da\/wp-json\/wp\/v2\/product"}],"about":[{"href":"https:\/\/dodo-inflatables.com\/da\/wp-json\/wp\/v2\/types\/product"}],"replies":[{"embeddable":true,"href":"https:\/\/dodo-inflatables.com\/da\/wp-json\/wp\/v2\/comments?post=20708"}],"wp:featuredmedia":[{"embeddable":true,"href":"https:\/\/dodo-inflatables.com\/da\/wp-json\/wp\/v2\/media\/55167"}],"wp:attachment":[{"href":"https:\/\/dodo-inflatables.com\/da\/wp-json\/wp\/v2\/media?parent=20708"}],"wp:term":[{"taxonomy":"product_brand","embeddable":true,"href":"https:\/\/dodo-inflatables.com\/da\/wp-json\/wp\/v2\/product_brand?post=20708"},{"taxonomy":"product_cat","embeddable":true,"href":"https:\/\/dodo-inflatables.com\/da\/wp-json\/wp\/v2\/product_cat?post=20708"},{"taxonomy":"product_tag","embeddable":true,"href":"https:\/\/dodo-inflatables.com\/da\/wp-json\/wp\/v2\/product_tag?post=20708"}],"curies":[{"name":"wp","href":"https:\/\/api.w.org\/{rel}","templated":true}]}}