{"id":21290,"date":"2023-10-16T15:14:56","date_gmt":"2023-10-16T13:14:56","guid":{"rendered":"https:\/\/dodo-inflatables.com\/product\/hoppeborg-elephant-world-med-rutsjebane\/"},"modified":"2026-02-05T11:04:31","modified_gmt":"2026-02-05T10:04:31","slug":"hoppeborg-elefantland-med-rutsjebane","status":"publish","type":"product","link":"https:\/\/dodo-inflatables.com\/da\/vare\/hoppeborg-elefantland-med-rutsjebane\/","title":{"rendered":"Hoppeborg Elefantland med rutsjebane"},"content":{"rendered":"<h2>K\u00f8b Hoppeborg Elefantland med rutsjebane<\/h2>\n<p>Tr\u00e6d ind i vores fascinerende Hoppeborg Elefantverden med jungletema. Hoppeborgen er dekoreret med frodigt gr\u00f8nt og eksotiske planter, der tager b\u00f8rnene med p\u00e5 et vildmarkseventyr. Ved indgangen st\u00e5r en imponerende elefant med blide \u00f8jne og byder b\u00f8rnene velkommen. B\u00f8rnene kan ikke kun hoppe og lege, men ogs\u00e5 nyde en stor rutsjebane for ekstra sjov.<\/p>\n<p>Hoppeborg Elefantland med rutsjebane leveres i en passende transporttaske og kan nemt opstilles p\u00e5 cirka 10 minutter. F\u00f8lgende er inkluderet: hoppeborgen, en transporttaske og et reparationss\u00e6t. Bem\u00e6rk venligst, at <a href=\"https:\/\/dodo-inflatables.com\/da\/vare\/huawei-blaeser-reh-1-5e-15ps\/\">bl\u00e6seren<\/a> og <a href=\"https:\/\/dodo-inflatables.com\/da\/vare\/jordplade-5-x-6-meter\/\">underlaget<\/a> ikke er inkluderet; disse findes i vores <a href=\"https:\/\/dodo-inflatables.com\/da\/vare-kategori\/tilbehor\/\">tilbeh\u00f8rskategori<\/a>. Begge tilbudte bl\u00e6sere (<a href=\"https:\/\/dodo-inflatables.com\/da\/vare\/huawei-blaeser-reh-1-5e-15ps\/\">Huawei<\/a> og <a href=\"https:\/\/dodo-inflatables.com\/da\/vare\/gibbons-blaeser-fp5005-15-hk\/\">Gibbons<\/a>) er velegnede til hoppeborgen.<\/p>\n<p>Fremstillet af robust PVC-dug (0,55 mm \/ 621,3 g\/m\u00b2) og certificeret i henhold til DIN EN 14960, er Hoppeborg Elefantland med rutsjebane et kvalitetsprodukt, der opfylder de h\u00f8jeste sikkerhedsstandarder.<\/p>\n<p>Brug venligst hoppeborgen udelukkende p\u00e5 passende underlag for at beskytte den mod skarpe genstande p\u00e5 jorden og slid. Vi anbefaler at opstille hoppeborgen p\u00e5 en gr\u00e6spl\u00e6ne og fastg\u00f8re den med vores <a href=\"https:\/\/dodo-inflatables.com\/da\/vare\/jordspyd-til-fastgoerelse-af-gummibaad\/\">jordspyd<\/a> for at sikre maksimal sikkerhed. Efter hver brug b\u00f8r hoppeborgen t\u00f8rres og pakkes korrekt for at beskytte den mod ydre p\u00e5virkninger og transportskader.<\/p>\n<p>\u26a0\ufe0f For at betjene hoppeborgen kr\u00e6ves kun <strong>\u00e9n bl\u00e6ser<\/strong>. Den anden luftslange er blot et alternativ \u2013 for eksempel hvis der er pladsmangel p\u00e5 stedet og en anden tilslutning er mere praktisk \u2013 eller kan bruges under nedtagning for at lade luften hurtigere ud.<\/p>\n<div class=\"product-description\">\n<p><!-- Gul info-boks --><\/p>\n<div class=\"yellow-box\">\n<h2>Detaljer om Hoppeborg Elefantland med rutsjebane<\/h2>\n<div class=\"info-container\">\n<p><!-- F\u00f8rste r\u00e6kke --><\/p>\n<div class=\"info-group\">\n<div class=\"info-column\">\n<h3>Dimensioner &amp; Brugere<\/h3>\n<ul>\n<li><strong>Dimensioner<\/strong>: 5,50 m x 5,50 m x 3,40 m * (L x B x H)<\/li>\n<li><strong>Springflade<\/strong>: 3,60 x 3,40 m (L x B)<\/li>\n<li><strong>H\u00f8jde p\u00e5 rutsjebane<\/strong>: 0,90 m + 50 cm gulvh\u00f8jde *<\/li>\n<li>Velegnet til ca. <strong>12 b\u00f8rn<\/strong> (afh\u00e6ngig af alder &amp; st\u00f8rrelse)<\/li>\n<li><strong>Maksimal h\u00f8jde<\/strong> for brugere: 1,50 m<\/li>\n<\/ul>\n<\/div>\n<div class=\"info-column\">\n<h3>Ops\u00e6tning og nedtagning<\/h3>\n<ul>\n<li><strong>Pakningsm\u00e5l<\/strong>: H\u00f8jde 120 cm, Diameter 90 cm<\/li>\n<li><strong>V\u00e6gt<\/strong>: ca. 150 kg<\/li>\n<li><strong>Ops\u00e6tningstid<\/strong>: 10 \u2013 20 minutter<\/li>\n<li><strong>P\u00e5kr\u00e6vet bl\u00e6ser<\/strong>: <span style=\"color: #ffffff;\"><a style=\"color: #ffffff;\" href=\"https:\/\/dodo-inflatables.com\/da\/vare\/huawei-blaeser-reh-2e-2ps\/\">1 x Huawei REH-2E \u2013 2 PS<\/a><\/span><\/li>\n<li><strong>P\u00e5kr\u00e6vet plads<\/strong>: 10,80 x 9,10 m (L x B) (i henhold til DIN EN14960) <span class=\"tooltip\"><em><span style=\"color: #ffffff;\">Hvad betyder det?<\/span><\/em><span class=\"tooltiptext\"> If\u00f8lge DIN-standarden skal der v\u00e6re 1,80 m plads omkring hoppeborgen og 3,50 m foran den \u00e5bne side. Dette tjener sikkerheden, implementeringen er efter eget sk\u00f8n.<\/span><\/span><\/li>\n<\/ul>\n<\/div>\n<div class=\"info-column\">\n<h3>Egenskaber<\/h3>\n<ul>\n<li><strong>Godkendelsescertifikat<\/strong> i henhold til EN 14960<\/li>\n<li>Materiale: PVC (0,55 mm \/ 621,3 g\/m\u00b2)<\/li>\n<li>2 \u2013 4 gange syet<\/li>\n<li>Svagt brandbart<\/li>\n<li>Springflade med beskyttelsesstrimler, lynl\u00e5s med velcrolukning, forst\u00e6rkede hj\u00f8rner<\/li>\n<\/ul>\n<\/div>\n<\/div>\n<p><!-- Anden r\u00e6kke --><\/p>\n<div class=\"info-group\">\n<div class=\"info-column\">\n<h3>Inkluderet<\/h3>\n<ul class=\"check-list\">\n<li>Omfattende vejledning med sikkerhedsanvisninger, ops\u00e6tnings- og nedtagningsinstruktioner samt tips til udlejning<\/li>\n<li>Passende transporttaske<\/li>\n<li>Reparationss\u00e6t<\/li>\n<\/ul>\n<\/div>\n<div class=\"info-column\">\n<h3>Ikke inkluderet<\/h3>\n<ul class=\"cross-list\">\n<li><span style=\"color: #ffffff;\"><a style=\"color: #ffffff;\" href=\"https:\/\/dodo-inflatables.com\/da\/vare\/huawei-blaeser-reh-2e-2ps\/\">Bl\u00e6ser<\/a><\/span><\/li>\n<li><span style=\"color: #ffffff;\"><a style=\"color: #ffffff;\" href=\"https:\/\/dodo-inflatables.com\/da\/vare\/jordplade-5-x-6-meter\/\">Underlag<\/a><\/span><\/li>\n<li><span style=\"color: #ffffff;\"><a style=\"color: #ffffff;\" href=\"https:\/\/dodo-inflatables.com\/da\/vare\/jordspyd-til-fastgoerelse-af-gummibaad\/\">Pl\u00f8kker<\/a><\/span><\/li>\n<li><span style=\"color: #ffffff;\"><a style=\"color: #ffffff;\" href=\"https:\/\/dodo-inflatables.com\/da\/vare\/faldsikringsmaatter-240-x-120-x-5-cm\/\">Faldbeskyttelsesm\u00e5tter<\/a><\/span><\/li>\n<li>Andet tilbeh\u00f8r<\/li>\n<\/ul>\n<\/div>\n<div class=\"info-column\"><\/div>\n<\/div>\n<\/div>\n<\/div>\n<\/div>\n<h3>Vigtige oplysninger om drift<\/h3>\n<p>Hoppeborg Elefantland med rutsjebane er et professionelt modul, som er fremstillet og testet efter de strenge retningslinjer i DIN EN 14960-standarden. Det betyder, at den er sikker og p\u00e5lidelig og derfor perfekt egnet til professionel udlejning. V\u00e6r opm\u00e6rksom p\u00e5, at kun b\u00f8rn m\u00e5 benytte hoppeborgen \u2013 ikke voksne!<\/p>\n<p>Bem\u00e6rk, at bl\u00e6seren (ikke inkluderet) skal k\u00f8re konstant under brug, og at en vis luftl\u00e6kage gennem s\u00f8mme og \u00e5bninger er n\u00f8dvendig for at undg\u00e5 overtryk i hoppeborgen.<\/p>\n<p>Bestil Hoppeborg Elefantland med rutsjebane nu og oplev uforglemmelige \u00f8jeblikke fulde af sjov og eventyr!<\/p>\n<p><em>Denne model er beskyttet af et registreret design i hele EU.<\/em><\/p>\n<div class=\"green-box\">\n<p><img decoding=\"async\" src=\"https:\/\/dodo-inflatables.com\/wp-content\/uploads\/2025\/04\/DK-1.png\" alt=\"Leitfaden\" \/><\/p>\n<div class=\"text-container\">\n<h3>Efter k\u00f8bet modtager du en 23-siders vejledning med f\u00f8lgende indhold:<\/h3>\n<ul>\n<li>Sikkerhedsanvisninger til ops\u00e6tning, nedtagning og brug af hoppeborgen<\/li>\n<li>DIN EN 14960-certifikat og individuel serienummer<\/li>\n<li>Detaljeret vejledning til ops\u00e6tning og nedtagning<\/li>\n<li>Information om inspektion og vedligeholdelse<\/li>\n<li>Anbefalede retningslinjer for udlejning<\/li>\n<\/ul>\n<\/div>\n<\/div>\n","protected":false},"excerpt":{"rendered":"<h4>[gzd_product_delivery_time]<\/h4>\n<div class=\"delivery-info\">\n<p>Ved bestilling og modtaget betaling <b>inden kl. 11:00<\/b><br \/>\nafsendes varen samme dag!<\/p>\n<p><i class=\"fas fa-shipping-fast\"><\/i> \u00a0\u00a0Leveringstid ca. 2 \u2013 8 hverdage (Forsendelse fra Tyskland)<br \/>\n<i class=\"fas fa-expand-arrows-alt\"><\/i> \u00a0\u00a0\u00a0M\u00e5l: 5,50 m x 5,50 m x 3,40 m * (L \u00d7 B \u00d7 H)<br \/>\n<i class=\"fas fa-users\"><\/i> \u00a0\u00a0Egnet til ca. 12 b\u00f8rn (afh\u00e6ngigt af alder og st\u00f8rrelse)<br \/>\n<i class=\"fas fa-award\"><\/i> \u00a0\u00a0\u00a0Certificeret i henhold til DIN EN 14960<br \/>\n<i class=\"fas fa-book\"><\/i> \u00a0\u00a0\u00a0Vejledning med certifikat og serienummer<\/p>\n<\/div>\n","protected":false},"featured_media":69621,"comment_status":"open","ping_status":"closed","template":"","meta":{"_acf_changed":false,"_uag_custom_page_level_css":"","site-sidebar-layout":"default","site-content-layout":"boxed-container","ast-site-content-layout":"normal-width-container","site-content-style":"boxed","site-sidebar-style":"boxed","ast-global-header-display":"","ast-banner-title-visibility":"","ast-main-header-display":"","ast-hfb-above-header-display":"","ast-hfb-below-header-display":"","ast-hfb-mobile-header-display":"","site-post-title":"disabled","ast-breadcrumbs-content":"","ast-featured-img":"","footer-sml-layout":"","ast-disable-related-posts":"","theme-transparent-header-meta":"default","adv-header-id-meta":"","stick-header-meta":"default","header-above-stick-meta":"","header-main-stick-meta":"","header-below-stick-meta":"","astra-migrate-meta-layouts":"set","ast-page-background-enabled":"default","ast-page-background-meta":{"desktop":{"background-color":"var(--ast-global-color-4)","background-image":"","background-repeat":"repeat","background-position":"center center","background-size":"auto","background-attachment":"scroll","background-type":"","background-media":"","overlay-type":"","overlay-color":"","overlay-opacity":"","overlay-gradient":""},"tablet":{"background-color":"","background-image":"","background-repeat":"repeat","background-position":"center center","background-size":"auto","background-attachment":"scroll","background-type":"","background-media":"","overlay-type":"","overlay-color":"","overlay-opacity":"","overlay-gradient":""},"mobile":{"background-color":"","background-image":"","background-repeat":"repeat","background-position":"center center","background-size":"auto","background-attachment":"scroll","background-type":"","background-media":"","overlay-type":"","overlay-color":"","overlay-opacity":"","overlay-gradient":""}},"ast-content-background-meta":{"desktop":{"background-color":"var(--ast-global-color-5)","background-image":"","background-repeat":"repeat","background-position":"center center","background-size":"auto","background-attachment":"scroll","background-type":"","background-media":"","overlay-type":"","overlay-color":"","overlay-opacity":"","overlay-gradient":""},"tablet":{"background-color":"var(--ast-global-color-5)","background-image":"","background-repeat":"repeat","background-position":"center center","background-size":"auto","background-attachment":"scroll","background-type":"","background-media":"","overlay-type":"","overlay-color":"","overlay-opacity":"","overlay-gradient":""},"mobile":{"background-color":"var(--ast-global-color-5)","background-image":"","background-repeat":"repeat","background-position":"center center","background-size":"auto","background-attachment":"scroll","background-type":"","background-media":"","overlay-type":"","overlay-color":"","overlay-opacity":"","overlay-gradient":""}}},"product_brand":[],"product_cat":[1973,1974],"product_tag":[1977],"class_list":{"0":"post-21290","1":"product","2":"type-product","3":"status-publish","4":"has-post-thumbnail","6":"product_cat-bouncy-slotte","7":"product_cat-slides-da","8":"product_tag-med-rutsjebane","9":"product_shipping_class-spedition-hupfburg-da","10":"pa_gtin-0645117542434-da","11":"pa_height-310-m-350-m-da","12":"pa_height-of-the-slide-under-100-m-da","13":"pa_length-510-m-550-m-da","14":"pa_type-of-bouncy-castle-bouncy-castle-with-slide-da","15":"pa_width-510-m-550-m-da","16":"desktop-align-center","17":"tablet-align-center","18":"mobile-align-center","19":"ast-product-gallery-layout-horizontal","20":"ast-product-tabs-layout-horizontal","22":"first","23":"instock","24":"taxable","25":"shipping-taxable","26":"purchasable","27":"product-type-simple"},"acf":[],"yoast_head":"<!-- This site is optimized with the Yoast SEO plugin v27.3 - https:\/\/yoast.com\/product\/yoast-seo-wordpress\/ -->\n<title>K\u00f8b Hoppeborg Elefantland med rutsjebane nu<\/title>\n<meta name=\"description\" content=\"K\u00f8b Hoppeborg Elefantland med rutsjebane: T\u00dcV-certificeret, EN 14960-godkendt og hurtig levering. Til b\u00e5de private og erhvervskunder i Danmark.\" \/>\n<meta name=\"robots\" content=\"index, follow, max-snippet:-1, max-image-preview:large, max-video-preview:-1\" \/>\n<link rel=\"canonical\" href=\"https:\/\/dodo-inflatables.com\/da\/vare\/hoppeborg-elefantland-med-rutsjebane\/\" \/>\n<meta name=\"twitter:label1\" content=\"Estimeret l\u00e6setid\" \/>\n\t<meta name=\"twitter:data1\" content=\"3 minutter\" \/>\n<script type=\"application\/ld+json\" class=\"yoast-schema-graph\">{\"@context\":\"https:\\\/\\\/schema.org\",\"@graph\":[{\"@type\":\"WebPage\",\"@id\":\"https:\\\/\\\/dodo-inflatables.com\\\/da\\\/vare\\\/hoppeborg-elefantland-med-rutsjebane\\\/\",\"url\":\"https:\\\/\\\/dodo-inflatables.com\\\/da\\\/vare\\\/hoppeborg-elefantland-med-rutsjebane\\\/\",\"name\":\"K\u00f8b Hoppeborg Elefantland med rutsjebane nu\",\"isPartOf\":{\"@id\":\"https:\\\/\\\/dodo-inflatables.com\\\/da\\\/#website\"},\"primaryImageOfPage\":{\"@id\":\"https:\\\/\\\/dodo-inflatables.com\\\/da\\\/vare\\\/hoppeborg-elefantland-med-rutsjebane\\\/#primaryimage\"},\"image\":{\"@id\":\"https:\\\/\\\/dodo-inflatables.com\\\/da\\\/vare\\\/hoppeborg-elefantland-med-rutsjebane\\\/#primaryimage\"},\"thumbnailUrl\":\"https:\\\/\\\/dodo-inflatables.com\\\/wp-content\\\/uploads\\\/2023\\\/10\\\/Bouncy-Castle-Elephant-World-with-Slide7.jpg\",\"datePublished\":\"2023-10-16T13:14:56+00:00\",\"dateModified\":\"2026-02-05T10:04:31+00:00\",\"description\":\"K\u00f8b Hoppeborg Elefantland med rutsjebane: T\u00dcV-certificeret, EN 14960-godkendt og hurtig levering. Til b\u00e5de private og erhvervskunder i Danmark.\",\"breadcrumb\":{\"@id\":\"https:\\\/\\\/dodo-inflatables.com\\\/da\\\/vare\\\/hoppeborg-elefantland-med-rutsjebane\\\/#breadcrumb\"},\"inLanguage\":\"da-DK\",\"potentialAction\":[{\"@type\":\"ReadAction\",\"target\":[\"https:\\\/\\\/dodo-inflatables.com\\\/da\\\/vare\\\/hoppeborg-elefantland-med-rutsjebane\\\/\"]}]},{\"@type\":\"ImageObject\",\"inLanguage\":\"da-DK\",\"@id\":\"https:\\\/\\\/dodo-inflatables.com\\\/da\\\/vare\\\/hoppeborg-elefantland-med-rutsjebane\\\/#primaryimage\",\"url\":\"https:\\\/\\\/dodo-inflatables.com\\\/wp-content\\\/uploads\\\/2023\\\/10\\\/Bouncy-Castle-Elephant-World-with-Slide7.jpg\",\"contentUrl\":\"https:\\\/\\\/dodo-inflatables.com\\\/wp-content\\\/uploads\\\/2023\\\/10\\\/Bouncy-Castle-Elephant-World-with-Slide7.jpg\",\"width\":1000,\"height\":1000},{\"@type\":\"BreadcrumbList\",\"@id\":\"https:\\\/\\\/dodo-inflatables.com\\\/da\\\/vare\\\/hoppeborg-elefantland-med-rutsjebane\\\/#breadcrumb\",\"itemListElement\":[{\"@type\":\"ListItem\",\"position\":1,\"name\":\"Hjem\",\"item\":\"https:\\\/\\\/dodo-inflatables.com\\\/da\\\/\"},{\"@type\":\"ListItem\",\"position\":2,\"name\":\"Butik\",\"item\":\"https:\\\/\\\/dodo-inflatables.com\\\/da\\\/?page_id=16802\"},{\"@type\":\"ListItem\",\"position\":3,\"name\":\"Hoppeborg Elefantland med rutsjebane\"}]},{\"@type\":\"WebSite\",\"@id\":\"https:\\\/\\\/dodo-inflatables.com\\\/da\\\/#website\",\"url\":\"https:\\\/\\\/dodo-inflatables.com\\\/da\\\/\",\"name\":\"dodo-inflatables.com\",\"description\":\"K\u00f8b hoppeborge og attraktioner i vores butik.\",\"publisher\":{\"@id\":\"https:\\\/\\\/dodo-inflatables.com\\\/da\\\/#organization\"},\"potentialAction\":[{\"@type\":\"SearchAction\",\"target\":{\"@type\":\"EntryPoint\",\"urlTemplate\":\"https:\\\/\\\/dodo-inflatables.com\\\/da\\\/?s={search_term_string}\"},\"query-input\":{\"@type\":\"PropertyValueSpecification\",\"valueRequired\":true,\"valueName\":\"search_term_string\"}}],\"inLanguage\":\"da-DK\"},{\"@type\":\"Organization\",\"@id\":\"https:\\\/\\\/dodo-inflatables.com\\\/da\\\/#organization\",\"name\":\"dodo-inflatables.com\",\"url\":\"https:\\\/\\\/dodo-inflatables.com\\\/da\\\/\",\"logo\":{\"@type\":\"ImageObject\",\"inLanguage\":\"da-DK\",\"@id\":\"https:\\\/\\\/dodo-inflatables.com\\\/da\\\/#\\\/schema\\\/logo\\\/image\\\/\",\"url\":\"https:\\\/\\\/dodo-inflatables.com\\\/wp-content\\\/uploads\\\/2023\\\/04\\\/cropped-cropped-cropped-Dodo-Logo.png\",\"contentUrl\":\"https:\\\/\\\/dodo-inflatables.com\\\/wp-content\\\/uploads\\\/2023\\\/04\\\/cropped-cropped-cropped-Dodo-Logo.png\",\"width\":2996,\"height\":1545,\"caption\":\"dodo-inflatables.com\"},\"image\":{\"@id\":\"https:\\\/\\\/dodo-inflatables.com\\\/da\\\/#\\\/schema\\\/logo\\\/image\\\/\"}}]}<\/script>\n<!-- \/ Yoast SEO plugin. -->","yoast_head_json":{"title":"K\u00f8b Hoppeborg Elefantland med rutsjebane nu","description":"K\u00f8b Hoppeborg Elefantland med rutsjebane: T\u00dcV-certificeret, EN 14960-godkendt og hurtig levering. Til b\u00e5de private og erhvervskunder i Danmark.","robots":{"index":"index","follow":"follow","max-snippet":"max-snippet:-1","max-image-preview":"max-image-preview:large","max-video-preview":"max-video-preview:-1"},"canonical":"https:\/\/dodo-inflatables.com\/da\/vare\/hoppeborg-elefantland-med-rutsjebane\/","twitter_misc":{"Estimeret l\u00e6setid":"3 minutter"},"schema":{"@context":"https:\/\/schema.org","@graph":[{"@type":"WebPage","@id":"https:\/\/dodo-inflatables.com\/da\/vare\/hoppeborg-elefantland-med-rutsjebane\/","url":"https:\/\/dodo-inflatables.com\/da\/vare\/hoppeborg-elefantland-med-rutsjebane\/","name":"K\u00f8b Hoppeborg Elefantland med rutsjebane nu","isPartOf":{"@id":"https:\/\/dodo-inflatables.com\/da\/#website"},"primaryImageOfPage":{"@id":"https:\/\/dodo-inflatables.com\/da\/vare\/hoppeborg-elefantland-med-rutsjebane\/#primaryimage"},"image":{"@id":"https:\/\/dodo-inflatables.com\/da\/vare\/hoppeborg-elefantland-med-rutsjebane\/#primaryimage"},"thumbnailUrl":"https:\/\/dodo-inflatables.com\/wp-content\/uploads\/2023\/10\/Bouncy-Castle-Elephant-World-with-Slide7.jpg","datePublished":"2023-10-16T13:14:56+00:00","dateModified":"2026-02-05T10:04:31+00:00","description":"K\u00f8b Hoppeborg Elefantland med rutsjebane: T\u00dcV-certificeret, EN 14960-godkendt og hurtig levering. Til b\u00e5de private og erhvervskunder i Danmark.","breadcrumb":{"@id":"https:\/\/dodo-inflatables.com\/da\/vare\/hoppeborg-elefantland-med-rutsjebane\/#breadcrumb"},"inLanguage":"da-DK","potentialAction":[{"@type":"ReadAction","target":["https:\/\/dodo-inflatables.com\/da\/vare\/hoppeborg-elefantland-med-rutsjebane\/"]}]},{"@type":"ImageObject","inLanguage":"da-DK","@id":"https:\/\/dodo-inflatables.com\/da\/vare\/hoppeborg-elefantland-med-rutsjebane\/#primaryimage","url":"https:\/\/dodo-inflatables.com\/wp-content\/uploads\/2023\/10\/Bouncy-Castle-Elephant-World-with-Slide7.jpg","contentUrl":"https:\/\/dodo-inflatables.com\/wp-content\/uploads\/2023\/10\/Bouncy-Castle-Elephant-World-with-Slide7.jpg","width":1000,"height":1000},{"@type":"BreadcrumbList","@id":"https:\/\/dodo-inflatables.com\/da\/vare\/hoppeborg-elefantland-med-rutsjebane\/#breadcrumb","itemListElement":[{"@type":"ListItem","position":1,"name":"Hjem","item":"https:\/\/dodo-inflatables.com\/da\/"},{"@type":"ListItem","position":2,"name":"Butik","item":"https:\/\/dodo-inflatables.com\/da\/?page_id=16802"},{"@type":"ListItem","position":3,"name":"Hoppeborg Elefantland med rutsjebane"}]},{"@type":"WebSite","@id":"https:\/\/dodo-inflatables.com\/da\/#website","url":"https:\/\/dodo-inflatables.com\/da\/","name":"dodo-inflatables.com","description":"K\u00f8b hoppeborge og attraktioner i vores butik.","publisher":{"@id":"https:\/\/dodo-inflatables.com\/da\/#organization"},"potentialAction":[{"@type":"SearchAction","target":{"@type":"EntryPoint","urlTemplate":"https:\/\/dodo-inflatables.com\/da\/?s={search_term_string}"},"query-input":{"@type":"PropertyValueSpecification","valueRequired":true,"valueName":"search_term_string"}}],"inLanguage":"da-DK"},{"@type":"Organization","@id":"https:\/\/dodo-inflatables.com\/da\/#organization","name":"dodo-inflatables.com","url":"https:\/\/dodo-inflatables.com\/da\/","logo":{"@type":"ImageObject","inLanguage":"da-DK","@id":"https:\/\/dodo-inflatables.com\/da\/#\/schema\/logo\/image\/","url":"https:\/\/dodo-inflatables.com\/wp-content\/uploads\/2023\/04\/cropped-cropped-cropped-Dodo-Logo.png","contentUrl":"https:\/\/dodo-inflatables.com\/wp-content\/uploads\/2023\/04\/cropped-cropped-cropped-Dodo-Logo.png","width":2996,"height":1545,"caption":"dodo-inflatables.com"},"image":{"@id":"https:\/\/dodo-inflatables.com\/da\/#\/schema\/logo\/image\/"}}]}},"uagb_featured_image_src":{"full":["https:\/\/dodo-inflatables.com\/wp-content\/uploads\/2023\/10\/Bouncy-Castle-Elephant-World-with-Slide7.jpg",1000,1000,false],"thumbnail":["https:\/\/dodo-inflatables.com\/wp-content\/uploads\/2023\/10\/Bouncy-Castle-Elephant-World-with-Slide7-150x150.jpg",150,150,true],"medium":["https:\/\/dodo-inflatables.com\/wp-content\/uploads\/2023\/10\/Bouncy-Castle-Elephant-World-with-Slide7-300x300.jpg",300,300,true],"medium_large":["https:\/\/dodo-inflatables.com\/wp-content\/uploads\/2023\/10\/Bouncy-Castle-Elephant-World-with-Slide7-768x768.jpg",768,768,true],"large":["https:\/\/dodo-inflatables.com\/wp-content\/uploads\/2023\/10\/Bouncy-Castle-Elephant-World-with-Slide7.jpg",1000,1000,false],"1536x1536":["https:\/\/dodo-inflatables.com\/wp-content\/uploads\/2023\/10\/Bouncy-Castle-Elephant-World-with-Slide7.jpg",1000,1000,false],"2048x2048":["https:\/\/dodo-inflatables.com\/wp-content\/uploads\/2023\/10\/Bouncy-Castle-Elephant-World-with-Slide7.jpg",1000,1000,false],"woocommerce_thumbnail":["https:\/\/dodo-inflatables.com\/wp-content\/uploads\/2023\/10\/Bouncy-Castle-Elephant-World-with-Slide7-900x900.jpg",900,900,true],"woocommerce_single":["https:\/\/dodo-inflatables.com\/wp-content\/uploads\/2023\/10\/Bouncy-Castle-Elephant-World-with-Slide7-900x900.jpg",900,900,true],"woocommerce_gallery_thumbnail":["https:\/\/dodo-inflatables.com\/wp-content\/uploads\/2023\/10\/Bouncy-Castle-Elephant-World-with-Slide7-100x100.jpg",100,100,true]},"uagb_author_info":{"display_name":"Andreas","author_link":"https:\/\/dodo-inflatables.com\/da\/author\/"},"uagb_comment_info":0,"uagb_excerpt":"[gzd_product_delivery_time] Ved bestilling og modtaget betaling inden kl. 11:00 afsendes varen samme dag! \u00a0\u00a0Leveringstid ca. 2 \u2013 8 hverdage (Forsendelse fra Tyskland) \u00a0\u00a0\u00a0M\u00e5l: 5,50 m x 5,50 m x 3,40 m * (L \u00d7 B \u00d7 H) \u00a0\u00a0Egnet til ca. 12 b\u00f8rn (afh\u00e6ngigt af alder og st\u00f8rrelse) \u00a0\u00a0\u00a0Certificeret i henhold til DIN EN 14960 \u00a0\u00a0\u00a0Vejledning&hellip;","_links":{"self":[{"href":"https:\/\/dodo-inflatables.com\/da\/wp-json\/wp\/v2\/product\/21290","targetHints":{"allow":["GET"]}}],"collection":[{"href":"https:\/\/dodo-inflatables.com\/da\/wp-json\/wp\/v2\/product"}],"about":[{"href":"https:\/\/dodo-inflatables.com\/da\/wp-json\/wp\/v2\/types\/product"}],"replies":[{"embeddable":true,"href":"https:\/\/dodo-inflatables.com\/da\/wp-json\/wp\/v2\/comments?post=21290"}],"wp:featuredmedia":[{"embeddable":true,"href":"https:\/\/dodo-inflatables.com\/da\/wp-json\/wp\/v2\/media\/69621"}],"wp:attachment":[{"href":"https:\/\/dodo-inflatables.com\/da\/wp-json\/wp\/v2\/media?parent=21290"}],"wp:term":[{"taxonomy":"product_brand","embeddable":true,"href":"https:\/\/dodo-inflatables.com\/da\/wp-json\/wp\/v2\/product_brand?post=21290"},{"taxonomy":"product_cat","embeddable":true,"href":"https:\/\/dodo-inflatables.com\/da\/wp-json\/wp\/v2\/product_cat?post=21290"},{"taxonomy":"product_tag","embeddable":true,"href":"https:\/\/dodo-inflatables.com\/da\/wp-json\/wp\/v2\/product_tag?post=21290"}],"curies":[{"name":"wp","href":"https:\/\/api.w.org\/{rel}","templated":true}]}}