{"id":78338,"date":"2025-05-06T20:01:51","date_gmt":"2025-05-06T18:01:51","guid":{"rendered":"https:\/\/dodo-inflatables.com\/?post_type=product&#038;p=78338"},"modified":"2025-08-22T17:56:01","modified_gmt":"2025-08-22T15:56:01","slug":"hoppeborg-fodboldhelt","status":"publish","type":"product","link":"https:\/\/dodo-inflatables.com\/da\/vare\/hoppeborg-fodboldhelt\/","title":{"rendered":"Hoppeborg Fodboldhelt"},"content":{"rendered":"<h2>K\u00f8b Hoppeborg Fodboldhelt<\/h2>\n<p>Klar til at l\u00f8be og hoppe? Vores Hoppeborg \u201cFodboldhelt\u201d er et must for sm\u00e5 fodboldfans og kommende sportsstjerner. Med sit detaljerede stadiondesign og den flyvende m\u00e5lmand giver hoppeborgen masser af plads til at boltre sig. Taget beskytter b\u00f8rnene mod regn, og sikkerhedsnettet bagp\u00e5 sikrer ekstra tryghed.<\/p>\n<p>Hoppeborg Fodboldhelt leveres i en passende transporttaske og kan nemt opstilles p\u00e5 cirka 10 minutter. F\u00f8lgende er inkluderet: hoppeborgen, en transporttaske og et reparationss\u00e6t. Bem\u00e6rk venligst, at <a href=\"https:\/\/dodo-inflatables.com\/da\/vare\/huawei-blaeser-reh-1-5e-15ps\/\">bl\u00e6seren<\/a> og <a href=\"https:\/\/dodo-inflatables.com\/da\/vare\/jordplade-5-x-6-meter\/\">underlaget<\/a> ikke er inkluderet; disse findes i vores <a href=\"https:\/\/dodo-inflatables.com\/da\/vare-kategori\/tilbehor\/\">tilbeh\u00f8rskategori<\/a>. Begge tilbudte bl\u00e6sere (<a href=\"https:\/\/dodo-inflatables.com\/da\/vare\/huawei-blaeser-reh-1-5e-15ps\/\">Huawei<\/a> og <a href=\"https:\/\/dodo-inflatables.com\/da\/vare\/gibbons-blaeser-fp5005-15-hk\/\">Gibbons<\/a>) er velegnede til hoppeborgen.<\/p>\n<p>Fremstillet af robust PVC-dug (0,55 mm \/ 621,3 g\/m\u00b2) og certificeret i henhold til DIN EN 14960, er Hoppeborg Fodboldhelt et kvalitetsprodukt, der opfylder de h\u00f8jeste sikkerhedsstandarder.<\/p>\n<p>Brug venligst hoppeborgen udelukkende p\u00e5 passende underlag for at beskytte den mod skarpe genstande p\u00e5 jorden og slid. Vi anbefaler at opstille hoppeborgen p\u00e5 en gr\u00e6spl\u00e6ne og fastg\u00f8re den med vores <a href=\"https:\/\/dodo-inflatables.com\/da\/vare\/jordspyd-til-fastgoerelse-af-gummibaad\/\">jordspyd<\/a> for at sikre maksimal sikkerhed. Efter hver brug b\u00f8r hoppeborgen t\u00f8rres og pakkes korrekt for at beskytte den mod ydre p\u00e5virkninger og transportskader.<\/p>\n<p>\u26a0\ufe0f For at betjene hoppeborgen kr\u00e6ves kun <strong>\u00e9n bl\u00e6ser<\/strong>. Den anden luftslange er blot et alternativ \u2013 for eksempel hvis der er pladsmangel p\u00e5 stedet og en anden tilslutning er mere praktisk \u2013 eller kan bruges under nedtagning for at lade luften hurtigere ud.<\/p>\n<div class=\"product-description\">\n<p><!-- Gul info-boks --><\/p>\n<div class=\"yellow-box\">\n<h2>Detaljer om Hoppeborg Fodboldhelt<\/h2>\n<div class=\"info-container\">\n<p><!-- F\u00f8rste r\u00e6kke --><\/p>\n<div class=\"info-group\">\n<div class=\"info-column\">\n<h3>Dimensioner &#038; Brugere<\/h3>\n<ul>\n<li><strong>Dimensioner<\/strong>: 4,60 m x 4,00 m x 4,30 m *  (L x B x H)<\/li>\n<li><strong>Springflade<\/strong>:  (L x B)<\/li>\n<li><strong>H\u00f8jde p\u00e5 rutsjebane<\/strong>: &#8211;<\/li>\n<li>Velegnet til ca. <strong>10 b\u00f8rn<\/strong> (afh\u00e6ngig af alder &#038; st\u00f8rrelse)<\/li>\n<li><strong>Maksimal h\u00f8jde<\/strong> for brugere: 1,50 m<\/li>\n<\/ul>\n<\/div>\n<div class=\"info-column\">\n<h3>Ops\u00e6tning og nedtagning<\/h3>\n<ul>\n<li><strong>Pakningsm\u00e5l<\/strong>: H\u00f8jde 120 cm, Diameter 90 cm<\/li>\n<li><strong>V\u00e6gt<\/strong>: ca. 90 kg<\/li>\n<li><strong>Ops\u00e6tningstid<\/strong>: 10 \u2013 20 minutter<\/li>\n<li><strong>P\u00e5kr\u00e6vet bl\u00e6ser<\/strong>: <span style=\"color: #ffffff\"><a style=\"color: #ffffff\" href=\"https:\/\/dodo-inflatables.com\/da\/vare\/huawei-blaeser-reh-1-5e-15ps\/\">1 x Huawei REH-1.5E \u2013 1,5 PS<\/a> eller <a style=\"color: #ffffff\" href=\"https:\/\/dodo-inflatables.com\/da\/vare\/gibbons-blaeser-fp5005-15-hk\/\">1 x Gibbons Bl\u00e6ser FP5005 \u2013 1.5PS<\/a><\/span><\/li>\n<li><strong>P\u00e5kr\u00e6vet plads<\/strong>: 9,90 x 7,60 m (L x B) (i henhold til DIN EN14960) <span class=\"tooltip\"><em><span style=\"color: #ffffff\">Hvad betyder det?<\/span><\/em><span class=\"tooltiptext\"> If\u00f8lge DIN-standarden skal der v\u00e6re 1,80 m plads omkring hoppeborgen og 3,50 m foran den \u00e5bne side. Dette tjener sikkerheden, implementeringen er efter eget sk\u00f8n.<\/span><\/span><\/li>\n<\/ul>\n<\/div>\n<div class=\"info-column\">\n<h3>Egenskaber<\/h3>\n<ul>\n<li><strong>Godkendelsescertifikat<\/strong> i henhold til EN 14960<\/li>\n<li>Materiale: PVC (0,55 mm \/ 621,3 g\/m\u00b2)<\/li>\n<li>2 \u2013 4 gange syet<\/li>\n<li>Svagt brandbart<\/li>\n<li>Springflade med beskyttelsesstrimler, lynl\u00e5s med velcrolukning, forst\u00e6rkede hj\u00f8rner<\/li>\n<\/ul>\n<\/div>\n<\/div>\n<p><!-- Anden r\u00e6kke --><\/p>\n<div class=\"info-group\">\n<div class=\"info-column\">\n<h3>Inkluderet<\/h3>\n<ul class=\"check-list\">\n<li>Omfattende vejledning med sikkerhedsanvisninger, ops\u00e6tnings- og nedtagningsinstruktioner samt tips til udlejning<\/li>\n<li>Passende transporttaske<\/li>\n<li>Reparationss\u00e6t<\/li>\n<\/ul>\n<\/div>\n<div class=\"info-column\">\n<h3>Ikke inkluderet<\/h3>\n<ul class=\"cross-list\">\n<li><span style=\"color: #ffffff\"><a style=\"color: #ffffff\" href=\"https:\/\/dodo-inflatables.com\/da\/vare\/huawei-blaeser-reh-1-5e-15ps\/\">Bl\u00e6ser<\/a><\/span><\/li>\n<li><span style=\"color: #ffffff\"><a style=\"color: #ffffff\" href=\"https:\/\/dodo-inflatables.com\/da\/vare\/jordplade-5-x-6-meter\/\">Underlag<\/a><\/span><\/li>\n<li><span style=\"color: #ffffff\"><a style=\"color: #ffffff\" href=\"https:\/\/dodo-inflatables.com\/da\/vare\/jordspyd-til-fastgoerelse-af-gummibaad\/\">Pl\u00f8kker<\/a><\/span><\/li>\n<li><span style=\"color: #ffffff\"><a style=\"color: #ffffff\" href=\"https:\/\/dodo-inflatables.com\/da\/vare\/faldsikringsmaatter-240-x-120-x-5-cm\/\">Faldbeskyttelsesm\u00e5tter<\/a><\/span><\/li>\n<li>Andet tilbeh\u00f8r<\/li>\n<\/ul>\n<\/div>\n<div class=\"info-column\"><\/div>\n<\/div>\n<\/div>\n<\/div>\n<\/div>\n<h3>Vigtige oplysninger om drift<\/h3>\n<p>Hoppeborg Fodboldhelt er et professionelt modul, som er fremstillet og testet efter de strenge retningslinjer i DIN EN 14960-standarden. Det betyder, at den er sikker og p\u00e5lidelig og derfor perfekt egnet til professionel udlejning. V\u00e6r opm\u00e6rksom p\u00e5, at kun b\u00f8rn m\u00e5 benytte hoppeborgen \u2013 ikke voksne!<\/p>\n<p>Bem\u00e6rk, at bl\u00e6seren (ikke inkluderet) skal k\u00f8re konstant under brug, og at en vis luftl\u00e6kage gennem s\u00f8mme og \u00e5bninger er n\u00f8dvendig for at undg\u00e5 overtryk i hoppeborgen.<\/p>\n<p>Bestil Hoppeborg Fodboldhelt nu og oplev uforglemmelige \u00f8jeblikke fulde af sjov og eventyr!<\/p>\n<p><em>Denne model er beskyttet af et registreret design i hele EU.<\/em><\/p>\n<div class=\"green-box\">\n<p><img decoding=\"async\" src=\"https:\/\/dodo-inflatables.com\/wp-content\/uploads\/2025\/04\/DK-1.png\" alt=\"Leitfaden\" \/><\/p>\n<div class=\"text-container\">\n<h3>Efter k\u00f8bet modtager du en 23-siders vejledning med f\u00f8lgende indhold:<\/h3>\n<ul>\n<li>Sikkerhedsanvisninger til ops\u00e6tning, nedtagning og brug af hoppeborgen<\/li>\n<li>DIN EN 14960-certifikat og individuel serienummer<\/li>\n<li>Detaljeret vejledning til ops\u00e6tning og nedtagning<\/li>\n<li>Information om inspektion og vedligeholdelse<\/li>\n<li>Anbefalede retningslinjer for udlejning<\/li>\n<\/ul>\n<\/div>\n<\/div>\n","protected":false},"excerpt":{"rendered":"<h4>[gzd_product_delivery_time]<\/h4>\n<div class=\"delivery-info\">\n<p>Ved bestilling og modtaget betaling <b>inden kl. 11:00<\/b><br \/>\nafsendes varen samme dag!<\/p>\n<p><i class=\"fas fa-shipping-fast\"><\/i> &nbsp;&nbsp;Leveringstid ca. 2 \u2013 8 hverdage (Forsendelse fra Tyskland)<br \/>\n<i class=\"fas fa-expand-arrows-alt\"><\/i> &nbsp;&nbsp;&nbsp;M\u00e5l: 4,60 m x 4,00 m x 4,30 m * (L \u00d7 B \u00d7 H)<br \/>\n<i class=\"fas fa-users\"><\/i> &nbsp;&nbsp;Egnet til ca. 10 b\u00f8rn (afh\u00e6ngigt af alder og st\u00f8rrelse)<br \/>\n<i class=\"fas fa-award\"><\/i> &nbsp;&nbsp;&nbsp;Certificeret i henhold til DIN EN 14960<br \/>\n<i class=\"fas fa-book\"><\/i> &nbsp;&nbsp;&nbsp;Vejledning med certifikat og serienummer<\/p>\n<\/div>\n","protected":false},"featured_media":84133,"comment_status":"open","ping_status":"closed","template":"","meta":{"_acf_changed":false,"_uag_custom_page_level_css":"","site-sidebar-layout":"default","site-content-layout":"boxed-container","ast-site-content-layout":"normal-width-container","site-content-style":"boxed","site-sidebar-style":"boxed","ast-global-header-display":"","ast-banner-title-visibility":"","ast-main-header-display":"","ast-hfb-above-header-display":"","ast-hfb-below-header-display":"","ast-hfb-mobile-header-display":"","site-post-title":"disabled","ast-breadcrumbs-content":"","ast-featured-img":"","footer-sml-layout":"","ast-disable-related-posts":"","theme-transparent-header-meta":"default","adv-header-id-meta":"","stick-header-meta":"default","header-above-stick-meta":"","header-main-stick-meta":"","header-below-stick-meta":"","astra-migrate-meta-layouts":"set","ast-page-background-enabled":"default","ast-page-background-meta":{"desktop":{"background-color":"var(--ast-global-color-4)","background-image":"","background-repeat":"repeat","background-position":"center center","background-size":"auto","background-attachment":"scroll","background-type":"","background-media":"","overlay-type":"","overlay-color":"","overlay-opacity":"","overlay-gradient":""},"tablet":{"background-color":"","background-image":"","background-repeat":"repeat","background-position":"center center","background-size":"auto","background-attachment":"scroll","background-type":"","background-media":"","overlay-type":"","overlay-color":"","overlay-opacity":"","overlay-gradient":""},"mobile":{"background-color":"","background-image":"","background-repeat":"repeat","background-position":"center center","background-size":"auto","background-attachment":"scroll","background-type":"","background-media":"","overlay-type":"","overlay-color":"","overlay-opacity":"","overlay-gradient":""}},"ast-content-background-meta":{"desktop":{"background-color":"var(--ast-global-color-5)","background-image":"","background-repeat":"repeat","background-position":"center center","background-size":"auto","background-attachment":"scroll","background-type":"","background-media":"","overlay-type":"","overlay-color":"","overlay-opacity":"","overlay-gradient":""},"tablet":{"background-color":"var(--ast-global-color-5)","background-image":"","background-repeat":"repeat","background-position":"center center","background-size":"auto","background-attachment":"scroll","background-type":"","background-media":"","overlay-type":"","overlay-color":"","overlay-opacity":"","overlay-gradient":""},"mobile":{"background-color":"var(--ast-global-color-5)","background-image":"","background-repeat":"repeat","background-position":"center center","background-size":"auto","background-attachment":"scroll","background-type":"","background-media":"","overlay-type":"","overlay-color":"","overlay-opacity":"","overlay-gradient":""}}},"product_brand":[],"product_cat":[1973],"product_tag":[1997],"class_list":{"0":"post-78338","1":"product","2":"type-product","3":"status-publish","4":"has-post-thumbnail","6":"product_cat-bouncy-slotte","7":"product_tag-uden-rutsjebane","8":"product_shipping_class-spedition-hupfburg-da","9":"pa_gtin-5235","10":"pa_height-410-m-450-m-da","11":"pa_length-460-m-500-m-da","12":"pa_type-of-bouncy-castle-bouncy-castle-without-slide-da","13":"pa_width-360-m-400-m-da-2","14":"desktop-align-center","15":"tablet-align-center","16":"mobile-align-center","17":"ast-product-gallery-layout-horizontal","18":"ast-product-tabs-layout-horizontal","20":"first","21":"instock","22":"taxable","23":"shipping-taxable","24":"purchasable","25":"product-type-simple"},"acf":[],"yoast_head":"<!-- This site is optimized with the Yoast SEO plugin v27.3 - https:\/\/yoast.com\/product\/yoast-seo-wordpress\/ -->\n<title>K\u00f8b nu Hoppeborg Fodboldhelt med T\u00dcV-godkendelse<\/title>\n<meta name=\"description\" content=\"K\u00f8b Hoppeborg Fodboldhelttil privat og professionel brug i Danmark. T\u00dcV-testet, certificeret i henhold til DIN EN 14960 og leveret hurtigt.\" \/>\n<meta name=\"robots\" content=\"index, follow, max-snippet:-1, max-image-preview:large, max-video-preview:-1\" \/>\n<link rel=\"canonical\" href=\"https:\/\/dodo-inflatables.com\/da\/vare\/hoppeborg-fodboldhelt\/\" \/>\n<meta name=\"twitter:label1\" content=\"Estimeret l\u00e6setid\" \/>\n\t<meta name=\"twitter:data1\" content=\"3 minutter\" \/>\n<script type=\"application\/ld+json\" class=\"yoast-schema-graph\">{\"@context\":\"https:\\\/\\\/schema.org\",\"@graph\":[{\"@type\":\"WebPage\",\"@id\":\"https:\\\/\\\/dodo-inflatables.com\\\/da\\\/vare\\\/hoppeborg-fodboldhelt\\\/\",\"url\":\"https:\\\/\\\/dodo-inflatables.com\\\/da\\\/vare\\\/hoppeborg-fodboldhelt\\\/\",\"name\":\"K\u00f8b nu Hoppeborg Fodboldhelt med T\u00dcV-godkendelse\",\"isPartOf\":{\"@id\":\"https:\\\/\\\/dodo-inflatables.com\\\/da\\\/#website\"},\"primaryImageOfPage\":{\"@id\":\"https:\\\/\\\/dodo-inflatables.com\\\/da\\\/vare\\\/hoppeborg-fodboldhelt\\\/#primaryimage\"},\"image\":{\"@id\":\"https:\\\/\\\/dodo-inflatables.com\\\/da\\\/vare\\\/hoppeborg-fodboldhelt\\\/#primaryimage\"},\"thumbnailUrl\":\"https:\\\/\\\/dodo-inflatables.com\\\/wp-content\\\/uploads\\\/2025\\\/05\\\/Bouncy-Castle-Soccer-Hero13.jpg\",\"datePublished\":\"2025-05-06T18:01:51+00:00\",\"dateModified\":\"2025-08-22T15:56:01+00:00\",\"description\":\"K\u00f8b Hoppeborg Fodboldhelttil privat og professionel brug i Danmark. T\u00dcV-testet, certificeret i henhold til DIN EN 14960 og leveret hurtigt.\",\"breadcrumb\":{\"@id\":\"https:\\\/\\\/dodo-inflatables.com\\\/da\\\/vare\\\/hoppeborg-fodboldhelt\\\/#breadcrumb\"},\"inLanguage\":\"da-DK\",\"potentialAction\":[{\"@type\":\"ReadAction\",\"target\":[\"https:\\\/\\\/dodo-inflatables.com\\\/da\\\/vare\\\/hoppeborg-fodboldhelt\\\/\"]}]},{\"@type\":\"ImageObject\",\"inLanguage\":\"da-DK\",\"@id\":\"https:\\\/\\\/dodo-inflatables.com\\\/da\\\/vare\\\/hoppeborg-fodboldhelt\\\/#primaryimage\",\"url\":\"https:\\\/\\\/dodo-inflatables.com\\\/wp-content\\\/uploads\\\/2025\\\/05\\\/Bouncy-Castle-Soccer-Hero13.jpg\",\"contentUrl\":\"https:\\\/\\\/dodo-inflatables.com\\\/wp-content\\\/uploads\\\/2025\\\/05\\\/Bouncy-Castle-Soccer-Hero13.jpg\",\"width\":1000,\"height\":1000},{\"@type\":\"BreadcrumbList\",\"@id\":\"https:\\\/\\\/dodo-inflatables.com\\\/da\\\/vare\\\/hoppeborg-fodboldhelt\\\/#breadcrumb\",\"itemListElement\":[{\"@type\":\"ListItem\",\"position\":1,\"name\":\"Hjem\",\"item\":\"https:\\\/\\\/dodo-inflatables.com\\\/da\\\/\"},{\"@type\":\"ListItem\",\"position\":2,\"name\":\"Butik\",\"item\":\"https:\\\/\\\/dodo-inflatables.com\\\/da\\\/?page_id=16802\"},{\"@type\":\"ListItem\",\"position\":3,\"name\":\"Hoppeborg Fodboldhelt\"}]},{\"@type\":\"WebSite\",\"@id\":\"https:\\\/\\\/dodo-inflatables.com\\\/da\\\/#website\",\"url\":\"https:\\\/\\\/dodo-inflatables.com\\\/da\\\/\",\"name\":\"dodo-inflatables.com\",\"description\":\"K\u00f8b hoppeborge og attraktioner i vores butik.\",\"publisher\":{\"@id\":\"https:\\\/\\\/dodo-inflatables.com\\\/da\\\/#organization\"},\"potentialAction\":[{\"@type\":\"SearchAction\",\"target\":{\"@type\":\"EntryPoint\",\"urlTemplate\":\"https:\\\/\\\/dodo-inflatables.com\\\/da\\\/?s={search_term_string}\"},\"query-input\":{\"@type\":\"PropertyValueSpecification\",\"valueRequired\":true,\"valueName\":\"search_term_string\"}}],\"inLanguage\":\"da-DK\"},{\"@type\":\"Organization\",\"@id\":\"https:\\\/\\\/dodo-inflatables.com\\\/da\\\/#organization\",\"name\":\"dodo-inflatables.com\",\"url\":\"https:\\\/\\\/dodo-inflatables.com\\\/da\\\/\",\"logo\":{\"@type\":\"ImageObject\",\"inLanguage\":\"da-DK\",\"@id\":\"https:\\\/\\\/dodo-inflatables.com\\\/da\\\/#\\\/schema\\\/logo\\\/image\\\/\",\"url\":\"https:\\\/\\\/dodo-inflatables.com\\\/wp-content\\\/uploads\\\/2023\\\/04\\\/cropped-cropped-cropped-Dodo-Logo.png\",\"contentUrl\":\"https:\\\/\\\/dodo-inflatables.com\\\/wp-content\\\/uploads\\\/2023\\\/04\\\/cropped-cropped-cropped-Dodo-Logo.png\",\"width\":2996,\"height\":1545,\"caption\":\"dodo-inflatables.com\"},\"image\":{\"@id\":\"https:\\\/\\\/dodo-inflatables.com\\\/da\\\/#\\\/schema\\\/logo\\\/image\\\/\"}}]}<\/script>\n<!-- \/ Yoast SEO plugin. -->","yoast_head_json":{"title":"K\u00f8b nu Hoppeborg Fodboldhelt med T\u00dcV-godkendelse","description":"K\u00f8b Hoppeborg Fodboldhelttil privat og professionel brug i Danmark. T\u00dcV-testet, certificeret i henhold til DIN EN 14960 og leveret hurtigt.","robots":{"index":"index","follow":"follow","max-snippet":"max-snippet:-1","max-image-preview":"max-image-preview:large","max-video-preview":"max-video-preview:-1"},"canonical":"https:\/\/dodo-inflatables.com\/da\/vare\/hoppeborg-fodboldhelt\/","twitter_misc":{"Estimeret l\u00e6setid":"3 minutter"},"schema":{"@context":"https:\/\/schema.org","@graph":[{"@type":"WebPage","@id":"https:\/\/dodo-inflatables.com\/da\/vare\/hoppeborg-fodboldhelt\/","url":"https:\/\/dodo-inflatables.com\/da\/vare\/hoppeborg-fodboldhelt\/","name":"K\u00f8b nu Hoppeborg Fodboldhelt med T\u00dcV-godkendelse","isPartOf":{"@id":"https:\/\/dodo-inflatables.com\/da\/#website"},"primaryImageOfPage":{"@id":"https:\/\/dodo-inflatables.com\/da\/vare\/hoppeborg-fodboldhelt\/#primaryimage"},"image":{"@id":"https:\/\/dodo-inflatables.com\/da\/vare\/hoppeborg-fodboldhelt\/#primaryimage"},"thumbnailUrl":"https:\/\/dodo-inflatables.com\/wp-content\/uploads\/2025\/05\/Bouncy-Castle-Soccer-Hero13.jpg","datePublished":"2025-05-06T18:01:51+00:00","dateModified":"2025-08-22T15:56:01+00:00","description":"K\u00f8b Hoppeborg Fodboldhelttil privat og professionel brug i Danmark. T\u00dcV-testet, certificeret i henhold til DIN EN 14960 og leveret hurtigt.","breadcrumb":{"@id":"https:\/\/dodo-inflatables.com\/da\/vare\/hoppeborg-fodboldhelt\/#breadcrumb"},"inLanguage":"da-DK","potentialAction":[{"@type":"ReadAction","target":["https:\/\/dodo-inflatables.com\/da\/vare\/hoppeborg-fodboldhelt\/"]}]},{"@type":"ImageObject","inLanguage":"da-DK","@id":"https:\/\/dodo-inflatables.com\/da\/vare\/hoppeborg-fodboldhelt\/#primaryimage","url":"https:\/\/dodo-inflatables.com\/wp-content\/uploads\/2025\/05\/Bouncy-Castle-Soccer-Hero13.jpg","contentUrl":"https:\/\/dodo-inflatables.com\/wp-content\/uploads\/2025\/05\/Bouncy-Castle-Soccer-Hero13.jpg","width":1000,"height":1000},{"@type":"BreadcrumbList","@id":"https:\/\/dodo-inflatables.com\/da\/vare\/hoppeborg-fodboldhelt\/#breadcrumb","itemListElement":[{"@type":"ListItem","position":1,"name":"Hjem","item":"https:\/\/dodo-inflatables.com\/da\/"},{"@type":"ListItem","position":2,"name":"Butik","item":"https:\/\/dodo-inflatables.com\/da\/?page_id=16802"},{"@type":"ListItem","position":3,"name":"Hoppeborg Fodboldhelt"}]},{"@type":"WebSite","@id":"https:\/\/dodo-inflatables.com\/da\/#website","url":"https:\/\/dodo-inflatables.com\/da\/","name":"dodo-inflatables.com","description":"K\u00f8b hoppeborge og attraktioner i vores butik.","publisher":{"@id":"https:\/\/dodo-inflatables.com\/da\/#organization"},"potentialAction":[{"@type":"SearchAction","target":{"@type":"EntryPoint","urlTemplate":"https:\/\/dodo-inflatables.com\/da\/?s={search_term_string}"},"query-input":{"@type":"PropertyValueSpecification","valueRequired":true,"valueName":"search_term_string"}}],"inLanguage":"da-DK"},{"@type":"Organization","@id":"https:\/\/dodo-inflatables.com\/da\/#organization","name":"dodo-inflatables.com","url":"https:\/\/dodo-inflatables.com\/da\/","logo":{"@type":"ImageObject","inLanguage":"da-DK","@id":"https:\/\/dodo-inflatables.com\/da\/#\/schema\/logo\/image\/","url":"https:\/\/dodo-inflatables.com\/wp-content\/uploads\/2023\/04\/cropped-cropped-cropped-Dodo-Logo.png","contentUrl":"https:\/\/dodo-inflatables.com\/wp-content\/uploads\/2023\/04\/cropped-cropped-cropped-Dodo-Logo.png","width":2996,"height":1545,"caption":"dodo-inflatables.com"},"image":{"@id":"https:\/\/dodo-inflatables.com\/da\/#\/schema\/logo\/image\/"}}]}},"uagb_featured_image_src":{"full":["https:\/\/dodo-inflatables.com\/wp-content\/uploads\/2025\/05\/Bouncy-Castle-Soccer-Hero13.jpg",1000,1000,false],"thumbnail":["https:\/\/dodo-inflatables.com\/wp-content\/uploads\/2025\/05\/Bouncy-Castle-Soccer-Hero13-150x150.jpg",150,150,true],"medium":["https:\/\/dodo-inflatables.com\/wp-content\/uploads\/2025\/05\/Bouncy-Castle-Soccer-Hero13-300x300.jpg",300,300,true],"medium_large":["https:\/\/dodo-inflatables.com\/wp-content\/uploads\/2025\/05\/Bouncy-Castle-Soccer-Hero13-768x768.jpg",768,768,true],"large":["https:\/\/dodo-inflatables.com\/wp-content\/uploads\/2025\/05\/Bouncy-Castle-Soccer-Hero13.jpg",1000,1000,false],"1536x1536":["https:\/\/dodo-inflatables.com\/wp-content\/uploads\/2025\/05\/Bouncy-Castle-Soccer-Hero13.jpg",1000,1000,false],"2048x2048":["https:\/\/dodo-inflatables.com\/wp-content\/uploads\/2025\/05\/Bouncy-Castle-Soccer-Hero13.jpg",1000,1000,false],"woocommerce_thumbnail":["https:\/\/dodo-inflatables.com\/wp-content\/uploads\/2025\/05\/Bouncy-Castle-Soccer-Hero13-900x900.jpg",900,900,true],"woocommerce_single":["https:\/\/dodo-inflatables.com\/wp-content\/uploads\/2025\/05\/Bouncy-Castle-Soccer-Hero13-900x900.jpg",900,900,true],"woocommerce_gallery_thumbnail":["https:\/\/dodo-inflatables.com\/wp-content\/uploads\/2025\/05\/Bouncy-Castle-Soccer-Hero13-100x100.jpg",100,100,true]},"uagb_author_info":{"display_name":"Andreas","author_link":"https:\/\/dodo-inflatables.com\/da\/author\/"},"uagb_comment_info":0,"uagb_excerpt":"[gzd_product_delivery_time] Ved bestilling og modtaget betaling inden kl. 11:00 afsendes varen samme dag! &nbsp;&nbsp;Leveringstid ca. 2 \u2013 8 hverdage (Forsendelse fra Tyskland) &nbsp;&nbsp;&nbsp;M\u00e5l: 4,60 m x 4,00 m x 4,30 m * (L \u00d7 B \u00d7 H) &nbsp;&nbsp;Egnet til ca. 10 b\u00f8rn (afh\u00e6ngigt af alder og st\u00f8rrelse) &nbsp;&nbsp;&nbsp;Certificeret i henhold til DIN EN 14960 &nbsp;&nbsp;&nbsp;Vejledning&hellip;","_links":{"self":[{"href":"https:\/\/dodo-inflatables.com\/da\/wp-json\/wp\/v2\/product\/78338","targetHints":{"allow":["GET"]}}],"collection":[{"href":"https:\/\/dodo-inflatables.com\/da\/wp-json\/wp\/v2\/product"}],"about":[{"href":"https:\/\/dodo-inflatables.com\/da\/wp-json\/wp\/v2\/types\/product"}],"replies":[{"embeddable":true,"href":"https:\/\/dodo-inflatables.com\/da\/wp-json\/wp\/v2\/comments?post=78338"}],"wp:featuredmedia":[{"embeddable":true,"href":"https:\/\/dodo-inflatables.com\/da\/wp-json\/wp\/v2\/media\/84133"}],"wp:attachment":[{"href":"https:\/\/dodo-inflatables.com\/da\/wp-json\/wp\/v2\/media?parent=78338"}],"wp:term":[{"taxonomy":"product_brand","embeddable":true,"href":"https:\/\/dodo-inflatables.com\/da\/wp-json\/wp\/v2\/product_brand?post=78338"},{"taxonomy":"product_cat","embeddable":true,"href":"https:\/\/dodo-inflatables.com\/da\/wp-json\/wp\/v2\/product_cat?post=78338"},{"taxonomy":"product_tag","embeddable":true,"href":"https:\/\/dodo-inflatables.com\/da\/wp-json\/wp\/v2\/product_tag?post=78338"}],"curies":[{"name":"wp","href":"https:\/\/api.w.org\/{rel}","templated":true}]}}