{"id":16692,"date":"2024-03-04T17:37:09","date_gmt":"2024-03-04T16:37:09","guid":{"rendered":"https:\/\/dodo-inflatables.com\/acheter-des-toboggans-gonflables-et-des-chateaux-gonflables-en-suisse\/"},"modified":"2024-07-17T14:55:49","modified_gmt":"2024-07-17T12:55:49","slug":"acheter-des-toboggans-gonflables-et-des-chateaux-gonflables-en-suisse","status":"publish","type":"page","link":"https:\/\/dodo-inflatables.com\/et\/acheter-des-toboggans-gonflables-et-des-chateaux-gonflables-en-suisse\/","title":{"rendered":"Acheter des toboggans gonflables et des ch\u00e2teaux gonflables en Suisse"},"content":{"rendered":"\n<h2 class=\"wp-block-heading has-text-align-center\"><strong>Acheter des toboggans gonflables et des ch\u00e2teaux gonflables en Suisse<\/strong><\/h2>\n\n<figure class=\"wp-block-image aligncenter size-large\"><a href=\"https:\/\/dodo-inflatables.com\/wp-content\/uploads\/2022\/01\/seperator-kleiner.png\"><img loading=\"lazy\" decoding=\"async\" width=\"1024\" height=\"102\" src=\"https:\/\/dodo-inflatables.com\/wp-content\/uploads\/2022\/01\/seperator-kleiner-1024x102.png\" alt=\"\" class=\"wp-image-4026\" srcset=\"https:\/\/dodo-inflatables.com\/wp-content\/uploads\/2022\/01\/seperator-kleiner-1024x102.png 1024w, https:\/\/dodo-inflatables.com\/wp-content\/uploads\/2022\/01\/seperator-kleiner-900x90.png 900w, https:\/\/dodo-inflatables.com\/wp-content\/uploads\/2022\/01\/seperator-kleiner-300x30.png 300w, https:\/\/dodo-inflatables.com\/wp-content\/uploads\/2022\/01\/seperator-kleiner-768x77.png 768w, https:\/\/dodo-inflatables.com\/wp-content\/uploads\/2022\/01\/seperator-kleiner-1536x154.png 1536w, https:\/\/dodo-inflatables.com\/wp-content\/uploads\/2022\/01\/seperator-kleiner-340x34.png 340w, https:\/\/dodo-inflatables.com\/wp-content\/uploads\/2022\/01\/seperator-kleiner.png 2000w\" sizes=\"auto, (max-width: 1024px) 100vw, 1024px\" \/><\/a><\/figure>\n\n<h3 class=\"wp-block-heading has-text-align-center\">Bienvenue chez Dodo-Inflatables.com &#8211; notre boutique en ligne de structures gonflables en Europe !<\/h3>\n\n<p style=\"font-size:17px\">Plongez dans notre vaste s\u00e9lection de structures gonflables, de <a href=\"https:\/\/dodo-inflatables.com\/et\/tootekategooria\/bouncy-castles-et\/\">ch\u00e2teaux gonflables<\/a> et de <a href=\"https:\/\/dodo-inflatables.com\/et\/tootekategooria\/slides-et\/\">toboggans<\/a> de haute qualit\u00e9 qui donneront \u00e0 chaque \u00e9v\u00e9nement un petit plus. Que vous cherchiez une grande structure gonflable pour un \u00e9v\u00e9nement d&#8217;entreprise, une petite structure gonflable pour un anniversaire d&#8217;enfant ou une structure gonflable avec toboggan pour une f\u00eate d&#8217;\u00e9t\u00e9, vous trouverez forc\u00e9ment ce qu&#8217;il vous faut chez nous !<\/p>\n\n<p style=\"font-size:17px\">Notre assortiment comprend non seulement une grande vari\u00e9t\u00e9 de structures gonflables, mais aussi un large \u00e9ventail d<a href=\"https:\/\/dodo-inflatables.com\/et\/tootekategooria\/accessories-et\/\">&#8216;accessoires<\/a>, dont les souffleurs <a href=\"https:\/\/dodo-inflatables.com\/et\/toode\/gibbonsi-puhur-fp5005-1-5ps\/\" data-type=\"product\" data-id=\"81\">Gibbons<\/a> et <a href=\"https:\/\/dodo-inflatables.com\/et\/toode\/huawei-puhur-reh-1-5e-1-5ps\/\" data-type=\"product\" data-id=\"2724\">Huawei<\/a> pour structures gonflables.<\/p>\n\n<p style=\"font-size:17px\">L&#8217;envoi d&#8217;une structure gonflable et de ses accessoires en <strong>Suisse co\u00fbte 464,00\u20ac<\/strong>. Si la structure gonflable est en stock, elle te sera envoy\u00e9e imm\u00e9diatement apr\u00e8s r\u00e9ception de ton paiement. La livraison en Suisse dure environ <strong>4 \u00e0 6 jours <\/strong>ouvrables. Un enl\u00e8vement par tes soins est possible dans notre entrep\u00f4t \u00e0 Munich, Allemagne.<\/p>\n\n<p style=\"font-size:17px\">K\u00f5ik meie torustikud vastavad rangetele ohutusn\u00f5uetele <strong>DIN EN 14960<\/strong> ja on kohandatud era- ja ametialasele kasutamisele. Te saate p\u00e4rast seda, kui olete saatnud oma lennutatava konstruktsiooni, juhendi ja teie uuele lennutatava konstruktsioonile vastava sertifikaadi.<\/p>\n\n<p style=\"font-size:17px\">Kui oled ELi mittekuuluva riigi klient, v\u00f5id osta meie juures ilma TVA-maksuta. Les prix indiqu\u00e9s dans la boutique en ligne comprennent d&#8217;abord la TVA allemande (19%), qui te sera ensuite d\u00e9duite. Lors de l&#8217;envoi en Suisse, tu es consid\u00e9r\u00e9 comme un &#8220;importateur&#8221;. La TVA suisse \u00e0 l&#8217;importation et les frais de douane te seront donc factur\u00e9s. Nos frais d&#8217;envoi pour la Suisse comprennent le prix du transport, le d\u00e9douanement ainsi que l&#8217;\u00e9tablissement de la DAA.<\/p>\n\n<p style=\"font-size:17px\">Olgu sa siis \u00fcks inimene, kes otsib oma perekonnap\u00e4eva jaoks sobivat struktuuri, v\u00f5i oled sa \u00fcks professionaal, kes soovib suurendada oma pakkumist, meie sobivad struktuurid on kohandatud k\u00f5igile. En fait, la plupart de nos clients dans toute l&#8217;Europe sont des loueurs de structures gonflables qui appr\u00e9cient nos produits pour des \u00e9v\u00e9nements de toutes tailles.<\/p>\n\n<p style=\"font-size:17px\">Nous te souhaitons beaucoup de plaisir \u00e0 parcourir notre boutique en ligne et restons \u00e0 ta disposition pour toute question \u00e0 l&#8217;adresse <a href=\"mailto:contact@dodo-inflatables.com\">contact@dodo-inflatables.com<\/a>!<\/p>\n\n<div style=\"height:100px\" aria-hidden=\"true\" class=\"wp-block-spacer\"><\/div>\n","protected":false},"excerpt":{"rendered":"<p>Acheter des toboggans gonflables et des ch\u00e2teaux gonflables en Suisse Bienvenue chez Dodo-Inflatables.com &#8211; notre boutique en ligne de structures gonflables en Europe ! Plongez dans notre vaste s\u00e9lection de structures gonflables, de ch\u00e2teaux gonflables et de toboggans de haute qualit\u00e9 qui donneront \u00e0 chaque \u00e9v\u00e9nement un petit plus. Que vous cherchiez une grande structure [&hellip;]<\/p>\n","protected":false},"author":1,"featured_media":0,"parent":0,"menu_order":0,"comment_status":"closed","ping_status":"closed","template":"","meta":{"_acf_changed":false,"_uag_custom_page_level_css":"","site-sidebar-layout":"default","site-content-layout":"","ast-site-content-layout":"normal-width-container","site-content-style":"boxed","site-sidebar-style":"default","ast-global-header-display":"","ast-banner-title-visibility":"","ast-main-header-display":"","ast-hfb-above-header-display":"","ast-hfb-below-header-display":"","ast-hfb-mobile-header-display":"","site-post-title":"","ast-breadcrumbs-content":"","ast-featured-img":"","footer-sml-layout":"","ast-disable-related-posts":"","theme-transparent-header-meta":"","adv-header-id-meta":"4069","stick-header-meta":"","header-above-stick-meta":"","header-main-stick-meta":"","header-below-stick-meta":"","astra-migrate-meta-layouts":"default","ast-page-background-enabled":"default","ast-page-background-meta":{"desktop":{"background-color":"var(--ast-global-color-4)","background-image":"","background-repeat":"repeat","background-position":"center center","background-size":"auto","background-attachment":"scroll","background-type":"","background-media":"","overlay-type":"","overlay-color":"","overlay-opacity":"","overlay-gradient":""},"tablet":{"background-color":"","background-image":"","background-repeat":"repeat","background-position":"center center","background-size":"auto","background-attachment":"scroll","background-type":"","background-media":"","overlay-type":"","overlay-color":"","overlay-opacity":"","overlay-gradient":""},"mobile":{"background-color":"","background-image":"","background-repeat":"repeat","background-position":"center center","background-size":"auto","background-attachment":"scroll","background-type":"","background-media":"","overlay-type":"","overlay-color":"","overlay-opacity":"","overlay-gradient":""}},"ast-content-background-meta":{"desktop":{"background-color":"var(--ast-global-color-5)","background-image":"","background-repeat":"repeat","background-position":"center center","background-size":"auto","background-attachment":"scroll","background-type":"","background-media":"","overlay-type":"","overlay-color":"","overlay-opacity":"","overlay-gradient":""},"tablet":{"background-color":"var(--ast-global-color-5)","background-image":"","background-repeat":"repeat","background-position":"center center","background-size":"auto","background-attachment":"scroll","background-type":"","background-media":"","overlay-type":"","overlay-color":"","overlay-opacity":"","overlay-gradient":""},"mobile":{"background-color":"var(--ast-global-color-5)","background-image":"","background-repeat":"repeat","background-position":"center center","background-size":"auto","background-attachment":"scroll","background-type":"","background-media":"","overlay-type":"","overlay-color":"","overlay-opacity":"","overlay-gradient":""}},"footnotes":""},"class_list":["post-16692","page","type-page","status-publish","hentry"],"acf":[],"yoast_head":"<!-- This site is optimized with the Yoast SEO plugin v27.4 - https:\/\/yoast.com\/product\/yoast-seo-wordpress\/ -->\n<title>Acheter des toboggans gonflables et des ch\u00e2teaux gonflables en Suisse - dodo-inflatables.com<\/title>\n<meta name=\"robots\" content=\"index, follow, max-snippet:-1, max-image-preview:large, max-video-preview:-1\" \/>\n<link rel=\"canonical\" href=\"https:\/\/dodo-inflatables.com\/et\/acheter-des-toboggans-gonflables-et-des-chateaux-gonflables-en-suisse\/\" \/>\n<meta name=\"twitter:label1\" content=\"Est. reading time\" \/>\n\t<meta name=\"twitter:data1\" content=\"2 minutit\" \/>\n<script type=\"application\/ld+json\" class=\"yoast-schema-graph\">{\"@context\":\"https:\\\/\\\/schema.org\",\"@graph\":[{\"@type\":\"WebPage\",\"@id\":\"https:\\\/\\\/dodo-inflatables.com\\\/et\\\/acheter-des-toboggans-gonflables-et-des-chateaux-gonflables-en-suisse\\\/\",\"url\":\"https:\\\/\\\/dodo-inflatables.com\\\/et\\\/acheter-des-toboggans-gonflables-et-des-chateaux-gonflables-en-suisse\\\/\",\"name\":\"Acheter des toboggans gonflables et des ch\u00e2teaux gonflables en Suisse - dodo-inflatables.com\",\"isPartOf\":{\"@id\":\"https:\\\/\\\/dodo-inflatables.com\\\/et\\\/#website\"},\"primaryImageOfPage\":{\"@id\":\"https:\\\/\\\/dodo-inflatables.com\\\/et\\\/acheter-des-toboggans-gonflables-et-des-chateaux-gonflables-en-suisse\\\/#primaryimage\"},\"image\":{\"@id\":\"https:\\\/\\\/dodo-inflatables.com\\\/et\\\/acheter-des-toboggans-gonflables-et-des-chateaux-gonflables-en-suisse\\\/#primaryimage\"},\"thumbnailUrl\":\"https:\\\/\\\/dodo-inflatables.com\\\/wp-content\\\/uploads\\\/2022\\\/01\\\/seperator-kleiner-1024x102.png\",\"datePublished\":\"2024-03-04T16:37:09+00:00\",\"dateModified\":\"2024-07-17T12:55:49+00:00\",\"breadcrumb\":{\"@id\":\"https:\\\/\\\/dodo-inflatables.com\\\/et\\\/acheter-des-toboggans-gonflables-et-des-chateaux-gonflables-en-suisse\\\/#breadcrumb\"},\"inLanguage\":\"et\",\"potentialAction\":[{\"@type\":\"ReadAction\",\"target\":[\"https:\\\/\\\/dodo-inflatables.com\\\/et\\\/acheter-des-toboggans-gonflables-et-des-chateaux-gonflables-en-suisse\\\/\"]}]},{\"@type\":\"ImageObject\",\"inLanguage\":\"et\",\"@id\":\"https:\\\/\\\/dodo-inflatables.com\\\/et\\\/acheter-des-toboggans-gonflables-et-des-chateaux-gonflables-en-suisse\\\/#primaryimage\",\"url\":\"https:\\\/\\\/dodo-inflatables.com\\\/wp-content\\\/uploads\\\/2022\\\/01\\\/seperator-kleiner-1024x102.png\",\"contentUrl\":\"https:\\\/\\\/dodo-inflatables.com\\\/wp-content\\\/uploads\\\/2022\\\/01\\\/seperator-kleiner-1024x102.png\"},{\"@type\":\"BreadcrumbList\",\"@id\":\"https:\\\/\\\/dodo-inflatables.com\\\/et\\\/acheter-des-toboggans-gonflables-et-des-chateaux-gonflables-en-suisse\\\/#breadcrumb\",\"itemListElement\":[{\"@type\":\"ListItem\",\"position\":1,\"name\":\"Home\",\"item\":\"https:\\\/\\\/dodo-inflatables.com\\\/et\\\/\"},{\"@type\":\"ListItem\",\"position\":2,\"name\":\"Acheter des toboggans gonflables et des ch\u00e2teaux gonflables en Suisse\"}]},{\"@type\":\"WebSite\",\"@id\":\"https:\\\/\\\/dodo-inflatables.com\\\/et\\\/#website\",\"url\":\"https:\\\/\\\/dodo-inflatables.com\\\/et\\\/\",\"name\":\"dodo-inflatables.com\",\"description\":\"Ostke meie poest h\u00fcppelossi ja atraktsioone.\",\"publisher\":{\"@id\":\"https:\\\/\\\/dodo-inflatables.com\\\/et\\\/#organization\"},\"potentialAction\":[{\"@type\":\"SearchAction\",\"target\":{\"@type\":\"EntryPoint\",\"urlTemplate\":\"https:\\\/\\\/dodo-inflatables.com\\\/et\\\/?s={search_term_string}\"},\"query-input\":{\"@type\":\"PropertyValueSpecification\",\"valueRequired\":true,\"valueName\":\"search_term_string\"}}],\"inLanguage\":\"et\"},{\"@type\":\"Organization\",\"@id\":\"https:\\\/\\\/dodo-inflatables.com\\\/et\\\/#organization\",\"name\":\"dodo-inflatables.com\",\"url\":\"https:\\\/\\\/dodo-inflatables.com\\\/et\\\/\",\"logo\":{\"@type\":\"ImageObject\",\"inLanguage\":\"et\",\"@id\":\"https:\\\/\\\/dodo-inflatables.com\\\/et\\\/#\\\/schema\\\/logo\\\/image\\\/\",\"url\":\"https:\\\/\\\/dodo-inflatables.com\\\/wp-content\\\/uploads\\\/2023\\\/04\\\/cropped-cropped-cropped-Dodo-Logo.png\",\"contentUrl\":\"https:\\\/\\\/dodo-inflatables.com\\\/wp-content\\\/uploads\\\/2023\\\/04\\\/cropped-cropped-cropped-Dodo-Logo.png\",\"width\":2996,\"height\":1545,\"caption\":\"dodo-inflatables.com\"},\"image\":{\"@id\":\"https:\\\/\\\/dodo-inflatables.com\\\/et\\\/#\\\/schema\\\/logo\\\/image\\\/\"}}]}<\/script>\n<!-- \/ Yoast SEO plugin. -->","yoast_head_json":{"title":"Acheter des toboggans gonflables et des ch\u00e2teaux gonflables en Suisse - dodo-inflatables.com","robots":{"index":"index","follow":"follow","max-snippet":"max-snippet:-1","max-image-preview":"max-image-preview:large","max-video-preview":"max-video-preview:-1"},"canonical":"https:\/\/dodo-inflatables.com\/et\/acheter-des-toboggans-gonflables-et-des-chateaux-gonflables-en-suisse\/","twitter_misc":{"Est. reading time":"2 minutit"},"schema":{"@context":"https:\/\/schema.org","@graph":[{"@type":"WebPage","@id":"https:\/\/dodo-inflatables.com\/et\/acheter-des-toboggans-gonflables-et-des-chateaux-gonflables-en-suisse\/","url":"https:\/\/dodo-inflatables.com\/et\/acheter-des-toboggans-gonflables-et-des-chateaux-gonflables-en-suisse\/","name":"Acheter des toboggans gonflables et des ch\u00e2teaux gonflables en Suisse - dodo-inflatables.com","isPartOf":{"@id":"https:\/\/dodo-inflatables.com\/et\/#website"},"primaryImageOfPage":{"@id":"https:\/\/dodo-inflatables.com\/et\/acheter-des-toboggans-gonflables-et-des-chateaux-gonflables-en-suisse\/#primaryimage"},"image":{"@id":"https:\/\/dodo-inflatables.com\/et\/acheter-des-toboggans-gonflables-et-des-chateaux-gonflables-en-suisse\/#primaryimage"},"thumbnailUrl":"https:\/\/dodo-inflatables.com\/wp-content\/uploads\/2022\/01\/seperator-kleiner-1024x102.png","datePublished":"2024-03-04T16:37:09+00:00","dateModified":"2024-07-17T12:55:49+00:00","breadcrumb":{"@id":"https:\/\/dodo-inflatables.com\/et\/acheter-des-toboggans-gonflables-et-des-chateaux-gonflables-en-suisse\/#breadcrumb"},"inLanguage":"et","potentialAction":[{"@type":"ReadAction","target":["https:\/\/dodo-inflatables.com\/et\/acheter-des-toboggans-gonflables-et-des-chateaux-gonflables-en-suisse\/"]}]},{"@type":"ImageObject","inLanguage":"et","@id":"https:\/\/dodo-inflatables.com\/et\/acheter-des-toboggans-gonflables-et-des-chateaux-gonflables-en-suisse\/#primaryimage","url":"https:\/\/dodo-inflatables.com\/wp-content\/uploads\/2022\/01\/seperator-kleiner-1024x102.png","contentUrl":"https:\/\/dodo-inflatables.com\/wp-content\/uploads\/2022\/01\/seperator-kleiner-1024x102.png"},{"@type":"BreadcrumbList","@id":"https:\/\/dodo-inflatables.com\/et\/acheter-des-toboggans-gonflables-et-des-chateaux-gonflables-en-suisse\/#breadcrumb","itemListElement":[{"@type":"ListItem","position":1,"name":"Home","item":"https:\/\/dodo-inflatables.com\/et\/"},{"@type":"ListItem","position":2,"name":"Acheter des toboggans gonflables et des ch\u00e2teaux gonflables en Suisse"}]},{"@type":"WebSite","@id":"https:\/\/dodo-inflatables.com\/et\/#website","url":"https:\/\/dodo-inflatables.com\/et\/","name":"dodo-inflatables.com","description":"Ostke meie poest h\u00fcppelossi ja atraktsioone.","publisher":{"@id":"https:\/\/dodo-inflatables.com\/et\/#organization"},"potentialAction":[{"@type":"SearchAction","target":{"@type":"EntryPoint","urlTemplate":"https:\/\/dodo-inflatables.com\/et\/?s={search_term_string}"},"query-input":{"@type":"PropertyValueSpecification","valueRequired":true,"valueName":"search_term_string"}}],"inLanguage":"et"},{"@type":"Organization","@id":"https:\/\/dodo-inflatables.com\/et\/#organization","name":"dodo-inflatables.com","url":"https:\/\/dodo-inflatables.com\/et\/","logo":{"@type":"ImageObject","inLanguage":"et","@id":"https:\/\/dodo-inflatables.com\/et\/#\/schema\/logo\/image\/","url":"https:\/\/dodo-inflatables.com\/wp-content\/uploads\/2023\/04\/cropped-cropped-cropped-Dodo-Logo.png","contentUrl":"https:\/\/dodo-inflatables.com\/wp-content\/uploads\/2023\/04\/cropped-cropped-cropped-Dodo-Logo.png","width":2996,"height":1545,"caption":"dodo-inflatables.com"},"image":{"@id":"https:\/\/dodo-inflatables.com\/et\/#\/schema\/logo\/image\/"}}]}},"uagb_featured_image_src":{"full":false,"thumbnail":false,"medium":false,"medium_large":false,"large":false,"1536x1536":false,"2048x2048":false,"woocommerce_thumbnail":false,"woocommerce_single":false,"woocommerce_gallery_thumbnail":false},"uagb_author_info":{"display_name":"Andreas","author_link":"https:\/\/dodo-inflatables.com\/et\/author\/andreas\/"},"uagb_comment_info":0,"uagb_excerpt":"Acheter des toboggans gonflables et des ch\u00e2teaux gonflables en Suisse Bienvenue chez Dodo-Inflatables.com &#8211; notre boutique en ligne de structures gonflables en Europe ! Plongez dans notre vaste s\u00e9lection de structures gonflables, de ch\u00e2teaux gonflables et de toboggans de haute qualit\u00e9 qui donneront \u00e0 chaque \u00e9v\u00e9nement un petit plus. Que vous cherchiez une grande structure&hellip;","_links":{"self":[{"href":"https:\/\/dodo-inflatables.com\/et\/wp-json\/wp\/v2\/pages\/16692","targetHints":{"allow":["GET"]}}],"collection":[{"href":"https:\/\/dodo-inflatables.com\/et\/wp-json\/wp\/v2\/pages"}],"about":[{"href":"https:\/\/dodo-inflatables.com\/et\/wp-json\/wp\/v2\/types\/page"}],"author":[{"embeddable":true,"href":"https:\/\/dodo-inflatables.com\/et\/wp-json\/wp\/v2\/users\/1"}],"replies":[{"embeddable":true,"href":"https:\/\/dodo-inflatables.com\/et\/wp-json\/wp\/v2\/comments?post=16692"}],"version-history":[{"count":2,"href":"https:\/\/dodo-inflatables.com\/et\/wp-json\/wp\/v2\/pages\/16692\/revisions"}],"predecessor-version":[{"id":16694,"href":"https:\/\/dodo-inflatables.com\/et\/wp-json\/wp\/v2\/pages\/16692\/revisions\/16694"}],"wp:attachment":[{"href":"https:\/\/dodo-inflatables.com\/et\/wp-json\/wp\/v2\/media?parent=16692"}],"curies":[{"name":"wp","href":"https:\/\/api.w.org\/{rel}","templated":true}]}}