{"id":16737,"date":"2024-03-01T20:02:30","date_gmt":"2024-03-01T19:02:30","guid":{"rendered":"https:\/\/dodo-inflatables.com\/osta-taispuhutavad-liumaed-ja-huppelinnakud-uhendkuningriigis\/"},"modified":"2024-07-17T14:55:56","modified_gmt":"2024-07-17T12:55:56","slug":"osta-taispuhutavad-liumaed-ja-huppelinnakud-uhendkuningriigis","status":"publish","type":"page","link":"https:\/\/dodo-inflatables.com\/et\/osta-taispuhutavad-liumaed-ja-huppelinnakud-uhendkuningriigis\/","title":{"rendered":"Osta t\u00e4ispuhutavad lium\u00e4ed ja h\u00fcppelinnakud \u00dchendkuningriigis"},"content":{"rendered":"\n<h2 class=\"wp-block-heading has-text-align-center\">Osta t\u00e4ispuhutavad lium\u00e4ed ja h\u00fcppelinnakud \u00dchendkuningriigis<\/h2>\n\n<figure class=\"wp-block-image aligncenter size-large\"><a href=\"https:\/\/dodo-inflatables.com\/wp-content\/uploads\/2022\/01\/seperator-kleiner.png\"><img fetchpriority=\"high\" decoding=\"async\" width=\"1024\" height=\"102\" src=\"https:\/\/dodo-inflatables.com\/wp-content\/uploads\/2022\/01\/seperator-kleiner-1024x102.png\" alt=\"\" class=\"wp-image-4026\" srcset=\"https:\/\/dodo-inflatables.com\/wp-content\/uploads\/2022\/01\/seperator-kleiner-1024x102.png 1024w, https:\/\/dodo-inflatables.com\/wp-content\/uploads\/2022\/01\/seperator-kleiner-900x90.png 900w, https:\/\/dodo-inflatables.com\/wp-content\/uploads\/2022\/01\/seperator-kleiner-300x30.png 300w, https:\/\/dodo-inflatables.com\/wp-content\/uploads\/2022\/01\/seperator-kleiner-768x77.png 768w, https:\/\/dodo-inflatables.com\/wp-content\/uploads\/2022\/01\/seperator-kleiner-1536x154.png 1536w, https:\/\/dodo-inflatables.com\/wp-content\/uploads\/2022\/01\/seperator-kleiner-340x34.png 340w, https:\/\/dodo-inflatables.com\/wp-content\/uploads\/2022\/01\/seperator-kleiner.png 2000w\" sizes=\"(max-width: 1024px) 100vw, 1024px\" \/><\/a><\/figure>\n\n<h3 class=\"wp-block-heading has-text-align-center\">Tere tulemast Dodo-Inflatables.com &#8211; meie t\u00e4ispuhutavate m\u00e4ngude veebipoodi Euroopas!<\/h3>\n\n<div style=\"height:45px\" aria-hidden=\"true\" class=\"wp-block-spacer\"><\/div>\n\n<p style=\"font-size:17px\">Sukelduge meie laiaulatuslikku valikusse kvaliteetsete t\u00e4ispuhutavate atraktsioonide, <a href=\"https:\/\/dodo-inflatables.com\/et\/tootekategooria\/bouncy-castles-et\/\" data-type=\"link\" data-id=\"https:\/\/dodo-inflatables.com\/product-category\/bouncy-castles\/\">t\u00e4ispuhutavate losside<\/a> ja <a href=\"https:\/\/dodo-inflatables.com\/et\/tootekategooria\/slides-et\/\" data-type=\"link\" data-id=\"https:\/\/dodo-inflatables.com\/product-category\/slides\/\">lium\u00e4gedega<\/a>, mis lisavad igale s\u00fcndmusele selle v\u00e4ikese lisav\u00e4\u00e4rtuse. Kas otsite suurt h\u00fcppelinnakut firma\u00fcritusele, v\u00e4ikest h\u00fcppemaju laste s\u00fcnnip\u00e4evapeole v\u00f5i h\u00fcppelinnakut koos lium\u00e4ega suvep\u00e4evale &#8211; siit leiate garanteeritult midagi sobivat!<\/p>\n\n<p style=\"font-size:17px\">Meie valik ei h\u00f5lma mitte ainult erinevaid h\u00fcppelinnakuid, vaid ka laia valikut <a href=\"https:\/\/dodo-inflatables.com\/et\/tootekategooria\/accessories-et\/\" data-type=\"link\" data-id=\"https:\/\/dodo-inflatables.com\/product-category\/accessories\/\">tarvikuid<\/a>, sealhulgas <a href=\"https:\/\/dodo-inflatables.com\/et\/toode\/gibbonsi-puhur-fp5005-1-5ps\/\" data-type=\"product\" data-id=\"81\">Gibbonid<\/a> ja <a href=\"https:\/\/dodo-inflatables.com\/et\/toode\/huawei-puhur-reh-1-5e-1-5ps\/\" data-type=\"product\" data-id=\"2724\">Huawei<\/a> puhurid h\u00fcppelinnakutele.<\/p>\n\n<p style=\"font-size:17px\">H\u00fcppelinnuse ja tarvikute saatmine <strong>Inglismaale maksab 339,00 eurot<\/strong>. Kui vajate ainult tarvikuid, maksab paki saatmine 29,00 eurot.<\/p>\n\n<p style=\"font-size:17px\">Kui t\u00e4ispuhutav on laos, saadetakse see teile kohe p\u00e4rast makse laekumist. Kohaletoimetamine \u00dchendkuningriiki v\u00f5tab umbes <strong>4-6 t\u00f6\u00f6p\u00e4eva<\/strong>. V\u00f5imalik on enesev\u00f5tmine meie laost <strong>M\u00fcnchenis,<\/strong> Saksamaal.<\/p>\n\n<p style=\"font-size:17px\">K\u00f5ik meie t\u00e4ispuhutavad atraktsioonid vastavad rangetele ohutusstandarditele <strong>DIN EN 14960 <\/strong>ja sobivad nii era- kui ka \u00e4rikasutuseks. Kui teie uus t\u00e4ispuhutav on v\u00e4lja saadetud, saate <strong>\u00fcksikasjaliku juhendi <\/strong>ja<strong> vastava sertifikaadi <\/strong>.<\/p>\n\n<p style=\"font-size:17px\">Kui olete klient ELi mittekuuluvast riigist, saate teha meiega oste <strong>k\u00e4ibemaksuvabalt<\/strong>. Veebipoes esitatud hinnad sisaldavad esialgu Saksamaa k\u00e4ibemaksu (19%), mis seej\u00e4rel arvatakse maha. \u00dchendkuningriiki saatmisel loetakse teid &#8220;importijaks&#8221;. Seet\u00f5ttu tuleb teil tasuda impordimaksu ja imporditollimaksu kulud. Meie saatmiskulud \u00dchendkuningriiki sisaldavad veohinda, tollivormistust ja ABD ettevalmistamist.<\/p>\n\n<p style=\"font-size:17px\">Olenemata sellest, kas olete eraisik, kes otsib h\u00fcppelinnakut oma j\u00e4rgmisele perepeole, v\u00f5i kommertsettev\u00f5te, kes soovib oma valikut laiendada, meie h\u00fcppelinnakud sobivad k\u00f5igile. Tegelikult on enamik meie klientidest \u00fcle Euroopa h\u00fcppelinnade rendiettev\u00f5tjad, kes hindavad meie tooteid igas suuruses \u00fcrituste jaoks.<\/p>\n\n<p style=\"font-size:17px\">Loodame, et naudite meie veebipoes sirvimist ja vastame meeleldi k\u00f5ikidele k\u00fcsimustele, mis teil v\u00f5ivad tekkida aadressil <a href=\"mailto:contact@dodo-inflatables.com\">contact@dodo-inflatables.com<\/a>!<\/p>\n\n<div style=\"height:45px\" aria-hidden=\"true\" class=\"wp-block-spacer\"><\/div>\n","protected":false},"excerpt":{"rendered":"<p>Osta t\u00e4ispuhutavad lium\u00e4ed ja h\u00fcppelinnakud \u00dchendkuningriigis Tere tulemast Dodo-Inflatables.com &#8211; meie t\u00e4ispuhutavate m\u00e4ngude veebipoodi Euroopas! Sukelduge meie laiaulatuslikku valikusse kvaliteetsete t\u00e4ispuhutavate atraktsioonide, t\u00e4ispuhutavate losside ja lium\u00e4gedega, mis lisavad igale s\u00fcndmusele selle v\u00e4ikese lisav\u00e4\u00e4rtuse. Kas otsite suurt h\u00fcppelinnakut firma\u00fcritusele, v\u00e4ikest h\u00fcppemaju laste s\u00fcnnip\u00e4evapeole v\u00f5i h\u00fcppelinnakut koos lium\u00e4ega suvep\u00e4evale &#8211; siit leiate garanteeritult midagi sobivat! Meie valik [&hellip;]<\/p>\n","protected":false},"author":1,"featured_media":0,"parent":0,"menu_order":0,"comment_status":"closed","ping_status":"closed","template":"","meta":{"_acf_changed":false,"_uag_custom_page_level_css":"","site-sidebar-layout":"default","site-content-layout":"","ast-site-content-layout":"default","site-content-style":"boxed","site-sidebar-style":"default","ast-global-header-display":"","ast-banner-title-visibility":"","ast-main-header-display":"","ast-hfb-above-header-display":"","ast-hfb-below-header-display":"","ast-hfb-mobile-header-display":"","site-post-title":"","ast-breadcrumbs-content":"","ast-featured-img":"","footer-sml-layout":"","ast-disable-related-posts":"","theme-transparent-header-meta":"","adv-header-id-meta":"4069","stick-header-meta":"","header-above-stick-meta":"","header-main-stick-meta":"","header-below-stick-meta":"","astra-migrate-meta-layouts":"default","ast-page-background-enabled":"default","ast-page-background-meta":{"desktop":{"background-color":"var(--ast-global-color-4)","background-image":"","background-repeat":"repeat","background-position":"center center","background-size":"auto","background-attachment":"scroll","background-type":"","background-media":"","overlay-type":"","overlay-color":"","overlay-opacity":"","overlay-gradient":""},"tablet":{"background-color":"","background-image":"","background-repeat":"repeat","background-position":"center center","background-size":"auto","background-attachment":"scroll","background-type":"","background-media":"","overlay-type":"","overlay-color":"","overlay-opacity":"","overlay-gradient":""},"mobile":{"background-color":"","background-image":"","background-repeat":"repeat","background-position":"center center","background-size":"auto","background-attachment":"scroll","background-type":"","background-media":"","overlay-type":"","overlay-color":"","overlay-opacity":"","overlay-gradient":""}},"ast-content-background-meta":{"desktop":{"background-color":"var(--ast-global-color-5)","background-image":"","background-repeat":"repeat","background-position":"center center","background-size":"auto","background-attachment":"scroll","background-type":"","background-media":"","overlay-type":"","overlay-color":"","overlay-opacity":"","overlay-gradient":""},"tablet":{"background-color":"var(--ast-global-color-5)","background-image":"","background-repeat":"repeat","background-position":"center center","background-size":"auto","background-attachment":"scroll","background-type":"","background-media":"","overlay-type":"","overlay-color":"","overlay-opacity":"","overlay-gradient":""},"mobile":{"background-color":"var(--ast-global-color-5)","background-image":"","background-repeat":"repeat","background-position":"center center","background-size":"auto","background-attachment":"scroll","background-type":"","background-media":"","overlay-type":"","overlay-color":"","overlay-opacity":"","overlay-gradient":""}},"footnotes":""},"class_list":["post-16737","page","type-page","status-publish","hentry"],"acf":[],"yoast_head":"<!-- This site is optimized with the Yoast SEO plugin v27.5 - https:\/\/yoast.com\/product\/yoast-seo-wordpress\/ -->\n<title>Osta t\u00e4ispuhutavad lium\u00e4ed ja h\u00fcppelinnakud \u00dchendkuningriigis - dodo-inflatables.com<\/title>\n<meta name=\"robots\" content=\"index, follow, max-snippet:-1, max-image-preview:large, max-video-preview:-1\" \/>\n<link rel=\"canonical\" href=\"https:\/\/dodo-inflatables.com\/et\/osta-taispuhutavad-liumaed-ja-huppelinnakud-uhendkuningriigis\/\" \/>\n<meta name=\"twitter:label1\" content=\"Est. reading time\" \/>\n\t<meta name=\"twitter:data1\" content=\"1 minut\" \/>\n<script type=\"application\/ld+json\" class=\"yoast-schema-graph\">{\"@context\":\"https:\\\/\\\/schema.org\",\"@graph\":[{\"@type\":\"WebPage\",\"@id\":\"https:\\\/\\\/dodo-inflatables.com\\\/et\\\/osta-taispuhutavad-liumaed-ja-huppelinnakud-uhendkuningriigis\\\/\",\"url\":\"https:\\\/\\\/dodo-inflatables.com\\\/et\\\/osta-taispuhutavad-liumaed-ja-huppelinnakud-uhendkuningriigis\\\/\",\"name\":\"Osta t\u00e4ispuhutavad lium\u00e4ed ja h\u00fcppelinnakud \u00dchendkuningriigis - dodo-inflatables.com\",\"isPartOf\":{\"@id\":\"https:\\\/\\\/dodo-inflatables.com\\\/et\\\/#website\"},\"primaryImageOfPage\":{\"@id\":\"https:\\\/\\\/dodo-inflatables.com\\\/et\\\/osta-taispuhutavad-liumaed-ja-huppelinnakud-uhendkuningriigis\\\/#primaryimage\"},\"image\":{\"@id\":\"https:\\\/\\\/dodo-inflatables.com\\\/et\\\/osta-taispuhutavad-liumaed-ja-huppelinnakud-uhendkuningriigis\\\/#primaryimage\"},\"thumbnailUrl\":\"https:\\\/\\\/dodo-inflatables.com\\\/wp-content\\\/uploads\\\/2022\\\/01\\\/seperator-kleiner-1024x102.png\",\"datePublished\":\"2024-03-01T19:02:30+00:00\",\"dateModified\":\"2024-07-17T12:55:56+00:00\",\"breadcrumb\":{\"@id\":\"https:\\\/\\\/dodo-inflatables.com\\\/et\\\/osta-taispuhutavad-liumaed-ja-huppelinnakud-uhendkuningriigis\\\/#breadcrumb\"},\"inLanguage\":\"et\",\"potentialAction\":[{\"@type\":\"ReadAction\",\"target\":[\"https:\\\/\\\/dodo-inflatables.com\\\/et\\\/osta-taispuhutavad-liumaed-ja-huppelinnakud-uhendkuningriigis\\\/\"]}]},{\"@type\":\"ImageObject\",\"inLanguage\":\"et\",\"@id\":\"https:\\\/\\\/dodo-inflatables.com\\\/et\\\/osta-taispuhutavad-liumaed-ja-huppelinnakud-uhendkuningriigis\\\/#primaryimage\",\"url\":\"https:\\\/\\\/dodo-inflatables.com\\\/wp-content\\\/uploads\\\/2022\\\/01\\\/seperator-kleiner-1024x102.png\",\"contentUrl\":\"https:\\\/\\\/dodo-inflatables.com\\\/wp-content\\\/uploads\\\/2022\\\/01\\\/seperator-kleiner-1024x102.png\"},{\"@type\":\"BreadcrumbList\",\"@id\":\"https:\\\/\\\/dodo-inflatables.com\\\/et\\\/osta-taispuhutavad-liumaed-ja-huppelinnakud-uhendkuningriigis\\\/#breadcrumb\",\"itemListElement\":[{\"@type\":\"ListItem\",\"position\":1,\"name\":\"Home\",\"item\":\"https:\\\/\\\/dodo-inflatables.com\\\/et\\\/\"},{\"@type\":\"ListItem\",\"position\":2,\"name\":\"Osta t\u00e4ispuhutavad lium\u00e4ed ja h\u00fcppelinnakud \u00dchendkuningriigis\"}]},{\"@type\":\"WebSite\",\"@id\":\"https:\\\/\\\/dodo-inflatables.com\\\/et\\\/#website\",\"url\":\"https:\\\/\\\/dodo-inflatables.com\\\/et\\\/\",\"name\":\"dodo-inflatables.com\",\"description\":\"Ostke meie poest h\u00fcppelossi ja atraktsioone.\",\"potentialAction\":[{\"@type\":\"SearchAction\",\"target\":{\"@type\":\"EntryPoint\",\"urlTemplate\":\"https:\\\/\\\/dodo-inflatables.com\\\/et\\\/?s={search_term_string}\"},\"query-input\":{\"@type\":\"PropertyValueSpecification\",\"valueRequired\":true,\"valueName\":\"search_term_string\"}}],\"inLanguage\":\"et\"}]}<\/script>\n<!-- \/ Yoast SEO plugin. -->","yoast_head_json":{"title":"Osta t\u00e4ispuhutavad lium\u00e4ed ja h\u00fcppelinnakud \u00dchendkuningriigis - dodo-inflatables.com","robots":{"index":"index","follow":"follow","max-snippet":"max-snippet:-1","max-image-preview":"max-image-preview:large","max-video-preview":"max-video-preview:-1"},"canonical":"https:\/\/dodo-inflatables.com\/et\/osta-taispuhutavad-liumaed-ja-huppelinnakud-uhendkuningriigis\/","twitter_misc":{"Est. reading time":"1 minut"},"schema":{"@context":"https:\/\/schema.org","@graph":[{"@type":"WebPage","@id":"https:\/\/dodo-inflatables.com\/et\/osta-taispuhutavad-liumaed-ja-huppelinnakud-uhendkuningriigis\/","url":"https:\/\/dodo-inflatables.com\/et\/osta-taispuhutavad-liumaed-ja-huppelinnakud-uhendkuningriigis\/","name":"Osta t\u00e4ispuhutavad lium\u00e4ed ja h\u00fcppelinnakud \u00dchendkuningriigis - dodo-inflatables.com","isPartOf":{"@id":"https:\/\/dodo-inflatables.com\/et\/#website"},"primaryImageOfPage":{"@id":"https:\/\/dodo-inflatables.com\/et\/osta-taispuhutavad-liumaed-ja-huppelinnakud-uhendkuningriigis\/#primaryimage"},"image":{"@id":"https:\/\/dodo-inflatables.com\/et\/osta-taispuhutavad-liumaed-ja-huppelinnakud-uhendkuningriigis\/#primaryimage"},"thumbnailUrl":"https:\/\/dodo-inflatables.com\/wp-content\/uploads\/2022\/01\/seperator-kleiner-1024x102.png","datePublished":"2024-03-01T19:02:30+00:00","dateModified":"2024-07-17T12:55:56+00:00","breadcrumb":{"@id":"https:\/\/dodo-inflatables.com\/et\/osta-taispuhutavad-liumaed-ja-huppelinnakud-uhendkuningriigis\/#breadcrumb"},"inLanguage":"et","potentialAction":[{"@type":"ReadAction","target":["https:\/\/dodo-inflatables.com\/et\/osta-taispuhutavad-liumaed-ja-huppelinnakud-uhendkuningriigis\/"]}]},{"@type":"ImageObject","inLanguage":"et","@id":"https:\/\/dodo-inflatables.com\/et\/osta-taispuhutavad-liumaed-ja-huppelinnakud-uhendkuningriigis\/#primaryimage","url":"https:\/\/dodo-inflatables.com\/wp-content\/uploads\/2022\/01\/seperator-kleiner-1024x102.png","contentUrl":"https:\/\/dodo-inflatables.com\/wp-content\/uploads\/2022\/01\/seperator-kleiner-1024x102.png"},{"@type":"BreadcrumbList","@id":"https:\/\/dodo-inflatables.com\/et\/osta-taispuhutavad-liumaed-ja-huppelinnakud-uhendkuningriigis\/#breadcrumb","itemListElement":[{"@type":"ListItem","position":1,"name":"Home","item":"https:\/\/dodo-inflatables.com\/et\/"},{"@type":"ListItem","position":2,"name":"Osta t\u00e4ispuhutavad lium\u00e4ed ja h\u00fcppelinnakud \u00dchendkuningriigis"}]},{"@type":"WebSite","@id":"https:\/\/dodo-inflatables.com\/et\/#website","url":"https:\/\/dodo-inflatables.com\/et\/","name":"dodo-inflatables.com","description":"Ostke meie poest h\u00fcppelossi ja atraktsioone.","potentialAction":[{"@type":"SearchAction","target":{"@type":"EntryPoint","urlTemplate":"https:\/\/dodo-inflatables.com\/et\/?s={search_term_string}"},"query-input":{"@type":"PropertyValueSpecification","valueRequired":true,"valueName":"search_term_string"}}],"inLanguage":"et"}]}},"uagb_featured_image_src":{"full":false,"thumbnail":false,"medium":false,"medium_large":false,"large":false,"1536x1536":false,"2048x2048":false,"woocommerce_thumbnail":false,"woocommerce_single":false,"woocommerce_gallery_thumbnail":false},"uagb_author_info":{"display_name":"Andreas","author_link":"https:\/\/dodo-inflatables.com\/et\/author\/andreas\/"},"uagb_comment_info":0,"uagb_excerpt":"Osta t\u00e4ispuhutavad lium\u00e4ed ja h\u00fcppelinnakud \u00dchendkuningriigis Tere tulemast Dodo-Inflatables.com &#8211; meie t\u00e4ispuhutavate m\u00e4ngude veebipoodi Euroopas! Sukelduge meie laiaulatuslikku valikusse kvaliteetsete t\u00e4ispuhutavate atraktsioonide, t\u00e4ispuhutavate losside ja lium\u00e4gedega, mis lisavad igale s\u00fcndmusele selle v\u00e4ikese lisav\u00e4\u00e4rtuse. Kas otsite suurt h\u00fcppelinnakut firma\u00fcritusele, v\u00e4ikest h\u00fcppemaju laste s\u00fcnnip\u00e4evapeole v\u00f5i h\u00fcppelinnakut koos lium\u00e4ega suvep\u00e4evale &#8211; siit leiate garanteeritult midagi sobivat! Meie valik&hellip;","_links":{"self":[{"href":"https:\/\/dodo-inflatables.com\/et\/wp-json\/wp\/v2\/pages\/16737","targetHints":{"allow":["GET"]}}],"collection":[{"href":"https:\/\/dodo-inflatables.com\/et\/wp-json\/wp\/v2\/pages"}],"about":[{"href":"https:\/\/dodo-inflatables.com\/et\/wp-json\/wp\/v2\/types\/page"}],"author":[{"embeddable":true,"href":"https:\/\/dodo-inflatables.com\/et\/wp-json\/wp\/v2\/users\/1"}],"replies":[{"embeddable":true,"href":"https:\/\/dodo-inflatables.com\/et\/wp-json\/wp\/v2\/comments?post=16737"}],"version-history":[{"count":2,"href":"https:\/\/dodo-inflatables.com\/et\/wp-json\/wp\/v2\/pages\/16737\/revisions"}],"predecessor-version":[{"id":16741,"href":"https:\/\/dodo-inflatables.com\/et\/wp-json\/wp\/v2\/pages\/16737\/revisions\/16741"}],"wp:attachment":[{"href":"https:\/\/dodo-inflatables.com\/et\/wp-json\/wp\/v2\/media?parent=16737"}],"curies":[{"name":"wp","href":"https:\/\/api.w.org\/{rel}","templated":true}]}}