{"id":17515,"date":"2024-03-05T15:56:42","date_gmt":"2024-03-05T14:56:42","guid":{"rendered":"https:\/\/dodo-inflatables.com\/opblaasbare-glijbanen-en-springkastelen-kopen-in-nederland\/"},"modified":"2024-07-17T15:10:01","modified_gmt":"2024-07-17T13:10:01","slug":"opblaasbare-glijbanen-en-springkastelen-kopen-in-nederland","status":"publish","type":"page","link":"https:\/\/dodo-inflatables.com\/et\/opblaasbare-glijbanen-en-springkastelen-kopen-in-nederland\/","title":{"rendered":"Opblaasbare glijbanen en springkastelen kopen in Nederland"},"content":{"rendered":"\n<h2 class=\"wp-block-heading has-text-align-center\">Opblaasbare glijbanen en springkastelen kopen in Nederland<\/h2>\n\n<figure class=\"wp-block-image aligncenter size-large\"><a href=\"https:\/\/dodo-inflatables.com\/wp-content\/uploads\/2022\/01\/seperator-kleiner.png\"><img fetchpriority=\"high\" decoding=\"async\" width=\"1024\" height=\"102\" src=\"https:\/\/dodo-inflatables.com\/wp-content\/uploads\/2022\/01\/seperator-kleiner-1024x102.png\" alt=\"\" class=\"wp-image-4026\" srcset=\"https:\/\/dodo-inflatables.com\/wp-content\/uploads\/2022\/01\/seperator-kleiner-1024x102.png 1024w, https:\/\/dodo-inflatables.com\/wp-content\/uploads\/2022\/01\/seperator-kleiner-900x90.png 900w, https:\/\/dodo-inflatables.com\/wp-content\/uploads\/2022\/01\/seperator-kleiner-300x30.png 300w, https:\/\/dodo-inflatables.com\/wp-content\/uploads\/2022\/01\/seperator-kleiner-768x77.png 768w, https:\/\/dodo-inflatables.com\/wp-content\/uploads\/2022\/01\/seperator-kleiner-1536x154.png 1536w, https:\/\/dodo-inflatables.com\/wp-content\/uploads\/2022\/01\/seperator-kleiner-340x34.png 340w, https:\/\/dodo-inflatables.com\/wp-content\/uploads\/2022\/01\/seperator-kleiner.png 2000w\" sizes=\"(max-width: 1024px) 100vw, 1024px\" \/><\/a><\/figure>\n\n<h3 class=\"wp-block-heading has-text-align-center\">Tere tulemast Dodo-Inflatables.com &#8211; veebip\u00f5hine veebip\u00f5hine kauplus vabalt valitud lennukeid pakkuvatele lennukeile Euroopas!<\/h3>\n\n<p style=\"font-size:17px\">Otsige end \u00fcles meie suure valiku t\u00e4ispuhutavatest lastes\u00f5idukitest, <a href=\"https:\/\/dodo-inflatables.com\/product-category\/bouncy-castles\/\">t\u00e4ispuhutavatest kastelettidest<\/a> ja <a href=\"https:\/\/dodo-inflatables.com\/product-category\/slides\/\">glijbanen<\/a>, mis on v\u00e4ga hea valik, et neid saaks veel rohkem paigaldada. Kui te otsite n\u00fc\u00fcd suurt t\u00e4ispuhutavat lastes\u00f5itu, v\u00e4ikest vedruplatvormi lastepeole v\u00f5i vedruplatvormi, mis on varustatud liibuvaga zomerfeesti jaoks &#8211; te leiate siit k\u00f5ik, mis teile sobib!<\/p>\n\n<p style=\"font-size:17px\">Meie sortiment ei sisalda mitte ainult \u00fcht mitmek\u00fclgset kevadkastmete valikut, vaid ka \u00fchte sorti <a href=\"https:\/\/dodo-inflatables.com\/product-category\/accessories\/\">tarvikuid<\/a>, n\u00e4iteks <a href=\"https:\/\/dodo-inflatables.com\/et\/toode\/gibbonsi-puhur-fp5005-1-5ps\/\" data-type=\"product\" data-id=\"81\">Gibbons<\/a> ja <a href=\"https:\/\/dodo-inflatables.com\/et\/toode\/huawei-puhur-reh-1-5e-1-5ps\/\" data-type=\"product\" data-id=\"2724\">Huawei<\/a> puhurid kevadkastmete jaoks.<\/p>\n\n<p style=\"font-size:17px\">Het versturen van een springkussen en accessoires naar <strong>Nederland kost \u20ac148,00<\/strong>. Een pakket opblaasbare accessories kost \u20ac19,00. Kui see springkussen op voorraad is, wordt het direct na ontvangst van betaling naar u verzonden. Levering in Nederland duurt ongeveer <strong>4 &#8211; 6 werkdagen<\/strong>. Het is mogelijk om het springkussen zelf af te halen bij ons magazijn in M\u00fcnchen, Duitsland.<\/p>\n\n<p style=\"font-size:17px\">K\u00f5ik vedrustuse osad vastavad <strong>DIN EN 14960<\/strong> rangetele kaitsenormidele ja on ette n\u00e4htud kasutamiseks eraisikutele ja kaubanduses. Te saate \u00fcksikasjaliku k\u00e4itlemise ja lisat\u00f5endi teie uue vedrustuse jaoks, kui see on paigaldatud.<\/p>\n\n<p style=\"font-size:17px\">BTW-vrijstelling voor bedrijven! Kui te olete ettev\u00f5te, sisestage oma btw-identifitseerimisnumber kassa juures, et saaksite oma andmed avaldada.<\/p>\n\n<p style=\"font-size:17px\">Kui te olete n\u00fc\u00fcd kui eraisik sooviksite leida oma pere jaoks kevadkasteeli v\u00f5i kui kaubanduslikul eesm\u00e4rgil soovite oma sortimenti laiendada, on kevadkasteelid m\u00f5eldud igale sihtr\u00fchmale. In feite zijn de meeste van onze klanten in heel Europa springkasteelverhuurbedrijven die onze producten waarderen for evenementen of alle groottes.<\/p>\n\n<p style=\"font-size:17px\">Me pakume teile veel meeldivamaid veebip\u00f5hiseid teenuseid ja pakume teile k\u00f5iki teie tellimusi aadressil contact@dodo-inflatables.com!<\/p>\n\n<div style=\"height:100px\" aria-hidden=\"true\" class=\"wp-block-spacer\"><\/div>\n","protected":false},"excerpt":{"rendered":"<p>Opblaasbare glijbanen en springkastelen kopen in Nederland Tere tulemast Dodo-Inflatables.com &#8211; veebip\u00f5hine veebip\u00f5hine kauplus vabalt valitud lennukeid pakkuvatele lennukeile Euroopas! Otsige end \u00fcles meie suure valiku t\u00e4ispuhutavatest lastes\u00f5idukitest, t\u00e4ispuhutavatest kastelettidest ja glijbanen, mis on v\u00e4ga hea valik, et neid saaks veel rohkem paigaldada. Kui te otsite n\u00fc\u00fcd suurt t\u00e4ispuhutavat lastes\u00f5itu, v\u00e4ikest vedruplatvormi lastepeole v\u00f5i vedruplatvormi, [&hellip;]<\/p>\n","protected":false},"author":1,"featured_media":0,"parent":0,"menu_order":0,"comment_status":"closed","ping_status":"closed","template":"","meta":{"_acf_changed":false,"_uag_custom_page_level_css":"","site-sidebar-layout":"default","site-content-layout":"","ast-site-content-layout":"normal-width-container","site-content-style":"boxed","site-sidebar-style":"default","ast-global-header-display":"","ast-banner-title-visibility":"","ast-main-header-display":"","ast-hfb-above-header-display":"","ast-hfb-below-header-display":"","ast-hfb-mobile-header-display":"","site-post-title":"","ast-breadcrumbs-content":"","ast-featured-img":"","footer-sml-layout":"","ast-disable-related-posts":"","theme-transparent-header-meta":"","adv-header-id-meta":"4069","stick-header-meta":"","header-above-stick-meta":"","header-main-stick-meta":"","header-below-stick-meta":"","astra-migrate-meta-layouts":"default","ast-page-background-enabled":"default","ast-page-background-meta":{"desktop":{"background-color":"var(--ast-global-color-4)","background-image":"","background-repeat":"repeat","background-position":"center center","background-size":"auto","background-attachment":"scroll","background-type":"","background-media":"","overlay-type":"","overlay-color":"","overlay-opacity":"","overlay-gradient":""},"tablet":{"background-color":"","background-image":"","background-repeat":"repeat","background-position":"center center","background-size":"auto","background-attachment":"scroll","background-type":"","background-media":"","overlay-type":"","overlay-color":"","overlay-opacity":"","overlay-gradient":""},"mobile":{"background-color":"","background-image":"","background-repeat":"repeat","background-position":"center center","background-size":"auto","background-attachment":"scroll","background-type":"","background-media":"","overlay-type":"","overlay-color":"","overlay-opacity":"","overlay-gradient":""}},"ast-content-background-meta":{"desktop":{"background-color":"var(--ast-global-color-5)","background-image":"","background-repeat":"repeat","background-position":"center center","background-size":"auto","background-attachment":"scroll","background-type":"","background-media":"","overlay-type":"","overlay-color":"","overlay-opacity":"","overlay-gradient":""},"tablet":{"background-color":"var(--ast-global-color-5)","background-image":"","background-repeat":"repeat","background-position":"center center","background-size":"auto","background-attachment":"scroll","background-type":"","background-media":"","overlay-type":"","overlay-color":"","overlay-opacity":"","overlay-gradient":""},"mobile":{"background-color":"var(--ast-global-color-5)","background-image":"","background-repeat":"repeat","background-position":"center center","background-size":"auto","background-attachment":"scroll","background-type":"","background-media":"","overlay-type":"","overlay-color":"","overlay-opacity":"","overlay-gradient":""}},"footnotes":""},"class_list":["post-17515","page","type-page","status-publish","hentry"],"acf":[],"yoast_head":"<!-- This site is optimized with the Yoast SEO plugin v27.5 - https:\/\/yoast.com\/product\/yoast-seo-wordpress\/ -->\n<title>Opblaasbare glijbanen en springkastelen kopen in Nederland - dodo-inflatables.com<\/title>\n<meta name=\"robots\" content=\"index, follow, max-snippet:-1, max-image-preview:large, max-video-preview:-1\" \/>\n<link rel=\"canonical\" href=\"https:\/\/dodo-inflatables.com\/et\/opblaasbare-glijbanen-en-springkastelen-kopen-in-nederland\/\" \/>\n<meta name=\"twitter:label1\" content=\"Est. reading time\" \/>\n\t<meta name=\"twitter:data1\" content=\"1 minut\" \/>\n<script type=\"application\/ld+json\" class=\"yoast-schema-graph\">{\"@context\":\"https:\\\/\\\/schema.org\",\"@graph\":[{\"@type\":\"WebPage\",\"@id\":\"https:\\\/\\\/dodo-inflatables.com\\\/et\\\/opblaasbare-glijbanen-en-springkastelen-kopen-in-nederland\\\/\",\"url\":\"https:\\\/\\\/dodo-inflatables.com\\\/et\\\/opblaasbare-glijbanen-en-springkastelen-kopen-in-nederland\\\/\",\"name\":\"Opblaasbare glijbanen en springkastelen kopen in Nederland - dodo-inflatables.com\",\"isPartOf\":{\"@id\":\"https:\\\/\\\/dodo-inflatables.com\\\/et\\\/#website\"},\"primaryImageOfPage\":{\"@id\":\"https:\\\/\\\/dodo-inflatables.com\\\/et\\\/opblaasbare-glijbanen-en-springkastelen-kopen-in-nederland\\\/#primaryimage\"},\"image\":{\"@id\":\"https:\\\/\\\/dodo-inflatables.com\\\/et\\\/opblaasbare-glijbanen-en-springkastelen-kopen-in-nederland\\\/#primaryimage\"},\"thumbnailUrl\":\"https:\\\/\\\/dodo-inflatables.com\\\/wp-content\\\/uploads\\\/2022\\\/01\\\/seperator-kleiner-1024x102.png\",\"datePublished\":\"2024-03-05T14:56:42+00:00\",\"dateModified\":\"2024-07-17T13:10:01+00:00\",\"breadcrumb\":{\"@id\":\"https:\\\/\\\/dodo-inflatables.com\\\/et\\\/opblaasbare-glijbanen-en-springkastelen-kopen-in-nederland\\\/#breadcrumb\"},\"inLanguage\":\"et\",\"potentialAction\":[{\"@type\":\"ReadAction\",\"target\":[\"https:\\\/\\\/dodo-inflatables.com\\\/et\\\/opblaasbare-glijbanen-en-springkastelen-kopen-in-nederland\\\/\"]}]},{\"@type\":\"ImageObject\",\"inLanguage\":\"et\",\"@id\":\"https:\\\/\\\/dodo-inflatables.com\\\/et\\\/opblaasbare-glijbanen-en-springkastelen-kopen-in-nederland\\\/#primaryimage\",\"url\":\"https:\\\/\\\/dodo-inflatables.com\\\/wp-content\\\/uploads\\\/2022\\\/01\\\/seperator-kleiner-1024x102.png\",\"contentUrl\":\"https:\\\/\\\/dodo-inflatables.com\\\/wp-content\\\/uploads\\\/2022\\\/01\\\/seperator-kleiner-1024x102.png\"},{\"@type\":\"BreadcrumbList\",\"@id\":\"https:\\\/\\\/dodo-inflatables.com\\\/et\\\/opblaasbare-glijbanen-en-springkastelen-kopen-in-nederland\\\/#breadcrumb\",\"itemListElement\":[{\"@type\":\"ListItem\",\"position\":1,\"name\":\"Home\",\"item\":\"https:\\\/\\\/dodo-inflatables.com\\\/et\\\/\"},{\"@type\":\"ListItem\",\"position\":2,\"name\":\"Opblaasbare glijbanen en springkastelen kopen in Nederland\"}]},{\"@type\":\"WebSite\",\"@id\":\"https:\\\/\\\/dodo-inflatables.com\\\/et\\\/#website\",\"url\":\"https:\\\/\\\/dodo-inflatables.com\\\/et\\\/\",\"name\":\"dodo-inflatables.com\",\"description\":\"Ostke meie poest h\u00fcppelossi ja atraktsioone.\",\"potentialAction\":[{\"@type\":\"SearchAction\",\"target\":{\"@type\":\"EntryPoint\",\"urlTemplate\":\"https:\\\/\\\/dodo-inflatables.com\\\/et\\\/?s={search_term_string}\"},\"query-input\":{\"@type\":\"PropertyValueSpecification\",\"valueRequired\":true,\"valueName\":\"search_term_string\"}}],\"inLanguage\":\"et\"}]}<\/script>\n<!-- \/ Yoast SEO plugin. -->","yoast_head_json":{"title":"Opblaasbare glijbanen en springkastelen kopen in Nederland - dodo-inflatables.com","robots":{"index":"index","follow":"follow","max-snippet":"max-snippet:-1","max-image-preview":"max-image-preview:large","max-video-preview":"max-video-preview:-1"},"canonical":"https:\/\/dodo-inflatables.com\/et\/opblaasbare-glijbanen-en-springkastelen-kopen-in-nederland\/","twitter_misc":{"Est. reading time":"1 minut"},"schema":{"@context":"https:\/\/schema.org","@graph":[{"@type":"WebPage","@id":"https:\/\/dodo-inflatables.com\/et\/opblaasbare-glijbanen-en-springkastelen-kopen-in-nederland\/","url":"https:\/\/dodo-inflatables.com\/et\/opblaasbare-glijbanen-en-springkastelen-kopen-in-nederland\/","name":"Opblaasbare glijbanen en springkastelen kopen in Nederland - dodo-inflatables.com","isPartOf":{"@id":"https:\/\/dodo-inflatables.com\/et\/#website"},"primaryImageOfPage":{"@id":"https:\/\/dodo-inflatables.com\/et\/opblaasbare-glijbanen-en-springkastelen-kopen-in-nederland\/#primaryimage"},"image":{"@id":"https:\/\/dodo-inflatables.com\/et\/opblaasbare-glijbanen-en-springkastelen-kopen-in-nederland\/#primaryimage"},"thumbnailUrl":"https:\/\/dodo-inflatables.com\/wp-content\/uploads\/2022\/01\/seperator-kleiner-1024x102.png","datePublished":"2024-03-05T14:56:42+00:00","dateModified":"2024-07-17T13:10:01+00:00","breadcrumb":{"@id":"https:\/\/dodo-inflatables.com\/et\/opblaasbare-glijbanen-en-springkastelen-kopen-in-nederland\/#breadcrumb"},"inLanguage":"et","potentialAction":[{"@type":"ReadAction","target":["https:\/\/dodo-inflatables.com\/et\/opblaasbare-glijbanen-en-springkastelen-kopen-in-nederland\/"]}]},{"@type":"ImageObject","inLanguage":"et","@id":"https:\/\/dodo-inflatables.com\/et\/opblaasbare-glijbanen-en-springkastelen-kopen-in-nederland\/#primaryimage","url":"https:\/\/dodo-inflatables.com\/wp-content\/uploads\/2022\/01\/seperator-kleiner-1024x102.png","contentUrl":"https:\/\/dodo-inflatables.com\/wp-content\/uploads\/2022\/01\/seperator-kleiner-1024x102.png"},{"@type":"BreadcrumbList","@id":"https:\/\/dodo-inflatables.com\/et\/opblaasbare-glijbanen-en-springkastelen-kopen-in-nederland\/#breadcrumb","itemListElement":[{"@type":"ListItem","position":1,"name":"Home","item":"https:\/\/dodo-inflatables.com\/et\/"},{"@type":"ListItem","position":2,"name":"Opblaasbare glijbanen en springkastelen kopen in Nederland"}]},{"@type":"WebSite","@id":"https:\/\/dodo-inflatables.com\/et\/#website","url":"https:\/\/dodo-inflatables.com\/et\/","name":"dodo-inflatables.com","description":"Ostke meie poest h\u00fcppelossi ja atraktsioone.","potentialAction":[{"@type":"SearchAction","target":{"@type":"EntryPoint","urlTemplate":"https:\/\/dodo-inflatables.com\/et\/?s={search_term_string}"},"query-input":{"@type":"PropertyValueSpecification","valueRequired":true,"valueName":"search_term_string"}}],"inLanguage":"et"}]}},"uagb_featured_image_src":{"full":false,"thumbnail":false,"medium":false,"medium_large":false,"large":false,"1536x1536":false,"2048x2048":false,"woocommerce_thumbnail":false,"woocommerce_single":false,"woocommerce_gallery_thumbnail":false},"uagb_author_info":{"display_name":"Andreas","author_link":"https:\/\/dodo-inflatables.com\/et\/author\/andreas\/"},"uagb_comment_info":0,"uagb_excerpt":"Opblaasbare glijbanen en springkastelen kopen in Nederland Tere tulemast Dodo-Inflatables.com &#8211; veebip\u00f5hine veebip\u00f5hine kauplus vabalt valitud lennukeid pakkuvatele lennukeile Euroopas! Otsige end \u00fcles meie suure valiku t\u00e4ispuhutavatest lastes\u00f5idukitest, t\u00e4ispuhutavatest kastelettidest ja glijbanen, mis on v\u00e4ga hea valik, et neid saaks veel rohkem paigaldada. Kui te otsite n\u00fc\u00fcd suurt t\u00e4ispuhutavat lastes\u00f5itu, v\u00e4ikest vedruplatvormi lastepeole v\u00f5i vedruplatvormi,&hellip;","_links":{"self":[{"href":"https:\/\/dodo-inflatables.com\/et\/wp-json\/wp\/v2\/pages\/17515","targetHints":{"allow":["GET"]}}],"collection":[{"href":"https:\/\/dodo-inflatables.com\/et\/wp-json\/wp\/v2\/pages"}],"about":[{"href":"https:\/\/dodo-inflatables.com\/et\/wp-json\/wp\/v2\/types\/page"}],"author":[{"embeddable":true,"href":"https:\/\/dodo-inflatables.com\/et\/wp-json\/wp\/v2\/users\/1"}],"replies":[{"embeddable":true,"href":"https:\/\/dodo-inflatables.com\/et\/wp-json\/wp\/v2\/comments?post=17515"}],"version-history":[{"count":2,"href":"https:\/\/dodo-inflatables.com\/et\/wp-json\/wp\/v2\/pages\/17515\/revisions"}],"predecessor-version":[{"id":17519,"href":"https:\/\/dodo-inflatables.com\/et\/wp-json\/wp\/v2\/pages\/17515\/revisions\/17519"}],"wp:attachment":[{"href":"https:\/\/dodo-inflatables.com\/et\/wp-json\/wp\/v2\/media?parent=17515"}],"curies":[{"name":"wp","href":"https:\/\/api.w.org\/{rel}","templated":true}]}}