{"id":17685,"date":"2017-01-16T10:56:53","date_gmt":"2017-01-16T09:56:53","guid":{"rendered":"https:\/\/dodo-inflatables.com\/meie-kohta\/"},"modified":"2024-08-19T14:42:06","modified_gmt":"2024-08-19T12:42:06","slug":"meie-kohta","status":"publish","type":"page","link":"https:\/\/dodo-inflatables.com\/et\/meie-kohta\/","title":{"rendered":"Meie kohta"},"content":{"rendered":"\n<figure class=\"wp-block-image aligncenter size-large\"><a href=\"https:\/\/dodo-inflatables.com\/wp-content\/uploads\/2022\/01\/seperator-kleiner.png\"><img fetchpriority=\"high\" decoding=\"async\" width=\"1024\" height=\"102\" src=\"https:\/\/dodo-inflatables.com\/wp-content\/uploads\/2022\/01\/seperator-kleiner-1024x102.png\" alt=\"\" class=\"wp-image-4026\" srcset=\"https:\/\/dodo-inflatables.com\/wp-content\/uploads\/2022\/01\/seperator-kleiner-1024x102.png 1024w, https:\/\/dodo-inflatables.com\/wp-content\/uploads\/2022\/01\/seperator-kleiner-900x90.png 900w, https:\/\/dodo-inflatables.com\/wp-content\/uploads\/2022\/01\/seperator-kleiner-300x30.png 300w, https:\/\/dodo-inflatables.com\/wp-content\/uploads\/2022\/01\/seperator-kleiner-768x77.png 768w, https:\/\/dodo-inflatables.com\/wp-content\/uploads\/2022\/01\/seperator-kleiner-1536x154.png 1536w, https:\/\/dodo-inflatables.com\/wp-content\/uploads\/2022\/01\/seperator-kleiner-340x34.png 340w, https:\/\/dodo-inflatables.com\/wp-content\/uploads\/2022\/01\/seperator-kleiner.png 2000w\" sizes=\"(max-width: 1024px) 100vw, 1024px\" \/><\/a><\/figure>\n<h2 style=\"text-align: center;\">Tere tulemast Dodo-Inflatables.com!<\/h2>\n<p>Olles juba \u00fcle 10 aasta tegelenud h\u00fcppelinnade ja muude \u00fcrituste moodulite rentimisega, otsustasime hakata tegelema ka h\u00fcppelinnade m\u00fc\u00fcgiga. T\u00e4nu meie enda renditegevusele teame, mis on oluline, kui tegemist on professionaalselt kasutatavate t\u00e4ispuhutavate laevadega. Me tahame seda eelist \u00e4ra kasutada ja m\u00fc\u00fca ainult selliseid t\u00e4ispuhutavaid materjale, mis meie enda kogemustest teame, et need sobivad ideaalselt professionaalseks ja rendiotstarbeliseks kasutamiseks.<\/p>\n<p>Lisaks <a href=\"https:\/\/dodo-inflatables.com\/et\/tootekategooria\/bouncy-castles-et\/\">v\u00e4ikestele ja suurtele h\u00fcppelinnakutele<\/a> pakume ka lium\u00e4gedega h\u00fcppelinnakuid ja <a href=\"https:\/\/dodo-inflatables.com\/et\/tootekategooria\/slides-et\/\">hiiglaslikke lium\u00e4gesid<\/a>, mis pakuvad lastele kaks korda rohkem r\u00f5\u00f5mu. Meilt saate soodsalt osta ka muid atraktsioone, n\u00e4iteks t\u00e4ispuhutavaid <a href=\"https:\/\/dodo-inflatables.com\/et\/toode\/jalgpall-dart\/\">jalgpallideleid<\/a>. Ja loomulikult leiate tarvikute kategooriast ka k\u00f5ik vajalikud tarvikud, mida vajate h\u00fcppelinnade kasutamiseks.<\/p>\n<p>Kuna me teame oma kogemustest, kui oluline on hea kvaliteet rendiettev\u00f5ttes, kontrollime ise regulaarselt t\u00e4ispuhutavate m\u00f6\u00f6blide tootmist ja p\u00f6\u00f6rame t\u00e4helepanu tunnustatud sertifikaatidele. Meie laos olevad h\u00fcppelinnakud saab teile saata 2-5 t\u00f6\u00f6p\u00e4eva jooksul. Loomulikult saame soovi korral valmistada ka individuaalseid tooteid. V\u00f5ta meiega \u00fchendust!<\/p>\n<p><a href=\"https:\/\/dodo-inflatables.com\/et\/tootekategooria\/kasutatud\/\">Kasutatud kategoorias<\/a> leiate suurep\u00e4raseid, kasutatud t\u00e4ispuhutavaid lapsi soodsate hindadega. Samuti leiate sobivad tarvikud ja muud \u00fcrituse moodulid.<\/p>\n<p>Loodame, et naudite meie poe sirvimist!<\/p>\n<p>Teie meeskond Dodo-Inflatables.com&#8217;ist<\/p>\n\n<figure class=\"wp-block-image size-large\"><a href=\"https:\/\/dodo-inflatables.com\/wp-content\/uploads\/2022\/01\/seperator-kleiner.png\"><img fetchpriority=\"high\" decoding=\"async\" width=\"1024\" height=\"102\" src=\"https:\/\/dodo-inflatables.com\/wp-content\/uploads\/2022\/01\/seperator-kleiner-1024x102.png\" alt=\"\" class=\"wp-image-4026\" srcset=\"https:\/\/dodo-inflatables.com\/wp-content\/uploads\/2022\/01\/seperator-kleiner-1024x102.png 1024w, https:\/\/dodo-inflatables.com\/wp-content\/uploads\/2022\/01\/seperator-kleiner-900x90.png 900w, https:\/\/dodo-inflatables.com\/wp-content\/uploads\/2022\/01\/seperator-kleiner-300x30.png 300w, https:\/\/dodo-inflatables.com\/wp-content\/uploads\/2022\/01\/seperator-kleiner-768x77.png 768w, https:\/\/dodo-inflatables.com\/wp-content\/uploads\/2022\/01\/seperator-kleiner-1536x154.png 1536w, https:\/\/dodo-inflatables.com\/wp-content\/uploads\/2022\/01\/seperator-kleiner-340x34.png 340w, https:\/\/dodo-inflatables.com\/wp-content\/uploads\/2022\/01\/seperator-kleiner.png 2000w\" sizes=\"(max-width: 1024px) 100vw, 1024px\" \/><\/a><\/figure>\n\n\n<div id=\"sb_instagram\"  class=\"sbi sbi_mob_col_1 sbi_tab_col_2 sbi_col_4 sbi_width_resp\" style=\"padding-bottom: 10px;\"\t data-feedid=\"*2\"  data-res=\"auto\" data-cols=\"4\" data-colsmobile=\"1\" data-colstablet=\"2\" data-num=\"20\" data-nummobile=\"20\" data-item-padding=\"5\"\t data-shortcode-atts=\"{&quot;feed&quot;:&quot;2&quot;}\"  data-postid=\"17685\" data-locatornonce=\"a2217b18a9\" data-imageaspectratio=\"1:1\" data-sbi-flags=\"favorLocal,gdpr\">\n\t\n\t<div id=\"sbi_images\"  style=\"gap: 10px;\">\n\t\t\t<\/div>\n\n\t<div id=\"sbi_load\" >\n\n\t\n\t\t\t<span class=\"sbi_follow_btn sbi_custom\" >\n\t\t\t<a target=\"_blank\"\n\t\t\t\trel=\"nofollow noopener\"  href=\"https:\/\/www.instagram.com\/dodo_inflatables\/\" style=\"background: rgb(64,139,209);\">\n\t\t\t\t<svg class=\"svg-inline--fa fa-instagram fa-w-14\" aria-hidden=\"true\" data-fa-processed=\"\" aria-label=\"Instagram\" data-prefix=\"fab\" data-icon=\"instagram\" role=\"img\" viewBox=\"0 0 448 512\">\n                    <path fill=\"currentColor\" d=\"M224.1 141c-63.6 0-114.9 51.3-114.9 114.9s51.3 114.9 114.9 114.9S339 319.5 339 255.9 287.7 141 224.1 141zm0 189.6c-41.1 0-74.7-33.5-74.7-74.7s33.5-74.7 74.7-74.7 74.7 33.5 74.7 74.7-33.6 74.7-74.7 74.7zm146.4-194.3c0 14.9-12 26.8-26.8 26.8-14.9 0-26.8-12-26.8-26.8s12-26.8 26.8-26.8 26.8 12 26.8 26.8zm76.1 27.2c-1.7-35.9-9.9-67.7-36.2-93.9-26.2-26.2-58-34.4-93.9-36.2-37-2.1-147.9-2.1-184.9 0-35.8 1.7-67.6 9.9-93.9 36.1s-34.4 58-36.2 93.9c-2.1 37-2.1 147.9 0 184.9 1.7 35.9 9.9 67.7 36.2 93.9s58 34.4 93.9 36.2c37 2.1 147.9 2.1 184.9 0 35.9-1.7 67.7-9.9 93.9-36.2 26.2-26.2 34.4-58 36.2-93.9 2.1-37 2.1-147.8 0-184.8zM398.8 388c-7.8 19.6-22.9 34.7-42.6 42.6-29.5 11.7-99.5 9-132.1 9s-102.7 2.6-132.1-9c-19.6-7.8-34.7-22.9-42.6-42.6-11.7-29.5-9-99.5-9-132.1s-2.6-102.7 9-132.1c7.8-19.6 22.9-34.7 42.6-42.6 29.5-11.7 99.5-9 132.1-9s102.7-2.6 132.1 9c19.6 7.8 34.7 22.9 42.6 42.6 11.7 29.5 9 99.5 9 132.1s2.7 102.7-9 132.1z\"><\/path>\n                <\/svg>\t\t\t\t<span>Follow on Instagram<\/span>\n\t\t\t<\/a>\n\t\t<\/span>\n\t\n<\/div>\n\t\t<span class=\"sbi_resized_image_data\" data-feed-id=\"*2\"\n\t\t  data-resized=\"[]\">\n\t<\/span>\n\t<\/div>\n\n\n","protected":false},"excerpt":{"rendered":"<p>Tere tulemast Dodo-Inflatables.com! Olles juba \u00fcle 10 aasta tegelenud h\u00fcppelinnade ja muude \u00fcrituste moodulite rentimisega, otsustasime hakata tegelema ka h\u00fcppelinnade m\u00fc\u00fcgiga. T\u00e4nu meie enda renditegevusele teame, mis on oluline, kui tegemist on professionaalselt kasutatavate t\u00e4ispuhutavate laevadega. Me tahame seda eelist \u00e4ra kasutada ja m\u00fc\u00fca ainult selliseid t\u00e4ispuhutavaid materjale, mis meie enda kogemustest teame, et need [&hellip;]<\/p>\n","protected":false},"author":1,"featured_media":0,"parent":0,"menu_order":0,"comment_status":"closed","ping_status":"closed","template":"","meta":{"_acf_changed":false,"_uag_custom_page_level_css":"","site-sidebar-layout":"default","site-content-layout":"content-boxed-container","ast-site-content-layout":"normal-width-container","site-content-style":"boxed","site-sidebar-style":"unboxed","ast-global-header-display":"","ast-banner-title-visibility":"","ast-main-header-display":"","ast-hfb-above-header-display":"","ast-hfb-below-header-display":"","ast-hfb-mobile-header-display":"","site-post-title":"disabled","ast-breadcrumbs-content":"disabled","ast-featured-img":"disabled","footer-sml-layout":"","ast-disable-related-posts":"","theme-transparent-header-meta":"","adv-header-id-meta":"7189","stick-header-meta":"","header-above-stick-meta":"","header-main-stick-meta":"","header-below-stick-meta":"","astra-migrate-meta-layouts":"default","ast-page-background-enabled":"default","ast-page-background-meta":{"desktop":{"background-color":"var(--ast-global-color-4)","background-image":"","background-repeat":"repeat","background-position":"center center","background-size":"auto","background-attachment":"scroll","background-type":"","background-media":"","overlay-type":"","overlay-color":"","overlay-opacity":"","overlay-gradient":""},"tablet":{"background-color":"","background-image":"","background-repeat":"repeat","background-position":"center center","background-size":"auto","background-attachment":"scroll","background-type":"","background-media":"","overlay-type":"","overlay-color":"","overlay-opacity":"","overlay-gradient":""},"mobile":{"background-color":"","background-image":"","background-repeat":"repeat","background-position":"center center","background-size":"auto","background-attachment":"scroll","background-type":"","background-media":"","overlay-type":"","overlay-color":"","overlay-opacity":"","overlay-gradient":""}},"ast-content-background-meta":{"desktop":{"background-color":"var(--ast-global-color-5)","background-image":"","background-repeat":"repeat","background-position":"center center","background-size":"auto","background-attachment":"scroll","background-type":"","background-media":"","overlay-type":"","overlay-color":"","overlay-opacity":"","overlay-gradient":""},"tablet":{"background-color":"var(--ast-global-color-5)","background-image":"","background-repeat":"repeat","background-position":"center center","background-size":"auto","background-attachment":"scroll","background-type":"","background-media":"","overlay-type":"","overlay-color":"","overlay-opacity":"","overlay-gradient":""},"mobile":{"background-color":"var(--ast-global-color-5)","background-image":"","background-repeat":"repeat","background-position":"center center","background-size":"auto","background-attachment":"scroll","background-type":"","background-media":"","overlay-type":"","overlay-color":"","overlay-opacity":"","overlay-gradient":""}},"footnotes":""},"class_list":["post-17685","page","type-page","status-publish","hentry"],"acf":[],"yoast_head":"<!-- This site is optimized with the Yoast SEO plugin v27.5 - https:\/\/yoast.com\/product\/yoast-seo-wordpress\/ -->\n<title>Dodo Inflatables&#039;i kohta - Sertifitseeritud kvaliteetseid t\u00e4ispuhutavaid tooteid<\/title>\n<meta name=\"description\" content=\"Tutvuge Dodo Inflatables&#039;iga, teie usaldusv\u00e4\u00e4rse partneriga DIN EN 14960 sertifitseeritud h\u00fcppelinnade alal. Liitu meiega, et luua turvalisi, unustamatuid h\u00fcppar\u00f5\u00f5muhetki.\" \/>\n<meta name=\"robots\" content=\"index, follow, max-snippet:-1, max-image-preview:large, max-video-preview:-1\" \/>\n<link rel=\"canonical\" href=\"https:\/\/dodo-inflatables.com\/et\/meie-kohta\/\" \/>\n<meta name=\"twitter:label1\" content=\"Est. reading time\" \/>\n\t<meta name=\"twitter:data1\" content=\"1 minut\" \/>\n<script type=\"application\/ld+json\" class=\"yoast-schema-graph\">{\"@context\":\"https:\\\/\\\/schema.org\",\"@graph\":[{\"@type\":\"WebPage\",\"@id\":\"https:\\\/\\\/dodo-inflatables.com\\\/et\\\/meie-kohta\\\/\",\"url\":\"https:\\\/\\\/dodo-inflatables.com\\\/et\\\/meie-kohta\\\/\",\"name\":\"Dodo Inflatables'i kohta - Sertifitseeritud kvaliteetseid t\u00e4ispuhutavaid tooteid\",\"isPartOf\":{\"@id\":\"https:\\\/\\\/dodo-inflatables.com\\\/et\\\/#website\"},\"primaryImageOfPage\":{\"@id\":\"https:\\\/\\\/dodo-inflatables.com\\\/et\\\/meie-kohta\\\/#primaryimage\"},\"image\":{\"@id\":\"https:\\\/\\\/dodo-inflatables.com\\\/et\\\/meie-kohta\\\/#primaryimage\"},\"thumbnailUrl\":\"https:\\\/\\\/dodo-inflatables.com\\\/wp-content\\\/uploads\\\/2022\\\/01\\\/seperator-kleiner-1024x102.png\",\"datePublished\":\"2017-01-16T09:56:53+00:00\",\"dateModified\":\"2024-08-19T12:42:06+00:00\",\"description\":\"Tutvuge Dodo Inflatables'iga, teie usaldusv\u00e4\u00e4rse partneriga DIN EN 14960 sertifitseeritud h\u00fcppelinnade alal. Liitu meiega, et luua turvalisi, unustamatuid h\u00fcppar\u00f5\u00f5muhetki.\",\"breadcrumb\":{\"@id\":\"https:\\\/\\\/dodo-inflatables.com\\\/et\\\/meie-kohta\\\/#breadcrumb\"},\"inLanguage\":\"et\",\"potentialAction\":[{\"@type\":\"ReadAction\",\"target\":[\"https:\\\/\\\/dodo-inflatables.com\\\/et\\\/meie-kohta\\\/\"]}]},{\"@type\":\"ImageObject\",\"inLanguage\":\"et\",\"@id\":\"https:\\\/\\\/dodo-inflatables.com\\\/et\\\/meie-kohta\\\/#primaryimage\",\"url\":\"https:\\\/\\\/dodo-inflatables.com\\\/wp-content\\\/uploads\\\/2022\\\/01\\\/seperator-kleiner-1024x102.png\",\"contentUrl\":\"https:\\\/\\\/dodo-inflatables.com\\\/wp-content\\\/uploads\\\/2022\\\/01\\\/seperator-kleiner-1024x102.png\"},{\"@type\":\"BreadcrumbList\",\"@id\":\"https:\\\/\\\/dodo-inflatables.com\\\/et\\\/meie-kohta\\\/#breadcrumb\",\"itemListElement\":[{\"@type\":\"ListItem\",\"position\":1,\"name\":\"Home\",\"item\":\"https:\\\/\\\/dodo-inflatables.com\\\/et\\\/\"},{\"@type\":\"ListItem\",\"position\":2,\"name\":\"Meie kohta\"}]},{\"@type\":\"WebSite\",\"@id\":\"https:\\\/\\\/dodo-inflatables.com\\\/et\\\/#website\",\"url\":\"https:\\\/\\\/dodo-inflatables.com\\\/et\\\/\",\"name\":\"dodo-inflatables.com\",\"description\":\"Ostke meie poest h\u00fcppelossi ja atraktsioone.\",\"potentialAction\":[{\"@type\":\"SearchAction\",\"target\":{\"@type\":\"EntryPoint\",\"urlTemplate\":\"https:\\\/\\\/dodo-inflatables.com\\\/et\\\/?s={search_term_string}\"},\"query-input\":{\"@type\":\"PropertyValueSpecification\",\"valueRequired\":true,\"valueName\":\"search_term_string\"}}],\"inLanguage\":\"et\"}]}<\/script>\n<!-- \/ Yoast SEO plugin. -->","yoast_head_json":{"title":"Dodo Inflatables'i kohta - Sertifitseeritud kvaliteetseid t\u00e4ispuhutavaid tooteid","description":"Tutvuge Dodo Inflatables'iga, teie usaldusv\u00e4\u00e4rse partneriga DIN EN 14960 sertifitseeritud h\u00fcppelinnade alal. Liitu meiega, et luua turvalisi, unustamatuid h\u00fcppar\u00f5\u00f5muhetki.","robots":{"index":"index","follow":"follow","max-snippet":"max-snippet:-1","max-image-preview":"max-image-preview:large","max-video-preview":"max-video-preview:-1"},"canonical":"https:\/\/dodo-inflatables.com\/et\/meie-kohta\/","twitter_misc":{"Est. reading time":"1 minut"},"schema":{"@context":"https:\/\/schema.org","@graph":[{"@type":"WebPage","@id":"https:\/\/dodo-inflatables.com\/et\/meie-kohta\/","url":"https:\/\/dodo-inflatables.com\/et\/meie-kohta\/","name":"Dodo Inflatables'i kohta - Sertifitseeritud kvaliteetseid t\u00e4ispuhutavaid tooteid","isPartOf":{"@id":"https:\/\/dodo-inflatables.com\/et\/#website"},"primaryImageOfPage":{"@id":"https:\/\/dodo-inflatables.com\/et\/meie-kohta\/#primaryimage"},"image":{"@id":"https:\/\/dodo-inflatables.com\/et\/meie-kohta\/#primaryimage"},"thumbnailUrl":"https:\/\/dodo-inflatables.com\/wp-content\/uploads\/2022\/01\/seperator-kleiner-1024x102.png","datePublished":"2017-01-16T09:56:53+00:00","dateModified":"2024-08-19T12:42:06+00:00","description":"Tutvuge Dodo Inflatables'iga, teie usaldusv\u00e4\u00e4rse partneriga DIN EN 14960 sertifitseeritud h\u00fcppelinnade alal. Liitu meiega, et luua turvalisi, unustamatuid h\u00fcppar\u00f5\u00f5muhetki.","breadcrumb":{"@id":"https:\/\/dodo-inflatables.com\/et\/meie-kohta\/#breadcrumb"},"inLanguage":"et","potentialAction":[{"@type":"ReadAction","target":["https:\/\/dodo-inflatables.com\/et\/meie-kohta\/"]}]},{"@type":"ImageObject","inLanguage":"et","@id":"https:\/\/dodo-inflatables.com\/et\/meie-kohta\/#primaryimage","url":"https:\/\/dodo-inflatables.com\/wp-content\/uploads\/2022\/01\/seperator-kleiner-1024x102.png","contentUrl":"https:\/\/dodo-inflatables.com\/wp-content\/uploads\/2022\/01\/seperator-kleiner-1024x102.png"},{"@type":"BreadcrumbList","@id":"https:\/\/dodo-inflatables.com\/et\/meie-kohta\/#breadcrumb","itemListElement":[{"@type":"ListItem","position":1,"name":"Home","item":"https:\/\/dodo-inflatables.com\/et\/"},{"@type":"ListItem","position":2,"name":"Meie kohta"}]},{"@type":"WebSite","@id":"https:\/\/dodo-inflatables.com\/et\/#website","url":"https:\/\/dodo-inflatables.com\/et\/","name":"dodo-inflatables.com","description":"Ostke meie poest h\u00fcppelossi ja atraktsioone.","potentialAction":[{"@type":"SearchAction","target":{"@type":"EntryPoint","urlTemplate":"https:\/\/dodo-inflatables.com\/et\/?s={search_term_string}"},"query-input":{"@type":"PropertyValueSpecification","valueRequired":true,"valueName":"search_term_string"}}],"inLanguage":"et"}]}},"uagb_featured_image_src":{"full":false,"thumbnail":false,"medium":false,"medium_large":false,"large":false,"1536x1536":false,"2048x2048":false,"woocommerce_thumbnail":false,"woocommerce_single":false,"woocommerce_gallery_thumbnail":false},"uagb_author_info":{"display_name":"Andreas","author_link":"https:\/\/dodo-inflatables.com\/et\/author\/andreas\/"},"uagb_comment_info":0,"uagb_excerpt":"Tere tulemast Dodo-Inflatables.com! Olles juba \u00fcle 10 aasta tegelenud h\u00fcppelinnade ja muude \u00fcrituste moodulite rentimisega, otsustasime hakata tegelema ka h\u00fcppelinnade m\u00fc\u00fcgiga. T\u00e4nu meie enda renditegevusele teame, mis on oluline, kui tegemist on professionaalselt kasutatavate t\u00e4ispuhutavate laevadega. Me tahame seda eelist \u00e4ra kasutada ja m\u00fc\u00fca ainult selliseid t\u00e4ispuhutavaid materjale, mis meie enda kogemustest teame, et need&hellip;","_links":{"self":[{"href":"https:\/\/dodo-inflatables.com\/et\/wp-json\/wp\/v2\/pages\/17685","targetHints":{"allow":["GET"]}}],"collection":[{"href":"https:\/\/dodo-inflatables.com\/et\/wp-json\/wp\/v2\/pages"}],"about":[{"href":"https:\/\/dodo-inflatables.com\/et\/wp-json\/wp\/v2\/types\/page"}],"author":[{"embeddable":true,"href":"https:\/\/dodo-inflatables.com\/et\/wp-json\/wp\/v2\/users\/1"}],"replies":[{"embeddable":true,"href":"https:\/\/dodo-inflatables.com\/et\/wp-json\/wp\/v2\/comments?post=17685"}],"version-history":[{"count":4,"href":"https:\/\/dodo-inflatables.com\/et\/wp-json\/wp\/v2\/pages\/17685\/revisions"}],"predecessor-version":[{"id":38914,"href":"https:\/\/dodo-inflatables.com\/et\/wp-json\/wp\/v2\/pages\/17685\/revisions\/38914"}],"wp:attachment":[{"href":"https:\/\/dodo-inflatables.com\/et\/wp-json\/wp\/v2\/media?parent=17685"}],"curies":[{"name":"wp","href":"https:\/\/api.w.org\/{rel}","templated":true}]}}