{"id":17733,"date":"2017-01-06T19:43:59","date_gmt":"2017-01-06T18:43:59","guid":{"rendered":"https:\/\/dodo-inflatables.com\/versandarten\/"},"modified":"2024-07-17T15:11:04","modified_gmt":"2024-07-17T13:11:04","slug":"versandarten","status":"publish","type":"page","link":"https:\/\/dodo-inflatables.com\/et\/versandarten\/","title":{"rendered":"Versandarten"},"content":{"rendered":"\n<h2 class=\"has-text-align-center wp-block-heading\" id=\"versandarten\"><strong>Versandarten<\/strong><\/h2>\n\n<p><strong>H\u00fcpfburgen, Rutschen &amp; Eventmodule<\/strong> werden mit einer <strong>Spedition<\/strong> versendet, dieser Versand kostet 119 \u20ac inkl. MwSt. Nach Zahlungseingang wird deine Ware noch am gleichen oder am n\u00e4chsten Werktag versendet. Die Zustellung erfolgt dann in der Regel innerhalb von 1 &#8211; 2 Werktagen.<\/p>\n\n<p>Der Versand f\u00fcr <strong>Pakete<\/strong> (z. B. Gebl\u00e4se) bis einschlie\u00dflich 30 kg maksab 9,95 \u20ac.<br\/><\/p>\n\n<p>Der Versand ist also in die Schweiz und alle europ\u00e4ischen L\u00e4nder (Horvaatia, Ungari, Luksemburg, T\u00fcrgi, Poola, T\u0161ehhi, Slowakei, L\u00e4ti jne) m\u00f6glich. F\u00fcr die Versandkosten bitte einfach per Mail<a href=\"mailto:info@huepfburg-guenstig-kaufen.de\">(info@huepfburg-guenstig-kaufen.de)<\/a> anfragen.<br\/>Weitere Infos f\u00fcr den Versand ins Ausland findest du hier: <a href=\"https:\/\/dodo-inflatables.com\/lieferung-in-die-schweiz\/\">Lieferung in die Schweiz<\/a> und <a href=\"https:\/\/dodo-inflatables.com\/lieferung-in-das-eu-ausland\/\">Lieferung in das EU-Ausland<\/a>.<\/p>\n","protected":false},"excerpt":{"rendered":"<p>Versandarten H\u00fcpfburgen, Rutschen &amp; Eventmodule werden mit einer Spedition versendet, dieser Versand kostet 119 \u20ac inkl. MwSt. Nach Zahlungseingang wird deine Ware noch am gleichen oder am n\u00e4chsten Werktag versendet. Die Zustellung erfolgt dann in der Regel innerhalb von 1 &#8211; 2 Werktagen. Der Versand f\u00fcr Pakete (z. B. Gebl\u00e4se) bis einschlie\u00dflich 30 kg maksab [&hellip;]<\/p>\n","protected":false},"author":1,"featured_media":0,"parent":0,"menu_order":0,"comment_status":"closed","ping_status":"closed","template":"","meta":{"_acf_changed":false,"_uag_custom_page_level_css":"","site-sidebar-layout":"default","site-content-layout":"boxed-container","ast-site-content-layout":"default","site-content-style":"default","site-sidebar-style":"default","ast-global-header-display":"","ast-banner-title-visibility":"","ast-main-header-display":"","ast-hfb-above-header-display":"","ast-hfb-below-header-display":"","ast-hfb-mobile-header-display":"","site-post-title":"disabled","ast-breadcrumbs-content":"disabled","ast-featured-img":"disabled","footer-sml-layout":"","ast-disable-related-posts":"","theme-transparent-header-meta":"","adv-header-id-meta":"4069","stick-header-meta":"","header-above-stick-meta":"","header-main-stick-meta":"","header-below-stick-meta":"","astra-migrate-meta-layouts":"default","ast-page-background-enabled":"default","ast-page-background-meta":{"desktop":{"background-color":"var(--ast-global-color-4)","background-image":"","background-repeat":"repeat","background-position":"center center","background-size":"auto","background-attachment":"scroll","background-type":"","background-media":"","overlay-type":"","overlay-color":"","overlay-opacity":"","overlay-gradient":""},"tablet":{"background-color":"","background-image":"","background-repeat":"repeat","background-position":"center center","background-size":"auto","background-attachment":"scroll","background-type":"","background-media":"","overlay-type":"","overlay-color":"","overlay-opacity":"","overlay-gradient":""},"mobile":{"background-color":"","background-image":"","background-repeat":"repeat","background-position":"center center","background-size":"auto","background-attachment":"scroll","background-type":"","background-media":"","overlay-type":"","overlay-color":"","overlay-opacity":"","overlay-gradient":""}},"ast-content-background-meta":{"desktop":{"background-color":"var(--ast-global-color-5)","background-image":"","background-repeat":"repeat","background-position":"center center","background-size":"auto","background-attachment":"scroll","background-type":"","background-media":"","overlay-type":"","overlay-color":"","overlay-opacity":"","overlay-gradient":""},"tablet":{"background-color":"var(--ast-global-color-5)","background-image":"","background-repeat":"repeat","background-position":"center center","background-size":"auto","background-attachment":"scroll","background-type":"","background-media":"","overlay-type":"","overlay-color":"","overlay-opacity":"","overlay-gradient":""},"mobile":{"background-color":"var(--ast-global-color-5)","background-image":"","background-repeat":"repeat","background-position":"center center","background-size":"auto","background-attachment":"scroll","background-type":"","background-media":"","overlay-type":"","overlay-color":"","overlay-opacity":"","overlay-gradient":""}},"footnotes":""},"class_list":["post-17733","page","type-page","status-publish","hentry"],"acf":[],"yoast_head":"<!-- This site is optimized with the Yoast SEO plugin v27.3 - https:\/\/yoast.com\/product\/yoast-seo-wordpress\/ -->\n<title>Osta t\u00e4ispuhutav | Tarneviisid | Dodo-Inflatable.com<\/title>\n<meta name=\"description\" content=\"Kiire ja lihtne saatmine Euroopasse ja \u0160veitsi | Dodo-Inflatables.com |\" \/>\n<meta name=\"robots\" content=\"index, follow, max-snippet:-1, max-image-preview:large, max-video-preview:-1\" \/>\n<link rel=\"canonical\" href=\"https:\/\/dodo-inflatables.com\/et\/versandarten\/\" \/>\n<meta name=\"twitter:label1\" content=\"Est. reading time\" \/>\n\t<meta name=\"twitter:data1\" content=\"1 minut\" \/>\n<script type=\"application\/ld+json\" class=\"yoast-schema-graph\">{\"@context\":\"https:\\\/\\\/schema.org\",\"@graph\":[{\"@type\":\"WebPage\",\"@id\":\"https:\\\/\\\/dodo-inflatables.com\\\/et\\\/versandarten\\\/\",\"url\":\"https:\\\/\\\/dodo-inflatables.com\\\/et\\\/versandarten\\\/\",\"name\":\"Osta t\u00e4ispuhutav | Tarneviisid | Dodo-Inflatable.com\",\"isPartOf\":{\"@id\":\"https:\\\/\\\/dodo-inflatables.com\\\/et\\\/#website\"},\"datePublished\":\"2017-01-06T18:43:59+00:00\",\"dateModified\":\"2024-07-17T13:11:04+00:00\",\"description\":\"Kiire ja lihtne saatmine Euroopasse ja \u0160veitsi | Dodo-Inflatables.com |\",\"breadcrumb\":{\"@id\":\"https:\\\/\\\/dodo-inflatables.com\\\/et\\\/versandarten\\\/#breadcrumb\"},\"inLanguage\":\"et\",\"potentialAction\":[{\"@type\":\"ReadAction\",\"target\":[\"https:\\\/\\\/dodo-inflatables.com\\\/et\\\/versandarten\\\/\"]}]},{\"@type\":\"BreadcrumbList\",\"@id\":\"https:\\\/\\\/dodo-inflatables.com\\\/et\\\/versandarten\\\/#breadcrumb\",\"itemListElement\":[{\"@type\":\"ListItem\",\"position\":1,\"name\":\"Home\",\"item\":\"https:\\\/\\\/dodo-inflatables.com\\\/et\\\/\"},{\"@type\":\"ListItem\",\"position\":2,\"name\":\"Versandarten\"}]},{\"@type\":\"WebSite\",\"@id\":\"https:\\\/\\\/dodo-inflatables.com\\\/et\\\/#website\",\"url\":\"https:\\\/\\\/dodo-inflatables.com\\\/et\\\/\",\"name\":\"dodo-inflatables.com\",\"description\":\"Ostke meie poest h\u00fcppelossi ja atraktsioone.\",\"publisher\":{\"@id\":\"https:\\\/\\\/dodo-inflatables.com\\\/et\\\/#organization\"},\"potentialAction\":[{\"@type\":\"SearchAction\",\"target\":{\"@type\":\"EntryPoint\",\"urlTemplate\":\"https:\\\/\\\/dodo-inflatables.com\\\/et\\\/?s={search_term_string}\"},\"query-input\":{\"@type\":\"PropertyValueSpecification\",\"valueRequired\":true,\"valueName\":\"search_term_string\"}}],\"inLanguage\":\"et\"},{\"@type\":\"Organization\",\"@id\":\"https:\\\/\\\/dodo-inflatables.com\\\/et\\\/#organization\",\"name\":\"dodo-inflatables.com\",\"url\":\"https:\\\/\\\/dodo-inflatables.com\\\/et\\\/\",\"logo\":{\"@type\":\"ImageObject\",\"inLanguage\":\"et\",\"@id\":\"https:\\\/\\\/dodo-inflatables.com\\\/et\\\/#\\\/schema\\\/logo\\\/image\\\/\",\"url\":\"https:\\\/\\\/dodo-inflatables.com\\\/wp-content\\\/uploads\\\/2023\\\/04\\\/cropped-cropped-cropped-Dodo-Logo.png\",\"contentUrl\":\"https:\\\/\\\/dodo-inflatables.com\\\/wp-content\\\/uploads\\\/2023\\\/04\\\/cropped-cropped-cropped-Dodo-Logo.png\",\"width\":2996,\"height\":1545,\"caption\":\"dodo-inflatables.com\"},\"image\":{\"@id\":\"https:\\\/\\\/dodo-inflatables.com\\\/et\\\/#\\\/schema\\\/logo\\\/image\\\/\"}}]}<\/script>\n<!-- \/ Yoast SEO plugin. -->","yoast_head_json":{"title":"Osta t\u00e4ispuhutav | Tarneviisid | Dodo-Inflatable.com","description":"Kiire ja lihtne saatmine Euroopasse ja \u0160veitsi | Dodo-Inflatables.com |","robots":{"index":"index","follow":"follow","max-snippet":"max-snippet:-1","max-image-preview":"max-image-preview:large","max-video-preview":"max-video-preview:-1"},"canonical":"https:\/\/dodo-inflatables.com\/et\/versandarten\/","twitter_misc":{"Est. reading time":"1 minut"},"schema":{"@context":"https:\/\/schema.org","@graph":[{"@type":"WebPage","@id":"https:\/\/dodo-inflatables.com\/et\/versandarten\/","url":"https:\/\/dodo-inflatables.com\/et\/versandarten\/","name":"Osta t\u00e4ispuhutav | Tarneviisid | Dodo-Inflatable.com","isPartOf":{"@id":"https:\/\/dodo-inflatables.com\/et\/#website"},"datePublished":"2017-01-06T18:43:59+00:00","dateModified":"2024-07-17T13:11:04+00:00","description":"Kiire ja lihtne saatmine Euroopasse ja \u0160veitsi | Dodo-Inflatables.com |","breadcrumb":{"@id":"https:\/\/dodo-inflatables.com\/et\/versandarten\/#breadcrumb"},"inLanguage":"et","potentialAction":[{"@type":"ReadAction","target":["https:\/\/dodo-inflatables.com\/et\/versandarten\/"]}]},{"@type":"BreadcrumbList","@id":"https:\/\/dodo-inflatables.com\/et\/versandarten\/#breadcrumb","itemListElement":[{"@type":"ListItem","position":1,"name":"Home","item":"https:\/\/dodo-inflatables.com\/et\/"},{"@type":"ListItem","position":2,"name":"Versandarten"}]},{"@type":"WebSite","@id":"https:\/\/dodo-inflatables.com\/et\/#website","url":"https:\/\/dodo-inflatables.com\/et\/","name":"dodo-inflatables.com","description":"Ostke meie poest h\u00fcppelossi ja atraktsioone.","publisher":{"@id":"https:\/\/dodo-inflatables.com\/et\/#organization"},"potentialAction":[{"@type":"SearchAction","target":{"@type":"EntryPoint","urlTemplate":"https:\/\/dodo-inflatables.com\/et\/?s={search_term_string}"},"query-input":{"@type":"PropertyValueSpecification","valueRequired":true,"valueName":"search_term_string"}}],"inLanguage":"et"},{"@type":"Organization","@id":"https:\/\/dodo-inflatables.com\/et\/#organization","name":"dodo-inflatables.com","url":"https:\/\/dodo-inflatables.com\/et\/","logo":{"@type":"ImageObject","inLanguage":"et","@id":"https:\/\/dodo-inflatables.com\/et\/#\/schema\/logo\/image\/","url":"https:\/\/dodo-inflatables.com\/wp-content\/uploads\/2023\/04\/cropped-cropped-cropped-Dodo-Logo.png","contentUrl":"https:\/\/dodo-inflatables.com\/wp-content\/uploads\/2023\/04\/cropped-cropped-cropped-Dodo-Logo.png","width":2996,"height":1545,"caption":"dodo-inflatables.com"},"image":{"@id":"https:\/\/dodo-inflatables.com\/et\/#\/schema\/logo\/image\/"}}]}},"uagb_featured_image_src":{"full":false,"thumbnail":false,"medium":false,"medium_large":false,"large":false,"1536x1536":false,"2048x2048":false,"woocommerce_thumbnail":false,"woocommerce_single":false,"woocommerce_gallery_thumbnail":false},"uagb_author_info":{"display_name":"Andreas","author_link":"https:\/\/dodo-inflatables.com\/et\/author\/andreas\/"},"uagb_comment_info":0,"uagb_excerpt":"Versandarten H\u00fcpfburgen, Rutschen &amp; Eventmodule werden mit einer Spedition versendet, dieser Versand kostet 119 \u20ac inkl. MwSt. Nach Zahlungseingang wird deine Ware noch am gleichen oder am n\u00e4chsten Werktag versendet. Die Zustellung erfolgt dann in der Regel innerhalb von 1 &#8211; 2 Werktagen. Der Versand f\u00fcr Pakete (z. B. Gebl\u00e4se) bis einschlie\u00dflich 30 kg maksab&hellip;","_links":{"self":[{"href":"https:\/\/dodo-inflatables.com\/et\/wp-json\/wp\/v2\/pages\/17733","targetHints":{"allow":["GET"]}}],"collection":[{"href":"https:\/\/dodo-inflatables.com\/et\/wp-json\/wp\/v2\/pages"}],"about":[{"href":"https:\/\/dodo-inflatables.com\/et\/wp-json\/wp\/v2\/types\/page"}],"author":[{"embeddable":true,"href":"https:\/\/dodo-inflatables.com\/et\/wp-json\/wp\/v2\/users\/1"}],"replies":[{"embeddable":true,"href":"https:\/\/dodo-inflatables.com\/et\/wp-json\/wp\/v2\/comments?post=17733"}],"version-history":[{"count":2,"href":"https:\/\/dodo-inflatables.com\/et\/wp-json\/wp\/v2\/pages\/17733\/revisions"}],"predecessor-version":[{"id":17737,"href":"https:\/\/dodo-inflatables.com\/et\/wp-json\/wp\/v2\/pages\/17733\/revisions\/17737"}],"wp:attachment":[{"href":"https:\/\/dodo-inflatables.com\/et\/wp-json\/wp\/v2\/media?parent=17733"}],"curies":[{"name":"wp","href":"https:\/\/api.w.org\/{rel}","templated":true}]}}