{"id":18511,"date":"2024-03-07T20:04:06","date_gmt":"2024-03-07T19:04:06","guid":{"rendered":"https:\/\/dodo-inflatables.com\/taanis-on-voimalik-osta-vastukaalu-ja-huppeliine-taanis\/"},"modified":"2024-07-17T15:15:39","modified_gmt":"2024-07-17T13:15:39","slug":"taanis-on-voimalik-osta-vastukaalu-ja-huppeliine-taanis","status":"publish","type":"page","link":"https:\/\/dodo-inflatables.com\/et\/taanis-on-voimalik-osta-vastukaalu-ja-huppeliine-taanis\/","title":{"rendered":"Taanis on v\u00f5imalik osta vastukaalu ja h\u00fcppeliine Taanis."},"content":{"rendered":"\n<h2 class=\"wp-block-heading has-text-align-center\"><strong>Taanis on v\u00f5imalik osta vastukaalu ja h\u00fcppeliine Taanis.<\/strong><\/h2>\n\n<figure class=\"wp-block-image aligncenter size-large\"><a href=\"https:\/\/dodo-inflatables.com\/wp-content\/uploads\/2022\/01\/seperator-kleiner.png\"><img fetchpriority=\"high\" decoding=\"async\" width=\"1024\" height=\"102\" src=\"https:\/\/dodo-inflatables.com\/wp-content\/uploads\/2022\/01\/seperator-kleiner-1024x102.png\" alt=\"\" class=\"wp-image-4026\" srcset=\"https:\/\/dodo-inflatables.com\/wp-content\/uploads\/2022\/01\/seperator-kleiner-1024x102.png 1024w, https:\/\/dodo-inflatables.com\/wp-content\/uploads\/2022\/01\/seperator-kleiner-900x90.png 900w, https:\/\/dodo-inflatables.com\/wp-content\/uploads\/2022\/01\/seperator-kleiner-300x30.png 300w, https:\/\/dodo-inflatables.com\/wp-content\/uploads\/2022\/01\/seperator-kleiner-768x77.png 768w, https:\/\/dodo-inflatables.com\/wp-content\/uploads\/2022\/01\/seperator-kleiner-1536x154.png 1536w, https:\/\/dodo-inflatables.com\/wp-content\/uploads\/2022\/01\/seperator-kleiner-340x34.png 340w, https:\/\/dodo-inflatables.com\/wp-content\/uploads\/2022\/01\/seperator-kleiner.png 2000w\" sizes=\"(max-width: 1024px) 100vw, 1024px\" \/><\/a><\/figure>\n\n<h3 class=\"wp-block-heading has-text-align-center\">Velkommen til Dodo-Inflatables.com &#8211; vores onlinebutik for oppustelige produkter i Europa!<\/h3>\n\n<p style=\"font-size:17px\">Dyk ned i vores omfattende udvalg af hoppeborge og rutsjebaner af h\u00f8j kvalitet, som vil tilf\u00f8je det lille ekstra til enhver lejlighed. Uanset om du leder efter en stor hoppeborg til et firmarrangement, en lille hoppeborg til en b\u00f8rnef\u00f8dselsdag eller en hoppeborg med rutsjebane til en sommerfest &#8211; s\u00e5 finder du med garantii noget, der passer til dig her!<\/p>\n\n<p style=\"font-size:17px\">Vores sortiment omfatter ikke kun en r\u00e6kke hoppeborge, men ogs\u00e5 en bred vifte af tilbeh\u00f8r, herunder Gibbons og Huawei-bl\u00e6sere til hoppeborge.<\/p>\n\n<p style=\"font-size:17px\">Hoppeborgi ostmine <strong>Taani hinnaga 184,00 \u20ac<\/strong>. Pakett, mis sisaldab vastastikku sobivat hinda 25,00 \u20ac. Kui humala on laageris, saadetakse see p\u00e4rast betoonimise muutmist edasi. Levering til Danmark tager ca.  <strong>4 &#8211; 6 arbejdsdage.<\/strong>  Det er muligt selv at afhente hoppeborgen p\u00e5 vores lager i M\u00fcnchen, Tyskland.<\/p>\n\n<p style=\"font-size:17px\">K\u00f5ik meie humalavahendid vastavad rangetele standarditele <strong>DIN EN 14960<\/strong> ja on paigaldatud era- ja kaubanduslikuks kasutamiseks. Sa saad esitada \u00fcksikasjaliku \u00fclevaate ja sertifikaadi oma uuele h\u00fcppelinnakule, kui see on olemas.<\/p>\n\n<p style=\"font-size:17px\">Momsfritagelse for virksomheder! Hvis du k\u00f8ber som virksomhed, skal du indtaste dit momsregistreringsnummer ved kassen for at foretage skattefrie k\u00f8b.<\/p>\n\n<p style=\"font-size:17px\">Uanset om du er en privatperson, der leder efter en hoppeborg til din n\u00e6ste familiefest, eller du er et kommercielt udlejningsfirma, der \u00f8nsker at udvide dit sortiment, er vores hoppeborge velegnede til alle. Faktisk er de fleste af vores kunder i hele Europa udlejere af hoppeborge, som v\u00e6rds\u00e6tter vores produkter til arrangementer in alle st\u00f8rrelser.<\/p>\n\n<p style=\"font-size:17px\">Vi h\u00e5ber, du vil nyde at surfe rundt i vores onlinebutik, og vi vil med gl\u00e6de besvare eventuelle sp\u00f8rgsm\u00e5l, du m\u00e5tte have p\u00e5 <a href=\"mailto:contact@dodo-inflatables.com\">contact@dodo-inflatables.com!<\/a><\/p>\n\n<div style=\"height:100px\" aria-hidden=\"true\" class=\"wp-block-spacer\"><\/div>\n","protected":false},"excerpt":{"rendered":"<p>Taanis on v\u00f5imalik osta vastukaalu ja h\u00fcppeliine Taanis. Velkommen til Dodo-Inflatables.com &#8211; vores onlinebutik for oppustelige produkter i Europa! Dyk ned i vores omfattende udvalg af hoppeborge og rutsjebaner af h\u00f8j kvalitet, som vil tilf\u00f8je det lille ekstra til enhver lejlighed. Uanset om du leder efter en stor hoppeborg til et firmarrangement, en lille hoppeborg [&hellip;]<\/p>\n","protected":false},"author":1,"featured_media":0,"parent":0,"menu_order":0,"comment_status":"closed","ping_status":"closed","template":"","meta":{"_acf_changed":false,"_uag_custom_page_level_css":"","site-sidebar-layout":"default","site-content-layout":"","ast-site-content-layout":"normal-width-container","site-content-style":"boxed","site-sidebar-style":"default","ast-global-header-display":"","ast-banner-title-visibility":"","ast-main-header-display":"","ast-hfb-above-header-display":"","ast-hfb-below-header-display":"","ast-hfb-mobile-header-display":"","site-post-title":"","ast-breadcrumbs-content":"","ast-featured-img":"","footer-sml-layout":"","ast-disable-related-posts":"","theme-transparent-header-meta":"","adv-header-id-meta":"4069","stick-header-meta":"","header-above-stick-meta":"","header-main-stick-meta":"","header-below-stick-meta":"","astra-migrate-meta-layouts":"default","ast-page-background-enabled":"default","ast-page-background-meta":{"desktop":{"background-color":"var(--ast-global-color-4)","background-image":"","background-repeat":"repeat","background-position":"center center","background-size":"auto","background-attachment":"scroll","background-type":"","background-media":"","overlay-type":"","overlay-color":"","overlay-opacity":"","overlay-gradient":""},"tablet":{"background-color":"","background-image":"","background-repeat":"repeat","background-position":"center center","background-size":"auto","background-attachment":"scroll","background-type":"","background-media":"","overlay-type":"","overlay-color":"","overlay-opacity":"","overlay-gradient":""},"mobile":{"background-color":"","background-image":"","background-repeat":"repeat","background-position":"center center","background-size":"auto","background-attachment":"scroll","background-type":"","background-media":"","overlay-type":"","overlay-color":"","overlay-opacity":"","overlay-gradient":""}},"ast-content-background-meta":{"desktop":{"background-color":"var(--ast-global-color-5)","background-image":"","background-repeat":"repeat","background-position":"center center","background-size":"auto","background-attachment":"scroll","background-type":"","background-media":"","overlay-type":"","overlay-color":"","overlay-opacity":"","overlay-gradient":""},"tablet":{"background-color":"var(--ast-global-color-5)","background-image":"","background-repeat":"repeat","background-position":"center center","background-size":"auto","background-attachment":"scroll","background-type":"","background-media":"","overlay-type":"","overlay-color":"","overlay-opacity":"","overlay-gradient":""},"mobile":{"background-color":"var(--ast-global-color-5)","background-image":"","background-repeat":"repeat","background-position":"center center","background-size":"auto","background-attachment":"scroll","background-type":"","background-media":"","overlay-type":"","overlay-color":"","overlay-opacity":"","overlay-gradient":""}},"footnotes":""},"class_list":["post-18511","page","type-page","status-publish","hentry"],"acf":[],"yoast_head":"<!-- This site is optimized with the Yoast SEO plugin v27.5 - https:\/\/yoast.com\/product\/yoast-seo-wordpress\/ -->\n<title>Taanis on v\u00f5imalik osta vastukaalu ja h\u00fcppeliine Taanis. - dodo-inflatables.com<\/title>\n<meta name=\"robots\" content=\"index, follow, max-snippet:-1, max-image-preview:large, max-video-preview:-1\" \/>\n<link rel=\"canonical\" href=\"https:\/\/dodo-inflatables.com\/et\/taanis-on-voimalik-osta-vastukaalu-ja-huppeliine-taanis\/\" \/>\n<meta name=\"twitter:label1\" content=\"Est. reading time\" \/>\n\t<meta name=\"twitter:data1\" content=\"1 minut\" \/>\n<script type=\"application\/ld+json\" class=\"yoast-schema-graph\">{\"@context\":\"https:\\\/\\\/schema.org\",\"@graph\":[{\"@type\":\"WebPage\",\"@id\":\"https:\\\/\\\/dodo-inflatables.com\\\/et\\\/taanis-on-voimalik-osta-vastukaalu-ja-huppeliine-taanis\\\/\",\"url\":\"https:\\\/\\\/dodo-inflatables.com\\\/et\\\/taanis-on-voimalik-osta-vastukaalu-ja-huppeliine-taanis\\\/\",\"name\":\"Taanis on v\u00f5imalik osta vastukaalu ja h\u00fcppeliine Taanis. - dodo-inflatables.com\",\"isPartOf\":{\"@id\":\"https:\\\/\\\/dodo-inflatables.com\\\/et\\\/#website\"},\"primaryImageOfPage\":{\"@id\":\"https:\\\/\\\/dodo-inflatables.com\\\/et\\\/taanis-on-voimalik-osta-vastukaalu-ja-huppeliine-taanis\\\/#primaryimage\"},\"image\":{\"@id\":\"https:\\\/\\\/dodo-inflatables.com\\\/et\\\/taanis-on-voimalik-osta-vastukaalu-ja-huppeliine-taanis\\\/#primaryimage\"},\"thumbnailUrl\":\"https:\\\/\\\/dodo-inflatables.com\\\/wp-content\\\/uploads\\\/2022\\\/01\\\/seperator-kleiner-1024x102.png\",\"datePublished\":\"2024-03-07T19:04:06+00:00\",\"dateModified\":\"2024-07-17T13:15:39+00:00\",\"breadcrumb\":{\"@id\":\"https:\\\/\\\/dodo-inflatables.com\\\/et\\\/taanis-on-voimalik-osta-vastukaalu-ja-huppeliine-taanis\\\/#breadcrumb\"},\"inLanguage\":\"et\",\"potentialAction\":[{\"@type\":\"ReadAction\",\"target\":[\"https:\\\/\\\/dodo-inflatables.com\\\/et\\\/taanis-on-voimalik-osta-vastukaalu-ja-huppeliine-taanis\\\/\"]}]},{\"@type\":\"ImageObject\",\"inLanguage\":\"et\",\"@id\":\"https:\\\/\\\/dodo-inflatables.com\\\/et\\\/taanis-on-voimalik-osta-vastukaalu-ja-huppeliine-taanis\\\/#primaryimage\",\"url\":\"https:\\\/\\\/dodo-inflatables.com\\\/wp-content\\\/uploads\\\/2022\\\/01\\\/seperator-kleiner-1024x102.png\",\"contentUrl\":\"https:\\\/\\\/dodo-inflatables.com\\\/wp-content\\\/uploads\\\/2022\\\/01\\\/seperator-kleiner-1024x102.png\"},{\"@type\":\"BreadcrumbList\",\"@id\":\"https:\\\/\\\/dodo-inflatables.com\\\/et\\\/taanis-on-voimalik-osta-vastukaalu-ja-huppeliine-taanis\\\/#breadcrumb\",\"itemListElement\":[{\"@type\":\"ListItem\",\"position\":1,\"name\":\"Home\",\"item\":\"https:\\\/\\\/dodo-inflatables.com\\\/et\\\/\"},{\"@type\":\"ListItem\",\"position\":2,\"name\":\"Taanis on v\u00f5imalik osta vastukaalu ja h\u00fcppeliine Taanis.\"}]},{\"@type\":\"WebSite\",\"@id\":\"https:\\\/\\\/dodo-inflatables.com\\\/et\\\/#website\",\"url\":\"https:\\\/\\\/dodo-inflatables.com\\\/et\\\/\",\"name\":\"dodo-inflatables.com\",\"description\":\"Ostke meie poest h\u00fcppelossi ja atraktsioone.\",\"potentialAction\":[{\"@type\":\"SearchAction\",\"target\":{\"@type\":\"EntryPoint\",\"urlTemplate\":\"https:\\\/\\\/dodo-inflatables.com\\\/et\\\/?s={search_term_string}\"},\"query-input\":{\"@type\":\"PropertyValueSpecification\",\"valueRequired\":true,\"valueName\":\"search_term_string\"}}],\"inLanguage\":\"et\"}]}<\/script>\n<!-- \/ Yoast SEO plugin. -->","yoast_head_json":{"title":"Taanis on v\u00f5imalik osta vastukaalu ja h\u00fcppeliine Taanis. - dodo-inflatables.com","robots":{"index":"index","follow":"follow","max-snippet":"max-snippet:-1","max-image-preview":"max-image-preview:large","max-video-preview":"max-video-preview:-1"},"canonical":"https:\/\/dodo-inflatables.com\/et\/taanis-on-voimalik-osta-vastukaalu-ja-huppeliine-taanis\/","twitter_misc":{"Est. reading time":"1 minut"},"schema":{"@context":"https:\/\/schema.org","@graph":[{"@type":"WebPage","@id":"https:\/\/dodo-inflatables.com\/et\/taanis-on-voimalik-osta-vastukaalu-ja-huppeliine-taanis\/","url":"https:\/\/dodo-inflatables.com\/et\/taanis-on-voimalik-osta-vastukaalu-ja-huppeliine-taanis\/","name":"Taanis on v\u00f5imalik osta vastukaalu ja h\u00fcppeliine Taanis. - dodo-inflatables.com","isPartOf":{"@id":"https:\/\/dodo-inflatables.com\/et\/#website"},"primaryImageOfPage":{"@id":"https:\/\/dodo-inflatables.com\/et\/taanis-on-voimalik-osta-vastukaalu-ja-huppeliine-taanis\/#primaryimage"},"image":{"@id":"https:\/\/dodo-inflatables.com\/et\/taanis-on-voimalik-osta-vastukaalu-ja-huppeliine-taanis\/#primaryimage"},"thumbnailUrl":"https:\/\/dodo-inflatables.com\/wp-content\/uploads\/2022\/01\/seperator-kleiner-1024x102.png","datePublished":"2024-03-07T19:04:06+00:00","dateModified":"2024-07-17T13:15:39+00:00","breadcrumb":{"@id":"https:\/\/dodo-inflatables.com\/et\/taanis-on-voimalik-osta-vastukaalu-ja-huppeliine-taanis\/#breadcrumb"},"inLanguage":"et","potentialAction":[{"@type":"ReadAction","target":["https:\/\/dodo-inflatables.com\/et\/taanis-on-voimalik-osta-vastukaalu-ja-huppeliine-taanis\/"]}]},{"@type":"ImageObject","inLanguage":"et","@id":"https:\/\/dodo-inflatables.com\/et\/taanis-on-voimalik-osta-vastukaalu-ja-huppeliine-taanis\/#primaryimage","url":"https:\/\/dodo-inflatables.com\/wp-content\/uploads\/2022\/01\/seperator-kleiner-1024x102.png","contentUrl":"https:\/\/dodo-inflatables.com\/wp-content\/uploads\/2022\/01\/seperator-kleiner-1024x102.png"},{"@type":"BreadcrumbList","@id":"https:\/\/dodo-inflatables.com\/et\/taanis-on-voimalik-osta-vastukaalu-ja-huppeliine-taanis\/#breadcrumb","itemListElement":[{"@type":"ListItem","position":1,"name":"Home","item":"https:\/\/dodo-inflatables.com\/et\/"},{"@type":"ListItem","position":2,"name":"Taanis on v\u00f5imalik osta vastukaalu ja h\u00fcppeliine Taanis."}]},{"@type":"WebSite","@id":"https:\/\/dodo-inflatables.com\/et\/#website","url":"https:\/\/dodo-inflatables.com\/et\/","name":"dodo-inflatables.com","description":"Ostke meie poest h\u00fcppelossi ja atraktsioone.","potentialAction":[{"@type":"SearchAction","target":{"@type":"EntryPoint","urlTemplate":"https:\/\/dodo-inflatables.com\/et\/?s={search_term_string}"},"query-input":{"@type":"PropertyValueSpecification","valueRequired":true,"valueName":"search_term_string"}}],"inLanguage":"et"}]}},"uagb_featured_image_src":{"full":false,"thumbnail":false,"medium":false,"medium_large":false,"large":false,"1536x1536":false,"2048x2048":false,"woocommerce_thumbnail":false,"woocommerce_single":false,"woocommerce_gallery_thumbnail":false},"uagb_author_info":{"display_name":"Andreas","author_link":"https:\/\/dodo-inflatables.com\/et\/author\/andreas\/"},"uagb_comment_info":0,"uagb_excerpt":"Taanis on v\u00f5imalik osta vastukaalu ja h\u00fcppeliine Taanis. Velkommen til Dodo-Inflatables.com &#8211; vores onlinebutik for oppustelige produkter i Europa! Dyk ned i vores omfattende udvalg af hoppeborge og rutsjebaner af h\u00f8j kvalitet, som vil tilf\u00f8je det lille ekstra til enhver lejlighed. Uanset om du leder efter en stor hoppeborg til et firmarrangement, en lille hoppeborg&hellip;","_links":{"self":[{"href":"https:\/\/dodo-inflatables.com\/et\/wp-json\/wp\/v2\/pages\/18511","targetHints":{"allow":["GET"]}}],"collection":[{"href":"https:\/\/dodo-inflatables.com\/et\/wp-json\/wp\/v2\/pages"}],"about":[{"href":"https:\/\/dodo-inflatables.com\/et\/wp-json\/wp\/v2\/types\/page"}],"author":[{"embeddable":true,"href":"https:\/\/dodo-inflatables.com\/et\/wp-json\/wp\/v2\/users\/1"}],"replies":[{"embeddable":true,"href":"https:\/\/dodo-inflatables.com\/et\/wp-json\/wp\/v2\/comments?post=18511"}],"version-history":[{"count":2,"href":"https:\/\/dodo-inflatables.com\/et\/wp-json\/wp\/v2\/pages\/18511\/revisions"}],"predecessor-version":[{"id":18515,"href":"https:\/\/dodo-inflatables.com\/et\/wp-json\/wp\/v2\/pages\/18511\/revisions\/18515"}],"wp:attachment":[{"href":"https:\/\/dodo-inflatables.com\/et\/wp-json\/wp\/v2\/media?parent=18511"}],"curies":[{"name":"wp","href":"https:\/\/api.w.org\/{rel}","templated":true}]}}