{"id":105636,"date":"2026-04-04T13:54:47","date_gmt":"2026-04-04T11:54:47","guid":{"rendered":"https:\/\/dodo-inflatables.com\/dodo-relaunch?product=starter-set-vaike-huawei-15-hp"},"modified":"2026-04-04T13:54:47","modified_gmt":"2026-04-04T11:54:47","slug":"starter-set-vaike-huawei-15-hp","status":"publish","type":"product","link":"https:\/\/dodo-inflatables.com\/et\/toode\/starter-set-vaike-huawei-15-hp\/","title":{"rendered":"Starter Set v\u00e4ike &#8211; Huawei 1,5 HP"},"content":{"rendered":"<h2>Starter Set v\u00e4ike &#8211; Huawei \u2013 K\u00f5ik, mida vajate t\u00e4ispuhutava batuudi t\u00e4iuslikuks alguseks!<\/h2>\n<p>&nbsp;<br \/>\nOstate t\u00e4ispuhutava batuudi ja soovite kohe alustada? Siis on meie Starter Set v\u00e4ike &#8211; Huawei t\u00e4pselt see, mida vajate! See sisaldab k\u00f5iki olulisi tarvikuid, mida vajate oma t\u00e4ispuhutava batuudi ohutuks ja sujuvaks kasutamiseks \u2013 ja boonusena on deflaator tasuta lisatud!<br \/>\n<em><strong>See komplekt sisaldab:<\/strong><\/em><br \/>\n\u2705 <strong>Huawei puhur (1,5 HP) &#8211; <\/strong><br \/>\nTugev ja usaldusv\u00e4\u00e4rne puhur on iga t\u00e4ispuhutava batuudi s\u00fcda. Huawei 1,5 HP puhur tagab kiire ja \u00fchtlase t\u00e4ispuhutamise, nii et teie t\u00e4ispuhutav batuut on kasutamiseks valmis m\u00f5ne hetkega. See t\u00f6\u00f6tab t\u00f5husalt, on loodud vastupidavaks ja sobib t\u00e4iuslikult t\u00e4ispuhutavate batuutide n\u00f5uetele.<br \/>\n\u2705 <strong>Maapinnahaagid turvalise ankurduse jaoks &#8211; <\/strong><br \/>\nEt hoida teie t\u00e4ispuhutav batuut stabiilsena ja kindlalt paigal, on komplektis k\u00f5rge kvaliteediga maapinnahaagid. Need aitavad tagada, et teie t\u00e4ispuhutav konstruktsioon j\u00e4\u00e4b kindlalt paigale, isegi intensiivsel kasutamisel ja energilisel h\u00fcppamisel, ning pakuvad lisaturvalisust kergete tuuleoludes. Lihtne kasutada, maksimaalne ohutus!<br \/>\n\u2705 <strong>Aluskate (5 x 6 m) \u2013 Kaitse teie t\u00e4ispuhutavale batuudile &#8211; <\/strong><br \/>\nHea aluskate on h\u00e4davajalik t\u00e4ispuhutava batuudi kaitsmiseks mustuse, v\u00e4ikeste kivide ja eba\u00fchtlaste pindade eest. Kaasasolev 5 x 6 m aluskate pakub vastupidavat kaitsvat kihti ja aitab pikendada teie t\u00e4ispuhutava konstruktsiooni eluiga.<br \/>\n\ud83d\udca8 <strong>Tasuta lisatud: Deflaator \u2013 kiiremaks kokkupakkimiseks! &#8211; <\/strong><br \/>\nKui l\u00f5bu on l\u00e4bi, tuleb t\u00e4ispuhutav batuut t\u00fchjendada ja kokku pakkida \u2013 ja just siin tuleb deflaator appi! See praktiline tarvik aitab \u00f5hku palju kiiremini eemaldada, muutes kokkupakkimise kiireks ja lihtsaks.<br \/>\n<strong>Miks valida see starter set?<\/strong><br \/>\n\u2714 <em>T\u00e4iuslikult sobivad tarvikud<\/em> \u2013 K\u00f5ik, mida vajate alustamiseks \u00fches praktilises komplektis.<br \/>\n\u2714 <em>Kiire seadistamine ja ohutu kasutamine<\/em> \u2013 T\u00e4nu v\u00f5imsale puhurile ja tugevatele maapinnahaakidele.<br \/>\n\u2714 <em>Pikem eluiga teie t\u00e4ispuhutavale batuudile<\/em> \u2013 Kaitsva aluskatega.<br \/>\n\u2714 <em>Lihtsam kokkupakkimine<\/em> \u2013 Tasuta deflaator s\u00e4\u00e4stab teie aega ja vaeva!<br \/>\nStarter Set v\u00e4ike &#8211; Huawei&#8217;ga olete t\u00e4ielikult varustatud ja valmis kohe alustama.<\/p>\n","protected":false},"excerpt":{"rendered":"<p>\u2714 <em>T\u00e4iuslikult sobivad tarvikud<\/em> \u2013 K\u00f5ik, mida vajate alustamiseks \u00fches praktilises komplektis.<br \/>\n\u2714 <em>Kiire seadistamine ja ohutu kasutamine<\/em> \u2013 T\u00e4nu v\u00f5imsale puhurile ja tugevatele maapinnahaakidele.<br \/>\n\u2714 <em>Pikem eluiga teie t\u00e4ispuhutavale batuudile<\/em> \u2013 Kaitsva aluskatega.<br \/>\n\u2714 <em>Lihtsam kokkupakkimine<\/em> \u2013 Tasuta deflaator s\u00e4\u00e4stab teie aega ja vaeva!<\/p>\n","protected":false},"featured_media":105634,"comment_status":"open","ping_status":"closed","template":"","meta":{"_acf_changed":false,"_uag_custom_page_level_css":"","site-sidebar-layout":"default","site-content-layout":"boxed-container","ast-site-content-layout":"normal-width-container","site-content-style":"boxed","site-sidebar-style":"default","ast-global-header-display":"","ast-banner-title-visibility":"","ast-main-header-display":"","ast-hfb-above-header-display":"","ast-hfb-below-header-display":"","ast-hfb-mobile-header-display":"","site-post-title":"disabled","ast-breadcrumbs-content":"","ast-featured-img":"","footer-sml-layout":"","ast-disable-related-posts":"","theme-transparent-header-meta":"default","adv-header-id-meta":"","stick-header-meta":"default","header-above-stick-meta":"","header-main-stick-meta":"","header-below-stick-meta":"","astra-migrate-meta-layouts":"default","ast-page-background-enabled":"default","ast-page-background-meta":{"desktop":{"background-color":"var(--ast-global-color-4)","background-image":"","background-repeat":"repeat","background-position":"center center","background-size":"auto","background-attachment":"scroll","background-type":"","background-media":"","overlay-type":"","overlay-color":"","overlay-opacity":"","overlay-gradient":""},"tablet":{"background-color":"","background-image":"","background-repeat":"repeat","background-position":"center center","background-size":"auto","background-attachment":"scroll","background-type":"","background-media":"","overlay-type":"","overlay-color":"","overlay-opacity":"","overlay-gradient":""},"mobile":{"background-color":"","background-image":"","background-repeat":"repeat","background-position":"center center","background-size":"auto","background-attachment":"scroll","background-type":"","background-media":"","overlay-type":"","overlay-color":"","overlay-opacity":"","overlay-gradient":""}},"ast-content-background-meta":{"desktop":{"background-color":"var(--ast-global-color-5)","background-image":"","background-repeat":"repeat","background-position":"center center","background-size":"auto","background-attachment":"scroll","background-type":"","background-media":"","overlay-type":"","overlay-color":"","overlay-opacity":"","overlay-gradient":""},"tablet":{"background-color":"var(--ast-global-color-5)","background-image":"","background-repeat":"repeat","background-position":"center center","background-size":"auto","background-attachment":"scroll","background-type":"","background-media":"","overlay-type":"","overlay-color":"","overlay-opacity":"","overlay-gradient":""},"mobile":{"background-color":"var(--ast-global-color-5)","background-image":"","background-repeat":"repeat","background-position":"center center","background-size":"auto","background-attachment":"scroll","background-type":"","background-media":"","overlay-type":"","overlay-color":"","overlay-opacity":"","overlay-gradient":""}}},"product_brand":[],"product_cat":[2064],"product_tag":[],"class_list":{"0":"post-105636","1":"product","2":"type-product","3":"status-publish","4":"has-post-thumbnail","6":"product_cat-accessories-et","7":"product_shipping_class-zubehor-et","8":"desktop-align-center","9":"tablet-align-center","10":"mobile-align-center","11":"ast-product-gallery-layout-horizontal","12":"ast-product-tabs-layout-horizontal","14":"first","15":"instock","16":"sale","17":"taxable","18":"shipping-taxable","19":"purchasable","20":"product-type-simple"},"acf":[],"yoast_head":"<!-- This site is optimized with the Yoast SEO plugin v27.5 - https:\/\/yoast.com\/product\/yoast-seo-wordpress\/ -->\n<title>Starter Set v\u00e4ike - Huawei 1,5 HP t\u00e4ispuhutavatele batuutidele | Dodo Inflatables<\/title>\n<meta name=\"description\" content=\"Starter Set v\u00e4ike - Huawei 1,5 HP \u2013 puhur, maapinnahaagid, aluskate 5 x 6 m ja tasuta deflaator. K\u00f5ik, mida vajate t\u00e4ispuhutava batuudi t\u00e4iuslikuks alguseks.\" \/>\n<meta name=\"robots\" content=\"index, follow, max-snippet:-1, max-image-preview:large, max-video-preview:-1\" \/>\n<link rel=\"canonical\" href=\"https:\/\/dodo-inflatables.com\/et\/toode\/starter-set-vaike-huawei-15-hp\/\" \/>\n<meta name=\"twitter:label1\" content=\"Est. reading time\" \/>\n\t<meta name=\"twitter:data1\" content=\"2 minutit\" \/>\n<script type=\"application\/ld+json\" class=\"yoast-schema-graph\">{\"@context\":\"https:\\\/\\\/schema.org\",\"@graph\":[{\"@type\":\"WebPage\",\"@id\":\"https:\\\/\\\/dodo-inflatables.com\\\/et\\\/toode\\\/starter-set-vaike-huawei-15-hp\\\/\",\"url\":\"https:\\\/\\\/dodo-inflatables.com\\\/et\\\/toode\\\/starter-set-vaike-huawei-15-hp\\\/\",\"name\":\"Starter Set v\u00e4ike - Huawei 1,5 HP t\u00e4ispuhutavatele batuutidele | Dodo Inflatables\",\"isPartOf\":{\"@id\":\"https:\\\/\\\/dodo-inflatables.com\\\/et\\\/#website\"},\"primaryImageOfPage\":{\"@id\":\"https:\\\/\\\/dodo-inflatables.com\\\/et\\\/toode\\\/starter-set-vaike-huawei-15-hp\\\/#primaryimage\"},\"image\":{\"@id\":\"https:\\\/\\\/dodo-inflatables.com\\\/et\\\/toode\\\/starter-set-vaike-huawei-15-hp\\\/#primaryimage\"},\"thumbnailUrl\":\"https:\\\/\\\/dodo-inflatables.com\\\/wp-content\\\/uploads\\\/2026\\\/04\\\/starterset_transparent.png\",\"datePublished\":\"2026-04-04T11:54:47+00:00\",\"description\":\"Starter Set v\u00e4ike - Huawei 1,5 HP \u2013 puhur, maapinnahaagid, aluskate 5 x 6 m ja tasuta deflaator. K\u00f5ik, mida vajate t\u00e4ispuhutava batuudi t\u00e4iuslikuks alguseks.\",\"breadcrumb\":{\"@id\":\"https:\\\/\\\/dodo-inflatables.com\\\/et\\\/toode\\\/starter-set-vaike-huawei-15-hp\\\/#breadcrumb\"},\"inLanguage\":\"et\",\"potentialAction\":[{\"@type\":\"ReadAction\",\"target\":[\"https:\\\/\\\/dodo-inflatables.com\\\/et\\\/toode\\\/starter-set-vaike-huawei-15-hp\\\/\"]}]},{\"@type\":\"ImageObject\",\"inLanguage\":\"et\",\"@id\":\"https:\\\/\\\/dodo-inflatables.com\\\/et\\\/toode\\\/starter-set-vaike-huawei-15-hp\\\/#primaryimage\",\"url\":\"https:\\\/\\\/dodo-inflatables.com\\\/wp-content\\\/uploads\\\/2026\\\/04\\\/starterset_transparent.png\",\"contentUrl\":\"https:\\\/\\\/dodo-inflatables.com\\\/wp-content\\\/uploads\\\/2026\\\/04\\\/starterset_transparent.png\",\"width\":1000,\"height\":1000,\"caption\":\"Starter Set v\u00e4ike - Huawei 2 HP t\u00e4ispuhutavatele batuutidele | Dodo Inflatables\"},{\"@type\":\"BreadcrumbList\",\"@id\":\"https:\\\/\\\/dodo-inflatables.com\\\/et\\\/toode\\\/starter-set-vaike-huawei-15-hp\\\/#breadcrumb\",\"itemListElement\":[{\"@type\":\"ListItem\",\"position\":1,\"name\":\"Home\",\"item\":\"https:\\\/\\\/dodo-inflatables.com\\\/et\\\/\"},{\"@type\":\"ListItem\",\"position\":2,\"name\":\"Kauplus\",\"item\":\"https:\\\/\\\/dodo-inflatables.com\\\/et\\\/kauplus\\\/\"},{\"@type\":\"ListItem\",\"position\":3,\"name\":\"Starter Set v\u00e4ike &#8211; Huawei 1,5 HP\"}]},{\"@type\":\"WebSite\",\"@id\":\"https:\\\/\\\/dodo-inflatables.com\\\/et\\\/#website\",\"url\":\"https:\\\/\\\/dodo-inflatables.com\\\/et\\\/\",\"name\":\"dodo-inflatables.com\",\"description\":\"Ostke meie poest h\u00fcppelossi ja atraktsioone.\",\"potentialAction\":[{\"@type\":\"SearchAction\",\"target\":{\"@type\":\"EntryPoint\",\"urlTemplate\":\"https:\\\/\\\/dodo-inflatables.com\\\/et\\\/?s={search_term_string}\"},\"query-input\":{\"@type\":\"PropertyValueSpecification\",\"valueRequired\":true,\"valueName\":\"search_term_string\"}}],\"inLanguage\":\"et\"}]}<\/script>\n<!-- \/ Yoast SEO plugin. -->","yoast_head_json":{"title":"Starter Set v\u00e4ike - Huawei 1,5 HP t\u00e4ispuhutavatele batuutidele | Dodo Inflatables","description":"Starter Set v\u00e4ike - Huawei 1,5 HP \u2013 puhur, maapinnahaagid, aluskate 5 x 6 m ja tasuta deflaator. K\u00f5ik, mida vajate t\u00e4ispuhutava batuudi t\u00e4iuslikuks alguseks.","robots":{"index":"index","follow":"follow","max-snippet":"max-snippet:-1","max-image-preview":"max-image-preview:large","max-video-preview":"max-video-preview:-1"},"canonical":"https:\/\/dodo-inflatables.com\/et\/toode\/starter-set-vaike-huawei-15-hp\/","twitter_misc":{"Est. reading time":"2 minutit"},"schema":{"@context":"https:\/\/schema.org","@graph":[{"@type":"WebPage","@id":"https:\/\/dodo-inflatables.com\/et\/toode\/starter-set-vaike-huawei-15-hp\/","url":"https:\/\/dodo-inflatables.com\/et\/toode\/starter-set-vaike-huawei-15-hp\/","name":"Starter Set v\u00e4ike - Huawei 1,5 HP t\u00e4ispuhutavatele batuutidele | Dodo Inflatables","isPartOf":{"@id":"https:\/\/dodo-inflatables.com\/et\/#website"},"primaryImageOfPage":{"@id":"https:\/\/dodo-inflatables.com\/et\/toode\/starter-set-vaike-huawei-15-hp\/#primaryimage"},"image":{"@id":"https:\/\/dodo-inflatables.com\/et\/toode\/starter-set-vaike-huawei-15-hp\/#primaryimage"},"thumbnailUrl":"https:\/\/dodo-inflatables.com\/wp-content\/uploads\/2026\/04\/starterset_transparent.png","datePublished":"2026-04-04T11:54:47+00:00","description":"Starter Set v\u00e4ike - Huawei 1,5 HP \u2013 puhur, maapinnahaagid, aluskate 5 x 6 m ja tasuta deflaator. K\u00f5ik, mida vajate t\u00e4ispuhutava batuudi t\u00e4iuslikuks alguseks.","breadcrumb":{"@id":"https:\/\/dodo-inflatables.com\/et\/toode\/starter-set-vaike-huawei-15-hp\/#breadcrumb"},"inLanguage":"et","potentialAction":[{"@type":"ReadAction","target":["https:\/\/dodo-inflatables.com\/et\/toode\/starter-set-vaike-huawei-15-hp\/"]}]},{"@type":"ImageObject","inLanguage":"et","@id":"https:\/\/dodo-inflatables.com\/et\/toode\/starter-set-vaike-huawei-15-hp\/#primaryimage","url":"https:\/\/dodo-inflatables.com\/wp-content\/uploads\/2026\/04\/starterset_transparent.png","contentUrl":"https:\/\/dodo-inflatables.com\/wp-content\/uploads\/2026\/04\/starterset_transparent.png","width":1000,"height":1000,"caption":"Starter Set v\u00e4ike - Huawei 2 HP t\u00e4ispuhutavatele batuutidele | Dodo Inflatables"},{"@type":"BreadcrumbList","@id":"https:\/\/dodo-inflatables.com\/et\/toode\/starter-set-vaike-huawei-15-hp\/#breadcrumb","itemListElement":[{"@type":"ListItem","position":1,"name":"Home","item":"https:\/\/dodo-inflatables.com\/et\/"},{"@type":"ListItem","position":2,"name":"Kauplus","item":"https:\/\/dodo-inflatables.com\/et\/kauplus\/"},{"@type":"ListItem","position":3,"name":"Starter Set v\u00e4ike &#8211; Huawei 1,5 HP"}]},{"@type":"WebSite","@id":"https:\/\/dodo-inflatables.com\/et\/#website","url":"https:\/\/dodo-inflatables.com\/et\/","name":"dodo-inflatables.com","description":"Ostke meie poest h\u00fcppelossi ja atraktsioone.","potentialAction":[{"@type":"SearchAction","target":{"@type":"EntryPoint","urlTemplate":"https:\/\/dodo-inflatables.com\/et\/?s={search_term_string}"},"query-input":{"@type":"PropertyValueSpecification","valueRequired":true,"valueName":"search_term_string"}}],"inLanguage":"et"}]}},"uagb_featured_image_src":{"full":["https:\/\/dodo-inflatables.com\/wp-content\/uploads\/2026\/04\/starterset_transparent.png",1000,1000,false],"thumbnail":["https:\/\/dodo-inflatables.com\/wp-content\/uploads\/2026\/04\/starterset_transparent-150x150.png",150,150,true],"medium":["https:\/\/dodo-inflatables.com\/wp-content\/uploads\/2026\/04\/starterset_transparent-300x300.png",300,300,true],"medium_large":["https:\/\/dodo-inflatables.com\/wp-content\/uploads\/2026\/04\/starterset_transparent-768x768.png",768,768,true],"large":["https:\/\/dodo-inflatables.com\/wp-content\/uploads\/2026\/04\/starterset_transparent.png",1000,1000,false],"1536x1536":["https:\/\/dodo-inflatables.com\/wp-content\/uploads\/2026\/04\/starterset_transparent.png",1000,1000,false],"2048x2048":["https:\/\/dodo-inflatables.com\/wp-content\/uploads\/2026\/04\/starterset_transparent.png",1000,1000,false],"woocommerce_thumbnail":["https:\/\/dodo-inflatables.com\/wp-content\/uploads\/2026\/04\/starterset_transparent-900x900.png",900,900,true],"woocommerce_single":["https:\/\/dodo-inflatables.com\/wp-content\/uploads\/2026\/04\/starterset_transparent-900x900.png",900,900,true],"woocommerce_gallery_thumbnail":["https:\/\/dodo-inflatables.com\/wp-content\/uploads\/2026\/04\/starterset_transparent-100x100.png",100,100,true]},"uagb_author_info":{"display_name":"Andreas","author_link":"https:\/\/dodo-inflatables.com\/et\/author\/"},"uagb_comment_info":0,"uagb_excerpt":"\u2714 T\u00e4iuslikult sobivad tarvikud \u2013 K\u00f5ik, mida vajate alustamiseks \u00fches praktilises komplektis. \u2714 Kiire seadistamine ja ohutu kasutamine \u2013 T\u00e4nu v\u00f5imsale puhurile ja tugevatele maapinnahaakidele. \u2714 Pikem eluiga teie t\u00e4ispuhutavale batuudile \u2013 Kaitsva aluskatega. \u2714 Lihtsam kokkupakkimine \u2013 Tasuta deflaator s\u00e4\u00e4stab teie aega ja vaeva!","_links":{"self":[{"href":"https:\/\/dodo-inflatables.com\/et\/wp-json\/wp\/v2\/product\/105636","targetHints":{"allow":["GET"]}}],"collection":[{"href":"https:\/\/dodo-inflatables.com\/et\/wp-json\/wp\/v2\/product"}],"about":[{"href":"https:\/\/dodo-inflatables.com\/et\/wp-json\/wp\/v2\/types\/product"}],"replies":[{"embeddable":true,"href":"https:\/\/dodo-inflatables.com\/et\/wp-json\/wp\/v2\/comments?post=105636"}],"wp:featuredmedia":[{"embeddable":true,"href":"https:\/\/dodo-inflatables.com\/et\/wp-json\/wp\/v2\/media\/105634"}],"wp:attachment":[{"href":"https:\/\/dodo-inflatables.com\/et\/wp-json\/wp\/v2\/media?parent=105636"}],"wp:term":[{"taxonomy":"product_brand","embeddable":true,"href":"https:\/\/dodo-inflatables.com\/et\/wp-json\/wp\/v2\/product_brand?post=105636"},{"taxonomy":"product_cat","embeddable":true,"href":"https:\/\/dodo-inflatables.com\/et\/wp-json\/wp\/v2\/product_cat?post=105636"},{"taxonomy":"product_tag","embeddable":true,"href":"https:\/\/dodo-inflatables.com\/et\/wp-json\/wp\/v2\/product_tag?post=105636"}],"curies":[{"name":"wp","href":"https:\/\/api.w.org\/{rel}","templated":true}]}}