{"id":105750,"date":"2026-04-04T13:54:46","date_gmt":"2026-04-04T11:54:46","guid":{"rendered":"https:\/\/dodo-inflatables.com\/dodo-relaunch?product=16-pack-huawei-reh-1-5e-puhurid-taispuhutavatele-batuutidele"},"modified":"2026-04-04T13:54:46","modified_gmt":"2026-04-04T11:54:46","slug":"16-pack-huawei-reh-1-5e-puhurid-taispuhutavatele-batuutidele","status":"publish","type":"product","link":"https:\/\/dodo-inflatables.com\/et\/toode\/16-pack-huawei-reh-1-5e-puhurid-taispuhutavatele-batuutidele\/","title":{"rendered":"16-Pack Huawei REH-1.5E puhurid t\u00e4ispuhutavatele batuutidele"},"content":{"rendered":"<h2>16-Pack Huawei REH-1.5E puhurid t\u00e4ispuhutavatele batuutidele \u2013 N\u00fc\u00fcd saadaval soodsa pakettina!<\/h2>\n<p>Rendifirmadele, \u00fcrituste korraldajatele v\u00f5i klientidele, kellel on suurem t\u00e4ispuhutavate batuutide park, on meie 16-Pack Huawei REH-1.5E puhurid t\u00e4iuslik valik. Kindlustage endale t\u00e4is kaubaalus 16 puhuriga ja varustage oma inventar t\u00f5husalt selle praktilise pakettiga.<br \/>\n<strong>Miks valida see set?<\/strong><br \/>\n\u2705 <em>V\u00f5imas \u00f5huvool<\/em> \u2013 Huawei 1,5 HP puhurid tagavad kiire t\u00e4ispuhutamise ja stabiilse \u00f5hur\u00f5hu, nii et teie t\u00e4ispuhutavad batuudid on alati kasutamiseks valmis.<br \/>\n\u2705 <em>Ideaalne suurematele inventaridele<\/em> \u2013 Praktiline lahendus ettev\u00f5tetele ja operaatoritele, kes vajavad regulaarseks kasutamiseks mitut puhurit.<br \/>\n\u2705 <em>Laiendatav veelgi suurema t\u00f5hususe saavutamiseks<\/em> \u2013 Puhurid \u00fchilduvad:<br \/>\n&#8211; Deflaatori ja topeltdeflaatori lisaseadmetega kiiremaks \u00f5hu eemaldamiseks kokkupakkimisel.<br \/>\n&#8211; K\u00fcttekeha lisaseadmetega m\u00e4rgade t\u00e4ispuhutavate batuutide kuivatamiseks sooja \u00f5huga (m\u00f5lemad lisaseadmed m\u00fc\u00fcakse eraldi).<br \/>\n<strong>Toote \u00fcksikasjad (puhuri kohta):<\/strong><br \/>\n&#8211; Materjal: korpus kvaliteetsest plastikust<br \/>\n&#8211; V\u00f5imsus: 1,35 kW (v\u00e4ljund), 1,8 kW (sisend), 1,5 HP<br \/>\n&#8211; \u00dchendus: Schuko pistik<br \/>\n&#8211; Lehtri l\u00e4bim\u00f5\u00f5t: 14,5 cm<br \/>\n&#8211; M\u00f5\u00f5tmed: 49 x 38,5 x 49,5 cm<br \/>\n&#8211; Kaal: 16,8 kg<br \/>\n&#8211; M\u00fcratase: 85 dB<br \/>\n&#8211; WEEE registreerimisnr.: DE 82972723<br \/>\nKasutage seda praktilist paketti oma inventari t\u00f5husaks laiendamiseks. Tellige oma kaubaalus 16 Huawei puhuriga kohe!<\/p>\n","protected":false},"excerpt":{"rendered":"<p><strong>Toote \u00fcksikasjad (puhuri kohta):<\/strong><br \/>\n&#8211; Materjal: korpus kvaliteetsest plastikust<br \/>\n&#8211; V\u00f5imsus: 1,35 kW (v\u00e4ljund), 1,8 kW (sisend), 1,5 HP<br \/>\n&#8211; \u00dchendus: Schuko pistik<br \/>\n&#8211; Lehtri l\u00e4bim\u00f5\u00f5t: 14,5 cm<br \/>\n&#8211; M\u00f5\u00f5tmed: 49 x 38,5 x 49,5 cm<br \/>\n&#8211; Kaal: 16,8 kg<br \/>\n&#8211; M\u00fcratase: 85 dB<br \/>\n&#8211; WEEE registreerimisnr.: DE 82972723<\/p>\n","protected":false},"featured_media":105749,"comment_status":"open","ping_status":"closed","template":"","meta":{"_acf_changed":false,"_uag_custom_page_level_css":"","site-sidebar-layout":"default","site-content-layout":"boxed-container","ast-site-content-layout":"normal-width-container","site-content-style":"boxed","site-sidebar-style":"default","ast-global-header-display":"","ast-banner-title-visibility":"","ast-main-header-display":"","ast-hfb-above-header-display":"","ast-hfb-below-header-display":"","ast-hfb-mobile-header-display":"","site-post-title":"disabled","ast-breadcrumbs-content":"","ast-featured-img":"","footer-sml-layout":"","ast-disable-related-posts":"","theme-transparent-header-meta":"default","adv-header-id-meta":"","stick-header-meta":"default","header-above-stick-meta":"","header-main-stick-meta":"","header-below-stick-meta":"","astra-migrate-meta-layouts":"default","ast-page-background-enabled":"default","ast-page-background-meta":{"desktop":{"background-color":"var(--ast-global-color-4)","background-image":"","background-repeat":"repeat","background-position":"center center","background-size":"auto","background-attachment":"scroll","background-type":"","background-media":"","overlay-type":"","overlay-color":"","overlay-opacity":"","overlay-gradient":""},"tablet":{"background-color":"","background-image":"","background-repeat":"repeat","background-position":"center center","background-size":"auto","background-attachment":"scroll","background-type":"","background-media":"","overlay-type":"","overlay-color":"","overlay-opacity":"","overlay-gradient":""},"mobile":{"background-color":"","background-image":"","background-repeat":"repeat","background-position":"center center","background-size":"auto","background-attachment":"scroll","background-type":"","background-media":"","overlay-type":"","overlay-color":"","overlay-opacity":"","overlay-gradient":""}},"ast-content-background-meta":{"desktop":{"background-color":"var(--ast-global-color-5)","background-image":"","background-repeat":"repeat","background-position":"center center","background-size":"auto","background-attachment":"scroll","background-type":"","background-media":"","overlay-type":"","overlay-color":"","overlay-opacity":"","overlay-gradient":""},"tablet":{"background-color":"var(--ast-global-color-5)","background-image":"","background-repeat":"repeat","background-position":"center center","background-size":"auto","background-attachment":"scroll","background-type":"","background-media":"","overlay-type":"","overlay-color":"","overlay-opacity":"","overlay-gradient":""},"mobile":{"background-color":"var(--ast-global-color-5)","background-image":"","background-repeat":"repeat","background-position":"center center","background-size":"auto","background-attachment":"scroll","background-type":"","background-media":"","overlay-type":"","overlay-color":"","overlay-opacity":"","overlay-gradient":""}}},"product_brand":[],"product_cat":[2064],"product_tag":[],"class_list":{"0":"post-105750","1":"product","2":"type-product","3":"status-publish","4":"has-post-thumbnail","6":"product_cat-accessories-et","7":"product_shipping_class-spedition-hupfburg-et","8":"desktop-align-center","9":"tablet-align-center","10":"mobile-align-center","11":"ast-product-gallery-layout-horizontal","12":"ast-product-tabs-layout-horizontal","14":"first","15":"instock","16":"sale","17":"taxable","18":"shipping-taxable","19":"purchasable","20":"product-type-simple"},"acf":[],"yoast_head":"<!-- This site is optimized with the Yoast SEO plugin v27.5 - https:\/\/yoast.com\/product\/yoast-seo-wordpress\/ -->\n<title>16-Pack Huawei REH-1.5E puhurid t\u00e4ispuhutavatele batuutidele | Dodo Inflatables<\/title>\n<meta name=\"description\" content=\"16-Pack Huawei REH-1.5E puhurid t\u00e4ispuhutavatele batuutidele \u2013 1,5 HP, 85 dB, lehtri l\u00e4bim\u00f5\u00f5t 14,5 cm. Ideaalne soodne pakett rendifirmadele suurema t\u00e4ispuhutavate batuutide pargiga.\" \/>\n<meta name=\"robots\" content=\"index, follow, max-snippet:-1, max-image-preview:large, max-video-preview:-1\" \/>\n<link rel=\"canonical\" href=\"https:\/\/dodo-inflatables.com\/et\/toode\/16-pack-huawei-reh-1-5e-puhurid-taispuhutavatele-batuutidele\/\" \/>\n<meta name=\"twitter:label1\" content=\"Est. reading time\" \/>\n\t<meta name=\"twitter:data1\" content=\"1 minut\" \/>\n<script type=\"application\/ld+json\" class=\"yoast-schema-graph\">{\"@context\":\"https:\\\/\\\/schema.org\",\"@graph\":[{\"@type\":\"WebPage\",\"@id\":\"https:\\\/\\\/dodo-inflatables.com\\\/et\\\/toode\\\/16-pack-huawei-reh-1-5e-puhurid-taispuhutavatele-batuutidele\\\/\",\"url\":\"https:\\\/\\\/dodo-inflatables.com\\\/et\\\/toode\\\/16-pack-huawei-reh-1-5e-puhurid-taispuhutavatele-batuutidele\\\/\",\"name\":\"16-Pack Huawei REH-1.5E puhurid t\u00e4ispuhutavatele batuutidele | Dodo Inflatables\",\"isPartOf\":{\"@id\":\"https:\\\/\\\/dodo-inflatables.com\\\/et\\\/#website\"},\"primaryImageOfPage\":{\"@id\":\"https:\\\/\\\/dodo-inflatables.com\\\/et\\\/toode\\\/16-pack-huawei-reh-1-5e-puhurid-taispuhutavatele-batuutidele\\\/#primaryimage\"},\"image\":{\"@id\":\"https:\\\/\\\/dodo-inflatables.com\\\/et\\\/toode\\\/16-pack-huawei-reh-1-5e-puhurid-taispuhutavatele-batuutidele\\\/#primaryimage\"},\"thumbnailUrl\":\"https:\\\/\\\/dodo-inflatables.com\\\/wp-content\\\/uploads\\\/2026\\\/04\\\/huawei-huepfburg-geblaese-kaufen.jpg\",\"datePublished\":\"2026-04-04T11:54:46+00:00\",\"description\":\"16-Pack Huawei REH-1.5E puhurid t\u00e4ispuhutavatele batuutidele \u2013 1,5 HP, 85 dB, lehtri l\u00e4bim\u00f5\u00f5t 14,5 cm. Ideaalne soodne pakett rendifirmadele suurema t\u00e4ispuhutavate batuutide pargiga.\",\"breadcrumb\":{\"@id\":\"https:\\\/\\\/dodo-inflatables.com\\\/et\\\/toode\\\/16-pack-huawei-reh-1-5e-puhurid-taispuhutavatele-batuutidele\\\/#breadcrumb\"},\"inLanguage\":\"et\",\"potentialAction\":[{\"@type\":\"ReadAction\",\"target\":[\"https:\\\/\\\/dodo-inflatables.com\\\/et\\\/toode\\\/16-pack-huawei-reh-1-5e-puhurid-taispuhutavatele-batuutidele\\\/\"]}]},{\"@type\":\"ImageObject\",\"inLanguage\":\"et\",\"@id\":\"https:\\\/\\\/dodo-inflatables.com\\\/et\\\/toode\\\/16-pack-huawei-reh-1-5e-puhurid-taispuhutavatele-batuutidele\\\/#primaryimage\",\"url\":\"https:\\\/\\\/dodo-inflatables.com\\\/wp-content\\\/uploads\\\/2026\\\/04\\\/huawei-huepfburg-geblaese-kaufen.jpg\",\"contentUrl\":\"https:\\\/\\\/dodo-inflatables.com\\\/wp-content\\\/uploads\\\/2026\\\/04\\\/huawei-huepfburg-geblaese-kaufen.jpg\",\"width\":1000,\"height\":1000,\"caption\":\"16-Pack Huawei REH-1.5E puhurid t\u00e4ispuhutavatele batuutidele | Dodo Inflatables\"},{\"@type\":\"BreadcrumbList\",\"@id\":\"https:\\\/\\\/dodo-inflatables.com\\\/et\\\/toode\\\/16-pack-huawei-reh-1-5e-puhurid-taispuhutavatele-batuutidele\\\/#breadcrumb\",\"itemListElement\":[{\"@type\":\"ListItem\",\"position\":1,\"name\":\"Home\",\"item\":\"https:\\\/\\\/dodo-inflatables.com\\\/et\\\/\"},{\"@type\":\"ListItem\",\"position\":2,\"name\":\"Kauplus\",\"item\":\"https:\\\/\\\/dodo-inflatables.com\\\/et\\\/kauplus\\\/\"},{\"@type\":\"ListItem\",\"position\":3,\"name\":\"16-Pack Huawei REH-1.5E puhurid t\u00e4ispuhutavatele batuutidele\"}]},{\"@type\":\"WebSite\",\"@id\":\"https:\\\/\\\/dodo-inflatables.com\\\/et\\\/#website\",\"url\":\"https:\\\/\\\/dodo-inflatables.com\\\/et\\\/\",\"name\":\"dodo-inflatables.com\",\"description\":\"Ostke meie poest h\u00fcppelossi ja atraktsioone.\",\"potentialAction\":[{\"@type\":\"SearchAction\",\"target\":{\"@type\":\"EntryPoint\",\"urlTemplate\":\"https:\\\/\\\/dodo-inflatables.com\\\/et\\\/?s={search_term_string}\"},\"query-input\":{\"@type\":\"PropertyValueSpecification\",\"valueRequired\":true,\"valueName\":\"search_term_string\"}}],\"inLanguage\":\"et\"}]}<\/script>\n<!-- \/ Yoast SEO plugin. -->","yoast_head_json":{"title":"16-Pack Huawei REH-1.5E puhurid t\u00e4ispuhutavatele batuutidele | Dodo Inflatables","description":"16-Pack Huawei REH-1.5E puhurid t\u00e4ispuhutavatele batuutidele \u2013 1,5 HP, 85 dB, lehtri l\u00e4bim\u00f5\u00f5t 14,5 cm. Ideaalne soodne pakett rendifirmadele suurema t\u00e4ispuhutavate batuutide pargiga.","robots":{"index":"index","follow":"follow","max-snippet":"max-snippet:-1","max-image-preview":"max-image-preview:large","max-video-preview":"max-video-preview:-1"},"canonical":"https:\/\/dodo-inflatables.com\/et\/toode\/16-pack-huawei-reh-1-5e-puhurid-taispuhutavatele-batuutidele\/","twitter_misc":{"Est. reading time":"1 minut"},"schema":{"@context":"https:\/\/schema.org","@graph":[{"@type":"WebPage","@id":"https:\/\/dodo-inflatables.com\/et\/toode\/16-pack-huawei-reh-1-5e-puhurid-taispuhutavatele-batuutidele\/","url":"https:\/\/dodo-inflatables.com\/et\/toode\/16-pack-huawei-reh-1-5e-puhurid-taispuhutavatele-batuutidele\/","name":"16-Pack Huawei REH-1.5E puhurid t\u00e4ispuhutavatele batuutidele | Dodo Inflatables","isPartOf":{"@id":"https:\/\/dodo-inflatables.com\/et\/#website"},"primaryImageOfPage":{"@id":"https:\/\/dodo-inflatables.com\/et\/toode\/16-pack-huawei-reh-1-5e-puhurid-taispuhutavatele-batuutidele\/#primaryimage"},"image":{"@id":"https:\/\/dodo-inflatables.com\/et\/toode\/16-pack-huawei-reh-1-5e-puhurid-taispuhutavatele-batuutidele\/#primaryimage"},"thumbnailUrl":"https:\/\/dodo-inflatables.com\/wp-content\/uploads\/2026\/04\/huawei-huepfburg-geblaese-kaufen.jpg","datePublished":"2026-04-04T11:54:46+00:00","description":"16-Pack Huawei REH-1.5E puhurid t\u00e4ispuhutavatele batuutidele \u2013 1,5 HP, 85 dB, lehtri l\u00e4bim\u00f5\u00f5t 14,5 cm. Ideaalne soodne pakett rendifirmadele suurema t\u00e4ispuhutavate batuutide pargiga.","breadcrumb":{"@id":"https:\/\/dodo-inflatables.com\/et\/toode\/16-pack-huawei-reh-1-5e-puhurid-taispuhutavatele-batuutidele\/#breadcrumb"},"inLanguage":"et","potentialAction":[{"@type":"ReadAction","target":["https:\/\/dodo-inflatables.com\/et\/toode\/16-pack-huawei-reh-1-5e-puhurid-taispuhutavatele-batuutidele\/"]}]},{"@type":"ImageObject","inLanguage":"et","@id":"https:\/\/dodo-inflatables.com\/et\/toode\/16-pack-huawei-reh-1-5e-puhurid-taispuhutavatele-batuutidele\/#primaryimage","url":"https:\/\/dodo-inflatables.com\/wp-content\/uploads\/2026\/04\/huawei-huepfburg-geblaese-kaufen.jpg","contentUrl":"https:\/\/dodo-inflatables.com\/wp-content\/uploads\/2026\/04\/huawei-huepfburg-geblaese-kaufen.jpg","width":1000,"height":1000,"caption":"16-Pack Huawei REH-1.5E puhurid t\u00e4ispuhutavatele batuutidele | Dodo Inflatables"},{"@type":"BreadcrumbList","@id":"https:\/\/dodo-inflatables.com\/et\/toode\/16-pack-huawei-reh-1-5e-puhurid-taispuhutavatele-batuutidele\/#breadcrumb","itemListElement":[{"@type":"ListItem","position":1,"name":"Home","item":"https:\/\/dodo-inflatables.com\/et\/"},{"@type":"ListItem","position":2,"name":"Kauplus","item":"https:\/\/dodo-inflatables.com\/et\/kauplus\/"},{"@type":"ListItem","position":3,"name":"16-Pack Huawei REH-1.5E puhurid t\u00e4ispuhutavatele batuutidele"}]},{"@type":"WebSite","@id":"https:\/\/dodo-inflatables.com\/et\/#website","url":"https:\/\/dodo-inflatables.com\/et\/","name":"dodo-inflatables.com","description":"Ostke meie poest h\u00fcppelossi ja atraktsioone.","potentialAction":[{"@type":"SearchAction","target":{"@type":"EntryPoint","urlTemplate":"https:\/\/dodo-inflatables.com\/et\/?s={search_term_string}"},"query-input":{"@type":"PropertyValueSpecification","valueRequired":true,"valueName":"search_term_string"}}],"inLanguage":"et"}]}},"uagb_featured_image_src":{"full":["https:\/\/dodo-inflatables.com\/wp-content\/uploads\/2026\/04\/huawei-huepfburg-geblaese-kaufen.jpg",1000,1000,false],"thumbnail":["https:\/\/dodo-inflatables.com\/wp-content\/uploads\/2026\/04\/huawei-huepfburg-geblaese-kaufen-150x150.jpg",150,150,true],"medium":["https:\/\/dodo-inflatables.com\/wp-content\/uploads\/2026\/04\/huawei-huepfburg-geblaese-kaufen-300x300.jpg",300,300,true],"medium_large":["https:\/\/dodo-inflatables.com\/wp-content\/uploads\/2026\/04\/huawei-huepfburg-geblaese-kaufen-768x768.jpg",768,768,true],"large":["https:\/\/dodo-inflatables.com\/wp-content\/uploads\/2026\/04\/huawei-huepfburg-geblaese-kaufen.jpg",1000,1000,false],"1536x1536":["https:\/\/dodo-inflatables.com\/wp-content\/uploads\/2026\/04\/huawei-huepfburg-geblaese-kaufen.jpg",1000,1000,false],"2048x2048":["https:\/\/dodo-inflatables.com\/wp-content\/uploads\/2026\/04\/huawei-huepfburg-geblaese-kaufen.jpg",1000,1000,false],"woocommerce_thumbnail":["https:\/\/dodo-inflatables.com\/wp-content\/uploads\/2026\/04\/huawei-huepfburg-geblaese-kaufen-900x900.jpg",900,900,true],"woocommerce_single":["https:\/\/dodo-inflatables.com\/wp-content\/uploads\/2026\/04\/huawei-huepfburg-geblaese-kaufen-900x900.jpg",900,900,true],"woocommerce_gallery_thumbnail":["https:\/\/dodo-inflatables.com\/wp-content\/uploads\/2026\/04\/huawei-huepfburg-geblaese-kaufen-100x100.jpg",100,100,true]},"uagb_author_info":{"display_name":"Andreas","author_link":"https:\/\/dodo-inflatables.com\/et\/author\/"},"uagb_comment_info":0,"uagb_excerpt":"Toote \u00fcksikasjad (puhuri kohta): - Materjal: korpus kvaliteetsest plastikust - V\u00f5imsus: 1,35 kW (v\u00e4ljund), 1,8 kW (sisend), 1,5 HP - \u00dchendus: Schuko pistik - Lehtri l\u00e4bim\u00f5\u00f5t: 14,5 cm - M\u00f5\u00f5tmed: 49 x 38,5 x 49,5 cm - Kaal: 16,8 kg - M\u00fcratase: 85 dB - WEEE registreerimisnr.: DE 82972723","_links":{"self":[{"href":"https:\/\/dodo-inflatables.com\/et\/wp-json\/wp\/v2\/product\/105750","targetHints":{"allow":["GET"]}}],"collection":[{"href":"https:\/\/dodo-inflatables.com\/et\/wp-json\/wp\/v2\/product"}],"about":[{"href":"https:\/\/dodo-inflatables.com\/et\/wp-json\/wp\/v2\/types\/product"}],"replies":[{"embeddable":true,"href":"https:\/\/dodo-inflatables.com\/et\/wp-json\/wp\/v2\/comments?post=105750"}],"wp:featuredmedia":[{"embeddable":true,"href":"https:\/\/dodo-inflatables.com\/et\/wp-json\/wp\/v2\/media\/105749"}],"wp:attachment":[{"href":"https:\/\/dodo-inflatables.com\/et\/wp-json\/wp\/v2\/media?parent=105750"}],"wp:term":[{"taxonomy":"product_brand","embeddable":true,"href":"https:\/\/dodo-inflatables.com\/et\/wp-json\/wp\/v2\/product_brand?post=105750"},{"taxonomy":"product_cat","embeddable":true,"href":"https:\/\/dodo-inflatables.com\/et\/wp-json\/wp\/v2\/product_cat?post=105750"},{"taxonomy":"product_tag","embeddable":true,"href":"https:\/\/dodo-inflatables.com\/et\/wp-json\/wp\/v2\/product_tag?post=105750"}],"curies":[{"name":"wp","href":"https:\/\/api.w.org\/{rel}","templated":true}]}}