{"id":105889,"date":"2026-04-04T13:54:45","date_gmt":"2026-04-04T11:54:45","guid":{"rendered":"https:\/\/dodo-inflatables.com\/dodo-relaunch?product=summuti-puhuri-kate-taispuhutavate-batuutide-puhuritele"},"modified":"2026-04-04T13:54:45","modified_gmt":"2026-04-04T11:54:45","slug":"summuti-puhuri-kate-taispuhutavate-batuutide-puhuritele","status":"publish","type":"product","link":"https:\/\/dodo-inflatables.com\/et\/toode\/summuti-puhuri-kate-taispuhutavate-batuutide-puhuritele\/","title":{"rendered":"Summuti \/ puhuri kate t\u00e4ispuhutavate batuutide puhuritele"},"content":{"rendered":"<h1>Osta summuti \/ puhuri kate t\u00e4ispuhutavate batuutide puhuritele<\/h1>\n<p>Huawei puhuri kate on praktiline lahendus m\u00fcra v\u00e4hendamiseks ja t\u00e4ispuhutavate batuutide puhurite ohutuks varjestamiseks. See on spetsiaalselt v\u00e4lja t\u00f6\u00f6tatud professionaalseks kasutamiseks ja vastab DIN EN 14960-1:2019 n\u00f5uetele.<br \/>\nLisaks t\u00f6\u00f6heli v\u00e4hendamisele tagab puhuri kate eelk\u00f5ige selge eraldatuse m\u00e4nguala ja tehnilise ala vahel, suurendades seel\u00e4bi turvalisust avalikes ja \u00e4rilistes keskkondades kasutatavate seadistuste puhul.<br \/>\n<strong>Suurem ohutus t\u00f6\u00f6 ajal:<\/strong><br \/>\nPuhuri kate piirab f\u00fc\u00fcsiliselt otsest juurdep\u00e4\u00e4su puhurile. Liikuvad osad on kaitstud ja lastele k\u00e4ttesaamatud, mis on oluline tegur ohutuskontrollide ja vastavuskontrollide k\u00e4igus.<br \/>\n<strong>M\u00fcra v\u00e4hendamine:<\/strong><br \/>\nT\u00e4nu polsterdatud, suletud disainile v\u00e4heneb puhuri t\u00f6\u00f6heli m\u00e4rgatavalt. Ideaalne kasutamiseks elamualadel, linnakeskustes v\u00f5i muudes m\u00fcratundlikes keskkondades.<br \/>\n<strong>Vastavus EN 14960 standardile:<\/strong><br \/>\nPuhuri kate vastab Euroopa standardi EN 14960-1:2019 p\u00f5hin\u00f5uetele, sealhulgas: puhurite lastele k\u00e4ttesaamatuks hoidmine, liikuvate osade kaitsmine ja selge eraldatuse tagamine m\u00e4nguala ja tehnilise ala vahel.<br \/>\n<strong>Vastupidav ja ilmastikukindel:<\/strong><br \/>\nKate on tulekindel ja veekindel ning m\u00f5eldud intensiivseks professionaalseks kasutamiseks. See pakub ka t\u00e4iendavat kaitset puhurile v\u00e4lism\u00f5jude eest.<br \/>\n<strong>Lihtne paigaldamine:<\/strong><br \/>\nPuhuri katet saab kiiresti paigaldada ja eemaldada. See muudab hoolduse, visuaalsed kontrollid ja inspektsioonid lihtsaks.<\/p>\n<h3>Summuti \/ puhuri katte \u00fcksikasjad<\/h3>\n<ul>\n<li class=\"p1\">M\u00f5\u00f5tmed (P \u00d7 L \u00d7 K): umbes 50 \u00d7 63 \u00d7 54 cm<\/li>\n<li class=\"p1\">Kaal: umbes 2,4 kg<\/li>\n<li class=\"p1\">Pakitud m\u00f5\u00f5tmed: umbes 50 \u00d7 100 \u00d7 15 cm<\/li>\n<\/ul>\n","protected":false},"excerpt":{"rendered":"<ul>\n<li class=\"p1\">M\u00f5\u00f5tmed (P \u00d7 L \u00d7 K): umbes 50 \u00d7 63 \u00d7 54 cm<\/li>\n<li class=\"p1\">Kaal: umbes 2,4 kg<\/li>\n<li class=\"p1\">Pakitud m\u00f5\u00f5tmed: umbes 50 \u00d7 100 \u00d7 15 cm<\/li>\n<\/ul>\n","protected":false},"featured_media":105884,"comment_status":"open","ping_status":"closed","template":"","meta":{"_acf_changed":false,"_uag_custom_page_level_css":"","site-sidebar-layout":"default","site-content-layout":"boxed-container","ast-site-content-layout":"normal-width-container","site-content-style":"boxed","site-sidebar-style":"default","ast-global-header-display":"","ast-banner-title-visibility":"","ast-main-header-display":"","ast-hfb-above-header-display":"","ast-hfb-below-header-display":"","ast-hfb-mobile-header-display":"","site-post-title":"disabled","ast-breadcrumbs-content":"","ast-featured-img":"","footer-sml-layout":"","ast-disable-related-posts":"","theme-transparent-header-meta":"default","adv-header-id-meta":"","stick-header-meta":"default","header-above-stick-meta":"","header-main-stick-meta":"","header-below-stick-meta":"","astra-migrate-meta-layouts":"default","ast-page-background-enabled":"default","ast-page-background-meta":{"desktop":{"background-color":"var(--ast-global-color-4)","background-image":"","background-repeat":"repeat","background-position":"center center","background-size":"auto","background-attachment":"scroll","background-type":"","background-media":"","overlay-type":"","overlay-color":"","overlay-opacity":"","overlay-gradient":""},"tablet":{"background-color":"","background-image":"","background-repeat":"repeat","background-position":"center center","background-size":"auto","background-attachment":"scroll","background-type":"","background-media":"","overlay-type":"","overlay-color":"","overlay-opacity":"","overlay-gradient":""},"mobile":{"background-color":"","background-image":"","background-repeat":"repeat","background-position":"center center","background-size":"auto","background-attachment":"scroll","background-type":"","background-media":"","overlay-type":"","overlay-color":"","overlay-opacity":"","overlay-gradient":""}},"ast-content-background-meta":{"desktop":{"background-color":"var(--ast-global-color-5)","background-image":"","background-repeat":"repeat","background-position":"center center","background-size":"auto","background-attachment":"scroll","background-type":"","background-media":"","overlay-type":"","overlay-color":"","overlay-opacity":"","overlay-gradient":""},"tablet":{"background-color":"var(--ast-global-color-5)","background-image":"","background-repeat":"repeat","background-position":"center center","background-size":"auto","background-attachment":"scroll","background-type":"","background-media":"","overlay-type":"","overlay-color":"","overlay-opacity":"","overlay-gradient":""},"mobile":{"background-color":"var(--ast-global-color-5)","background-image":"","background-repeat":"repeat","background-position":"center center","background-size":"auto","background-attachment":"scroll","background-type":"","background-media":"","overlay-type":"","overlay-color":"","overlay-opacity":"","overlay-gradient":""}}},"product_brand":[],"product_cat":[2064],"product_tag":[],"class_list":{"0":"post-105889","1":"product","2":"type-product","3":"status-publish","4":"has-post-thumbnail","6":"product_cat-accessories-et","7":"product_shipping_class-zubehor-et","8":"desktop-align-center","9":"tablet-align-center","10":"mobile-align-center","11":"ast-product-gallery-layout-horizontal","12":"ast-product-tabs-layout-horizontal","14":"first","15":"instock","16":"taxable","17":"shipping-taxable","18":"purchasable","19":"product-type-simple"},"acf":[],"yoast_head":"<!-- This site is optimized with the Yoast SEO plugin v27.5 - https:\/\/yoast.com\/product\/yoast-seo-wordpress\/ -->\n<title>Summuti \/ puhuri kate t\u00e4ispuhutavate batuutide puhuritele | Dodo Inflatables<\/title>\n<meta name=\"description\" content=\"Summuti \/ puhuri kate t\u00e4ispuhutavate batuutide puhuritele \u2013 vastab EN 14960-1:2019 standardile, tulekindel ja veekindel, v\u00e4hendab m\u00fcra. M\u00f5\u00f5tmed umbes 50 \u00d7 63 \u00d7 54 cm, kaal umbes 2,4 kg.\" \/>\n<meta name=\"robots\" content=\"index, follow, max-snippet:-1, max-image-preview:large, max-video-preview:-1\" \/>\n<link rel=\"canonical\" href=\"https:\/\/dodo-inflatables.com\/et\/toode\/summuti-puhuri-kate-taispuhutavate-batuutide-puhuritele\/\" \/>\n<meta name=\"twitter:label1\" content=\"Est. reading time\" \/>\n\t<meta name=\"twitter:data1\" content=\"1 minut\" \/>\n<script type=\"application\/ld+json\" class=\"yoast-schema-graph\">{\"@context\":\"https:\\\/\\\/schema.org\",\"@graph\":[{\"@type\":\"WebPage\",\"@id\":\"https:\\\/\\\/dodo-inflatables.com\\\/et\\\/toode\\\/summuti-puhuri-kate-taispuhutavate-batuutide-puhuritele\\\/\",\"url\":\"https:\\\/\\\/dodo-inflatables.com\\\/et\\\/toode\\\/summuti-puhuri-kate-taispuhutavate-batuutide-puhuritele\\\/\",\"name\":\"Summuti \\\/ puhuri kate t\u00e4ispuhutavate batuutide puhuritele | Dodo Inflatables\",\"isPartOf\":{\"@id\":\"https:\\\/\\\/dodo-inflatables.com\\\/et\\\/#website\"},\"primaryImageOfPage\":{\"@id\":\"https:\\\/\\\/dodo-inflatables.com\\\/et\\\/toode\\\/summuti-puhuri-kate-taispuhutavate-batuutide-puhuritele\\\/#primaryimage\"},\"image\":{\"@id\":\"https:\\\/\\\/dodo-inflatables.com\\\/et\\\/toode\\\/summuti-puhuri-kate-taispuhutavate-batuutide-puhuritele\\\/#primaryimage\"},\"thumbnailUrl\":\"https:\\\/\\\/dodo-inflatables.com\\\/wp-content\\\/uploads\\\/2026\\\/04\\\/Huawei-Schalldaemper-Blower-Cover-Huepfburgen-Geblaese-1.jpg\",\"datePublished\":\"2026-04-04T11:54:45+00:00\",\"description\":\"Summuti \\\/ puhuri kate t\u00e4ispuhutavate batuutide puhuritele \u2013 vastab EN 14960-1:2019 standardile, tulekindel ja veekindel, v\u00e4hendab m\u00fcra. M\u00f5\u00f5tmed umbes 50 \u00d7 63 \u00d7 54 cm, kaal umbes 2,4 kg.\",\"breadcrumb\":{\"@id\":\"https:\\\/\\\/dodo-inflatables.com\\\/et\\\/toode\\\/summuti-puhuri-kate-taispuhutavate-batuutide-puhuritele\\\/#breadcrumb\"},\"inLanguage\":\"et\",\"potentialAction\":[{\"@type\":\"ReadAction\",\"target\":[\"https:\\\/\\\/dodo-inflatables.com\\\/et\\\/toode\\\/summuti-puhuri-kate-taispuhutavate-batuutide-puhuritele\\\/\"]}]},{\"@type\":\"ImageObject\",\"inLanguage\":\"et\",\"@id\":\"https:\\\/\\\/dodo-inflatables.com\\\/et\\\/toode\\\/summuti-puhuri-kate-taispuhutavate-batuutide-puhuritele\\\/#primaryimage\",\"url\":\"https:\\\/\\\/dodo-inflatables.com\\\/wp-content\\\/uploads\\\/2026\\\/04\\\/Huawei-Schalldaemper-Blower-Cover-Huepfburgen-Geblaese-1.jpg\",\"contentUrl\":\"https:\\\/\\\/dodo-inflatables.com\\\/wp-content\\\/uploads\\\/2026\\\/04\\\/Huawei-Schalldaemper-Blower-Cover-Huepfburgen-Geblaese-1.jpg\",\"width\":700,\"height\":700,\"caption\":\"Summuti \\\/ puhuri kate t\u00e4ispuhutavate batuutide puhuritele | Dodo Inflatables\"},{\"@type\":\"BreadcrumbList\",\"@id\":\"https:\\\/\\\/dodo-inflatables.com\\\/et\\\/toode\\\/summuti-puhuri-kate-taispuhutavate-batuutide-puhuritele\\\/#breadcrumb\",\"itemListElement\":[{\"@type\":\"ListItem\",\"position\":1,\"name\":\"Home\",\"item\":\"https:\\\/\\\/dodo-inflatables.com\\\/et\\\/\"},{\"@type\":\"ListItem\",\"position\":2,\"name\":\"Kauplus\",\"item\":\"https:\\\/\\\/dodo-inflatables.com\\\/et\\\/kauplus\\\/\"},{\"@type\":\"ListItem\",\"position\":3,\"name\":\"Summuti \\\/ puhuri kate t\u00e4ispuhutavate batuutide puhuritele\"}]},{\"@type\":\"WebSite\",\"@id\":\"https:\\\/\\\/dodo-inflatables.com\\\/et\\\/#website\",\"url\":\"https:\\\/\\\/dodo-inflatables.com\\\/et\\\/\",\"name\":\"dodo-inflatables.com\",\"description\":\"Ostke meie poest h\u00fcppelossi ja atraktsioone.\",\"potentialAction\":[{\"@type\":\"SearchAction\",\"target\":{\"@type\":\"EntryPoint\",\"urlTemplate\":\"https:\\\/\\\/dodo-inflatables.com\\\/et\\\/?s={search_term_string}\"},\"query-input\":{\"@type\":\"PropertyValueSpecification\",\"valueRequired\":true,\"valueName\":\"search_term_string\"}}],\"inLanguage\":\"et\"}]}<\/script>\n<!-- \/ Yoast SEO plugin. -->","yoast_head_json":{"title":"Summuti \/ puhuri kate t\u00e4ispuhutavate batuutide puhuritele | Dodo Inflatables","description":"Summuti \/ puhuri kate t\u00e4ispuhutavate batuutide puhuritele \u2013 vastab EN 14960-1:2019 standardile, tulekindel ja veekindel, v\u00e4hendab m\u00fcra. M\u00f5\u00f5tmed umbes 50 \u00d7 63 \u00d7 54 cm, kaal umbes 2,4 kg.","robots":{"index":"index","follow":"follow","max-snippet":"max-snippet:-1","max-image-preview":"max-image-preview:large","max-video-preview":"max-video-preview:-1"},"canonical":"https:\/\/dodo-inflatables.com\/et\/toode\/summuti-puhuri-kate-taispuhutavate-batuutide-puhuritele\/","twitter_misc":{"Est. reading time":"1 minut"},"schema":{"@context":"https:\/\/schema.org","@graph":[{"@type":"WebPage","@id":"https:\/\/dodo-inflatables.com\/et\/toode\/summuti-puhuri-kate-taispuhutavate-batuutide-puhuritele\/","url":"https:\/\/dodo-inflatables.com\/et\/toode\/summuti-puhuri-kate-taispuhutavate-batuutide-puhuritele\/","name":"Summuti \/ puhuri kate t\u00e4ispuhutavate batuutide puhuritele | Dodo Inflatables","isPartOf":{"@id":"https:\/\/dodo-inflatables.com\/et\/#website"},"primaryImageOfPage":{"@id":"https:\/\/dodo-inflatables.com\/et\/toode\/summuti-puhuri-kate-taispuhutavate-batuutide-puhuritele\/#primaryimage"},"image":{"@id":"https:\/\/dodo-inflatables.com\/et\/toode\/summuti-puhuri-kate-taispuhutavate-batuutide-puhuritele\/#primaryimage"},"thumbnailUrl":"https:\/\/dodo-inflatables.com\/wp-content\/uploads\/2026\/04\/Huawei-Schalldaemper-Blower-Cover-Huepfburgen-Geblaese-1.jpg","datePublished":"2026-04-04T11:54:45+00:00","description":"Summuti \/ puhuri kate t\u00e4ispuhutavate batuutide puhuritele \u2013 vastab EN 14960-1:2019 standardile, tulekindel ja veekindel, v\u00e4hendab m\u00fcra. M\u00f5\u00f5tmed umbes 50 \u00d7 63 \u00d7 54 cm, kaal umbes 2,4 kg.","breadcrumb":{"@id":"https:\/\/dodo-inflatables.com\/et\/toode\/summuti-puhuri-kate-taispuhutavate-batuutide-puhuritele\/#breadcrumb"},"inLanguage":"et","potentialAction":[{"@type":"ReadAction","target":["https:\/\/dodo-inflatables.com\/et\/toode\/summuti-puhuri-kate-taispuhutavate-batuutide-puhuritele\/"]}]},{"@type":"ImageObject","inLanguage":"et","@id":"https:\/\/dodo-inflatables.com\/et\/toode\/summuti-puhuri-kate-taispuhutavate-batuutide-puhuritele\/#primaryimage","url":"https:\/\/dodo-inflatables.com\/wp-content\/uploads\/2026\/04\/Huawei-Schalldaemper-Blower-Cover-Huepfburgen-Geblaese-1.jpg","contentUrl":"https:\/\/dodo-inflatables.com\/wp-content\/uploads\/2026\/04\/Huawei-Schalldaemper-Blower-Cover-Huepfburgen-Geblaese-1.jpg","width":700,"height":700,"caption":"Summuti \/ puhuri kate t\u00e4ispuhutavate batuutide puhuritele | Dodo Inflatables"},{"@type":"BreadcrumbList","@id":"https:\/\/dodo-inflatables.com\/et\/toode\/summuti-puhuri-kate-taispuhutavate-batuutide-puhuritele\/#breadcrumb","itemListElement":[{"@type":"ListItem","position":1,"name":"Home","item":"https:\/\/dodo-inflatables.com\/et\/"},{"@type":"ListItem","position":2,"name":"Kauplus","item":"https:\/\/dodo-inflatables.com\/et\/kauplus\/"},{"@type":"ListItem","position":3,"name":"Summuti \/ puhuri kate t\u00e4ispuhutavate batuutide puhuritele"}]},{"@type":"WebSite","@id":"https:\/\/dodo-inflatables.com\/et\/#website","url":"https:\/\/dodo-inflatables.com\/et\/","name":"dodo-inflatables.com","description":"Ostke meie poest h\u00fcppelossi ja atraktsioone.","potentialAction":[{"@type":"SearchAction","target":{"@type":"EntryPoint","urlTemplate":"https:\/\/dodo-inflatables.com\/et\/?s={search_term_string}"},"query-input":{"@type":"PropertyValueSpecification","valueRequired":true,"valueName":"search_term_string"}}],"inLanguage":"et"}]}},"uagb_featured_image_src":{"full":["https:\/\/dodo-inflatables.com\/wp-content\/uploads\/2026\/04\/Huawei-Schalldaemper-Blower-Cover-Huepfburgen-Geblaese-1.jpg",700,700,false],"thumbnail":["https:\/\/dodo-inflatables.com\/wp-content\/uploads\/2026\/04\/Huawei-Schalldaemper-Blower-Cover-Huepfburgen-Geblaese-1-150x150.jpg",150,150,true],"medium":["https:\/\/dodo-inflatables.com\/wp-content\/uploads\/2026\/04\/Huawei-Schalldaemper-Blower-Cover-Huepfburgen-Geblaese-1-300x300.jpg",300,300,true],"medium_large":["https:\/\/dodo-inflatables.com\/wp-content\/uploads\/2026\/04\/Huawei-Schalldaemper-Blower-Cover-Huepfburgen-Geblaese-1.jpg",700,700,false],"large":["https:\/\/dodo-inflatables.com\/wp-content\/uploads\/2026\/04\/Huawei-Schalldaemper-Blower-Cover-Huepfburgen-Geblaese-1.jpg",700,700,false],"1536x1536":["https:\/\/dodo-inflatables.com\/wp-content\/uploads\/2026\/04\/Huawei-Schalldaemper-Blower-Cover-Huepfburgen-Geblaese-1.jpg",700,700,false],"2048x2048":["https:\/\/dodo-inflatables.com\/wp-content\/uploads\/2026\/04\/Huawei-Schalldaemper-Blower-Cover-Huepfburgen-Geblaese-1.jpg",700,700,false],"woocommerce_thumbnail":["https:\/\/dodo-inflatables.com\/wp-content\/uploads\/2026\/04\/Huawei-Schalldaemper-Blower-Cover-Huepfburgen-Geblaese-1.jpg",700,700,false],"woocommerce_single":["https:\/\/dodo-inflatables.com\/wp-content\/uploads\/2026\/04\/Huawei-Schalldaemper-Blower-Cover-Huepfburgen-Geblaese-1.jpg",700,700,false],"woocommerce_gallery_thumbnail":["https:\/\/dodo-inflatables.com\/wp-content\/uploads\/2026\/04\/Huawei-Schalldaemper-Blower-Cover-Huepfburgen-Geblaese-1-100x100.jpg",100,100,true]},"uagb_author_info":{"display_name":"Andreas","author_link":"https:\/\/dodo-inflatables.com\/et\/author\/"},"uagb_comment_info":0,"uagb_excerpt":"M\u00f5\u00f5tmed (P \u00d7 L \u00d7 K): umbes 50 \u00d7 63 \u00d7 54 cm Kaal: umbes 2,4 kg Pakitud m\u00f5\u00f5tmed: umbes 50 \u00d7 100 \u00d7 15 cm","_links":{"self":[{"href":"https:\/\/dodo-inflatables.com\/et\/wp-json\/wp\/v2\/product\/105889","targetHints":{"allow":["GET"]}}],"collection":[{"href":"https:\/\/dodo-inflatables.com\/et\/wp-json\/wp\/v2\/product"}],"about":[{"href":"https:\/\/dodo-inflatables.com\/et\/wp-json\/wp\/v2\/types\/product"}],"replies":[{"embeddable":true,"href":"https:\/\/dodo-inflatables.com\/et\/wp-json\/wp\/v2\/comments?post=105889"}],"wp:featuredmedia":[{"embeddable":true,"href":"https:\/\/dodo-inflatables.com\/et\/wp-json\/wp\/v2\/media\/105884"}],"wp:attachment":[{"href":"https:\/\/dodo-inflatables.com\/et\/wp-json\/wp\/v2\/media?parent=105889"}],"wp:term":[{"taxonomy":"product_brand","embeddable":true,"href":"https:\/\/dodo-inflatables.com\/et\/wp-json\/wp\/v2\/product_brand?post=105889"},{"taxonomy":"product_cat","embeddable":true,"href":"https:\/\/dodo-inflatables.com\/et\/wp-json\/wp\/v2\/product_cat?post=105889"},{"taxonomy":"product_tag","embeddable":true,"href":"https:\/\/dodo-inflatables.com\/et\/wp-json\/wp\/v2\/product_tag?post=105889"}],"curies":[{"name":"wp","href":"https:\/\/api.w.org\/{rel}","templated":true}]}}