{"id":105971,"date":"2026-04-04T13:54:45","date_gmt":"2026-04-04T11:54:45","guid":{"rendered":"https:\/\/dodo-inflatables.com\/dodo-relaunch?product=rohumonitor-rohumootur-taispuhutavatele-batuutidele-huawei-ny-s01"},"modified":"2026-04-04T13:54:45","modified_gmt":"2026-04-04T11:54:45","slug":"rohumonitor-rohumootur-taispuhutavatele-batuutidele-huawei-ny-s01","status":"publish","type":"product","link":"https:\/\/dodo-inflatables.com\/et\/toode\/rohumonitor-rohumootur-taispuhutavatele-batuutidele-huawei-ny-s01\/","title":{"rendered":"R\u00f5humonitor \/ r\u00f5hum\u00f5\u00f5tur t\u00e4ispuhutavatele batuutidele \u2013 Huawei NY-S01"},"content":{"rendered":"<h1><b>Osta r\u00f5humonitor \/ r\u00f5hum\u00f5\u00f5tur t\u00e4ispuhutavatele batuutidele \u2013 Huawei NY-S01<\/b><\/h1>\n<p>&nbsp;<\/p>\n<p class=\"p1\"><span class=\"s1\"><b>Huawei NY-S01 SafeAlert r\u00f5humonitor<\/b><\/span> on loodud t\u00e4ispuhutavate batuutide ja t\u00e4ispuhutava m\u00e4nguvarustuse \u00f5hur\u00f5hu pidevaks j\u00e4lgimiseks.<br \/>\nSee m\u00f5\u00f5dab praegust sisemist r\u00f5hku reaalajas ja annab visuaalseid ja akustilisi hoiatusi, kui r\u00f5hk langeb alla m\u00e4\u00e4ratletud taseme.<br \/>\nSee aitab toetada t\u00e4ispuhutava batuudi ohutut kasutamist ja muudab r\u00f5humonitori eriti sobivaks professionaalseks kasutamiseks rendifirmades, \u00fcritustel ja avalikes funktsioonides.<\/p>\n<p class=\"p3\"><b>Usaldusv\u00e4\u00e4rne r\u00f5hu j\u00e4lgimine:<br \/>\n<\/b>Integreeritud andur m\u00f5\u00f5dab \u00f5hur\u00f5hku vahemikus <span class=\"s1\"><b>0\u20133000 Pa<\/b><\/span> ja kuvab v\u00e4\u00e4rtused selgelt digitaalsel ekraanil.<\/p>\n<p class=\"p3\"><b>Visuaalsed ja akustilised hoiatussignaalid:<br \/>\n<\/b>Kui r\u00f5hk langeb, k\u00e4ivitub kohene hoiatus LED-ekraani ja kuuldava signaali kaudu, v\u00f5imaldades kiiret tegutsemist.<\/p>\n<p class=\"p3\"><b>Vastupidav disain:<br \/>\n<\/b>R\u00f5humonitor on tulekindel ja veekindel ning sobib kasutamiseks erinevates ilmastikuoludes.<\/p>\n<p class=\"p3\"><b>Kompaktne ja kasutajas\u00f5bralik:<br \/>\n<\/b>T\u00e4nu kompaktsele disainile, madalale kaalule ja lihtsale kasutamisele on seadet lihtne paigaldada, kohandada ja transportida.<\/p>\n<h3>R\u00f5humonitori \/ r\u00f5hum\u00f5\u00f5turi \u00fcksikasjad<\/h3>\n<ul>\n<li class=\"p1\">M\u00f5\u00f5tmed (L \u00d7 S \u00d7 K): umbes 80 \u00d7 73 \u00d7 52 mm<\/li>\n<li class=\"p1\">Pakitud m\u00f5\u00f5tmed: umbes 110 \u00d7 110 \u00d7 100 mm<\/li>\n<li>\n<p class=\"p1\">M\u00f5\u00f5tevahemik: 0\u20133000 Pa<\/p>\n<\/li>\n<\/ul>\n","protected":false},"excerpt":{"rendered":"<ul>\n<li class=\"p1\">M\u00f5\u00f5tmed (L \u00d7 S \u00d7 K): umbes 80 \u00d7 73 \u00d7 52 mm<\/li>\n<li class=\"p1\">Pakitud m\u00f5\u00f5tmed: umbes 110 \u00d7 110 \u00d7 100 mm<\/li>\n<li>\n<p class=\"p1\">M\u00f5\u00f5tevahemik: 0\u20133000 Pa<\/p>\n<\/li>\n<\/ul>\n","protected":false},"featured_media":105970,"comment_status":"open","ping_status":"closed","template":"","meta":{"_acf_changed":false,"_uag_custom_page_level_css":"","site-sidebar-layout":"default","site-content-layout":"boxed-container","ast-site-content-layout":"normal-width-container","site-content-style":"boxed","site-sidebar-style":"default","ast-global-header-display":"","ast-banner-title-visibility":"","ast-main-header-display":"","ast-hfb-above-header-display":"","ast-hfb-below-header-display":"","ast-hfb-mobile-header-display":"","site-post-title":"disabled","ast-breadcrumbs-content":"","ast-featured-img":"","footer-sml-layout":"","ast-disable-related-posts":"","theme-transparent-header-meta":"default","adv-header-id-meta":"","stick-header-meta":"default","header-above-stick-meta":"","header-main-stick-meta":"","header-below-stick-meta":"","astra-migrate-meta-layouts":"default","ast-page-background-enabled":"default","ast-page-background-meta":{"desktop":{"background-color":"var(--ast-global-color-4)","background-image":"","background-repeat":"repeat","background-position":"center center","background-size":"auto","background-attachment":"scroll","background-type":"","background-media":"","overlay-type":"","overlay-color":"","overlay-opacity":"","overlay-gradient":""},"tablet":{"background-color":"","background-image":"","background-repeat":"repeat","background-position":"center center","background-size":"auto","background-attachment":"scroll","background-type":"","background-media":"","overlay-type":"","overlay-color":"","overlay-opacity":"","overlay-gradient":""},"mobile":{"background-color":"","background-image":"","background-repeat":"repeat","background-position":"center center","background-size":"auto","background-attachment":"scroll","background-type":"","background-media":"","overlay-type":"","overlay-color":"","overlay-opacity":"","overlay-gradient":""}},"ast-content-background-meta":{"desktop":{"background-color":"var(--ast-global-color-5)","background-image":"","background-repeat":"repeat","background-position":"center center","background-size":"auto","background-attachment":"scroll","background-type":"","background-media":"","overlay-type":"","overlay-color":"","overlay-opacity":"","overlay-gradient":""},"tablet":{"background-color":"var(--ast-global-color-5)","background-image":"","background-repeat":"repeat","background-position":"center center","background-size":"auto","background-attachment":"scroll","background-type":"","background-media":"","overlay-type":"","overlay-color":"","overlay-opacity":"","overlay-gradient":""},"mobile":{"background-color":"var(--ast-global-color-5)","background-image":"","background-repeat":"repeat","background-position":"center center","background-size":"auto","background-attachment":"scroll","background-type":"","background-media":"","overlay-type":"","overlay-color":"","overlay-opacity":"","overlay-gradient":""}}},"product_brand":[],"product_cat":[2064],"product_tag":[],"class_list":{"0":"post-105971","1":"product","2":"type-product","3":"status-publish","4":"has-post-thumbnail","6":"product_cat-accessories-et","7":"product_shipping_class-zubehor-et","8":"desktop-align-center","9":"tablet-align-center","10":"mobile-align-center","11":"ast-product-gallery-layout-horizontal","12":"ast-product-gallery-with-no-image","13":"ast-product-tabs-layout-horizontal","15":"first","16":"instock","17":"taxable","18":"shipping-taxable","19":"purchasable","20":"product-type-simple"},"acf":[],"yoast_head":"<!-- This site is optimized with the Yoast SEO plugin v27.5 - https:\/\/yoast.com\/product\/yoast-seo-wordpress\/ -->\n<title>R\u00f5humonitor \/ r\u00f5hum\u00f5\u00f5tur t\u00e4ispuhutavatele batuutidele \u2013 Huawei NY-S01 | Dodo Inflatables<\/title>\n<meta name=\"description\" content=\"Huawei NY-S01 r\u00f5humonitor t\u00e4ispuhutavatele batuutidele \u2013 reaalajas r\u00f5hu j\u00e4lgimine 0\u20133000 Pa, visuaalsed ja akustilised hoiatused, tulekindel ja veekindel. Ideaalne rendifirmadele ja \u00fcritustele.\" \/>\n<meta name=\"robots\" content=\"index, follow, max-snippet:-1, max-image-preview:large, max-video-preview:-1\" \/>\n<link rel=\"canonical\" href=\"https:\/\/dodo-inflatables.com\/et\/toode\/rohumonitor-rohumootur-taispuhutavatele-batuutidele-huawei-ny-s01\/\" \/>\n<meta name=\"twitter:label1\" content=\"Est. reading time\" \/>\n\t<meta name=\"twitter:data1\" content=\"1 minut\" \/>\n<script type=\"application\/ld+json\" class=\"yoast-schema-graph\">{\"@context\":\"https:\\\/\\\/schema.org\",\"@graph\":[{\"@type\":\"WebPage\",\"@id\":\"https:\\\/\\\/dodo-inflatables.com\\\/et\\\/toode\\\/rohumonitor-rohumootur-taispuhutavatele-batuutidele-huawei-ny-s01\\\/\",\"url\":\"https:\\\/\\\/dodo-inflatables.com\\\/et\\\/toode\\\/rohumonitor-rohumootur-taispuhutavatele-batuutidele-huawei-ny-s01\\\/\",\"name\":\"R\u00f5humonitor \\\/ r\u00f5hum\u00f5\u00f5tur t\u00e4ispuhutavatele batuutidele \u2013 Huawei NY-S01 | Dodo Inflatables\",\"isPartOf\":{\"@id\":\"https:\\\/\\\/dodo-inflatables.com\\\/et\\\/#website\"},\"primaryImageOfPage\":{\"@id\":\"https:\\\/\\\/dodo-inflatables.com\\\/et\\\/toode\\\/rohumonitor-rohumootur-taispuhutavatele-batuutidele-huawei-ny-s01\\\/#primaryimage\"},\"image\":{\"@id\":\"https:\\\/\\\/dodo-inflatables.com\\\/et\\\/toode\\\/rohumonitor-rohumootur-taispuhutavatele-batuutidele-huawei-ny-s01\\\/#primaryimage\"},\"thumbnailUrl\":\"https:\\\/\\\/dodo-inflatables.com\\\/wp-content\\\/uploads\\\/2026\\\/04\\\/Druckwaechter-Druckmesser-fur-Huepfburgen.jpg\",\"datePublished\":\"2026-04-04T11:54:45+00:00\",\"description\":\"Huawei NY-S01 r\u00f5humonitor t\u00e4ispuhutavatele batuutidele \u2013 reaalajas r\u00f5hu j\u00e4lgimine 0\u20133000 Pa, visuaalsed ja akustilised hoiatused, tulekindel ja veekindel. Ideaalne rendifirmadele ja \u00fcritustele.\",\"breadcrumb\":{\"@id\":\"https:\\\/\\\/dodo-inflatables.com\\\/et\\\/toode\\\/rohumonitor-rohumootur-taispuhutavatele-batuutidele-huawei-ny-s01\\\/#breadcrumb\"},\"inLanguage\":\"et\",\"potentialAction\":[{\"@type\":\"ReadAction\",\"target\":[\"https:\\\/\\\/dodo-inflatables.com\\\/et\\\/toode\\\/rohumonitor-rohumootur-taispuhutavatele-batuutidele-huawei-ny-s01\\\/\"]}]},{\"@type\":\"ImageObject\",\"inLanguage\":\"et\",\"@id\":\"https:\\\/\\\/dodo-inflatables.com\\\/et\\\/toode\\\/rohumonitor-rohumootur-taispuhutavatele-batuutidele-huawei-ny-s01\\\/#primaryimage\",\"url\":\"https:\\\/\\\/dodo-inflatables.com\\\/wp-content\\\/uploads\\\/2026\\\/04\\\/Druckwaechter-Druckmesser-fur-Huepfburgen.jpg\",\"contentUrl\":\"https:\\\/\\\/dodo-inflatables.com\\\/wp-content\\\/uploads\\\/2026\\\/04\\\/Druckwaechter-Druckmesser-fur-Huepfburgen.jpg\",\"width\":700,\"height\":700,\"caption\":\"R\u00f5humonitor \\\/ r\u00f5hum\u00f5\u00f5tur t\u00e4ispuhutavatele batuutidele \u2013 Huawei NY-S01 | Dodo Inflatables\"},{\"@type\":\"BreadcrumbList\",\"@id\":\"https:\\\/\\\/dodo-inflatables.com\\\/et\\\/toode\\\/rohumonitor-rohumootur-taispuhutavatele-batuutidele-huawei-ny-s01\\\/#breadcrumb\",\"itemListElement\":[{\"@type\":\"ListItem\",\"position\":1,\"name\":\"Home\",\"item\":\"https:\\\/\\\/dodo-inflatables.com\\\/et\\\/\"},{\"@type\":\"ListItem\",\"position\":2,\"name\":\"Kauplus\",\"item\":\"https:\\\/\\\/dodo-inflatables.com\\\/et\\\/kauplus\\\/\"},{\"@type\":\"ListItem\",\"position\":3,\"name\":\"R\u00f5humonitor \\\/ r\u00f5hum\u00f5\u00f5tur t\u00e4ispuhutavatele batuutidele \u2013 Huawei NY-S01\"}]},{\"@type\":\"WebSite\",\"@id\":\"https:\\\/\\\/dodo-inflatables.com\\\/et\\\/#website\",\"url\":\"https:\\\/\\\/dodo-inflatables.com\\\/et\\\/\",\"name\":\"dodo-inflatables.com\",\"description\":\"Ostke meie poest h\u00fcppelossi ja atraktsioone.\",\"potentialAction\":[{\"@type\":\"SearchAction\",\"target\":{\"@type\":\"EntryPoint\",\"urlTemplate\":\"https:\\\/\\\/dodo-inflatables.com\\\/et\\\/?s={search_term_string}\"},\"query-input\":{\"@type\":\"PropertyValueSpecification\",\"valueRequired\":true,\"valueName\":\"search_term_string\"}}],\"inLanguage\":\"et\"}]}<\/script>\n<!-- \/ Yoast SEO plugin. -->","yoast_head_json":{"title":"R\u00f5humonitor \/ r\u00f5hum\u00f5\u00f5tur t\u00e4ispuhutavatele batuutidele \u2013 Huawei NY-S01 | Dodo Inflatables","description":"Huawei NY-S01 r\u00f5humonitor t\u00e4ispuhutavatele batuutidele \u2013 reaalajas r\u00f5hu j\u00e4lgimine 0\u20133000 Pa, visuaalsed ja akustilised hoiatused, tulekindel ja veekindel. Ideaalne rendifirmadele ja \u00fcritustele.","robots":{"index":"index","follow":"follow","max-snippet":"max-snippet:-1","max-image-preview":"max-image-preview:large","max-video-preview":"max-video-preview:-1"},"canonical":"https:\/\/dodo-inflatables.com\/et\/toode\/rohumonitor-rohumootur-taispuhutavatele-batuutidele-huawei-ny-s01\/","twitter_misc":{"Est. reading time":"1 minut"},"schema":{"@context":"https:\/\/schema.org","@graph":[{"@type":"WebPage","@id":"https:\/\/dodo-inflatables.com\/et\/toode\/rohumonitor-rohumootur-taispuhutavatele-batuutidele-huawei-ny-s01\/","url":"https:\/\/dodo-inflatables.com\/et\/toode\/rohumonitor-rohumootur-taispuhutavatele-batuutidele-huawei-ny-s01\/","name":"R\u00f5humonitor \/ r\u00f5hum\u00f5\u00f5tur t\u00e4ispuhutavatele batuutidele \u2013 Huawei NY-S01 | Dodo Inflatables","isPartOf":{"@id":"https:\/\/dodo-inflatables.com\/et\/#website"},"primaryImageOfPage":{"@id":"https:\/\/dodo-inflatables.com\/et\/toode\/rohumonitor-rohumootur-taispuhutavatele-batuutidele-huawei-ny-s01\/#primaryimage"},"image":{"@id":"https:\/\/dodo-inflatables.com\/et\/toode\/rohumonitor-rohumootur-taispuhutavatele-batuutidele-huawei-ny-s01\/#primaryimage"},"thumbnailUrl":"https:\/\/dodo-inflatables.com\/wp-content\/uploads\/2026\/04\/Druckwaechter-Druckmesser-fur-Huepfburgen.jpg","datePublished":"2026-04-04T11:54:45+00:00","description":"Huawei NY-S01 r\u00f5humonitor t\u00e4ispuhutavatele batuutidele \u2013 reaalajas r\u00f5hu j\u00e4lgimine 0\u20133000 Pa, visuaalsed ja akustilised hoiatused, tulekindel ja veekindel. Ideaalne rendifirmadele ja \u00fcritustele.","breadcrumb":{"@id":"https:\/\/dodo-inflatables.com\/et\/toode\/rohumonitor-rohumootur-taispuhutavatele-batuutidele-huawei-ny-s01\/#breadcrumb"},"inLanguage":"et","potentialAction":[{"@type":"ReadAction","target":["https:\/\/dodo-inflatables.com\/et\/toode\/rohumonitor-rohumootur-taispuhutavatele-batuutidele-huawei-ny-s01\/"]}]},{"@type":"ImageObject","inLanguage":"et","@id":"https:\/\/dodo-inflatables.com\/et\/toode\/rohumonitor-rohumootur-taispuhutavatele-batuutidele-huawei-ny-s01\/#primaryimage","url":"https:\/\/dodo-inflatables.com\/wp-content\/uploads\/2026\/04\/Druckwaechter-Druckmesser-fur-Huepfburgen.jpg","contentUrl":"https:\/\/dodo-inflatables.com\/wp-content\/uploads\/2026\/04\/Druckwaechter-Druckmesser-fur-Huepfburgen.jpg","width":700,"height":700,"caption":"R\u00f5humonitor \/ r\u00f5hum\u00f5\u00f5tur t\u00e4ispuhutavatele batuutidele \u2013 Huawei NY-S01 | Dodo Inflatables"},{"@type":"BreadcrumbList","@id":"https:\/\/dodo-inflatables.com\/et\/toode\/rohumonitor-rohumootur-taispuhutavatele-batuutidele-huawei-ny-s01\/#breadcrumb","itemListElement":[{"@type":"ListItem","position":1,"name":"Home","item":"https:\/\/dodo-inflatables.com\/et\/"},{"@type":"ListItem","position":2,"name":"Kauplus","item":"https:\/\/dodo-inflatables.com\/et\/kauplus\/"},{"@type":"ListItem","position":3,"name":"R\u00f5humonitor \/ r\u00f5hum\u00f5\u00f5tur t\u00e4ispuhutavatele batuutidele \u2013 Huawei NY-S01"}]},{"@type":"WebSite","@id":"https:\/\/dodo-inflatables.com\/et\/#website","url":"https:\/\/dodo-inflatables.com\/et\/","name":"dodo-inflatables.com","description":"Ostke meie poest h\u00fcppelossi ja atraktsioone.","potentialAction":[{"@type":"SearchAction","target":{"@type":"EntryPoint","urlTemplate":"https:\/\/dodo-inflatables.com\/et\/?s={search_term_string}"},"query-input":{"@type":"PropertyValueSpecification","valueRequired":true,"valueName":"search_term_string"}}],"inLanguage":"et"}]}},"uagb_featured_image_src":{"full":["https:\/\/dodo-inflatables.com\/wp-content\/uploads\/2026\/04\/Druckwaechter-Druckmesser-fur-Huepfburgen.jpg",700,700,false],"thumbnail":["https:\/\/dodo-inflatables.com\/wp-content\/uploads\/2026\/04\/Druckwaechter-Druckmesser-fur-Huepfburgen-150x150.jpg",150,150,true],"medium":["https:\/\/dodo-inflatables.com\/wp-content\/uploads\/2026\/04\/Druckwaechter-Druckmesser-fur-Huepfburgen-300x300.jpg",300,300,true],"medium_large":["https:\/\/dodo-inflatables.com\/wp-content\/uploads\/2026\/04\/Druckwaechter-Druckmesser-fur-Huepfburgen.jpg",700,700,false],"large":["https:\/\/dodo-inflatables.com\/wp-content\/uploads\/2026\/04\/Druckwaechter-Druckmesser-fur-Huepfburgen.jpg",700,700,false],"1536x1536":["https:\/\/dodo-inflatables.com\/wp-content\/uploads\/2026\/04\/Druckwaechter-Druckmesser-fur-Huepfburgen.jpg",700,700,false],"2048x2048":["https:\/\/dodo-inflatables.com\/wp-content\/uploads\/2026\/04\/Druckwaechter-Druckmesser-fur-Huepfburgen.jpg",700,700,false],"woocommerce_thumbnail":["https:\/\/dodo-inflatables.com\/wp-content\/uploads\/2026\/04\/Druckwaechter-Druckmesser-fur-Huepfburgen.jpg",700,700,false],"woocommerce_single":["https:\/\/dodo-inflatables.com\/wp-content\/uploads\/2026\/04\/Druckwaechter-Druckmesser-fur-Huepfburgen.jpg",700,700,false],"woocommerce_gallery_thumbnail":["https:\/\/dodo-inflatables.com\/wp-content\/uploads\/2026\/04\/Druckwaechter-Druckmesser-fur-Huepfburgen-100x100.jpg",100,100,true]},"uagb_author_info":{"display_name":"Andreas","author_link":"https:\/\/dodo-inflatables.com\/et\/author\/"},"uagb_comment_info":0,"uagb_excerpt":"M\u00f5\u00f5tmed (L \u00d7 S \u00d7 K): umbes 80 \u00d7 73 \u00d7 52 mm Pakitud m\u00f5\u00f5tmed: umbes 110 \u00d7 110 \u00d7 100 mm M\u00f5\u00f5tevahemik: 0\u20133000 Pa","_links":{"self":[{"href":"https:\/\/dodo-inflatables.com\/et\/wp-json\/wp\/v2\/product\/105971","targetHints":{"allow":["GET"]}}],"collection":[{"href":"https:\/\/dodo-inflatables.com\/et\/wp-json\/wp\/v2\/product"}],"about":[{"href":"https:\/\/dodo-inflatables.com\/et\/wp-json\/wp\/v2\/types\/product"}],"replies":[{"embeddable":true,"href":"https:\/\/dodo-inflatables.com\/et\/wp-json\/wp\/v2\/comments?post=105971"}],"wp:featuredmedia":[{"embeddable":true,"href":"https:\/\/dodo-inflatables.com\/et\/wp-json\/wp\/v2\/media\/105970"}],"wp:attachment":[{"href":"https:\/\/dodo-inflatables.com\/et\/wp-json\/wp\/v2\/media?parent=105971"}],"wp:term":[{"taxonomy":"product_brand","embeddable":true,"href":"https:\/\/dodo-inflatables.com\/et\/wp-json\/wp\/v2\/product_brand?post=105971"},{"taxonomy":"product_cat","embeddable":true,"href":"https:\/\/dodo-inflatables.com\/et\/wp-json\/wp\/v2\/product_cat?post=105971"},{"taxonomy":"product_tag","embeddable":true,"href":"https:\/\/dodo-inflatables.com\/et\/wp-json\/wp\/v2\/product_tag?post=105971"}],"curies":[{"name":"wp","href":"https:\/\/api.w.org\/{rel}","templated":true}]}}