{"id":18003,"date":"2017-01-06T20:54:55","date_gmt":"2017-01-06T19:54:55","guid":{"rendered":"https:\/\/dodo-inflatables.com\/product\/jalgpalli-piljard\/"},"modified":"2024-07-17T15:12:43","modified_gmt":"2024-07-17T13:12:43","slug":"jalgpalli-piljard","status":"publish","type":"product","link":"https:\/\/dodo-inflatables.com\/et\/toode\/jalgpalli-piljard\/","title":{"rendered":"Jalgpalli piljard"},"content":{"rendered":"<h3>Osta t\u00e4ispuhutav jalgpallibassein<\/h3>\n<p>Tavaline jalgpall on sinu jaoks liiga igav? Pole probleemi! Meie jalgpallipiljardiga v\u00f5i snuukerijalgpalliga saate m\u00e4ngule vaheldust lisada. Jalgpallipiljardis v\u00f5i piljardis \/ jalgpallipiljardis on \u00fchendatud m\u00f5lema m\u00e4ngu l\u00f5bu ning see pakub l\u00f5bu nii pealtvaatajatele kui ka kaasm\u00e4ngijatele. M\u00e4ngitakse tavaliste piljardireeglite j\u00e4rgi, kuid teie enda jalg saab kiiuks. Piljardipalli v\u00e4limusega t\u00e4is- ja poolpallid tuleb l\u00fc\u00fca augudesse valge kiipalliga. M\u00e4ngu v\u00f5itja on see m\u00e4ngija, kes esimesena oma pallid \u00e4ra paneb ja ka musta kaheksa palli sisse l\u00f6\u00f6b. See n\u00f5uab aga suurt t\u00e4psust, head palli tunnetust ja l\u00e4bim\u00f5eldud strateegiat. M\u00e4ngu v\u00f5ib m\u00e4ngida paarikaupa v\u00f5i meeskonnana. M\u00e4ngu on k\u00f5ige parem m\u00e4ngida jalgpallimuruv\u00e4ljakul v\u00f5i muul tasasel pinnal. Jalgpallipiljard on alati \u00f5ige atraktsioon! Suur m\u00e4nguv\u00e4ljak meelitab k\u00fclastajaid kaugemalt ja pakub parimat meelelahutust nii m\u00e4ngijatele kui ka pealtvaatajatele.<\/p>\n<p>&nbsp;<\/p>\n<h4>T\u00e4ispuhutava jalgpallibasseini \u00fcksikasjad<\/h4>\n<ul>\n<li>M\u00f5\u00f5tmed (pikkus x laius x k\u00f5rgus): 8,00 m x 4,00 m x 0,75 m *<\/li>\n<li>Kaal: umbes. 60 kg *<\/li>\n<li>Pakendi suurus: 100 x 70 x 70 cm *<\/li>\n<li>Kokkupaneku aeg: 10 minutit<\/li>\n<li>Materjal: PVC: 0,55 mm<\/li>\n<li>Velcro-kattega t\u00f5mblukk, tugevdatud nurgad<\/li>\n<\/ul>\n<p>&nbsp;<\/p>\n<p>Tarne h\u00f5lmab jalgpallibiljardi \u00fcmbrust<\/p>\n<p>Ei sisalda puhurit, alusplaati, jalgpallibiliardipalle ja jalgpallibiliardikolmnurka. Need leiate tarvikute kategooriast.<\/p>\n<p>T\u00e4ispuhutav jalgpallipiljard on kvaliteetne toode, mis on valmistatud vastavalt rangetele suunistele EN 14960. K\u00f5ik meie h\u00fcppelinnakud ja t\u00e4ispuhutavad atraktsioonid on professionaalsed moodulid, mis sobivad professionaalseks rentimiseks ja kasutamiseks vabaaja parkides, siseruumides asuvates m\u00e4nguv\u00e4ljakutel ja muudes sarnastes kohtades.<\/p>\n<p>&nbsp;<\/p>\n<p><strong>Olulised m\u00e4rkused k\u00e4itamise kohta<\/strong><\/p>\n<p>Ventilaator (ei kuulu komplekti) peab kasutamise ajal pidevalt t\u00f6\u00f6tama.<br \/>\nV\u00e4ike \u00f5huleke l\u00e4bi \u00f5mblusavade on normaalne.<\/p>\n<p>* Kaal ja m\u00f5\u00f5tmed on ligikaudsed ja v\u00f5ivad veidi erineda.<\/p>\n","protected":false},"excerpt":{"rendered":"<p><i class=\"fa fa-arrows-alt\"><\/i>  M\u00f5\u00f5tmed (pikkus x laius x k\u00f5rgus): 8,00 m x 4,00 m x 0,75 m *<br \/>\n<i class=\"fa fa-plus\"><\/i>  Valikuliselt saadaval piljardipallidega jalapallid<br \/>\n<i class=\"fa fa-check\"><\/i>  Professionaalne moodul &#8211; sobib \u00e4ri- ja erakasutuseks<\/p>\n<p><i class=\"fa fa-square\"><\/i>  PVC (0,55 mm \/ 621,3 g\/m2 ) ja Velcro.<br \/>\n<i class=\"fa fa-align-justify\"><\/i>  2 &#8211; 4-kordne \u00f5mblus (s\u00f5ltuvalt koormusest)<br \/>\n<i class=\"fa fa-fire\"><\/i>  Tulekindlad<\/p>\n<p>&nbsp;<\/p>\n","protected":false},"featured_media":18005,"comment_status":"open","ping_status":"closed","template":"","meta":{"_acf_changed":false,"_uag_custom_page_level_css":"","site-sidebar-layout":"default","site-content-layout":"boxed-container","ast-site-content-layout":"normal-width-container","site-content-style":"boxed","site-sidebar-style":"boxed","ast-global-header-display":"","ast-banner-title-visibility":"","ast-main-header-display":"","ast-hfb-above-header-display":"","ast-hfb-below-header-display":"","ast-hfb-mobile-header-display":"","site-post-title":"disabled","ast-breadcrumbs-content":"","ast-featured-img":"","footer-sml-layout":"","ast-disable-related-posts":"","theme-transparent-header-meta":"default","adv-header-id-meta":"","stick-header-meta":"default","header-above-stick-meta":"","header-main-stick-meta":"","header-below-stick-meta":"","astra-migrate-meta-layouts":"default","ast-page-background-enabled":"default","ast-page-background-meta":{"desktop":{"background-color":"var(--ast-global-color-4)","background-image":"","background-repeat":"repeat","background-position":"center center","background-size":"auto","background-attachment":"scroll","background-type":"","background-media":"","overlay-type":"","overlay-color":"","overlay-opacity":"","overlay-gradient":""},"tablet":{"background-color":"","background-image":"","background-repeat":"repeat","background-position":"center center","background-size":"auto","background-attachment":"scroll","background-type":"","background-media":"","overlay-type":"","overlay-color":"","overlay-opacity":"","overlay-gradient":""},"mobile":{"background-color":"","background-image":"","background-repeat":"repeat","background-position":"center center","background-size":"auto","background-attachment":"scroll","background-type":"","background-media":"","overlay-type":"","overlay-color":"","overlay-opacity":"","overlay-gradient":""}},"ast-content-background-meta":{"desktop":{"background-color":"var(--ast-global-color-5)","background-image":"","background-repeat":"repeat","background-position":"center center","background-size":"auto","background-attachment":"scroll","background-type":"","background-media":"","overlay-type":"","overlay-color":"","overlay-opacity":"","overlay-gradient":""},"tablet":{"background-color":"var(--ast-global-color-5)","background-image":"","background-repeat":"repeat","background-position":"center center","background-size":"auto","background-attachment":"scroll","background-type":"","background-media":"","overlay-type":"","overlay-color":"","overlay-opacity":"","overlay-gradient":""},"mobile":{"background-color":"var(--ast-global-color-5)","background-image":"","background-repeat":"repeat","background-position":"center center","background-size":"auto","background-attachment":"scroll","background-type":"","background-media":"","overlay-type":"","overlay-color":"","overlay-opacity":"","overlay-gradient":""}}},"product_brand":[],"product_cat":[2035],"product_tag":[],"class_list":{"0":"post-18003","1":"product","2":"type-product","3":"status-publish","4":"has-post-thumbnail","6":"product_cat-atraktsioonid","7":"product_shipping_class-spedition-hupfburg-et","8":"desktop-align-center","9":"tablet-align-center","10":"mobile-align-center","11":"ast-product-gallery-layout-horizontal","12":"ast-product-tabs-layout-horizontal","14":"first","15":"instock","16":"taxable","17":"shipping-taxable","18":"purchasable","19":"product-type-simple"},"acf":[],"yoast_head":"<!-- This site is optimized with the Yoast SEO plugin v27.3 - https:\/\/yoast.com\/product\/yoast-seo-wordpress\/ -->\n<title>Aufblasbares Fu\u00dfball Billard kaufen | H\u00fcpfburg-g\u00fcnstig-kaufen.de<\/title>\n<meta name=\"description\" content=\"Osta t\u00e4ispuhutav jalgpallibassein ja jalgpallipiljardid aadressil dodo-inflatables.com! | \u00d5iglased hinnad | Alati laos | Kiire postitus!\" \/>\n<meta name=\"robots\" content=\"index, follow, max-snippet:-1, max-image-preview:large, max-video-preview:-1\" \/>\n<link rel=\"canonical\" href=\"https:\/\/dodo-inflatables.com\/et\/toode\/jalgpalli-piljard\/\" \/>\n<meta name=\"twitter:label1\" content=\"Est. reading time\" \/>\n\t<meta name=\"twitter:data1\" content=\"1 minut\" \/>\n<script type=\"application\/ld+json\" class=\"yoast-schema-graph\">{\"@context\":\"https:\\\/\\\/schema.org\",\"@graph\":[{\"@type\":\"WebPage\",\"@id\":\"https:\\\/\\\/dodo-inflatables.com\\\/et\\\/toode\\\/jalgpalli-piljard\\\/\",\"url\":\"https:\\\/\\\/dodo-inflatables.com\\\/et\\\/toode\\\/jalgpalli-piljard\\\/\",\"name\":\"Aufblasbares Fu\u00dfball Billard kaufen | H\u00fcpfburg-g\u00fcnstig-kaufen.de\",\"isPartOf\":{\"@id\":\"https:\\\/\\\/dodo-inflatables.com\\\/et\\\/#website\"},\"primaryImageOfPage\":{\"@id\":\"https:\\\/\\\/dodo-inflatables.com\\\/et\\\/toode\\\/jalgpalli-piljard\\\/#primaryimage\"},\"image\":{\"@id\":\"https:\\\/\\\/dodo-inflatables.com\\\/et\\\/toode\\\/jalgpalli-piljard\\\/#primaryimage\"},\"thumbnailUrl\":\"https:\\\/\\\/dodo-inflatables.com\\\/wp-content\\\/uploads\\\/2017\\\/01\\\/snooker-football-fussball-billard-kaufen-4.png\",\"datePublished\":\"2017-01-06T19:54:55+00:00\",\"dateModified\":\"2024-07-17T13:12:43+00:00\",\"description\":\"Osta t\u00e4ispuhutav jalgpallibassein ja jalgpallipiljardid aadressil dodo-inflatables.com! | \u00d5iglased hinnad | Alati laos | Kiire postitus!\",\"breadcrumb\":{\"@id\":\"https:\\\/\\\/dodo-inflatables.com\\\/et\\\/toode\\\/jalgpalli-piljard\\\/#breadcrumb\"},\"inLanguage\":\"et\",\"potentialAction\":[{\"@type\":\"ReadAction\",\"target\":[\"https:\\\/\\\/dodo-inflatables.com\\\/et\\\/toode\\\/jalgpalli-piljard\\\/\"]}]},{\"@type\":\"ImageObject\",\"inLanguage\":\"et\",\"@id\":\"https:\\\/\\\/dodo-inflatables.com\\\/et\\\/toode\\\/jalgpalli-piljard\\\/#primaryimage\",\"url\":\"https:\\\/\\\/dodo-inflatables.com\\\/wp-content\\\/uploads\\\/2017\\\/01\\\/snooker-football-fussball-billard-kaufen-4.png\",\"contentUrl\":\"https:\\\/\\\/dodo-inflatables.com\\\/wp-content\\\/uploads\\\/2017\\\/01\\\/snooker-football-fussball-billard-kaufen-4.png\",\"width\":500,\"height\":500},{\"@type\":\"BreadcrumbList\",\"@id\":\"https:\\\/\\\/dodo-inflatables.com\\\/et\\\/toode\\\/jalgpalli-piljard\\\/#breadcrumb\",\"itemListElement\":[{\"@type\":\"ListItem\",\"position\":1,\"name\":\"Home\",\"item\":\"https:\\\/\\\/dodo-inflatables.com\\\/et\\\/\"},{\"@type\":\"ListItem\",\"position\":2,\"name\":\"Kauplus\",\"item\":\"https:\\\/\\\/dodo-inflatables.com\\\/et\\\/?page_id=16798\"},{\"@type\":\"ListItem\",\"position\":3,\"name\":\"Jalgpalli piljard\"}]},{\"@type\":\"WebSite\",\"@id\":\"https:\\\/\\\/dodo-inflatables.com\\\/et\\\/#website\",\"url\":\"https:\\\/\\\/dodo-inflatables.com\\\/et\\\/\",\"name\":\"dodo-inflatables.com\",\"description\":\"Ostke meie poest h\u00fcppelossi ja atraktsioone.\",\"publisher\":{\"@id\":\"https:\\\/\\\/dodo-inflatables.com\\\/et\\\/#organization\"},\"potentialAction\":[{\"@type\":\"SearchAction\",\"target\":{\"@type\":\"EntryPoint\",\"urlTemplate\":\"https:\\\/\\\/dodo-inflatables.com\\\/et\\\/?s={search_term_string}\"},\"query-input\":{\"@type\":\"PropertyValueSpecification\",\"valueRequired\":true,\"valueName\":\"search_term_string\"}}],\"inLanguage\":\"et\"},{\"@type\":\"Organization\",\"@id\":\"https:\\\/\\\/dodo-inflatables.com\\\/et\\\/#organization\",\"name\":\"dodo-inflatables.com\",\"url\":\"https:\\\/\\\/dodo-inflatables.com\\\/et\\\/\",\"logo\":{\"@type\":\"ImageObject\",\"inLanguage\":\"et\",\"@id\":\"https:\\\/\\\/dodo-inflatables.com\\\/et\\\/#\\\/schema\\\/logo\\\/image\\\/\",\"url\":\"https:\\\/\\\/dodo-inflatables.com\\\/wp-content\\\/uploads\\\/2023\\\/04\\\/cropped-cropped-cropped-Dodo-Logo.png\",\"contentUrl\":\"https:\\\/\\\/dodo-inflatables.com\\\/wp-content\\\/uploads\\\/2023\\\/04\\\/cropped-cropped-cropped-Dodo-Logo.png\",\"width\":2996,\"height\":1545,\"caption\":\"dodo-inflatables.com\"},\"image\":{\"@id\":\"https:\\\/\\\/dodo-inflatables.com\\\/et\\\/#\\\/schema\\\/logo\\\/image\\\/\"}}]}<\/script>\n<!-- \/ Yoast SEO plugin. -->","yoast_head_json":{"title":"Aufblasbares Fu\u00dfball Billard kaufen | H\u00fcpfburg-g\u00fcnstig-kaufen.de","description":"Osta t\u00e4ispuhutav jalgpallibassein ja jalgpallipiljardid aadressil dodo-inflatables.com! | \u00d5iglased hinnad | Alati laos | Kiire postitus!","robots":{"index":"index","follow":"follow","max-snippet":"max-snippet:-1","max-image-preview":"max-image-preview:large","max-video-preview":"max-video-preview:-1"},"canonical":"https:\/\/dodo-inflatables.com\/et\/toode\/jalgpalli-piljard\/","twitter_misc":{"Est. reading time":"1 minut"},"schema":{"@context":"https:\/\/schema.org","@graph":[{"@type":"WebPage","@id":"https:\/\/dodo-inflatables.com\/et\/toode\/jalgpalli-piljard\/","url":"https:\/\/dodo-inflatables.com\/et\/toode\/jalgpalli-piljard\/","name":"Aufblasbares Fu\u00dfball Billard kaufen | H\u00fcpfburg-g\u00fcnstig-kaufen.de","isPartOf":{"@id":"https:\/\/dodo-inflatables.com\/et\/#website"},"primaryImageOfPage":{"@id":"https:\/\/dodo-inflatables.com\/et\/toode\/jalgpalli-piljard\/#primaryimage"},"image":{"@id":"https:\/\/dodo-inflatables.com\/et\/toode\/jalgpalli-piljard\/#primaryimage"},"thumbnailUrl":"https:\/\/dodo-inflatables.com\/wp-content\/uploads\/2017\/01\/snooker-football-fussball-billard-kaufen-4.png","datePublished":"2017-01-06T19:54:55+00:00","dateModified":"2024-07-17T13:12:43+00:00","description":"Osta t\u00e4ispuhutav jalgpallibassein ja jalgpallipiljardid aadressil dodo-inflatables.com! | \u00d5iglased hinnad | Alati laos | Kiire postitus!","breadcrumb":{"@id":"https:\/\/dodo-inflatables.com\/et\/toode\/jalgpalli-piljard\/#breadcrumb"},"inLanguage":"et","potentialAction":[{"@type":"ReadAction","target":["https:\/\/dodo-inflatables.com\/et\/toode\/jalgpalli-piljard\/"]}]},{"@type":"ImageObject","inLanguage":"et","@id":"https:\/\/dodo-inflatables.com\/et\/toode\/jalgpalli-piljard\/#primaryimage","url":"https:\/\/dodo-inflatables.com\/wp-content\/uploads\/2017\/01\/snooker-football-fussball-billard-kaufen-4.png","contentUrl":"https:\/\/dodo-inflatables.com\/wp-content\/uploads\/2017\/01\/snooker-football-fussball-billard-kaufen-4.png","width":500,"height":500},{"@type":"BreadcrumbList","@id":"https:\/\/dodo-inflatables.com\/et\/toode\/jalgpalli-piljard\/#breadcrumb","itemListElement":[{"@type":"ListItem","position":1,"name":"Home","item":"https:\/\/dodo-inflatables.com\/et\/"},{"@type":"ListItem","position":2,"name":"Kauplus","item":"https:\/\/dodo-inflatables.com\/et\/?page_id=16798"},{"@type":"ListItem","position":3,"name":"Jalgpalli piljard"}]},{"@type":"WebSite","@id":"https:\/\/dodo-inflatables.com\/et\/#website","url":"https:\/\/dodo-inflatables.com\/et\/","name":"dodo-inflatables.com","description":"Ostke meie poest h\u00fcppelossi ja atraktsioone.","publisher":{"@id":"https:\/\/dodo-inflatables.com\/et\/#organization"},"potentialAction":[{"@type":"SearchAction","target":{"@type":"EntryPoint","urlTemplate":"https:\/\/dodo-inflatables.com\/et\/?s={search_term_string}"},"query-input":{"@type":"PropertyValueSpecification","valueRequired":true,"valueName":"search_term_string"}}],"inLanguage":"et"},{"@type":"Organization","@id":"https:\/\/dodo-inflatables.com\/et\/#organization","name":"dodo-inflatables.com","url":"https:\/\/dodo-inflatables.com\/et\/","logo":{"@type":"ImageObject","inLanguage":"et","@id":"https:\/\/dodo-inflatables.com\/et\/#\/schema\/logo\/image\/","url":"https:\/\/dodo-inflatables.com\/wp-content\/uploads\/2023\/04\/cropped-cropped-cropped-Dodo-Logo.png","contentUrl":"https:\/\/dodo-inflatables.com\/wp-content\/uploads\/2023\/04\/cropped-cropped-cropped-Dodo-Logo.png","width":2996,"height":1545,"caption":"dodo-inflatables.com"},"image":{"@id":"https:\/\/dodo-inflatables.com\/et\/#\/schema\/logo\/image\/"}}]}},"uagb_featured_image_src":{"full":["https:\/\/dodo-inflatables.com\/wp-content\/uploads\/2017\/01\/snooker-football-fussball-billard-kaufen-4.png",500,500,false],"thumbnail":["https:\/\/dodo-inflatables.com\/wp-content\/uploads\/2017\/01\/snooker-football-fussball-billard-kaufen-4-150x150.png",150,150,true],"medium":["https:\/\/dodo-inflatables.com\/wp-content\/uploads\/2017\/01\/snooker-football-fussball-billard-kaufen-4-300x300.png",300,300,true],"medium_large":["https:\/\/dodo-inflatables.com\/wp-content\/uploads\/2017\/01\/snooker-football-fussball-billard-kaufen-4.png",500,500,false],"large":["https:\/\/dodo-inflatables.com\/wp-content\/uploads\/2017\/01\/snooker-football-fussball-billard-kaufen-4.png",500,500,false],"1536x1536":["https:\/\/dodo-inflatables.com\/wp-content\/uploads\/2017\/01\/snooker-football-fussball-billard-kaufen-4.png",500,500,false],"2048x2048":["https:\/\/dodo-inflatables.com\/wp-content\/uploads\/2017\/01\/snooker-football-fussball-billard-kaufen-4.png",500,500,false],"woocommerce_thumbnail":["https:\/\/dodo-inflatables.com\/wp-content\/uploads\/2017\/01\/snooker-football-fussball-billard-kaufen-4.png",500,500,false],"woocommerce_single":["https:\/\/dodo-inflatables.com\/wp-content\/uploads\/2017\/01\/snooker-football-fussball-billard-kaufen-4.png",500,500,false],"woocommerce_gallery_thumbnail":["https:\/\/dodo-inflatables.com\/wp-content\/uploads\/2017\/01\/snooker-football-fussball-billard-kaufen-4-100x100.png",100,100,true]},"uagb_author_info":{"display_name":"Andreas","author_link":"https:\/\/dodo-inflatables.com\/et\/author\/"},"uagb_comment_info":0,"uagb_excerpt":"M\u00f5\u00f5tmed (pikkus x laius x k\u00f5rgus): 8,00 m x 4,00 m x 0,75 m * Valikuliselt saadaval piljardipallidega jalapallid Professionaalne moodul - sobib \u00e4ri- ja erakasutuseks PVC (0,55 mm \/ 621,3 g\/m2 ) ja Velcro. 2 - 4-kordne \u00f5mblus (s\u00f5ltuvalt koormusest) Tulekindlad &nbsp;","_links":{"self":[{"href":"https:\/\/dodo-inflatables.com\/et\/wp-json\/wp\/v2\/product\/18003","targetHints":{"allow":["GET"]}}],"collection":[{"href":"https:\/\/dodo-inflatables.com\/et\/wp-json\/wp\/v2\/product"}],"about":[{"href":"https:\/\/dodo-inflatables.com\/et\/wp-json\/wp\/v2\/types\/product"}],"replies":[{"embeddable":true,"href":"https:\/\/dodo-inflatables.com\/et\/wp-json\/wp\/v2\/comments?post=18003"}],"wp:featuredmedia":[{"embeddable":true,"href":"https:\/\/dodo-inflatables.com\/et\/wp-json\/wp\/v2\/media\/18005"}],"wp:attachment":[{"href":"https:\/\/dodo-inflatables.com\/et\/wp-json\/wp\/v2\/media?parent=18003"}],"wp:term":[{"taxonomy":"product_brand","embeddable":true,"href":"https:\/\/dodo-inflatables.com\/et\/wp-json\/wp\/v2\/product_brand?post=18003"},{"taxonomy":"product_cat","embeddable":true,"href":"https:\/\/dodo-inflatables.com\/et\/wp-json\/wp\/v2\/product_cat?post=18003"},{"taxonomy":"product_tag","embeddable":true,"href":"https:\/\/dodo-inflatables.com\/et\/wp-json\/wp\/v2\/product_tag?post=18003"}],"curies":[{"name":"wp","href":"https:\/\/api.w.org\/{rel}","templated":true}]}}