{"id":18055,"date":"2017-01-06T20:48:21","date_gmt":"2017-01-06T19:48:21","guid":{"rendered":"https:\/\/dodo-inflatables.com\/product\/liivakott-kaalumiseks\/"},"modified":"2026-04-23T08:20:19","modified_gmt":"2026-04-23T06:20:19","slug":"liivakott-kaalumiseks","status":"publish","type":"product","link":"https:\/\/dodo-inflatables.com\/et\/toode\/liivakott-kaalumiseks\/","title":{"rendered":"Liivakotid t\u00e4ispuhutavate batuutide raskendamiseks"},"content":{"rendered":"<h2 class=\"p1\">Osta liivakotid t\u00e4ispuhutavate batuutide raskendamiseks<\/h2>\n<p class=\"p1\">Meie liivakotid on paindlik ja t\u00f5estatud lahendus t\u00e4ispuhutavate batuutide ja t\u00e4ispuhutavate \u00fcritusemoodulite raskendamiseks \u2013 eriti siis, kui maapinnahaake ei saa pinnase t\u00f5ttu kasutada, n\u00e4iteks asfaldil, betoonil v\u00f5i siseruumides.<br \/>\nS\u00f5ltuvalt teie vajadustest saab kotid t\u00e4ita liiva v\u00f5i sarnase puistematerjaliga ning seej\u00e4rel kinnitada integreeritud D-r\u00f5ngaste abil turvaliselt t\u00e4ispuhutava batuudi k\u00fclge. See v\u00f5imaldab t\u00e4ispuhutavaid batuute kiiresti, individuaalselt ja vastavalt konkreetsele paigalduskohale raskendada.<br \/>\n\ud83d\udc49\ud83c\udffc <i>Saavutatav kaal s\u00f5ltub kasutatavast t\u00e4itematerjaist ja t\u00e4itmistasemest ning on tavaliselt umbes 25\u201330 kg.<\/i><\/p>\n<p class=\"p3\"><b>Paindlik t\u00e4itmine: <\/b>Liivakotte saab t\u00e4ita eelnevalt v\u00f5i otse kohapeal. See v\u00f5imaldab kohandada kaalu s\u00f5ltuvalt asukohast, ilmastikutingimustest ja t\u00e4ispuhutava konstruktsiooni suurusest.<\/p>\n<p class=\"p3\"><b>Kohandatav raskendamine: <\/b>Erinevalt veekottidest saab liivakottide kaalu vabalt valida. See muudab need eriti sobivaks rakendusteks, kus standardile vastav ballast ei ole tingimata n\u00f5utav v\u00f5i kus kaalu tuleb individuaalselt kohandada.<\/p>\n<p class=\"p3\"><b>Lihtne kinnitamine: <\/b>Tugevad D-r\u00f5ngad v\u00f5imaldavad liivakotte turvaliselt kinnitada t\u00e4ispuhutava batuudi ankurduspunktide k\u00fclge rihmade v\u00f5i k\u00f6ite abil.<\/p>\n<p class=\"p3\"><b>Vastupidav ja t\u00f6\u00f6kindel: <\/b>Vastupidav materjal on loodud regulaarseks kasutamiseks \u00fcrituste- ja rendifirmades ning talub h\u00e4sti sagedast t\u00e4itmist ja transporti.<\/p>\n<p>&nbsp;<br \/>\n<strong>Liivakottide \u00fcksikasjad<\/strong><\/p>\n<ul>\n<li>M\u00f5\u00f5tmed (P x L): u 50 cm x 50 cm<\/li>\n<li class=\"p1\">Kinnitamine: tugevad D-r\u00f5ngad<\/li>\n<li class=\"p1\">T\u00e4itmine: liiv v\u00f5i sarnane puistematerjal<\/li>\n<\/ul>\n<p>&nbsp;<br \/>\nInfo: Hind \u00fche liivakoti kohta.<\/p>\n","protected":false},"excerpt":{"rendered":"<ul>\n<li>M\u00f5\u00f5tmed (P x L): u 50 cm x 50 cm<\/li>\n<li class=\"p1\">Kinnitamine: tugevad D-r\u00f5ngad<\/li>\n<li class=\"p1\">T\u00e4itmine: liiv v\u00f5i sarnane puistematerjal<\/li>\n<\/ul>\n","protected":false},"featured_media":18057,"comment_status":"open","ping_status":"closed","template":"","meta":{"_acf_changed":false,"_uag_custom_page_level_css":"","site-sidebar-layout":"default","site-content-layout":"boxed-container","ast-site-content-layout":"normal-width-container","site-content-style":"boxed","site-sidebar-style":"boxed","ast-global-header-display":"","ast-banner-title-visibility":"","ast-main-header-display":"","ast-hfb-above-header-display":"","ast-hfb-below-header-display":"","ast-hfb-mobile-header-display":"","site-post-title":"disabled","ast-breadcrumbs-content":"","ast-featured-img":"","footer-sml-layout":"","ast-disable-related-posts":"","theme-transparent-header-meta":"default","adv-header-id-meta":"","stick-header-meta":"default","header-above-stick-meta":"","header-main-stick-meta":"","header-below-stick-meta":"","astra-migrate-meta-layouts":"default","ast-page-background-enabled":"default","ast-page-background-meta":{"desktop":{"background-color":"var(--ast-global-color-4)","background-image":"","background-repeat":"repeat","background-position":"center center","background-size":"auto","background-attachment":"scroll","background-type":"","background-media":"","overlay-type":"","overlay-color":"","overlay-opacity":"","overlay-gradient":""},"tablet":{"background-color":"","background-image":"","background-repeat":"repeat","background-position":"center center","background-size":"auto","background-attachment":"scroll","background-type":"","background-media":"","overlay-type":"","overlay-color":"","overlay-opacity":"","overlay-gradient":""},"mobile":{"background-color":"","background-image":"","background-repeat":"repeat","background-position":"center center","background-size":"auto","background-attachment":"scroll","background-type":"","background-media":"","overlay-type":"","overlay-color":"","overlay-opacity":"","overlay-gradient":""}},"ast-content-background-meta":{"desktop":{"background-color":"var(--ast-global-color-5)","background-image":"","background-repeat":"repeat","background-position":"center center","background-size":"auto","background-attachment":"scroll","background-type":"","background-media":"","overlay-type":"","overlay-color":"","overlay-opacity":"","overlay-gradient":""},"tablet":{"background-color":"var(--ast-global-color-5)","background-image":"","background-repeat":"repeat","background-position":"center center","background-size":"auto","background-attachment":"scroll","background-type":"","background-media":"","overlay-type":"","overlay-color":"","overlay-opacity":"","overlay-gradient":""},"mobile":{"background-color":"var(--ast-global-color-5)","background-image":"","background-repeat":"repeat","background-position":"center center","background-size":"auto","background-attachment":"scroll","background-type":"","background-media":"","overlay-type":"","overlay-color":"","overlay-opacity":"","overlay-gradient":""}}},"product_brand":[],"product_cat":[2064],"product_tag":[],"class_list":{"0":"post-18055","1":"product","2":"type-product","3":"status-publish","4":"has-post-thumbnail","6":"product_cat-accessories-et","7":"product_shipping_class-zubehor-et","8":"desktop-align-center","9":"tablet-align-center","10":"mobile-align-center","11":"ast-product-gallery-layout-horizontal","12":"ast-product-gallery-with-no-image","13":"ast-product-tabs-layout-horizontal","15":"first","16":"instock","17":"taxable","18":"shipping-taxable","19":"purchasable","20":"product-type-simple"},"acf":[],"yoast_head":"<!-- This site is optimized with the Yoast SEO plugin v27.5 - https:\/\/yoast.com\/product\/yoast-seo-wordpress\/ -->\n<title>Osta liivakotid t\u00e4ispuhutavate toodete kaalumiseks | Dodo-Inflatables.com<\/title>\n<meta name=\"description\" content=\"Osta praktilisi liivakotte t\u00e4ispuhutavate laste kaalumiseks otse veebist Dodo-Inflatables.com | Suur valik laos | Sertifitseeritud EN14960 j\u00e4rgi |\" \/>\n<meta name=\"robots\" content=\"index, follow, max-snippet:-1, max-image-preview:large, max-video-preview:-1\" \/>\n<link rel=\"canonical\" href=\"https:\/\/dodo-inflatables.com\/et\/toode\/liivakott-kaalumiseks\/\" \/>\n<meta name=\"twitter:label1\" content=\"Est. reading time\" \/>\n\t<meta name=\"twitter:data1\" content=\"1 minut\" \/>\n<script type=\"application\/ld+json\" class=\"yoast-schema-graph\">{\"@context\":\"https:\\\/\\\/schema.org\",\"@graph\":[{\"@type\":\"WebPage\",\"@id\":\"https:\\\/\\\/dodo-inflatables.com\\\/et\\\/toode\\\/liivakott-kaalumiseks\\\/\",\"url\":\"https:\\\/\\\/dodo-inflatables.com\\\/et\\\/toode\\\/liivakott-kaalumiseks\\\/\",\"name\":\"Osta liivakotid t\u00e4ispuhutavate toodete kaalumiseks | Dodo-Inflatables.com\",\"isPartOf\":{\"@id\":\"https:\\\/\\\/dodo-inflatables.com\\\/et\\\/#website\"},\"primaryImageOfPage\":{\"@id\":\"https:\\\/\\\/dodo-inflatables.com\\\/et\\\/toode\\\/liivakott-kaalumiseks\\\/#primaryimage\"},\"image\":{\"@id\":\"https:\\\/\\\/dodo-inflatables.com\\\/et\\\/toode\\\/liivakott-kaalumiseks\\\/#primaryimage\"},\"thumbnailUrl\":\"https:\\\/\\\/dodo-inflatables.com\\\/wp-content\\\/uploads\\\/2017\\\/01\\\/sandsack-beschwerung-hupfburg-kaufen.png\",\"datePublished\":\"2017-01-06T19:48:21+00:00\",\"dateModified\":\"2026-04-23T06:20:19+00:00\",\"description\":\"Osta praktilisi liivakotte t\u00e4ispuhutavate laste kaalumiseks otse veebist Dodo-Inflatables.com | Suur valik laos | Sertifitseeritud EN14960 j\u00e4rgi |\",\"breadcrumb\":{\"@id\":\"https:\\\/\\\/dodo-inflatables.com\\\/et\\\/toode\\\/liivakott-kaalumiseks\\\/#breadcrumb\"},\"inLanguage\":\"et\",\"potentialAction\":[{\"@type\":\"ReadAction\",\"target\":[\"https:\\\/\\\/dodo-inflatables.com\\\/et\\\/toode\\\/liivakott-kaalumiseks\\\/\"]}]},{\"@type\":\"ImageObject\",\"inLanguage\":\"et\",\"@id\":\"https:\\\/\\\/dodo-inflatables.com\\\/et\\\/toode\\\/liivakott-kaalumiseks\\\/#primaryimage\",\"url\":\"https:\\\/\\\/dodo-inflatables.com\\\/wp-content\\\/uploads\\\/2017\\\/01\\\/sandsack-beschwerung-hupfburg-kaufen.png\",\"contentUrl\":\"https:\\\/\\\/dodo-inflatables.com\\\/wp-content\\\/uploads\\\/2017\\\/01\\\/sandsack-beschwerung-hupfburg-kaufen.png\",\"width\":600,\"height\":500},{\"@type\":\"BreadcrumbList\",\"@id\":\"https:\\\/\\\/dodo-inflatables.com\\\/et\\\/toode\\\/liivakott-kaalumiseks\\\/#breadcrumb\",\"itemListElement\":[{\"@type\":\"ListItem\",\"position\":1,\"name\":\"Home\",\"item\":\"https:\\\/\\\/dodo-inflatables.com\\\/et\\\/\"},{\"@type\":\"ListItem\",\"position\":2,\"name\":\"Kauplus\",\"item\":\"https:\\\/\\\/dodo-inflatables.com\\\/et\\\/kauplus\\\/\"},{\"@type\":\"ListItem\",\"position\":3,\"name\":\"Liivakott kaalumiseks\"}]},{\"@type\":\"WebSite\",\"@id\":\"https:\\\/\\\/dodo-inflatables.com\\\/et\\\/#website\",\"url\":\"https:\\\/\\\/dodo-inflatables.com\\\/et\\\/\",\"name\":\"dodo-inflatables.com\",\"description\":\"Ostke meie poest h\u00fcppelossi ja atraktsioone.\",\"potentialAction\":[{\"@type\":\"SearchAction\",\"target\":{\"@type\":\"EntryPoint\",\"urlTemplate\":\"https:\\\/\\\/dodo-inflatables.com\\\/et\\\/?s={search_term_string}\"},\"query-input\":{\"@type\":\"PropertyValueSpecification\",\"valueRequired\":true,\"valueName\":\"search_term_string\"}}],\"inLanguage\":\"et\"}]}<\/script>\n<!-- \/ Yoast SEO plugin. -->","yoast_head_json":{"title":"Osta liivakotid t\u00e4ispuhutavate toodete kaalumiseks | Dodo-Inflatables.com","description":"Osta praktilisi liivakotte t\u00e4ispuhutavate laste kaalumiseks otse veebist Dodo-Inflatables.com | Suur valik laos | Sertifitseeritud EN14960 j\u00e4rgi |","robots":{"index":"index","follow":"follow","max-snippet":"max-snippet:-1","max-image-preview":"max-image-preview:large","max-video-preview":"max-video-preview:-1"},"canonical":"https:\/\/dodo-inflatables.com\/et\/toode\/liivakott-kaalumiseks\/","twitter_misc":{"Est. reading time":"1 minut"},"schema":{"@context":"https:\/\/schema.org","@graph":[{"@type":"WebPage","@id":"https:\/\/dodo-inflatables.com\/et\/toode\/liivakott-kaalumiseks\/","url":"https:\/\/dodo-inflatables.com\/et\/toode\/liivakott-kaalumiseks\/","name":"Osta liivakotid t\u00e4ispuhutavate toodete kaalumiseks | Dodo-Inflatables.com","isPartOf":{"@id":"https:\/\/dodo-inflatables.com\/et\/#website"},"primaryImageOfPage":{"@id":"https:\/\/dodo-inflatables.com\/et\/toode\/liivakott-kaalumiseks\/#primaryimage"},"image":{"@id":"https:\/\/dodo-inflatables.com\/et\/toode\/liivakott-kaalumiseks\/#primaryimage"},"thumbnailUrl":"https:\/\/dodo-inflatables.com\/wp-content\/uploads\/2017\/01\/sandsack-beschwerung-hupfburg-kaufen.png","datePublished":"2017-01-06T19:48:21+00:00","dateModified":"2026-04-23T06:20:19+00:00","description":"Osta praktilisi liivakotte t\u00e4ispuhutavate laste kaalumiseks otse veebist Dodo-Inflatables.com | Suur valik laos | Sertifitseeritud EN14960 j\u00e4rgi |","breadcrumb":{"@id":"https:\/\/dodo-inflatables.com\/et\/toode\/liivakott-kaalumiseks\/#breadcrumb"},"inLanguage":"et","potentialAction":[{"@type":"ReadAction","target":["https:\/\/dodo-inflatables.com\/et\/toode\/liivakott-kaalumiseks\/"]}]},{"@type":"ImageObject","inLanguage":"et","@id":"https:\/\/dodo-inflatables.com\/et\/toode\/liivakott-kaalumiseks\/#primaryimage","url":"https:\/\/dodo-inflatables.com\/wp-content\/uploads\/2017\/01\/sandsack-beschwerung-hupfburg-kaufen.png","contentUrl":"https:\/\/dodo-inflatables.com\/wp-content\/uploads\/2017\/01\/sandsack-beschwerung-hupfburg-kaufen.png","width":600,"height":500},{"@type":"BreadcrumbList","@id":"https:\/\/dodo-inflatables.com\/et\/toode\/liivakott-kaalumiseks\/#breadcrumb","itemListElement":[{"@type":"ListItem","position":1,"name":"Home","item":"https:\/\/dodo-inflatables.com\/et\/"},{"@type":"ListItem","position":2,"name":"Kauplus","item":"https:\/\/dodo-inflatables.com\/et\/kauplus\/"},{"@type":"ListItem","position":3,"name":"Liivakott kaalumiseks"}]},{"@type":"WebSite","@id":"https:\/\/dodo-inflatables.com\/et\/#website","url":"https:\/\/dodo-inflatables.com\/et\/","name":"dodo-inflatables.com","description":"Ostke meie poest h\u00fcppelossi ja atraktsioone.","potentialAction":[{"@type":"SearchAction","target":{"@type":"EntryPoint","urlTemplate":"https:\/\/dodo-inflatables.com\/et\/?s={search_term_string}"},"query-input":{"@type":"PropertyValueSpecification","valueRequired":true,"valueName":"search_term_string"}}],"inLanguage":"et"}]}},"uagb_featured_image_src":{"full":["https:\/\/dodo-inflatables.com\/wp-content\/uploads\/2017\/01\/sandsack-beschwerung-hupfburg-kaufen.png",600,500,false],"thumbnail":["https:\/\/dodo-inflatables.com\/wp-content\/uploads\/2017\/01\/sandsack-beschwerung-hupfburg-kaufen-150x150.png",150,150,true],"medium":["https:\/\/dodo-inflatables.com\/wp-content\/uploads\/2017\/01\/sandsack-beschwerung-hupfburg-kaufen-300x250.png",300,250,true],"medium_large":["https:\/\/dodo-inflatables.com\/wp-content\/uploads\/2017\/01\/sandsack-beschwerung-hupfburg-kaufen.png",600,500,false],"large":["https:\/\/dodo-inflatables.com\/wp-content\/uploads\/2017\/01\/sandsack-beschwerung-hupfburg-kaufen.png",600,500,false],"1536x1536":["https:\/\/dodo-inflatables.com\/wp-content\/uploads\/2017\/01\/sandsack-beschwerung-hupfburg-kaufen.png",600,500,false],"2048x2048":["https:\/\/dodo-inflatables.com\/wp-content\/uploads\/2017\/01\/sandsack-beschwerung-hupfburg-kaufen.png",600,500,false],"woocommerce_thumbnail":["https:\/\/dodo-inflatables.com\/wp-content\/uploads\/2017\/01\/sandsack-beschwerung-hupfburg-kaufen.png",600,500,false],"woocommerce_single":["https:\/\/dodo-inflatables.com\/wp-content\/uploads\/2017\/01\/sandsack-beschwerung-hupfburg-kaufen.png",600,500,false],"woocommerce_gallery_thumbnail":["https:\/\/dodo-inflatables.com\/wp-content\/uploads\/2017\/01\/sandsack-beschwerung-hupfburg-kaufen-100x100.png",100,100,true]},"uagb_author_info":{"display_name":"Andreas","author_link":"https:\/\/dodo-inflatables.com\/et\/author\/"},"uagb_comment_info":0,"uagb_excerpt":"M\u00f5\u00f5tmed (P x L): u 50 cm x 50 cm Kinnitamine: tugevad D-r\u00f5ngad T\u00e4itmine: liiv v\u00f5i sarnane puistematerjal","_links":{"self":[{"href":"https:\/\/dodo-inflatables.com\/et\/wp-json\/wp\/v2\/product\/18055","targetHints":{"allow":["GET"]}}],"collection":[{"href":"https:\/\/dodo-inflatables.com\/et\/wp-json\/wp\/v2\/product"}],"about":[{"href":"https:\/\/dodo-inflatables.com\/et\/wp-json\/wp\/v2\/types\/product"}],"replies":[{"embeddable":true,"href":"https:\/\/dodo-inflatables.com\/et\/wp-json\/wp\/v2\/comments?post=18055"}],"wp:featuredmedia":[{"embeddable":true,"href":"https:\/\/dodo-inflatables.com\/et\/wp-json\/wp\/v2\/media\/18057"}],"wp:attachment":[{"href":"https:\/\/dodo-inflatables.com\/et\/wp-json\/wp\/v2\/media?parent=18055"}],"wp:term":[{"taxonomy":"product_brand","embeddable":true,"href":"https:\/\/dodo-inflatables.com\/et\/wp-json\/wp\/v2\/product_brand?post=18055"},{"taxonomy":"product_cat","embeddable":true,"href":"https:\/\/dodo-inflatables.com\/et\/wp-json\/wp\/v2\/product_cat?post=18055"},{"taxonomy":"product_tag","embeddable":true,"href":"https:\/\/dodo-inflatables.com\/et\/wp-json\/wp\/v2\/product_tag?post=18055"}],"curies":[{"name":"wp","href":"https:\/\/api.w.org\/{rel}","templated":true}]}}