{"id":18106,"date":"2017-01-06T20:41:52","date_gmt":"2017-01-06T19:41:52","guid":{"rendered":"https:\/\/dodo-inflatables.com\/product\/gibbonsi-puhur-fp5005-1-5ps\/"},"modified":"2026-02-04T15:43:42","modified_gmt":"2026-02-04T14:43:42","slug":"gibbonsi-puhur-fp5005-1-5ps","status":"publish","type":"product","link":"https:\/\/dodo-inflatables.com\/et\/toode\/gibbonsi-puhur-fp5005-1-5ps\/","title":{"rendered":"Gibbonsi puhur FP5005 &#8211; 1.5PS"},"content":{"rendered":"<h2>Osta Gibbons Bouncy Castle puhur<\/h2>\n<p>Gibbons Bouncy Castle Blower on t\u00f5eline klassika &#8211; tugev ja vastupidav.<\/p>\n<p><strong>Vastupidav metallist korpus:<\/strong> Puhur on paigutatud vastupidavasse metallist korpusesse, mis tagab pikaealisuse ja kaitse kulumise eest.<\/p>\n<p><strong>V\u00f5imas \u00f5huvool:<\/strong> See on projekteeritud optimaalse \u00f5huvoolu jaoks, mis paisutab teie h\u00fcppelinna kiiresti ja t\u00f5husalt, s\u00e4ilitades pidevalt t\u00e4iusliku \u00f5hur\u00f5hu.<\/p>\n<p><strong>Mitmek\u00fclgne \u00fchilduvus:<\/strong> Sobib erinevate t\u00e4ispuhutavate struktuuride jaoks, alates h\u00fcppelinnadest kuni t\u00e4ispuhutavate slaidideni ja palju muud.<\/p>\n<h3><strong>\u00dcksikasjad Bouncy Castle Blower&#8217;i kohta<\/strong><\/h3>\n<ul>\n<li>Materjal: Terasest korpus, k\u00f5vast plastikust lehtriosa.<\/li>\n<li>V\u00f5imsus: 1,1 kW (v\u00e4ljund), 1,68 kW (sisend), 1,5 HP<\/li>\n<li>\u00dchendus: \u00dchendus: Schuko pistik<\/li>\n<li>L\u00f5\u00f5ri l\u00e4bim\u00f5\u00f5t: 21,5 cm<\/li>\n<li>M\u00f5\u00f5tmed: 41 x 22 x 53 cm<\/li>\n<li>Kaal: 16,6 kg<\/li>\n<li>Helitugevus: 83 dB<\/li>\n<li>WEEE Reg. Ei. DE 82972723<\/li>\n<\/ul>\n<p>T\u00e4nu puhuri kompaktsele ja ruudukujulisele disainile saab seda h\u00f5lpsasti virnastada ja ladustada. 21,5 cm suuruse l\u00f5\u00f5tsaga Gibbons Bouncy Castle Blower sobib mitte ainult h\u00fcppelinnade, vaid ka \u00fcrituste moodulite ja muude t\u00e4ispuhutavate atraktsioonide, n\u00e4iteks v\u00e4ravavallide, hiigelsuundade jne jaoks. K\u00f5ik meie poes pakutavad tooted sobivad ideaalselt selle puhuri jaoks.<\/p>\n","protected":false},"excerpt":{"rendered":"<ul>\n<li>Gibbonsi h\u00fcppelinnuse puhur 1,1 KW FP5005<\/li>\n<li>Sobib k\u00f5igile pakutavatele h\u00fcppelinnadele ja \u00fcrituste moodulitele.<\/li>\n<li>Professionaalset klassi &#8211; Sobib \u00e4ri- ja erakasutuseks.<\/li>\n<\/ul>\n","protected":false},"featured_media":18107,"comment_status":"open","ping_status":"closed","template":"","meta":{"_acf_changed":false,"_uag_custom_page_level_css":"","site-sidebar-layout":"default","site-content-layout":"boxed-container","ast-site-content-layout":"normal-width-container","site-content-style":"boxed","site-sidebar-style":"boxed","ast-global-header-display":"","ast-banner-title-visibility":"","ast-main-header-display":"","ast-hfb-above-header-display":"","ast-hfb-below-header-display":"","ast-hfb-mobile-header-display":"","site-post-title":"disabled","ast-breadcrumbs-content":"","ast-featured-img":"","footer-sml-layout":"","ast-disable-related-posts":"","theme-transparent-header-meta":"default","adv-header-id-meta":"","stick-header-meta":"default","header-above-stick-meta":"","header-main-stick-meta":"","header-below-stick-meta":"","astra-migrate-meta-layouts":"default","ast-page-background-enabled":"default","ast-page-background-meta":{"desktop":{"background-color":"var(--ast-global-color-4)","background-image":"","background-repeat":"repeat","background-position":"center center","background-size":"auto","background-attachment":"scroll","background-type":"","background-media":"","overlay-type":"","overlay-color":"","overlay-opacity":"","overlay-gradient":""},"tablet":{"background-color":"","background-image":"","background-repeat":"repeat","background-position":"center center","background-size":"auto","background-attachment":"scroll","background-type":"","background-media":"","overlay-type":"","overlay-color":"","overlay-opacity":"","overlay-gradient":""},"mobile":{"background-color":"","background-image":"","background-repeat":"repeat","background-position":"center center","background-size":"auto","background-attachment":"scroll","background-type":"","background-media":"","overlay-type":"","overlay-color":"","overlay-opacity":"","overlay-gradient":""}},"ast-content-background-meta":{"desktop":{"background-color":"var(--ast-global-color-5)","background-image":"","background-repeat":"repeat","background-position":"center center","background-size":"auto","background-attachment":"scroll","background-type":"","background-media":"","overlay-type":"","overlay-color":"","overlay-opacity":"","overlay-gradient":""},"tablet":{"background-color":"var(--ast-global-color-5)","background-image":"","background-repeat":"repeat","background-position":"center center","background-size":"auto","background-attachment":"scroll","background-type":"","background-media":"","overlay-type":"","overlay-color":"","overlay-opacity":"","overlay-gradient":""},"mobile":{"background-color":"var(--ast-global-color-5)","background-image":"","background-repeat":"repeat","background-position":"center center","background-size":"auto","background-attachment":"scroll","background-type":"","background-media":"","overlay-type":"","overlay-color":"","overlay-opacity":"","overlay-gradient":""}}},"product_brand":[],"product_cat":[2064],"product_tag":[],"class_list":{"0":"post-18106","1":"product","2":"type-product","3":"status-publish","4":"has-post-thumbnail","6":"product_cat-accessories-et","7":"product_shipping_class-zubehor-et","8":"desktop-align-center","9":"tablet-align-center","10":"mobile-align-center","11":"ast-product-gallery-layout-horizontal","12":"ast-product-gallery-with-no-image","13":"ast-product-tabs-layout-horizontal","15":"first","16":"instock","17":"taxable","18":"shipping-taxable","19":"purchasable","20":"product-type-simple"},"acf":[],"yoast_head":"<!-- This site is optimized with the Yoast SEO plugin v27.4 - https:\/\/yoast.com\/product\/yoast-seo-wordpress\/ -->\n<title>Osta Gibbonsi puhurid t\u00e4ispuhutavatele lastele | Dodo-Inflatables.com<\/title>\n<meta name=\"description\" content=\"Osta odavalt Gibbons 1,1KW puhurid t\u00e4ispuhutavatele lastele Dodo-Inflatables.com! | \u00d5iglased hinnad | Alati laos | Kiire tarne!\" \/>\n<meta name=\"robots\" content=\"index, follow, max-snippet:-1, max-image-preview:large, max-video-preview:-1\" \/>\n<link rel=\"canonical\" href=\"https:\/\/dodo-inflatables.com\/et\/toode\/gibbonsi-puhur-fp5005-1-5ps\/\" \/>\n<meta name=\"twitter:label1\" content=\"Est. reading time\" \/>\n\t<meta name=\"twitter:data1\" content=\"1 minut\" \/>\n<script type=\"application\/ld+json\" class=\"yoast-schema-graph\">{\"@context\":\"https:\\\/\\\/schema.org\",\"@graph\":[{\"@type\":\"WebPage\",\"@id\":\"https:\\\/\\\/dodo-inflatables.com\\\/et\\\/toode\\\/gibbonsi-puhur-fp5005-1-5ps\\\/\",\"url\":\"https:\\\/\\\/dodo-inflatables.com\\\/et\\\/toode\\\/gibbonsi-puhur-fp5005-1-5ps\\\/\",\"name\":\"Osta Gibbonsi puhurid t\u00e4ispuhutavatele lastele | Dodo-Inflatables.com\",\"isPartOf\":{\"@id\":\"https:\\\/\\\/dodo-inflatables.com\\\/et\\\/#website\"},\"primaryImageOfPage\":{\"@id\":\"https:\\\/\\\/dodo-inflatables.com\\\/et\\\/toode\\\/gibbonsi-puhur-fp5005-1-5ps\\\/#primaryimage\"},\"image\":{\"@id\":\"https:\\\/\\\/dodo-inflatables.com\\\/et\\\/toode\\\/gibbonsi-puhur-fp5005-1-5ps\\\/#primaryimage\"},\"thumbnailUrl\":\"https:\\\/\\\/dodo-inflatables.com\\\/wp-content\\\/uploads\\\/2017\\\/01\\\/gibbons-geblase-metallgehause-fur-hupfburg-kaufen-500.png\",\"datePublished\":\"2017-01-06T19:41:52+00:00\",\"dateModified\":\"2026-02-04T14:43:42+00:00\",\"description\":\"Osta odavalt Gibbons 1,1KW puhurid t\u00e4ispuhutavatele lastele Dodo-Inflatables.com! | \u00d5iglased hinnad | Alati laos | Kiire tarne!\",\"breadcrumb\":{\"@id\":\"https:\\\/\\\/dodo-inflatables.com\\\/et\\\/toode\\\/gibbonsi-puhur-fp5005-1-5ps\\\/#breadcrumb\"},\"inLanguage\":\"et\",\"potentialAction\":[{\"@type\":\"ReadAction\",\"target\":[\"https:\\\/\\\/dodo-inflatables.com\\\/et\\\/toode\\\/gibbonsi-puhur-fp5005-1-5ps\\\/\"]}]},{\"@type\":\"ImageObject\",\"inLanguage\":\"et\",\"@id\":\"https:\\\/\\\/dodo-inflatables.com\\\/et\\\/toode\\\/gibbonsi-puhur-fp5005-1-5ps\\\/#primaryimage\",\"url\":\"https:\\\/\\\/dodo-inflatables.com\\\/wp-content\\\/uploads\\\/2017\\\/01\\\/gibbons-geblase-metallgehause-fur-hupfburg-kaufen-500.png\",\"contentUrl\":\"https:\\\/\\\/dodo-inflatables.com\\\/wp-content\\\/uploads\\\/2017\\\/01\\\/gibbons-geblase-metallgehause-fur-hupfburg-kaufen-500.png\",\"width\":500,\"height\":500},{\"@type\":\"BreadcrumbList\",\"@id\":\"https:\\\/\\\/dodo-inflatables.com\\\/et\\\/toode\\\/gibbonsi-puhur-fp5005-1-5ps\\\/#breadcrumb\",\"itemListElement\":[{\"@type\":\"ListItem\",\"position\":1,\"name\":\"Home\",\"item\":\"https:\\\/\\\/dodo-inflatables.com\\\/et\\\/\"},{\"@type\":\"ListItem\",\"position\":2,\"name\":\"Kauplus\",\"item\":\"https:\\\/\\\/dodo-inflatables.com\\\/et\\\/?page_id=16798\"},{\"@type\":\"ListItem\",\"position\":3,\"name\":\"Gibbonsi puhur FP5005 &#8211; 1.5PS\"}]},{\"@type\":\"WebSite\",\"@id\":\"https:\\\/\\\/dodo-inflatables.com\\\/et\\\/#website\",\"url\":\"https:\\\/\\\/dodo-inflatables.com\\\/et\\\/\",\"name\":\"dodo-inflatables.com\",\"description\":\"Ostke meie poest h\u00fcppelossi ja atraktsioone.\",\"publisher\":{\"@id\":\"https:\\\/\\\/dodo-inflatables.com\\\/et\\\/#organization\"},\"potentialAction\":[{\"@type\":\"SearchAction\",\"target\":{\"@type\":\"EntryPoint\",\"urlTemplate\":\"https:\\\/\\\/dodo-inflatables.com\\\/et\\\/?s={search_term_string}\"},\"query-input\":{\"@type\":\"PropertyValueSpecification\",\"valueRequired\":true,\"valueName\":\"search_term_string\"}}],\"inLanguage\":\"et\"},{\"@type\":\"Organization\",\"@id\":\"https:\\\/\\\/dodo-inflatables.com\\\/et\\\/#organization\",\"name\":\"dodo-inflatables.com\",\"url\":\"https:\\\/\\\/dodo-inflatables.com\\\/et\\\/\",\"logo\":{\"@type\":\"ImageObject\",\"inLanguage\":\"et\",\"@id\":\"https:\\\/\\\/dodo-inflatables.com\\\/et\\\/#\\\/schema\\\/logo\\\/image\\\/\",\"url\":\"https:\\\/\\\/dodo-inflatables.com\\\/wp-content\\\/uploads\\\/2023\\\/04\\\/cropped-cropped-cropped-Dodo-Logo.png\",\"contentUrl\":\"https:\\\/\\\/dodo-inflatables.com\\\/wp-content\\\/uploads\\\/2023\\\/04\\\/cropped-cropped-cropped-Dodo-Logo.png\",\"width\":2996,\"height\":1545,\"caption\":\"dodo-inflatables.com\"},\"image\":{\"@id\":\"https:\\\/\\\/dodo-inflatables.com\\\/et\\\/#\\\/schema\\\/logo\\\/image\\\/\"}}]}<\/script>\n<!-- \/ Yoast SEO plugin. -->","yoast_head_json":{"title":"Osta Gibbonsi puhurid t\u00e4ispuhutavatele lastele | Dodo-Inflatables.com","description":"Osta odavalt Gibbons 1,1KW puhurid t\u00e4ispuhutavatele lastele Dodo-Inflatables.com! | \u00d5iglased hinnad | Alati laos | Kiire tarne!","robots":{"index":"index","follow":"follow","max-snippet":"max-snippet:-1","max-image-preview":"max-image-preview:large","max-video-preview":"max-video-preview:-1"},"canonical":"https:\/\/dodo-inflatables.com\/et\/toode\/gibbonsi-puhur-fp5005-1-5ps\/","twitter_misc":{"Est. reading time":"1 minut"},"schema":{"@context":"https:\/\/schema.org","@graph":[{"@type":"WebPage","@id":"https:\/\/dodo-inflatables.com\/et\/toode\/gibbonsi-puhur-fp5005-1-5ps\/","url":"https:\/\/dodo-inflatables.com\/et\/toode\/gibbonsi-puhur-fp5005-1-5ps\/","name":"Osta Gibbonsi puhurid t\u00e4ispuhutavatele lastele | Dodo-Inflatables.com","isPartOf":{"@id":"https:\/\/dodo-inflatables.com\/et\/#website"},"primaryImageOfPage":{"@id":"https:\/\/dodo-inflatables.com\/et\/toode\/gibbonsi-puhur-fp5005-1-5ps\/#primaryimage"},"image":{"@id":"https:\/\/dodo-inflatables.com\/et\/toode\/gibbonsi-puhur-fp5005-1-5ps\/#primaryimage"},"thumbnailUrl":"https:\/\/dodo-inflatables.com\/wp-content\/uploads\/2017\/01\/gibbons-geblase-metallgehause-fur-hupfburg-kaufen-500.png","datePublished":"2017-01-06T19:41:52+00:00","dateModified":"2026-02-04T14:43:42+00:00","description":"Osta odavalt Gibbons 1,1KW puhurid t\u00e4ispuhutavatele lastele Dodo-Inflatables.com! | \u00d5iglased hinnad | Alati laos | Kiire tarne!","breadcrumb":{"@id":"https:\/\/dodo-inflatables.com\/et\/toode\/gibbonsi-puhur-fp5005-1-5ps\/#breadcrumb"},"inLanguage":"et","potentialAction":[{"@type":"ReadAction","target":["https:\/\/dodo-inflatables.com\/et\/toode\/gibbonsi-puhur-fp5005-1-5ps\/"]}]},{"@type":"ImageObject","inLanguage":"et","@id":"https:\/\/dodo-inflatables.com\/et\/toode\/gibbonsi-puhur-fp5005-1-5ps\/#primaryimage","url":"https:\/\/dodo-inflatables.com\/wp-content\/uploads\/2017\/01\/gibbons-geblase-metallgehause-fur-hupfburg-kaufen-500.png","contentUrl":"https:\/\/dodo-inflatables.com\/wp-content\/uploads\/2017\/01\/gibbons-geblase-metallgehause-fur-hupfburg-kaufen-500.png","width":500,"height":500},{"@type":"BreadcrumbList","@id":"https:\/\/dodo-inflatables.com\/et\/toode\/gibbonsi-puhur-fp5005-1-5ps\/#breadcrumb","itemListElement":[{"@type":"ListItem","position":1,"name":"Home","item":"https:\/\/dodo-inflatables.com\/et\/"},{"@type":"ListItem","position":2,"name":"Kauplus","item":"https:\/\/dodo-inflatables.com\/et\/?page_id=16798"},{"@type":"ListItem","position":3,"name":"Gibbonsi puhur FP5005 &#8211; 1.5PS"}]},{"@type":"WebSite","@id":"https:\/\/dodo-inflatables.com\/et\/#website","url":"https:\/\/dodo-inflatables.com\/et\/","name":"dodo-inflatables.com","description":"Ostke meie poest h\u00fcppelossi ja atraktsioone.","publisher":{"@id":"https:\/\/dodo-inflatables.com\/et\/#organization"},"potentialAction":[{"@type":"SearchAction","target":{"@type":"EntryPoint","urlTemplate":"https:\/\/dodo-inflatables.com\/et\/?s={search_term_string}"},"query-input":{"@type":"PropertyValueSpecification","valueRequired":true,"valueName":"search_term_string"}}],"inLanguage":"et"},{"@type":"Organization","@id":"https:\/\/dodo-inflatables.com\/et\/#organization","name":"dodo-inflatables.com","url":"https:\/\/dodo-inflatables.com\/et\/","logo":{"@type":"ImageObject","inLanguage":"et","@id":"https:\/\/dodo-inflatables.com\/et\/#\/schema\/logo\/image\/","url":"https:\/\/dodo-inflatables.com\/wp-content\/uploads\/2023\/04\/cropped-cropped-cropped-Dodo-Logo.png","contentUrl":"https:\/\/dodo-inflatables.com\/wp-content\/uploads\/2023\/04\/cropped-cropped-cropped-Dodo-Logo.png","width":2996,"height":1545,"caption":"dodo-inflatables.com"},"image":{"@id":"https:\/\/dodo-inflatables.com\/et\/#\/schema\/logo\/image\/"}}]}},"uagb_featured_image_src":{"full":["https:\/\/dodo-inflatables.com\/wp-content\/uploads\/2017\/01\/gibbons-geblase-metallgehause-fur-hupfburg-kaufen-500.png",500,500,false],"thumbnail":["https:\/\/dodo-inflatables.com\/wp-content\/uploads\/2017\/01\/gibbons-geblase-metallgehause-fur-hupfburg-kaufen-500-150x150.png",150,150,true],"medium":["https:\/\/dodo-inflatables.com\/wp-content\/uploads\/2017\/01\/gibbons-geblase-metallgehause-fur-hupfburg-kaufen-500-300x300.png",300,300,true],"medium_large":["https:\/\/dodo-inflatables.com\/wp-content\/uploads\/2017\/01\/gibbons-geblase-metallgehause-fur-hupfburg-kaufen-500.png",500,500,false],"large":["https:\/\/dodo-inflatables.com\/wp-content\/uploads\/2017\/01\/gibbons-geblase-metallgehause-fur-hupfburg-kaufen-500.png",500,500,false],"1536x1536":["https:\/\/dodo-inflatables.com\/wp-content\/uploads\/2017\/01\/gibbons-geblase-metallgehause-fur-hupfburg-kaufen-500.png",500,500,false],"2048x2048":["https:\/\/dodo-inflatables.com\/wp-content\/uploads\/2017\/01\/gibbons-geblase-metallgehause-fur-hupfburg-kaufen-500.png",500,500,false],"woocommerce_thumbnail":["https:\/\/dodo-inflatables.com\/wp-content\/uploads\/2017\/01\/gibbons-geblase-metallgehause-fur-hupfburg-kaufen-500.png",500,500,false],"woocommerce_single":["https:\/\/dodo-inflatables.com\/wp-content\/uploads\/2017\/01\/gibbons-geblase-metallgehause-fur-hupfburg-kaufen-500.png",500,500,false],"woocommerce_gallery_thumbnail":["https:\/\/dodo-inflatables.com\/wp-content\/uploads\/2017\/01\/gibbons-geblase-metallgehause-fur-hupfburg-kaufen-500-100x100.png",100,100,true]},"uagb_author_info":{"display_name":"Andreas","author_link":"https:\/\/dodo-inflatables.com\/et\/author\/"},"uagb_comment_info":0,"uagb_excerpt":"Gibbonsi h\u00fcppelinnuse puhur 1,1 KW FP5005 Sobib k\u00f5igile pakutavatele h\u00fcppelinnadele ja \u00fcrituste moodulitele. Professionaalset klassi - Sobib \u00e4ri- ja erakasutuseks.","_links":{"self":[{"href":"https:\/\/dodo-inflatables.com\/et\/wp-json\/wp\/v2\/product\/18106","targetHints":{"allow":["GET"]}}],"collection":[{"href":"https:\/\/dodo-inflatables.com\/et\/wp-json\/wp\/v2\/product"}],"about":[{"href":"https:\/\/dodo-inflatables.com\/et\/wp-json\/wp\/v2\/types\/product"}],"replies":[{"embeddable":true,"href":"https:\/\/dodo-inflatables.com\/et\/wp-json\/wp\/v2\/comments?post=18106"}],"wp:featuredmedia":[{"embeddable":true,"href":"https:\/\/dodo-inflatables.com\/et\/wp-json\/wp\/v2\/media\/18107"}],"wp:attachment":[{"href":"https:\/\/dodo-inflatables.com\/et\/wp-json\/wp\/v2\/media?parent=18106"}],"wp:term":[{"taxonomy":"product_brand","embeddable":true,"href":"https:\/\/dodo-inflatables.com\/et\/wp-json\/wp\/v2\/product_brand?post=18106"},{"taxonomy":"product_cat","embeddable":true,"href":"https:\/\/dodo-inflatables.com\/et\/wp-json\/wp\/v2\/product_cat?post=18106"},{"taxonomy":"product_tag","embeddable":true,"href":"https:\/\/dodo-inflatables.com\/et\/wp-json\/wp\/v2\/product_tag?post=18106"}],"curies":[{"name":"wp","href":"https:\/\/api.w.org\/{rel}","templated":true}]}}