{"id":18919,"date":"2019-03-28T14:34:40","date_gmt":"2019-03-28T13:34:40","guid":{"rendered":"https:\/\/dodo-inflatables.com\/product\/huppelaudade-puhastusvahend\/"},"modified":"2026-04-22T09:03:05","modified_gmt":"2026-04-22T07:03:05","slug":"huppelaudade-puhastusvahend","status":"publish","type":"product","link":"https:\/\/dodo-inflatables.com\/et\/toode\/huppelaudade-puhastusvahend\/","title":{"rendered":"T\u00e4ispuhutava batuudi puhastusvahend (1L)"},"content":{"rendered":"<h1>Osta t\u00e4ispuhutava batuudi puhastusvahend (1L)<\/h1>\n<p>&nbsp;<\/p>\n<p class=\"p1\">T\u00e4ispuhutavad batuudid ja muud t\u00e4ispuhutavad m\u00e4nguseadmed v\u00f5ivad regulaarsel kasutamisel aja jooksul mustuda ja saada plekke. Pindade puhtana hoidmiseks ja materjalide eluea pikendamiseks on meie t\u00e4ispuhutava batuudi puhastusvahend usaldusv\u00e4\u00e4rne puhastuslahendus.<\/p>\n<p class=\"p1\">Puhastusvahend sobib plastik- ja PVC-pressningpindadele ning seda saab kasutada t\u00e4ispuhutavatel batuutidel, t\u00e4ispuhutavatel liugradel ja muudel t\u00e4ispuhutavatel \u00fcritusemoodulitel. Veega lahjendades saab puhastustugevust reguleerida vastavalt mustuse tasemele.<\/p>\n<p class=\"p3\"><b>\u00d5rn ja t\u00f5hus puhastus:<\/b> Meie t\u00e4ispuhutava batuudi puhastusvahend eemaldab t\u00fc\u00fcpilise mustuse, nagu m\u00e4\u00e4rdunud laigud, h\u00f5\u00f5rdumisej\u00e4ljed ning kerged rasva- v\u00f5i keskkonnaj\u00e4\u00e4gid, kahjustamata materjali.<\/p>\n<p class=\"p3\"><b>Lihtne kasutada:<\/b> Puhastusvahend lahjendatakse veega, kantakse mustale pinnale, j\u00e4etakse l\u00fchikeseks ajaks toimima ja seej\u00e4rel p\u00fchitakse lapiga v\u00f5i k\u00e4snaga \u00e4ra. Seej\u00e4rel loputada uuesti puhta veega.<\/p>\n<p class=\"p3\"><b>Sobib rendifirmadele:<\/b> Ideaalne rendifirmadele ja operaatoritele, kes soovivad oma t\u00e4ispuhutavaid batuute regulaarselt puhastada ja anda need klientidele \u00fcle h\u00e4sti hooldatud seisukorras.<\/p>\n<p>&nbsp;<\/p>\n<h4><b>Kasutusjuhend<\/b><\/h4>\n<p class=\"p3\">Lahjendage puhastusvahend veega vastavalt mustuse tasemele. Enne suurele pinnale kandmist testige seda m\u00e4rkamatult kohas. \u00c4rge kandke kuumadele pindadele ega otsese p\u00e4ikesevalguse k\u00e4es.<\/p>\n<h4><b>Meie t\u00e4ispuhutava batuudi puhastusvahendi \u00fcksikasjad<\/b><\/h4>\n<ul>\n<li class=\"p3\">Maht: 1 liiter<\/li>\n<li class=\"p3\">Sobib: t\u00e4ispuhutavatele batuutidele, t\u00e4ispuhutavatele m\u00e4nguseadmetele, PVC-pressning- ja plastikpindadele<\/li>\n<li class=\"p3\">Kasutus: saab lahjendada veega<\/li>\n<li class=\"p3\">Puhastusmeetod: k\u00e4sitsi puhastamine lapi, k\u00e4sna v\u00f5i pritsimisseadmega<\/li>\n<\/ul>\n<p><strong>Kasutage puhastusaineid ettevaatlikult. Lugege alati enne kasutamist etikett ja tooteteave l\u00e4bi.<\/strong><\/p>\n","protected":false},"excerpt":{"rendered":"<ul>\n<li class=\"p3\">Maht: 1 liiter<\/li>\n<li class=\"p3\">Sobib: t\u00e4ispuhutavatele batuutidele, t\u00e4ispuhutavatele m\u00e4nguseadmetele, PVC-pressning- ja plastikpindadele<\/li>\n<li class=\"p3\">Kasutus: saab lahjendada veega<\/li>\n<li class=\"p3\">Puhastusmeetod: k\u00e4sitsi puhastamine lapi, k\u00e4sna v\u00f5i pritsimisseadmega<\/li>\n<\/ul>\n","protected":false},"featured_media":55321,"comment_status":"open","ping_status":"closed","template":"","meta":{"_acf_changed":false,"_uag_custom_page_level_css":"","site-sidebar-layout":"default","site-content-layout":"boxed-container","ast-site-content-layout":"normal-width-container","site-content-style":"boxed","site-sidebar-style":"boxed","ast-global-header-display":"","ast-banner-title-visibility":"","ast-main-header-display":"","ast-hfb-above-header-display":"","ast-hfb-below-header-display":"","ast-hfb-mobile-header-display":"","site-post-title":"disabled","ast-breadcrumbs-content":"","ast-featured-img":"","footer-sml-layout":"","ast-disable-related-posts":"","theme-transparent-header-meta":"default","adv-header-id-meta":"","stick-header-meta":"default","header-above-stick-meta":"","header-main-stick-meta":"","header-below-stick-meta":"","astra-migrate-meta-layouts":"default","ast-page-background-enabled":"default","ast-page-background-meta":{"desktop":{"background-color":"var(--ast-global-color-4)","background-image":"","background-repeat":"repeat","background-position":"center center","background-size":"auto","background-attachment":"scroll","background-type":"","background-media":"","overlay-type":"","overlay-color":"","overlay-opacity":"","overlay-gradient":""},"tablet":{"background-color":"","background-image":"","background-repeat":"repeat","background-position":"center center","background-size":"auto","background-attachment":"scroll","background-type":"","background-media":"","overlay-type":"","overlay-color":"","overlay-opacity":"","overlay-gradient":""},"mobile":{"background-color":"","background-image":"","background-repeat":"repeat","background-position":"center center","background-size":"auto","background-attachment":"scroll","background-type":"","background-media":"","overlay-type":"","overlay-color":"","overlay-opacity":"","overlay-gradient":""}},"ast-content-background-meta":{"desktop":{"background-color":"var(--ast-global-color-5)","background-image":"","background-repeat":"repeat","background-position":"center center","background-size":"auto","background-attachment":"scroll","background-type":"","background-media":"","overlay-type":"","overlay-color":"","overlay-opacity":"","overlay-gradient":""},"tablet":{"background-color":"var(--ast-global-color-5)","background-image":"","background-repeat":"repeat","background-position":"center center","background-size":"auto","background-attachment":"scroll","background-type":"","background-media":"","overlay-type":"","overlay-color":"","overlay-opacity":"","overlay-gradient":""},"mobile":{"background-color":"var(--ast-global-color-5)","background-image":"","background-repeat":"repeat","background-position":"center center","background-size":"auto","background-attachment":"scroll","background-type":"","background-media":"","overlay-type":"","overlay-color":"","overlay-opacity":"","overlay-gradient":""}}},"product_brand":[],"product_cat":[2064],"product_tag":[],"class_list":{"0":"post-18919","1":"product","2":"type-product","3":"status-publish","4":"has-post-thumbnail","6":"product_cat-accessories-et","7":"product_shipping_class-zubehor-et","8":"desktop-align-center","9":"tablet-align-center","10":"mobile-align-center","11":"ast-product-gallery-layout-horizontal","12":"ast-product-gallery-with-no-image","13":"ast-product-tabs-layout-horizontal","15":"first","16":"instock","17":"taxable","18":"shipping-taxable","19":"purchasable","20":"product-type-simple"},"acf":[],"yoast_head":"<!-- This site is optimized with the Yoast SEO plugin v27.5 - https:\/\/yoast.com\/product\/yoast-seo-wordpress\/ -->\n<title>H\u00fcppelinnuse puhastusvahend - S\u00e4rava puhtuse ja kauakestva l\u00f5bu eest!<\/title>\n<meta name=\"description\" content=\"Osta PVC puhastusvahendit t\u00e4ispuhutavate puhurite puhastamiseks Dodo-Inflatables.com | Suur valik laos | Sertifitseeritud vastavalt EN14960 | Kiire tarne!\" \/>\n<meta name=\"robots\" content=\"index, follow, max-snippet:-1, max-image-preview:large, max-video-preview:-1\" \/>\n<link rel=\"canonical\" href=\"https:\/\/dodo-inflatables.com\/et\/toode\/huppelaudade-puhastusvahend\/\" \/>\n<meta name=\"twitter:label1\" content=\"Est. reading time\" \/>\n\t<meta name=\"twitter:data1\" content=\"1 minut\" \/>\n<script type=\"application\/ld+json\" class=\"yoast-schema-graph\">{\"@context\":\"https:\\\/\\\/schema.org\",\"@graph\":[{\"@type\":\"WebPage\",\"@id\":\"https:\\\/\\\/dodo-inflatables.com\\\/et\\\/toode\\\/huppelaudade-puhastusvahend\\\/\",\"url\":\"https:\\\/\\\/dodo-inflatables.com\\\/et\\\/toode\\\/huppelaudade-puhastusvahend\\\/\",\"name\":\"H\u00fcppelinnuse puhastusvahend - S\u00e4rava puhtuse ja kauakestva l\u00f5bu eest!\",\"isPartOf\":{\"@id\":\"https:\\\/\\\/dodo-inflatables.com\\\/et\\\/#website\"},\"primaryImageOfPage\":{\"@id\":\"https:\\\/\\\/dodo-inflatables.com\\\/et\\\/toode\\\/huppelaudade-puhastusvahend\\\/#primaryimage\"},\"image\":{\"@id\":\"https:\\\/\\\/dodo-inflatables.com\\\/et\\\/toode\\\/huppelaudade-puhastusvahend\\\/#primaryimage\"},\"thumbnailUrl\":\"https:\\\/\\\/dodo-inflatables.com\\\/wp-content\\\/uploads\\\/2019\\\/03\\\/Bouncy-Castle-Cleaner.jpg\",\"datePublished\":\"2019-03-28T13:34:40+00:00\",\"dateModified\":\"2026-04-22T07:03:05+00:00\",\"description\":\"Osta PVC puhastusvahendit t\u00e4ispuhutavate puhurite puhastamiseks Dodo-Inflatables.com | Suur valik laos | Sertifitseeritud vastavalt EN14960 | Kiire tarne!\",\"breadcrumb\":{\"@id\":\"https:\\\/\\\/dodo-inflatables.com\\\/et\\\/toode\\\/huppelaudade-puhastusvahend\\\/#breadcrumb\"},\"inLanguage\":\"et\",\"potentialAction\":[{\"@type\":\"ReadAction\",\"target\":[\"https:\\\/\\\/dodo-inflatables.com\\\/et\\\/toode\\\/huppelaudade-puhastusvahend\\\/\"]}]},{\"@type\":\"ImageObject\",\"inLanguage\":\"et\",\"@id\":\"https:\\\/\\\/dodo-inflatables.com\\\/et\\\/toode\\\/huppelaudade-puhastusvahend\\\/#primaryimage\",\"url\":\"https:\\\/\\\/dodo-inflatables.com\\\/wp-content\\\/uploads\\\/2019\\\/03\\\/Bouncy-Castle-Cleaner.jpg\",\"contentUrl\":\"https:\\\/\\\/dodo-inflatables.com\\\/wp-content\\\/uploads\\\/2019\\\/03\\\/Bouncy-Castle-Cleaner.jpg\",\"width\":500,\"height\":500},{\"@type\":\"BreadcrumbList\",\"@id\":\"https:\\\/\\\/dodo-inflatables.com\\\/et\\\/toode\\\/huppelaudade-puhastusvahend\\\/#breadcrumb\",\"itemListElement\":[{\"@type\":\"ListItem\",\"position\":1,\"name\":\"Home\",\"item\":\"https:\\\/\\\/dodo-inflatables.com\\\/et\\\/\"},{\"@type\":\"ListItem\",\"position\":2,\"name\":\"Kauplus\",\"item\":\"https:\\\/\\\/dodo-inflatables.com\\\/et\\\/kauplus\\\/\"},{\"@type\":\"ListItem\",\"position\":3,\"name\":\"H\u00fcppelaudade puhastusvahend\"}]},{\"@type\":\"WebSite\",\"@id\":\"https:\\\/\\\/dodo-inflatables.com\\\/et\\\/#website\",\"url\":\"https:\\\/\\\/dodo-inflatables.com\\\/et\\\/\",\"name\":\"dodo-inflatables.com\",\"description\":\"Ostke meie poest h\u00fcppelossi ja atraktsioone.\",\"potentialAction\":[{\"@type\":\"SearchAction\",\"target\":{\"@type\":\"EntryPoint\",\"urlTemplate\":\"https:\\\/\\\/dodo-inflatables.com\\\/et\\\/?s={search_term_string}\"},\"query-input\":{\"@type\":\"PropertyValueSpecification\",\"valueRequired\":true,\"valueName\":\"search_term_string\"}}],\"inLanguage\":\"et\"}]}<\/script>\n<!-- \/ Yoast SEO plugin. -->","yoast_head_json":{"title":"H\u00fcppelinnuse puhastusvahend - S\u00e4rava puhtuse ja kauakestva l\u00f5bu eest!","description":"Osta PVC puhastusvahendit t\u00e4ispuhutavate puhurite puhastamiseks Dodo-Inflatables.com | Suur valik laos | Sertifitseeritud vastavalt EN14960 | Kiire tarne!","robots":{"index":"index","follow":"follow","max-snippet":"max-snippet:-1","max-image-preview":"max-image-preview:large","max-video-preview":"max-video-preview:-1"},"canonical":"https:\/\/dodo-inflatables.com\/et\/toode\/huppelaudade-puhastusvahend\/","twitter_misc":{"Est. reading time":"1 minut"},"schema":{"@context":"https:\/\/schema.org","@graph":[{"@type":"WebPage","@id":"https:\/\/dodo-inflatables.com\/et\/toode\/huppelaudade-puhastusvahend\/","url":"https:\/\/dodo-inflatables.com\/et\/toode\/huppelaudade-puhastusvahend\/","name":"H\u00fcppelinnuse puhastusvahend - S\u00e4rava puhtuse ja kauakestva l\u00f5bu eest!","isPartOf":{"@id":"https:\/\/dodo-inflatables.com\/et\/#website"},"primaryImageOfPage":{"@id":"https:\/\/dodo-inflatables.com\/et\/toode\/huppelaudade-puhastusvahend\/#primaryimage"},"image":{"@id":"https:\/\/dodo-inflatables.com\/et\/toode\/huppelaudade-puhastusvahend\/#primaryimage"},"thumbnailUrl":"https:\/\/dodo-inflatables.com\/wp-content\/uploads\/2019\/03\/Bouncy-Castle-Cleaner.jpg","datePublished":"2019-03-28T13:34:40+00:00","dateModified":"2026-04-22T07:03:05+00:00","description":"Osta PVC puhastusvahendit t\u00e4ispuhutavate puhurite puhastamiseks Dodo-Inflatables.com | Suur valik laos | Sertifitseeritud vastavalt EN14960 | Kiire tarne!","breadcrumb":{"@id":"https:\/\/dodo-inflatables.com\/et\/toode\/huppelaudade-puhastusvahend\/#breadcrumb"},"inLanguage":"et","potentialAction":[{"@type":"ReadAction","target":["https:\/\/dodo-inflatables.com\/et\/toode\/huppelaudade-puhastusvahend\/"]}]},{"@type":"ImageObject","inLanguage":"et","@id":"https:\/\/dodo-inflatables.com\/et\/toode\/huppelaudade-puhastusvahend\/#primaryimage","url":"https:\/\/dodo-inflatables.com\/wp-content\/uploads\/2019\/03\/Bouncy-Castle-Cleaner.jpg","contentUrl":"https:\/\/dodo-inflatables.com\/wp-content\/uploads\/2019\/03\/Bouncy-Castle-Cleaner.jpg","width":500,"height":500},{"@type":"BreadcrumbList","@id":"https:\/\/dodo-inflatables.com\/et\/toode\/huppelaudade-puhastusvahend\/#breadcrumb","itemListElement":[{"@type":"ListItem","position":1,"name":"Home","item":"https:\/\/dodo-inflatables.com\/et\/"},{"@type":"ListItem","position":2,"name":"Kauplus","item":"https:\/\/dodo-inflatables.com\/et\/kauplus\/"},{"@type":"ListItem","position":3,"name":"H\u00fcppelaudade puhastusvahend"}]},{"@type":"WebSite","@id":"https:\/\/dodo-inflatables.com\/et\/#website","url":"https:\/\/dodo-inflatables.com\/et\/","name":"dodo-inflatables.com","description":"Ostke meie poest h\u00fcppelossi ja atraktsioone.","potentialAction":[{"@type":"SearchAction","target":{"@type":"EntryPoint","urlTemplate":"https:\/\/dodo-inflatables.com\/et\/?s={search_term_string}"},"query-input":{"@type":"PropertyValueSpecification","valueRequired":true,"valueName":"search_term_string"}}],"inLanguage":"et"}]}},"uagb_featured_image_src":{"full":["https:\/\/dodo-inflatables.com\/wp-content\/uploads\/2019\/03\/Bouncy-Castle-Cleaner.jpg",500,500,false],"thumbnail":["https:\/\/dodo-inflatables.com\/wp-content\/uploads\/2019\/03\/Bouncy-Castle-Cleaner-150x150.jpg",150,150,true],"medium":["https:\/\/dodo-inflatables.com\/wp-content\/uploads\/2019\/03\/Bouncy-Castle-Cleaner-300x300.jpg",300,300,true],"medium_large":["https:\/\/dodo-inflatables.com\/wp-content\/uploads\/2019\/03\/Bouncy-Castle-Cleaner.jpg",500,500,false],"large":["https:\/\/dodo-inflatables.com\/wp-content\/uploads\/2019\/03\/Bouncy-Castle-Cleaner.jpg",500,500,false],"1536x1536":["https:\/\/dodo-inflatables.com\/wp-content\/uploads\/2019\/03\/Bouncy-Castle-Cleaner.jpg",500,500,false],"2048x2048":["https:\/\/dodo-inflatables.com\/wp-content\/uploads\/2019\/03\/Bouncy-Castle-Cleaner.jpg",500,500,false],"woocommerce_thumbnail":["https:\/\/dodo-inflatables.com\/wp-content\/uploads\/2019\/03\/Bouncy-Castle-Cleaner.jpg",500,500,false],"woocommerce_single":["https:\/\/dodo-inflatables.com\/wp-content\/uploads\/2019\/03\/Bouncy-Castle-Cleaner.jpg",500,500,false],"woocommerce_gallery_thumbnail":["https:\/\/dodo-inflatables.com\/wp-content\/uploads\/2019\/03\/Bouncy-Castle-Cleaner-100x100.jpg",100,100,true]},"uagb_author_info":{"display_name":"Andreas","author_link":"https:\/\/dodo-inflatables.com\/et\/author\/"},"uagb_comment_info":0,"uagb_excerpt":"Maht: 1 liiter Sobib: t\u00e4ispuhutavatele batuutidele, t\u00e4ispuhutavatele m\u00e4nguseadmetele, PVC-pressning- ja plastikpindadele Kasutus: saab lahjendada veega Puhastusmeetod: k\u00e4sitsi puhastamine lapi, k\u00e4sna v\u00f5i pritsimisseadmega","_links":{"self":[{"href":"https:\/\/dodo-inflatables.com\/et\/wp-json\/wp\/v2\/product\/18919","targetHints":{"allow":["GET"]}}],"collection":[{"href":"https:\/\/dodo-inflatables.com\/et\/wp-json\/wp\/v2\/product"}],"about":[{"href":"https:\/\/dodo-inflatables.com\/et\/wp-json\/wp\/v2\/types\/product"}],"replies":[{"embeddable":true,"href":"https:\/\/dodo-inflatables.com\/et\/wp-json\/wp\/v2\/comments?post=18919"}],"wp:featuredmedia":[{"embeddable":true,"href":"https:\/\/dodo-inflatables.com\/et\/wp-json\/wp\/v2\/media\/55321"}],"wp:attachment":[{"href":"https:\/\/dodo-inflatables.com\/et\/wp-json\/wp\/v2\/media?parent=18919"}],"wp:term":[{"taxonomy":"product_brand","embeddable":true,"href":"https:\/\/dodo-inflatables.com\/et\/wp-json\/wp\/v2\/product_brand?post=18919"},{"taxonomy":"product_cat","embeddable":true,"href":"https:\/\/dodo-inflatables.com\/et\/wp-json\/wp\/v2\/product_cat?post=18919"},{"taxonomy":"product_tag","embeddable":true,"href":"https:\/\/dodo-inflatables.com\/et\/wp-json\/wp\/v2\/product_tag?post=18919"}],"curies":[{"name":"wp","href":"https:\/\/api.w.org\/{rel}","templated":true}]}}