{"id":18987,"date":"2018-08-17T11:01:28","date_gmt":"2018-08-17T09:01:28","guid":{"rendered":"https:\/\/dodo-inflatables.com\/product\/huppelinnus-dzungli-loomad-koos-liuguriga\/"},"modified":"2026-04-17T10:11:54","modified_gmt":"2026-04-17T08:11:54","slug":"huppelinnus-dzungli-loomad-koos-liuguriga","status":"publish","type":"product","link":"https:\/\/dodo-inflatables.com\/et\/toode\/huppelinnus-dzungli-loomad-koos-liuguriga\/","title":{"rendered":"H\u00fcppelinnus D\u017eungli Loomad koos liuguriga"},"content":{"rendered":"<h2>Osta D\u017eungliloomade h\u00fcppelinnak koos slaidiga<\/h2>\n<p>  K\u00fclgmise liuguriga h\u00fcppelinnak toob lastele kindlasti naeru oma suurte silmadega naljakate loomadega. Katus lium\u00e4e kohal ja turvav\u00f5rk taga ja k\u00fclgedel \u00fcmbritsevad t\u00e4ielikult h\u00fcppelinnaku sisemuse, mis muudab selle eriti turvaliseks. D\u017eungliloomade h\u00fcppelinnak koos liuguriga on varustatud sobiva transpordikotiga ja seda saab h\u00f5lpsasti \u00fcles seada umbes 10 minutiga. Pakett sisaldab h\u00fcppelinnakut, transpordikotti ja remondikomplekti. Pange t\u00e4hele, et puhur ja maapealne lina ei kuulu komplekti. Leiad need meie <a href=\"https:\/\/dodo-inflatables.com\/product-category\/accessories\/\">tarvikute kategooriast<\/a>. M\u00f5lemad pakutavad puhurid<a href=\"https:\/\/dodo-inflatables.com\/product\/huawei-blower\/\">(Huawei<\/a> ja <a href=\"https:\/\/dodo-inflatables.com\/product\/gibbons-blower\/\">Gibbons<\/a>) sobivad h\u00fcppelinnuse jaoks. Vastupidavast PVC-plaadist (0,55 mm \/ 621,3 g\/m2) valmistatud ja DIN EN 14960 kohaselt sertifitseeritud D\u017eungli Loomade h\u00fcppelinnak koos lium\u00e4ega on kvaliteetne toode, mis vastab k\u00f5rgeimatele ohutusstandarditele. Palun kasutage h\u00fcppelinnakut ainult sobival <a href=\"https:\/\/dodo-inflatables.com\/product\/ground-sheet-5-x-6-m\/\">alusplaadil<\/a>, et kaitsta seda maapinnal olevate teravate esemete ja h\u00f5\u00f5rdumise eest. Soovitame h\u00fcppelinnakut p\u00fcstitada muruplatsile ja kinnitada see meie <a href=\"https:\/\/dodo-inflatables.com\/product\/ground-pegs-bouncy-castle\/\">maa-ankritega<\/a>, et tagada maksimaalne ohutus. P\u00e4rast iga kasutamist tuleb h\u00fcppelinnus kuivatada ja korralikult pakendada, et kaitsta seda v\u00e4lism\u00f5jude ja transpordikahjustuste eest.  <\/p>\n<h3><strong>D\u017eungliloomade h\u00fcppelinnuse \u00fcksikasjad koos liuguriga<\/strong><\/h3>\n<ul>\n<li>M\u00f5\u00f5tmed (pikkus x laius x k\u00f5rgus): 5,20 m x 4,00 m x 4,00 m *<\/li>\n<li>H\u00fcppeala (pikkus x laius): 3,60 x 2,40 m *<\/li>\n<li>Kaal: umbes. 100 kg *<\/li>\n<li>Pakendi suurus: 80 x 80 x 110 cm *<\/li>\n<li>Seadistamisaeg: 10 minutit<\/li>\n<li>Materjal: PVC (0,55 mm \/ 621,3 g\/m2): PVC (0,55 mm \/ 621,3 g\/m2)<\/li>\n<li>2-4 korda \u00f5mmeldud (s\u00f5ltuvalt kasutusest)<\/li>\n<li>Tulekindlad<\/li>\n<li>Vastavussertifikaat vastavalt standardile EN 14960<\/li>\n<li>P\u00f5rgutav pind kaitsvate triipudega, t\u00f5mblukk koos velcro-kattega, nurgad tugevdatud<\/li>\n<\/ul>\n<p>  Komplekti kuuluvad: h\u00fcppelinnus, transpordikott ja remondikomplekt D\u017eungliloomade h\u00fcppelinnus koos lium\u00e4ega on professionaalne moodul, mis on valmistatud ja testitud vastavalt DIN EN 14960 rangetele suunistele, mis t\u00e4hendab, et see on turvaline ja usaldusv\u00e4\u00e4rne. Seet\u00f5ttu sobib D\u017eungliloomade h\u00fcppelinnak koos lium\u00e4ega suurep\u00e4raselt professionaalseks rendiks. Palun pange t\u00e4hele, et h\u00fcppelinnakusse on lubatud ainult lapsed, t\u00e4iskasvanuid ei lubata! Pange t\u00e4hele, et puhur (ei kuulu komplekti) peab kasutamise ajal pidevalt t\u00f6\u00f6tama ja et h\u00fcppelinnuse l\u00f5hkemise v\u00e4ltimiseks on vaja v\u00e4ikest \u00f5huv\u00e4ljap\u00e4\u00e4su aukude kaudu. Hankige n\u00fc\u00fcd d\u017eungliloomade h\u00fcppelinnak koos lium\u00e4ega ja kogege unustamatuid hetki t\u00e4is l\u00f5bu ja seiklusi! * Kaal ja m\u00f5\u00f5tmed on ligikaudsed ja v\u00f5ivad veidi erineda.<\/p>\n","protected":false},"excerpt":{"rendered":"<p><i class=\"fa fa-arrows-alt\"><\/i>  M\u00f5\u00f5tmed (pikkus x laius x k\u00f5rgus): 5,20 m x 4,00 m x 4,00 m * <i class=\"fa fa-child\"><\/i> Sobib umbes 10 lapsele (s\u00f5ltuvalt vanusest ja suurusest) <i class=\"fa fa-check\"><\/i> Professionaalne moodul &#8211; sobib \u00e4ri- ja erakasutuseks <i class=\"fa fa-square\"><\/i> PVC (0,55 mm \/ 621,3 g\/m2) <i class=\"fa fa-align-justify\"><\/i> 2-4 korda \u00f5mmeldud (s\u00f5ltuvalt kasutusest) <i class=\"fa fa-fire\"><\/i> V\u00e4ga tulekindel <i class=\"fa fa-certificate\"><\/i> Sertifitseerimine vastavalt EN 14960 <i class=\"fas fa-edit\"><\/i> Sisaldab individuaalset seerianumbrit.<\/p>\n","protected":false},"featured_media":58280,"comment_status":"open","ping_status":"closed","template":"","meta":{"_acf_changed":false,"_uag_custom_page_level_css":"","site-sidebar-layout":"default","site-content-layout":"boxed-container","ast-site-content-layout":"normal-width-container","site-content-style":"boxed","site-sidebar-style":"boxed","ast-global-header-display":"","ast-banner-title-visibility":"","ast-main-header-display":"","ast-hfb-above-header-display":"","ast-hfb-below-header-display":"","ast-hfb-mobile-header-display":"","site-post-title":"disabled","ast-breadcrumbs-content":"","ast-featured-img":"","footer-sml-layout":"","ast-disable-related-posts":"","theme-transparent-header-meta":"default","adv-header-id-meta":"","stick-header-meta":"default","header-above-stick-meta":"","header-main-stick-meta":"","header-below-stick-meta":"","astra-migrate-meta-layouts":"default","ast-page-background-enabled":"default","ast-page-background-meta":{"desktop":{"background-color":"var(--ast-global-color-4)","background-image":"","background-repeat":"repeat","background-position":"center center","background-size":"auto","background-attachment":"scroll","background-type":"","background-media":"","overlay-type":"","overlay-color":"","overlay-opacity":"","overlay-gradient":""},"tablet":{"background-color":"","background-image":"","background-repeat":"repeat","background-position":"center center","background-size":"auto","background-attachment":"scroll","background-type":"","background-media":"","overlay-type":"","overlay-color":"","overlay-opacity":"","overlay-gradient":""},"mobile":{"background-color":"","background-image":"","background-repeat":"repeat","background-position":"center center","background-size":"auto","background-attachment":"scroll","background-type":"","background-media":"","overlay-type":"","overlay-color":"","overlay-opacity":"","overlay-gradient":""}},"ast-content-background-meta":{"desktop":{"background-color":"var(--ast-global-color-5)","background-image":"","background-repeat":"repeat","background-position":"center center","background-size":"auto","background-attachment":"scroll","background-type":"","background-media":"","overlay-type":"","overlay-color":"","overlay-opacity":"","overlay-gradient":""},"tablet":{"background-color":"var(--ast-global-color-5)","background-image":"","background-repeat":"repeat","background-position":"center center","background-size":"auto","background-attachment":"scroll","background-type":"","background-media":"","overlay-type":"","overlay-color":"","overlay-opacity":"","overlay-gradient":""},"mobile":{"background-color":"var(--ast-global-color-5)","background-image":"","background-repeat":"repeat","background-position":"center center","background-size":"auto","background-attachment":"scroll","background-type":"","background-media":"","overlay-type":"","overlay-color":"","overlay-opacity":"","overlay-gradient":""}}},"product_brand":[],"product_cat":[6874,6925,6976,6993],"product_tag":[7177,7226,7251,7151],"class_list":{"0":"post-18987","1":"product","2":"type-product","3":"status-publish","4":"has-post-thumbnail","6":"product_cat-koik-batuudid","7":"product_cat-batuudid-poistele-ja-tudrukutele","8":"product_cat-batuudid-liumaega-2","9":"product_cat-batuudid-avatud-liumaega","10":"product_tag-mit-rutsche","11":"product_tag-tuv","12":"product_tag-typ-b","13":"product_tag-geblase-1-5ps","14":"product_shipping_class-spedition-hupfburg-et","15":"pa_gtin-0669145336766-et","16":"pa_height-360-m-400-m-et-2","17":"pa_height-of-the-slide-110-m-150-m-et","18":"pa_length-460-m-500-m-et","19":"pa_type-of-bouncy-castle-bouncy-castle-with-slide-et","20":"pa_width-410-m-450-m-et","21":"desktop-align-center","22":"tablet-align-center","23":"mobile-align-center","24":"ast-product-gallery-layout-horizontal","25":"ast-product-tabs-layout-horizontal","27":"first","28":"instock","29":"taxable","30":"shipping-taxable","31":"purchasable","32":"product-type-simple"},"acf":[],"yoast_head":"<!-- This site is optimized with the Yoast SEO plugin v27.5 - https:\/\/yoast.com\/product\/yoast-seo-wordpress\/ -->\n<title>D\u017eungli loomade h\u00fcppelinnus koos liuguriga | Dodo-Inflatables.com<\/title>\n<meta name=\"description\" content=\"Osta meie armas D\u017eungli Loomade h\u00fcppelinnak koos lium\u00e4ega online dodo-inflatables | Lai valik laos | Sertifitseeritud vastavalt EN14960 | \u00d5iglased hinnad.\" \/>\n<meta name=\"robots\" content=\"index, follow, max-snippet:-1, max-image-preview:large, max-video-preview:-1\" \/>\n<link rel=\"canonical\" href=\"https:\/\/dodo-inflatables.com\/et\/toode\/huppelinnus-dzungli-loomad-koos-liuguriga\/\" \/>\n<meta name=\"twitter:label1\" content=\"Est. reading time\" \/>\n\t<meta name=\"twitter:data1\" content=\"2 minutit\" \/>\n<script type=\"application\/ld+json\" class=\"yoast-schema-graph\">{\"@context\":\"https:\\\/\\\/schema.org\",\"@graph\":[{\"@type\":\"WebPage\",\"@id\":\"https:\\\/\\\/dodo-inflatables.com\\\/et\\\/toode\\\/huppelinnus-dzungli-loomad-koos-liuguriga\\\/\",\"url\":\"https:\\\/\\\/dodo-inflatables.com\\\/et\\\/toode\\\/huppelinnus-dzungli-loomad-koos-liuguriga\\\/\",\"name\":\"D\u017eungli loomade h\u00fcppelinnus koos liuguriga | Dodo-Inflatables.com\",\"isPartOf\":{\"@id\":\"https:\\\/\\\/dodo-inflatables.com\\\/et\\\/#website\"},\"primaryImageOfPage\":{\"@id\":\"https:\\\/\\\/dodo-inflatables.com\\\/et\\\/toode\\\/huppelinnus-dzungli-loomad-koos-liuguriga\\\/#primaryimage\"},\"image\":{\"@id\":\"https:\\\/\\\/dodo-inflatables.com\\\/et\\\/toode\\\/huppelinnus-dzungli-loomad-koos-liuguriga\\\/#primaryimage\"},\"thumbnailUrl\":\"https:\\\/\\\/dodo-inflatables.com\\\/wp-content\\\/uploads\\\/2018\\\/08\\\/Buy-Jungle-Animals-Bouncy-Castle-18.jpg\",\"datePublished\":\"2018-08-17T09:01:28+00:00\",\"dateModified\":\"2026-04-17T08:11:54+00:00\",\"description\":\"Osta meie armas D\u017eungli Loomade h\u00fcppelinnak koos lium\u00e4ega online dodo-inflatables | Lai valik laos | Sertifitseeritud vastavalt EN14960 | \u00d5iglased hinnad.\",\"breadcrumb\":{\"@id\":\"https:\\\/\\\/dodo-inflatables.com\\\/et\\\/toode\\\/huppelinnus-dzungli-loomad-koos-liuguriga\\\/#breadcrumb\"},\"inLanguage\":\"et\",\"potentialAction\":[{\"@type\":\"ReadAction\",\"target\":[\"https:\\\/\\\/dodo-inflatables.com\\\/et\\\/toode\\\/huppelinnus-dzungli-loomad-koos-liuguriga\\\/\"]}]},{\"@type\":\"ImageObject\",\"inLanguage\":\"et\",\"@id\":\"https:\\\/\\\/dodo-inflatables.com\\\/et\\\/toode\\\/huppelinnus-dzungli-loomad-koos-liuguriga\\\/#primaryimage\",\"url\":\"https:\\\/\\\/dodo-inflatables.com\\\/wp-content\\\/uploads\\\/2018\\\/08\\\/Buy-Jungle-Animals-Bouncy-Castle-18.jpg\",\"contentUrl\":\"https:\\\/\\\/dodo-inflatables.com\\\/wp-content\\\/uploads\\\/2018\\\/08\\\/Buy-Jungle-Animals-Bouncy-Castle-18.jpg\",\"width\":1000,\"height\":1000},{\"@type\":\"BreadcrumbList\",\"@id\":\"https:\\\/\\\/dodo-inflatables.com\\\/et\\\/toode\\\/huppelinnus-dzungli-loomad-koos-liuguriga\\\/#breadcrumb\",\"itemListElement\":[{\"@type\":\"ListItem\",\"position\":1,\"name\":\"Home\",\"item\":\"https:\\\/\\\/dodo-inflatables.com\\\/et\\\/\"},{\"@type\":\"ListItem\",\"position\":2,\"name\":\"Kauplus\",\"item\":\"https:\\\/\\\/dodo-inflatables.com\\\/et\\\/kauplus\\\/\"},{\"@type\":\"ListItem\",\"position\":3,\"name\":\"H\u00fcppelinnus D\u017eungli Loomad koos liuguriga\"}]},{\"@type\":\"WebSite\",\"@id\":\"https:\\\/\\\/dodo-inflatables.com\\\/et\\\/#website\",\"url\":\"https:\\\/\\\/dodo-inflatables.com\\\/et\\\/\",\"name\":\"dodo-inflatables.com\",\"description\":\"Ostke meie poest h\u00fcppelossi ja atraktsioone.\",\"potentialAction\":[{\"@type\":\"SearchAction\",\"target\":{\"@type\":\"EntryPoint\",\"urlTemplate\":\"https:\\\/\\\/dodo-inflatables.com\\\/et\\\/?s={search_term_string}\"},\"query-input\":{\"@type\":\"PropertyValueSpecification\",\"valueRequired\":true,\"valueName\":\"search_term_string\"}}],\"inLanguage\":\"et\"}]}<\/script>\n<!-- \/ Yoast SEO plugin. -->","yoast_head_json":{"title":"D\u017eungli loomade h\u00fcppelinnus koos liuguriga | Dodo-Inflatables.com","description":"Osta meie armas D\u017eungli Loomade h\u00fcppelinnak koos lium\u00e4ega online dodo-inflatables | Lai valik laos | Sertifitseeritud vastavalt EN14960 | \u00d5iglased hinnad.","robots":{"index":"index","follow":"follow","max-snippet":"max-snippet:-1","max-image-preview":"max-image-preview:large","max-video-preview":"max-video-preview:-1"},"canonical":"https:\/\/dodo-inflatables.com\/et\/toode\/huppelinnus-dzungli-loomad-koos-liuguriga\/","twitter_misc":{"Est. reading time":"2 minutit"},"schema":{"@context":"https:\/\/schema.org","@graph":[{"@type":"WebPage","@id":"https:\/\/dodo-inflatables.com\/et\/toode\/huppelinnus-dzungli-loomad-koos-liuguriga\/","url":"https:\/\/dodo-inflatables.com\/et\/toode\/huppelinnus-dzungli-loomad-koos-liuguriga\/","name":"D\u017eungli loomade h\u00fcppelinnus koos liuguriga | Dodo-Inflatables.com","isPartOf":{"@id":"https:\/\/dodo-inflatables.com\/et\/#website"},"primaryImageOfPage":{"@id":"https:\/\/dodo-inflatables.com\/et\/toode\/huppelinnus-dzungli-loomad-koos-liuguriga\/#primaryimage"},"image":{"@id":"https:\/\/dodo-inflatables.com\/et\/toode\/huppelinnus-dzungli-loomad-koos-liuguriga\/#primaryimage"},"thumbnailUrl":"https:\/\/dodo-inflatables.com\/wp-content\/uploads\/2018\/08\/Buy-Jungle-Animals-Bouncy-Castle-18.jpg","datePublished":"2018-08-17T09:01:28+00:00","dateModified":"2026-04-17T08:11:54+00:00","description":"Osta meie armas D\u017eungli Loomade h\u00fcppelinnak koos lium\u00e4ega online dodo-inflatables | Lai valik laos | Sertifitseeritud vastavalt EN14960 | \u00d5iglased hinnad.","breadcrumb":{"@id":"https:\/\/dodo-inflatables.com\/et\/toode\/huppelinnus-dzungli-loomad-koos-liuguriga\/#breadcrumb"},"inLanguage":"et","potentialAction":[{"@type":"ReadAction","target":["https:\/\/dodo-inflatables.com\/et\/toode\/huppelinnus-dzungli-loomad-koos-liuguriga\/"]}]},{"@type":"ImageObject","inLanguage":"et","@id":"https:\/\/dodo-inflatables.com\/et\/toode\/huppelinnus-dzungli-loomad-koos-liuguriga\/#primaryimage","url":"https:\/\/dodo-inflatables.com\/wp-content\/uploads\/2018\/08\/Buy-Jungle-Animals-Bouncy-Castle-18.jpg","contentUrl":"https:\/\/dodo-inflatables.com\/wp-content\/uploads\/2018\/08\/Buy-Jungle-Animals-Bouncy-Castle-18.jpg","width":1000,"height":1000},{"@type":"BreadcrumbList","@id":"https:\/\/dodo-inflatables.com\/et\/toode\/huppelinnus-dzungli-loomad-koos-liuguriga\/#breadcrumb","itemListElement":[{"@type":"ListItem","position":1,"name":"Home","item":"https:\/\/dodo-inflatables.com\/et\/"},{"@type":"ListItem","position":2,"name":"Kauplus","item":"https:\/\/dodo-inflatables.com\/et\/kauplus\/"},{"@type":"ListItem","position":3,"name":"H\u00fcppelinnus D\u017eungli Loomad koos liuguriga"}]},{"@type":"WebSite","@id":"https:\/\/dodo-inflatables.com\/et\/#website","url":"https:\/\/dodo-inflatables.com\/et\/","name":"dodo-inflatables.com","description":"Ostke meie poest h\u00fcppelossi ja atraktsioone.","potentialAction":[{"@type":"SearchAction","target":{"@type":"EntryPoint","urlTemplate":"https:\/\/dodo-inflatables.com\/et\/?s={search_term_string}"},"query-input":{"@type":"PropertyValueSpecification","valueRequired":true,"valueName":"search_term_string"}}],"inLanguage":"et"}]}},"uagb_featured_image_src":{"full":["https:\/\/dodo-inflatables.com\/wp-content\/uploads\/2018\/08\/Buy-Jungle-Animals-Bouncy-Castle-18.jpg",1000,1000,false],"thumbnail":["https:\/\/dodo-inflatables.com\/wp-content\/uploads\/2018\/08\/Buy-Jungle-Animals-Bouncy-Castle-18-150x150.jpg",150,150,true],"medium":["https:\/\/dodo-inflatables.com\/wp-content\/uploads\/2018\/08\/Buy-Jungle-Animals-Bouncy-Castle-18-300x300.jpg",300,300,true],"medium_large":["https:\/\/dodo-inflatables.com\/wp-content\/uploads\/2018\/08\/Buy-Jungle-Animals-Bouncy-Castle-18-768x768.jpg",768,768,true],"large":["https:\/\/dodo-inflatables.com\/wp-content\/uploads\/2018\/08\/Buy-Jungle-Animals-Bouncy-Castle-18.jpg",1000,1000,false],"1536x1536":["https:\/\/dodo-inflatables.com\/wp-content\/uploads\/2018\/08\/Buy-Jungle-Animals-Bouncy-Castle-18.jpg",1000,1000,false],"2048x2048":["https:\/\/dodo-inflatables.com\/wp-content\/uploads\/2018\/08\/Buy-Jungle-Animals-Bouncy-Castle-18.jpg",1000,1000,false],"woocommerce_thumbnail":["https:\/\/dodo-inflatables.com\/wp-content\/uploads\/2018\/08\/Buy-Jungle-Animals-Bouncy-Castle-18-900x900.jpg",900,900,true],"woocommerce_single":["https:\/\/dodo-inflatables.com\/wp-content\/uploads\/2018\/08\/Buy-Jungle-Animals-Bouncy-Castle-18-900x900.jpg",900,900,true],"woocommerce_gallery_thumbnail":["https:\/\/dodo-inflatables.com\/wp-content\/uploads\/2018\/08\/Buy-Jungle-Animals-Bouncy-Castle-18-100x100.jpg",100,100,true]},"uagb_author_info":{"display_name":"Andreas","author_link":"https:\/\/dodo-inflatables.com\/et\/author\/"},"uagb_comment_info":0,"uagb_excerpt":"M\u00f5\u00f5tmed (pikkus x laius x k\u00f5rgus): 5,20 m x 4,00 m x 4,00 m * Sobib umbes 10 lapsele (s\u00f5ltuvalt vanusest ja suurusest) Professionaalne moodul - sobib \u00e4ri- ja erakasutuseks PVC (0,55 mm \/ 621,3 g\/m2) 2-4 korda \u00f5mmeldud (s\u00f5ltuvalt kasutusest) V\u00e4ga tulekindel Sertifitseerimine vastavalt EN 14960 Sisaldab individuaalset seerianumbrit.","_links":{"self":[{"href":"https:\/\/dodo-inflatables.com\/et\/wp-json\/wp\/v2\/product\/18987","targetHints":{"allow":["GET"]}}],"collection":[{"href":"https:\/\/dodo-inflatables.com\/et\/wp-json\/wp\/v2\/product"}],"about":[{"href":"https:\/\/dodo-inflatables.com\/et\/wp-json\/wp\/v2\/types\/product"}],"replies":[{"embeddable":true,"href":"https:\/\/dodo-inflatables.com\/et\/wp-json\/wp\/v2\/comments?post=18987"}],"wp:featuredmedia":[{"embeddable":true,"href":"https:\/\/dodo-inflatables.com\/et\/wp-json\/wp\/v2\/media\/58280"}],"wp:attachment":[{"href":"https:\/\/dodo-inflatables.com\/et\/wp-json\/wp\/v2\/media?parent=18987"}],"wp:term":[{"taxonomy":"product_brand","embeddable":true,"href":"https:\/\/dodo-inflatables.com\/et\/wp-json\/wp\/v2\/product_brand?post=18987"},{"taxonomy":"product_cat","embeddable":true,"href":"https:\/\/dodo-inflatables.com\/et\/wp-json\/wp\/v2\/product_cat?post=18987"},{"taxonomy":"product_tag","embeddable":true,"href":"https:\/\/dodo-inflatables.com\/et\/wp-json\/wp\/v2\/product_tag?post=18987"}],"curies":[{"name":"wp","href":"https:\/\/api.w.org\/{rel}","templated":true}]}}