{"id":19332,"date":"2018-01-19T15:47:49","date_gmt":"2018-01-19T14:47:49","guid":{"rendered":"https:\/\/dodo-inflatables.com\/product\/jalgpall-dart\/"},"modified":"2026-04-17T10:12:09","modified_gmt":"2026-04-17T08:12:09","slug":"jalgpall-dart","status":"publish","type":"product","link":"https:\/\/dodo-inflatables.com\/et\/toode\/jalgpall-dart\/","title":{"rendered":"Jalgpall Dart"},"content":{"rendered":"<h2>Osta t\u00e4ispuhutav jalgpallitool<\/h2>\n<p>Jalgpallidart on Inglismaa \u00fcrituste uusim trend. Football darts, mida tuntakse ka jalgpallitahvli v\u00f5i jalgpallitahvli nime all, \u00fchendab tavalise jalgpalli ja noolem\u00e4ngu oskused ning h\u00f5lmab jalapallide tulistamist vastu hiiglaslikku t\u00e4ispuhutavat tikutahvlit.<\/p>\n<p>Meie suur t\u00e4ispuhutav jalgpallitikam\u00e4ng on 4,5 meetri k\u00f5rgune, mis teeb sellest suurep\u00e4rase pilgup\u00fc\u00fcdja igal jalgpalli\u00fcritusel. Laske s\u00f5pradel, k\u00fclalistel, klientidel, kolleegidel v\u00f5i oma pereliikmetel v\u00f5istelda \u00fcksteisega Soccer Dartsis ja selgitage v\u00e4lja, kes on teie seas parim laskja. M\u00e4ngijatel on tavaliselt kolm katset, et kas paigutada pall v\u00f5imalikult l\u00e4hedale v\u00f5i &#8220;tulistada&#8221; teatud arv punkte. Mitte ainult teie meeskonnakaaslased ei ole need, kes teid ergutama hakkavad, ka pealtvaatajad j\u00e4lgivad p\u00f5nevusega.<\/p>\n<p>Jalgpallit\u00fckke saab m\u00e4ngida mis tahes pinnal, millel tavaliselt m\u00e4ngitakse jalgpalli. Vajalikud Velcro-jalapallid on tarnitud vastavalt. Need on valmistatud spetsiaalsest Velcro-kinnitusest, mis kinnitub eriti h\u00e4sti t\u00e4ispuhutava tikut\u00e4he Velcro-kinnitusele. Need spetsiaalsed <a href=\"https:\/\/dodo-inflatables.com\/product\/velcro-football-for-football-darts\/\">velcro-jalapallid<\/a> on saadaval ka \u00fcksikult <a href=\"https:\/\/dodo-inflatables.com\/product-category\/accessories\/\">tarvikute<\/a> kategoorias.<\/p>\n<p>&nbsp;<\/p>\n<h4>T\u00e4ispuhutava jalgpallit\u00fcki \u00fcksikasjad<\/h4>\n<ul>\n<li>M\u00f5\u00f5tmed (pikkus x laius x k\u00f5rgus): 4,50 m x 6,20 m x 4,50 m *<\/li>\n<li>Kaal: umbes. 95 kg *<\/li>\n<li>Pakendi suurus: 100 x 70 x 70 cm *<\/li>\n<li>Kokkupaneku aeg: 10 minutit<\/li>\n<li>Materjal: 0,55 mm PVC ja Velcro<\/li>\n<li>Vahetatav Velcro Dartboard<\/li>\n<li>Velcro-kattega t\u00f5mblukk, tugevdatud nurgad, kvaliteetne velcro-kinnitus.<\/li>\n<li>K\u00f6is pallide eemaldamiseks<\/li>\n<\/ul>\n<p>Tarnimise ulatusse kuulub: Jalgpall ja kolm jalgpalli kvaliteetsete Velcro-kattega.<\/p>\n<p>Puhur ja pinnakate ei kuulu komplekti. Need leiate tarvikute kategooriast.<\/p>\n<p>K\u00f5ik meie h\u00fcppelinnakud ja t\u00e4ispuhutavad atraktsioonid on professionaalsed moodulid, mis sobivad professionaalsetele rendiettev\u00f5tetele ja kasutamiseks vabaaja parkides, siseruumides asuvates m\u00e4nguv\u00e4ljakutel ja muudes sarnastes kohtades.<\/p>\n<p><strong>Olulised kasutusjuhised<\/strong><\/p>\n<p>Puhur (ei kuulu komplekti) peab kasutamise ajal pidevalt t\u00f6\u00f6tama.<br \/>\nV\u00e4ike \u00f5huleke l\u00e4bi \u00f5mbluste aukude on normaalne.<\/p>\n<p>* Kaal ja m\u00f5\u00f5tmed on ligikaudsed ja v\u00f5ivad veidi erineda.<\/p>\n","protected":false},"excerpt":{"rendered":"<p><i class=\"fa fa-arrows-alt\"><\/i>  M\u00f5\u00f5tmed (pikkus x laius x k\u00f5rgus): 4,50 m x 6,20 m x 4,50 m *<br \/>\n<i class=\"fa fa-plus\"><\/i>  Sisaldab kolm jalapalli koos Velcro-kattega, vahetatav Velcro Dartboard<i class=\"fa fa-check\"><\/i> Professional moodul &#8211; sobib \u00e4ri- ja erakasutuseks.<\/p>\n<p><i class=\"fa fa-square\"><\/i>  PVC (0,55 mm \/ 621,3 g\/m2 ) ja Velcro.<br \/>\n<i class=\"fa fa-align-justify\"><\/i>  2 &#8211; 4-kordne \u00f5mblus (s\u00f5ltuvalt koormusest)<br \/>\n<i class=\"fa fa-fire\"><\/i>  Tulekindlad<br \/>\n<i class=\"fas fa-edit\"><\/i>  Kaasa arvatud. individuaalne seerianumber<\/p>\n","protected":false},"featured_media":19338,"comment_status":"open","ping_status":"closed","template":"","meta":{"_acf_changed":false,"_uag_custom_page_level_css":"","site-sidebar-layout":"default","site-content-layout":"boxed-container","ast-site-content-layout":"normal-width-container","site-content-style":"boxed","site-sidebar-style":"boxed","ast-global-header-display":"","ast-banner-title-visibility":"","ast-main-header-display":"","ast-hfb-above-header-display":"","ast-hfb-below-header-display":"","ast-hfb-mobile-header-display":"","site-post-title":"disabled","ast-breadcrumbs-content":"","ast-featured-img":"","footer-sml-layout":"","ast-disable-related-posts":"","theme-transparent-header-meta":"default","adv-header-id-meta":"","stick-header-meta":"default","header-above-stick-meta":"","header-main-stick-meta":"","header-below-stick-meta":"","astra-migrate-meta-layouts":"default","ast-page-background-enabled":"default","ast-page-background-meta":{"desktop":{"background-color":"var(--ast-global-color-4)","background-image":"","background-repeat":"repeat","background-position":"center center","background-size":"auto","background-attachment":"scroll","background-type":"","background-media":"","overlay-type":"","overlay-color":"","overlay-opacity":"","overlay-gradient":""},"tablet":{"background-color":"","background-image":"","background-repeat":"repeat","background-position":"center center","background-size":"auto","background-attachment":"scroll","background-type":"","background-media":"","overlay-type":"","overlay-color":"","overlay-opacity":"","overlay-gradient":""},"mobile":{"background-color":"","background-image":"","background-repeat":"repeat","background-position":"center center","background-size":"auto","background-attachment":"scroll","background-type":"","background-media":"","overlay-type":"","overlay-color":"","overlay-opacity":"","overlay-gradient":""}},"ast-content-background-meta":{"desktop":{"background-color":"var(--ast-global-color-5)","background-image":"","background-repeat":"repeat","background-position":"center center","background-size":"auto","background-attachment":"scroll","background-type":"","background-media":"","overlay-type":"","overlay-color":"","overlay-opacity":"","overlay-gradient":""},"tablet":{"background-color":"var(--ast-global-color-5)","background-image":"","background-repeat":"repeat","background-position":"center center","background-size":"auto","background-attachment":"scroll","background-type":"","background-media":"","overlay-type":"","overlay-color":"","overlay-opacity":"","overlay-gradient":""},"mobile":{"background-color":"var(--ast-global-color-5)","background-image":"","background-repeat":"repeat","background-position":"center center","background-size":"auto","background-attachment":"scroll","background-type":"","background-media":"","overlay-type":"","overlay-color":"","overlay-opacity":"","overlay-gradient":""}}},"product_brand":[],"product_cat":[2035],"product_tag":[7151],"class_list":{"0":"post-19332","1":"product","2":"type-product","3":"status-publish","4":"has-post-thumbnail","6":"product_cat-atraktsioonid","7":"product_tag-geblase-1-5ps","8":"product_shipping_class-spedition-hupfburg-et","9":"pa_gtin-0669145336841-et","10":"desktop-align-center","11":"tablet-align-center","12":"mobile-align-center","13":"ast-product-gallery-layout-horizontal","14":"ast-product-tabs-layout-horizontal","16":"first","17":"instock","18":"taxable","19":"shipping-taxable","20":"purchasable","21":"product-type-simple"},"acf":[],"yoast_head":"<!-- This site is optimized with the Yoast SEO plugin v27.5 - https:\/\/yoast.com\/product\/yoast-seo-wordpress\/ -->\n<title>Osta t\u00e4ispuhutav jalgpallidart | Dodo-Inflatables.com<\/title>\n<meta name=\"description\" content=\"Osta t\u00e4ispuhutav jalgpall Soccerdart aadressil dodo-inflatables.com! | \u00d5iglased hinnad | Alati laos | Kiire postitus!\" \/>\n<meta name=\"robots\" content=\"index, follow, max-snippet:-1, max-image-preview:large, max-video-preview:-1\" \/>\n<link rel=\"canonical\" href=\"https:\/\/dodo-inflatables.com\/et\/toode\/jalgpall-dart\/\" \/>\n<meta name=\"twitter:label1\" content=\"Est. reading time\" \/>\n\t<meta name=\"twitter:data1\" content=\"1 minut\" \/>\n<script type=\"application\/ld+json\" class=\"yoast-schema-graph\">{\"@context\":\"https:\\\/\\\/schema.org\",\"@graph\":[{\"@type\":\"WebPage\",\"@id\":\"https:\\\/\\\/dodo-inflatables.com\\\/et\\\/toode\\\/jalgpall-dart\\\/\",\"url\":\"https:\\\/\\\/dodo-inflatables.com\\\/et\\\/toode\\\/jalgpall-dart\\\/\",\"name\":\"Osta t\u00e4ispuhutav jalgpallidart | Dodo-Inflatables.com\",\"isPartOf\":{\"@id\":\"https:\\\/\\\/dodo-inflatables.com\\\/et\\\/#website\"},\"primaryImageOfPage\":{\"@id\":\"https:\\\/\\\/dodo-inflatables.com\\\/et\\\/toode\\\/jalgpall-dart\\\/#primaryimage\"},\"image\":{\"@id\":\"https:\\\/\\\/dodo-inflatables.com\\\/et\\\/toode\\\/jalgpall-dart\\\/#primaryimage\"},\"thumbnailUrl\":\"https:\\\/\\\/dodo-inflatables.com\\\/wp-content\\\/uploads\\\/2018\\\/01\\\/fussball-dart-neu-kaufen-1.png\",\"datePublished\":\"2018-01-19T14:47:49+00:00\",\"dateModified\":\"2026-04-17T08:12:09+00:00\",\"description\":\"Osta t\u00e4ispuhutav jalgpall Soccerdart aadressil dodo-inflatables.com! | \u00d5iglased hinnad | Alati laos | Kiire postitus!\",\"breadcrumb\":{\"@id\":\"https:\\\/\\\/dodo-inflatables.com\\\/et\\\/toode\\\/jalgpall-dart\\\/#breadcrumb\"},\"inLanguage\":\"et\",\"potentialAction\":[{\"@type\":\"ReadAction\",\"target\":[\"https:\\\/\\\/dodo-inflatables.com\\\/et\\\/toode\\\/jalgpall-dart\\\/\"]}]},{\"@type\":\"ImageObject\",\"inLanguage\":\"et\",\"@id\":\"https:\\\/\\\/dodo-inflatables.com\\\/et\\\/toode\\\/jalgpall-dart\\\/#primaryimage\",\"url\":\"https:\\\/\\\/dodo-inflatables.com\\\/wp-content\\\/uploads\\\/2018\\\/01\\\/fussball-dart-neu-kaufen-1.png\",\"contentUrl\":\"https:\\\/\\\/dodo-inflatables.com\\\/wp-content\\\/uploads\\\/2018\\\/01\\\/fussball-dart-neu-kaufen-1.png\",\"width\":500,\"height\":500},{\"@type\":\"BreadcrumbList\",\"@id\":\"https:\\\/\\\/dodo-inflatables.com\\\/et\\\/toode\\\/jalgpall-dart\\\/#breadcrumb\",\"itemListElement\":[{\"@type\":\"ListItem\",\"position\":1,\"name\":\"Home\",\"item\":\"https:\\\/\\\/dodo-inflatables.com\\\/et\\\/\"},{\"@type\":\"ListItem\",\"position\":2,\"name\":\"Kauplus\",\"item\":\"https:\\\/\\\/dodo-inflatables.com\\\/et\\\/kauplus\\\/\"},{\"@type\":\"ListItem\",\"position\":3,\"name\":\"Jalgpall Dart\"}]},{\"@type\":\"WebSite\",\"@id\":\"https:\\\/\\\/dodo-inflatables.com\\\/et\\\/#website\",\"url\":\"https:\\\/\\\/dodo-inflatables.com\\\/et\\\/\",\"name\":\"dodo-inflatables.com\",\"description\":\"Ostke meie poest h\u00fcppelossi ja atraktsioone.\",\"potentialAction\":[{\"@type\":\"SearchAction\",\"target\":{\"@type\":\"EntryPoint\",\"urlTemplate\":\"https:\\\/\\\/dodo-inflatables.com\\\/et\\\/?s={search_term_string}\"},\"query-input\":{\"@type\":\"PropertyValueSpecification\",\"valueRequired\":true,\"valueName\":\"search_term_string\"}}],\"inLanguage\":\"et\"}]}<\/script>\n<!-- \/ Yoast SEO plugin. -->","yoast_head_json":{"title":"Osta t\u00e4ispuhutav jalgpallidart | Dodo-Inflatables.com","description":"Osta t\u00e4ispuhutav jalgpall Soccerdart aadressil dodo-inflatables.com! | \u00d5iglased hinnad | Alati laos | Kiire postitus!","robots":{"index":"index","follow":"follow","max-snippet":"max-snippet:-1","max-image-preview":"max-image-preview:large","max-video-preview":"max-video-preview:-1"},"canonical":"https:\/\/dodo-inflatables.com\/et\/toode\/jalgpall-dart\/","twitter_misc":{"Est. reading time":"1 minut"},"schema":{"@context":"https:\/\/schema.org","@graph":[{"@type":"WebPage","@id":"https:\/\/dodo-inflatables.com\/et\/toode\/jalgpall-dart\/","url":"https:\/\/dodo-inflatables.com\/et\/toode\/jalgpall-dart\/","name":"Osta t\u00e4ispuhutav jalgpallidart | Dodo-Inflatables.com","isPartOf":{"@id":"https:\/\/dodo-inflatables.com\/et\/#website"},"primaryImageOfPage":{"@id":"https:\/\/dodo-inflatables.com\/et\/toode\/jalgpall-dart\/#primaryimage"},"image":{"@id":"https:\/\/dodo-inflatables.com\/et\/toode\/jalgpall-dart\/#primaryimage"},"thumbnailUrl":"https:\/\/dodo-inflatables.com\/wp-content\/uploads\/2018\/01\/fussball-dart-neu-kaufen-1.png","datePublished":"2018-01-19T14:47:49+00:00","dateModified":"2026-04-17T08:12:09+00:00","description":"Osta t\u00e4ispuhutav jalgpall Soccerdart aadressil dodo-inflatables.com! | \u00d5iglased hinnad | Alati laos | Kiire postitus!","breadcrumb":{"@id":"https:\/\/dodo-inflatables.com\/et\/toode\/jalgpall-dart\/#breadcrumb"},"inLanguage":"et","potentialAction":[{"@type":"ReadAction","target":["https:\/\/dodo-inflatables.com\/et\/toode\/jalgpall-dart\/"]}]},{"@type":"ImageObject","inLanguage":"et","@id":"https:\/\/dodo-inflatables.com\/et\/toode\/jalgpall-dart\/#primaryimage","url":"https:\/\/dodo-inflatables.com\/wp-content\/uploads\/2018\/01\/fussball-dart-neu-kaufen-1.png","contentUrl":"https:\/\/dodo-inflatables.com\/wp-content\/uploads\/2018\/01\/fussball-dart-neu-kaufen-1.png","width":500,"height":500},{"@type":"BreadcrumbList","@id":"https:\/\/dodo-inflatables.com\/et\/toode\/jalgpall-dart\/#breadcrumb","itemListElement":[{"@type":"ListItem","position":1,"name":"Home","item":"https:\/\/dodo-inflatables.com\/et\/"},{"@type":"ListItem","position":2,"name":"Kauplus","item":"https:\/\/dodo-inflatables.com\/et\/kauplus\/"},{"@type":"ListItem","position":3,"name":"Jalgpall Dart"}]},{"@type":"WebSite","@id":"https:\/\/dodo-inflatables.com\/et\/#website","url":"https:\/\/dodo-inflatables.com\/et\/","name":"dodo-inflatables.com","description":"Ostke meie poest h\u00fcppelossi ja atraktsioone.","potentialAction":[{"@type":"SearchAction","target":{"@type":"EntryPoint","urlTemplate":"https:\/\/dodo-inflatables.com\/et\/?s={search_term_string}"},"query-input":{"@type":"PropertyValueSpecification","valueRequired":true,"valueName":"search_term_string"}}],"inLanguage":"et"}]}},"uagb_featured_image_src":{"full":["https:\/\/dodo-inflatables.com\/wp-content\/uploads\/2018\/01\/fussball-dart-neu-kaufen-1.png",500,500,false],"thumbnail":["https:\/\/dodo-inflatables.com\/wp-content\/uploads\/2018\/01\/fussball-dart-neu-kaufen-1-150x150.png",150,150,true],"medium":["https:\/\/dodo-inflatables.com\/wp-content\/uploads\/2018\/01\/fussball-dart-neu-kaufen-1-300x300.png",300,300,true],"medium_large":["https:\/\/dodo-inflatables.com\/wp-content\/uploads\/2018\/01\/fussball-dart-neu-kaufen-1.png",500,500,false],"large":["https:\/\/dodo-inflatables.com\/wp-content\/uploads\/2018\/01\/fussball-dart-neu-kaufen-1.png",500,500,false],"1536x1536":["https:\/\/dodo-inflatables.com\/wp-content\/uploads\/2018\/01\/fussball-dart-neu-kaufen-1.png",500,500,false],"2048x2048":["https:\/\/dodo-inflatables.com\/wp-content\/uploads\/2018\/01\/fussball-dart-neu-kaufen-1.png",500,500,false],"woocommerce_thumbnail":["https:\/\/dodo-inflatables.com\/wp-content\/uploads\/2018\/01\/fussball-dart-neu-kaufen-1.png",500,500,false],"woocommerce_single":["https:\/\/dodo-inflatables.com\/wp-content\/uploads\/2018\/01\/fussball-dart-neu-kaufen-1.png",500,500,false],"woocommerce_gallery_thumbnail":["https:\/\/dodo-inflatables.com\/wp-content\/uploads\/2018\/01\/fussball-dart-neu-kaufen-1-100x100.png",100,100,true]},"uagb_author_info":{"display_name":"Andreas","author_link":"https:\/\/dodo-inflatables.com\/et\/author\/"},"uagb_comment_info":0,"uagb_excerpt":"M\u00f5\u00f5tmed (pikkus x laius x k\u00f5rgus): 4,50 m x 6,20 m x 4,50 m * Sisaldab kolm jalapalli koos Velcro-kattega, vahetatav Velcro Dartboard Professional moodul - sobib \u00e4ri- ja erakasutuseks. PVC (0,55 mm \/ 621,3 g\/m2 ) ja Velcro. 2 - 4-kordne \u00f5mblus (s\u00f5ltuvalt koormusest) Tulekindlad Kaasa arvatud. individuaalne seerianumber","_links":{"self":[{"href":"https:\/\/dodo-inflatables.com\/et\/wp-json\/wp\/v2\/product\/19332","targetHints":{"allow":["GET"]}}],"collection":[{"href":"https:\/\/dodo-inflatables.com\/et\/wp-json\/wp\/v2\/product"}],"about":[{"href":"https:\/\/dodo-inflatables.com\/et\/wp-json\/wp\/v2\/types\/product"}],"replies":[{"embeddable":true,"href":"https:\/\/dodo-inflatables.com\/et\/wp-json\/wp\/v2\/comments?post=19332"}],"wp:featuredmedia":[{"embeddable":true,"href":"https:\/\/dodo-inflatables.com\/et\/wp-json\/wp\/v2\/media\/19338"}],"wp:attachment":[{"href":"https:\/\/dodo-inflatables.com\/et\/wp-json\/wp\/v2\/media?parent=19332"}],"wp:term":[{"taxonomy":"product_brand","embeddable":true,"href":"https:\/\/dodo-inflatables.com\/et\/wp-json\/wp\/v2\/product_brand?post=19332"},{"taxonomy":"product_cat","embeddable":true,"href":"https:\/\/dodo-inflatables.com\/et\/wp-json\/wp\/v2\/product_cat?post=19332"},{"taxonomy":"product_tag","embeddable":true,"href":"https:\/\/dodo-inflatables.com\/et\/wp-json\/wp\/v2\/product_tag?post=19332"}],"curies":[{"name":"wp","href":"https:\/\/api.w.org\/{rel}","templated":true}]}}