{"id":19425,"date":"2020-04-15T10:58:51","date_gmt":"2020-04-15T08:58:51","guid":{"rendered":"https:\/\/dodo-inflatables.com\/product\/huppelinnus-ruutli-loss-koos-liuguriga\/"},"modified":"2026-04-17T10:12:32","modified_gmt":"2026-04-17T08:12:32","slug":"huppelinnus-ruutli-loss-koos-liuguriga","status":"publish","type":"product","link":"https:\/\/dodo-inflatables.com\/et\/toode\/huppelinnus-ruutli-loss-koos-liuguriga\/","title":{"rendered":"H\u00fcppelinnus R\u00fc\u00fctli loss koos liuguriga"},"content":{"rendered":"<h2>Osta Knights Castle h\u00fcppelinnus koos slaidiga<\/h2>\n<p>See h\u00fcppelinnus on juba ainu\u00fcksi oma k\u00f5rguse t\u00f5ttu absoluutne pilkup\u00fc\u00fcdja. Milline v\u00e4ike laps ei tahaks olla selle tohutu unistuste lossi isand? Armastuslik kujundus ja lahingum\u00fc\u00fcride kinnitamine t\u00e4iendab disaini ja muudab selle ainulaadsete detailide poolest ainulaadseks. H\u00fcppelinnuse ja lium\u00e4e kombinatsioon on siin eriti atraktiivne, sest lium\u00e4gi algab ja l\u00f5peb h\u00fcppelinnuse sees. V\u00e4ikesed k\u00fclalised ei pea lossist lahkuma, hoides mooduli puhtana. Katus lium\u00e4e kohal ja turvav\u00f5rgud k\u00f5igi avade juures muudavad h\u00fcppelinnaku v\u00e4ga ohutuks k\u00f5ikidel kasutusaladel.<\/p>\n<p>Knights Castle Bouncy Castle koos liuguriga on varustatud sobiva transpordikotiga ja seda saab h\u00f5lpsasti \u00fcles seada umbes 10 minutiga. Pakett sisaldab h\u00fcppelinnakut, transpordikotti ja remondikomplekti. Pange t\u00e4hele, et puhur ja maapealne lina ei kuulu komplekti. Leiad need meie <a href=\"https:\/\/dodo-inflatables.com\/product-category\/accessories\/\">tarvikute kategooriast<\/a>. M\u00f5lemad pakutavad puhurid<a href=\"https:\/\/dodo-inflatables.com\/product\/huawei-blower\/\">(Huawei<\/a> ja <a href=\"https:\/\/dodo-inflatables.com\/product\/gibbons-blower\/\">Gibbons<\/a>) sobivad h\u00fcppelinnuse jaoks.<\/p>\n<p>Vastupidavast PVC-plaadist (0,55 mm \/ 621,3 g\/m2) valmistatud ja DIN EN 14960 kohaselt sertifitseeritud Knights Castle Bouncy Castle koos lium\u00e4ega on kvaliteetne toode, mis vastab k\u00f5rgeimatele ohutusstandarditele.<\/p>\n<p>Palun kasutage h\u00fcppelinnakut ainult sobival <a href=\"https:\/\/dodo-inflatables.com\/product\/ground-sheet-5-x-6-m\/\">alusplaadil<\/a>, et kaitsta seda maapinnal olevate teravate esemete ja h\u00f5\u00f5rdumise eest. Soovitame h\u00fcppelinnakut p\u00fcstitada muruplatsile ja kinnitada see meie <a href=\"https:\/\/dodo-inflatables.com\/product\/ground-pegs-bouncy-castle\/\">maa-ankritega<\/a>, et tagada maksimaalne ohutus. P\u00e4rast iga kasutamist tuleb h\u00fcppelinnus kuivatada ja korralikult pakendada, et kaitsta seda v\u00e4lism\u00f5jude ja transpordikahjustuste eest.<\/p>\n<h3><strong>R\u00fc\u00fctlir\u00fc\u00fctli lossi h\u00fcppelinnuse \u00fcksikasjad koos liuguriga<\/strong><\/h3>\n<ul>\n<li>M\u00f5\u00f5tmed (pikkus x laius x k\u00f5rgus): 6,00 m x 5,50 m x 6,10 m *<\/li>\n<li>H\u00fcppeala (pikkus x laius): 4,20 x 3,50 m *<\/li>\n<li>Slaidi k\u00f5rgus: 1,40 m pluss 60 cm p\u00f5randak\u00f5rgus *<\/li>\n<li>Kaal: umbes. 180 kg *<\/li>\n<li>Pakendi suurus: 100 x 100 x 120 cm *<\/li>\n<li>Seadistamisaeg: 10 minutit<\/li>\n<li>Materjal: PVC (0,55 mm \/ 621,3 g\/m2): PVC (0,55 mm \/ 621,3 g\/m2)<\/li>\n<li>2-4 korda \u00f5mmeldud (s\u00f5ltuvalt kasutusest)<\/li>\n<li>Tulekindlad<\/li>\n<li>Vastavussertifikaat vastavalt standardile EN 14960<\/li>\n<li>P\u00f5rgutav pind kaitsvate triipudega, t\u00f5mblukk koos velcro-kattega, nurgad tugevdatud<\/li>\n<\/ul>\n<p>Komplektis on: h\u00fcppelinnus, transpordikott ja remondikomplekt.<\/p>\n<p>Knights Castle Bouncy Castle koos lium\u00e4ega on professionaalne moodul, mis on valmistatud ja testitud vastavalt DIN EN 14960 rangetele suunistele, mis t\u00e4hendab, et see on turvaline ja usaldusv\u00e4\u00e4rne. Seet\u00f5ttu sobib Knights Castle Bouncy Castle koos liuguriga suurep\u00e4raselt professionaalseks rendiks. Palun pange t\u00e4hele, et h\u00fcppelinnakusse on lubatud ainult lapsed, t\u00e4iskasvanuid ei lubata!<\/p>\n<p>Pange t\u00e4hele, et puhur (ei kuulu komplekti) peab kasutamise ajal pidevalt t\u00f6\u00f6tama ja et h\u00fcppelinnuse l\u00f5hkemise v\u00e4ltimiseks on vaja v\u00e4ikest \u00f5huv\u00e4ljap\u00e4\u00e4su aukude kaudu.<\/p>\n<p>Hangi n\u00fc\u00fcd Knights Castle Bouncy Castle koos lium\u00e4ega ja koge unustamatuid hetki t\u00e4is l\u00f5bu ja seiklusi!<\/p>\n<p>* Kaal ja m\u00f5\u00f5tmed on ligikaudsed ja v\u00f5ivad veidi erineda.<\/p>\n","protected":false},"excerpt":{"rendered":"<p><i class=\"fa fa-arrows-alt\"><\/i>  M\u00f5\u00f5tmed (pikkus x laius x k\u00f5rgus): 6,00 m x 5,50 m x 6,10 m *<br \/>\n<i class=\"fa fa-child\"><\/i>  Sobib umbes. 12 last (s\u00f5ltuvalt vanusest ja suurusest)<br \/>\n<i class=\"fa fa-check\"><\/i>  Professionaalne moodul &#8211; sobib \u00e4ri- ja erakasutamiseks<\/p>\n<p><i class=\"fa fa-square\"><\/i>  PVC (0,55 mm \/ 621,3 g\/m2 )<br \/>\n<i class=\"fa fa-align-justify\"><\/i>  2-4 korda \u00f5mmeldud (s\u00f5ltuvalt koormusest)<br \/>\n<i class=\"fa fa-fire\"><\/i>  Tulekindlad<br \/>\n<i class=\"fa fa-certificate\"><\/i>  T\u00fc\u00fcbikinnitustunnistus vastavalt standardile EN 14960<br \/>\n<i class=\"fas fa-edit\"><\/i>  Sisaldab individuaalset seerianumbrit<\/p>\n","protected":false},"featured_media":66652,"comment_status":"open","ping_status":"closed","template":"","meta":{"_acf_changed":false,"_uag_custom_page_level_css":"","site-sidebar-layout":"default","site-content-layout":"boxed-container","ast-site-content-layout":"normal-width-container","site-content-style":"boxed","site-sidebar-style":"boxed","ast-global-header-display":"","ast-banner-title-visibility":"","ast-main-header-display":"","ast-hfb-above-header-display":"","ast-hfb-below-header-display":"","ast-hfb-mobile-header-display":"","site-post-title":"disabled","ast-breadcrumbs-content":"","ast-featured-img":"","footer-sml-layout":"","ast-disable-related-posts":"","theme-transparent-header-meta":"default","adv-header-id-meta":"","stick-header-meta":"default","header-above-stick-meta":"","header-main-stick-meta":"","header-below-stick-meta":"","astra-migrate-meta-layouts":"default","ast-page-background-enabled":"default","ast-page-background-meta":{"desktop":{"background-color":"var(--ast-global-color-4)","background-image":"","background-repeat":"repeat","background-position":"center center","background-size":"auto","background-attachment":"scroll","background-type":"","background-media":"","overlay-type":"","overlay-color":"","overlay-opacity":"","overlay-gradient":""},"tablet":{"background-color":"","background-image":"","background-repeat":"repeat","background-position":"center center","background-size":"auto","background-attachment":"scroll","background-type":"","background-media":"","overlay-type":"","overlay-color":"","overlay-opacity":"","overlay-gradient":""},"mobile":{"background-color":"","background-image":"","background-repeat":"repeat","background-position":"center center","background-size":"auto","background-attachment":"scroll","background-type":"","background-media":"","overlay-type":"","overlay-color":"","overlay-opacity":"","overlay-gradient":""}},"ast-content-background-meta":{"desktop":{"background-color":"var(--ast-global-color-5)","background-image":"","background-repeat":"repeat","background-position":"center center","background-size":"auto","background-attachment":"scroll","background-type":"","background-media":"","overlay-type":"","overlay-color":"","overlay-opacity":"","overlay-gradient":""},"tablet":{"background-color":"var(--ast-global-color-5)","background-image":"","background-repeat":"repeat","background-position":"center center","background-size":"auto","background-attachment":"scroll","background-type":"","background-media":"","overlay-type":"","overlay-color":"","overlay-opacity":"","overlay-gradient":""},"mobile":{"background-color":"var(--ast-global-color-5)","background-image":"","background-repeat":"repeat","background-position":"center center","background-size":"auto","background-attachment":"scroll","background-type":"","background-media":"","overlay-type":"","overlay-color":"","overlay-opacity":"","overlay-gradient":""}}},"product_brand":[],"product_cat":[6874,6891,6925,6959,6976],"product_tag":[7173,7177,7226],"class_list":{"0":"post-19425","1":"product","2":"type-product","3":"status-publish","4":"has-post-thumbnail","6":"product_cat-koik-batuudid","7":"product_cat-suured-batuudid-paljudele-lastele","8":"product_cat-batuudid-poistele-ja-tudrukutele","9":"product_cat-batuudid-liumaega","10":"product_cat-batuudid-liumaega-2","11":"product_tag-geblase-2ps","12":"product_tag-mit-rutsche","13":"product_tag-tuv","14":"product_shipping_class-spedition-hupfburg-et","15":"pa_gtin-0664965405814-et","16":"pa_height-of-the-slide-160-m-200-m-et","17":"pa_length-560-m-600-m-et","18":"pa_type-of-bouncy-castle-bouncy-castle-with-slide-et","19":"pa_width-510-m-550-m-et","20":"desktop-align-center","21":"tablet-align-center","22":"mobile-align-center","23":"ast-product-gallery-layout-horizontal","24":"ast-product-tabs-layout-horizontal","26":"first","27":"instock","28":"taxable","29":"shipping-taxable","30":"purchasable","31":"product-type-simple"},"acf":[],"yoast_head":"<!-- This site is optimized with the Yoast SEO plugin v27.5 - https:\/\/yoast.com\/product\/yoast-seo-wordpress\/ -->\n<title>R\u00fc\u00fctli loss h\u00fcppelinnus koos liuguriga | Dodo-Inflatables.com<\/title>\n<meta name=\"description\" content=\"Osta meie Knights Castle h\u00fcppelinnak koos liuguriga online dodo-inflatables | Lai valik laos | Sertifitseeritud vastavalt EN14960 | \u00d5iglased hinnad.\" \/>\n<meta name=\"robots\" content=\"index, follow, max-snippet:-1, max-image-preview:large, max-video-preview:-1\" \/>\n<link rel=\"canonical\" href=\"https:\/\/dodo-inflatables.com\/et\/toode\/huppelinnus-ruutli-loss-koos-liuguriga\/\" \/>\n<meta name=\"twitter:label1\" content=\"Est. reading time\" \/>\n\t<meta name=\"twitter:data1\" content=\"2 minutit\" \/>\n<script type=\"application\/ld+json\" class=\"yoast-schema-graph\">{\"@context\":\"https:\\\/\\\/schema.org\",\"@graph\":[{\"@type\":\"WebPage\",\"@id\":\"https:\\\/\\\/dodo-inflatables.com\\\/et\\\/toode\\\/huppelinnus-ruutli-loss-koos-liuguriga\\\/\",\"url\":\"https:\\\/\\\/dodo-inflatables.com\\\/et\\\/toode\\\/huppelinnus-ruutli-loss-koos-liuguriga\\\/\",\"name\":\"R\u00fc\u00fctli loss h\u00fcppelinnus koos liuguriga | Dodo-Inflatables.com\",\"isPartOf\":{\"@id\":\"https:\\\/\\\/dodo-inflatables.com\\\/et\\\/#website\"},\"primaryImageOfPage\":{\"@id\":\"https:\\\/\\\/dodo-inflatables.com\\\/et\\\/toode\\\/huppelinnus-ruutli-loss-koos-liuguriga\\\/#primaryimage\"},\"image\":{\"@id\":\"https:\\\/\\\/dodo-inflatables.com\\\/et\\\/toode\\\/huppelinnus-ruutli-loss-koos-liuguriga\\\/#primaryimage\"},\"thumbnailUrl\":\"https:\\\/\\\/dodo-inflatables.com\\\/wp-content\\\/uploads\\\/2020\\\/04\\\/Bouncy-Castle-Knights-Castle-with-Slide-2.jpg\",\"datePublished\":\"2020-04-15T08:58:51+00:00\",\"dateModified\":\"2026-04-17T08:12:32+00:00\",\"description\":\"Osta meie Knights Castle h\u00fcppelinnak koos liuguriga online dodo-inflatables | Lai valik laos | Sertifitseeritud vastavalt EN14960 | \u00d5iglased hinnad.\",\"breadcrumb\":{\"@id\":\"https:\\\/\\\/dodo-inflatables.com\\\/et\\\/toode\\\/huppelinnus-ruutli-loss-koos-liuguriga\\\/#breadcrumb\"},\"inLanguage\":\"et\",\"potentialAction\":[{\"@type\":\"ReadAction\",\"target\":[\"https:\\\/\\\/dodo-inflatables.com\\\/et\\\/toode\\\/huppelinnus-ruutli-loss-koos-liuguriga\\\/\"]}]},{\"@type\":\"ImageObject\",\"inLanguage\":\"et\",\"@id\":\"https:\\\/\\\/dodo-inflatables.com\\\/et\\\/toode\\\/huppelinnus-ruutli-loss-koos-liuguriga\\\/#primaryimage\",\"url\":\"https:\\\/\\\/dodo-inflatables.com\\\/wp-content\\\/uploads\\\/2020\\\/04\\\/Bouncy-Castle-Knights-Castle-with-Slide-2.jpg\",\"contentUrl\":\"https:\\\/\\\/dodo-inflatables.com\\\/wp-content\\\/uploads\\\/2020\\\/04\\\/Bouncy-Castle-Knights-Castle-with-Slide-2.jpg\",\"width\":1000,\"height\":1000},{\"@type\":\"BreadcrumbList\",\"@id\":\"https:\\\/\\\/dodo-inflatables.com\\\/et\\\/toode\\\/huppelinnus-ruutli-loss-koos-liuguriga\\\/#breadcrumb\",\"itemListElement\":[{\"@type\":\"ListItem\",\"position\":1,\"name\":\"Home\",\"item\":\"https:\\\/\\\/dodo-inflatables.com\\\/et\\\/\"},{\"@type\":\"ListItem\",\"position\":2,\"name\":\"Kauplus\",\"item\":\"https:\\\/\\\/dodo-inflatables.com\\\/et\\\/kauplus\\\/\"},{\"@type\":\"ListItem\",\"position\":3,\"name\":\"H\u00fcppelinnus R\u00fc\u00fctli loss koos liuguriga\"}]},{\"@type\":\"WebSite\",\"@id\":\"https:\\\/\\\/dodo-inflatables.com\\\/et\\\/#website\",\"url\":\"https:\\\/\\\/dodo-inflatables.com\\\/et\\\/\",\"name\":\"dodo-inflatables.com\",\"description\":\"Ostke meie poest h\u00fcppelossi ja atraktsioone.\",\"potentialAction\":[{\"@type\":\"SearchAction\",\"target\":{\"@type\":\"EntryPoint\",\"urlTemplate\":\"https:\\\/\\\/dodo-inflatables.com\\\/et\\\/?s={search_term_string}\"},\"query-input\":{\"@type\":\"PropertyValueSpecification\",\"valueRequired\":true,\"valueName\":\"search_term_string\"}}],\"inLanguage\":\"et\"}]}<\/script>\n<!-- \/ Yoast SEO plugin. -->","yoast_head_json":{"title":"R\u00fc\u00fctli loss h\u00fcppelinnus koos liuguriga | Dodo-Inflatables.com","description":"Osta meie Knights Castle h\u00fcppelinnak koos liuguriga online dodo-inflatables | Lai valik laos | Sertifitseeritud vastavalt EN14960 | \u00d5iglased hinnad.","robots":{"index":"index","follow":"follow","max-snippet":"max-snippet:-1","max-image-preview":"max-image-preview:large","max-video-preview":"max-video-preview:-1"},"canonical":"https:\/\/dodo-inflatables.com\/et\/toode\/huppelinnus-ruutli-loss-koos-liuguriga\/","twitter_misc":{"Est. reading time":"2 minutit"},"schema":{"@context":"https:\/\/schema.org","@graph":[{"@type":"WebPage","@id":"https:\/\/dodo-inflatables.com\/et\/toode\/huppelinnus-ruutli-loss-koos-liuguriga\/","url":"https:\/\/dodo-inflatables.com\/et\/toode\/huppelinnus-ruutli-loss-koos-liuguriga\/","name":"R\u00fc\u00fctli loss h\u00fcppelinnus koos liuguriga | Dodo-Inflatables.com","isPartOf":{"@id":"https:\/\/dodo-inflatables.com\/et\/#website"},"primaryImageOfPage":{"@id":"https:\/\/dodo-inflatables.com\/et\/toode\/huppelinnus-ruutli-loss-koos-liuguriga\/#primaryimage"},"image":{"@id":"https:\/\/dodo-inflatables.com\/et\/toode\/huppelinnus-ruutli-loss-koos-liuguriga\/#primaryimage"},"thumbnailUrl":"https:\/\/dodo-inflatables.com\/wp-content\/uploads\/2020\/04\/Bouncy-Castle-Knights-Castle-with-Slide-2.jpg","datePublished":"2020-04-15T08:58:51+00:00","dateModified":"2026-04-17T08:12:32+00:00","description":"Osta meie Knights Castle h\u00fcppelinnak koos liuguriga online dodo-inflatables | Lai valik laos | Sertifitseeritud vastavalt EN14960 | \u00d5iglased hinnad.","breadcrumb":{"@id":"https:\/\/dodo-inflatables.com\/et\/toode\/huppelinnus-ruutli-loss-koos-liuguriga\/#breadcrumb"},"inLanguage":"et","potentialAction":[{"@type":"ReadAction","target":["https:\/\/dodo-inflatables.com\/et\/toode\/huppelinnus-ruutli-loss-koos-liuguriga\/"]}]},{"@type":"ImageObject","inLanguage":"et","@id":"https:\/\/dodo-inflatables.com\/et\/toode\/huppelinnus-ruutli-loss-koos-liuguriga\/#primaryimage","url":"https:\/\/dodo-inflatables.com\/wp-content\/uploads\/2020\/04\/Bouncy-Castle-Knights-Castle-with-Slide-2.jpg","contentUrl":"https:\/\/dodo-inflatables.com\/wp-content\/uploads\/2020\/04\/Bouncy-Castle-Knights-Castle-with-Slide-2.jpg","width":1000,"height":1000},{"@type":"BreadcrumbList","@id":"https:\/\/dodo-inflatables.com\/et\/toode\/huppelinnus-ruutli-loss-koos-liuguriga\/#breadcrumb","itemListElement":[{"@type":"ListItem","position":1,"name":"Home","item":"https:\/\/dodo-inflatables.com\/et\/"},{"@type":"ListItem","position":2,"name":"Kauplus","item":"https:\/\/dodo-inflatables.com\/et\/kauplus\/"},{"@type":"ListItem","position":3,"name":"H\u00fcppelinnus R\u00fc\u00fctli loss koos liuguriga"}]},{"@type":"WebSite","@id":"https:\/\/dodo-inflatables.com\/et\/#website","url":"https:\/\/dodo-inflatables.com\/et\/","name":"dodo-inflatables.com","description":"Ostke meie poest h\u00fcppelossi ja atraktsioone.","potentialAction":[{"@type":"SearchAction","target":{"@type":"EntryPoint","urlTemplate":"https:\/\/dodo-inflatables.com\/et\/?s={search_term_string}"},"query-input":{"@type":"PropertyValueSpecification","valueRequired":true,"valueName":"search_term_string"}}],"inLanguage":"et"}]}},"uagb_featured_image_src":{"full":["https:\/\/dodo-inflatables.com\/wp-content\/uploads\/2020\/04\/Bouncy-Castle-Knights-Castle-with-Slide-2.jpg",1000,1000,false],"thumbnail":["https:\/\/dodo-inflatables.com\/wp-content\/uploads\/2020\/04\/Bouncy-Castle-Knights-Castle-with-Slide-2-150x150.jpg",150,150,true],"medium":["https:\/\/dodo-inflatables.com\/wp-content\/uploads\/2020\/04\/Bouncy-Castle-Knights-Castle-with-Slide-2-300x300.jpg",300,300,true],"medium_large":["https:\/\/dodo-inflatables.com\/wp-content\/uploads\/2020\/04\/Bouncy-Castle-Knights-Castle-with-Slide-2-768x768.jpg",768,768,true],"large":["https:\/\/dodo-inflatables.com\/wp-content\/uploads\/2020\/04\/Bouncy-Castle-Knights-Castle-with-Slide-2.jpg",1000,1000,false],"1536x1536":["https:\/\/dodo-inflatables.com\/wp-content\/uploads\/2020\/04\/Bouncy-Castle-Knights-Castle-with-Slide-2.jpg",1000,1000,false],"2048x2048":["https:\/\/dodo-inflatables.com\/wp-content\/uploads\/2020\/04\/Bouncy-Castle-Knights-Castle-with-Slide-2.jpg",1000,1000,false],"woocommerce_thumbnail":["https:\/\/dodo-inflatables.com\/wp-content\/uploads\/2020\/04\/Bouncy-Castle-Knights-Castle-with-Slide-2-900x900.jpg",900,900,true],"woocommerce_single":["https:\/\/dodo-inflatables.com\/wp-content\/uploads\/2020\/04\/Bouncy-Castle-Knights-Castle-with-Slide-2-900x900.jpg",900,900,true],"woocommerce_gallery_thumbnail":["https:\/\/dodo-inflatables.com\/wp-content\/uploads\/2020\/04\/Bouncy-Castle-Knights-Castle-with-Slide-2-100x100.jpg",100,100,true]},"uagb_author_info":{"display_name":"Andreas","author_link":"https:\/\/dodo-inflatables.com\/et\/author\/"},"uagb_comment_info":0,"uagb_excerpt":"M\u00f5\u00f5tmed (pikkus x laius x k\u00f5rgus): 6,00 m x 5,50 m x 6,10 m * Sobib umbes. 12 last (s\u00f5ltuvalt vanusest ja suurusest) Professionaalne moodul - sobib \u00e4ri- ja erakasutamiseks PVC (0,55 mm \/ 621,3 g\/m2 ) 2-4 korda \u00f5mmeldud (s\u00f5ltuvalt koormusest) Tulekindlad T\u00fc\u00fcbikinnitustunnistus vastavalt standardile EN 14960 Sisaldab individuaalset seerianumbrit","_links":{"self":[{"href":"https:\/\/dodo-inflatables.com\/et\/wp-json\/wp\/v2\/product\/19425","targetHints":{"allow":["GET"]}}],"collection":[{"href":"https:\/\/dodo-inflatables.com\/et\/wp-json\/wp\/v2\/product"}],"about":[{"href":"https:\/\/dodo-inflatables.com\/et\/wp-json\/wp\/v2\/types\/product"}],"replies":[{"embeddable":true,"href":"https:\/\/dodo-inflatables.com\/et\/wp-json\/wp\/v2\/comments?post=19425"}],"wp:featuredmedia":[{"embeddable":true,"href":"https:\/\/dodo-inflatables.com\/et\/wp-json\/wp\/v2\/media\/66652"}],"wp:attachment":[{"href":"https:\/\/dodo-inflatables.com\/et\/wp-json\/wp\/v2\/media?parent=19425"}],"wp:term":[{"taxonomy":"product_brand","embeddable":true,"href":"https:\/\/dodo-inflatables.com\/et\/wp-json\/wp\/v2\/product_brand?post=19425"},{"taxonomy":"product_cat","embeddable":true,"href":"https:\/\/dodo-inflatables.com\/et\/wp-json\/wp\/v2\/product_cat?post=19425"},{"taxonomy":"product_tag","embeddable":true,"href":"https:\/\/dodo-inflatables.com\/et\/wp-json\/wp\/v2\/product_tag?post=19425"}],"curies":[{"name":"wp","href":"https:\/\/api.w.org\/{rel}","templated":true}]}}