{"id":19525,"date":"2021-04-14T14:59:50","date_gmt":"2021-04-14T12:59:50","guid":{"rendered":"https:\/\/dodo-inflatables.com\/product\/huppelinnuse-desinfitseerimisvahend\/"},"modified":"2026-04-23T19:31:17","modified_gmt":"2026-04-23T17:31:17","slug":"huppelinnuse-desinfitseerimisvahend","status":"publish","type":"product","link":"https:\/\/dodo-inflatables.com\/et\/toode\/huppelinnuse-desinfitseerimisvahend\/","title":{"rendered":"T\u00e4ispuhutavate batuutide desinfektsioonivahend (12 x 500 ml)"},"content":{"rendered":"<h1>Osta t\u00e4ispuhutavate batuutide desinfektsioonivahend<\/h1>\n<p class=\"p1\">Meie desinfektsioonivahend sobib t\u00e4ispuhutavate batuutide ja muu t\u00e4ispuhutava m\u00e4nguvarustuse h\u00fcgieeniliseks puhastamiseks.<br \/>\nT\u00e4nu aktiivsetele koostisosadele on see t\u00f5hus bakterit\u00fcvede ning <span class=\"s1\"><b>\u00fcmbrikuviirusite (sealhulgas SARS-CoV-2)<\/b><\/span> vastu ja on spetsiaalselt v\u00e4lja t\u00f6\u00f6tatud tundlikele pindadele.<\/p>\n<p class=\"p3\"><b>\u00d5rn materjalidele ja alkoholivaba:<br \/>\n<\/b>See desinfektsioonivahend ei sisalda alkoholi ja on seet\u00f5ttu ohutu kasutamiseks t\u00e4ispuhutavate batuutide, liugradade ja t\u00e4ispuhutavate \u00fcritusemoodulite pindadel.<br \/>\nSee ei ole s\u00f6\u00f6vitav ja on biolagunevav.<\/p>\n<p class=\"p3\"><b>Kasutamisvalmis ja kasutajas\u00f5bralik:<br \/>\n<\/b>Desinfektsioonivahend tarnitakse juba segatud kujul ja seda saab kohe kasutada.<br \/>\nPraktiline pihustuspudel v\u00f5imaldab lihtsat ja \u00fchtlast pealekandmist.<\/p>\n<p class=\"p3\"><b>Sobib rendifirmadele ja operaatoritele:<br \/>\n<\/b>Eriti kaubanduslikus kasutuses pakub see desinfektsioonivahend t\u00e4iendavat h\u00fcgieeni rentimiste vahel ja aitab tagada, et t\u00e4ispuhutavad batuudid antakse j\u00e4rgmisele kliendile \u00fcle puhtana ja h\u00e4sti hooldatuna.<\/p>\n<p>&nbsp;<\/p>\n<h3><strong>Kasutamine<\/strong><\/h3>\n<ol>\n<li>\n<p class=\"p1\">Enne kasutamist eemaldage j\u00e4me mustus t\u00e4ispuhutava batuudi seest ja \u00fcmbert.<\/p>\n<\/li>\n<li>\n<p class=\"p1\">Pihustage desinfitseeritav ala v\u00f5i kandke k\u00e4sna v\u00f5i lapiga \u00fchtlaselt, kuni pind on t\u00e4ielikult kaetud.<\/p>\n<\/li>\n<li>\n<p class=\"p1\">Laske l\u00fchikest aega toimida ja seej\u00e4rel p\u00fchkige \u00f5rnalt puhta lapiga \u00fcle (\u00e4rge h\u00f5\u00f5ruge kuivaks).<\/p>\n<\/li>\n<li>\n<p class=\"p1\">P\u00e4rast ligikaudu <span class=\"s1\"><b>15-minutilist kontaktiaega<\/b><\/span> saavutatakse t\u00e4ielik t\u00f5husus.<\/p>\n<\/li>\n<\/ol>\n<h4><b>Toimeaine ja heakskiit<\/b><\/h4>\n<p class=\"p3\">Toimeaine: 100 g lahjendamata tootest sisaldab j\u00e4rgmist biotsiidset toimeainet:<br \/>\n<b>Bens\u00fc\u00fcl-C12-16-alk\u00fc\u00fcldimet\u00fc\u00fclkloriidid<\/b><\/p>\n<p class=\"p3\">Heakskiit: Vastab Euroopa biotsiidide direktiivile<br \/>\nBAuA registreerimisnr.: <span class=\"s2\"><b>N-31951<\/b><\/span><\/p>\n<p>&nbsp;<\/p>\n<h4><b>Testid ja standardid<\/b><\/h4>\n<p class=\"p3\">Testitud vastavalt muuhulgas: AMS 1550B, Boeing D6-17487, D6-7127, Airbus ja McDonnell Douglase spetsifikatsioonid, ASTM F 487, LH spetsifikatsioon, Boeing BSS 7434 (testimisel), AMS 1452C (testimisel), testitud vastavalt DGHM juhenditele<\/p>\n<p><strong>Kasutage desinfektsioonivahendeid ettevaatlikult. Lugege alati enne kasutamist etikett ja tooteteave l\u00e4bi.<\/strong><\/p>\n","protected":false},"excerpt":{"rendered":"<ul>\n<li>T\u00e4ispuhutavate batuutide desinfektsioonivahend<\/li>\n<li>12 x 500 ml pudelit<\/li>\n<li>Eelsegatud ja kasutamisvalmis<\/li>\n<li>1 liiter = 11,66 \u20ac<\/li>\n<\/ul>\n","protected":false},"featured_media":19528,"comment_status":"open","ping_status":"closed","template":"","meta":{"_acf_changed":false,"_uag_custom_page_level_css":"","site-sidebar-layout":"default","site-content-layout":"boxed-container","ast-site-content-layout":"normal-width-container","site-content-style":"boxed","site-sidebar-style":"boxed","ast-global-header-display":"","ast-banner-title-visibility":"","ast-main-header-display":"","ast-hfb-above-header-display":"","ast-hfb-below-header-display":"","ast-hfb-mobile-header-display":"","site-post-title":"disabled","ast-breadcrumbs-content":"","ast-featured-img":"","footer-sml-layout":"","ast-disable-related-posts":"","theme-transparent-header-meta":"default","adv-header-id-meta":"","stick-header-meta":"default","header-above-stick-meta":"","header-main-stick-meta":"","header-below-stick-meta":"","astra-migrate-meta-layouts":"default","ast-page-background-enabled":"default","ast-page-background-meta":{"desktop":{"background-color":"var(--ast-global-color-4)","background-image":"","background-repeat":"repeat","background-position":"center center","background-size":"auto","background-attachment":"scroll","background-type":"","background-media":"","overlay-type":"","overlay-color":"","overlay-opacity":"","overlay-gradient":""},"tablet":{"background-color":"","background-image":"","background-repeat":"repeat","background-position":"center center","background-size":"auto","background-attachment":"scroll","background-type":"","background-media":"","overlay-type":"","overlay-color":"","overlay-opacity":"","overlay-gradient":""},"mobile":{"background-color":"","background-image":"","background-repeat":"repeat","background-position":"center center","background-size":"auto","background-attachment":"scroll","background-type":"","background-media":"","overlay-type":"","overlay-color":"","overlay-opacity":"","overlay-gradient":""}},"ast-content-background-meta":{"desktop":{"background-color":"var(--ast-global-color-5)","background-image":"","background-repeat":"repeat","background-position":"center center","background-size":"auto","background-attachment":"scroll","background-type":"","background-media":"","overlay-type":"","overlay-color":"","overlay-opacity":"","overlay-gradient":""},"tablet":{"background-color":"var(--ast-global-color-5)","background-image":"","background-repeat":"repeat","background-position":"center center","background-size":"auto","background-attachment":"scroll","background-type":"","background-media":"","overlay-type":"","overlay-color":"","overlay-opacity":"","overlay-gradient":""},"mobile":{"background-color":"var(--ast-global-color-5)","background-image":"","background-repeat":"repeat","background-position":"center center","background-size":"auto","background-attachment":"scroll","background-type":"","background-media":"","overlay-type":"","overlay-color":"","overlay-opacity":"","overlay-gradient":""}}},"product_brand":[],"product_cat":[2064],"product_tag":[],"class_list":{"0":"post-19525","1":"product","2":"type-product","3":"status-publish","4":"has-post-thumbnail","6":"product_cat-accessories-et","7":"product_shipping_class-zubehor-et","8":"desktop-align-center","9":"tablet-align-center","10":"mobile-align-center","11":"ast-product-gallery-layout-horizontal","12":"ast-product-gallery-with-no-image","13":"ast-product-tabs-layout-horizontal","15":"first","16":"instock","17":"taxable","18":"shipping-taxable","19":"purchasable","20":"product-type-simple"},"acf":[],"yoast_head":"<!-- This site is optimized with the Yoast SEO plugin v27.5 - https:\/\/yoast.com\/product\/yoast-seo-wordpress\/ -->\n<title>H\u00fcppelinnuse desinfitseerimisvahend | Dodo-Inflatables.com<\/title>\n<meta name=\"description\" content=\"Ostke desinfitseerimisvahendid t\u00e4ispuhutavate puhastamiseks Dodo-Inflatables.com | Suur valik laos | Sertifitseeritud vastavalt EN14960 | Kiire tarne!\" \/>\n<meta name=\"robots\" content=\"index, follow, max-snippet:-1, max-image-preview:large, max-video-preview:-1\" \/>\n<link rel=\"canonical\" href=\"https:\/\/dodo-inflatables.com\/et\/toode\/huppelinnuse-desinfitseerimisvahend\/\" \/>\n<meta name=\"twitter:label1\" content=\"Est. reading time\" \/>\n\t<meta name=\"twitter:data1\" content=\"1 minut\" \/>\n<script type=\"application\/ld+json\" class=\"yoast-schema-graph\">{\"@context\":\"https:\\\/\\\/schema.org\",\"@graph\":[{\"@type\":\"WebPage\",\"@id\":\"https:\\\/\\\/dodo-inflatables.com\\\/et\\\/toode\\\/huppelinnuse-desinfitseerimisvahend\\\/\",\"url\":\"https:\\\/\\\/dodo-inflatables.com\\\/et\\\/toode\\\/huppelinnuse-desinfitseerimisvahend\\\/\",\"name\":\"H\u00fcppelinnuse desinfitseerimisvahend | Dodo-Inflatables.com\",\"isPartOf\":{\"@id\":\"https:\\\/\\\/dodo-inflatables.com\\\/et\\\/#website\"},\"primaryImageOfPage\":{\"@id\":\"https:\\\/\\\/dodo-inflatables.com\\\/et\\\/toode\\\/huppelinnuse-desinfitseerimisvahend\\\/#primaryimage\"},\"image\":{\"@id\":\"https:\\\/\\\/dodo-inflatables.com\\\/et\\\/toode\\\/huppelinnuse-desinfitseerimisvahend\\\/#primaryimage\"},\"thumbnailUrl\":\"https:\\\/\\\/dodo-inflatables.com\\\/wp-content\\\/uploads\\\/2021\\\/04\\\/huepfburg-desinfektionsmittel-kaufen.png\",\"datePublished\":\"2021-04-14T12:59:50+00:00\",\"dateModified\":\"2026-04-23T17:31:17+00:00\",\"description\":\"Ostke desinfitseerimisvahendid t\u00e4ispuhutavate puhastamiseks Dodo-Inflatables.com | Suur valik laos | Sertifitseeritud vastavalt EN14960 | Kiire tarne!\",\"breadcrumb\":{\"@id\":\"https:\\\/\\\/dodo-inflatables.com\\\/et\\\/toode\\\/huppelinnuse-desinfitseerimisvahend\\\/#breadcrumb\"},\"inLanguage\":\"et\",\"potentialAction\":[{\"@type\":\"ReadAction\",\"target\":[\"https:\\\/\\\/dodo-inflatables.com\\\/et\\\/toode\\\/huppelinnuse-desinfitseerimisvahend\\\/\"]}]},{\"@type\":\"ImageObject\",\"inLanguage\":\"et\",\"@id\":\"https:\\\/\\\/dodo-inflatables.com\\\/et\\\/toode\\\/huppelinnuse-desinfitseerimisvahend\\\/#primaryimage\",\"url\":\"https:\\\/\\\/dodo-inflatables.com\\\/wp-content\\\/uploads\\\/2021\\\/04\\\/huepfburg-desinfektionsmittel-kaufen.png\",\"contentUrl\":\"https:\\\/\\\/dodo-inflatables.com\\\/wp-content\\\/uploads\\\/2021\\\/04\\\/huepfburg-desinfektionsmittel-kaufen.png\",\"width\":500,\"height\":500,\"caption\":\"T\u00e4ispuhutavate batuutide desinfektsioonivahend (12 x 500 ml) | Dodo Inflatables\"},{\"@type\":\"BreadcrumbList\",\"@id\":\"https:\\\/\\\/dodo-inflatables.com\\\/et\\\/toode\\\/huppelinnuse-desinfitseerimisvahend\\\/#breadcrumb\",\"itemListElement\":[{\"@type\":\"ListItem\",\"position\":1,\"name\":\"Home\",\"item\":\"https:\\\/\\\/dodo-inflatables.com\\\/et\\\/\"},{\"@type\":\"ListItem\",\"position\":2,\"name\":\"Kauplus\",\"item\":\"https:\\\/\\\/dodo-inflatables.com\\\/et\\\/kauplus\\\/\"},{\"@type\":\"ListItem\",\"position\":3,\"name\":\"H\u00fcppelinnuse desinfitseerimisvahend\"}]},{\"@type\":\"WebSite\",\"@id\":\"https:\\\/\\\/dodo-inflatables.com\\\/et\\\/#website\",\"url\":\"https:\\\/\\\/dodo-inflatables.com\\\/et\\\/\",\"name\":\"dodo-inflatables.com\",\"description\":\"Ostke meie poest h\u00fcppelossi ja atraktsioone.\",\"potentialAction\":[{\"@type\":\"SearchAction\",\"target\":{\"@type\":\"EntryPoint\",\"urlTemplate\":\"https:\\\/\\\/dodo-inflatables.com\\\/et\\\/?s={search_term_string}\"},\"query-input\":{\"@type\":\"PropertyValueSpecification\",\"valueRequired\":true,\"valueName\":\"search_term_string\"}}],\"inLanguage\":\"et\"}]}<\/script>\n<!-- \/ Yoast SEO plugin. -->","yoast_head_json":{"title":"H\u00fcppelinnuse desinfitseerimisvahend | Dodo-Inflatables.com","description":"Ostke desinfitseerimisvahendid t\u00e4ispuhutavate puhastamiseks Dodo-Inflatables.com | Suur valik laos | Sertifitseeritud vastavalt EN14960 | Kiire tarne!","robots":{"index":"index","follow":"follow","max-snippet":"max-snippet:-1","max-image-preview":"max-image-preview:large","max-video-preview":"max-video-preview:-1"},"canonical":"https:\/\/dodo-inflatables.com\/et\/toode\/huppelinnuse-desinfitseerimisvahend\/","twitter_misc":{"Est. reading time":"1 minut"},"schema":{"@context":"https:\/\/schema.org","@graph":[{"@type":"WebPage","@id":"https:\/\/dodo-inflatables.com\/et\/toode\/huppelinnuse-desinfitseerimisvahend\/","url":"https:\/\/dodo-inflatables.com\/et\/toode\/huppelinnuse-desinfitseerimisvahend\/","name":"H\u00fcppelinnuse desinfitseerimisvahend | Dodo-Inflatables.com","isPartOf":{"@id":"https:\/\/dodo-inflatables.com\/et\/#website"},"primaryImageOfPage":{"@id":"https:\/\/dodo-inflatables.com\/et\/toode\/huppelinnuse-desinfitseerimisvahend\/#primaryimage"},"image":{"@id":"https:\/\/dodo-inflatables.com\/et\/toode\/huppelinnuse-desinfitseerimisvahend\/#primaryimage"},"thumbnailUrl":"https:\/\/dodo-inflatables.com\/wp-content\/uploads\/2021\/04\/huepfburg-desinfektionsmittel-kaufen.png","datePublished":"2021-04-14T12:59:50+00:00","dateModified":"2026-04-23T17:31:17+00:00","description":"Ostke desinfitseerimisvahendid t\u00e4ispuhutavate puhastamiseks Dodo-Inflatables.com | Suur valik laos | Sertifitseeritud vastavalt EN14960 | Kiire tarne!","breadcrumb":{"@id":"https:\/\/dodo-inflatables.com\/et\/toode\/huppelinnuse-desinfitseerimisvahend\/#breadcrumb"},"inLanguage":"et","potentialAction":[{"@type":"ReadAction","target":["https:\/\/dodo-inflatables.com\/et\/toode\/huppelinnuse-desinfitseerimisvahend\/"]}]},{"@type":"ImageObject","inLanguage":"et","@id":"https:\/\/dodo-inflatables.com\/et\/toode\/huppelinnuse-desinfitseerimisvahend\/#primaryimage","url":"https:\/\/dodo-inflatables.com\/wp-content\/uploads\/2021\/04\/huepfburg-desinfektionsmittel-kaufen.png","contentUrl":"https:\/\/dodo-inflatables.com\/wp-content\/uploads\/2021\/04\/huepfburg-desinfektionsmittel-kaufen.png","width":500,"height":500,"caption":"T\u00e4ispuhutavate batuutide desinfektsioonivahend (12 x 500 ml) | Dodo Inflatables"},{"@type":"BreadcrumbList","@id":"https:\/\/dodo-inflatables.com\/et\/toode\/huppelinnuse-desinfitseerimisvahend\/#breadcrumb","itemListElement":[{"@type":"ListItem","position":1,"name":"Home","item":"https:\/\/dodo-inflatables.com\/et\/"},{"@type":"ListItem","position":2,"name":"Kauplus","item":"https:\/\/dodo-inflatables.com\/et\/kauplus\/"},{"@type":"ListItem","position":3,"name":"H\u00fcppelinnuse desinfitseerimisvahend"}]},{"@type":"WebSite","@id":"https:\/\/dodo-inflatables.com\/et\/#website","url":"https:\/\/dodo-inflatables.com\/et\/","name":"dodo-inflatables.com","description":"Ostke meie poest h\u00fcppelossi ja atraktsioone.","potentialAction":[{"@type":"SearchAction","target":{"@type":"EntryPoint","urlTemplate":"https:\/\/dodo-inflatables.com\/et\/?s={search_term_string}"},"query-input":{"@type":"PropertyValueSpecification","valueRequired":true,"valueName":"search_term_string"}}],"inLanguage":"et"}]}},"uagb_featured_image_src":{"full":["https:\/\/dodo-inflatables.com\/wp-content\/uploads\/2021\/04\/huepfburg-desinfektionsmittel-kaufen.png",500,500,false],"thumbnail":["https:\/\/dodo-inflatables.com\/wp-content\/uploads\/2021\/04\/huepfburg-desinfektionsmittel-kaufen-150x150.png",150,150,true],"medium":["https:\/\/dodo-inflatables.com\/wp-content\/uploads\/2021\/04\/huepfburg-desinfektionsmittel-kaufen-300x300.png",300,300,true],"medium_large":["https:\/\/dodo-inflatables.com\/wp-content\/uploads\/2021\/04\/huepfburg-desinfektionsmittel-kaufen.png",500,500,false],"large":["https:\/\/dodo-inflatables.com\/wp-content\/uploads\/2021\/04\/huepfburg-desinfektionsmittel-kaufen.png",500,500,false],"1536x1536":["https:\/\/dodo-inflatables.com\/wp-content\/uploads\/2021\/04\/huepfburg-desinfektionsmittel-kaufen.png",500,500,false],"2048x2048":["https:\/\/dodo-inflatables.com\/wp-content\/uploads\/2021\/04\/huepfburg-desinfektionsmittel-kaufen.png",500,500,false],"woocommerce_thumbnail":["https:\/\/dodo-inflatables.com\/wp-content\/uploads\/2021\/04\/huepfburg-desinfektionsmittel-kaufen.png",500,500,false],"woocommerce_single":["https:\/\/dodo-inflatables.com\/wp-content\/uploads\/2021\/04\/huepfburg-desinfektionsmittel-kaufen.png",500,500,false],"woocommerce_gallery_thumbnail":["https:\/\/dodo-inflatables.com\/wp-content\/uploads\/2021\/04\/huepfburg-desinfektionsmittel-kaufen-100x100.png",100,100,true]},"uagb_author_info":{"display_name":"Andreas","author_link":"https:\/\/dodo-inflatables.com\/et\/author\/"},"uagb_comment_info":0,"uagb_excerpt":"T\u00e4ispuhutavate batuutide desinfektsioonivahend 12 x 500 ml pudelit Eelsegatud ja kasutamisvalmis 1 liiter = 11,66 \u20ac","_links":{"self":[{"href":"https:\/\/dodo-inflatables.com\/et\/wp-json\/wp\/v2\/product\/19525","targetHints":{"allow":["GET"]}}],"collection":[{"href":"https:\/\/dodo-inflatables.com\/et\/wp-json\/wp\/v2\/product"}],"about":[{"href":"https:\/\/dodo-inflatables.com\/et\/wp-json\/wp\/v2\/types\/product"}],"replies":[{"embeddable":true,"href":"https:\/\/dodo-inflatables.com\/et\/wp-json\/wp\/v2\/comments?post=19525"}],"wp:featuredmedia":[{"embeddable":true,"href":"https:\/\/dodo-inflatables.com\/et\/wp-json\/wp\/v2\/media\/19528"}],"wp:attachment":[{"href":"https:\/\/dodo-inflatables.com\/et\/wp-json\/wp\/v2\/media?parent=19525"}],"wp:term":[{"taxonomy":"product_brand","embeddable":true,"href":"https:\/\/dodo-inflatables.com\/et\/wp-json\/wp\/v2\/product_brand?post=19525"},{"taxonomy":"product_cat","embeddable":true,"href":"https:\/\/dodo-inflatables.com\/et\/wp-json\/wp\/v2\/product_cat?post=19525"},{"taxonomy":"product_tag","embeddable":true,"href":"https:\/\/dodo-inflatables.com\/et\/wp-json\/wp\/v2\/product_tag?post=19525"}],"curies":[{"name":"wp","href":"https:\/\/api.w.org\/{rel}","templated":true}]}}