{"id":19551,"date":"2021-03-13T21:06:27","date_gmt":"2021-03-13T20:06:27","guid":{"rendered":"https:\/\/dodo-inflatables.com\/product\/pohjaleht-8-x-4-meetrit\/"},"modified":"2024-07-17T15:23:59","modified_gmt":"2024-07-17T13:23:59","slug":"pohjaleht-8-x-4-meetrit","status":"publish","type":"product","link":"https:\/\/dodo-inflatables.com\/et\/toode\/pohjaleht-8-x-4-meetrit\/","title":{"rendered":"P\u00f5hjaleht 8 x 4 meetrit"},"content":{"rendered":"<h2>Osta Bouncy Castles&#8217;i maapealne leht<\/h2>\n<p>Selleks, et tagada kauakestev r\u00f5\u00f5m oma h\u00fcppelinnakust, soovitame tungivalt kasutada maapealset tarpi. S\u00f5ltumata pinnast, millele h\u00fcppelinn v\u00f5i sarnased t\u00e4ispuhutavad moodulid paigaldatakse, tagab sobilik maapinnakate h\u00fcppelinnaku aluse optimaalse kaitse.<\/p>\n<p><strong>Detailid maapinnal\u00e4hedase tarindi kohta:<\/strong><\/p>\n<ul>\n<li>M\u00f5\u00f5tmed (pikkus x laius): ca. 8.00 m x 4.00 m<\/li>\n<li>Kinnitusaugud umbes 50 cm tagant.<\/li>\n<li>PE 260 g\/m2<\/li>\n<li>Veekindel, ilmastikukindel ja rebenemiskindel<\/li>\n<\/ul>\n","protected":false},"excerpt":{"rendered":"<ul>\n<li>M\u00f5\u00f5tmed (pikkus x laius): ca. 8.00 m x 4.00 m<\/li>\n<li>Kinnitusaugud umbes 50 cm tagant.<\/li>\n<li>PE 260 g\/m2<\/li>\n<li>Veekindel, ilmastikukindel ja rebenemiskindel<\/li>\n<\/ul>\n","protected":false},"featured_media":19553,"comment_status":"open","ping_status":"closed","template":"","meta":{"_acf_changed":false,"_uag_custom_page_level_css":"","site-sidebar-layout":"default","site-content-layout":"boxed-container","ast-site-content-layout":"normal-width-container","site-content-style":"boxed","site-sidebar-style":"boxed","ast-global-header-display":"","ast-banner-title-visibility":"","ast-main-header-display":"","ast-hfb-above-header-display":"","ast-hfb-below-header-display":"","ast-hfb-mobile-header-display":"","site-post-title":"disabled","ast-breadcrumbs-content":"","ast-featured-img":"","footer-sml-layout":"","ast-disable-related-posts":"","theme-transparent-header-meta":"default","adv-header-id-meta":"","stick-header-meta":"default","header-above-stick-meta":"","header-main-stick-meta":"","header-below-stick-meta":"","astra-migrate-meta-layouts":"default","ast-page-background-enabled":"default","ast-page-background-meta":{"desktop":{"background-color":"var(--ast-global-color-4)","background-image":"","background-repeat":"repeat","background-position":"center center","background-size":"auto","background-attachment":"scroll","background-type":"","background-media":"","overlay-type":"","overlay-color":"","overlay-opacity":"","overlay-gradient":""},"tablet":{"background-color":"","background-image":"","background-repeat":"repeat","background-position":"center center","background-size":"auto","background-attachment":"scroll","background-type":"","background-media":"","overlay-type":"","overlay-color":"","overlay-opacity":"","overlay-gradient":""},"mobile":{"background-color":"","background-image":"","background-repeat":"repeat","background-position":"center center","background-size":"auto","background-attachment":"scroll","background-type":"","background-media":"","overlay-type":"","overlay-color":"","overlay-opacity":"","overlay-gradient":""}},"ast-content-background-meta":{"desktop":{"background-color":"var(--ast-global-color-5)","background-image":"","background-repeat":"repeat","background-position":"center center","background-size":"auto","background-attachment":"scroll","background-type":"","background-media":"","overlay-type":"","overlay-color":"","overlay-opacity":"","overlay-gradient":""},"tablet":{"background-color":"var(--ast-global-color-5)","background-image":"","background-repeat":"repeat","background-position":"center center","background-size":"auto","background-attachment":"scroll","background-type":"","background-media":"","overlay-type":"","overlay-color":"","overlay-opacity":"","overlay-gradient":""},"mobile":{"background-color":"var(--ast-global-color-5)","background-image":"","background-repeat":"repeat","background-position":"center center","background-size":"auto","background-attachment":"scroll","background-type":"","background-media":"","overlay-type":"","overlay-color":"","overlay-opacity":"","overlay-gradient":""}}},"product_brand":[],"product_cat":[2064],"product_tag":[],"class_list":{"0":"post-19551","1":"product","2":"type-product","3":"status-publish","4":"has-post-thumbnail","6":"product_cat-accessories-et","7":"product_shipping_class-zubehor-et","8":"desktop-align-center","9":"tablet-align-center","10":"mobile-align-center","11":"ast-product-gallery-layout-horizontal","12":"ast-product-gallery-with-no-image","13":"ast-product-tabs-layout-horizontal","15":"first","16":"instock","17":"taxable","18":"shipping-taxable","19":"purchasable","20":"product-type-simple"},"acf":[],"yoast_head":"<!-- This site is optimized with the Yoast SEO plugin v27.3 - https:\/\/yoast.com\/product\/yoast-seo-wordpress\/ -->\n<title>T\u00e4ispuhutavate \u00f5hupallide alusplaatide ostmine | Dodo-Inflatables.com<\/title>\n<meta name=\"description\" content=\"Osta sobivaid lisatarvikuid, nagu n\u00e4iteks t\u00e4ispuhutavate m\u00e4nguv\u00e4ljakute stabiilne alusplaat, otse veebist Dodo-Inflatables.com | Sertifitseeritud vastavalt standardile EN14960 | Kiire tarne!\" \/>\n<meta name=\"robots\" content=\"index, follow, max-snippet:-1, max-image-preview:large, max-video-preview:-1\" \/>\n<link rel=\"canonical\" href=\"https:\/\/dodo-inflatables.com\/et\/toode\/pohjaleht-8-x-4-meetrit\/\" \/>\n<script type=\"application\/ld+json\" class=\"yoast-schema-graph\">{\"@context\":\"https:\\\/\\\/schema.org\",\"@graph\":[{\"@type\":\"WebPage\",\"@id\":\"https:\\\/\\\/dodo-inflatables.com\\\/et\\\/toode\\\/pohjaleht-8-x-4-meetrit\\\/\",\"url\":\"https:\\\/\\\/dodo-inflatables.com\\\/et\\\/toode\\\/pohjaleht-8-x-4-meetrit\\\/\",\"name\":\"T\u00e4ispuhutavate \u00f5hupallide alusplaatide ostmine | Dodo-Inflatables.com\",\"isPartOf\":{\"@id\":\"https:\\\/\\\/dodo-inflatables.com\\\/et\\\/#website\"},\"primaryImageOfPage\":{\"@id\":\"https:\\\/\\\/dodo-inflatables.com\\\/et\\\/toode\\\/pohjaleht-8-x-4-meetrit\\\/#primaryimage\"},\"image\":{\"@id\":\"https:\\\/\\\/dodo-inflatables.com\\\/et\\\/toode\\\/pohjaleht-8-x-4-meetrit\\\/#primaryimage\"},\"thumbnailUrl\":\"https:\\\/\\\/dodo-inflatables.com\\\/wp-content\\\/uploads\\\/2021\\\/03\\\/Ground-Sheet-Bouncy-Castle.png\",\"datePublished\":\"2021-03-13T20:06:27+00:00\",\"dateModified\":\"2024-07-17T13:23:59+00:00\",\"description\":\"Osta sobivaid lisatarvikuid, nagu n\u00e4iteks t\u00e4ispuhutavate m\u00e4nguv\u00e4ljakute stabiilne alusplaat, otse veebist Dodo-Inflatables.com | Sertifitseeritud vastavalt standardile EN14960 | Kiire tarne!\",\"breadcrumb\":{\"@id\":\"https:\\\/\\\/dodo-inflatables.com\\\/et\\\/toode\\\/pohjaleht-8-x-4-meetrit\\\/#breadcrumb\"},\"inLanguage\":\"et\",\"potentialAction\":[{\"@type\":\"ReadAction\",\"target\":[\"https:\\\/\\\/dodo-inflatables.com\\\/et\\\/toode\\\/pohjaleht-8-x-4-meetrit\\\/\"]}]},{\"@type\":\"ImageObject\",\"inLanguage\":\"et\",\"@id\":\"https:\\\/\\\/dodo-inflatables.com\\\/et\\\/toode\\\/pohjaleht-8-x-4-meetrit\\\/#primaryimage\",\"url\":\"https:\\\/\\\/dodo-inflatables.com\\\/wp-content\\\/uploads\\\/2021\\\/03\\\/Ground-Sheet-Bouncy-Castle.png\",\"contentUrl\":\"https:\\\/\\\/dodo-inflatables.com\\\/wp-content\\\/uploads\\\/2021\\\/03\\\/Ground-Sheet-Bouncy-Castle.png\",\"width\":500,\"height\":500},{\"@type\":\"BreadcrumbList\",\"@id\":\"https:\\\/\\\/dodo-inflatables.com\\\/et\\\/toode\\\/pohjaleht-8-x-4-meetrit\\\/#breadcrumb\",\"itemListElement\":[{\"@type\":\"ListItem\",\"position\":1,\"name\":\"Home\",\"item\":\"https:\\\/\\\/dodo-inflatables.com\\\/et\\\/\"},{\"@type\":\"ListItem\",\"position\":2,\"name\":\"Kauplus\",\"item\":\"https:\\\/\\\/dodo-inflatables.com\\\/et\\\/?page_id=16798\"},{\"@type\":\"ListItem\",\"position\":3,\"name\":\"P\u00f5hjaleht 8 x 4 meetrit\"}]},{\"@type\":\"WebSite\",\"@id\":\"https:\\\/\\\/dodo-inflatables.com\\\/et\\\/#website\",\"url\":\"https:\\\/\\\/dodo-inflatables.com\\\/et\\\/\",\"name\":\"dodo-inflatables.com\",\"description\":\"Ostke meie poest h\u00fcppelossi ja atraktsioone.\",\"publisher\":{\"@id\":\"https:\\\/\\\/dodo-inflatables.com\\\/et\\\/#organization\"},\"potentialAction\":[{\"@type\":\"SearchAction\",\"target\":{\"@type\":\"EntryPoint\",\"urlTemplate\":\"https:\\\/\\\/dodo-inflatables.com\\\/et\\\/?s={search_term_string}\"},\"query-input\":{\"@type\":\"PropertyValueSpecification\",\"valueRequired\":true,\"valueName\":\"search_term_string\"}}],\"inLanguage\":\"et\"},{\"@type\":\"Organization\",\"@id\":\"https:\\\/\\\/dodo-inflatables.com\\\/et\\\/#organization\",\"name\":\"dodo-inflatables.com\",\"url\":\"https:\\\/\\\/dodo-inflatables.com\\\/et\\\/\",\"logo\":{\"@type\":\"ImageObject\",\"inLanguage\":\"et\",\"@id\":\"https:\\\/\\\/dodo-inflatables.com\\\/et\\\/#\\\/schema\\\/logo\\\/image\\\/\",\"url\":\"https:\\\/\\\/dodo-inflatables.com\\\/wp-content\\\/uploads\\\/2023\\\/04\\\/cropped-cropped-cropped-Dodo-Logo.png\",\"contentUrl\":\"https:\\\/\\\/dodo-inflatables.com\\\/wp-content\\\/uploads\\\/2023\\\/04\\\/cropped-cropped-cropped-Dodo-Logo.png\",\"width\":2996,\"height\":1545,\"caption\":\"dodo-inflatables.com\"},\"image\":{\"@id\":\"https:\\\/\\\/dodo-inflatables.com\\\/et\\\/#\\\/schema\\\/logo\\\/image\\\/\"}}]}<\/script>\n<!-- \/ Yoast SEO plugin. -->","yoast_head_json":{"title":"T\u00e4ispuhutavate \u00f5hupallide alusplaatide ostmine | Dodo-Inflatables.com","description":"Osta sobivaid lisatarvikuid, nagu n\u00e4iteks t\u00e4ispuhutavate m\u00e4nguv\u00e4ljakute stabiilne alusplaat, otse veebist Dodo-Inflatables.com | Sertifitseeritud vastavalt standardile EN14960 | Kiire tarne!","robots":{"index":"index","follow":"follow","max-snippet":"max-snippet:-1","max-image-preview":"max-image-preview:large","max-video-preview":"max-video-preview:-1"},"canonical":"https:\/\/dodo-inflatables.com\/et\/toode\/pohjaleht-8-x-4-meetrit\/","schema":{"@context":"https:\/\/schema.org","@graph":[{"@type":"WebPage","@id":"https:\/\/dodo-inflatables.com\/et\/toode\/pohjaleht-8-x-4-meetrit\/","url":"https:\/\/dodo-inflatables.com\/et\/toode\/pohjaleht-8-x-4-meetrit\/","name":"T\u00e4ispuhutavate \u00f5hupallide alusplaatide ostmine | Dodo-Inflatables.com","isPartOf":{"@id":"https:\/\/dodo-inflatables.com\/et\/#website"},"primaryImageOfPage":{"@id":"https:\/\/dodo-inflatables.com\/et\/toode\/pohjaleht-8-x-4-meetrit\/#primaryimage"},"image":{"@id":"https:\/\/dodo-inflatables.com\/et\/toode\/pohjaleht-8-x-4-meetrit\/#primaryimage"},"thumbnailUrl":"https:\/\/dodo-inflatables.com\/wp-content\/uploads\/2021\/03\/Ground-Sheet-Bouncy-Castle.png","datePublished":"2021-03-13T20:06:27+00:00","dateModified":"2024-07-17T13:23:59+00:00","description":"Osta sobivaid lisatarvikuid, nagu n\u00e4iteks t\u00e4ispuhutavate m\u00e4nguv\u00e4ljakute stabiilne alusplaat, otse veebist Dodo-Inflatables.com | Sertifitseeritud vastavalt standardile EN14960 | Kiire tarne!","breadcrumb":{"@id":"https:\/\/dodo-inflatables.com\/et\/toode\/pohjaleht-8-x-4-meetrit\/#breadcrumb"},"inLanguage":"et","potentialAction":[{"@type":"ReadAction","target":["https:\/\/dodo-inflatables.com\/et\/toode\/pohjaleht-8-x-4-meetrit\/"]}]},{"@type":"ImageObject","inLanguage":"et","@id":"https:\/\/dodo-inflatables.com\/et\/toode\/pohjaleht-8-x-4-meetrit\/#primaryimage","url":"https:\/\/dodo-inflatables.com\/wp-content\/uploads\/2021\/03\/Ground-Sheet-Bouncy-Castle.png","contentUrl":"https:\/\/dodo-inflatables.com\/wp-content\/uploads\/2021\/03\/Ground-Sheet-Bouncy-Castle.png","width":500,"height":500},{"@type":"BreadcrumbList","@id":"https:\/\/dodo-inflatables.com\/et\/toode\/pohjaleht-8-x-4-meetrit\/#breadcrumb","itemListElement":[{"@type":"ListItem","position":1,"name":"Home","item":"https:\/\/dodo-inflatables.com\/et\/"},{"@type":"ListItem","position":2,"name":"Kauplus","item":"https:\/\/dodo-inflatables.com\/et\/?page_id=16798"},{"@type":"ListItem","position":3,"name":"P\u00f5hjaleht 8 x 4 meetrit"}]},{"@type":"WebSite","@id":"https:\/\/dodo-inflatables.com\/et\/#website","url":"https:\/\/dodo-inflatables.com\/et\/","name":"dodo-inflatables.com","description":"Ostke meie poest h\u00fcppelossi ja atraktsioone.","publisher":{"@id":"https:\/\/dodo-inflatables.com\/et\/#organization"},"potentialAction":[{"@type":"SearchAction","target":{"@type":"EntryPoint","urlTemplate":"https:\/\/dodo-inflatables.com\/et\/?s={search_term_string}"},"query-input":{"@type":"PropertyValueSpecification","valueRequired":true,"valueName":"search_term_string"}}],"inLanguage":"et"},{"@type":"Organization","@id":"https:\/\/dodo-inflatables.com\/et\/#organization","name":"dodo-inflatables.com","url":"https:\/\/dodo-inflatables.com\/et\/","logo":{"@type":"ImageObject","inLanguage":"et","@id":"https:\/\/dodo-inflatables.com\/et\/#\/schema\/logo\/image\/","url":"https:\/\/dodo-inflatables.com\/wp-content\/uploads\/2023\/04\/cropped-cropped-cropped-Dodo-Logo.png","contentUrl":"https:\/\/dodo-inflatables.com\/wp-content\/uploads\/2023\/04\/cropped-cropped-cropped-Dodo-Logo.png","width":2996,"height":1545,"caption":"dodo-inflatables.com"},"image":{"@id":"https:\/\/dodo-inflatables.com\/et\/#\/schema\/logo\/image\/"}}]}},"uagb_featured_image_src":{"full":["https:\/\/dodo-inflatables.com\/wp-content\/uploads\/2021\/03\/Ground-Sheet-Bouncy-Castle.png",500,500,false],"thumbnail":["https:\/\/dodo-inflatables.com\/wp-content\/uploads\/2021\/03\/Ground-Sheet-Bouncy-Castle-150x150.png",150,150,true],"medium":["https:\/\/dodo-inflatables.com\/wp-content\/uploads\/2021\/03\/Ground-Sheet-Bouncy-Castle-300x300.png",300,300,true],"medium_large":["https:\/\/dodo-inflatables.com\/wp-content\/uploads\/2021\/03\/Ground-Sheet-Bouncy-Castle.png",500,500,false],"large":["https:\/\/dodo-inflatables.com\/wp-content\/uploads\/2021\/03\/Ground-Sheet-Bouncy-Castle.png",500,500,false],"1536x1536":["https:\/\/dodo-inflatables.com\/wp-content\/uploads\/2021\/03\/Ground-Sheet-Bouncy-Castle.png",500,500,false],"2048x2048":["https:\/\/dodo-inflatables.com\/wp-content\/uploads\/2021\/03\/Ground-Sheet-Bouncy-Castle.png",500,500,false],"woocommerce_thumbnail":["https:\/\/dodo-inflatables.com\/wp-content\/uploads\/2021\/03\/Ground-Sheet-Bouncy-Castle.png",500,500,false],"woocommerce_single":["https:\/\/dodo-inflatables.com\/wp-content\/uploads\/2021\/03\/Ground-Sheet-Bouncy-Castle.png",500,500,false],"woocommerce_gallery_thumbnail":["https:\/\/dodo-inflatables.com\/wp-content\/uploads\/2021\/03\/Ground-Sheet-Bouncy-Castle-100x100.png",100,100,true]},"uagb_author_info":{"display_name":"Andreas","author_link":"https:\/\/dodo-inflatables.com\/et\/author\/"},"uagb_comment_info":0,"uagb_excerpt":"M\u00f5\u00f5tmed (pikkus x laius): ca. 8.00 m x 4.00 m Kinnitusaugud umbes 50 cm tagant. PE 260 g\/m2 Veekindel, ilmastikukindel ja rebenemiskindel","_links":{"self":[{"href":"https:\/\/dodo-inflatables.com\/et\/wp-json\/wp\/v2\/product\/19551","targetHints":{"allow":["GET"]}}],"collection":[{"href":"https:\/\/dodo-inflatables.com\/et\/wp-json\/wp\/v2\/product"}],"about":[{"href":"https:\/\/dodo-inflatables.com\/et\/wp-json\/wp\/v2\/types\/product"}],"replies":[{"embeddable":true,"href":"https:\/\/dodo-inflatables.com\/et\/wp-json\/wp\/v2\/comments?post=19551"}],"wp:featuredmedia":[{"embeddable":true,"href":"https:\/\/dodo-inflatables.com\/et\/wp-json\/wp\/v2\/media\/19553"}],"wp:attachment":[{"href":"https:\/\/dodo-inflatables.com\/et\/wp-json\/wp\/v2\/media?parent=19551"}],"wp:term":[{"taxonomy":"product_brand","embeddable":true,"href":"https:\/\/dodo-inflatables.com\/et\/wp-json\/wp\/v2\/product_brand?post=19551"},{"taxonomy":"product_cat","embeddable":true,"href":"https:\/\/dodo-inflatables.com\/et\/wp-json\/wp\/v2\/product_cat?post=19551"},{"taxonomy":"product_tag","embeddable":true,"href":"https:\/\/dodo-inflatables.com\/et\/wp-json\/wp\/v2\/product_tag?post=19551"}],"curies":[{"name":"wp","href":"https:\/\/api.w.org\/{rel}","templated":true}]}}