{"id":19589,"date":"2021-01-18T12:17:14","date_gmt":"2021-01-18T11:17:14","guid":{"rendered":"https:\/\/dodo-inflatables.com\/product\/taispuhutav-alpikuurmaja\/"},"modified":"2024-07-17T15:24:07","modified_gmt":"2024-07-17T13:24:07","slug":"taispuhutav-alpikuurmaja","status":"publish","type":"product","link":"https:\/\/dodo-inflatables.com\/et\/toode\/taispuhutav-alpikuurmaja\/","title":{"rendered":"T\u00e4ispuhutav alpikuurmaja"},"content":{"rendered":"<h1>Osta t\u00e4ispuhutav alpikoda &#8211; telk eriliste s\u00fcndmuste jaoks<\/h1>\n<p>Siin on meil v\u00e4ga eriline t\u00e4ispuhutav telk, mis on disainitud puidust m\u00e4gimajaks. See t\u00e4ispuhutav puust majake sobib ideaalselt \u00fcrituste ja reklaami\u00fcrituste korraldamiseks. T\u00e4ispuhutav telk varustatakse pidevalt \u00f5huga h\u00fcppelinnaku puhuri abil ja on seet\u00f5ttu v\u00e4ga stabiilne. Loomulikult on t\u00e4ispuhutavas telgis mitu silmust, et see oleks tuule vastu parimal v\u00f5imalikul viisil kinnitatud. Alpinismimajade detailid on v\u00e4ga h\u00e4sti l\u00e4bi m\u00f5eldud, n\u00e4iteks saab ust avada ja sulgeda t\u00f5mblukuga. Katusekatted n\u00e4evad vapustavalt ehtsad v\u00e4lja ja akendel on eemaldatavad s\u00e4\u00e4sev\u00f5rgud, mis tagavad l\u00f5\u00f5gastavad \u00f5htud majas. Majal on ka 2 aasad \u00fclemises katusek\u00fcljel, mis sobivad suurep\u00e4raselt soovitud kirja, logo v\u00f5i kujundusega b\u00e4nneri kinnitamiseks. T\u00f5eline multifunktsionaalne majake, mis on mitmek\u00fclgselt kasutatav! Kas baaritelk, \u00fcrituse baar, reklaamtelk v\u00f5i lihtsalt pilkup\u00fc\u00fcdja, see t\u00e4ispuhutav m\u00e4gimajake p\u00f6\u00f6rab kindlasti t\u00e4helepanu.<\/p>\n<p>Kas sooviksite h\u00fctti teistes m\u00f5\u00f5tmetes v\u00f5i kujunduses, n\u00e4iteks iiri pubi kujul? Pole probleemi, me pakume teile hea meelega k\u00f5iki v\u00f5imalusi.<\/p>\n<p>Soovitame kasutada t\u00e4ispuhutavat alpimajakest ainult sobiva alusplaani peal. Neid leiate ka meie tarvikute kategooriast. \u00dcldiselt soovitame t\u00e4ispuhutava peomajakese p\u00fcstitada murule. Ka meie maapealsed tapid sobivad ideaalselt selle kinnitamiseks.<\/p>\n<p>T\u00e4ispuhutav puukuur tarnitakse sobivas transpordikotis. Et kaitsta t\u00e4ispuhutavat majakest v\u00e4lism\u00f5jude ja transpordikahjustuste eest, tuleb see p\u00e4rast iga kasutamist korralikult \u00fcmber pakkida. Rendifirmana peaksite n\u00f5udma ka, et klient pakiks t\u00e4ispuhutava kabiini korralikult \u00fcmber.<\/p>\n<h3>T\u00e4ispuhutava alpikuuri \u00fcksikasjad<\/h3>\n<ul>\n<li>M\u00f5\u00f5tmed (pikkus x laius x k\u00f5rgus): 6,00 m x 4,00 m x 6,20 m *<\/li>\n<li>Kaal: umbes. 80 kg *<\/li>\n<li>Pakendi suurus: 80 x 80 x 110 cm *<\/li>\n<li>Kokkupaneku aeg: 10 minutit<\/li>\n<li>Materjal: PVC (0,55 mm \/ 621,3 g\/m2): PVC (0,55 mm \/ 621,3 g\/m2)<\/li>\n<li>2 &#8211; 4 \u00f5mblust (s\u00f5ltuvalt kasutusest)<\/li>\n<li>Tulekindlad<\/li>\n<li>Heakskiidu sertifikaat vastavalt standardile EN 14960<\/li>\n<li>Velcro-kattega t\u00f5mblukk, tugevdatud nurgad<\/li>\n<\/ul>\n<p>Tarnekomplekti kuuluvad: t\u00e4ispuhutav alpikuur, transpordikott ja remondikomplekt.<\/p>\n<p>Puhur ja aluslina ei kuulu komplekti. Need leiate tarvikute kategooriast.<\/p>\n<p>T\u00e4ispuhutav alpimajake on kvaliteetne toode, mis on valmistatud rangete suuniste kohaselt vastavalt standardile EN 14960. K\u00f5ik meie h\u00fcppelinnakud ja t\u00e4ispuhutavad atraktsioonid on professionaalsed moodulid, mis sobivad professionaalseks rentimiseks ja kasutamiseks l\u00f5bustuspargis, siseruumides asuvates m\u00e4nguv\u00e4ljakutel jms.<\/p>\n<p>Olulised kasutusjuhised<\/p>\n<p>Puhur (ei kuulu komplekti) peab kasutamise ajal pidevalt t\u00f6\u00f6tama.<br \/>\nV\u00e4ike \u00f5huleke l\u00e4bi \u00f5mblusavade on normaalne.<\/p>\n<p>* Kaal ja m\u00f5\u00f5tmed on ligikaudsed ja v\u00f5ivad veidi erineda.<\/p>\n","protected":false},"excerpt":{"rendered":"<p><i class=\"fa fa-arrows-alt\"><\/i>  M\u00f5\u00f5tmed (pikkus x laius x k\u00f5rgus): 6,00 m x 4,00 m x 6,20 m *<br \/>\n<i class=\"fa fa-check\"><\/i>  Professionaalne moodul &#8211; sobib \u00e4ri- ja erakasutuseks<\/p>\n<p><i class=\"fa fa-square\"><\/i>  PVC (0,55 mm \/ 621,3 g\/m2 )<br \/>\n<i class=\"fa fa-align-justify\"><\/i>  2 &#8211; 4-kordne \u00f5mblus (s\u00f5ltuvalt koormusest)<br \/>\n<i class=\"fa fa-fire\"><\/i>  Tulekindlad<\/p>\n","protected":false},"featured_media":19594,"comment_status":"open","ping_status":"closed","template":"","meta":{"_acf_changed":false,"_uag_custom_page_level_css":"","site-sidebar-layout":"default","site-content-layout":"boxed-container","ast-site-content-layout":"normal-width-container","site-content-style":"boxed","site-sidebar-style":"boxed","ast-global-header-display":"","ast-banner-title-visibility":"","ast-main-header-display":"","ast-hfb-above-header-display":"","ast-hfb-below-header-display":"","ast-hfb-mobile-header-display":"","site-post-title":"disabled","ast-breadcrumbs-content":"","ast-featured-img":"","footer-sml-layout":"","ast-disable-related-posts":"","theme-transparent-header-meta":"default","adv-header-id-meta":"","stick-header-meta":"default","header-above-stick-meta":"","header-main-stick-meta":"","header-below-stick-meta":"","astra-migrate-meta-layouts":"default","ast-page-background-enabled":"default","ast-page-background-meta":{"desktop":{"background-color":"var(--ast-global-color-4)","background-image":"","background-repeat":"repeat","background-position":"center center","background-size":"auto","background-attachment":"scroll","background-type":"","background-media":"","overlay-type":"","overlay-color":"","overlay-opacity":"","overlay-gradient":""},"tablet":{"background-color":"","background-image":"","background-repeat":"repeat","background-position":"center center","background-size":"auto","background-attachment":"scroll","background-type":"","background-media":"","overlay-type":"","overlay-color":"","overlay-opacity":"","overlay-gradient":""},"mobile":{"background-color":"","background-image":"","background-repeat":"repeat","background-position":"center center","background-size":"auto","background-attachment":"scroll","background-type":"","background-media":"","overlay-type":"","overlay-color":"","overlay-opacity":"","overlay-gradient":""}},"ast-content-background-meta":{"desktop":{"background-color":"var(--ast-global-color-5)","background-image":"","background-repeat":"repeat","background-position":"center center","background-size":"auto","background-attachment":"scroll","background-type":"","background-media":"","overlay-type":"","overlay-color":"","overlay-opacity":"","overlay-gradient":""},"tablet":{"background-color":"var(--ast-global-color-5)","background-image":"","background-repeat":"repeat","background-position":"center center","background-size":"auto","background-attachment":"scroll","background-type":"","background-media":"","overlay-type":"","overlay-color":"","overlay-opacity":"","overlay-gradient":""},"mobile":{"background-color":"var(--ast-global-color-5)","background-image":"","background-repeat":"repeat","background-position":"center center","background-size":"auto","background-attachment":"scroll","background-type":"","background-media":"","overlay-type":"","overlay-color":"","overlay-opacity":"","overlay-gradient":""}}},"product_brand":[],"product_cat":[2035],"product_tag":[],"class_list":{"0":"post-19589","1":"product","2":"type-product","3":"status-publish","4":"has-post-thumbnail","6":"product_cat-atraktsioonid","7":"product_shipping_class-spedition-hupfburg-et","8":"pa_gtin-0669145336636-et","9":"desktop-align-center","10":"tablet-align-center","11":"mobile-align-center","12":"ast-product-gallery-layout-horizontal","13":"ast-product-tabs-layout-horizontal","15":"first","16":"onbackorder","17":"taxable","18":"shipping-taxable","19":"purchasable","20":"product-type-simple"},"acf":[],"yoast_head":"<!-- This site is optimized with the Yoast SEO plugin v27.3 - https:\/\/yoast.com\/product\/yoast-seo-wordpress\/ -->\n<title>Osta t\u00e4ispuhutavad alpikuurid ja puukuurid | Dodo-Inflatables.com<\/title>\n<meta name=\"description\" content=\"Osta meie t\u00e4ispuhutav puidust h\u00fctte kui peotelk otse internetis aadressil Dodo-Inflatables.com | Paljud mudelid laos | Kiire tarne | Parim kvaliteet\" \/>\n<meta name=\"robots\" content=\"index, follow, max-snippet:-1, max-image-preview:large, max-video-preview:-1\" \/>\n<link rel=\"canonical\" href=\"https:\/\/dodo-inflatables.com\/et\/toode\/taispuhutav-alpikuurmaja\/\" \/>\n<meta name=\"twitter:label1\" content=\"Est. reading time\" \/>\n\t<meta name=\"twitter:data1\" content=\"2 minutit\" \/>\n<script type=\"application\/ld+json\" class=\"yoast-schema-graph\">{\"@context\":\"https:\\\/\\\/schema.org\",\"@graph\":[{\"@type\":\"WebPage\",\"@id\":\"https:\\\/\\\/dodo-inflatables.com\\\/et\\\/toode\\\/taispuhutav-alpikuurmaja\\\/\",\"url\":\"https:\\\/\\\/dodo-inflatables.com\\\/et\\\/toode\\\/taispuhutav-alpikuurmaja\\\/\",\"name\":\"Osta t\u00e4ispuhutavad alpikuurid ja puukuurid | Dodo-Inflatables.com\",\"isPartOf\":{\"@id\":\"https:\\\/\\\/dodo-inflatables.com\\\/et\\\/#website\"},\"primaryImageOfPage\":{\"@id\":\"https:\\\/\\\/dodo-inflatables.com\\\/et\\\/toode\\\/taispuhutav-alpikuurmaja\\\/#primaryimage\"},\"image\":{\"@id\":\"https:\\\/\\\/dodo-inflatables.com\\\/et\\\/toode\\\/taispuhutav-alpikuurmaja\\\/#primaryimage\"},\"thumbnailUrl\":\"https:\\\/\\\/dodo-inflatables.com\\\/wp-content\\\/uploads\\\/2021\\\/01\\\/Aufblasbare-Almhuette-Partyzelt-kaufen_0006_Ebene-3.jpg\",\"datePublished\":\"2021-01-18T11:17:14+00:00\",\"dateModified\":\"2024-07-17T13:24:07+00:00\",\"description\":\"Osta meie t\u00e4ispuhutav puidust h\u00fctte kui peotelk otse internetis aadressil Dodo-Inflatables.com | Paljud mudelid laos | Kiire tarne | Parim kvaliteet\",\"breadcrumb\":{\"@id\":\"https:\\\/\\\/dodo-inflatables.com\\\/et\\\/toode\\\/taispuhutav-alpikuurmaja\\\/#breadcrumb\"},\"inLanguage\":\"et\",\"potentialAction\":[{\"@type\":\"ReadAction\",\"target\":[\"https:\\\/\\\/dodo-inflatables.com\\\/et\\\/toode\\\/taispuhutav-alpikuurmaja\\\/\"]}]},{\"@type\":\"ImageObject\",\"inLanguage\":\"et\",\"@id\":\"https:\\\/\\\/dodo-inflatables.com\\\/et\\\/toode\\\/taispuhutav-alpikuurmaja\\\/#primaryimage\",\"url\":\"https:\\\/\\\/dodo-inflatables.com\\\/wp-content\\\/uploads\\\/2021\\\/01\\\/Aufblasbare-Almhuette-Partyzelt-kaufen_0006_Ebene-3.jpg\",\"contentUrl\":\"https:\\\/\\\/dodo-inflatables.com\\\/wp-content\\\/uploads\\\/2021\\\/01\\\/Aufblasbare-Almhuette-Partyzelt-kaufen_0006_Ebene-3.jpg\",\"width\":500,\"height\":500},{\"@type\":\"BreadcrumbList\",\"@id\":\"https:\\\/\\\/dodo-inflatables.com\\\/et\\\/toode\\\/taispuhutav-alpikuurmaja\\\/#breadcrumb\",\"itemListElement\":[{\"@type\":\"ListItem\",\"position\":1,\"name\":\"Home\",\"item\":\"https:\\\/\\\/dodo-inflatables.com\\\/et\\\/\"},{\"@type\":\"ListItem\",\"position\":2,\"name\":\"Kauplus\",\"item\":\"https:\\\/\\\/dodo-inflatables.com\\\/et\\\/?page_id=16798\"},{\"@type\":\"ListItem\",\"position\":3,\"name\":\"T\u00e4ispuhutav alpikuurmaja\"}]},{\"@type\":\"WebSite\",\"@id\":\"https:\\\/\\\/dodo-inflatables.com\\\/et\\\/#website\",\"url\":\"https:\\\/\\\/dodo-inflatables.com\\\/et\\\/\",\"name\":\"dodo-inflatables.com\",\"description\":\"Ostke meie poest h\u00fcppelossi ja atraktsioone.\",\"publisher\":{\"@id\":\"https:\\\/\\\/dodo-inflatables.com\\\/et\\\/#organization\"},\"potentialAction\":[{\"@type\":\"SearchAction\",\"target\":{\"@type\":\"EntryPoint\",\"urlTemplate\":\"https:\\\/\\\/dodo-inflatables.com\\\/et\\\/?s={search_term_string}\"},\"query-input\":{\"@type\":\"PropertyValueSpecification\",\"valueRequired\":true,\"valueName\":\"search_term_string\"}}],\"inLanguage\":\"et\"},{\"@type\":\"Organization\",\"@id\":\"https:\\\/\\\/dodo-inflatables.com\\\/et\\\/#organization\",\"name\":\"dodo-inflatables.com\",\"url\":\"https:\\\/\\\/dodo-inflatables.com\\\/et\\\/\",\"logo\":{\"@type\":\"ImageObject\",\"inLanguage\":\"et\",\"@id\":\"https:\\\/\\\/dodo-inflatables.com\\\/et\\\/#\\\/schema\\\/logo\\\/image\\\/\",\"url\":\"https:\\\/\\\/dodo-inflatables.com\\\/wp-content\\\/uploads\\\/2023\\\/04\\\/cropped-cropped-cropped-Dodo-Logo.png\",\"contentUrl\":\"https:\\\/\\\/dodo-inflatables.com\\\/wp-content\\\/uploads\\\/2023\\\/04\\\/cropped-cropped-cropped-Dodo-Logo.png\",\"width\":2996,\"height\":1545,\"caption\":\"dodo-inflatables.com\"},\"image\":{\"@id\":\"https:\\\/\\\/dodo-inflatables.com\\\/et\\\/#\\\/schema\\\/logo\\\/image\\\/\"}}]}<\/script>\n<!-- \/ Yoast SEO plugin. -->","yoast_head_json":{"title":"Osta t\u00e4ispuhutavad alpikuurid ja puukuurid | Dodo-Inflatables.com","description":"Osta meie t\u00e4ispuhutav puidust h\u00fctte kui peotelk otse internetis aadressil Dodo-Inflatables.com | Paljud mudelid laos | Kiire tarne | Parim kvaliteet","robots":{"index":"index","follow":"follow","max-snippet":"max-snippet:-1","max-image-preview":"max-image-preview:large","max-video-preview":"max-video-preview:-1"},"canonical":"https:\/\/dodo-inflatables.com\/et\/toode\/taispuhutav-alpikuurmaja\/","twitter_misc":{"Est. reading time":"2 minutit"},"schema":{"@context":"https:\/\/schema.org","@graph":[{"@type":"WebPage","@id":"https:\/\/dodo-inflatables.com\/et\/toode\/taispuhutav-alpikuurmaja\/","url":"https:\/\/dodo-inflatables.com\/et\/toode\/taispuhutav-alpikuurmaja\/","name":"Osta t\u00e4ispuhutavad alpikuurid ja puukuurid | Dodo-Inflatables.com","isPartOf":{"@id":"https:\/\/dodo-inflatables.com\/et\/#website"},"primaryImageOfPage":{"@id":"https:\/\/dodo-inflatables.com\/et\/toode\/taispuhutav-alpikuurmaja\/#primaryimage"},"image":{"@id":"https:\/\/dodo-inflatables.com\/et\/toode\/taispuhutav-alpikuurmaja\/#primaryimage"},"thumbnailUrl":"https:\/\/dodo-inflatables.com\/wp-content\/uploads\/2021\/01\/Aufblasbare-Almhuette-Partyzelt-kaufen_0006_Ebene-3.jpg","datePublished":"2021-01-18T11:17:14+00:00","dateModified":"2024-07-17T13:24:07+00:00","description":"Osta meie t\u00e4ispuhutav puidust h\u00fctte kui peotelk otse internetis aadressil Dodo-Inflatables.com | Paljud mudelid laos | Kiire tarne | Parim kvaliteet","breadcrumb":{"@id":"https:\/\/dodo-inflatables.com\/et\/toode\/taispuhutav-alpikuurmaja\/#breadcrumb"},"inLanguage":"et","potentialAction":[{"@type":"ReadAction","target":["https:\/\/dodo-inflatables.com\/et\/toode\/taispuhutav-alpikuurmaja\/"]}]},{"@type":"ImageObject","inLanguage":"et","@id":"https:\/\/dodo-inflatables.com\/et\/toode\/taispuhutav-alpikuurmaja\/#primaryimage","url":"https:\/\/dodo-inflatables.com\/wp-content\/uploads\/2021\/01\/Aufblasbare-Almhuette-Partyzelt-kaufen_0006_Ebene-3.jpg","contentUrl":"https:\/\/dodo-inflatables.com\/wp-content\/uploads\/2021\/01\/Aufblasbare-Almhuette-Partyzelt-kaufen_0006_Ebene-3.jpg","width":500,"height":500},{"@type":"BreadcrumbList","@id":"https:\/\/dodo-inflatables.com\/et\/toode\/taispuhutav-alpikuurmaja\/#breadcrumb","itemListElement":[{"@type":"ListItem","position":1,"name":"Home","item":"https:\/\/dodo-inflatables.com\/et\/"},{"@type":"ListItem","position":2,"name":"Kauplus","item":"https:\/\/dodo-inflatables.com\/et\/?page_id=16798"},{"@type":"ListItem","position":3,"name":"T\u00e4ispuhutav alpikuurmaja"}]},{"@type":"WebSite","@id":"https:\/\/dodo-inflatables.com\/et\/#website","url":"https:\/\/dodo-inflatables.com\/et\/","name":"dodo-inflatables.com","description":"Ostke meie poest h\u00fcppelossi ja atraktsioone.","publisher":{"@id":"https:\/\/dodo-inflatables.com\/et\/#organization"},"potentialAction":[{"@type":"SearchAction","target":{"@type":"EntryPoint","urlTemplate":"https:\/\/dodo-inflatables.com\/et\/?s={search_term_string}"},"query-input":{"@type":"PropertyValueSpecification","valueRequired":true,"valueName":"search_term_string"}}],"inLanguage":"et"},{"@type":"Organization","@id":"https:\/\/dodo-inflatables.com\/et\/#organization","name":"dodo-inflatables.com","url":"https:\/\/dodo-inflatables.com\/et\/","logo":{"@type":"ImageObject","inLanguage":"et","@id":"https:\/\/dodo-inflatables.com\/et\/#\/schema\/logo\/image\/","url":"https:\/\/dodo-inflatables.com\/wp-content\/uploads\/2023\/04\/cropped-cropped-cropped-Dodo-Logo.png","contentUrl":"https:\/\/dodo-inflatables.com\/wp-content\/uploads\/2023\/04\/cropped-cropped-cropped-Dodo-Logo.png","width":2996,"height":1545,"caption":"dodo-inflatables.com"},"image":{"@id":"https:\/\/dodo-inflatables.com\/et\/#\/schema\/logo\/image\/"}}]}},"uagb_featured_image_src":{"full":["https:\/\/dodo-inflatables.com\/wp-content\/uploads\/2021\/01\/Aufblasbare-Almhuette-Partyzelt-kaufen_0006_Ebene-3.jpg",500,500,false],"thumbnail":["https:\/\/dodo-inflatables.com\/wp-content\/uploads\/2021\/01\/Aufblasbare-Almhuette-Partyzelt-kaufen_0006_Ebene-3-150x150.jpg",150,150,true],"medium":["https:\/\/dodo-inflatables.com\/wp-content\/uploads\/2021\/01\/Aufblasbare-Almhuette-Partyzelt-kaufen_0006_Ebene-3-300x300.jpg",300,300,true],"medium_large":["https:\/\/dodo-inflatables.com\/wp-content\/uploads\/2021\/01\/Aufblasbare-Almhuette-Partyzelt-kaufen_0006_Ebene-3.jpg",500,500,false],"large":["https:\/\/dodo-inflatables.com\/wp-content\/uploads\/2021\/01\/Aufblasbare-Almhuette-Partyzelt-kaufen_0006_Ebene-3.jpg",500,500,false],"1536x1536":["https:\/\/dodo-inflatables.com\/wp-content\/uploads\/2021\/01\/Aufblasbare-Almhuette-Partyzelt-kaufen_0006_Ebene-3.jpg",500,500,false],"2048x2048":["https:\/\/dodo-inflatables.com\/wp-content\/uploads\/2021\/01\/Aufblasbare-Almhuette-Partyzelt-kaufen_0006_Ebene-3.jpg",500,500,false],"woocommerce_thumbnail":["https:\/\/dodo-inflatables.com\/wp-content\/uploads\/2021\/01\/Aufblasbare-Almhuette-Partyzelt-kaufen_0006_Ebene-3.jpg",500,500,false],"woocommerce_single":["https:\/\/dodo-inflatables.com\/wp-content\/uploads\/2021\/01\/Aufblasbare-Almhuette-Partyzelt-kaufen_0006_Ebene-3.jpg",500,500,false],"woocommerce_gallery_thumbnail":["https:\/\/dodo-inflatables.com\/wp-content\/uploads\/2021\/01\/Aufblasbare-Almhuette-Partyzelt-kaufen_0006_Ebene-3-100x100.jpg",100,100,true]},"uagb_author_info":{"display_name":"Andreas","author_link":"https:\/\/dodo-inflatables.com\/et\/author\/"},"uagb_comment_info":0,"uagb_excerpt":"M\u00f5\u00f5tmed (pikkus x laius x k\u00f5rgus): 6,00 m x 4,00 m x 6,20 m * Professionaalne moodul - sobib \u00e4ri- ja erakasutuseks PVC (0,55 mm \/ 621,3 g\/m2 ) 2 - 4-kordne \u00f5mblus (s\u00f5ltuvalt koormusest) Tulekindlad","_links":{"self":[{"href":"https:\/\/dodo-inflatables.com\/et\/wp-json\/wp\/v2\/product\/19589","targetHints":{"allow":["GET"]}}],"collection":[{"href":"https:\/\/dodo-inflatables.com\/et\/wp-json\/wp\/v2\/product"}],"about":[{"href":"https:\/\/dodo-inflatables.com\/et\/wp-json\/wp\/v2\/types\/product"}],"replies":[{"embeddable":true,"href":"https:\/\/dodo-inflatables.com\/et\/wp-json\/wp\/v2\/comments?post=19589"}],"wp:featuredmedia":[{"embeddable":true,"href":"https:\/\/dodo-inflatables.com\/et\/wp-json\/wp\/v2\/media\/19594"}],"wp:attachment":[{"href":"https:\/\/dodo-inflatables.com\/et\/wp-json\/wp\/v2\/media?parent=19589"}],"wp:term":[{"taxonomy":"product_brand","embeddable":true,"href":"https:\/\/dodo-inflatables.com\/et\/wp-json\/wp\/v2\/product_brand?post=19589"},{"taxonomy":"product_cat","embeddable":true,"href":"https:\/\/dodo-inflatables.com\/et\/wp-json\/wp\/v2\/product_cat?post=19589"},{"taxonomy":"product_tag","embeddable":true,"href":"https:\/\/dodo-inflatables.com\/et\/wp-json\/wp\/v2\/product_tag?post=19589"}],"curies":[{"name":"wp","href":"https:\/\/api.w.org\/{rel}","templated":true}]}}