{"id":19713,"date":"2020-11-04T12:03:52","date_gmt":"2020-11-04T11:03:52","guid":{"rendered":"https:\/\/dodo-inflatables.com\/product\/huppelaud-lossi-slaidiga-lobustusplats\/"},"modified":"2026-04-17T10:12:47","modified_gmt":"2026-04-17T08:12:47","slug":"huppelaud-lossi-slaidiga-lobustusplats","status":"publish","type":"product","link":"https:\/\/dodo-inflatables.com\/et\/toode\/huppelaud-lossi-slaidiga-lobustusplats\/","title":{"rendered":"H\u00fcppelaud lossi slaidiga l\u00f5bustusplats"},"content":{"rendered":"<h2>Osta T\u00e4ispuhutav l\u00f5bustuslaat Slide Bouncy Castle<\/h2>\n<p>  Meie liuguri ja ahviga h\u00fcppelinnak p\u00f5rkeraja disainis on ideaalne valik noortele laadaliste entusiastidele. H\u00fcppelinnak pakub lastele p\u00f5nevat h\u00fcppamis- ja libisemiseelamust, samas kui m\u00e4nguline p\u00f5rkeraua disain koos r\u00f5\u00f5msameelse ahviga lisab lisahuvi. H\u00fcppelinn on eestpoolt t\u00e4ielikult suletud ja lium\u00e4gi on kaetud, mis muudab lium\u00e4ega h\u00fcppelinnaku eriti turvaliseks. Funfair Slide Bouncy Castle on varustatud sobiva transpordikotiga ja seda saab h\u00f5lpsasti \u00fcles seada umbes 10 minutiga. Pakett sisaldab h\u00fcppelinnakut, transpordikotti ja remondikomplekti. Pange t\u00e4hele, et puhur ja maapealne lina ei kuulu komplekti. Leiad need meie <a href=\"https:\/\/dodo-inflatables.com\/product-category\/accessories\/\">tarvikute kategooriast<\/a>. M\u00f5lemad pakutavad puhurid<a href=\"https:\/\/dodo-inflatables.com\/product\/huawei-blower\/\">(Huawei<\/a> ja <a href=\"https:\/\/dodo-inflatables.com\/product\/gibbons-blower\/\">Gibbons<\/a>) sobivad h\u00fcppelinnuse jaoks. Vastupidavast PVC-plaadist (0,55 mm \/ 621,3 g\/m2) valmistatud ja DIN EN 14960 kohaselt sertifitseeritud Funfair Slide Bouncy Castle on kvaliteetne toode, mis vastab k\u00f5rgeimatele ohutusstandarditele. Palun kasutage h\u00fcppelinnakut ainult sobival <a href=\"https:\/\/dodo-inflatables.com\/product\/ground-sheet-5-x-6-m\/\">alusplaadil<\/a>, et kaitsta seda maapinnal olevate teravate esemete ja h\u00f5\u00f5rdumise eest. Soovitame h\u00fcppelinnakut p\u00fcstitada muruplatsile ja kinnitada see meie <a href=\"https:\/\/dodo-inflatables.com\/product\/ground-pegs-bouncy-castle\/\">maa-ankritega<\/a>, et tagada maksimaalne ohutus. P\u00e4rast iga kasutamist tuleb h\u00fcppelinnus kuivatada ja korralikult pakendada, et kaitsta seda v\u00e4lism\u00f5jude ja transpordikahjustuste eest.  <\/p>\n<h3><strong>\u00dcksikasjad Funfair Slide Bouncy Castle&#8217;i kohta<\/strong><\/h3>\n<ul>\n<li>M\u00f5\u00f5tmed (pikkus x laius x k\u00f5rgus): 7,00 m x 4,00 m x 4,60 m *<\/li>\n<li>Slaidi k\u00f5rgus: 1,90 m pluss 60 cm p\u00f5randak\u00f5rgus *<\/li>\n<li>Kaal: umbes. 190 kg *<\/li>\n<li>Pakendi suurus: 100 x 100 x 120 cm *<\/li>\n<li>Seadistamisaeg: 10 minutit<\/li>\n<li>Materjal: PVC (0,55 mm \/ 621,3 g\/m2): PVC (0,55 mm \/ 621,3 g\/m2)<\/li>\n<li>2-4 korda \u00f5mmeldud (s\u00f5ltuvalt kasutusest)<\/li>\n<li>Tulekindlad<\/li>\n<li>Vastavussertifikaat vastavalt standardile EN 14960<\/li>\n<li>P\u00f5rgutav pind kaitsvate triipudega, t\u00f5mblukk koos velcro-kattega, nurgad tugevdatud<\/li>\n<\/ul>\n<p>  Komplektis on: h\u00fcppelinn, transpordikott ja remondikomplekt Funfair Slide Bouncy Castle on professionaalne moodul, mis on valmistatud ja testitud vastavalt DIN EN 14960 rangetele suunistele, mis t\u00e4hendab, et see on ohutu ja usaldusv\u00e4\u00e4rne. Seet\u00f5ttu sobib Funfair Slide Bouncy Castle suurep\u00e4raselt professionaalseks rendiks. Palun pange t\u00e4hele, et h\u00fcppelinnakusse on lubatud ainult lapsed, t\u00e4iskasvanuid ei lubata! Pange t\u00e4hele, et puhur (ei kuulu komplekti) peab kasutamise ajal pidevalt t\u00f6\u00f6tama ja et h\u00fcppelinnuse l\u00f5hkemise v\u00e4ltimiseks on vaja v\u00e4ikest \u00f5huv\u00e4ljap\u00e4\u00e4su aukude kaudu. Hankige Funfair Slide Bouncy Castle n\u00fc\u00fcd ja kogege unustamatuid hetki t\u00e4is l\u00f5bu ja seiklusi! * Kaal ja m\u00f5\u00f5tmed on ligikaudsed ja v\u00f5ivad veidi erineda.<\/p>\n","protected":false},"excerpt":{"rendered":"<p><i class=\"fa fa-arrows-alt\"><\/i>  M\u00f5\u00f5tmed (pikkus x laius x k\u00f5rgus): 7,00 m x 4,00 m x 4,60 m* <i class=\"fa fa-child\"><\/i> Sobib umbes 10 lapsele (s\u00f5ltuvalt vanusest ja suurusest) <i class=\"fa fa-check\"><\/i> Professionaalne moodul &#8211; sobib \u00e4ri- ja erakasutuseks <i class=\"fa fa-square\"><\/i> PVC (0,55 mm \/ 621,3 g\/m\u00b2) <i class=\"fa fa-align-justify\"><\/i> 2-4 korda \u00f5mmeldud (s\u00f5ltuvalt kasutusest) <i class=\"fa fa-fire\"><\/i> Tulekindel <i class=\"fa fa-certificate\"><\/i> Sertifitseerimine vastavalt EN 14960 <i class=\"fas fa-edit\"><\/i> Sisaldab individuaalset seerianumbrit.<\/p>\n","protected":false},"featured_media":91978,"comment_status":"open","ping_status":"closed","template":"","meta":{"_acf_changed":false,"_uag_custom_page_level_css":"","site-sidebar-layout":"default","site-content-layout":"boxed-container","ast-site-content-layout":"normal-width-container","site-content-style":"boxed","site-sidebar-style":"boxed","ast-global-header-display":"","ast-banner-title-visibility":"","ast-main-header-display":"","ast-hfb-above-header-display":"","ast-hfb-below-header-display":"","ast-hfb-mobile-header-display":"","site-post-title":"disabled","ast-breadcrumbs-content":"","ast-featured-img":"","footer-sml-layout":"","ast-disable-related-posts":"","theme-transparent-header-meta":"default","adv-header-id-meta":"","stick-header-meta":"default","header-above-stick-meta":"","header-main-stick-meta":"","header-below-stick-meta":"","astra-migrate-meta-layouts":"default","ast-page-background-enabled":"default","ast-page-background-meta":{"desktop":{"background-color":"var(--ast-global-color-4)","background-image":"","background-repeat":"repeat","background-position":"center center","background-size":"auto","background-attachment":"scroll","background-type":"","background-media":"","overlay-type":"","overlay-color":"","overlay-opacity":"","overlay-gradient":""},"tablet":{"background-color":"","background-image":"","background-repeat":"repeat","background-position":"center center","background-size":"auto","background-attachment":"scroll","background-type":"","background-media":"","overlay-type":"","overlay-color":"","overlay-opacity":"","overlay-gradient":""},"mobile":{"background-color":"","background-image":"","background-repeat":"repeat","background-position":"center center","background-size":"auto","background-attachment":"scroll","background-type":"","background-media":"","overlay-type":"","overlay-color":"","overlay-opacity":"","overlay-gradient":""}},"ast-content-background-meta":{"desktop":{"background-color":"var(--ast-global-color-5)","background-image":"","background-repeat":"repeat","background-position":"center center","background-size":"auto","background-attachment":"scroll","background-type":"","background-media":"","overlay-type":"","overlay-color":"","overlay-opacity":"","overlay-gradient":""},"tablet":{"background-color":"var(--ast-global-color-5)","background-image":"","background-repeat":"repeat","background-position":"center center","background-size":"auto","background-attachment":"scroll","background-type":"","background-media":"","overlay-type":"","overlay-color":"","overlay-opacity":"","overlay-gradient":""},"mobile":{"background-color":"var(--ast-global-color-5)","background-image":"","background-repeat":"repeat","background-position":"center center","background-size":"auto","background-attachment":"scroll","background-type":"","background-media":"","overlay-type":"","overlay-color":"","overlay-opacity":"","overlay-gradient":""}}},"product_brand":[],"product_cat":[6874,6925,6976,1963],"product_tag":[7151,7173,7177,7226],"class_list":{"0":"post-19713","1":"product","2":"type-product","3":"status-publish","4":"has-post-thumbnail","6":"product_cat-koik-batuudid","7":"product_cat-batuudid-poistele-ja-tudrukutele","8":"product_cat-batuudid-liumaega-2","9":"product_cat-taispuhutavad-liumaed","10":"product_tag-geblase-1-5ps","11":"product_tag-geblase-2ps","12":"product_tag-mit-rutsche","13":"product_tag-tuv","14":"product_shipping_class-spedition-hupfburg-et","15":"pa_gtin-0664965405906-et","16":"pa_height-460-m-500-m-et-3","17":"pa_length-660-m-700-m-et","18":"pa_type-of-bouncy-castle-slide-et-2","19":"pa_width-360-m-400-m-et-2","20":"desktop-align-center","21":"tablet-align-center","22":"mobile-align-center","23":"ast-product-gallery-layout-horizontal","24":"ast-product-tabs-layout-horizontal","26":"first","27":"instock","28":"taxable","29":"shipping-taxable","30":"purchasable","31":"product-type-simple"},"acf":[],"yoast_head":"<!-- This site is optimized with the Yoast SEO plugin v27.5 - https:\/\/yoast.com\/product\/yoast-seo-wordpress\/ -->\n<title>Osta meie l\u00f5bus\u00f5idulaat Inflatable Slide | Dodo-Inflatables.com<\/title>\n<meta name=\"description\" content=\"Osta meie armas l\u00f5bustuspark t\u00e4ispuhutavad lium\u00e4e h\u00fcppelinnakud online Dodo-Inflatables.com | Lai valik laos | Sertifitseeritud vastavalt EN14960 | \u00d5iglased hinnad\" \/>\n<meta name=\"robots\" content=\"index, follow, max-snippet:-1, max-image-preview:large, max-video-preview:-1\" \/>\n<link rel=\"canonical\" href=\"https:\/\/dodo-inflatables.com\/et\/toode\/huppelaud-lossi-slaidiga-lobustusplats\/\" \/>\n<meta name=\"twitter:label1\" content=\"Est. reading time\" \/>\n\t<meta name=\"twitter:data1\" content=\"2 minutit\" \/>\n<script type=\"application\/ld+json\" class=\"yoast-schema-graph\">{\"@context\":\"https:\\\/\\\/schema.org\",\"@graph\":[{\"@type\":\"WebPage\",\"@id\":\"https:\\\/\\\/dodo-inflatables.com\\\/et\\\/toode\\\/huppelaud-lossi-slaidiga-lobustusplats\\\/\",\"url\":\"https:\\\/\\\/dodo-inflatables.com\\\/et\\\/toode\\\/huppelaud-lossi-slaidiga-lobustusplats\\\/\",\"name\":\"Osta meie l\u00f5bus\u00f5idulaat Inflatable Slide | Dodo-Inflatables.com\",\"isPartOf\":{\"@id\":\"https:\\\/\\\/dodo-inflatables.com\\\/et\\\/#website\"},\"primaryImageOfPage\":{\"@id\":\"https:\\\/\\\/dodo-inflatables.com\\\/et\\\/toode\\\/huppelaud-lossi-slaidiga-lobustusplats\\\/#primaryimage\"},\"image\":{\"@id\":\"https:\\\/\\\/dodo-inflatables.com\\\/et\\\/toode\\\/huppelaud-lossi-slaidiga-lobustusplats\\\/#primaryimage\"},\"thumbnailUrl\":\"https:\\\/\\\/dodo-inflatables.com\\\/wp-content\\\/uploads\\\/2020\\\/11\\\/Bouncy-Castle-Slide-Funfair3.jpg\",\"datePublished\":\"2020-11-04T11:03:52+00:00\",\"dateModified\":\"2026-04-17T08:12:47+00:00\",\"description\":\"Osta meie armas l\u00f5bustuspark t\u00e4ispuhutavad lium\u00e4e h\u00fcppelinnakud online Dodo-Inflatables.com | Lai valik laos | Sertifitseeritud vastavalt EN14960 | \u00d5iglased hinnad\",\"breadcrumb\":{\"@id\":\"https:\\\/\\\/dodo-inflatables.com\\\/et\\\/toode\\\/huppelaud-lossi-slaidiga-lobustusplats\\\/#breadcrumb\"},\"inLanguage\":\"et\",\"potentialAction\":[{\"@type\":\"ReadAction\",\"target\":[\"https:\\\/\\\/dodo-inflatables.com\\\/et\\\/toode\\\/huppelaud-lossi-slaidiga-lobustusplats\\\/\"]}]},{\"@type\":\"ImageObject\",\"inLanguage\":\"et\",\"@id\":\"https:\\\/\\\/dodo-inflatables.com\\\/et\\\/toode\\\/huppelaud-lossi-slaidiga-lobustusplats\\\/#primaryimage\",\"url\":\"https:\\\/\\\/dodo-inflatables.com\\\/wp-content\\\/uploads\\\/2020\\\/11\\\/Bouncy-Castle-Slide-Funfair3.jpg\",\"contentUrl\":\"https:\\\/\\\/dodo-inflatables.com\\\/wp-content\\\/uploads\\\/2020\\\/11\\\/Bouncy-Castle-Slide-Funfair3.jpg\",\"width\":1000,\"height\":1000},{\"@type\":\"BreadcrumbList\",\"@id\":\"https:\\\/\\\/dodo-inflatables.com\\\/et\\\/toode\\\/huppelaud-lossi-slaidiga-lobustusplats\\\/#breadcrumb\",\"itemListElement\":[{\"@type\":\"ListItem\",\"position\":1,\"name\":\"Home\",\"item\":\"https:\\\/\\\/dodo-inflatables.com\\\/et\\\/\"},{\"@type\":\"ListItem\",\"position\":2,\"name\":\"Kauplus\",\"item\":\"https:\\\/\\\/dodo-inflatables.com\\\/et\\\/kauplus\\\/\"},{\"@type\":\"ListItem\",\"position\":3,\"name\":\"H\u00fcppelaud lossi slaidiga l\u00f5bustusplats\"}]},{\"@type\":\"WebSite\",\"@id\":\"https:\\\/\\\/dodo-inflatables.com\\\/et\\\/#website\",\"url\":\"https:\\\/\\\/dodo-inflatables.com\\\/et\\\/\",\"name\":\"dodo-inflatables.com\",\"description\":\"Ostke meie poest h\u00fcppelossi ja atraktsioone.\",\"potentialAction\":[{\"@type\":\"SearchAction\",\"target\":{\"@type\":\"EntryPoint\",\"urlTemplate\":\"https:\\\/\\\/dodo-inflatables.com\\\/et\\\/?s={search_term_string}\"},\"query-input\":{\"@type\":\"PropertyValueSpecification\",\"valueRequired\":true,\"valueName\":\"search_term_string\"}}],\"inLanguage\":\"et\"}]}<\/script>\n<!-- \/ Yoast SEO plugin. -->","yoast_head_json":{"title":"Osta meie l\u00f5bus\u00f5idulaat Inflatable Slide | Dodo-Inflatables.com","description":"Osta meie armas l\u00f5bustuspark t\u00e4ispuhutavad lium\u00e4e h\u00fcppelinnakud online Dodo-Inflatables.com | Lai valik laos | Sertifitseeritud vastavalt EN14960 | \u00d5iglased hinnad","robots":{"index":"index","follow":"follow","max-snippet":"max-snippet:-1","max-image-preview":"max-image-preview:large","max-video-preview":"max-video-preview:-1"},"canonical":"https:\/\/dodo-inflatables.com\/et\/toode\/huppelaud-lossi-slaidiga-lobustusplats\/","twitter_misc":{"Est. reading time":"2 minutit"},"schema":{"@context":"https:\/\/schema.org","@graph":[{"@type":"WebPage","@id":"https:\/\/dodo-inflatables.com\/et\/toode\/huppelaud-lossi-slaidiga-lobustusplats\/","url":"https:\/\/dodo-inflatables.com\/et\/toode\/huppelaud-lossi-slaidiga-lobustusplats\/","name":"Osta meie l\u00f5bus\u00f5idulaat Inflatable Slide | Dodo-Inflatables.com","isPartOf":{"@id":"https:\/\/dodo-inflatables.com\/et\/#website"},"primaryImageOfPage":{"@id":"https:\/\/dodo-inflatables.com\/et\/toode\/huppelaud-lossi-slaidiga-lobustusplats\/#primaryimage"},"image":{"@id":"https:\/\/dodo-inflatables.com\/et\/toode\/huppelaud-lossi-slaidiga-lobustusplats\/#primaryimage"},"thumbnailUrl":"https:\/\/dodo-inflatables.com\/wp-content\/uploads\/2020\/11\/Bouncy-Castle-Slide-Funfair3.jpg","datePublished":"2020-11-04T11:03:52+00:00","dateModified":"2026-04-17T08:12:47+00:00","description":"Osta meie armas l\u00f5bustuspark t\u00e4ispuhutavad lium\u00e4e h\u00fcppelinnakud online Dodo-Inflatables.com | Lai valik laos | Sertifitseeritud vastavalt EN14960 | \u00d5iglased hinnad","breadcrumb":{"@id":"https:\/\/dodo-inflatables.com\/et\/toode\/huppelaud-lossi-slaidiga-lobustusplats\/#breadcrumb"},"inLanguage":"et","potentialAction":[{"@type":"ReadAction","target":["https:\/\/dodo-inflatables.com\/et\/toode\/huppelaud-lossi-slaidiga-lobustusplats\/"]}]},{"@type":"ImageObject","inLanguage":"et","@id":"https:\/\/dodo-inflatables.com\/et\/toode\/huppelaud-lossi-slaidiga-lobustusplats\/#primaryimage","url":"https:\/\/dodo-inflatables.com\/wp-content\/uploads\/2020\/11\/Bouncy-Castle-Slide-Funfair3.jpg","contentUrl":"https:\/\/dodo-inflatables.com\/wp-content\/uploads\/2020\/11\/Bouncy-Castle-Slide-Funfair3.jpg","width":1000,"height":1000},{"@type":"BreadcrumbList","@id":"https:\/\/dodo-inflatables.com\/et\/toode\/huppelaud-lossi-slaidiga-lobustusplats\/#breadcrumb","itemListElement":[{"@type":"ListItem","position":1,"name":"Home","item":"https:\/\/dodo-inflatables.com\/et\/"},{"@type":"ListItem","position":2,"name":"Kauplus","item":"https:\/\/dodo-inflatables.com\/et\/kauplus\/"},{"@type":"ListItem","position":3,"name":"H\u00fcppelaud lossi slaidiga l\u00f5bustusplats"}]},{"@type":"WebSite","@id":"https:\/\/dodo-inflatables.com\/et\/#website","url":"https:\/\/dodo-inflatables.com\/et\/","name":"dodo-inflatables.com","description":"Ostke meie poest h\u00fcppelossi ja atraktsioone.","potentialAction":[{"@type":"SearchAction","target":{"@type":"EntryPoint","urlTemplate":"https:\/\/dodo-inflatables.com\/et\/?s={search_term_string}"},"query-input":{"@type":"PropertyValueSpecification","valueRequired":true,"valueName":"search_term_string"}}],"inLanguage":"et"}]}},"uagb_featured_image_src":{"full":["https:\/\/dodo-inflatables.com\/wp-content\/uploads\/2020\/11\/Bouncy-Castle-Slide-Funfair3.jpg",1000,1000,false],"thumbnail":["https:\/\/dodo-inflatables.com\/wp-content\/uploads\/2020\/11\/Bouncy-Castle-Slide-Funfair3-150x150.jpg",150,150,true],"medium":["https:\/\/dodo-inflatables.com\/wp-content\/uploads\/2020\/11\/Bouncy-Castle-Slide-Funfair3-300x300.jpg",300,300,true],"medium_large":["https:\/\/dodo-inflatables.com\/wp-content\/uploads\/2020\/11\/Bouncy-Castle-Slide-Funfair3-768x768.jpg",768,768,true],"large":["https:\/\/dodo-inflatables.com\/wp-content\/uploads\/2020\/11\/Bouncy-Castle-Slide-Funfair3.jpg",1000,1000,false],"1536x1536":["https:\/\/dodo-inflatables.com\/wp-content\/uploads\/2020\/11\/Bouncy-Castle-Slide-Funfair3.jpg",1000,1000,false],"2048x2048":["https:\/\/dodo-inflatables.com\/wp-content\/uploads\/2020\/11\/Bouncy-Castle-Slide-Funfair3.jpg",1000,1000,false],"woocommerce_thumbnail":["https:\/\/dodo-inflatables.com\/wp-content\/uploads\/2020\/11\/Bouncy-Castle-Slide-Funfair3-900x900.jpg",900,900,true],"woocommerce_single":["https:\/\/dodo-inflatables.com\/wp-content\/uploads\/2020\/11\/Bouncy-Castle-Slide-Funfair3-900x900.jpg",900,900,true],"woocommerce_gallery_thumbnail":["https:\/\/dodo-inflatables.com\/wp-content\/uploads\/2020\/11\/Bouncy-Castle-Slide-Funfair3-100x100.jpg",100,100,true]},"uagb_author_info":{"display_name":"Andreas","author_link":"https:\/\/dodo-inflatables.com\/et\/author\/"},"uagb_comment_info":0,"uagb_excerpt":"M\u00f5\u00f5tmed (pikkus x laius x k\u00f5rgus): 7,00 m x 4,00 m x 4,60 m* Sobib umbes 10 lapsele (s\u00f5ltuvalt vanusest ja suurusest) Professionaalne moodul - sobib \u00e4ri- ja erakasutuseks PVC (0,55 mm \/ 621,3 g\/m\u00b2) 2-4 korda \u00f5mmeldud (s\u00f5ltuvalt kasutusest) Tulekindel Sertifitseerimine vastavalt EN 14960 Sisaldab individuaalset seerianumbrit.","_links":{"self":[{"href":"https:\/\/dodo-inflatables.com\/et\/wp-json\/wp\/v2\/product\/19713","targetHints":{"allow":["GET"]}}],"collection":[{"href":"https:\/\/dodo-inflatables.com\/et\/wp-json\/wp\/v2\/product"}],"about":[{"href":"https:\/\/dodo-inflatables.com\/et\/wp-json\/wp\/v2\/types\/product"}],"replies":[{"embeddable":true,"href":"https:\/\/dodo-inflatables.com\/et\/wp-json\/wp\/v2\/comments?post=19713"}],"wp:featuredmedia":[{"embeddable":true,"href":"https:\/\/dodo-inflatables.com\/et\/wp-json\/wp\/v2\/media\/91978"}],"wp:attachment":[{"href":"https:\/\/dodo-inflatables.com\/et\/wp-json\/wp\/v2\/media?parent=19713"}],"wp:term":[{"taxonomy":"product_brand","embeddable":true,"href":"https:\/\/dodo-inflatables.com\/et\/wp-json\/wp\/v2\/product_brand?post=19713"},{"taxonomy":"product_cat","embeddable":true,"href":"https:\/\/dodo-inflatables.com\/et\/wp-json\/wp\/v2\/product_cat?post=19713"},{"taxonomy":"product_tag","embeddable":true,"href":"https:\/\/dodo-inflatables.com\/et\/wp-json\/wp\/v2\/product_tag?post=19713"}],"curies":[{"name":"wp","href":"https:\/\/api.w.org\/{rel}","templated":true}]}}