{"id":20513,"date":"2022-07-24T14:24:45","date_gmt":"2022-07-24T12:24:45","guid":{"rendered":"https:\/\/dodo-inflatables.com\/product\/huppelaud-tuletorjeosakond-mini\/"},"modified":"2024-08-24T08:48:48","modified_gmt":"2024-08-24T06:48:48","slug":"huppelaud-tuletorjeosakond-mini","status":"publish","type":"product","link":"https:\/\/dodo-inflatables.com\/et\/toode\/huppelaud-tuletorjeosakond-mini\/","title":{"rendered":"H\u00fcppelaud tulet\u00f5rjeosakond Mini"},"content":{"rendered":"<h2>Osta Tulet\u00f5rje minih\u00fcppelinnus<\/h2>\n<p>  Tulet\u00f5rje mini h\u00fcppelinnak on p\u00f5nev seiklus v\u00e4ikestele tulet\u00f5rjujatele. Detailse tulet\u00f5rjeauto kujunduse ja elavate v\u00e4rvidega r\u00f5\u00f5mustab lapsi juba esimesel pilgul. Katus kaitseb lapsi tugeva p\u00e4ikese v\u00f5i kerge vihma korral. Ja t\u00e4nu t\u00e4iesti suletud seintele saavad isegi v\u00e4ikesed lapsed selles h\u00fcppelinnakus m\u00e4ngida ja ringi joosta. T\u00e4nu oma kompaktsele suurusele sobib h\u00fcppelinnak suurep\u00e4raselt ka v\u00e4iksematesse aedadesse. Tulet\u00f5rje Mini Bouncy Castle on varustatud sobiva transpordikotiga ja seda saab h\u00f5lpsasti \u00fcles panna umbes 10 minutiga. Pakett sisaldab h\u00fcppelinnakut, transpordikotti ja remondikomplekti. Pange t\u00e4hele, et puhur ja maapealne lina ei kuulu komplekti. Leiad need meie <a href=\"https:\/\/dodo-inflatables.com\/product-category\/accessories\/\">tarvikute kategooriast<\/a>. M\u00f5lemad pakutavad puhurid<a href=\"https:\/\/dodo-inflatables.com\/product\/huawei-blower\/\">(Huawei<\/a> ja <a href=\"https:\/\/dodo-inflatables.com\/product\/gibbons-blower\/\">Gibbons<\/a>) sobivad h\u00fcppelinnuse jaoks. Vastupidavast PVC-plaadist (0,55 mm \/ 621,3 g\/m2) valmistatud ja DIN EN 14960 kohaselt sertifitseeritud tulet\u00f5rje minih\u00fcppelinnus on kvaliteetne toode, mis vastab k\u00f5rgeimatele ohutusstandarditele. Palun kasutage h\u00fcppelinnakut ainult sobival <a href=\"https:\/\/dodo-inflatables.com\/product\/ground-sheet-5-x-6-m\/\">alusplaadil<\/a>, et kaitsta seda maapinnal olevate teravate esemete ja h\u00f5\u00f5rdumise eest. Soovitame h\u00fcppelinnakut p\u00fcstitada muruplatsile ja kinnitada see meie <a href=\"https:\/\/dodo-inflatables.com\/product\/ground-pegs-bouncy-castle\/\">maa-ankritega<\/a>, et tagada maksimaalne ohutus. P\u00e4rast iga kasutamist tuleb h\u00fcppelinnus kuivatada ja korralikult pakendada, et kaitsta seda v\u00e4lism\u00f5jude ja transpordikahjustuste eest.  <\/p>\n<h3><strong>Detailid tulet\u00f5rje minih\u00fcppelinnuse kohta<\/strong><\/h3>\n<ul>\n<li>M\u00f5\u00f5tmed (pikkus x laius x k\u00f5rgus): 3,90 m x 4,00 m x 3,40 m *<\/li>\n<li>Vajalik ruum: 9,20 x 7,60 meetrit (pikkus x laius) (vastavalt DIN EN14960)*.<\/li>\n<li>Kaal: umbes. 80 kg *<\/li>\n<li>Pakendi m\u00f5\u00f5tmed: K\u00f5rgus 90 cm, l\u00e4bim\u00f5\u00f5t 70 cm **<\/li>\n<li>Seadistamisaeg: 10 minutit<\/li>\n<li>Materjal: PVC (0,55 mm \/ 621,3 g\/m2): PVC (0,55 mm \/ 621,3 g\/m2)<\/li>\n<li>2-4 korda \u00f5mmeldud (s\u00f5ltuvalt kasutusest)<\/li>\n<li>Tulekindlad<\/li>\n<li>Vastavussertifikaat vastavalt standardile EN 14960<\/li>\n<li>P\u00f5rgutav pind kaitsvate triipudega, t\u00f5mblukk koos velcro-kattega, nurgad tugevdatud<\/li>\n<\/ul>\n<p>  Komplektis on: h\u00fcppelinnus, transpordikott ja remondikomplekt Fire Department Mini Bouncy Castle on professionaalne moodul, mis on valmistatud ja testitud vastavalt DIN EN 14960 rangetele suunistele, mis t\u00e4hendab, et see on ohutu ja usaldusv\u00e4\u00e4rne. Seet\u00f5ttu sobib tulet\u00f5rje mini h\u00fcppelinnak suurep\u00e4raselt professionaalseks rendiks. Palun pange t\u00e4hele, et h\u00fcppelinnakusse on lubatud ainult lapsed, t\u00e4iskasvanuid ei lubata! Pange t\u00e4hele, et puhur (ei kuulu komplekti) peab kasutamise ajal pidevalt t\u00f6\u00f6tama ja et h\u00fcppelinnuse l\u00f5hkemise v\u00e4ltimiseks on vaja v\u00e4ikest \u00f5huv\u00e4ljap\u00e4\u00e4su aukude kaudu. Hankige n\u00fc\u00fcd tulet\u00f5rje mini h\u00fcppelinnak ja kogege unustamatuid hetki t\u00e4is l\u00f5bu ja seiklusi! * Kaal ja m\u00f5\u00f5tmed on ligikaudsed ja v\u00f5ivad veidi erineda.<\/p>\n","protected":false},"excerpt":{"rendered":"<p><i class=\"fa fa-arrows-alt\"><\/i>  M\u00f5\u00f5tmed (pikkus x laius x k\u00f5rgus): 3,90 m x 4,00 m x 3,40 m * <i class=\"fa fa-child\"><\/i> Sobib ca.<br \/>\n6 last (s\u00f5ltuvalt vanusest ja suurusest) <i class=\"fa fa-check\"><\/i> Professionaalne moodul &#8211; sobib \u00e4ri- ja erakasutuseks <i class=\"fa fa-square\"><\/i> PVC (0,55 mm \/ 621,3 g\/m2) <i class=\"fa fa-align-justify\"><\/i> 2-4 korda \u00f5mmeldud (s\u00f5ltuvalt koormusest) <i class=\"fa fa-fire\"><\/i> Tulekindel <i class=\"fa fa-certificate\"><\/i> Sertifitseerimine vastavalt EN 14960 <i class=\"fas fa-edit\"><\/i> Koos individuaalse seerianumbriga. <\/p>\n","protected":false},"featured_media":91469,"comment_status":"open","ping_status":"closed","template":"","meta":{"_acf_changed":false,"_uag_custom_page_level_css":"","site-sidebar-layout":"default","site-content-layout":"boxed-container","ast-site-content-layout":"normal-width-container","site-content-style":"boxed","site-sidebar-style":"boxed","ast-global-header-display":"","ast-banner-title-visibility":"","ast-main-header-display":"","ast-hfb-above-header-display":"","ast-hfb-below-header-display":"","ast-hfb-mobile-header-display":"","site-post-title":"disabled","ast-breadcrumbs-content":"","ast-featured-img":"","footer-sml-layout":"","ast-disable-related-posts":"","theme-transparent-header-meta":"default","adv-header-id-meta":"","stick-header-meta":"default","header-above-stick-meta":"","header-main-stick-meta":"","header-below-stick-meta":"","astra-migrate-meta-layouts":"default","ast-page-background-enabled":"default","ast-page-background-meta":{"desktop":{"background-color":"var(--ast-global-color-4)","background-image":"","background-repeat":"repeat","background-position":"center center","background-size":"auto","background-attachment":"scroll","background-type":"","background-media":"","overlay-type":"","overlay-color":"","overlay-opacity":"","overlay-gradient":""},"tablet":{"background-color":"","background-image":"","background-repeat":"repeat","background-position":"center center","background-size":"auto","background-attachment":"scroll","background-type":"","background-media":"","overlay-type":"","overlay-color":"","overlay-opacity":"","overlay-gradient":""},"mobile":{"background-color":"","background-image":"","background-repeat":"repeat","background-position":"center center","background-size":"auto","background-attachment":"scroll","background-type":"","background-media":"","overlay-type":"","overlay-color":"","overlay-opacity":"","overlay-gradient":""}},"ast-content-background-meta":{"desktop":{"background-color":"var(--ast-global-color-5)","background-image":"","background-repeat":"repeat","background-position":"center center","background-size":"auto","background-attachment":"scroll","background-type":"","background-media":"","overlay-type":"","overlay-color":"","overlay-opacity":"","overlay-gradient":""},"tablet":{"background-color":"var(--ast-global-color-5)","background-image":"","background-repeat":"repeat","background-position":"center center","background-size":"auto","background-attachment":"scroll","background-type":"","background-media":"","overlay-type":"","overlay-color":"","overlay-opacity":"","overlay-gradient":""},"mobile":{"background-color":"var(--ast-global-color-5)","background-image":"","background-repeat":"repeat","background-position":"center center","background-size":"auto","background-attachment":"scroll","background-type":"","background-media":"","overlay-type":"","overlay-color":"","overlay-opacity":"","overlay-gradient":""}}},"product_brand":[],"product_cat":[1962],"product_tag":[1994],"class_list":{"0":"post-20513","1":"product","2":"type-product","3":"status-publish","4":"has-post-thumbnail","6":"product_cat-bouncy-castles-et","7":"product_tag-ilma-slaidita","8":"product_shipping_class-spedition-hupfburg-et","9":"pa_gtin-0645117542571-et","10":"pa_height-310-m-350-m-et","11":"pa_length-360-m-400-m-et","12":"pa_price-under-1-500-e-et","13":"pa_type-of-bouncy-castle-bouncy-castle-without-slide-et","14":"pa_width-360-m-400-m-et-2","15":"desktop-align-center","16":"tablet-align-center","17":"mobile-align-center","18":"ast-product-gallery-layout-horizontal","19":"ast-product-tabs-layout-horizontal","21":"first","22":"instock","23":"taxable","24":"shipping-taxable","25":"purchasable","26":"product-type-simple"},"acf":[],"yoast_head":"<!-- This site is optimized with the Yoast SEO plugin v27.4 - https:\/\/yoast.com\/product\/yoast-seo-wordpress\/ -->\n<title>Osta tulet\u00f5rje mini-h\u00fcppelinnus | Dodo-Inflatables.com<\/title>\n<meta name=\"description\" content=\"Osta meie tulet\u00f5rje Mini h\u00fcppelinnak online dodo-inflatables | Lai valik laos | Sertifitseeritud vastavalt EN14960 | \u00d5iglased hinnad\" \/>\n<meta name=\"robots\" content=\"index, follow, max-snippet:-1, max-image-preview:large, max-video-preview:-1\" \/>\n<link rel=\"canonical\" href=\"https:\/\/dodo-inflatables.com\/et\/toode\/huppelaud-tuletorjeosakond-mini\/\" \/>\n<meta name=\"twitter:label1\" content=\"Est. reading time\" \/>\n\t<meta name=\"twitter:data1\" content=\"2 minutit\" \/>\n<script type=\"application\/ld+json\" class=\"yoast-schema-graph\">{\"@context\":\"https:\\\/\\\/schema.org\",\"@graph\":[{\"@type\":\"WebPage\",\"@id\":\"https:\\\/\\\/dodo-inflatables.com\\\/et\\\/toode\\\/huppelaud-tuletorjeosakond-mini\\\/\",\"url\":\"https:\\\/\\\/dodo-inflatables.com\\\/et\\\/toode\\\/huppelaud-tuletorjeosakond-mini\\\/\",\"name\":\"Osta tulet\u00f5rje mini-h\u00fcppelinnus | Dodo-Inflatables.com\",\"isPartOf\":{\"@id\":\"https:\\\/\\\/dodo-inflatables.com\\\/et\\\/#website\"},\"primaryImageOfPage\":{\"@id\":\"https:\\\/\\\/dodo-inflatables.com\\\/et\\\/toode\\\/huppelaud-tuletorjeosakond-mini\\\/#primaryimage\"},\"image\":{\"@id\":\"https:\\\/\\\/dodo-inflatables.com\\\/et\\\/toode\\\/huppelaud-tuletorjeosakond-mini\\\/#primaryimage\"},\"thumbnailUrl\":\"https:\\\/\\\/dodo-inflatables.com\\\/wp-content\\\/uploads\\\/2022\\\/07\\\/Bouncy-Castle-Fire-Department-Mini11.jpg\",\"datePublished\":\"2022-07-24T12:24:45+00:00\",\"dateModified\":\"2024-08-24T06:48:48+00:00\",\"description\":\"Osta meie tulet\u00f5rje Mini h\u00fcppelinnak online dodo-inflatables | Lai valik laos | Sertifitseeritud vastavalt EN14960 | \u00d5iglased hinnad\",\"breadcrumb\":{\"@id\":\"https:\\\/\\\/dodo-inflatables.com\\\/et\\\/toode\\\/huppelaud-tuletorjeosakond-mini\\\/#breadcrumb\"},\"inLanguage\":\"et\",\"potentialAction\":[{\"@type\":\"ReadAction\",\"target\":[\"https:\\\/\\\/dodo-inflatables.com\\\/et\\\/toode\\\/huppelaud-tuletorjeosakond-mini\\\/\"]}]},{\"@type\":\"ImageObject\",\"inLanguage\":\"et\",\"@id\":\"https:\\\/\\\/dodo-inflatables.com\\\/et\\\/toode\\\/huppelaud-tuletorjeosakond-mini\\\/#primaryimage\",\"url\":\"https:\\\/\\\/dodo-inflatables.com\\\/wp-content\\\/uploads\\\/2022\\\/07\\\/Bouncy-Castle-Fire-Department-Mini11.jpg\",\"contentUrl\":\"https:\\\/\\\/dodo-inflatables.com\\\/wp-content\\\/uploads\\\/2022\\\/07\\\/Bouncy-Castle-Fire-Department-Mini11.jpg\",\"width\":1000,\"height\":1000},{\"@type\":\"BreadcrumbList\",\"@id\":\"https:\\\/\\\/dodo-inflatables.com\\\/et\\\/toode\\\/huppelaud-tuletorjeosakond-mini\\\/#breadcrumb\",\"itemListElement\":[{\"@type\":\"ListItem\",\"position\":1,\"name\":\"Home\",\"item\":\"https:\\\/\\\/dodo-inflatables.com\\\/et\\\/\"},{\"@type\":\"ListItem\",\"position\":2,\"name\":\"Kauplus\",\"item\":\"https:\\\/\\\/dodo-inflatables.com\\\/et\\\/?page_id=16798\"},{\"@type\":\"ListItem\",\"position\":3,\"name\":\"H\u00fcppelaud tulet\u00f5rjeosakond Mini\"}]},{\"@type\":\"WebSite\",\"@id\":\"https:\\\/\\\/dodo-inflatables.com\\\/et\\\/#website\",\"url\":\"https:\\\/\\\/dodo-inflatables.com\\\/et\\\/\",\"name\":\"dodo-inflatables.com\",\"description\":\"Ostke meie poest h\u00fcppelossi ja atraktsioone.\",\"publisher\":{\"@id\":\"https:\\\/\\\/dodo-inflatables.com\\\/et\\\/#organization\"},\"potentialAction\":[{\"@type\":\"SearchAction\",\"target\":{\"@type\":\"EntryPoint\",\"urlTemplate\":\"https:\\\/\\\/dodo-inflatables.com\\\/et\\\/?s={search_term_string}\"},\"query-input\":{\"@type\":\"PropertyValueSpecification\",\"valueRequired\":true,\"valueName\":\"search_term_string\"}}],\"inLanguage\":\"et\"},{\"@type\":\"Organization\",\"@id\":\"https:\\\/\\\/dodo-inflatables.com\\\/et\\\/#organization\",\"name\":\"dodo-inflatables.com\",\"url\":\"https:\\\/\\\/dodo-inflatables.com\\\/et\\\/\",\"logo\":{\"@type\":\"ImageObject\",\"inLanguage\":\"et\",\"@id\":\"https:\\\/\\\/dodo-inflatables.com\\\/et\\\/#\\\/schema\\\/logo\\\/image\\\/\",\"url\":\"https:\\\/\\\/dodo-inflatables.com\\\/wp-content\\\/uploads\\\/2023\\\/04\\\/cropped-cropped-cropped-Dodo-Logo.png\",\"contentUrl\":\"https:\\\/\\\/dodo-inflatables.com\\\/wp-content\\\/uploads\\\/2023\\\/04\\\/cropped-cropped-cropped-Dodo-Logo.png\",\"width\":2996,\"height\":1545,\"caption\":\"dodo-inflatables.com\"},\"image\":{\"@id\":\"https:\\\/\\\/dodo-inflatables.com\\\/et\\\/#\\\/schema\\\/logo\\\/image\\\/\"}}]}<\/script>\n<!-- \/ Yoast SEO plugin. -->","yoast_head_json":{"title":"Osta tulet\u00f5rje mini-h\u00fcppelinnus | Dodo-Inflatables.com","description":"Osta meie tulet\u00f5rje Mini h\u00fcppelinnak online dodo-inflatables | Lai valik laos | Sertifitseeritud vastavalt EN14960 | \u00d5iglased hinnad","robots":{"index":"index","follow":"follow","max-snippet":"max-snippet:-1","max-image-preview":"max-image-preview:large","max-video-preview":"max-video-preview:-1"},"canonical":"https:\/\/dodo-inflatables.com\/et\/toode\/huppelaud-tuletorjeosakond-mini\/","twitter_misc":{"Est. reading time":"2 minutit"},"schema":{"@context":"https:\/\/schema.org","@graph":[{"@type":"WebPage","@id":"https:\/\/dodo-inflatables.com\/et\/toode\/huppelaud-tuletorjeosakond-mini\/","url":"https:\/\/dodo-inflatables.com\/et\/toode\/huppelaud-tuletorjeosakond-mini\/","name":"Osta tulet\u00f5rje mini-h\u00fcppelinnus | Dodo-Inflatables.com","isPartOf":{"@id":"https:\/\/dodo-inflatables.com\/et\/#website"},"primaryImageOfPage":{"@id":"https:\/\/dodo-inflatables.com\/et\/toode\/huppelaud-tuletorjeosakond-mini\/#primaryimage"},"image":{"@id":"https:\/\/dodo-inflatables.com\/et\/toode\/huppelaud-tuletorjeosakond-mini\/#primaryimage"},"thumbnailUrl":"https:\/\/dodo-inflatables.com\/wp-content\/uploads\/2022\/07\/Bouncy-Castle-Fire-Department-Mini11.jpg","datePublished":"2022-07-24T12:24:45+00:00","dateModified":"2024-08-24T06:48:48+00:00","description":"Osta meie tulet\u00f5rje Mini h\u00fcppelinnak online dodo-inflatables | Lai valik laos | Sertifitseeritud vastavalt EN14960 | \u00d5iglased hinnad","breadcrumb":{"@id":"https:\/\/dodo-inflatables.com\/et\/toode\/huppelaud-tuletorjeosakond-mini\/#breadcrumb"},"inLanguage":"et","potentialAction":[{"@type":"ReadAction","target":["https:\/\/dodo-inflatables.com\/et\/toode\/huppelaud-tuletorjeosakond-mini\/"]}]},{"@type":"ImageObject","inLanguage":"et","@id":"https:\/\/dodo-inflatables.com\/et\/toode\/huppelaud-tuletorjeosakond-mini\/#primaryimage","url":"https:\/\/dodo-inflatables.com\/wp-content\/uploads\/2022\/07\/Bouncy-Castle-Fire-Department-Mini11.jpg","contentUrl":"https:\/\/dodo-inflatables.com\/wp-content\/uploads\/2022\/07\/Bouncy-Castle-Fire-Department-Mini11.jpg","width":1000,"height":1000},{"@type":"BreadcrumbList","@id":"https:\/\/dodo-inflatables.com\/et\/toode\/huppelaud-tuletorjeosakond-mini\/#breadcrumb","itemListElement":[{"@type":"ListItem","position":1,"name":"Home","item":"https:\/\/dodo-inflatables.com\/et\/"},{"@type":"ListItem","position":2,"name":"Kauplus","item":"https:\/\/dodo-inflatables.com\/et\/?page_id=16798"},{"@type":"ListItem","position":3,"name":"H\u00fcppelaud tulet\u00f5rjeosakond Mini"}]},{"@type":"WebSite","@id":"https:\/\/dodo-inflatables.com\/et\/#website","url":"https:\/\/dodo-inflatables.com\/et\/","name":"dodo-inflatables.com","description":"Ostke meie poest h\u00fcppelossi ja atraktsioone.","publisher":{"@id":"https:\/\/dodo-inflatables.com\/et\/#organization"},"potentialAction":[{"@type":"SearchAction","target":{"@type":"EntryPoint","urlTemplate":"https:\/\/dodo-inflatables.com\/et\/?s={search_term_string}"},"query-input":{"@type":"PropertyValueSpecification","valueRequired":true,"valueName":"search_term_string"}}],"inLanguage":"et"},{"@type":"Organization","@id":"https:\/\/dodo-inflatables.com\/et\/#organization","name":"dodo-inflatables.com","url":"https:\/\/dodo-inflatables.com\/et\/","logo":{"@type":"ImageObject","inLanguage":"et","@id":"https:\/\/dodo-inflatables.com\/et\/#\/schema\/logo\/image\/","url":"https:\/\/dodo-inflatables.com\/wp-content\/uploads\/2023\/04\/cropped-cropped-cropped-Dodo-Logo.png","contentUrl":"https:\/\/dodo-inflatables.com\/wp-content\/uploads\/2023\/04\/cropped-cropped-cropped-Dodo-Logo.png","width":2996,"height":1545,"caption":"dodo-inflatables.com"},"image":{"@id":"https:\/\/dodo-inflatables.com\/et\/#\/schema\/logo\/image\/"}}]}},"uagb_featured_image_src":{"full":["https:\/\/dodo-inflatables.com\/wp-content\/uploads\/2022\/07\/Bouncy-Castle-Fire-Department-Mini11.jpg",1000,1000,false],"thumbnail":["https:\/\/dodo-inflatables.com\/wp-content\/uploads\/2022\/07\/Bouncy-Castle-Fire-Department-Mini11-150x150.jpg",150,150,true],"medium":["https:\/\/dodo-inflatables.com\/wp-content\/uploads\/2022\/07\/Bouncy-Castle-Fire-Department-Mini11-300x300.jpg",300,300,true],"medium_large":["https:\/\/dodo-inflatables.com\/wp-content\/uploads\/2022\/07\/Bouncy-Castle-Fire-Department-Mini11-768x768.jpg",768,768,true],"large":["https:\/\/dodo-inflatables.com\/wp-content\/uploads\/2022\/07\/Bouncy-Castle-Fire-Department-Mini11.jpg",1000,1000,false],"1536x1536":["https:\/\/dodo-inflatables.com\/wp-content\/uploads\/2022\/07\/Bouncy-Castle-Fire-Department-Mini11.jpg",1000,1000,false],"2048x2048":["https:\/\/dodo-inflatables.com\/wp-content\/uploads\/2022\/07\/Bouncy-Castle-Fire-Department-Mini11.jpg",1000,1000,false],"woocommerce_thumbnail":["https:\/\/dodo-inflatables.com\/wp-content\/uploads\/2022\/07\/Bouncy-Castle-Fire-Department-Mini11-900x900.jpg",900,900,true],"woocommerce_single":["https:\/\/dodo-inflatables.com\/wp-content\/uploads\/2022\/07\/Bouncy-Castle-Fire-Department-Mini11-900x900.jpg",900,900,true],"woocommerce_gallery_thumbnail":["https:\/\/dodo-inflatables.com\/wp-content\/uploads\/2022\/07\/Bouncy-Castle-Fire-Department-Mini11-100x100.jpg",100,100,true]},"uagb_author_info":{"display_name":"Andreas","author_link":"https:\/\/dodo-inflatables.com\/et\/author\/"},"uagb_comment_info":0,"uagb_excerpt":"M\u00f5\u00f5tmed (pikkus x laius x k\u00f5rgus): 3,90 m x 4,00 m x 3,40 m * Sobib ca. 6 last (s\u00f5ltuvalt vanusest ja suurusest) Professionaalne moodul - sobib \u00e4ri- ja erakasutuseks PVC (0,55 mm \/ 621,3 g\/m2) 2-4 korda \u00f5mmeldud (s\u00f5ltuvalt koormusest) Tulekindel Sertifitseerimine vastavalt EN 14960 Koos individuaalse seerianumbriga.","_links":{"self":[{"href":"https:\/\/dodo-inflatables.com\/et\/wp-json\/wp\/v2\/product\/20513","targetHints":{"allow":["GET"]}}],"collection":[{"href":"https:\/\/dodo-inflatables.com\/et\/wp-json\/wp\/v2\/product"}],"about":[{"href":"https:\/\/dodo-inflatables.com\/et\/wp-json\/wp\/v2\/types\/product"}],"replies":[{"embeddable":true,"href":"https:\/\/dodo-inflatables.com\/et\/wp-json\/wp\/v2\/comments?post=20513"}],"wp:featuredmedia":[{"embeddable":true,"href":"https:\/\/dodo-inflatables.com\/et\/wp-json\/wp\/v2\/media\/91469"}],"wp:attachment":[{"href":"https:\/\/dodo-inflatables.com\/et\/wp-json\/wp\/v2\/media?parent=20513"}],"wp:term":[{"taxonomy":"product_brand","embeddable":true,"href":"https:\/\/dodo-inflatables.com\/et\/wp-json\/wp\/v2\/product_brand?post=20513"},{"taxonomy":"product_cat","embeddable":true,"href":"https:\/\/dodo-inflatables.com\/et\/wp-json\/wp\/v2\/product_cat?post=20513"},{"taxonomy":"product_tag","embeddable":true,"href":"https:\/\/dodo-inflatables.com\/et\/wp-json\/wp\/v2\/product_tag?post=20513"}],"curies":[{"name":"wp","href":"https:\/\/api.w.org\/{rel}","templated":true}]}}