{"id":20554,"date":"2022-07-21T10:03:09","date_gmt":"2022-07-21T08:03:09","guid":{"rendered":"https:\/\/dodo-inflatables.com\/product\/huppelaud-action-park-koos-liuguriga\/"},"modified":"2026-04-17T10:13:34","modified_gmt":"2026-04-17T08:13:34","slug":"huppelaud-action-park-koos-liuguriga","status":"publish","type":"product","link":"https:\/\/dodo-inflatables.com\/et\/toode\/huppelaud-action-park-koos-liuguriga\/","title":{"rendered":"H\u00fcppelaud Action Park koos liuguriga"},"content":{"rendered":"<h2>Osta T\u00e4ispuhutav Action Park Bouncy Castle koos slaidiga<\/h2>\n<p>Action Parki h\u00fcppelinnak koos lium\u00e4ega on varustatud sobiva transpordikotiga ja seda saab h\u00f5lpsasti \u00fcles seada umbes 10 minutiga. Pakett sisaldab h\u00fcppelinnakut, transpordikotti ja remondikomplekti. Pange t\u00e4hele, et puhur ja maapealne lina ei kuulu komplekti. Leiad need meie <a href=\"https:\/\/dodo-inflatables.com\/product-category\/accessories\/\">tarvikute kategooriast<\/a>. M\u00f5lemad pakutavad puhurid<a href=\"https:\/\/dodo-inflatables.com\/et\/toode\/huawei-puhur-reh-1-5e-1-5ps\/\">(Huawei<\/a> ja <a href=\"https:\/\/dodo-inflatables.com\/et\/toode\/gibbonsi-puhur-fp5005-1-5ps\/\">Gibbons<\/a>) sobivad h\u00fcppelinnuse jaoks. Action Park h\u00fcppelinnak koos lium\u00e4ega on valmistatud vastupidavast PVC-plaadist (0,55 mm \/ 621,3 g\/m2 ) ja sertifitseeritud vastavalt DIN EN 14960, mist\u00f5ttu on see kvaliteetne toode, mis vastab k\u00f5rgeimatele ohutusstandarditele. Palun kasutage h\u00fcppelinnakut ainult sobival <a href=\"https:\/\/dodo-inflatables.com\/et\/toode\/pohjaleht-5-x-6-meetrit\/\">alusplaadil<\/a>, et kaitsta seda maapinnal olevate teravate esemete ja h\u00f5\u00f5rdumise eest. Soovitame h\u00fcppelinnakut p\u00fcstitada muruplatsile ja kinnitada see meie <a href=\"https:\/\/dodo-inflatables.com\/et\/toode\/maapinnalahedased-kinnitusvahendid-taispuhutava-kinnituse-jaoks\/\">maa-ankritega<\/a>, et tagada maksimaalne ohutus. P\u00e4rast iga kasutamist tuleb h\u00fcppelinnus kuivatada ja korralikult pakendada, et kaitsta seda v\u00e4lism\u00f5jude ja transpordikahjustuste eest.<\/p>\n<h3><strong>Action Parki h\u00fcppelinnaku \u00fcksikasjad koos lium\u00e4ega<\/strong><\/h3>\n<ul>\n<li>M\u00f5\u00f5tmed (pikkus x laius x k\u00f5rgus): 5,80 m x 5,10 m x 5,80 m *<\/li>\n<li>H\u00fcppev\u00e4ljaku k\u00f5rgus: 1,90 m pluss 60 cm p\u00f5randak\u00f5rgus *<\/li>\n<li>Vajalik ruum: 11,10 x 8,70 meetrit (pikkus x laius) (vastavalt DIN EN14960)*.<\/li>\n<li>Kaal: umbes. 220 kg *<\/li>\n<li>Pakendi m\u00f5\u00f5tmed: K\u00f5rgus 130 cm, l\u00e4bim\u00f5\u00f5t 120 cm **<\/li>\n<li>Seadistamisaeg: 10 minutit<\/li>\n<li>Materjal: PVC (0,55 mm \/ 621,3 g\/m2): PVC (0,55 mm \/ 621,3 g\/m2)<\/li>\n<li>2-4 korda \u00f5mmeldud (s\u00f5ltuvalt kasutusest)<\/li>\n<li>Tulekindlad<\/li>\n<li>Vastavussertifikaat vastavalt standardile EN 14960<\/li>\n<li>P\u00f5rgutav pind kaitsvate triipudega, t\u00f5mblukk koos velcro-kattega, nurgad tugevdatud<\/li>\n<\/ul>\n<p>Komplektis on: h\u00fcppelinnak, transpordikott ja remondikomplekt Action Park Bouncy Castle koos lium\u00e4ega on professionaalne moodul, mis on valmistatud ja testitud vastavalt DIN EN 14960 rangetele suunistele, mis t\u00e4hendab, et see on turvaline ja usaldusv\u00e4\u00e4rne. Seet\u00f5ttu sobib Action Park Bouncy Castle koos lium\u00e4ega suurep\u00e4raselt professionaalseks rendiks. Palun pange t\u00e4hele, et h\u00fcppelinnakusse on lubatud ainult lapsed, t\u00e4iskasvanuid ei lubata! Pange t\u00e4hele, et puhur (ei kuulu komplekti) peab kasutamise ajal pidevalt t\u00f6\u00f6tama ja et h\u00fcppelinnuse l\u00f5hkemise v\u00e4ltimiseks on vaja v\u00e4ikest \u00f5huv\u00e4ljap\u00e4\u00e4su aukude kaudu. Hankige n\u00fc\u00fcd Action Park Bouncy Castle koos lium\u00e4ega ja kogege unustamatuid hetki t\u00e4is l\u00f5bu ja seiklusi! * Kaal ja m\u00f5\u00f5tmed on ligikaudsed ja v\u00f5ivad veidi erineda.<\/p>\n","protected":false},"excerpt":{"rendered":"<p><i class=\"fa fa-arrows-alt\"><\/i>  M\u00f5\u00f5tmed (L x B x K): 5,80 m x 5,10 m x 5,80 m * <i class=\"fa fa-child\"><\/i> Passend f\u00fcr ca.<br \/>\n8 Kinder (je nach Alter &amp; Size) <i class=\"fa fa-check\"><\/i> Profimodul &#8211; Geeignet f\u00fcr gewerblichen &amp; privaten Einsatz <i class=\"fa fa-square\"><\/i> PVC (0,55 mm \/ 621,3 g\/qm) <i class=\"fa fa-align-justify\"><\/i> 2 &#8211; 4-fach vern\u00e4ht (je nach Beanspruchung) <i class=\"fa fa-fire\"><\/i> Schwer entflammbar <i class=\"fa fa-certificate\"><\/i> Zulassungsbescheinigung gem\u00e4\u00df EN 14960 <i class=\"fas fa-edit\"><\/i> Inkl.  individuaalne seerianumber  &nbsp;<\/p>\n<p><a href=\"https:\/\/dodo-inflatables.com\/bezahlmoeglichkeiten\/\"><img decoding=\"async\" class=\"alignnone wp-image-2590 size-medium\" src=\"https:\/\/dodo-inflatables.com\/wp-content\/uploads\/2022\/01\/paypal-ratenzahlung.jpg\" alt=\"\" width=\"300\" height=\"50\"><\/a><\/p>\n","protected":false},"featured_media":78945,"comment_status":"open","ping_status":"closed","template":"","meta":{"_acf_changed":false,"_uag_custom_page_level_css":"","site-sidebar-layout":"default","site-content-layout":"boxed-container","ast-site-content-layout":"normal-width-container","site-content-style":"boxed","site-sidebar-style":"boxed","ast-global-header-display":"","ast-banner-title-visibility":"","ast-main-header-display":"","ast-hfb-above-header-display":"","ast-hfb-below-header-display":"","ast-hfb-mobile-header-display":"","site-post-title":"disabled","ast-breadcrumbs-content":"","ast-featured-img":"","footer-sml-layout":"","ast-disable-related-posts":"","theme-transparent-header-meta":"default","adv-header-id-meta":"","stick-header-meta":"default","header-above-stick-meta":"","header-main-stick-meta":"","header-below-stick-meta":"","astra-migrate-meta-layouts":"default","ast-page-background-enabled":"default","ast-page-background-meta":{"desktop":{"background-color":"var(--ast-global-color-4)","background-image":"","background-repeat":"repeat","background-position":"center center","background-size":"auto","background-attachment":"scroll","background-type":"","background-media":"","overlay-type":"","overlay-color":"","overlay-opacity":"","overlay-gradient":""},"tablet":{"background-color":"","background-image":"","background-repeat":"repeat","background-position":"center center","background-size":"auto","background-attachment":"scroll","background-type":"","background-media":"","overlay-type":"","overlay-color":"","overlay-opacity":"","overlay-gradient":""},"mobile":{"background-color":"","background-image":"","background-repeat":"repeat","background-position":"center center","background-size":"auto","background-attachment":"scroll","background-type":"","background-media":"","overlay-type":"","overlay-color":"","overlay-opacity":"","overlay-gradient":""}},"ast-content-background-meta":{"desktop":{"background-color":"var(--ast-global-color-5)","background-image":"","background-repeat":"repeat","background-position":"center center","background-size":"auto","background-attachment":"scroll","background-type":"","background-media":"","overlay-type":"","overlay-color":"","overlay-opacity":"","overlay-gradient":""},"tablet":{"background-color":"var(--ast-global-color-5)","background-image":"","background-repeat":"repeat","background-position":"center center","background-size":"auto","background-attachment":"scroll","background-type":"","background-media":"","overlay-type":"","overlay-color":"","overlay-opacity":"","overlay-gradient":""},"mobile":{"background-color":"var(--ast-global-color-5)","background-image":"","background-repeat":"repeat","background-position":"center center","background-size":"auto","background-attachment":"scroll","background-type":"","background-media":"","overlay-type":"","overlay-color":"","overlay-opacity":"","overlay-gradient":""}}},"product_brand":[],"product_cat":[6874,6908,6959,6976],"product_tag":[7177,7226,7173],"class_list":{"0":"post-20554","1":"product","2":"type-product","3":"status-publish","4":"has-post-thumbnail","6":"product_cat-koik-batuudid","7":"product_cat-batuudid-poistele","8":"product_cat-batuudid-liumaega","9":"product_cat-batuudid-liumaega-2","10":"product_tag-mit-rutsche","11":"product_tag-tuv","12":"product_tag-geblase-2ps","13":"product_shipping_class-spedition-hupfburg-et","14":"pa_gtin-0645117542533-et","15":"pa_height-560-m-600-m-et","16":"pa_height-of-the-slide-160-m-200-m-et","17":"pa_length-560-m-600-m-et","18":"pa_type-of-bouncy-castle-obstacle-course-et-2","19":"pa_width-510-m-550-m-et","20":"desktop-align-center","21":"tablet-align-center","22":"mobile-align-center","23":"ast-product-gallery-layout-horizontal","24":"ast-product-tabs-layout-horizontal","26":"first","27":"instock","28":"taxable","29":"shipping-taxable","30":"purchasable","31":"product-type-simple"},"acf":[],"yoast_head":"<!-- This site is optimized with the Yoast SEO plugin v27.5 - https:\/\/yoast.com\/product\/yoast-seo-wordpress\/ -->\n<title>T\u00e4ispuhutav Action Park h\u00fcppelinnak koos liuguriga | Dodo-Inflatables.com<\/title>\n<meta name=\"description\" content=\"Osta meie Action Park h\u00fcppelinnak koos lium\u00e4ega internetis aadressil Dodo-Inflatables.com | Lai valik laos | Sertifitseeritud vastavalt EN14960 | \u00d5iglased hinnad.\" \/>\n<meta name=\"robots\" content=\"index, follow, max-snippet:-1, max-image-preview:large, max-video-preview:-1\" \/>\n<link rel=\"canonical\" href=\"https:\/\/dodo-inflatables.com\/et\/toode\/huppelaud-action-park-koos-liuguriga\/\" \/>\n<meta name=\"twitter:label1\" content=\"Est. reading time\" \/>\n\t<meta name=\"twitter:data1\" content=\"2 minutit\" \/>\n<script type=\"application\/ld+json\" class=\"yoast-schema-graph\">{\"@context\":\"https:\\\/\\\/schema.org\",\"@graph\":[{\"@type\":\"WebPage\",\"@id\":\"https:\\\/\\\/dodo-inflatables.com\\\/et\\\/toode\\\/huppelaud-action-park-koos-liuguriga\\\/\",\"url\":\"https:\\\/\\\/dodo-inflatables.com\\\/et\\\/toode\\\/huppelaud-action-park-koos-liuguriga\\\/\",\"name\":\"T\u00e4ispuhutav Action Park h\u00fcppelinnak koos liuguriga | Dodo-Inflatables.com\",\"isPartOf\":{\"@id\":\"https:\\\/\\\/dodo-inflatables.com\\\/et\\\/#website\"},\"primaryImageOfPage\":{\"@id\":\"https:\\\/\\\/dodo-inflatables.com\\\/et\\\/toode\\\/huppelaud-action-park-koos-liuguriga\\\/#primaryimage\"},\"image\":{\"@id\":\"https:\\\/\\\/dodo-inflatables.com\\\/et\\\/toode\\\/huppelaud-action-park-koos-liuguriga\\\/#primaryimage\"},\"thumbnailUrl\":\"https:\\\/\\\/dodo-inflatables.com\\\/wp-content\\\/uploads\\\/2022\\\/07\\\/Bouncy-Castle-Action-Park-with-Slide-10-1.jpg\",\"datePublished\":\"2022-07-21T08:03:09+00:00\",\"dateModified\":\"2026-04-17T08:13:34+00:00\",\"description\":\"Osta meie Action Park h\u00fcppelinnak koos lium\u00e4ega internetis aadressil Dodo-Inflatables.com | Lai valik laos | Sertifitseeritud vastavalt EN14960 | \u00d5iglased hinnad.\",\"breadcrumb\":{\"@id\":\"https:\\\/\\\/dodo-inflatables.com\\\/et\\\/toode\\\/huppelaud-action-park-koos-liuguriga\\\/#breadcrumb\"},\"inLanguage\":\"et\",\"potentialAction\":[{\"@type\":\"ReadAction\",\"target\":[\"https:\\\/\\\/dodo-inflatables.com\\\/et\\\/toode\\\/huppelaud-action-park-koos-liuguriga\\\/\"]}]},{\"@type\":\"ImageObject\",\"inLanguage\":\"et\",\"@id\":\"https:\\\/\\\/dodo-inflatables.com\\\/et\\\/toode\\\/huppelaud-action-park-koos-liuguriga\\\/#primaryimage\",\"url\":\"https:\\\/\\\/dodo-inflatables.com\\\/wp-content\\\/uploads\\\/2022\\\/07\\\/Bouncy-Castle-Action-Park-with-Slide-10-1.jpg\",\"contentUrl\":\"https:\\\/\\\/dodo-inflatables.com\\\/wp-content\\\/uploads\\\/2022\\\/07\\\/Bouncy-Castle-Action-Park-with-Slide-10-1.jpg\",\"width\":1000,\"height\":1000},{\"@type\":\"BreadcrumbList\",\"@id\":\"https:\\\/\\\/dodo-inflatables.com\\\/et\\\/toode\\\/huppelaud-action-park-koos-liuguriga\\\/#breadcrumb\",\"itemListElement\":[{\"@type\":\"ListItem\",\"position\":1,\"name\":\"Home\",\"item\":\"https:\\\/\\\/dodo-inflatables.com\\\/et\\\/\"},{\"@type\":\"ListItem\",\"position\":2,\"name\":\"Kauplus\",\"item\":\"https:\\\/\\\/dodo-inflatables.com\\\/et\\\/kauplus\\\/\"},{\"@type\":\"ListItem\",\"position\":3,\"name\":\"H\u00fcppelaud Action Park koos liuguriga\"}]},{\"@type\":\"WebSite\",\"@id\":\"https:\\\/\\\/dodo-inflatables.com\\\/et\\\/#website\",\"url\":\"https:\\\/\\\/dodo-inflatables.com\\\/et\\\/\",\"name\":\"dodo-inflatables.com\",\"description\":\"Ostke meie poest h\u00fcppelossi ja atraktsioone.\",\"potentialAction\":[{\"@type\":\"SearchAction\",\"target\":{\"@type\":\"EntryPoint\",\"urlTemplate\":\"https:\\\/\\\/dodo-inflatables.com\\\/et\\\/?s={search_term_string}\"},\"query-input\":{\"@type\":\"PropertyValueSpecification\",\"valueRequired\":true,\"valueName\":\"search_term_string\"}}],\"inLanguage\":\"et\"}]}<\/script>\n<!-- \/ Yoast SEO plugin. -->","yoast_head_json":{"title":"T\u00e4ispuhutav Action Park h\u00fcppelinnak koos liuguriga | Dodo-Inflatables.com","description":"Osta meie Action Park h\u00fcppelinnak koos lium\u00e4ega internetis aadressil Dodo-Inflatables.com | Lai valik laos | Sertifitseeritud vastavalt EN14960 | \u00d5iglased hinnad.","robots":{"index":"index","follow":"follow","max-snippet":"max-snippet:-1","max-image-preview":"max-image-preview:large","max-video-preview":"max-video-preview:-1"},"canonical":"https:\/\/dodo-inflatables.com\/et\/toode\/huppelaud-action-park-koos-liuguriga\/","twitter_misc":{"Est. reading time":"2 minutit"},"schema":{"@context":"https:\/\/schema.org","@graph":[{"@type":"WebPage","@id":"https:\/\/dodo-inflatables.com\/et\/toode\/huppelaud-action-park-koos-liuguriga\/","url":"https:\/\/dodo-inflatables.com\/et\/toode\/huppelaud-action-park-koos-liuguriga\/","name":"T\u00e4ispuhutav Action Park h\u00fcppelinnak koos liuguriga | Dodo-Inflatables.com","isPartOf":{"@id":"https:\/\/dodo-inflatables.com\/et\/#website"},"primaryImageOfPage":{"@id":"https:\/\/dodo-inflatables.com\/et\/toode\/huppelaud-action-park-koos-liuguriga\/#primaryimage"},"image":{"@id":"https:\/\/dodo-inflatables.com\/et\/toode\/huppelaud-action-park-koos-liuguriga\/#primaryimage"},"thumbnailUrl":"https:\/\/dodo-inflatables.com\/wp-content\/uploads\/2022\/07\/Bouncy-Castle-Action-Park-with-Slide-10-1.jpg","datePublished":"2022-07-21T08:03:09+00:00","dateModified":"2026-04-17T08:13:34+00:00","description":"Osta meie Action Park h\u00fcppelinnak koos lium\u00e4ega internetis aadressil Dodo-Inflatables.com | Lai valik laos | Sertifitseeritud vastavalt EN14960 | \u00d5iglased hinnad.","breadcrumb":{"@id":"https:\/\/dodo-inflatables.com\/et\/toode\/huppelaud-action-park-koos-liuguriga\/#breadcrumb"},"inLanguage":"et","potentialAction":[{"@type":"ReadAction","target":["https:\/\/dodo-inflatables.com\/et\/toode\/huppelaud-action-park-koos-liuguriga\/"]}]},{"@type":"ImageObject","inLanguage":"et","@id":"https:\/\/dodo-inflatables.com\/et\/toode\/huppelaud-action-park-koos-liuguriga\/#primaryimage","url":"https:\/\/dodo-inflatables.com\/wp-content\/uploads\/2022\/07\/Bouncy-Castle-Action-Park-with-Slide-10-1.jpg","contentUrl":"https:\/\/dodo-inflatables.com\/wp-content\/uploads\/2022\/07\/Bouncy-Castle-Action-Park-with-Slide-10-1.jpg","width":1000,"height":1000},{"@type":"BreadcrumbList","@id":"https:\/\/dodo-inflatables.com\/et\/toode\/huppelaud-action-park-koos-liuguriga\/#breadcrumb","itemListElement":[{"@type":"ListItem","position":1,"name":"Home","item":"https:\/\/dodo-inflatables.com\/et\/"},{"@type":"ListItem","position":2,"name":"Kauplus","item":"https:\/\/dodo-inflatables.com\/et\/kauplus\/"},{"@type":"ListItem","position":3,"name":"H\u00fcppelaud Action Park koos liuguriga"}]},{"@type":"WebSite","@id":"https:\/\/dodo-inflatables.com\/et\/#website","url":"https:\/\/dodo-inflatables.com\/et\/","name":"dodo-inflatables.com","description":"Ostke meie poest h\u00fcppelossi ja atraktsioone.","potentialAction":[{"@type":"SearchAction","target":{"@type":"EntryPoint","urlTemplate":"https:\/\/dodo-inflatables.com\/et\/?s={search_term_string}"},"query-input":{"@type":"PropertyValueSpecification","valueRequired":true,"valueName":"search_term_string"}}],"inLanguage":"et"}]}},"uagb_featured_image_src":{"full":["https:\/\/dodo-inflatables.com\/wp-content\/uploads\/2022\/07\/Bouncy-Castle-Action-Park-with-Slide-10-1.jpg",1000,1000,false],"thumbnail":["https:\/\/dodo-inflatables.com\/wp-content\/uploads\/2022\/07\/Bouncy-Castle-Action-Park-with-Slide-10-1-150x150.jpg",150,150,true],"medium":["https:\/\/dodo-inflatables.com\/wp-content\/uploads\/2022\/07\/Bouncy-Castle-Action-Park-with-Slide-10-1-300x300.jpg",300,300,true],"medium_large":["https:\/\/dodo-inflatables.com\/wp-content\/uploads\/2022\/07\/Bouncy-Castle-Action-Park-with-Slide-10-1-768x768.jpg",768,768,true],"large":["https:\/\/dodo-inflatables.com\/wp-content\/uploads\/2022\/07\/Bouncy-Castle-Action-Park-with-Slide-10-1.jpg",1000,1000,false],"1536x1536":["https:\/\/dodo-inflatables.com\/wp-content\/uploads\/2022\/07\/Bouncy-Castle-Action-Park-with-Slide-10-1.jpg",1000,1000,false],"2048x2048":["https:\/\/dodo-inflatables.com\/wp-content\/uploads\/2022\/07\/Bouncy-Castle-Action-Park-with-Slide-10-1.jpg",1000,1000,false],"woocommerce_thumbnail":["https:\/\/dodo-inflatables.com\/wp-content\/uploads\/2022\/07\/Bouncy-Castle-Action-Park-with-Slide-10-1-900x900.jpg",900,900,true],"woocommerce_single":["https:\/\/dodo-inflatables.com\/wp-content\/uploads\/2022\/07\/Bouncy-Castle-Action-Park-with-Slide-10-1-900x900.jpg",900,900,true],"woocommerce_gallery_thumbnail":["https:\/\/dodo-inflatables.com\/wp-content\/uploads\/2022\/07\/Bouncy-Castle-Action-Park-with-Slide-10-1-100x100.jpg",100,100,true]},"uagb_author_info":{"display_name":"Andreas","author_link":"https:\/\/dodo-inflatables.com\/et\/author\/"},"uagb_comment_info":0,"uagb_excerpt":"M\u00f5\u00f5tmed (L x B x K): 5,80 m x 5,10 m x 5,80 m * Passend f\u00fcr ca. 8 Kinder (je nach Alter &amp; Size) Profimodul - Geeignet f\u00fcr gewerblichen &amp; privaten Einsatz PVC (0,55 mm \/ 621,3 g\/qm) 2 - 4-fach vern\u00e4ht (je nach Beanspruchung) Schwer entflammbar Zulassungsbescheinigung gem\u00e4\u00df EN 14960 Inkl. individuaalne seerianumber&hellip;","_links":{"self":[{"href":"https:\/\/dodo-inflatables.com\/et\/wp-json\/wp\/v2\/product\/20554","targetHints":{"allow":["GET"]}}],"collection":[{"href":"https:\/\/dodo-inflatables.com\/et\/wp-json\/wp\/v2\/product"}],"about":[{"href":"https:\/\/dodo-inflatables.com\/et\/wp-json\/wp\/v2\/types\/product"}],"replies":[{"embeddable":true,"href":"https:\/\/dodo-inflatables.com\/et\/wp-json\/wp\/v2\/comments?post=20554"}],"wp:featuredmedia":[{"embeddable":true,"href":"https:\/\/dodo-inflatables.com\/et\/wp-json\/wp\/v2\/media\/78945"}],"wp:attachment":[{"href":"https:\/\/dodo-inflatables.com\/et\/wp-json\/wp\/v2\/media?parent=20554"}],"wp:term":[{"taxonomy":"product_brand","embeddable":true,"href":"https:\/\/dodo-inflatables.com\/et\/wp-json\/wp\/v2\/product_brand?post=20554"},{"taxonomy":"product_cat","embeddable":true,"href":"https:\/\/dodo-inflatables.com\/et\/wp-json\/wp\/v2\/product_cat?post=20554"},{"taxonomy":"product_tag","embeddable":true,"href":"https:\/\/dodo-inflatables.com\/et\/wp-json\/wp\/v2\/product_tag?post=20554"}],"curies":[{"name":"wp","href":"https:\/\/api.w.org\/{rel}","templated":true}]}}