{"id":20613,"date":"2022-03-01T11:02:01","date_gmt":"2022-03-01T10:02:01","guid":{"rendered":"https:\/\/dodo-inflatables.com\/product\/langemiskaitsemattid-240-x-120-x-5-cm\/"},"modified":"2026-04-23T19:52:38","modified_gmt":"2026-04-23T17:52:38","slug":"langemiskaitsemattid-240-x-120-x-5-cm","status":"publish","type":"product","link":"https:\/\/dodo-inflatables.com\/et\/toode\/langemiskaitsemattid-240-x-120-x-5-cm\/","title":{"rendered":"T\u00e4ispuhutavate batuutide ohutusmatid 240 x 120 x 5 cm"},"content":{"rendered":"<h2>Osta t\u00e4ispuhutavate batuutide ohutusmatid<\/h2>\n<p class=\"p1\">Meie ohutusmatid on ideaalne lisand igale t\u00e4ispuhutavale batuudile ja tagavad maksimaalse ohutuse sissep\u00e4\u00e4su ja v\u00e4ljap\u00e4\u00e4su piirkonnas. Eriti rendifirmadele ja operaatoritele k\u00f5rgete ohutusstandarditega on need matid usaldusv\u00e4\u00e4rne ja vastupidav lahendus.<\/p>\n<p class=\"p1\"><span class=\"s1\"><b>Optimaalne l\u00f6\u00f6gisummutus:<\/b><\/span> K\u00f5rge kvaliteediga kerge EPE vaht summutab l\u00f6\u00f6ke usaldusv\u00e4\u00e4rselt ja v\u00e4hendab oluliselt vigastuste riski t\u00e4ispuhutavasse batuuti sisenemisel ja sealt v\u00e4ljumisel.<\/p>\n<p class=\"p1\"><span class=\"s1\"><b>Ruumi s\u00e4\u00e4stev ja paindlik:<\/b><\/span> Kokkupandav ohutusmatt saab kokku voltida kolmeks osaks, muutes selle eriti kompaktseks transpordiks ja hoidmiseks \u2013 ideaalne mobiilseks kasutamiseks renditoimingutes.<\/p>\n<p class=\"p1\"><span class=\"s1\"><b>Paranenud t\u00f6\u00f6kvaliteet:<\/b><\/span> \u00d5mblused asuvad sisepoolel ega asu enam v\u00e4lispinnal. See aitab v\u00e4ltida nende h\u00f5\u00f5rdumist vastu maad ja enneaegset kulumist.<\/p>\n<p class=\"p1\"><span class=\"s1\"><b>Maksimaalne ohutus:<\/b><\/span> Tahtlikult valmistatud ilma kandev\u00f5rudeta, et v\u00e4ltida komistamisohtu ja muuta kasutamine t\u00e4ispuhutava batuudi vahetus l\u00e4heduses veelgi ohutumaks.<\/p>\n<p class=\"p1\"><span class=\"s1\"><b>Vastupidav kate:<\/b><\/span> Vastupidav PU presenningkangas on kestvat, h\u00f5lpsasti hooldatav ja m\u00f5eldud regulaarseks kasutamiseks \u00fcrituste- ja rendisektoris.<\/p>\n<p><strong>Ohutusmati \u00fcksikasjad<\/strong><\/p>\n<ul>\n<li>Lahtised m\u00f5\u00f5tmed: 240 x 120 x 5 cm<\/li>\n<li>Kokkupandud m\u00f5\u00f5tmed: 60 x 120 x 20 cm<\/li>\n<li>Vahtmaterjal: EPE RG 18<\/li>\n<li>Katematerjal: PU presenningkangas, paksus 0,6 mm<\/li>\n<li>Kaal: 5,4 kg<\/li>\n<\/ul>\n","protected":false},"excerpt":{"rendered":"<ul>\n<li>Lahtised m\u00f5\u00f5tmed: 240 x 120 x 5 cm<\/li>\n<li>Kokkupandud m\u00f5\u00f5tmed: 60 x 120 x 20 cm<\/li>\n<li>Vahtmaterjal: EPE RG 18<\/li>\n<li>Katematerjal: PU presenningkangas, paksus 0,6 mm<\/li>\n<li>Kaal: 5,4 kg<\/li>\n<\/ul>\n","protected":false},"featured_media":104820,"comment_status":"open","ping_status":"closed","template":"","meta":{"_acf_changed":false,"_uag_custom_page_level_css":"","site-sidebar-layout":"default","site-content-layout":"boxed-container","ast-site-content-layout":"normal-width-container","site-content-style":"boxed","site-sidebar-style":"boxed","ast-global-header-display":"","ast-banner-title-visibility":"","ast-main-header-display":"","ast-hfb-above-header-display":"","ast-hfb-below-header-display":"","ast-hfb-mobile-header-display":"","site-post-title":"disabled","ast-breadcrumbs-content":"","ast-featured-img":"","footer-sml-layout":"","ast-disable-related-posts":"","theme-transparent-header-meta":"default","adv-header-id-meta":"","stick-header-meta":"default","header-above-stick-meta":"","header-main-stick-meta":"","header-below-stick-meta":"","astra-migrate-meta-layouts":"default","ast-page-background-enabled":"default","ast-page-background-meta":{"desktop":{"background-color":"var(--ast-global-color-4)","background-image":"","background-repeat":"repeat","background-position":"center center","background-size":"auto","background-attachment":"scroll","background-type":"","background-media":"","overlay-type":"","overlay-color":"","overlay-opacity":"","overlay-gradient":""},"tablet":{"background-color":"","background-image":"","background-repeat":"repeat","background-position":"center center","background-size":"auto","background-attachment":"scroll","background-type":"","background-media":"","overlay-type":"","overlay-color":"","overlay-opacity":"","overlay-gradient":""},"mobile":{"background-color":"","background-image":"","background-repeat":"repeat","background-position":"center center","background-size":"auto","background-attachment":"scroll","background-type":"","background-media":"","overlay-type":"","overlay-color":"","overlay-opacity":"","overlay-gradient":""}},"ast-content-background-meta":{"desktop":{"background-color":"var(--ast-global-color-5)","background-image":"","background-repeat":"repeat","background-position":"center center","background-size":"auto","background-attachment":"scroll","background-type":"","background-media":"","overlay-type":"","overlay-color":"","overlay-opacity":"","overlay-gradient":""},"tablet":{"background-color":"var(--ast-global-color-5)","background-image":"","background-repeat":"repeat","background-position":"center center","background-size":"auto","background-attachment":"scroll","background-type":"","background-media":"","overlay-type":"","overlay-color":"","overlay-opacity":"","overlay-gradient":""},"mobile":{"background-color":"var(--ast-global-color-5)","background-image":"","background-repeat":"repeat","background-position":"center center","background-size":"auto","background-attachment":"scroll","background-type":"","background-media":"","overlay-type":"","overlay-color":"","overlay-opacity":"","overlay-gradient":""}}},"product_brand":[],"product_cat":[2064],"product_tag":[],"class_list":{"0":"post-20613","1":"product","2":"type-product","3":"status-publish","4":"has-post-thumbnail","6":"product_cat-accessories-et","7":"product_shipping_class-zubehor-et","8":"desktop-align-center","9":"tablet-align-center","10":"mobile-align-center","11":"ast-product-gallery-layout-horizontal","12":"ast-product-gallery-with-no-image","13":"ast-product-tabs-layout-horizontal","15":"first","16":"instock","17":"taxable","18":"shipping-taxable","19":"purchasable","20":"product-type-simple"},"acf":[],"yoast_head":"<!-- This site is optimized with the Yoast SEO plugin v27.5 - https:\/\/yoast.com\/product\/yoast-seo-wordpress\/ -->\n<title>P\u00f5rgukaitsemattid h\u00fcppelinnustele | Dodo-Inflatables.com<\/title>\n<meta name=\"description\" content=\"Osta kokkupandavad kukkumiskaitsemattid h\u00fcppelinnakutele Dodo-Inflatables.com | Sertifitseeritud vastavalt standardile EN14960 | Kiire tarne!\" \/>\n<meta name=\"robots\" content=\"index, follow, max-snippet:-1, max-image-preview:large, max-video-preview:-1\" \/>\n<link rel=\"canonical\" href=\"https:\/\/dodo-inflatables.com\/et\/toode\/langemiskaitsemattid-240-x-120-x-5-cm\/\" \/>\n<meta name=\"twitter:label1\" content=\"Est. reading time\" \/>\n\t<meta name=\"twitter:data1\" content=\"1 minut\" \/>\n<script type=\"application\/ld+json\" class=\"yoast-schema-graph\">{\"@context\":\"https:\\\/\\\/schema.org\",\"@graph\":[{\"@type\":\"WebPage\",\"@id\":\"https:\\\/\\\/dodo-inflatables.com\\\/et\\\/toode\\\/langemiskaitsemattid-240-x-120-x-5-cm\\\/\",\"url\":\"https:\\\/\\\/dodo-inflatables.com\\\/et\\\/toode\\\/langemiskaitsemattid-240-x-120-x-5-cm\\\/\",\"name\":\"P\u00f5rgukaitsemattid h\u00fcppelinnustele | Dodo-Inflatables.com\",\"isPartOf\":{\"@id\":\"https:\\\/\\\/dodo-inflatables.com\\\/et\\\/#website\"},\"primaryImageOfPage\":{\"@id\":\"https:\\\/\\\/dodo-inflatables.com\\\/et\\\/toode\\\/langemiskaitsemattid-240-x-120-x-5-cm\\\/#primaryimage\"},\"image\":{\"@id\":\"https:\\\/\\\/dodo-inflatables.com\\\/et\\\/toode\\\/langemiskaitsemattid-240-x-120-x-5-cm\\\/#primaryimage\"},\"thumbnailUrl\":\"https:\\\/\\\/dodo-inflatables.com\\\/wp-content\\\/uploads\\\/2022\\\/03\\\/Untitled-design-16.png\",\"datePublished\":\"2022-03-01T10:02:01+00:00\",\"dateModified\":\"2026-04-23T17:52:38+00:00\",\"description\":\"Osta kokkupandavad kukkumiskaitsemattid h\u00fcppelinnakutele Dodo-Inflatables.com | Sertifitseeritud vastavalt standardile EN14960 | Kiire tarne!\",\"breadcrumb\":{\"@id\":\"https:\\\/\\\/dodo-inflatables.com\\\/et\\\/toode\\\/langemiskaitsemattid-240-x-120-x-5-cm\\\/#breadcrumb\"},\"inLanguage\":\"et\",\"potentialAction\":[{\"@type\":\"ReadAction\",\"target\":[\"https:\\\/\\\/dodo-inflatables.com\\\/et\\\/toode\\\/langemiskaitsemattid-240-x-120-x-5-cm\\\/\"]}]},{\"@type\":\"ImageObject\",\"inLanguage\":\"et\",\"@id\":\"https:\\\/\\\/dodo-inflatables.com\\\/et\\\/toode\\\/langemiskaitsemattid-240-x-120-x-5-cm\\\/#primaryimage\",\"url\":\"https:\\\/\\\/dodo-inflatables.com\\\/wp-content\\\/uploads\\\/2022\\\/03\\\/Untitled-design-16.png\",\"contentUrl\":\"https:\\\/\\\/dodo-inflatables.com\\\/wp-content\\\/uploads\\\/2022\\\/03\\\/Untitled-design-16.png\",\"width\":1000,\"height\":1000,\"caption\":\"T\u00e4ispuhutavate batuutide ohutusmatid 240 x 120 x 5 cm | Dodo Inflatables\"},{\"@type\":\"BreadcrumbList\",\"@id\":\"https:\\\/\\\/dodo-inflatables.com\\\/et\\\/toode\\\/langemiskaitsemattid-240-x-120-x-5-cm\\\/#breadcrumb\",\"itemListElement\":[{\"@type\":\"ListItem\",\"position\":1,\"name\":\"Home\",\"item\":\"https:\\\/\\\/dodo-inflatables.com\\\/et\\\/\"},{\"@type\":\"ListItem\",\"position\":2,\"name\":\"Kauplus\",\"item\":\"https:\\\/\\\/dodo-inflatables.com\\\/et\\\/kauplus\\\/\"},{\"@type\":\"ListItem\",\"position\":3,\"name\":\"Langemiskaitsemattid 240 x 120 x 5 cm\"}]},{\"@type\":\"WebSite\",\"@id\":\"https:\\\/\\\/dodo-inflatables.com\\\/et\\\/#website\",\"url\":\"https:\\\/\\\/dodo-inflatables.com\\\/et\\\/\",\"name\":\"dodo-inflatables.com\",\"description\":\"Ostke meie poest h\u00fcppelossi ja atraktsioone.\",\"potentialAction\":[{\"@type\":\"SearchAction\",\"target\":{\"@type\":\"EntryPoint\",\"urlTemplate\":\"https:\\\/\\\/dodo-inflatables.com\\\/et\\\/?s={search_term_string}\"},\"query-input\":{\"@type\":\"PropertyValueSpecification\",\"valueRequired\":true,\"valueName\":\"search_term_string\"}}],\"inLanguage\":\"et\"}]}<\/script>\n<!-- \/ Yoast SEO plugin. -->","yoast_head_json":{"title":"P\u00f5rgukaitsemattid h\u00fcppelinnustele | Dodo-Inflatables.com","description":"Osta kokkupandavad kukkumiskaitsemattid h\u00fcppelinnakutele Dodo-Inflatables.com | Sertifitseeritud vastavalt standardile EN14960 | Kiire tarne!","robots":{"index":"index","follow":"follow","max-snippet":"max-snippet:-1","max-image-preview":"max-image-preview:large","max-video-preview":"max-video-preview:-1"},"canonical":"https:\/\/dodo-inflatables.com\/et\/toode\/langemiskaitsemattid-240-x-120-x-5-cm\/","twitter_misc":{"Est. reading time":"1 minut"},"schema":{"@context":"https:\/\/schema.org","@graph":[{"@type":"WebPage","@id":"https:\/\/dodo-inflatables.com\/et\/toode\/langemiskaitsemattid-240-x-120-x-5-cm\/","url":"https:\/\/dodo-inflatables.com\/et\/toode\/langemiskaitsemattid-240-x-120-x-5-cm\/","name":"P\u00f5rgukaitsemattid h\u00fcppelinnustele | Dodo-Inflatables.com","isPartOf":{"@id":"https:\/\/dodo-inflatables.com\/et\/#website"},"primaryImageOfPage":{"@id":"https:\/\/dodo-inflatables.com\/et\/toode\/langemiskaitsemattid-240-x-120-x-5-cm\/#primaryimage"},"image":{"@id":"https:\/\/dodo-inflatables.com\/et\/toode\/langemiskaitsemattid-240-x-120-x-5-cm\/#primaryimage"},"thumbnailUrl":"https:\/\/dodo-inflatables.com\/wp-content\/uploads\/2022\/03\/Untitled-design-16.png","datePublished":"2022-03-01T10:02:01+00:00","dateModified":"2026-04-23T17:52:38+00:00","description":"Osta kokkupandavad kukkumiskaitsemattid h\u00fcppelinnakutele Dodo-Inflatables.com | Sertifitseeritud vastavalt standardile EN14960 | Kiire tarne!","breadcrumb":{"@id":"https:\/\/dodo-inflatables.com\/et\/toode\/langemiskaitsemattid-240-x-120-x-5-cm\/#breadcrumb"},"inLanguage":"et","potentialAction":[{"@type":"ReadAction","target":["https:\/\/dodo-inflatables.com\/et\/toode\/langemiskaitsemattid-240-x-120-x-5-cm\/"]}]},{"@type":"ImageObject","inLanguage":"et","@id":"https:\/\/dodo-inflatables.com\/et\/toode\/langemiskaitsemattid-240-x-120-x-5-cm\/#primaryimage","url":"https:\/\/dodo-inflatables.com\/wp-content\/uploads\/2022\/03\/Untitled-design-16.png","contentUrl":"https:\/\/dodo-inflatables.com\/wp-content\/uploads\/2022\/03\/Untitled-design-16.png","width":1000,"height":1000,"caption":"T\u00e4ispuhutavate batuutide ohutusmatid 240 x 120 x 5 cm | Dodo Inflatables"},{"@type":"BreadcrumbList","@id":"https:\/\/dodo-inflatables.com\/et\/toode\/langemiskaitsemattid-240-x-120-x-5-cm\/#breadcrumb","itemListElement":[{"@type":"ListItem","position":1,"name":"Home","item":"https:\/\/dodo-inflatables.com\/et\/"},{"@type":"ListItem","position":2,"name":"Kauplus","item":"https:\/\/dodo-inflatables.com\/et\/kauplus\/"},{"@type":"ListItem","position":3,"name":"Langemiskaitsemattid 240 x 120 x 5 cm"}]},{"@type":"WebSite","@id":"https:\/\/dodo-inflatables.com\/et\/#website","url":"https:\/\/dodo-inflatables.com\/et\/","name":"dodo-inflatables.com","description":"Ostke meie poest h\u00fcppelossi ja atraktsioone.","potentialAction":[{"@type":"SearchAction","target":{"@type":"EntryPoint","urlTemplate":"https:\/\/dodo-inflatables.com\/et\/?s={search_term_string}"},"query-input":{"@type":"PropertyValueSpecification","valueRequired":true,"valueName":"search_term_string"}}],"inLanguage":"et"}]}},"uagb_featured_image_src":{"full":["https:\/\/dodo-inflatables.com\/wp-content\/uploads\/2022\/03\/Untitled-design-16.png",1000,1000,false],"thumbnail":["https:\/\/dodo-inflatables.com\/wp-content\/uploads\/2022\/03\/Untitled-design-16-150x150.png",150,150,true],"medium":["https:\/\/dodo-inflatables.com\/wp-content\/uploads\/2022\/03\/Untitled-design-16-300x300.png",300,300,true],"medium_large":["https:\/\/dodo-inflatables.com\/wp-content\/uploads\/2022\/03\/Untitled-design-16-768x768.png",768,768,true],"large":["https:\/\/dodo-inflatables.com\/wp-content\/uploads\/2022\/03\/Untitled-design-16.png",1000,1000,false],"1536x1536":["https:\/\/dodo-inflatables.com\/wp-content\/uploads\/2022\/03\/Untitled-design-16.png",1000,1000,false],"2048x2048":["https:\/\/dodo-inflatables.com\/wp-content\/uploads\/2022\/03\/Untitled-design-16.png",1000,1000,false],"woocommerce_thumbnail":["https:\/\/dodo-inflatables.com\/wp-content\/uploads\/2022\/03\/Untitled-design-16-900x900.png",900,900,true],"woocommerce_single":["https:\/\/dodo-inflatables.com\/wp-content\/uploads\/2022\/03\/Untitled-design-16-900x900.png",900,900,true],"woocommerce_gallery_thumbnail":["https:\/\/dodo-inflatables.com\/wp-content\/uploads\/2022\/03\/Untitled-design-16-100x100.png",100,100,true]},"uagb_author_info":{"display_name":"Andreas","author_link":"https:\/\/dodo-inflatables.com\/et\/author\/"},"uagb_comment_info":0,"uagb_excerpt":"Lahtised m\u00f5\u00f5tmed: 240 x 120 x 5 cm Kokkupandud m\u00f5\u00f5tmed: 60 x 120 x 20 cm Vahtmaterjal: EPE RG 18 Katematerjal: PU presenningkangas, paksus 0,6 mm Kaal: 5,4 kg","_links":{"self":[{"href":"https:\/\/dodo-inflatables.com\/et\/wp-json\/wp\/v2\/product\/20613","targetHints":{"allow":["GET"]}}],"collection":[{"href":"https:\/\/dodo-inflatables.com\/et\/wp-json\/wp\/v2\/product"}],"about":[{"href":"https:\/\/dodo-inflatables.com\/et\/wp-json\/wp\/v2\/types\/product"}],"replies":[{"embeddable":true,"href":"https:\/\/dodo-inflatables.com\/et\/wp-json\/wp\/v2\/comments?post=20613"}],"wp:featuredmedia":[{"embeddable":true,"href":"https:\/\/dodo-inflatables.com\/et\/wp-json\/wp\/v2\/media\/104820"}],"wp:attachment":[{"href":"https:\/\/dodo-inflatables.com\/et\/wp-json\/wp\/v2\/media?parent=20613"}],"wp:term":[{"taxonomy":"product_brand","embeddable":true,"href":"https:\/\/dodo-inflatables.com\/et\/wp-json\/wp\/v2\/product_brand?post=20613"},{"taxonomy":"product_cat","embeddable":true,"href":"https:\/\/dodo-inflatables.com\/et\/wp-json\/wp\/v2\/product_cat?post=20613"},{"taxonomy":"product_tag","embeddable":true,"href":"https:\/\/dodo-inflatables.com\/et\/wp-json\/wp\/v2\/product_tag?post=20613"}],"curies":[{"name":"wp","href":"https:\/\/api.w.org\/{rel}","templated":true}]}}