{"id":16731,"date":"2024-03-01T20:02:30","date_gmt":"2024-03-01T19:02:30","guid":{"rendered":"https:\/\/dodo-inflatables.com\/osta-puhallettavat-liukumaet-ja-pomppulinnat-yhdistyneessa-kuningaskunnassa\/"},"modified":"2024-07-17T14:55:56","modified_gmt":"2024-07-17T12:55:56","slug":"osta-puhallettavat-liukumaet-ja-pomppulinnat-yhdistyneessa-kuningaskunnassa","status":"publish","type":"page","link":"https:\/\/dodo-inflatables.com\/fi\/osta-puhallettavat-liukumaet-ja-pomppulinnat-yhdistyneessa-kuningaskunnassa\/","title":{"rendered":"Osta puhallettavat liukum\u00e4et ja pomppulinnat Yhdistyneess\u00e4 kuningaskunnassa"},"content":{"rendered":"\n<h2 class=\"wp-block-heading has-text-align-center\">Osta puhallettavat liukum\u00e4et ja pomppulinnat Yhdistyneess\u00e4 kuningaskunnassa<\/h2>\n\n<figure class=\"wp-block-image aligncenter size-large\"><a href=\"https:\/\/dodo-inflatables.com\/wp-content\/uploads\/2022\/01\/seperator-kleiner.png\"><img loading=\"lazy\" decoding=\"async\" width=\"1024\" height=\"102\" src=\"https:\/\/dodo-inflatables.com\/wp-content\/uploads\/2022\/01\/seperator-kleiner-1024x102.png\" alt=\"\" class=\"wp-image-4026\" srcset=\"https:\/\/dodo-inflatables.com\/wp-content\/uploads\/2022\/01\/seperator-kleiner-1024x102.png 1024w, https:\/\/dodo-inflatables.com\/wp-content\/uploads\/2022\/01\/seperator-kleiner-900x90.png 900w, https:\/\/dodo-inflatables.com\/wp-content\/uploads\/2022\/01\/seperator-kleiner-300x30.png 300w, https:\/\/dodo-inflatables.com\/wp-content\/uploads\/2022\/01\/seperator-kleiner-768x77.png 768w, https:\/\/dodo-inflatables.com\/wp-content\/uploads\/2022\/01\/seperator-kleiner-1536x154.png 1536w, https:\/\/dodo-inflatables.com\/wp-content\/uploads\/2022\/01\/seperator-kleiner-340x34.png 340w, https:\/\/dodo-inflatables.com\/wp-content\/uploads\/2022\/01\/seperator-kleiner.png 2000w\" sizes=\"auto, (max-width: 1024px) 100vw, 1024px\" \/><\/a><\/figure>\n\n<h3 class=\"wp-block-heading has-text-align-center\">Tervetuloa Dodo-Inflatables.com &#8211; puhallettavien ilmat\u00e4ytteisten lasten verkkokauppaan Euroopassa!<\/h3>\n\n<div style=\"height:45px\" aria-hidden=\"true\" class=\"wp-block-spacer\"><\/div>\n\n<p style=\"font-size:17px\">Uppoudu laajaan valikoimaamme korkealaatuisia puhallettavia laitteita, <a href=\"https:\/\/dodo-inflatables.com\/fi\/tuote-osasto\/bouncyn-linnat\/\" data-type=\"link\" data-id=\"https:\/\/dodo-inflatables.com\/product-category\/bouncy-castles\/\">puhallettavia linnoja<\/a> ja <a href=\"https:\/\/dodo-inflatables.com\/fi\/tuote-osasto\/slides-fi\/\" data-type=\"link\" data-id=\"https:\/\/dodo-inflatables.com\/product-category\/slides\/\">liukum\u00e4ki\u00e4<\/a>, jotka tuovat pienen lis\u00e4n mihin tahansa tilaisuuteen. Etsitp\u00e4 sitten suurta pomppulinnaa yritystapahtumaan, pient\u00e4 pomppulinnaa lasten syntym\u00e4p\u00e4iv\u00e4juhliin tai hyppylinnaa liukum\u00e4ell\u00e4 kes\u00e4juhliin &#8211; l\u00f6yd\u00e4t t\u00e4\u00e4lt\u00e4 taatusti jotain sopivaa!<\/p>\n\n<p style=\"font-size:17px\">Valikoimaamme kuuluu paitsi erilaisia pomppulinnoja, my\u00f6s laaja valikoima <a href=\"https:\/\/dodo-inflatables.com\/fi\/tuote-osasto\/tarvikkeet\/\" data-type=\"link\" data-id=\"https:\/\/dodo-inflatables.com\/product-category\/accessories\/\">lis\u00e4varusteita<\/a>, kuten <a href=\"https:\/\/dodo-inflatables.com\/fi\/tuote\/gibbonsin-puhallin-fp5005-15ps\/\" data-type=\"product\" data-id=\"81\">Gibbonit<\/a> ja <a href=\"https:\/\/dodo-inflatables.com\/fi\/tuote\/huawei-puhallin-reh-1-5e-1-5ps\/\" data-type=\"product\" data-id=\"2724\">Huawei-puhaltimet<\/a> pomppulinnoille.<\/p>\n\n<p style=\"font-size:17px\">Pomppulinnan ja tarvikkeiden toimittaminen <strong>Englantiin maksaa 339,00 euroa<\/strong>. Jos tarvitset vain lis\u00e4varusteita, paketin toimitus maksaa 29,00 \u20ac.<\/p>\n\n<p style=\"font-size:17px\">Jos puhallettava pallo on varastossa, se l\u00e4hetet\u00e4\u00e4n sinulle heti maksun saatuasi. Toimitus Yhdistyneeseen kuningaskuntaan kest\u00e4\u00e4 noin <strong>4-6 ty\u00f6p\u00e4iv\u00e4\u00e4<\/strong>. Nouto on mahdollista varastostamme <strong>M\u00fcncheniss\u00e4, Saksassa<\/strong>.<\/p>\n\n<p style=\"font-size:17px\">Kaikki ilmat\u00e4ytteiset ilmat\u00e4ytteemme t\u00e4ytt\u00e4v\u00e4t <strong>DIN EN 14960 <\/strong>-standardin tiukat turvallisuusvaatimukset, ja ne soveltuvat sek\u00e4 yksityiseen ett\u00e4 kaupalliseen k\u00e4ytt\u00f6\u00f6n. Saat <strong>yksityiskohtaisen oppaan <\/strong>ja<strong> vastaavan todistuksen <\/strong>uudesta puhallettavasta veneest\u00e4si, kun se on l\u00e4hetetty.<\/p>\n\n<p style=\"font-size:17px\">EU:n ulkopuolisesta maasta tulevana asiakkaana voit tehd\u00e4 ostoksia kanssamme <strong>arvonlis\u00e4verotta<\/strong>. Verkkokaupassa ilmoitetut hinnat sis\u00e4lt\u00e4v\u00e4t aluksi Saksan arvonlis\u00e4veron (19 %), joka v\u00e4hennet\u00e4\u00e4n my\u00f6hemmin. Kun l\u00e4het\u00e4t tavaraa Yhdistyneeseen kuningaskuntaan, sinua pidet\u00e4\u00e4n &#8221;maahantuojana&#8221;. Sinulta veloitetaan siis maahantuonnin liikevaihtovero ja tuontitullit. Toimituskustannukset Yhdistyneeseen kuningaskuntaan sis\u00e4lt\u00e4v\u00e4t rahdin hinnan, tulliselvityksen ja ABD:n valmistelun.<\/p>\n\n<p style=\"font-size:17px\">Olitpa sitten yksityinen k\u00e4ytt\u00e4j\u00e4, joka etsii pomppulinnaa seuraavaan perhejuhlaan, tai kaupallinen vuokraamo, joka haluaa laajentaa valikoimaansa, pomppulinnamme sopivat kaikille. Itse asiassa suurin osa asiakkaistamme kaikkialla Euroopassa on pomppulinnan vuokrausyrityksi\u00e4, jotka arvostavat tuotteitamme kaikenkokoisiin tapahtumiin.<\/p>\n\n<p style=\"font-size:17px\">Toivomme, ett\u00e4 viihdyt verkkokaupassamme ja vastaamme mielell\u00e4mme kaikkiin kysymyksiisi osoitteessa <a href=\"mailto:contact@dodo-inflatables.com\">contact@dodo-inflatables.com!<\/a><\/p>\n\n<div style=\"height:45px\" aria-hidden=\"true\" class=\"wp-block-spacer\"><\/div>\n","protected":false},"excerpt":{"rendered":"<p>Osta puhallettavat liukum\u00e4et ja pomppulinnat Yhdistyneess\u00e4 kuningaskunnassa Tervetuloa Dodo-Inflatables.com &#8211; puhallettavien ilmat\u00e4ytteisten lasten verkkokauppaan Euroopassa! Uppoudu laajaan valikoimaamme korkealaatuisia puhallettavia laitteita, puhallettavia linnoja ja liukum\u00e4ki\u00e4, jotka tuovat pienen lis\u00e4n mihin tahansa tilaisuuteen. Etsitp\u00e4 sitten suurta pomppulinnaa yritystapahtumaan, pient\u00e4 pomppulinnaa lasten syntym\u00e4p\u00e4iv\u00e4juhliin tai hyppylinnaa liukum\u00e4ell\u00e4 kes\u00e4juhliin &#8211; l\u00f6yd\u00e4t t\u00e4\u00e4lt\u00e4 taatusti jotain sopivaa! Valikoimaamme kuuluu paitsi erilaisia [&hellip;]<\/p>\n","protected":false},"author":1,"featured_media":0,"parent":0,"menu_order":0,"comment_status":"closed","ping_status":"closed","template":"","meta":{"_acf_changed":false,"_uag_custom_page_level_css":"","site-sidebar-layout":"default","site-content-layout":"","ast-site-content-layout":"default","site-content-style":"boxed","site-sidebar-style":"default","ast-global-header-display":"","ast-banner-title-visibility":"","ast-main-header-display":"","ast-hfb-above-header-display":"","ast-hfb-below-header-display":"","ast-hfb-mobile-header-display":"","site-post-title":"","ast-breadcrumbs-content":"","ast-featured-img":"","footer-sml-layout":"","ast-disable-related-posts":"","theme-transparent-header-meta":"","adv-header-id-meta":"4069","stick-header-meta":"","header-above-stick-meta":"","header-main-stick-meta":"","header-below-stick-meta":"","astra-migrate-meta-layouts":"default","ast-page-background-enabled":"default","ast-page-background-meta":{"desktop":{"background-color":"var(--ast-global-color-4)","background-image":"","background-repeat":"repeat","background-position":"center center","background-size":"auto","background-attachment":"scroll","background-type":"","background-media":"","overlay-type":"","overlay-color":"","overlay-opacity":"","overlay-gradient":""},"tablet":{"background-color":"","background-image":"","background-repeat":"repeat","background-position":"center center","background-size":"auto","background-attachment":"scroll","background-type":"","background-media":"","overlay-type":"","overlay-color":"","overlay-opacity":"","overlay-gradient":""},"mobile":{"background-color":"","background-image":"","background-repeat":"repeat","background-position":"center center","background-size":"auto","background-attachment":"scroll","background-type":"","background-media":"","overlay-type":"","overlay-color":"","overlay-opacity":"","overlay-gradient":""}},"ast-content-background-meta":{"desktop":{"background-color":"var(--ast-global-color-5)","background-image":"","background-repeat":"repeat","background-position":"center center","background-size":"auto","background-attachment":"scroll","background-type":"","background-media":"","overlay-type":"","overlay-color":"","overlay-opacity":"","overlay-gradient":""},"tablet":{"background-color":"var(--ast-global-color-5)","background-image":"","background-repeat":"repeat","background-position":"center center","background-size":"auto","background-attachment":"scroll","background-type":"","background-media":"","overlay-type":"","overlay-color":"","overlay-opacity":"","overlay-gradient":""},"mobile":{"background-color":"var(--ast-global-color-5)","background-image":"","background-repeat":"repeat","background-position":"center center","background-size":"auto","background-attachment":"scroll","background-type":"","background-media":"","overlay-type":"","overlay-color":"","overlay-opacity":"","overlay-gradient":""}},"footnotes":""},"class_list":["post-16731","page","type-page","status-publish","hentry"],"acf":[],"yoast_head":"<!-- This site is optimized with the Yoast SEO plugin v27.4 - https:\/\/yoast.com\/product\/yoast-seo-wordpress\/ -->\n<title>Osta puhallettavat liukum\u00e4et ja pomppulinnat Yhdistyneess\u00e4 kuningaskunnassa - dodo-inflatables.com<\/title>\n<meta name=\"robots\" content=\"index, follow, max-snippet:-1, max-image-preview:large, max-video-preview:-1\" \/>\n<link rel=\"canonical\" href=\"https:\/\/dodo-inflatables.com\/fi\/osta-puhallettavat-liukumaet-ja-pomppulinnat-yhdistyneessa-kuningaskunnassa\/\" \/>\n<meta name=\"twitter:label1\" content=\"Arvioitu lukuaika\" \/>\n\t<meta name=\"twitter:data1\" content=\"1 minuutti\" \/>\n<script type=\"application\/ld+json\" class=\"yoast-schema-graph\">{\"@context\":\"https:\\\/\\\/schema.org\",\"@graph\":[{\"@type\":\"WebPage\",\"@id\":\"https:\\\/\\\/dodo-inflatables.com\\\/fi\\\/osta-puhallettavat-liukumaet-ja-pomppulinnat-yhdistyneessa-kuningaskunnassa\\\/\",\"url\":\"https:\\\/\\\/dodo-inflatables.com\\\/fi\\\/osta-puhallettavat-liukumaet-ja-pomppulinnat-yhdistyneessa-kuningaskunnassa\\\/\",\"name\":\"Osta puhallettavat liukum\u00e4et ja pomppulinnat Yhdistyneess\u00e4 kuningaskunnassa - dodo-inflatables.com\",\"isPartOf\":{\"@id\":\"https:\\\/\\\/dodo-inflatables.com\\\/fi\\\/#website\"},\"primaryImageOfPage\":{\"@id\":\"https:\\\/\\\/dodo-inflatables.com\\\/fi\\\/osta-puhallettavat-liukumaet-ja-pomppulinnat-yhdistyneessa-kuningaskunnassa\\\/#primaryimage\"},\"image\":{\"@id\":\"https:\\\/\\\/dodo-inflatables.com\\\/fi\\\/osta-puhallettavat-liukumaet-ja-pomppulinnat-yhdistyneessa-kuningaskunnassa\\\/#primaryimage\"},\"thumbnailUrl\":\"https:\\\/\\\/dodo-inflatables.com\\\/wp-content\\\/uploads\\\/2022\\\/01\\\/seperator-kleiner-1024x102.png\",\"datePublished\":\"2024-03-01T19:02:30+00:00\",\"dateModified\":\"2024-07-17T12:55:56+00:00\",\"breadcrumb\":{\"@id\":\"https:\\\/\\\/dodo-inflatables.com\\\/fi\\\/osta-puhallettavat-liukumaet-ja-pomppulinnat-yhdistyneessa-kuningaskunnassa\\\/#breadcrumb\"},\"inLanguage\":\"fi\",\"potentialAction\":[{\"@type\":\"ReadAction\",\"target\":[\"https:\\\/\\\/dodo-inflatables.com\\\/fi\\\/osta-puhallettavat-liukumaet-ja-pomppulinnat-yhdistyneessa-kuningaskunnassa\\\/\"]}]},{\"@type\":\"ImageObject\",\"inLanguage\":\"fi\",\"@id\":\"https:\\\/\\\/dodo-inflatables.com\\\/fi\\\/osta-puhallettavat-liukumaet-ja-pomppulinnat-yhdistyneessa-kuningaskunnassa\\\/#primaryimage\",\"url\":\"https:\\\/\\\/dodo-inflatables.com\\\/wp-content\\\/uploads\\\/2022\\\/01\\\/seperator-kleiner-1024x102.png\",\"contentUrl\":\"https:\\\/\\\/dodo-inflatables.com\\\/wp-content\\\/uploads\\\/2022\\\/01\\\/seperator-kleiner-1024x102.png\"},{\"@type\":\"BreadcrumbList\",\"@id\":\"https:\\\/\\\/dodo-inflatables.com\\\/fi\\\/osta-puhallettavat-liukumaet-ja-pomppulinnat-yhdistyneessa-kuningaskunnassa\\\/#breadcrumb\",\"itemListElement\":[{\"@type\":\"ListItem\",\"position\":1,\"name\":\"Etusivu\",\"item\":\"https:\\\/\\\/dodo-inflatables.com\\\/fi\\\/\"},{\"@type\":\"ListItem\",\"position\":2,\"name\":\"Osta puhallettavat liukum\u00e4et ja pomppulinnat Yhdistyneess\u00e4 kuningaskunnassa\"}]},{\"@type\":\"WebSite\",\"@id\":\"https:\\\/\\\/dodo-inflatables.com\\\/fi\\\/#website\",\"url\":\"https:\\\/\\\/dodo-inflatables.com\\\/fi\\\/\",\"name\":\"dodo-inflatables.com\",\"description\":\"Osta pomppulinnoja ja n\u00e4ht\u00e4vyyksi\u00e4 myym\u00e4l\u00e4st\u00e4mme.\",\"publisher\":{\"@id\":\"https:\\\/\\\/dodo-inflatables.com\\\/fi\\\/#organization\"},\"potentialAction\":[{\"@type\":\"SearchAction\",\"target\":{\"@type\":\"EntryPoint\",\"urlTemplate\":\"https:\\\/\\\/dodo-inflatables.com\\\/fi\\\/?s={search_term_string}\"},\"query-input\":{\"@type\":\"PropertyValueSpecification\",\"valueRequired\":true,\"valueName\":\"search_term_string\"}}],\"inLanguage\":\"fi\"},{\"@type\":\"Organization\",\"@id\":\"https:\\\/\\\/dodo-inflatables.com\\\/fi\\\/#organization\",\"name\":\"dodo-inflatables.com\",\"url\":\"https:\\\/\\\/dodo-inflatables.com\\\/fi\\\/\",\"logo\":{\"@type\":\"ImageObject\",\"inLanguage\":\"fi\",\"@id\":\"https:\\\/\\\/dodo-inflatables.com\\\/fi\\\/#\\\/schema\\\/logo\\\/image\\\/\",\"url\":\"https:\\\/\\\/dodo-inflatables.com\\\/wp-content\\\/uploads\\\/2023\\\/04\\\/cropped-cropped-cropped-Dodo-Logo.png\",\"contentUrl\":\"https:\\\/\\\/dodo-inflatables.com\\\/wp-content\\\/uploads\\\/2023\\\/04\\\/cropped-cropped-cropped-Dodo-Logo.png\",\"width\":2996,\"height\":1545,\"caption\":\"dodo-inflatables.com\"},\"image\":{\"@id\":\"https:\\\/\\\/dodo-inflatables.com\\\/fi\\\/#\\\/schema\\\/logo\\\/image\\\/\"}}]}<\/script>\n<!-- \/ Yoast SEO plugin. -->","yoast_head_json":{"title":"Osta puhallettavat liukum\u00e4et ja pomppulinnat Yhdistyneess\u00e4 kuningaskunnassa - dodo-inflatables.com","robots":{"index":"index","follow":"follow","max-snippet":"max-snippet:-1","max-image-preview":"max-image-preview:large","max-video-preview":"max-video-preview:-1"},"canonical":"https:\/\/dodo-inflatables.com\/fi\/osta-puhallettavat-liukumaet-ja-pomppulinnat-yhdistyneessa-kuningaskunnassa\/","twitter_misc":{"Arvioitu lukuaika":"1 minuutti"},"schema":{"@context":"https:\/\/schema.org","@graph":[{"@type":"WebPage","@id":"https:\/\/dodo-inflatables.com\/fi\/osta-puhallettavat-liukumaet-ja-pomppulinnat-yhdistyneessa-kuningaskunnassa\/","url":"https:\/\/dodo-inflatables.com\/fi\/osta-puhallettavat-liukumaet-ja-pomppulinnat-yhdistyneessa-kuningaskunnassa\/","name":"Osta puhallettavat liukum\u00e4et ja pomppulinnat Yhdistyneess\u00e4 kuningaskunnassa - dodo-inflatables.com","isPartOf":{"@id":"https:\/\/dodo-inflatables.com\/fi\/#website"},"primaryImageOfPage":{"@id":"https:\/\/dodo-inflatables.com\/fi\/osta-puhallettavat-liukumaet-ja-pomppulinnat-yhdistyneessa-kuningaskunnassa\/#primaryimage"},"image":{"@id":"https:\/\/dodo-inflatables.com\/fi\/osta-puhallettavat-liukumaet-ja-pomppulinnat-yhdistyneessa-kuningaskunnassa\/#primaryimage"},"thumbnailUrl":"https:\/\/dodo-inflatables.com\/wp-content\/uploads\/2022\/01\/seperator-kleiner-1024x102.png","datePublished":"2024-03-01T19:02:30+00:00","dateModified":"2024-07-17T12:55:56+00:00","breadcrumb":{"@id":"https:\/\/dodo-inflatables.com\/fi\/osta-puhallettavat-liukumaet-ja-pomppulinnat-yhdistyneessa-kuningaskunnassa\/#breadcrumb"},"inLanguage":"fi","potentialAction":[{"@type":"ReadAction","target":["https:\/\/dodo-inflatables.com\/fi\/osta-puhallettavat-liukumaet-ja-pomppulinnat-yhdistyneessa-kuningaskunnassa\/"]}]},{"@type":"ImageObject","inLanguage":"fi","@id":"https:\/\/dodo-inflatables.com\/fi\/osta-puhallettavat-liukumaet-ja-pomppulinnat-yhdistyneessa-kuningaskunnassa\/#primaryimage","url":"https:\/\/dodo-inflatables.com\/wp-content\/uploads\/2022\/01\/seperator-kleiner-1024x102.png","contentUrl":"https:\/\/dodo-inflatables.com\/wp-content\/uploads\/2022\/01\/seperator-kleiner-1024x102.png"},{"@type":"BreadcrumbList","@id":"https:\/\/dodo-inflatables.com\/fi\/osta-puhallettavat-liukumaet-ja-pomppulinnat-yhdistyneessa-kuningaskunnassa\/#breadcrumb","itemListElement":[{"@type":"ListItem","position":1,"name":"Etusivu","item":"https:\/\/dodo-inflatables.com\/fi\/"},{"@type":"ListItem","position":2,"name":"Osta puhallettavat liukum\u00e4et ja pomppulinnat Yhdistyneess\u00e4 kuningaskunnassa"}]},{"@type":"WebSite","@id":"https:\/\/dodo-inflatables.com\/fi\/#website","url":"https:\/\/dodo-inflatables.com\/fi\/","name":"dodo-inflatables.com","description":"Osta pomppulinnoja ja n\u00e4ht\u00e4vyyksi\u00e4 myym\u00e4l\u00e4st\u00e4mme.","publisher":{"@id":"https:\/\/dodo-inflatables.com\/fi\/#organization"},"potentialAction":[{"@type":"SearchAction","target":{"@type":"EntryPoint","urlTemplate":"https:\/\/dodo-inflatables.com\/fi\/?s={search_term_string}"},"query-input":{"@type":"PropertyValueSpecification","valueRequired":true,"valueName":"search_term_string"}}],"inLanguage":"fi"},{"@type":"Organization","@id":"https:\/\/dodo-inflatables.com\/fi\/#organization","name":"dodo-inflatables.com","url":"https:\/\/dodo-inflatables.com\/fi\/","logo":{"@type":"ImageObject","inLanguage":"fi","@id":"https:\/\/dodo-inflatables.com\/fi\/#\/schema\/logo\/image\/","url":"https:\/\/dodo-inflatables.com\/wp-content\/uploads\/2023\/04\/cropped-cropped-cropped-Dodo-Logo.png","contentUrl":"https:\/\/dodo-inflatables.com\/wp-content\/uploads\/2023\/04\/cropped-cropped-cropped-Dodo-Logo.png","width":2996,"height":1545,"caption":"dodo-inflatables.com"},"image":{"@id":"https:\/\/dodo-inflatables.com\/fi\/#\/schema\/logo\/image\/"}}]}},"uagb_featured_image_src":{"full":false,"thumbnail":false,"medium":false,"medium_large":false,"large":false,"1536x1536":false,"2048x2048":false,"woocommerce_thumbnail":false,"woocommerce_single":false,"woocommerce_gallery_thumbnail":false},"uagb_author_info":{"display_name":"Andreas","author_link":"https:\/\/dodo-inflatables.com\/fi\/author\/andreas\/"},"uagb_comment_info":0,"uagb_excerpt":"Osta puhallettavat liukum\u00e4et ja pomppulinnat Yhdistyneess\u00e4 kuningaskunnassa Tervetuloa Dodo-Inflatables.com &#8211; puhallettavien ilmat\u00e4ytteisten lasten verkkokauppaan Euroopassa! Uppoudu laajaan valikoimaamme korkealaatuisia puhallettavia laitteita, puhallettavia linnoja ja liukum\u00e4ki\u00e4, jotka tuovat pienen lis\u00e4n mihin tahansa tilaisuuteen. Etsitp\u00e4 sitten suurta pomppulinnaa yritystapahtumaan, pient\u00e4 pomppulinnaa lasten syntym\u00e4p\u00e4iv\u00e4juhliin tai hyppylinnaa liukum\u00e4ell\u00e4 kes\u00e4juhliin &#8211; l\u00f6yd\u00e4t t\u00e4\u00e4lt\u00e4 taatusti jotain sopivaa! Valikoimaamme kuuluu paitsi erilaisia&hellip;","_links":{"self":[{"href":"https:\/\/dodo-inflatables.com\/fi\/wp-json\/wp\/v2\/pages\/16731","targetHints":{"allow":["GET"]}}],"collection":[{"href":"https:\/\/dodo-inflatables.com\/fi\/wp-json\/wp\/v2\/pages"}],"about":[{"href":"https:\/\/dodo-inflatables.com\/fi\/wp-json\/wp\/v2\/types\/page"}],"author":[{"embeddable":true,"href":"https:\/\/dodo-inflatables.com\/fi\/wp-json\/wp\/v2\/users\/1"}],"replies":[{"embeddable":true,"href":"https:\/\/dodo-inflatables.com\/fi\/wp-json\/wp\/v2\/comments?post=16731"}],"version-history":[{"count":2,"href":"https:\/\/dodo-inflatables.com\/fi\/wp-json\/wp\/v2\/pages\/16731\/revisions"}],"predecessor-version":[{"id":16735,"href":"https:\/\/dodo-inflatables.com\/fi\/wp-json\/wp\/v2\/pages\/16731\/revisions\/16735"}],"wp:attachment":[{"href":"https:\/\/dodo-inflatables.com\/fi\/wp-json\/wp\/v2\/media?parent=16731"}],"curies":[{"name":"wp","href":"https:\/\/api.w.org\/{rel}","templated":true}]}}