{"id":16986,"date":"2020-03-27T11:12:43","date_gmt":"2020-03-27T10:12:43","guid":{"rendered":"https:\/\/dodo-inflatables.com\/toimitus-eu-maihin\/"},"modified":"2024-08-19T14:54:32","modified_gmt":"2024-08-19T12:54:32","slug":"toimitus-eu-maihin","status":"publish","type":"page","link":"https:\/\/dodo-inflatables.com\/fi\/toimitus-eu-maihin\/","title":{"rendered":"Toimitus EU-maihin"},"content":{"rendered":"\n<h2 class=\"wp-block-heading has-text-align-center\" id=\"versandarten\"><strong>Toimituskulut ja tietoa kansainv\u00e4lisest\u00e4 toimituksesta<\/strong><\/h2>\n\n<p class=\"has-text-align-center\"><strong>Pomppulinnat, liukum\u00e4et<\/strong> ja <strong>tapahtumamoduulit<\/strong> pakataan kuormalavoille ja l\u00e4hetet\u00e4\u00e4n kuljetusyrityksen toimesta.<\/p>\n\n<p class=\"has-text-align-center\">Kun <strong>maksu<\/strong> on <strong>vastaanotettu,<\/strong> tavarasi l\u00e4hetet\u00e4\u00e4n samana tai seuraavana ty\u00f6p\u00e4iv\u00e4n\u00e4. Toimitus EU:n alueella kest\u00e4\u00e4 yleens\u00e4 4-6 ty\u00f6p\u00e4iv\u00e4\u00e4.<\/p>\n\n<p class=\"has-text-align-center\"><strong>Lis\u00e4varusteet<\/strong>, kuten puhaltimet, l\u00e4hetet\u00e4\u00e4n <strong>DPD:<\/strong> ll\u00e4 tai <strong>UPSilla<\/strong>.<\/p>\n\n<p>Varastomme sijaitsee <strong>M\u00fcncheniss\u00e4, Saksassa<\/strong>. Voit my\u00f6s noutaa pomppulinnasi t\u00e4\u00e4lt\u00e4 itse maksettuasi ja varattuasi ajan.<\/p>\n\n<figure class=\"wp-block-image size-large\"><a href=\"https:\/\/dodo-inflatables.com\/wp-content\/uploads\/2022\/01\/seperator-kleiner.png\"><img loading=\"lazy\" decoding=\"async\" width=\"1024\" height=\"102\" src=\"https:\/\/dodo-inflatables.com\/wp-content\/uploads\/2022\/01\/seperator-kleiner-1024x102.png\" alt=\"\" class=\"wp-image-4026\" srcset=\"https:\/\/dodo-inflatables.com\/wp-content\/uploads\/2022\/01\/seperator-kleiner-1024x102.png 1024w, https:\/\/dodo-inflatables.com\/wp-content\/uploads\/2022\/01\/seperator-kleiner-900x90.png 900w, https:\/\/dodo-inflatables.com\/wp-content\/uploads\/2022\/01\/seperator-kleiner-300x30.png 300w, https:\/\/dodo-inflatables.com\/wp-content\/uploads\/2022\/01\/seperator-kleiner-768x77.png 768w, https:\/\/dodo-inflatables.com\/wp-content\/uploads\/2022\/01\/seperator-kleiner-1536x154.png 1536w, https:\/\/dodo-inflatables.com\/wp-content\/uploads\/2022\/01\/seperator-kleiner-340x34.png 340w, https:\/\/dodo-inflatables.com\/wp-content\/uploads\/2022\/01\/seperator-kleiner.png 2000w\" sizes=\"auto, (max-width: 1024px) 100vw, 1024px\" \/><\/a><\/figure>\n\n<h3 class=\"wp-block-heading has-text-align-center\"><strong>Toimitus EU-maihin ja Sveitsiin + Iso-Britannia<\/strong><\/h3>\n\n<p class=\"has-text-align-center\">Toimitus on mahdollista kaikkiin Euroopan maihin sek\u00e4 Sveitsiin ja Iso-Britanniaan. Toimituskulut l\u00f6yd\u00e4t alla olevasta taulukosta.<\/p>\n\n<p class=\"has-text-align-center\"><strong>Yksityishenkil\u00f6n\u00e4<\/strong> sinulta perit\u00e4\u00e4n Saksan arvonlis\u00e4vero. Voit tehd\u00e4 tilauksen normaalisti verkkokaupan kautta.<\/p>\n\n<p class=\"has-text-align-center\">EU:n <strong>yritysasiakkaille<\/strong>: Tilaatte yrityksen\u00e4 ja teill\u00e4 on voimassa oleva alv-numero? Sitten voimme myyd\u00e4 tavarat sinulle verovapaasti. Kirjoita alv-numerosi kassalla.<\/p>\n\n<figure class=\"wp-block-table\"><table><tbody><tr><td><\/td><td class=\"has-text-align-center\" data-align=\"center\"><strong><em>Pomppulinna (kuljetusyhti\u00f6)<\/em><\/strong><\/td><td class=\"has-text-align-center\" data-align=\"center\"><strong><em>Lis\u00e4varusteet (paketti)<\/em><\/strong><\/td><\/tr><tr><td><strong>Saksa<\/strong><\/td><td class=\"has-text-align-center\" data-align=\"center\">128,95 \u20ac<\/td><td class=\"has-text-align-center\" data-align=\"center\">9,95 \u20ac<\/td><\/tr><tr><td><strong>Espanja (ilman saaria)<\/strong><\/td><td class=\"has-text-align-center\" data-align=\"center\">299,00 \u20ac<\/td><td class=\"has-text-align-center\" data-align=\"center\">28,00 \u20ac<\/td><\/tr><tr><td><strong>Italia, Ranska, It\u00e4valta<\/strong><\/td><td class=\"has-text-align-center\" data-align=\"center\">167,99 \u20ac<\/td><td class=\"has-text-align-center\" data-align=\"center\">18,99 \u20ac<\/td><\/tr><tr><td><strong>Luxemburg, Liechtenstein<\/strong><\/td><td class=\"has-text-align-center\" data-align=\"center\">198,00 \u20ac<\/td><td class=\"has-text-align-center\" data-align=\"center\">19,00 \u20ac<\/td><\/tr><tr><td><strong>Puola, T\u0161ekki, Tanska<\/strong><\/td><td class=\"has-text-align-center\" data-align=\"center\">169,00 \u20ac<\/td><td class=\"has-text-align-center\" data-align=\"center\">30,00 \u20ac<\/td><\/tr><tr><td><strong>Romania<\/strong><\/td><td class=\"has-text-align-center\" data-align=\"center\">437,00 \u20ac<\/td><td class=\"has-text-align-center\" data-align=\"center\">38,00 \u20ac<\/td><\/tr><tr><td><strong>Suomi<\/strong><\/td><td class=\"has-text-align-center\" data-align=\"center\">307,00 \u20ac<\/td><td class=\"has-text-align-center\" data-align=\"center\">28,00 \u20ac<\/td><\/tr><tr><td><strong>Alankomaat, Belgia<\/strong><\/td><td class=\"has-text-align-center\" data-align=\"center\">148,00 \u20ac<\/td><td class=\"has-text-align-center\" data-align=\"center\">19,00 \u20ac<\/td><\/tr><tr><td><strong>Slovakia, Slovenia<\/strong><\/td><td class=\"has-text-align-center\" data-align=\"center\">184,00 \u20ac<\/td><td class=\"has-text-align-center\" data-align=\"center\">35,00 \u20ac<\/td><\/tr><tr><td><strong>Latvia, Kroatia, Unkari, Ruotsi, Portugali<\/strong><\/td><td class=\"has-text-align-center\" data-align=\"center\">239,00 \u20ac<\/td><td class=\"has-text-align-center\" data-align=\"center\">39,00 \u20ac<\/td><\/tr><tr><td><strong>Viro, Norja<\/strong><\/td><td class=\"has-text-align-center\" data-align=\"center\">349,00 \u20ac<\/td><td class=\"has-text-align-center\" data-align=\"center\">49,00 \u20ac<\/td><\/tr><tr><td><strong>Kreikka, Albania, Bosnia ja Hertsegovina, Liettua, Bulgaria<\/strong><\/td><td class=\"has-text-align-center\" data-align=\"center\">287,00 \u20ac<\/td><td class=\"has-text-align-center\" data-align=\"center\">38,00 \u20ac<\/td><\/tr><tr><td><strong>Montenegro<\/strong><\/td><td class=\"has-text-align-center\" data-align=\"center\">249,00 \u20ac<\/td><td class=\"has-text-align-center\" data-align=\"center\">38,00 \u20ac<\/td><\/tr><tr><td><strong>Irlanti<\/strong><\/td><td class=\"has-text-align-center\" data-align=\"center\">329,00 \u20ac<\/td><td class=\"has-text-align-center\" data-align=\"center\">29,00 \u20ac<\/td><\/tr><tr><td><strong>Serbia<\/strong><\/td><td class=\"has-text-align-center\" data-align=\"center\">335,00 \u20ac<\/td><td class=\"has-text-align-center\" data-align=\"center\">85,00 \u20ac<\/td><\/tr><tr><td><strong>Yhdistynyt kuningaskunta<\/strong><\/td><td class=\"has-text-align-center\" data-align=\"center\">279,00 \u20ac<\/td><td class=\"has-text-align-center\" data-align=\"center\">&#8211;<\/td><\/tr><tr><td><strong>Sveitsi<\/strong><\/td><td class=\"has-text-align-center\" data-align=\"center\">464,00 \u20ac<\/td><td class=\"has-text-align-center\" data-align=\"center\">&#8211;<\/td><\/tr><\/tbody><\/table><\/figure>\n\n<figure class=\"wp-block-image size-large\"><a href=\"https:\/\/dodo-inflatables.com\/wp-content\/uploads\/2022\/01\/seperator-kleiner.png\"><img loading=\"lazy\" decoding=\"async\" width=\"1024\" height=\"102\" src=\"https:\/\/dodo-inflatables.com\/wp-content\/uploads\/2022\/01\/seperator-kleiner-1024x102.png\" alt=\"\" class=\"wp-image-4026\" srcset=\"https:\/\/dodo-inflatables.com\/wp-content\/uploads\/2022\/01\/seperator-kleiner-1024x102.png 1024w, https:\/\/dodo-inflatables.com\/wp-content\/uploads\/2022\/01\/seperator-kleiner-900x90.png 900w, https:\/\/dodo-inflatables.com\/wp-content\/uploads\/2022\/01\/seperator-kleiner-300x30.png 300w, https:\/\/dodo-inflatables.com\/wp-content\/uploads\/2022\/01\/seperator-kleiner-768x77.png 768w, https:\/\/dodo-inflatables.com\/wp-content\/uploads\/2022\/01\/seperator-kleiner-1536x154.png 1536w, https:\/\/dodo-inflatables.com\/wp-content\/uploads\/2022\/01\/seperator-kleiner-340x34.png 340w, https:\/\/dodo-inflatables.com\/wp-content\/uploads\/2022\/01\/seperator-kleiner.png 2000w\" sizes=\"auto, (max-width: 1024px) 100vw, 1024px\" \/><\/a><\/figure>\n\n<h4 class=\"wp-block-heading has-text-align-center\"><strong><strong>Sveitsil\u00e4isille ja englantilaisille asiakkaillemme:<\/strong><\/strong><\/h4>\n\n<p class=\"has-text-align-center\">EU:n ulkopuolisesta maasta tulevana asiakkaana voit tehd\u00e4 ostoksia kanssamme arvonlis\u00e4verotta. Verkkokaupassa ilmoitetut hinnat sis\u00e4lt\u00e4v\u00e4t aluksi Saksan arvonlis\u00e4veron (19 %), joka v\u00e4hennet\u00e4\u00e4n heti, kun olet sy\u00f6tt\u00e4nyt toimitusosoitteesi (Sveitsi + Iso-Britannia) ostoskoriin.<\/p>\n\n<p class=\"has-text-align-center\">Kun toimitat tuotteita Sveitsiin ja Yhdistyneeseen kuningaskuntaan, sinua pidet\u00e4\u00e4n &#8221;maahantuojana&#8221;. Siksi sinulta veloitetaan maahantuonnin liikevaihtovero ja maahantuontitullit.<br\/>Toimituskustannuksemme Sveitsiin ja Yhdistyneeseen kuningaskuntaan sis\u00e4lt\u00e4v\u00e4t rahdin hinnan, tulliselvityksen ja ABD:n valmistelun.<\/p>\n","protected":false},"excerpt":{"rendered":"<p>Toimituskulut ja tietoa kansainv\u00e4lisest\u00e4 toimituksesta Pomppulinnat, liukum\u00e4et ja tapahtumamoduulit pakataan kuormalavoille ja l\u00e4hetet\u00e4\u00e4n kuljetusyrityksen toimesta. Kun maksu on vastaanotettu, tavarasi l\u00e4hetet\u00e4\u00e4n samana tai seuraavana ty\u00f6p\u00e4iv\u00e4n\u00e4. Toimitus EU:n alueella kest\u00e4\u00e4 yleens\u00e4 4-6 ty\u00f6p\u00e4iv\u00e4\u00e4. Lis\u00e4varusteet, kuten puhaltimet, l\u00e4hetet\u00e4\u00e4n DPD: ll\u00e4 tai UPSilla. Varastomme sijaitsee M\u00fcncheniss\u00e4, Saksassa. Voit my\u00f6s noutaa pomppulinnasi t\u00e4\u00e4lt\u00e4 itse maksettuasi ja varattuasi ajan. Toimitus [&hellip;]<\/p>\n","protected":false},"author":1,"featured_media":0,"parent":0,"menu_order":0,"comment_status":"closed","ping_status":"closed","template":"","meta":{"_acf_changed":false,"_uag_custom_page_level_css":"","site-sidebar-layout":"default","site-content-layout":"content-boxed-container","ast-site-content-layout":"normal-width-container","site-content-style":"boxed","site-sidebar-style":"unboxed","ast-global-header-display":"","ast-banner-title-visibility":"","ast-main-header-display":"","ast-hfb-above-header-display":"","ast-hfb-below-header-display":"","ast-hfb-mobile-header-display":"","site-post-title":"disabled","ast-breadcrumbs-content":"disabled","ast-featured-img":"disabled","footer-sml-layout":"","ast-disable-related-posts":"","theme-transparent-header-meta":"","adv-header-id-meta":"7189","stick-header-meta":"","header-above-stick-meta":"","header-main-stick-meta":"","header-below-stick-meta":"","astra-migrate-meta-layouts":"default","ast-page-background-enabled":"default","ast-page-background-meta":{"desktop":{"background-color":"var(--ast-global-color-4)","background-image":"","background-repeat":"repeat","background-position":"center center","background-size":"auto","background-attachment":"scroll","background-type":"","background-media":"","overlay-type":"","overlay-color":"","overlay-opacity":"","overlay-gradient":""},"tablet":{"background-color":"","background-image":"","background-repeat":"repeat","background-position":"center center","background-size":"auto","background-attachment":"scroll","background-type":"","background-media":"","overlay-type":"","overlay-color":"","overlay-opacity":"","overlay-gradient":""},"mobile":{"background-color":"","background-image":"","background-repeat":"repeat","background-position":"center center","background-size":"auto","background-attachment":"scroll","background-type":"","background-media":"","overlay-type":"","overlay-color":"","overlay-opacity":"","overlay-gradient":""}},"ast-content-background-meta":{"desktop":{"background-color":"var(--ast-global-color-5)","background-image":"","background-repeat":"repeat","background-position":"center center","background-size":"auto","background-attachment":"scroll","background-type":"","background-media":"","overlay-type":"","overlay-color":"","overlay-opacity":"","overlay-gradient":""},"tablet":{"background-color":"var(--ast-global-color-5)","background-image":"","background-repeat":"repeat","background-position":"center center","background-size":"auto","background-attachment":"scroll","background-type":"","background-media":"","overlay-type":"","overlay-color":"","overlay-opacity":"","overlay-gradient":""},"mobile":{"background-color":"var(--ast-global-color-5)","background-image":"","background-repeat":"repeat","background-position":"center center","background-size":"auto","background-attachment":"scroll","background-type":"","background-media":"","overlay-type":"","overlay-color":"","overlay-opacity":"","overlay-gradient":""}},"footnotes":""},"class_list":["post-16986","page","type-page","status-publish","hentry"],"acf":[],"yoast_head":"<!-- This site is optimized with the Yoast SEO plugin v27.3 - https:\/\/yoast.com\/product\/yoast-seo-wordpress\/ -->\n<title>Nopea ja turvallinen pomppulinna toimitus ymp\u00e4ri Eurooppaa | Dodo Inflatables<\/title>\n<meta name=\"description\" content=\"Tutustu DIN EN 14960 -sertifioituihin pomppulinnoihimme. Nauti nopeasta ja turvallisesta toimituksesta EU-maihin ja suuresta valikoimastamme varastossa.\" \/>\n<meta name=\"robots\" content=\"index, follow, max-snippet:-1, max-image-preview:large, max-video-preview:-1\" \/>\n<link rel=\"canonical\" href=\"https:\/\/dodo-inflatables.com\/fi\/toimitus-eu-maihin\/\" \/>\n<meta name=\"twitter:label1\" content=\"Arvioitu lukuaika\" \/>\n\t<meta name=\"twitter:data1\" content=\"1 minuutti\" \/>\n<script type=\"application\/ld+json\" class=\"yoast-schema-graph\">{\"@context\":\"https:\\\/\\\/schema.org\",\"@graph\":[{\"@type\":\"WebPage\",\"@id\":\"https:\\\/\\\/dodo-inflatables.com\\\/fi\\\/toimitus-eu-maihin\\\/\",\"url\":\"https:\\\/\\\/dodo-inflatables.com\\\/fi\\\/toimitus-eu-maihin\\\/\",\"name\":\"Nopea ja turvallinen pomppulinna toimitus ymp\u00e4ri Eurooppaa | Dodo Inflatables\",\"isPartOf\":{\"@id\":\"https:\\\/\\\/dodo-inflatables.com\\\/fi\\\/#website\"},\"primaryImageOfPage\":{\"@id\":\"https:\\\/\\\/dodo-inflatables.com\\\/fi\\\/toimitus-eu-maihin\\\/#primaryimage\"},\"image\":{\"@id\":\"https:\\\/\\\/dodo-inflatables.com\\\/fi\\\/toimitus-eu-maihin\\\/#primaryimage\"},\"thumbnailUrl\":\"https:\\\/\\\/dodo-inflatables.com\\\/wp-content\\\/uploads\\\/2022\\\/01\\\/seperator-kleiner-1024x102.png\",\"datePublished\":\"2020-03-27T10:12:43+00:00\",\"dateModified\":\"2024-08-19T12:54:32+00:00\",\"description\":\"Tutustu DIN EN 14960 -sertifioituihin pomppulinnoihimme. Nauti nopeasta ja turvallisesta toimituksesta EU-maihin ja suuresta valikoimastamme varastossa.\",\"breadcrumb\":{\"@id\":\"https:\\\/\\\/dodo-inflatables.com\\\/fi\\\/toimitus-eu-maihin\\\/#breadcrumb\"},\"inLanguage\":\"fi\",\"potentialAction\":[{\"@type\":\"ReadAction\",\"target\":[\"https:\\\/\\\/dodo-inflatables.com\\\/fi\\\/toimitus-eu-maihin\\\/\"]}]},{\"@type\":\"ImageObject\",\"inLanguage\":\"fi\",\"@id\":\"https:\\\/\\\/dodo-inflatables.com\\\/fi\\\/toimitus-eu-maihin\\\/#primaryimage\",\"url\":\"https:\\\/\\\/dodo-inflatables.com\\\/wp-content\\\/uploads\\\/2022\\\/01\\\/seperator-kleiner-1024x102.png\",\"contentUrl\":\"https:\\\/\\\/dodo-inflatables.com\\\/wp-content\\\/uploads\\\/2022\\\/01\\\/seperator-kleiner-1024x102.png\"},{\"@type\":\"BreadcrumbList\",\"@id\":\"https:\\\/\\\/dodo-inflatables.com\\\/fi\\\/toimitus-eu-maihin\\\/#breadcrumb\",\"itemListElement\":[{\"@type\":\"ListItem\",\"position\":1,\"name\":\"Etusivu\",\"item\":\"https:\\\/\\\/dodo-inflatables.com\\\/fi\\\/\"},{\"@type\":\"ListItem\",\"position\":2,\"name\":\"Toimitus EU-maihin\"}]},{\"@type\":\"WebSite\",\"@id\":\"https:\\\/\\\/dodo-inflatables.com\\\/fi\\\/#website\",\"url\":\"https:\\\/\\\/dodo-inflatables.com\\\/fi\\\/\",\"name\":\"dodo-inflatables.com\",\"description\":\"Osta pomppulinnoja ja n\u00e4ht\u00e4vyyksi\u00e4 myym\u00e4l\u00e4st\u00e4mme.\",\"publisher\":{\"@id\":\"https:\\\/\\\/dodo-inflatables.com\\\/fi\\\/#organization\"},\"potentialAction\":[{\"@type\":\"SearchAction\",\"target\":{\"@type\":\"EntryPoint\",\"urlTemplate\":\"https:\\\/\\\/dodo-inflatables.com\\\/fi\\\/?s={search_term_string}\"},\"query-input\":{\"@type\":\"PropertyValueSpecification\",\"valueRequired\":true,\"valueName\":\"search_term_string\"}}],\"inLanguage\":\"fi\"},{\"@type\":\"Organization\",\"@id\":\"https:\\\/\\\/dodo-inflatables.com\\\/fi\\\/#organization\",\"name\":\"dodo-inflatables.com\",\"url\":\"https:\\\/\\\/dodo-inflatables.com\\\/fi\\\/\",\"logo\":{\"@type\":\"ImageObject\",\"inLanguage\":\"fi\",\"@id\":\"https:\\\/\\\/dodo-inflatables.com\\\/fi\\\/#\\\/schema\\\/logo\\\/image\\\/\",\"url\":\"https:\\\/\\\/dodo-inflatables.com\\\/wp-content\\\/uploads\\\/2023\\\/04\\\/cropped-cropped-cropped-Dodo-Logo.png\",\"contentUrl\":\"https:\\\/\\\/dodo-inflatables.com\\\/wp-content\\\/uploads\\\/2023\\\/04\\\/cropped-cropped-cropped-Dodo-Logo.png\",\"width\":2996,\"height\":1545,\"caption\":\"dodo-inflatables.com\"},\"image\":{\"@id\":\"https:\\\/\\\/dodo-inflatables.com\\\/fi\\\/#\\\/schema\\\/logo\\\/image\\\/\"}}]}<\/script>\n<!-- \/ Yoast SEO plugin. -->","yoast_head_json":{"title":"Nopea ja turvallinen pomppulinna toimitus ymp\u00e4ri Eurooppaa | Dodo Inflatables","description":"Tutustu DIN EN 14960 -sertifioituihin pomppulinnoihimme. Nauti nopeasta ja turvallisesta toimituksesta EU-maihin ja suuresta valikoimastamme varastossa.","robots":{"index":"index","follow":"follow","max-snippet":"max-snippet:-1","max-image-preview":"max-image-preview:large","max-video-preview":"max-video-preview:-1"},"canonical":"https:\/\/dodo-inflatables.com\/fi\/toimitus-eu-maihin\/","twitter_misc":{"Arvioitu lukuaika":"1 minuutti"},"schema":{"@context":"https:\/\/schema.org","@graph":[{"@type":"WebPage","@id":"https:\/\/dodo-inflatables.com\/fi\/toimitus-eu-maihin\/","url":"https:\/\/dodo-inflatables.com\/fi\/toimitus-eu-maihin\/","name":"Nopea ja turvallinen pomppulinna toimitus ymp\u00e4ri Eurooppaa | Dodo Inflatables","isPartOf":{"@id":"https:\/\/dodo-inflatables.com\/fi\/#website"},"primaryImageOfPage":{"@id":"https:\/\/dodo-inflatables.com\/fi\/toimitus-eu-maihin\/#primaryimage"},"image":{"@id":"https:\/\/dodo-inflatables.com\/fi\/toimitus-eu-maihin\/#primaryimage"},"thumbnailUrl":"https:\/\/dodo-inflatables.com\/wp-content\/uploads\/2022\/01\/seperator-kleiner-1024x102.png","datePublished":"2020-03-27T10:12:43+00:00","dateModified":"2024-08-19T12:54:32+00:00","description":"Tutustu DIN EN 14960 -sertifioituihin pomppulinnoihimme. Nauti nopeasta ja turvallisesta toimituksesta EU-maihin ja suuresta valikoimastamme varastossa.","breadcrumb":{"@id":"https:\/\/dodo-inflatables.com\/fi\/toimitus-eu-maihin\/#breadcrumb"},"inLanguage":"fi","potentialAction":[{"@type":"ReadAction","target":["https:\/\/dodo-inflatables.com\/fi\/toimitus-eu-maihin\/"]}]},{"@type":"ImageObject","inLanguage":"fi","@id":"https:\/\/dodo-inflatables.com\/fi\/toimitus-eu-maihin\/#primaryimage","url":"https:\/\/dodo-inflatables.com\/wp-content\/uploads\/2022\/01\/seperator-kleiner-1024x102.png","contentUrl":"https:\/\/dodo-inflatables.com\/wp-content\/uploads\/2022\/01\/seperator-kleiner-1024x102.png"},{"@type":"BreadcrumbList","@id":"https:\/\/dodo-inflatables.com\/fi\/toimitus-eu-maihin\/#breadcrumb","itemListElement":[{"@type":"ListItem","position":1,"name":"Etusivu","item":"https:\/\/dodo-inflatables.com\/fi\/"},{"@type":"ListItem","position":2,"name":"Toimitus EU-maihin"}]},{"@type":"WebSite","@id":"https:\/\/dodo-inflatables.com\/fi\/#website","url":"https:\/\/dodo-inflatables.com\/fi\/","name":"dodo-inflatables.com","description":"Osta pomppulinnoja ja n\u00e4ht\u00e4vyyksi\u00e4 myym\u00e4l\u00e4st\u00e4mme.","publisher":{"@id":"https:\/\/dodo-inflatables.com\/fi\/#organization"},"potentialAction":[{"@type":"SearchAction","target":{"@type":"EntryPoint","urlTemplate":"https:\/\/dodo-inflatables.com\/fi\/?s={search_term_string}"},"query-input":{"@type":"PropertyValueSpecification","valueRequired":true,"valueName":"search_term_string"}}],"inLanguage":"fi"},{"@type":"Organization","@id":"https:\/\/dodo-inflatables.com\/fi\/#organization","name":"dodo-inflatables.com","url":"https:\/\/dodo-inflatables.com\/fi\/","logo":{"@type":"ImageObject","inLanguage":"fi","@id":"https:\/\/dodo-inflatables.com\/fi\/#\/schema\/logo\/image\/","url":"https:\/\/dodo-inflatables.com\/wp-content\/uploads\/2023\/04\/cropped-cropped-cropped-Dodo-Logo.png","contentUrl":"https:\/\/dodo-inflatables.com\/wp-content\/uploads\/2023\/04\/cropped-cropped-cropped-Dodo-Logo.png","width":2996,"height":1545,"caption":"dodo-inflatables.com"},"image":{"@id":"https:\/\/dodo-inflatables.com\/fi\/#\/schema\/logo\/image\/"}}]}},"uagb_featured_image_src":{"full":false,"thumbnail":false,"medium":false,"medium_large":false,"large":false,"1536x1536":false,"2048x2048":false,"woocommerce_thumbnail":false,"woocommerce_single":false,"woocommerce_gallery_thumbnail":false},"uagb_author_info":{"display_name":"Andreas","author_link":"https:\/\/dodo-inflatables.com\/fi\/author\/andreas\/"},"uagb_comment_info":0,"uagb_excerpt":"Toimituskulut ja tietoa kansainv\u00e4lisest\u00e4 toimituksesta Pomppulinnat, liukum\u00e4et ja tapahtumamoduulit pakataan kuormalavoille ja l\u00e4hetet\u00e4\u00e4n kuljetusyrityksen toimesta. Kun maksu on vastaanotettu, tavarasi l\u00e4hetet\u00e4\u00e4n samana tai seuraavana ty\u00f6p\u00e4iv\u00e4n\u00e4. Toimitus EU:n alueella kest\u00e4\u00e4 yleens\u00e4 4-6 ty\u00f6p\u00e4iv\u00e4\u00e4. Lis\u00e4varusteet, kuten puhaltimet, l\u00e4hetet\u00e4\u00e4n DPD: ll\u00e4 tai UPSilla. Varastomme sijaitsee M\u00fcncheniss\u00e4, Saksassa. Voit my\u00f6s noutaa pomppulinnasi t\u00e4\u00e4lt\u00e4 itse maksettuasi ja varattuasi ajan. Toimitus&hellip;","_links":{"self":[{"href":"https:\/\/dodo-inflatables.com\/fi\/wp-json\/wp\/v2\/pages\/16986","targetHints":{"allow":["GET"]}}],"collection":[{"href":"https:\/\/dodo-inflatables.com\/fi\/wp-json\/wp\/v2\/pages"}],"about":[{"href":"https:\/\/dodo-inflatables.com\/fi\/wp-json\/wp\/v2\/types\/page"}],"author":[{"embeddable":true,"href":"https:\/\/dodo-inflatables.com\/fi\/wp-json\/wp\/v2\/users\/1"}],"replies":[{"embeddable":true,"href":"https:\/\/dodo-inflatables.com\/fi\/wp-json\/wp\/v2\/comments?post=16986"}],"version-history":[{"count":3,"href":"https:\/\/dodo-inflatables.com\/fi\/wp-json\/wp\/v2\/pages\/16986\/revisions"}],"predecessor-version":[{"id":38950,"href":"https:\/\/dodo-inflatables.com\/fi\/wp-json\/wp\/v2\/pages\/16986\/revisions\/38950"}],"wp:attachment":[{"href":"https:\/\/dodo-inflatables.com\/fi\/wp-json\/wp\/v2\/media?parent=16986"}],"curies":[{"name":"wp","href":"https:\/\/api.w.org\/{rel}","templated":true}]}}