{"id":17361,"date":"2024-03-05T16:58:32","date_gmt":"2024-03-05T15:58:32","guid":{"rendered":"https:\/\/dodo-inflatables.com\/acheter-des-toboggans-gonflables-et-des-structures-gonflables-en-france\/"},"modified":"2024-07-17T15:09:25","modified_gmt":"2024-07-17T13:09:25","slug":"acheter-des-toboggans-gonflables-et-des-structures-gonflables-en-france","status":"publish","type":"page","link":"https:\/\/dodo-inflatables.com\/fi\/acheter-des-toboggans-gonflables-et-des-structures-gonflables-en-france\/","title":{"rendered":"Acheter des toboggans gonflables et des structures gonflables en France"},"content":{"rendered":"\n<h2 class=\"wp-block-heading has-text-align-center\">Acheter des toboggans gonflables et des structures gonflables en France<\/h2>\n\n<figure class=\"wp-block-image aligncenter size-large\"><a href=\"https:\/\/dodo-inflatables.com\/wp-content\/uploads\/2022\/01\/seperator-kleiner.png\"><img fetchpriority=\"high\" decoding=\"async\" width=\"1024\" height=\"102\" src=\"https:\/\/dodo-inflatables.com\/wp-content\/uploads\/2022\/01\/seperator-kleiner-1024x102.png\" alt=\"\" class=\"wp-image-4026\" srcset=\"https:\/\/dodo-inflatables.com\/wp-content\/uploads\/2022\/01\/seperator-kleiner-1024x102.png 1024w, https:\/\/dodo-inflatables.com\/wp-content\/uploads\/2022\/01\/seperator-kleiner-900x90.png 900w, https:\/\/dodo-inflatables.com\/wp-content\/uploads\/2022\/01\/seperator-kleiner-300x30.png 300w, https:\/\/dodo-inflatables.com\/wp-content\/uploads\/2022\/01\/seperator-kleiner-768x77.png 768w, https:\/\/dodo-inflatables.com\/wp-content\/uploads\/2022\/01\/seperator-kleiner-1536x154.png 1536w, https:\/\/dodo-inflatables.com\/wp-content\/uploads\/2022\/01\/seperator-kleiner-340x34.png 340w, https:\/\/dodo-inflatables.com\/wp-content\/uploads\/2022\/01\/seperator-kleiner.png 2000w\" sizes=\"(max-width: 1024px) 100vw, 1024px\" \/><\/a><\/figure>\n\n<h3 class=\"wp-block-heading has-text-align-center\">Bienvenue sur Dodo-Inflatables.com &#8211; notre boutique en ligne de structures gonflables en Europe !<\/h3>\n\n<p style=\"font-size:17px\">K\u00e4vele meid\u00e4n laajassa valikoimassamme, jossa on laadukkaita lumirakenteita, <a href=\"https:\/\/dodo-inflatables.com\/product-category\/bouncy-castles\/\">lumilinnoja<\/a> ja <a href=\"https:\/\/dodo-inflatables.com\/product-category\/slides\/\">kelkkakelkkoja<\/a>, jotka tuovat jokaiselle tapahtumalle pienen lis\u00e4n. Que vous cherchiez une grande structure gonflable pour un \u00e9v\u00e9nement d&#8217;entreprise, un petit ch\u00e2teau gonflable pour un anniversaire d&#8217;enfant ou une structure gonflable avec toboggan pour une f\u00eate d&#8217;\u00e9t\u00e9, vous trouverez forc\u00e9ment ce qu&#8217;il vous faut chez nous !<\/p>\n\n<p style=\"font-size:17px\">Notre assortiment comprend non seulement une grande vari\u00e9t\u00e9 de structures gonflables, mais aussi un large \u00e9ventail <a href=\"https:\/\/dodo-inflatables.com\/product-category\/accessories\/\">d&#8217;accessories<\/a>, dont les souffleurs <a href=\"https:\/\/dodo-inflatables.com\/fi\/tuote\/gibbonsin-puhallin-fp5005-15ps\/\" data-type=\"product\" data-id=\"81\">Gibbons<\/a> et <a href=\"https:\/\/dodo-inflatables.com\/fi\/tuote\/huawei-puhallin-reh-1-5e-1-5ps\/\" data-type=\"product\" data-id=\"2724\">Huawei<\/a> pour structures gonflables.<\/p>\n\n<p style=\"font-size:17px\">L&#8217;envoi d&#8217;une structure gonflable et de ses accessories vers la <strong>France co\u00fbte 167,99\u20ac<\/strong>. Un colis d&#8217;accessories pour structures gonflables co\u00fbte 18,99\u20ac. Si la structure gonflable est en stock, elle te sera envoy\u00e9e imm\u00e9diatement apr\u00e8s r\u00e9ception de ton paiement. La livraison en France dure environ <strong>4 \u00e0 6 jours ouvrables<\/strong>. Un enl\u00e8vement par tes soins est possible dans notre entrep\u00f4t \u00e0 Munich, Allemagne.<\/p>\n\n<p style=\"font-size:17px\">Kaikki meid\u00e4n hankautuvat rakenteet t\u00e4ytt\u00e4v\u00e4t standardin <strong>DIN EN 14960<\/strong> tiukat turvallisuusnormit ja soveltuvat yksityiseen ja ammattimaiseen k\u00e4ytt\u00f6\u00f6n. Tu recevras apr\u00e8s l&#8217;envoi de la structure gonflable un guide d\u00e9taill\u00e9 ainsi que le certificat correspondant pour ta nouvelle structure gonflable.<\/p>\n\n<p style=\"font-size:17px\">TVA:n vapautus yrityksille ! Jos ostat yrityksen\u00e4, ilmoita kassalla TVA:n sis\u00e4inen numero, jotta voit ostaa verottomana.<\/p>\n\n<p style=\"font-size:17px\">Olitpa sitten perheenj\u00e4sen, joka etsiisi sytytett\u00e4v\u00e4\u00e4 rakennetta perheen seuraavaa juhlaa varten, tai olitpa sitten ammattilainen, joka haluaa laajentaa tarjontaansa, meid\u00e4n sytytett\u00e4v\u00e4t rakenteemme sopivat kaikille. Suurin osa asiakkaistamme kaikkialla Euroopassa on avomuurirakenteiden k\u00e4ytt\u00e4ji\u00e4, jotka k\u00e4ytt\u00e4v\u00e4t tuotteitamme kaikenlaisissa tapahtumissa.<\/p>\n\n<p style=\"font-size:17px\">Nous te souhaitons beaucoup de plaisir \u00e0 parcourir notre boutique en ligne et restons \u00e0 ta disposition pour toute question \u00e0 l&#8217;adress <a href=\"mailto:contact@dodo-inflatables.com\">contact@dodo-inflatables.com<\/a> ou visite directement notre boutique en ligne fran\u00e7aise : <a href=\"https:\/\/acheter-chateau-gonflable.fr\/\">acheter-chateau-gonflable.fr<\/a>!<\/p>\n\n<div style=\"height:100px\" aria-hidden=\"true\" class=\"wp-block-spacer\"><\/div>\n","protected":false},"excerpt":{"rendered":"<p>Acheter des toboggans gonflables et des structures gonflables en France Bienvenue sur Dodo-Inflatables.com &#8211; notre boutique en ligne de structures gonflables en Europe ! K\u00e4vele meid\u00e4n laajassa valikoimassamme, jossa on laadukkaita lumirakenteita, lumilinnoja ja kelkkakelkkoja, jotka tuovat jokaiselle tapahtumalle pienen lis\u00e4n. Que vous cherchiez une grande structure gonflable pour un \u00e9v\u00e9nement d&#8217;entreprise, un petit ch\u00e2teau [&hellip;]<\/p>\n","protected":false},"author":1,"featured_media":0,"parent":0,"menu_order":0,"comment_status":"closed","ping_status":"closed","template":"","meta":{"_acf_changed":false,"_uag_custom_page_level_css":"","site-sidebar-layout":"default","site-content-layout":"","ast-site-content-layout":"normal-width-container","site-content-style":"boxed","site-sidebar-style":"default","ast-global-header-display":"","ast-banner-title-visibility":"","ast-main-header-display":"","ast-hfb-above-header-display":"","ast-hfb-below-header-display":"","ast-hfb-mobile-header-display":"","site-post-title":"","ast-breadcrumbs-content":"","ast-featured-img":"","footer-sml-layout":"","ast-disable-related-posts":"","theme-transparent-header-meta":"","adv-header-id-meta":"4069","stick-header-meta":"","header-above-stick-meta":"","header-main-stick-meta":"","header-below-stick-meta":"","astra-migrate-meta-layouts":"default","ast-page-background-enabled":"default","ast-page-background-meta":{"desktop":{"background-color":"var(--ast-global-color-4)","background-image":"","background-repeat":"repeat","background-position":"center center","background-size":"auto","background-attachment":"scroll","background-type":"","background-media":"","overlay-type":"","overlay-color":"","overlay-opacity":"","overlay-gradient":""},"tablet":{"background-color":"","background-image":"","background-repeat":"repeat","background-position":"center center","background-size":"auto","background-attachment":"scroll","background-type":"","background-media":"","overlay-type":"","overlay-color":"","overlay-opacity":"","overlay-gradient":""},"mobile":{"background-color":"","background-image":"","background-repeat":"repeat","background-position":"center center","background-size":"auto","background-attachment":"scroll","background-type":"","background-media":"","overlay-type":"","overlay-color":"","overlay-opacity":"","overlay-gradient":""}},"ast-content-background-meta":{"desktop":{"background-color":"var(--ast-global-color-5)","background-image":"","background-repeat":"repeat","background-position":"center center","background-size":"auto","background-attachment":"scroll","background-type":"","background-media":"","overlay-type":"","overlay-color":"","overlay-opacity":"","overlay-gradient":""},"tablet":{"background-color":"var(--ast-global-color-5)","background-image":"","background-repeat":"repeat","background-position":"center center","background-size":"auto","background-attachment":"scroll","background-type":"","background-media":"","overlay-type":"","overlay-color":"","overlay-opacity":"","overlay-gradient":""},"mobile":{"background-color":"var(--ast-global-color-5)","background-image":"","background-repeat":"repeat","background-position":"center center","background-size":"auto","background-attachment":"scroll","background-type":"","background-media":"","overlay-type":"","overlay-color":"","overlay-opacity":"","overlay-gradient":""}},"footnotes":""},"class_list":["post-17361","page","type-page","status-publish","hentry"],"acf":[],"yoast_head":"<!-- This site is optimized with the Yoast SEO plugin v27.5 - https:\/\/yoast.com\/product\/yoast-seo-wordpress\/ -->\n<title>Acheter des toboggans gonflables et des structures gonflables en France - dodo-inflatables.com<\/title>\n<meta name=\"robots\" content=\"index, follow, max-snippet:-1, max-image-preview:large, max-video-preview:-1\" \/>\n<link rel=\"canonical\" href=\"https:\/\/dodo-inflatables.com\/fi\/acheter-des-toboggans-gonflables-et-des-structures-gonflables-en-france\/\" \/>\n<meta name=\"twitter:label1\" content=\"Arvioitu lukuaika\" \/>\n\t<meta name=\"twitter:data1\" content=\"2 minuuttia\" \/>\n<script type=\"application\/ld+json\" class=\"yoast-schema-graph\">{\"@context\":\"https:\\\/\\\/schema.org\",\"@graph\":[{\"@type\":\"WebPage\",\"@id\":\"https:\\\/\\\/dodo-inflatables.com\\\/fi\\\/acheter-des-toboggans-gonflables-et-des-structures-gonflables-en-france\\\/\",\"url\":\"https:\\\/\\\/dodo-inflatables.com\\\/fi\\\/acheter-des-toboggans-gonflables-et-des-structures-gonflables-en-france\\\/\",\"name\":\"Acheter des toboggans gonflables et des structures gonflables en France - dodo-inflatables.com\",\"isPartOf\":{\"@id\":\"https:\\\/\\\/dodo-inflatables.com\\\/fi\\\/#website\"},\"primaryImageOfPage\":{\"@id\":\"https:\\\/\\\/dodo-inflatables.com\\\/fi\\\/acheter-des-toboggans-gonflables-et-des-structures-gonflables-en-france\\\/#primaryimage\"},\"image\":{\"@id\":\"https:\\\/\\\/dodo-inflatables.com\\\/fi\\\/acheter-des-toboggans-gonflables-et-des-structures-gonflables-en-france\\\/#primaryimage\"},\"thumbnailUrl\":\"https:\\\/\\\/dodo-inflatables.com\\\/wp-content\\\/uploads\\\/2022\\\/01\\\/seperator-kleiner-1024x102.png\",\"datePublished\":\"2024-03-05T15:58:32+00:00\",\"dateModified\":\"2024-07-17T13:09:25+00:00\",\"breadcrumb\":{\"@id\":\"https:\\\/\\\/dodo-inflatables.com\\\/fi\\\/acheter-des-toboggans-gonflables-et-des-structures-gonflables-en-france\\\/#breadcrumb\"},\"inLanguage\":\"fi\",\"potentialAction\":[{\"@type\":\"ReadAction\",\"target\":[\"https:\\\/\\\/dodo-inflatables.com\\\/fi\\\/acheter-des-toboggans-gonflables-et-des-structures-gonflables-en-france\\\/\"]}]},{\"@type\":\"ImageObject\",\"inLanguage\":\"fi\",\"@id\":\"https:\\\/\\\/dodo-inflatables.com\\\/fi\\\/acheter-des-toboggans-gonflables-et-des-structures-gonflables-en-france\\\/#primaryimage\",\"url\":\"https:\\\/\\\/dodo-inflatables.com\\\/wp-content\\\/uploads\\\/2022\\\/01\\\/seperator-kleiner-1024x102.png\",\"contentUrl\":\"https:\\\/\\\/dodo-inflatables.com\\\/wp-content\\\/uploads\\\/2022\\\/01\\\/seperator-kleiner-1024x102.png\"},{\"@type\":\"BreadcrumbList\",\"@id\":\"https:\\\/\\\/dodo-inflatables.com\\\/fi\\\/acheter-des-toboggans-gonflables-et-des-structures-gonflables-en-france\\\/#breadcrumb\",\"itemListElement\":[{\"@type\":\"ListItem\",\"position\":1,\"name\":\"Etusivu\",\"item\":\"https:\\\/\\\/dodo-inflatables.com\\\/fi\\\/\"},{\"@type\":\"ListItem\",\"position\":2,\"name\":\"Acheter des toboggans gonflables et des structures gonflables en France\"}]},{\"@type\":\"WebSite\",\"@id\":\"https:\\\/\\\/dodo-inflatables.com\\\/fi\\\/#website\",\"url\":\"https:\\\/\\\/dodo-inflatables.com\\\/fi\\\/\",\"name\":\"dodo-inflatables.com\",\"description\":\"Osta pomppulinnoja ja n\u00e4ht\u00e4vyyksi\u00e4 myym\u00e4l\u00e4st\u00e4mme.\",\"potentialAction\":[{\"@type\":\"SearchAction\",\"target\":{\"@type\":\"EntryPoint\",\"urlTemplate\":\"https:\\\/\\\/dodo-inflatables.com\\\/fi\\\/?s={search_term_string}\"},\"query-input\":{\"@type\":\"PropertyValueSpecification\",\"valueRequired\":true,\"valueName\":\"search_term_string\"}}],\"inLanguage\":\"fi\"}]}<\/script>\n<!-- \/ Yoast SEO plugin. -->","yoast_head_json":{"title":"Acheter des toboggans gonflables et des structures gonflables en France - dodo-inflatables.com","robots":{"index":"index","follow":"follow","max-snippet":"max-snippet:-1","max-image-preview":"max-image-preview:large","max-video-preview":"max-video-preview:-1"},"canonical":"https:\/\/dodo-inflatables.com\/fi\/acheter-des-toboggans-gonflables-et-des-structures-gonflables-en-france\/","twitter_misc":{"Arvioitu lukuaika":"2 minuuttia"},"schema":{"@context":"https:\/\/schema.org","@graph":[{"@type":"WebPage","@id":"https:\/\/dodo-inflatables.com\/fi\/acheter-des-toboggans-gonflables-et-des-structures-gonflables-en-france\/","url":"https:\/\/dodo-inflatables.com\/fi\/acheter-des-toboggans-gonflables-et-des-structures-gonflables-en-france\/","name":"Acheter des toboggans gonflables et des structures gonflables en France - dodo-inflatables.com","isPartOf":{"@id":"https:\/\/dodo-inflatables.com\/fi\/#website"},"primaryImageOfPage":{"@id":"https:\/\/dodo-inflatables.com\/fi\/acheter-des-toboggans-gonflables-et-des-structures-gonflables-en-france\/#primaryimage"},"image":{"@id":"https:\/\/dodo-inflatables.com\/fi\/acheter-des-toboggans-gonflables-et-des-structures-gonflables-en-france\/#primaryimage"},"thumbnailUrl":"https:\/\/dodo-inflatables.com\/wp-content\/uploads\/2022\/01\/seperator-kleiner-1024x102.png","datePublished":"2024-03-05T15:58:32+00:00","dateModified":"2024-07-17T13:09:25+00:00","breadcrumb":{"@id":"https:\/\/dodo-inflatables.com\/fi\/acheter-des-toboggans-gonflables-et-des-structures-gonflables-en-france\/#breadcrumb"},"inLanguage":"fi","potentialAction":[{"@type":"ReadAction","target":["https:\/\/dodo-inflatables.com\/fi\/acheter-des-toboggans-gonflables-et-des-structures-gonflables-en-france\/"]}]},{"@type":"ImageObject","inLanguage":"fi","@id":"https:\/\/dodo-inflatables.com\/fi\/acheter-des-toboggans-gonflables-et-des-structures-gonflables-en-france\/#primaryimage","url":"https:\/\/dodo-inflatables.com\/wp-content\/uploads\/2022\/01\/seperator-kleiner-1024x102.png","contentUrl":"https:\/\/dodo-inflatables.com\/wp-content\/uploads\/2022\/01\/seperator-kleiner-1024x102.png"},{"@type":"BreadcrumbList","@id":"https:\/\/dodo-inflatables.com\/fi\/acheter-des-toboggans-gonflables-et-des-structures-gonflables-en-france\/#breadcrumb","itemListElement":[{"@type":"ListItem","position":1,"name":"Etusivu","item":"https:\/\/dodo-inflatables.com\/fi\/"},{"@type":"ListItem","position":2,"name":"Acheter des toboggans gonflables et des structures gonflables en France"}]},{"@type":"WebSite","@id":"https:\/\/dodo-inflatables.com\/fi\/#website","url":"https:\/\/dodo-inflatables.com\/fi\/","name":"dodo-inflatables.com","description":"Osta pomppulinnoja ja n\u00e4ht\u00e4vyyksi\u00e4 myym\u00e4l\u00e4st\u00e4mme.","potentialAction":[{"@type":"SearchAction","target":{"@type":"EntryPoint","urlTemplate":"https:\/\/dodo-inflatables.com\/fi\/?s={search_term_string}"},"query-input":{"@type":"PropertyValueSpecification","valueRequired":true,"valueName":"search_term_string"}}],"inLanguage":"fi"}]}},"uagb_featured_image_src":{"full":false,"thumbnail":false,"medium":false,"medium_large":false,"large":false,"1536x1536":false,"2048x2048":false,"woocommerce_thumbnail":false,"woocommerce_single":false,"woocommerce_gallery_thumbnail":false},"uagb_author_info":{"display_name":"Andreas","author_link":"https:\/\/dodo-inflatables.com\/fi\/author\/andreas\/"},"uagb_comment_info":0,"uagb_excerpt":"Acheter des toboggans gonflables et des structures gonflables en France Bienvenue sur Dodo-Inflatables.com &#8211; notre boutique en ligne de structures gonflables en Europe ! K\u00e4vele meid\u00e4n laajassa valikoimassamme, jossa on laadukkaita lumirakenteita, lumilinnoja ja kelkkakelkkoja, jotka tuovat jokaiselle tapahtumalle pienen lis\u00e4n. Que vous cherchiez une grande structure gonflable pour un \u00e9v\u00e9nement d&#8217;entreprise, un petit ch\u00e2teau&hellip;","_links":{"self":[{"href":"https:\/\/dodo-inflatables.com\/fi\/wp-json\/wp\/v2\/pages\/17361","targetHints":{"allow":["GET"]}}],"collection":[{"href":"https:\/\/dodo-inflatables.com\/fi\/wp-json\/wp\/v2\/pages"}],"about":[{"href":"https:\/\/dodo-inflatables.com\/fi\/wp-json\/wp\/v2\/types\/page"}],"author":[{"embeddable":true,"href":"https:\/\/dodo-inflatables.com\/fi\/wp-json\/wp\/v2\/users\/1"}],"replies":[{"embeddable":true,"href":"https:\/\/dodo-inflatables.com\/fi\/wp-json\/wp\/v2\/comments?post=17361"}],"version-history":[{"count":2,"href":"https:\/\/dodo-inflatables.com\/fi\/wp-json\/wp\/v2\/pages\/17361\/revisions"}],"predecessor-version":[{"id":17363,"href":"https:\/\/dodo-inflatables.com\/fi\/wp-json\/wp\/v2\/pages\/17361\/revisions\/17363"}],"wp:attachment":[{"href":"https:\/\/dodo-inflatables.com\/fi\/wp-json\/wp\/v2\/media?parent=17361"}],"curies":[{"name":"wp","href":"https:\/\/api.w.org\/{rel}","templated":true}]}}