{"id":17382,"date":"2024-03-05T16:49:21","date_gmt":"2024-03-05T15:49:21","guid":{"rendered":"https:\/\/dodo-inflatables.com\/osta-taispuhutavad-liumaed-ja-huppelinnakud-eestist\/"},"modified":"2024-07-17T15:09:34","modified_gmt":"2024-07-17T13:09:34","slug":"osta-taispuhutavad-liumaed-ja-huppelinnakud-eestist","status":"publish","type":"page","link":"https:\/\/dodo-inflatables.com\/fi\/osta-taispuhutavad-liumaed-ja-huppelinnakud-eestist\/","title":{"rendered":"Osta t\u00e4ispuhutavad lium\u00e4ed ja h\u00fcppelinnakud Eestist"},"content":{"rendered":"\n<h2 class=\"wp-block-heading has-text-align-center\">Osta t\u00e4ispuhutavad lium\u00e4ed ja h\u00fcppelinnakud Eestist<\/h2>\n\n<figure class=\"wp-block-image aligncenter size-large\"><a href=\"https:\/\/dodo-inflatables.com\/wp-content\/uploads\/2022\/01\/seperator-kleiner.png\"><img fetchpriority=\"high\" decoding=\"async\" width=\"1024\" height=\"102\" src=\"https:\/\/dodo-inflatables.com\/wp-content\/uploads\/2022\/01\/seperator-kleiner-1024x102.png\" alt=\"\" class=\"wp-image-4026\" srcset=\"https:\/\/dodo-inflatables.com\/wp-content\/uploads\/2022\/01\/seperator-kleiner-1024x102.png 1024w, https:\/\/dodo-inflatables.com\/wp-content\/uploads\/2022\/01\/seperator-kleiner-900x90.png 900w, https:\/\/dodo-inflatables.com\/wp-content\/uploads\/2022\/01\/seperator-kleiner-300x30.png 300w, https:\/\/dodo-inflatables.com\/wp-content\/uploads\/2022\/01\/seperator-kleiner-768x77.png 768w, https:\/\/dodo-inflatables.com\/wp-content\/uploads\/2022\/01\/seperator-kleiner-1536x154.png 1536w, https:\/\/dodo-inflatables.com\/wp-content\/uploads\/2022\/01\/seperator-kleiner-340x34.png 340w, https:\/\/dodo-inflatables.com\/wp-content\/uploads\/2022\/01\/seperator-kleiner.png 2000w\" sizes=\"(max-width: 1024px) 100vw, 1024px\" \/><\/a><\/figure>\n\n<h3 class=\"wp-block-heading has-text-align-center\">Tere tulemast Dodo-Inflatables.com &#8211; meid\u00e4n t\u00e4ispuhutavate atraktsioonide verkkopoodi Euroopassa!<\/h3>\n\n<p style=\"font-size:17px\">Sukeldu meid\u00e4n laiaulatuslikku kvaliteetsete t\u00e4ispuhutavate atraktsioonide, t\u00e4ispuhutavate losside ja lium\u00e4e valikusse, mis lisab igale s\u00fcndmusele selle v\u00e4ikese lisav\u00e4\u00e4rtuse. Kas otsite suurt t\u00e4ispuhutavat atraktsiooni firma\u00fcritusele, v\u00e4ikest t\u00e4ispuhutavat lossi laste s\u00fcnnip\u00e4evapeole tai h\u00fcppelinnakut koos lium\u00e4ega suvep\u00e4evale &#8211; siit leiate garanteeritult jotain sobivat!<\/p>\n\n<p style=\"font-size:17px\">Meie valik ei sisalda mitte ainoastaan erilaisia h\u00fcppelinnu, vaid ka laia valikut lisaseadmeid, sealhulgas Gibbonid ja Huawei puhurid h\u00fcppelinnadele.<\/p>\n\n<p style=\"font-size:17px\">H\u00fcppelinnuse ja tarvikute saatmine Eestisse maksab 349,00 eurot. T\u00e4ispuhutavate tarvikute pakett maksab 49,00 eurot. Kui t\u00e4ispuhutav atraktsioon on laos, saadetakse see teile kohe p\u00e4rast makse laekumist. Tarne Eestisse kestab noin 4-6 ty\u00f6p\u00e4iv\u00e4\u00e4. H\u00fcppelaud on mahdollista ise saada meid\u00e4n laost M\u00fcnchenis, Saksassa.<\/p>\n\n<p style=\"font-size:17px\">Kaikki meid\u00e4n t\u00e4ispuhutavad atraktsioonid vastaavat turvallisuusstandarditele DIN EN 14960 ja sobivad nii era- kui ka \u00e4rikasutuseks. Kui teie uus t\u00e4ispuhutav atraktsioon on v\u00e4lja l\u00e4hetetty, saate yksityiskohtaiku juhendi ja vastava sertifikaadi.<\/p>\n\n<p style=\"font-size:17px\">K\u00e4ibemaksuvabastus yrityksille! Kui ostate ettev\u00f5ttena, sisestage maksuvabade ostude tegemiseks kassas oma k\u00e4ibemaksukohustuslasena registreerimise number.<\/p>\n\n<p style=\"font-size:17px\">Olenemata siit\u00e4, kas olete eraisik, kes otsib h\u00fcppelinnakut oma j\u00e4rgmisele perepeole, tai olete kommertsiaalne rendifirma, kes haluaa oma valikut laiendada, meie h\u00fcppelinnakud sobivad k\u00f5igile. Tegelikult on enamik meid\u00e4n klientidest \u00fcle Euroopa h\u00fcppelinnade rendiettev\u00f5tjad, kes hindavad meid\u00e4n tooteid igas suuruses \u00fcrituste jaoks.<\/p>\n\n<p style=\"font-size:17px\">Loodame, et naudite meie veebipoe sirvimist ja vastame meeleldi k\u00f5ikidele k\u00fcsimustele osoitteessa <a href=\"mailto:contact@dodo-inflatables.com\">contact@dodo-inflatables.com!<\/a><\/p>\n\n<div style=\"height:100px\" aria-hidden=\"true\" class=\"wp-block-spacer\"><\/div>\n","protected":false},"excerpt":{"rendered":"<p>Osta t\u00e4ispuhutavad lium\u00e4ed ja h\u00fcppelinnakud Eestist Tere tulemast Dodo-Inflatables.com &#8211; meid\u00e4n t\u00e4ispuhutavate atraktsioonide verkkopoodi Euroopassa! Sukeldu meid\u00e4n laiaulatuslikku kvaliteetsete t\u00e4ispuhutavate atraktsioonide, t\u00e4ispuhutavate losside ja lium\u00e4e valikusse, mis lisab igale s\u00fcndmusele selle v\u00e4ikese lisav\u00e4\u00e4rtuse. Kas otsite suurt t\u00e4ispuhutavat atraktsiooni firma\u00fcritusele, v\u00e4ikest t\u00e4ispuhutavat lossi laste s\u00fcnnip\u00e4evapeole tai h\u00fcppelinnakut koos lium\u00e4ega suvep\u00e4evale &#8211; siit leiate garanteeritult jotain sobivat! [&hellip;]<\/p>\n","protected":false},"author":1,"featured_media":0,"parent":0,"menu_order":0,"comment_status":"closed","ping_status":"closed","template":"","meta":{"_acf_changed":false,"_uag_custom_page_level_css":"","site-sidebar-layout":"default","site-content-layout":"","ast-site-content-layout":"normal-width-container","site-content-style":"boxed","site-sidebar-style":"default","ast-global-header-display":"","ast-banner-title-visibility":"","ast-main-header-display":"","ast-hfb-above-header-display":"","ast-hfb-below-header-display":"","ast-hfb-mobile-header-display":"","site-post-title":"","ast-breadcrumbs-content":"","ast-featured-img":"","footer-sml-layout":"","ast-disable-related-posts":"","theme-transparent-header-meta":"","adv-header-id-meta":"4069","stick-header-meta":"","header-above-stick-meta":"","header-main-stick-meta":"","header-below-stick-meta":"","astra-migrate-meta-layouts":"default","ast-page-background-enabled":"default","ast-page-background-meta":{"desktop":{"background-color":"var(--ast-global-color-4)","background-image":"","background-repeat":"repeat","background-position":"center center","background-size":"auto","background-attachment":"scroll","background-type":"","background-media":"","overlay-type":"","overlay-color":"","overlay-opacity":"","overlay-gradient":""},"tablet":{"background-color":"","background-image":"","background-repeat":"repeat","background-position":"center center","background-size":"auto","background-attachment":"scroll","background-type":"","background-media":"","overlay-type":"","overlay-color":"","overlay-opacity":"","overlay-gradient":""},"mobile":{"background-color":"","background-image":"","background-repeat":"repeat","background-position":"center center","background-size":"auto","background-attachment":"scroll","background-type":"","background-media":"","overlay-type":"","overlay-color":"","overlay-opacity":"","overlay-gradient":""}},"ast-content-background-meta":{"desktop":{"background-color":"var(--ast-global-color-5)","background-image":"","background-repeat":"repeat","background-position":"center center","background-size":"auto","background-attachment":"scroll","background-type":"","background-media":"","overlay-type":"","overlay-color":"","overlay-opacity":"","overlay-gradient":""},"tablet":{"background-color":"var(--ast-global-color-5)","background-image":"","background-repeat":"repeat","background-position":"center center","background-size":"auto","background-attachment":"scroll","background-type":"","background-media":"","overlay-type":"","overlay-color":"","overlay-opacity":"","overlay-gradient":""},"mobile":{"background-color":"var(--ast-global-color-5)","background-image":"","background-repeat":"repeat","background-position":"center center","background-size":"auto","background-attachment":"scroll","background-type":"","background-media":"","overlay-type":"","overlay-color":"","overlay-opacity":"","overlay-gradient":""}},"footnotes":""},"class_list":["post-17382","page","type-page","status-publish","hentry"],"acf":[],"yoast_head":"<!-- This site is optimized with the Yoast SEO plugin v27.5 - https:\/\/yoast.com\/product\/yoast-seo-wordpress\/ -->\n<title>Osta t\u00e4ispuhutavad lium\u00e4ed ja h\u00fcppelinnakud Eestist - dodo-inflatables.com<\/title>\n<meta name=\"robots\" content=\"index, follow, max-snippet:-1, max-image-preview:large, max-video-preview:-1\" \/>\n<link rel=\"canonical\" href=\"https:\/\/dodo-inflatables.com\/fi\/osta-taispuhutavad-liumaed-ja-huppelinnakud-eestist\/\" \/>\n<meta name=\"twitter:label1\" content=\"Arvioitu lukuaika\" \/>\n\t<meta name=\"twitter:data1\" content=\"1 minuutti\" \/>\n<script type=\"application\/ld+json\" class=\"yoast-schema-graph\">{\"@context\":\"https:\\\/\\\/schema.org\",\"@graph\":[{\"@type\":\"WebPage\",\"@id\":\"https:\\\/\\\/dodo-inflatables.com\\\/fi\\\/osta-taispuhutavad-liumaed-ja-huppelinnakud-eestist\\\/\",\"url\":\"https:\\\/\\\/dodo-inflatables.com\\\/fi\\\/osta-taispuhutavad-liumaed-ja-huppelinnakud-eestist\\\/\",\"name\":\"Osta t\u00e4ispuhutavad lium\u00e4ed ja h\u00fcppelinnakud Eestist - dodo-inflatables.com\",\"isPartOf\":{\"@id\":\"https:\\\/\\\/dodo-inflatables.com\\\/fi\\\/#website\"},\"primaryImageOfPage\":{\"@id\":\"https:\\\/\\\/dodo-inflatables.com\\\/fi\\\/osta-taispuhutavad-liumaed-ja-huppelinnakud-eestist\\\/#primaryimage\"},\"image\":{\"@id\":\"https:\\\/\\\/dodo-inflatables.com\\\/fi\\\/osta-taispuhutavad-liumaed-ja-huppelinnakud-eestist\\\/#primaryimage\"},\"thumbnailUrl\":\"https:\\\/\\\/dodo-inflatables.com\\\/wp-content\\\/uploads\\\/2022\\\/01\\\/seperator-kleiner-1024x102.png\",\"datePublished\":\"2024-03-05T15:49:21+00:00\",\"dateModified\":\"2024-07-17T13:09:34+00:00\",\"breadcrumb\":{\"@id\":\"https:\\\/\\\/dodo-inflatables.com\\\/fi\\\/osta-taispuhutavad-liumaed-ja-huppelinnakud-eestist\\\/#breadcrumb\"},\"inLanguage\":\"fi\",\"potentialAction\":[{\"@type\":\"ReadAction\",\"target\":[\"https:\\\/\\\/dodo-inflatables.com\\\/fi\\\/osta-taispuhutavad-liumaed-ja-huppelinnakud-eestist\\\/\"]}]},{\"@type\":\"ImageObject\",\"inLanguage\":\"fi\",\"@id\":\"https:\\\/\\\/dodo-inflatables.com\\\/fi\\\/osta-taispuhutavad-liumaed-ja-huppelinnakud-eestist\\\/#primaryimage\",\"url\":\"https:\\\/\\\/dodo-inflatables.com\\\/wp-content\\\/uploads\\\/2022\\\/01\\\/seperator-kleiner-1024x102.png\",\"contentUrl\":\"https:\\\/\\\/dodo-inflatables.com\\\/wp-content\\\/uploads\\\/2022\\\/01\\\/seperator-kleiner-1024x102.png\"},{\"@type\":\"BreadcrumbList\",\"@id\":\"https:\\\/\\\/dodo-inflatables.com\\\/fi\\\/osta-taispuhutavad-liumaed-ja-huppelinnakud-eestist\\\/#breadcrumb\",\"itemListElement\":[{\"@type\":\"ListItem\",\"position\":1,\"name\":\"Etusivu\",\"item\":\"https:\\\/\\\/dodo-inflatables.com\\\/fi\\\/\"},{\"@type\":\"ListItem\",\"position\":2,\"name\":\"Osta t\u00e4ispuhutavad lium\u00e4ed ja h\u00fcppelinnakud Eestist\"}]},{\"@type\":\"WebSite\",\"@id\":\"https:\\\/\\\/dodo-inflatables.com\\\/fi\\\/#website\",\"url\":\"https:\\\/\\\/dodo-inflatables.com\\\/fi\\\/\",\"name\":\"dodo-inflatables.com\",\"description\":\"Osta pomppulinnoja ja n\u00e4ht\u00e4vyyksi\u00e4 myym\u00e4l\u00e4st\u00e4mme.\",\"potentialAction\":[{\"@type\":\"SearchAction\",\"target\":{\"@type\":\"EntryPoint\",\"urlTemplate\":\"https:\\\/\\\/dodo-inflatables.com\\\/fi\\\/?s={search_term_string}\"},\"query-input\":{\"@type\":\"PropertyValueSpecification\",\"valueRequired\":true,\"valueName\":\"search_term_string\"}}],\"inLanguage\":\"fi\"}]}<\/script>\n<!-- \/ Yoast SEO plugin. -->","yoast_head_json":{"title":"Osta t\u00e4ispuhutavad lium\u00e4ed ja h\u00fcppelinnakud Eestist - dodo-inflatables.com","robots":{"index":"index","follow":"follow","max-snippet":"max-snippet:-1","max-image-preview":"max-image-preview:large","max-video-preview":"max-video-preview:-1"},"canonical":"https:\/\/dodo-inflatables.com\/fi\/osta-taispuhutavad-liumaed-ja-huppelinnakud-eestist\/","twitter_misc":{"Arvioitu lukuaika":"1 minuutti"},"schema":{"@context":"https:\/\/schema.org","@graph":[{"@type":"WebPage","@id":"https:\/\/dodo-inflatables.com\/fi\/osta-taispuhutavad-liumaed-ja-huppelinnakud-eestist\/","url":"https:\/\/dodo-inflatables.com\/fi\/osta-taispuhutavad-liumaed-ja-huppelinnakud-eestist\/","name":"Osta t\u00e4ispuhutavad lium\u00e4ed ja h\u00fcppelinnakud Eestist - dodo-inflatables.com","isPartOf":{"@id":"https:\/\/dodo-inflatables.com\/fi\/#website"},"primaryImageOfPage":{"@id":"https:\/\/dodo-inflatables.com\/fi\/osta-taispuhutavad-liumaed-ja-huppelinnakud-eestist\/#primaryimage"},"image":{"@id":"https:\/\/dodo-inflatables.com\/fi\/osta-taispuhutavad-liumaed-ja-huppelinnakud-eestist\/#primaryimage"},"thumbnailUrl":"https:\/\/dodo-inflatables.com\/wp-content\/uploads\/2022\/01\/seperator-kleiner-1024x102.png","datePublished":"2024-03-05T15:49:21+00:00","dateModified":"2024-07-17T13:09:34+00:00","breadcrumb":{"@id":"https:\/\/dodo-inflatables.com\/fi\/osta-taispuhutavad-liumaed-ja-huppelinnakud-eestist\/#breadcrumb"},"inLanguage":"fi","potentialAction":[{"@type":"ReadAction","target":["https:\/\/dodo-inflatables.com\/fi\/osta-taispuhutavad-liumaed-ja-huppelinnakud-eestist\/"]}]},{"@type":"ImageObject","inLanguage":"fi","@id":"https:\/\/dodo-inflatables.com\/fi\/osta-taispuhutavad-liumaed-ja-huppelinnakud-eestist\/#primaryimage","url":"https:\/\/dodo-inflatables.com\/wp-content\/uploads\/2022\/01\/seperator-kleiner-1024x102.png","contentUrl":"https:\/\/dodo-inflatables.com\/wp-content\/uploads\/2022\/01\/seperator-kleiner-1024x102.png"},{"@type":"BreadcrumbList","@id":"https:\/\/dodo-inflatables.com\/fi\/osta-taispuhutavad-liumaed-ja-huppelinnakud-eestist\/#breadcrumb","itemListElement":[{"@type":"ListItem","position":1,"name":"Etusivu","item":"https:\/\/dodo-inflatables.com\/fi\/"},{"@type":"ListItem","position":2,"name":"Osta t\u00e4ispuhutavad lium\u00e4ed ja h\u00fcppelinnakud Eestist"}]},{"@type":"WebSite","@id":"https:\/\/dodo-inflatables.com\/fi\/#website","url":"https:\/\/dodo-inflatables.com\/fi\/","name":"dodo-inflatables.com","description":"Osta pomppulinnoja ja n\u00e4ht\u00e4vyyksi\u00e4 myym\u00e4l\u00e4st\u00e4mme.","potentialAction":[{"@type":"SearchAction","target":{"@type":"EntryPoint","urlTemplate":"https:\/\/dodo-inflatables.com\/fi\/?s={search_term_string}"},"query-input":{"@type":"PropertyValueSpecification","valueRequired":true,"valueName":"search_term_string"}}],"inLanguage":"fi"}]}},"uagb_featured_image_src":{"full":false,"thumbnail":false,"medium":false,"medium_large":false,"large":false,"1536x1536":false,"2048x2048":false,"woocommerce_thumbnail":false,"woocommerce_single":false,"woocommerce_gallery_thumbnail":false},"uagb_author_info":{"display_name":"Andreas","author_link":"https:\/\/dodo-inflatables.com\/fi\/author\/andreas\/"},"uagb_comment_info":0,"uagb_excerpt":"Osta t\u00e4ispuhutavad lium\u00e4ed ja h\u00fcppelinnakud Eestist Tere tulemast Dodo-Inflatables.com &#8211; meid\u00e4n t\u00e4ispuhutavate atraktsioonide verkkopoodi Euroopassa! Sukeldu meid\u00e4n laiaulatuslikku kvaliteetsete t\u00e4ispuhutavate atraktsioonide, t\u00e4ispuhutavate losside ja lium\u00e4e valikusse, mis lisab igale s\u00fcndmusele selle v\u00e4ikese lisav\u00e4\u00e4rtuse. Kas otsite suurt t\u00e4ispuhutavat atraktsiooni firma\u00fcritusele, v\u00e4ikest t\u00e4ispuhutavat lossi laste s\u00fcnnip\u00e4evapeole tai h\u00fcppelinnakut koos lium\u00e4ega suvep\u00e4evale &#8211; siit leiate garanteeritult jotain sobivat!&hellip;","_links":{"self":[{"href":"https:\/\/dodo-inflatables.com\/fi\/wp-json\/wp\/v2\/pages\/17382","targetHints":{"allow":["GET"]}}],"collection":[{"href":"https:\/\/dodo-inflatables.com\/fi\/wp-json\/wp\/v2\/pages"}],"about":[{"href":"https:\/\/dodo-inflatables.com\/fi\/wp-json\/wp\/v2\/types\/page"}],"author":[{"embeddable":true,"href":"https:\/\/dodo-inflatables.com\/fi\/wp-json\/wp\/v2\/users\/1"}],"replies":[{"embeddable":true,"href":"https:\/\/dodo-inflatables.com\/fi\/wp-json\/wp\/v2\/comments?post=17382"}],"version-history":[{"count":2,"href":"https:\/\/dodo-inflatables.com\/fi\/wp-json\/wp\/v2\/pages\/17382\/revisions"}],"predecessor-version":[{"id":17386,"href":"https:\/\/dodo-inflatables.com\/fi\/wp-json\/wp\/v2\/pages\/17382\/revisions\/17386"}],"wp:attachment":[{"href":"https:\/\/dodo-inflatables.com\/fi\/wp-json\/wp\/v2\/media?parent=17382"}],"curies":[{"name":"wp","href":"https:\/\/api.w.org\/{rel}","templated":true}]}}