{"id":17782,"date":"2025-03-11T17:02:51","date_gmt":"2025-03-11T16:02:51","guid":{"rendered":"https:\/\/dodo-inflatables.com\/oikeudellinen-huomautus\/"},"modified":"2025-07-20T09:12:52","modified_gmt":"2025-07-20T07:12:52","slug":"oikeudellinen-huomautus","status":"publish","type":"page","link":"https:\/\/dodo-inflatables.com\/fi\/oikeudellinen-huomautus\/","title":{"rendered":"Oikeudellinen huomautus"},"content":{"rendered":"\n<div class=\"wp-block-uagb-advanced-heading uagb-block-144f1230\"><h2 class=\"uagb-heading-text\">Oikeudellinen huomautus<\/h2><\/div>\n\n\n\n<div style=\"height:43px\" aria-hidden=\"true\" class=\"wp-block-spacer\"><\/div>\n\n\n<p>Miet Event Vertriebs GmbH<br \/>Ferdinand-Porsche-Stra\u00dfe 4<br \/>82205 Gilching<br \/>Germany<\/p>\n<p>Tel.: 089 12 50 18 700<br \/>E-Mail: contact@dodo-inflatables.com.<\/p>\n<p>Rekister\u00f6i tuomioistuin: Amtsgericht M\u00fcnchen<br \/>Rekisterinumero: HRB 238608.<\/p>\n<p>Toimitusjohtaja: Andreas Fr\u00f6schl<\/p>\n<p>ALV-numero: DE31727461<\/p>\n<p>WEEE-Reg.-Nr. DE 82972723<br \/>\u00a718 para. mukaiset tiedotusvelvollisuudet. 4 lause 3 ElektroG:<br \/><a href=\"https:\/\/www.bmuv.de\/themen\/wasser-ressourcen-abfall\/kreislaufwirtschaft\/statistiken\/elektro-und-elektronikaltgeraete\" target=\"_blank\" rel=\"noopener\">https:\/\/www.bmuv.de\/themen\/wasser-ressourcen-abfall\/kreislaufwirtschaft\/statistiken\/elektro-und-elektronikaltgeraete<\/a><\/p>\n<p>18 \u00a7:n 18 momentissa tarkoitettu vastuullinen osapuoli. 2 MStV:<br \/>Miet Event Vertriebs GmbH, Andreas Fr\u00f6schl, Ferdinand-Porsche-Stra\u00dfe 4, 82205 Gilching.<\/p>\n<p>Audiovisuaalisten mediapalvelujen tarjoamisesta vastaava toimivaltainen valvontaviranomainen:<br \/>Bayerische Landeszentrale f\u00fcr neue Medien (BLM), Heinrich-L\u00fcbke-Str., . 27, 81737 M\u00fcnchen<\/p>\n<p>Emme ole velvollisia emmek\u00e4 halukkaita osallistumaan riidanratkaisumenettelyyn kuluttajasovittelulautakunnassa.<\/p>\n<p><img decoding=\"async\" src=\"https:\/\/www.it-recht-kanzlei.de\/gfx\/Logos\/logo-fairness-160.png\" alt=\"\" \/>Fairness in Trade -aloitteen j\u00e4sen.<br \/>Lis\u00e4tietoja: <a href=\"https:\/\/www.fairness-im-handel.de\/\" target=\"_blank\" rel=\"noopener\">https:\/\/www.fairness-im-handel.de<\/a>.<\/p>","protected":false},"excerpt":{"rendered":"<p>Oikeudellinen huomautus Miet Event Vertriebs GmbHFerdinand-Porsche-Stra\u00dfe 482205 GilchingGermany Tel.: 089 12 50 18 700E-Mail: contact@dodo-inflatables.com. Rekister\u00f6i tuomioistuin: Amtsgericht M\u00fcnchenRekisterinumero: HRB 238608. Toimitusjohtaja: Andreas Fr\u00f6schl ALV-numero: DE31727461 WEEE-Reg.-Nr. DE 82972723\u00a718 para. mukaiset tiedotusvelvollisuudet. 4 lause 3 ElektroG:https:\/\/www.bmuv.de\/themen\/wasser-ressourcen-abfall\/kreislaufwirtschaft\/statistiken\/elektro-und-elektronikaltgeraete 18 \u00a7:n 18 momentissa tarkoitettu vastuullinen osapuoli. 2 MStV:Miet Event Vertriebs GmbH, Andreas Fr\u00f6schl, Ferdinand-Porsche-Stra\u00dfe 4, 82205 Gilching. Audiovisuaalisten [&hellip;]<\/p>\n","protected":false},"author":1,"featured_media":0,"parent":0,"menu_order":0,"comment_status":"closed","ping_status":"closed","template":"","meta":{"_acf_changed":false,"_uag_custom_page_level_css":"","site-sidebar-layout":"default","site-content-layout":"content-boxed-container","ast-site-content-layout":"narrow-width-container","site-content-style":"boxed","site-sidebar-style":"unboxed","ast-global-header-display":"","ast-banner-title-visibility":"","ast-main-header-display":"","ast-hfb-above-header-display":"","ast-hfb-below-header-display":"","ast-hfb-mobile-header-display":"","site-post-title":"disabled","ast-breadcrumbs-content":"disabled","ast-featured-img":"disabled","footer-sml-layout":"","ast-disable-related-posts":"","theme-transparent-header-meta":"","adv-header-id-meta":"7189","stick-header-meta":"","header-above-stick-meta":"","header-main-stick-meta":"","header-below-stick-meta":"","astra-migrate-meta-layouts":"set","ast-page-background-enabled":"default","ast-page-background-meta":{"desktop":{"background-color":"var(--ast-global-color-4)","background-image":"","background-repeat":"repeat","background-position":"center center","background-size":"auto","background-attachment":"scroll","background-type":"","background-media":"","overlay-type":"","overlay-color":"","overlay-opacity":"","overlay-gradient":""},"tablet":{"background-color":"","background-image":"","background-repeat":"repeat","background-position":"center center","background-size":"auto","background-attachment":"scroll","background-type":"","background-media":"","overlay-type":"","overlay-color":"","overlay-opacity":"","overlay-gradient":""},"mobile":{"background-color":"","background-image":"","background-repeat":"repeat","background-position":"center center","background-size":"auto","background-attachment":"scroll","background-type":"","background-media":"","overlay-type":"","overlay-color":"","overlay-opacity":"","overlay-gradient":""}},"ast-content-background-meta":{"desktop":{"background-color":"var(--ast-global-color-5)","background-image":"","background-repeat":"repeat","background-position":"center center","background-size":"auto","background-attachment":"scroll","background-type":"","background-media":"","overlay-type":"","overlay-color":"","overlay-opacity":"","overlay-gradient":""},"tablet":{"background-color":"var(--ast-global-color-5)","background-image":"","background-repeat":"repeat","background-position":"center center","background-size":"auto","background-attachment":"scroll","background-type":"","background-media":"","overlay-type":"","overlay-color":"","overlay-opacity":"","overlay-gradient":""},"mobile":{"background-color":"var(--ast-global-color-5)","background-image":"","background-repeat":"repeat","background-position":"center center","background-size":"auto","background-attachment":"scroll","background-type":"","background-media":"","overlay-type":"","overlay-color":"","overlay-opacity":"","overlay-gradient":""}},"footnotes":""},"class_list":["post-17782","page","type-page","status-publish","hentry"],"acf":[],"yoast_head":"<!-- This site is optimized with the Yoast SEO plugin v27.4 - https:\/\/yoast.com\/product\/yoast-seo-wordpress\/ -->\n<title>Osta pomppulinna | Impress | Dodo-Inflatables.com<\/title>\n<meta name=\"description\" content=\"Koe huippuosaaminen Dodo Inflatablesin kanssa! Pomppulinnoillamme on DIN EN 14960 -sertifikaatti, joka takaa korkeimmat turvallisuusstandardit pomppimisen iloksi.\" \/>\n<meta name=\"robots\" content=\"index, follow, max-snippet:-1, max-image-preview:large, max-video-preview:-1\" \/>\n<link rel=\"canonical\" href=\"https:\/\/dodo-inflatables.com\/fi\/oikeudellinen-huomautus\/\" \/>\n<script type=\"application\/ld+json\" class=\"yoast-schema-graph\">{\"@context\":\"https:\\\/\\\/schema.org\",\"@graph\":[{\"@type\":\"WebPage\",\"@id\":\"https:\\\/\\\/dodo-inflatables.com\\\/fi\\\/oikeudellinen-huomautus\\\/\",\"url\":\"https:\\\/\\\/dodo-inflatables.com\\\/fi\\\/oikeudellinen-huomautus\\\/\",\"name\":\"Osta pomppulinna | Impress | Dodo-Inflatables.com\",\"isPartOf\":{\"@id\":\"https:\\\/\\\/dodo-inflatables.com\\\/fi\\\/#website\"},\"primaryImageOfPage\":{\"@id\":\"https:\\\/\\\/dodo-inflatables.com\\\/fi\\\/oikeudellinen-huomautus\\\/#primaryimage\"},\"image\":{\"@id\":\"https:\\\/\\\/dodo-inflatables.com\\\/fi\\\/oikeudellinen-huomautus\\\/#primaryimage\"},\"thumbnailUrl\":\"https:\\\/\\\/www.it-recht-kanzlei.de\\\/gfx\\\/Logos\\\/logo-fairness-160.png\",\"datePublished\":\"2025-03-11T16:02:51+00:00\",\"dateModified\":\"2025-07-20T07:12:52+00:00\",\"description\":\"Koe huippuosaaminen Dodo Inflatablesin kanssa! Pomppulinnoillamme on DIN EN 14960 -sertifikaatti, joka takaa korkeimmat turvallisuusstandardit pomppimisen iloksi.\",\"breadcrumb\":{\"@id\":\"https:\\\/\\\/dodo-inflatables.com\\\/fi\\\/oikeudellinen-huomautus\\\/#breadcrumb\"},\"inLanguage\":\"fi\",\"potentialAction\":[{\"@type\":\"ReadAction\",\"target\":[\"https:\\\/\\\/dodo-inflatables.com\\\/fi\\\/oikeudellinen-huomautus\\\/\"]}]},{\"@type\":\"ImageObject\",\"inLanguage\":\"fi\",\"@id\":\"https:\\\/\\\/dodo-inflatables.com\\\/fi\\\/oikeudellinen-huomautus\\\/#primaryimage\",\"url\":\"https:\\\/\\\/www.it-recht-kanzlei.de\\\/gfx\\\/Logos\\\/logo-fairness-160.png\",\"contentUrl\":\"https:\\\/\\\/www.it-recht-kanzlei.de\\\/gfx\\\/Logos\\\/logo-fairness-160.png\"},{\"@type\":\"BreadcrumbList\",\"@id\":\"https:\\\/\\\/dodo-inflatables.com\\\/fi\\\/oikeudellinen-huomautus\\\/#breadcrumb\",\"itemListElement\":[{\"@type\":\"ListItem\",\"position\":1,\"name\":\"Etusivu\",\"item\":\"https:\\\/\\\/dodo-inflatables.com\\\/fi\\\/\"},{\"@type\":\"ListItem\",\"position\":2,\"name\":\"Oikeudellinen huomautus\"}]},{\"@type\":\"WebSite\",\"@id\":\"https:\\\/\\\/dodo-inflatables.com\\\/fi\\\/#website\",\"url\":\"https:\\\/\\\/dodo-inflatables.com\\\/fi\\\/\",\"name\":\"dodo-inflatables.com\",\"description\":\"Osta pomppulinnoja ja n\u00e4ht\u00e4vyyksi\u00e4 myym\u00e4l\u00e4st\u00e4mme.\",\"publisher\":{\"@id\":\"https:\\\/\\\/dodo-inflatables.com\\\/fi\\\/#organization\"},\"potentialAction\":[{\"@type\":\"SearchAction\",\"target\":{\"@type\":\"EntryPoint\",\"urlTemplate\":\"https:\\\/\\\/dodo-inflatables.com\\\/fi\\\/?s={search_term_string}\"},\"query-input\":{\"@type\":\"PropertyValueSpecification\",\"valueRequired\":true,\"valueName\":\"search_term_string\"}}],\"inLanguage\":\"fi\"},{\"@type\":\"Organization\",\"@id\":\"https:\\\/\\\/dodo-inflatables.com\\\/fi\\\/#organization\",\"name\":\"dodo-inflatables.com\",\"url\":\"https:\\\/\\\/dodo-inflatables.com\\\/fi\\\/\",\"logo\":{\"@type\":\"ImageObject\",\"inLanguage\":\"fi\",\"@id\":\"https:\\\/\\\/dodo-inflatables.com\\\/fi\\\/#\\\/schema\\\/logo\\\/image\\\/\",\"url\":\"https:\\\/\\\/dodo-inflatables.com\\\/wp-content\\\/uploads\\\/2023\\\/04\\\/cropped-cropped-cropped-Dodo-Logo.png\",\"contentUrl\":\"https:\\\/\\\/dodo-inflatables.com\\\/wp-content\\\/uploads\\\/2023\\\/04\\\/cropped-cropped-cropped-Dodo-Logo.png\",\"width\":2996,\"height\":1545,\"caption\":\"dodo-inflatables.com\"},\"image\":{\"@id\":\"https:\\\/\\\/dodo-inflatables.com\\\/fi\\\/#\\\/schema\\\/logo\\\/image\\\/\"}}]}<\/script>\n<!-- \/ Yoast SEO plugin. -->","yoast_head_json":{"title":"Osta pomppulinna | Impress | Dodo-Inflatables.com","description":"Koe huippuosaaminen Dodo Inflatablesin kanssa! Pomppulinnoillamme on DIN EN 14960 -sertifikaatti, joka takaa korkeimmat turvallisuusstandardit pomppimisen iloksi.","robots":{"index":"index","follow":"follow","max-snippet":"max-snippet:-1","max-image-preview":"max-image-preview:large","max-video-preview":"max-video-preview:-1"},"canonical":"https:\/\/dodo-inflatables.com\/fi\/oikeudellinen-huomautus\/","schema":{"@context":"https:\/\/schema.org","@graph":[{"@type":"WebPage","@id":"https:\/\/dodo-inflatables.com\/fi\/oikeudellinen-huomautus\/","url":"https:\/\/dodo-inflatables.com\/fi\/oikeudellinen-huomautus\/","name":"Osta pomppulinna | Impress | Dodo-Inflatables.com","isPartOf":{"@id":"https:\/\/dodo-inflatables.com\/fi\/#website"},"primaryImageOfPage":{"@id":"https:\/\/dodo-inflatables.com\/fi\/oikeudellinen-huomautus\/#primaryimage"},"image":{"@id":"https:\/\/dodo-inflatables.com\/fi\/oikeudellinen-huomautus\/#primaryimage"},"thumbnailUrl":"https:\/\/www.it-recht-kanzlei.de\/gfx\/Logos\/logo-fairness-160.png","datePublished":"2025-03-11T16:02:51+00:00","dateModified":"2025-07-20T07:12:52+00:00","description":"Koe huippuosaaminen Dodo Inflatablesin kanssa! Pomppulinnoillamme on DIN EN 14960 -sertifikaatti, joka takaa korkeimmat turvallisuusstandardit pomppimisen iloksi.","breadcrumb":{"@id":"https:\/\/dodo-inflatables.com\/fi\/oikeudellinen-huomautus\/#breadcrumb"},"inLanguage":"fi","potentialAction":[{"@type":"ReadAction","target":["https:\/\/dodo-inflatables.com\/fi\/oikeudellinen-huomautus\/"]}]},{"@type":"ImageObject","inLanguage":"fi","@id":"https:\/\/dodo-inflatables.com\/fi\/oikeudellinen-huomautus\/#primaryimage","url":"https:\/\/www.it-recht-kanzlei.de\/gfx\/Logos\/logo-fairness-160.png","contentUrl":"https:\/\/www.it-recht-kanzlei.de\/gfx\/Logos\/logo-fairness-160.png"},{"@type":"BreadcrumbList","@id":"https:\/\/dodo-inflatables.com\/fi\/oikeudellinen-huomautus\/#breadcrumb","itemListElement":[{"@type":"ListItem","position":1,"name":"Etusivu","item":"https:\/\/dodo-inflatables.com\/fi\/"},{"@type":"ListItem","position":2,"name":"Oikeudellinen huomautus"}]},{"@type":"WebSite","@id":"https:\/\/dodo-inflatables.com\/fi\/#website","url":"https:\/\/dodo-inflatables.com\/fi\/","name":"dodo-inflatables.com","description":"Osta pomppulinnoja ja n\u00e4ht\u00e4vyyksi\u00e4 myym\u00e4l\u00e4st\u00e4mme.","publisher":{"@id":"https:\/\/dodo-inflatables.com\/fi\/#organization"},"potentialAction":[{"@type":"SearchAction","target":{"@type":"EntryPoint","urlTemplate":"https:\/\/dodo-inflatables.com\/fi\/?s={search_term_string}"},"query-input":{"@type":"PropertyValueSpecification","valueRequired":true,"valueName":"search_term_string"}}],"inLanguage":"fi"},{"@type":"Organization","@id":"https:\/\/dodo-inflatables.com\/fi\/#organization","name":"dodo-inflatables.com","url":"https:\/\/dodo-inflatables.com\/fi\/","logo":{"@type":"ImageObject","inLanguage":"fi","@id":"https:\/\/dodo-inflatables.com\/fi\/#\/schema\/logo\/image\/","url":"https:\/\/dodo-inflatables.com\/wp-content\/uploads\/2023\/04\/cropped-cropped-cropped-Dodo-Logo.png","contentUrl":"https:\/\/dodo-inflatables.com\/wp-content\/uploads\/2023\/04\/cropped-cropped-cropped-Dodo-Logo.png","width":2996,"height":1545,"caption":"dodo-inflatables.com"},"image":{"@id":"https:\/\/dodo-inflatables.com\/fi\/#\/schema\/logo\/image\/"}}]}},"uagb_featured_image_src":{"full":false,"thumbnail":false,"medium":false,"medium_large":false,"large":false,"1536x1536":false,"2048x2048":false,"woocommerce_thumbnail":false,"woocommerce_single":false,"woocommerce_gallery_thumbnail":false},"uagb_author_info":{"display_name":"Andreas","author_link":"https:\/\/dodo-inflatables.com\/fi\/author\/andreas\/"},"uagb_comment_info":0,"uagb_excerpt":"Oikeudellinen huomautus Miet Event Vertriebs GmbHFerdinand-Porsche-Stra\u00dfe 482205 GilchingGermany Tel.: 089 12 50 18 700E-Mail: contact@dodo-inflatables.com. Rekister\u00f6i tuomioistuin: Amtsgericht M\u00fcnchenRekisterinumero: HRB 238608. Toimitusjohtaja: Andreas Fr\u00f6schl ALV-numero: DE31727461 WEEE-Reg.-Nr. DE 82972723\u00a718 para. mukaiset tiedotusvelvollisuudet. 4 lause 3 ElektroG:https:\/\/www.bmuv.de\/themen\/wasser-ressourcen-abfall\/kreislaufwirtschaft\/statistiken\/elektro-und-elektronikaltgeraete 18 \u00a7:n 18 momentissa tarkoitettu vastuullinen osapuoli. 2 MStV:Miet Event Vertriebs GmbH, Andreas Fr\u00f6schl, Ferdinand-Porsche-Stra\u00dfe 4, 82205 Gilching. Audiovisuaalisten&hellip;","_links":{"self":[{"href":"https:\/\/dodo-inflatables.com\/fi\/wp-json\/wp\/v2\/pages\/17782","targetHints":{"allow":["GET"]}}],"collection":[{"href":"https:\/\/dodo-inflatables.com\/fi\/wp-json\/wp\/v2\/pages"}],"about":[{"href":"https:\/\/dodo-inflatables.com\/fi\/wp-json\/wp\/v2\/types\/page"}],"author":[{"embeddable":true,"href":"https:\/\/dodo-inflatables.com\/fi\/wp-json\/wp\/v2\/users\/1"}],"replies":[{"embeddable":true,"href":"https:\/\/dodo-inflatables.com\/fi\/wp-json\/wp\/v2\/comments?post=17782"}],"version-history":[{"count":4,"href":"https:\/\/dodo-inflatables.com\/fi\/wp-json\/wp\/v2\/pages\/17782\/revisions"}],"predecessor-version":[{"id":89818,"href":"https:\/\/dodo-inflatables.com\/fi\/wp-json\/wp\/v2\/pages\/17782\/revisions\/89818"}],"wp:attachment":[{"href":"https:\/\/dodo-inflatables.com\/fi\/wp-json\/wp\/v2\/media?parent=17782"}],"curies":[{"name":"wp","href":"https:\/\/api.w.org\/{rel}","templated":true}]}}