{"id":18534,"date":"2024-03-07T20:04:06","date_gmt":"2024-03-07T19:04:06","guid":{"rendered":"https:\/\/dodo-inflatables.com\/vastakkaiset-rutsjebaner-ja-hoppeborge-tanskassa\/"},"modified":"2024-07-17T15:15:39","modified_gmt":"2024-07-17T13:15:39","slug":"vastakkaiset-rutsjebaner-ja-hoppeborge-tanskassa","status":"publish","type":"page","link":"https:\/\/dodo-inflatables.com\/fi\/vastakkaiset-rutsjebaner-ja-hoppeborge-tanskassa\/","title":{"rendered":"Vastakkaiset rutsjebaner ja hoppeborge Tanskassa."},"content":{"rendered":"\n<h2 class=\"wp-block-heading has-text-align-center\"><strong>Vastakkaiset rutsjebaner ja hoppeborge Tanskassa.<\/strong><\/h2>\n\n<figure class=\"wp-block-image aligncenter size-large\"><a href=\"https:\/\/dodo-inflatables.com\/wp-content\/uploads\/2022\/01\/seperator-kleiner.png\"><img fetchpriority=\"high\" decoding=\"async\" width=\"1024\" height=\"102\" src=\"https:\/\/dodo-inflatables.com\/wp-content\/uploads\/2022\/01\/seperator-kleiner-1024x102.png\" alt=\"\" class=\"wp-image-4026\" srcset=\"https:\/\/dodo-inflatables.com\/wp-content\/uploads\/2022\/01\/seperator-kleiner-1024x102.png 1024w, https:\/\/dodo-inflatables.com\/wp-content\/uploads\/2022\/01\/seperator-kleiner-900x90.png 900w, https:\/\/dodo-inflatables.com\/wp-content\/uploads\/2022\/01\/seperator-kleiner-300x30.png 300w, https:\/\/dodo-inflatables.com\/wp-content\/uploads\/2022\/01\/seperator-kleiner-768x77.png 768w, https:\/\/dodo-inflatables.com\/wp-content\/uploads\/2022\/01\/seperator-kleiner-1536x154.png 1536w, https:\/\/dodo-inflatables.com\/wp-content\/uploads\/2022\/01\/seperator-kleiner-340x34.png 340w, https:\/\/dodo-inflatables.com\/wp-content\/uploads\/2022\/01\/seperator-kleiner.png 2000w\" sizes=\"(max-width: 1024px) 100vw, 1024px\" \/><\/a><\/figure>\n\n<h3 class=\"wp-block-heading has-text-align-center\">Velkommen til Dodo-Inflatables.com &#8211; es onlinebutik for oppustelige produkter i Europa!<\/h3>\n\n<p style=\"font-size:17px\">Dyk ned in vores omfattende udvalg af hoppeborge og rutsjebaner af h\u00f8j kvalitet, som vil tilf\u00f8je det lille ekstra til enhver lejlighed. Uanset om du leder efter en stor hoppeborg til et firmaarrangement, en lille hoppeborg til en b\u00f8rnef\u00f8dselsdag eller en hoppeborg med rutsjebane til en sommerfest &#8211; s\u00e5 finder du med garantiet noget, der passer til dig her!<\/p>\n\n<p style=\"font-size:17px\">Vores sortiment omfatter ikke kun en r\u00e6kke hoppeborge, men ogs\u00e5 en bred vifte af tilbeh\u00f8r, herunder Gibbons og Huawei-bl\u00e6sere til hoppeborge.<\/p>\n\n<p style=\"font-size:17px\"><strong>Tanskassa<\/strong> sijaitsevan hoppeborgin myynti <strong>hintaan 184,00 \u20ac<\/strong>. Paketti, jossa on vastakkainen hinta 25,00 \u20ac. Jos humalaa on lagerissa, se l\u00e4hetet\u00e4\u00e4n pois, kun sit\u00e4 on muutettu vedonly\u00f6nnin j\u00e4lkeen. Levering til Danmark tager ca.  <strong>4 &#8211; 6 arbejdsdage.<\/strong>  Se on hyvin selv\u00e4\u00e4, ett\u00e4 humalaa on juotu M\u00fcncheniss\u00e4, Tysklandissa sijaitsevassa lagerissa.<\/p>\n\n<p style=\"font-size:17px\">Kaikkien t\u00e4m\u00e4n tuotteen humala t\u00e4ytt\u00e4\u00e4 <strong>DIN EN 14960<\/strong> -standardin tiukat turvallisuusstandardit ja on tarkoitettu yksityiseen ja kaupalliseen k\u00e4ytt\u00f6\u00f6n. Voit muokata yksityiskohtaista arviointia ja sertifikaattia uuteen hoppeborgiin, jos se ei ole hyv\u00e4ksytty.<\/p>\n\n<p style=\"font-size:17px\">Momsfritagelse for virksomheder! Hvis du k\u00f8ber som virksomhed, skal du indtaste dit momsregistrereringsnummer ved kassen for at foretage skattefrie k\u00f8b.<\/p>\n\n<p style=\"font-size:17px\">Jos olet yksityishenkil\u00f6, joka johtaa sinut hoppeborgin j\u00e4lkeen uuteen perhejuhlaan, tai jos olet kaupallinen perheyritys, joka haluaa tarjota t\u00e4m\u00e4n lajitelman, sinun hoppeborgisi on kaikkien saatavilla. On totta, ett\u00e4 meid\u00e4n asiakkaamme Euroopassa ovat humalahakuisia, ja he myyv\u00e4t tuotteitamme kaikissa maissa.<\/p>\n\n<p style=\"font-size:17px\">Vi h\u00e5ber, du vil nyde at surfe rundt i vores onlinebutik, og vi vil med gl\u00e6de besvare eventuelle sp\u00f8rgsm\u00e5l, du m\u00e5tte have p\u00e5 <a href=\"mailto:contact@dodo-inflatables.com\">contact@dodo-inflatables.com!<\/a><\/p>\n\n<div style=\"height:100px\" aria-hidden=\"true\" class=\"wp-block-spacer\"><\/div>\n","protected":false},"excerpt":{"rendered":"<p>Vastakkaiset rutsjebaner ja hoppeborge Tanskassa. Velkommen til Dodo-Inflatables.com &#8211; es onlinebutik for oppustelige produkter i Europa! Dyk ned in vores omfattende udvalg af hoppeborge og rutsjebaner af h\u00f8j kvalitet, som vil tilf\u00f8je det lille ekstra til enhver lejlighed. Uanset om du leder efter en stor hoppeborg til et firmaarrangement, en lille hoppeborg til en b\u00f8rnef\u00f8dselsdag [&hellip;]<\/p>\n","protected":false},"author":1,"featured_media":0,"parent":0,"menu_order":0,"comment_status":"closed","ping_status":"closed","template":"","meta":{"_acf_changed":false,"_uag_custom_page_level_css":"","site-sidebar-layout":"default","site-content-layout":"","ast-site-content-layout":"normal-width-container","site-content-style":"boxed","site-sidebar-style":"default","ast-global-header-display":"","ast-banner-title-visibility":"","ast-main-header-display":"","ast-hfb-above-header-display":"","ast-hfb-below-header-display":"","ast-hfb-mobile-header-display":"","site-post-title":"","ast-breadcrumbs-content":"","ast-featured-img":"","footer-sml-layout":"","ast-disable-related-posts":"","theme-transparent-header-meta":"","adv-header-id-meta":"4069","stick-header-meta":"","header-above-stick-meta":"","header-main-stick-meta":"","header-below-stick-meta":"","astra-migrate-meta-layouts":"default","ast-page-background-enabled":"default","ast-page-background-meta":{"desktop":{"background-color":"var(--ast-global-color-4)","background-image":"","background-repeat":"repeat","background-position":"center center","background-size":"auto","background-attachment":"scroll","background-type":"","background-media":"","overlay-type":"","overlay-color":"","overlay-opacity":"","overlay-gradient":""},"tablet":{"background-color":"","background-image":"","background-repeat":"repeat","background-position":"center center","background-size":"auto","background-attachment":"scroll","background-type":"","background-media":"","overlay-type":"","overlay-color":"","overlay-opacity":"","overlay-gradient":""},"mobile":{"background-color":"","background-image":"","background-repeat":"repeat","background-position":"center center","background-size":"auto","background-attachment":"scroll","background-type":"","background-media":"","overlay-type":"","overlay-color":"","overlay-opacity":"","overlay-gradient":""}},"ast-content-background-meta":{"desktop":{"background-color":"var(--ast-global-color-5)","background-image":"","background-repeat":"repeat","background-position":"center center","background-size":"auto","background-attachment":"scroll","background-type":"","background-media":"","overlay-type":"","overlay-color":"","overlay-opacity":"","overlay-gradient":""},"tablet":{"background-color":"var(--ast-global-color-5)","background-image":"","background-repeat":"repeat","background-position":"center center","background-size":"auto","background-attachment":"scroll","background-type":"","background-media":"","overlay-type":"","overlay-color":"","overlay-opacity":"","overlay-gradient":""},"mobile":{"background-color":"var(--ast-global-color-5)","background-image":"","background-repeat":"repeat","background-position":"center center","background-size":"auto","background-attachment":"scroll","background-type":"","background-media":"","overlay-type":"","overlay-color":"","overlay-opacity":"","overlay-gradient":""}},"footnotes":""},"class_list":["post-18534","page","type-page","status-publish","hentry"],"acf":[],"yoast_head":"<!-- This site is optimized with the Yoast SEO plugin v27.5 - https:\/\/yoast.com\/product\/yoast-seo-wordpress\/ -->\n<title>Vastakkaiset rutsjebaner ja hoppeborge Tanskassa. - dodo-inflatables.com<\/title>\n<meta name=\"robots\" content=\"index, follow, max-snippet:-1, max-image-preview:large, max-video-preview:-1\" \/>\n<link rel=\"canonical\" href=\"https:\/\/dodo-inflatables.com\/fi\/vastakkaiset-rutsjebaner-ja-hoppeborge-tanskassa\/\" \/>\n<meta name=\"twitter:label1\" content=\"Arvioitu lukuaika\" \/>\n\t<meta name=\"twitter:data1\" content=\"1 minuutti\" \/>\n<script type=\"application\/ld+json\" class=\"yoast-schema-graph\">{\"@context\":\"https:\\\/\\\/schema.org\",\"@graph\":[{\"@type\":\"WebPage\",\"@id\":\"https:\\\/\\\/dodo-inflatables.com\\\/fi\\\/vastakkaiset-rutsjebaner-ja-hoppeborge-tanskassa\\\/\",\"url\":\"https:\\\/\\\/dodo-inflatables.com\\\/fi\\\/vastakkaiset-rutsjebaner-ja-hoppeborge-tanskassa\\\/\",\"name\":\"Vastakkaiset rutsjebaner ja hoppeborge Tanskassa. - dodo-inflatables.com\",\"isPartOf\":{\"@id\":\"https:\\\/\\\/dodo-inflatables.com\\\/fi\\\/#website\"},\"primaryImageOfPage\":{\"@id\":\"https:\\\/\\\/dodo-inflatables.com\\\/fi\\\/vastakkaiset-rutsjebaner-ja-hoppeborge-tanskassa\\\/#primaryimage\"},\"image\":{\"@id\":\"https:\\\/\\\/dodo-inflatables.com\\\/fi\\\/vastakkaiset-rutsjebaner-ja-hoppeborge-tanskassa\\\/#primaryimage\"},\"thumbnailUrl\":\"https:\\\/\\\/dodo-inflatables.com\\\/wp-content\\\/uploads\\\/2022\\\/01\\\/seperator-kleiner-1024x102.png\",\"datePublished\":\"2024-03-07T19:04:06+00:00\",\"dateModified\":\"2024-07-17T13:15:39+00:00\",\"breadcrumb\":{\"@id\":\"https:\\\/\\\/dodo-inflatables.com\\\/fi\\\/vastakkaiset-rutsjebaner-ja-hoppeborge-tanskassa\\\/#breadcrumb\"},\"inLanguage\":\"fi\",\"potentialAction\":[{\"@type\":\"ReadAction\",\"target\":[\"https:\\\/\\\/dodo-inflatables.com\\\/fi\\\/vastakkaiset-rutsjebaner-ja-hoppeborge-tanskassa\\\/\"]}]},{\"@type\":\"ImageObject\",\"inLanguage\":\"fi\",\"@id\":\"https:\\\/\\\/dodo-inflatables.com\\\/fi\\\/vastakkaiset-rutsjebaner-ja-hoppeborge-tanskassa\\\/#primaryimage\",\"url\":\"https:\\\/\\\/dodo-inflatables.com\\\/wp-content\\\/uploads\\\/2022\\\/01\\\/seperator-kleiner-1024x102.png\",\"contentUrl\":\"https:\\\/\\\/dodo-inflatables.com\\\/wp-content\\\/uploads\\\/2022\\\/01\\\/seperator-kleiner-1024x102.png\"},{\"@type\":\"BreadcrumbList\",\"@id\":\"https:\\\/\\\/dodo-inflatables.com\\\/fi\\\/vastakkaiset-rutsjebaner-ja-hoppeborge-tanskassa\\\/#breadcrumb\",\"itemListElement\":[{\"@type\":\"ListItem\",\"position\":1,\"name\":\"Etusivu\",\"item\":\"https:\\\/\\\/dodo-inflatables.com\\\/fi\\\/\"},{\"@type\":\"ListItem\",\"position\":2,\"name\":\"Vastakkaiset rutsjebaner ja hoppeborge Tanskassa.\"}]},{\"@type\":\"WebSite\",\"@id\":\"https:\\\/\\\/dodo-inflatables.com\\\/fi\\\/#website\",\"url\":\"https:\\\/\\\/dodo-inflatables.com\\\/fi\\\/\",\"name\":\"dodo-inflatables.com\",\"description\":\"Osta pomppulinnoja ja n\u00e4ht\u00e4vyyksi\u00e4 myym\u00e4l\u00e4st\u00e4mme.\",\"potentialAction\":[{\"@type\":\"SearchAction\",\"target\":{\"@type\":\"EntryPoint\",\"urlTemplate\":\"https:\\\/\\\/dodo-inflatables.com\\\/fi\\\/?s={search_term_string}\"},\"query-input\":{\"@type\":\"PropertyValueSpecification\",\"valueRequired\":true,\"valueName\":\"search_term_string\"}}],\"inLanguage\":\"fi\"}]}<\/script>\n<!-- \/ Yoast SEO plugin. -->","yoast_head_json":{"title":"Vastakkaiset rutsjebaner ja hoppeborge Tanskassa. - dodo-inflatables.com","robots":{"index":"index","follow":"follow","max-snippet":"max-snippet:-1","max-image-preview":"max-image-preview:large","max-video-preview":"max-video-preview:-1"},"canonical":"https:\/\/dodo-inflatables.com\/fi\/vastakkaiset-rutsjebaner-ja-hoppeborge-tanskassa\/","twitter_misc":{"Arvioitu lukuaika":"1 minuutti"},"schema":{"@context":"https:\/\/schema.org","@graph":[{"@type":"WebPage","@id":"https:\/\/dodo-inflatables.com\/fi\/vastakkaiset-rutsjebaner-ja-hoppeborge-tanskassa\/","url":"https:\/\/dodo-inflatables.com\/fi\/vastakkaiset-rutsjebaner-ja-hoppeborge-tanskassa\/","name":"Vastakkaiset rutsjebaner ja hoppeborge Tanskassa. - dodo-inflatables.com","isPartOf":{"@id":"https:\/\/dodo-inflatables.com\/fi\/#website"},"primaryImageOfPage":{"@id":"https:\/\/dodo-inflatables.com\/fi\/vastakkaiset-rutsjebaner-ja-hoppeborge-tanskassa\/#primaryimage"},"image":{"@id":"https:\/\/dodo-inflatables.com\/fi\/vastakkaiset-rutsjebaner-ja-hoppeborge-tanskassa\/#primaryimage"},"thumbnailUrl":"https:\/\/dodo-inflatables.com\/wp-content\/uploads\/2022\/01\/seperator-kleiner-1024x102.png","datePublished":"2024-03-07T19:04:06+00:00","dateModified":"2024-07-17T13:15:39+00:00","breadcrumb":{"@id":"https:\/\/dodo-inflatables.com\/fi\/vastakkaiset-rutsjebaner-ja-hoppeborge-tanskassa\/#breadcrumb"},"inLanguage":"fi","potentialAction":[{"@type":"ReadAction","target":["https:\/\/dodo-inflatables.com\/fi\/vastakkaiset-rutsjebaner-ja-hoppeborge-tanskassa\/"]}]},{"@type":"ImageObject","inLanguage":"fi","@id":"https:\/\/dodo-inflatables.com\/fi\/vastakkaiset-rutsjebaner-ja-hoppeborge-tanskassa\/#primaryimage","url":"https:\/\/dodo-inflatables.com\/wp-content\/uploads\/2022\/01\/seperator-kleiner-1024x102.png","contentUrl":"https:\/\/dodo-inflatables.com\/wp-content\/uploads\/2022\/01\/seperator-kleiner-1024x102.png"},{"@type":"BreadcrumbList","@id":"https:\/\/dodo-inflatables.com\/fi\/vastakkaiset-rutsjebaner-ja-hoppeborge-tanskassa\/#breadcrumb","itemListElement":[{"@type":"ListItem","position":1,"name":"Etusivu","item":"https:\/\/dodo-inflatables.com\/fi\/"},{"@type":"ListItem","position":2,"name":"Vastakkaiset rutsjebaner ja hoppeborge Tanskassa."}]},{"@type":"WebSite","@id":"https:\/\/dodo-inflatables.com\/fi\/#website","url":"https:\/\/dodo-inflatables.com\/fi\/","name":"dodo-inflatables.com","description":"Osta pomppulinnoja ja n\u00e4ht\u00e4vyyksi\u00e4 myym\u00e4l\u00e4st\u00e4mme.","potentialAction":[{"@type":"SearchAction","target":{"@type":"EntryPoint","urlTemplate":"https:\/\/dodo-inflatables.com\/fi\/?s={search_term_string}"},"query-input":{"@type":"PropertyValueSpecification","valueRequired":true,"valueName":"search_term_string"}}],"inLanguage":"fi"}]}},"uagb_featured_image_src":{"full":false,"thumbnail":false,"medium":false,"medium_large":false,"large":false,"1536x1536":false,"2048x2048":false,"woocommerce_thumbnail":false,"woocommerce_single":false,"woocommerce_gallery_thumbnail":false},"uagb_author_info":{"display_name":"Andreas","author_link":"https:\/\/dodo-inflatables.com\/fi\/author\/andreas\/"},"uagb_comment_info":0,"uagb_excerpt":"Vastakkaiset rutsjebaner ja hoppeborge Tanskassa. Velkommen til Dodo-Inflatables.com &#8211; es onlinebutik for oppustelige produkter i Europa! Dyk ned in vores omfattende udvalg af hoppeborge og rutsjebaner af h\u00f8j kvalitet, som vil tilf\u00f8je det lille ekstra til enhver lejlighed. Uanset om du leder efter en stor hoppeborg til et firmaarrangement, en lille hoppeborg til en b\u00f8rnef\u00f8dselsdag&hellip;","_links":{"self":[{"href":"https:\/\/dodo-inflatables.com\/fi\/wp-json\/wp\/v2\/pages\/18534","targetHints":{"allow":["GET"]}}],"collection":[{"href":"https:\/\/dodo-inflatables.com\/fi\/wp-json\/wp\/v2\/pages"}],"about":[{"href":"https:\/\/dodo-inflatables.com\/fi\/wp-json\/wp\/v2\/types\/page"}],"author":[{"embeddable":true,"href":"https:\/\/dodo-inflatables.com\/fi\/wp-json\/wp\/v2\/users\/1"}],"replies":[{"embeddable":true,"href":"https:\/\/dodo-inflatables.com\/fi\/wp-json\/wp\/v2\/comments?post=18534"}],"version-history":[{"count":2,"href":"https:\/\/dodo-inflatables.com\/fi\/wp-json\/wp\/v2\/pages\/18534\/revisions"}],"predecessor-version":[{"id":18536,"href":"https:\/\/dodo-inflatables.com\/fi\/wp-json\/wp\/v2\/pages\/18534\/revisions\/18536"}],"wp:attachment":[{"href":"https:\/\/dodo-inflatables.com\/fi\/wp-json\/wp\/v2\/media?parent=18534"}],"curies":[{"name":"wp","href":"https:\/\/api.w.org\/{rel}","templated":true}]}}