{"id":18606,"date":"2024-03-07T19:08:01","date_gmt":"2024-03-07T18:08:01","guid":{"rendered":"https:\/\/dodo-inflatables.com\/kutsu-vastakkaisia-sklier-ja-hoppeslottituotteita-norjassa\/"},"modified":"2024-07-17T15:16:03","modified_gmt":"2024-07-17T13:16:03","slug":"kutsu-vastakkaisia-sklier-ja-hoppeslottituotteita-norjassa","status":"publish","type":"page","link":"https:\/\/dodo-inflatables.com\/fi\/kutsu-vastakkaisia-sklier-ja-hoppeslottituotteita-norjassa\/","title":{"rendered":"Kutsu vastakkaisia sklier- ja hoppeslottituotteita Norjassa."},"content":{"rendered":"\n<h2 class=\"wp-block-heading has-text-align-center\"><strong>Kutsu vastakkaisia sklier- ja hoppeslottituotteita Norjassa.<\/strong><\/h2>\n\n<figure class=\"wp-block-image aligncenter size-large\"><a href=\"https:\/\/dodo-inflatables.com\/wp-content\/uploads\/2022\/01\/seperator-kleiner.png\"><img loading=\"lazy\" decoding=\"async\" width=\"1024\" height=\"102\" src=\"https:\/\/dodo-inflatables.com\/wp-content\/uploads\/2022\/01\/seperator-kleiner-1024x102.png\" alt=\"\" class=\"wp-image-4026\" srcset=\"https:\/\/dodo-inflatables.com\/wp-content\/uploads\/2022\/01\/seperator-kleiner-1024x102.png 1024w, https:\/\/dodo-inflatables.com\/wp-content\/uploads\/2022\/01\/seperator-kleiner-900x90.png 900w, https:\/\/dodo-inflatables.com\/wp-content\/uploads\/2022\/01\/seperator-kleiner-300x30.png 300w, https:\/\/dodo-inflatables.com\/wp-content\/uploads\/2022\/01\/seperator-kleiner-768x77.png 768w, https:\/\/dodo-inflatables.com\/wp-content\/uploads\/2022\/01\/seperator-kleiner-1536x154.png 1536w, https:\/\/dodo-inflatables.com\/wp-content\/uploads\/2022\/01\/seperator-kleiner-340x34.png 340w, https:\/\/dodo-inflatables.com\/wp-content\/uploads\/2022\/01\/seperator-kleiner.png 2000w\" sizes=\"auto, (max-width: 1024px) 100vw, 1024px\" \/><\/a><\/figure>\n\n<h3 class=\"wp-block-heading has-text-align-center\">Velkommen til Dodo-Inflatables.com &#8211; v\u00e5r nettbutikk for oppbl\u00e5sbare hoppeslott i Europa!<\/h3>\n\n<p style=\"font-size:17px\">Ta et dypdykk i v\u00e5rt omfattende utvalg av oppbl\u00e5sbare hoppeslott og sklier av h\u00f8y kvalitet som vil tilf\u00f8re det lille ekstra til enhver anledning. Enten du er p\u00e5 utkikk etter en stor hoppeslott til et bedriftsarrangement, et lite oppbl\u00e5sbart slott til barnebursdagen eller et hoppeslott med sklie til sommerfesten &#8211; her finner du garantert noe som passer!<\/p>\n\n<p style=\"font-size:17px\">I v\u00e5rt sortiment finner du ikke bare en rekke hoppeslott, men ogs\u00e5 et bredt utvalg av tilbeh\u00f8r, blant annet Gibbons og Huawei-bl\u00e5sere til hoppeslott.<\/p>\n\n<p style=\"font-size:17px\">Frakt av hoppeslott og tilbeh\u00f8r til <strong>Norge koster 359,00 \u20ac<\/strong>. Pakkaus, jossa on vastakkaiset v\u00e4rit, maksaa 59,00 \u20ac. Jos hoppeslottet on p\u00e5 lager, sendes det til til deg umiddelbart etter at betalingen er mottatt. Levering til Norge tar ca. <strong>4-6 virkedager<\/strong>. T\u00e4m\u00e4 on hyvin t\u00e4rke\u00e4\u00e4, kun humalalimppu on itse ostettu M\u00fcncheniss\u00e4, Tysklandissa sijaitsevasta varastosta.<\/p>\n\n<p style=\"font-size:17px\">Kaikki v\u00e5re hoppeslott oppfyller de strenge sikkerhetsstandardene i <strong>DIN EN 14960<\/strong> og er egnet for privat og kommersiell bruk. Saat yksityiskohtaisen verhousilmoituksen ja sertifikaatin uudelle oppbl\u00e5sbare-asiakkaallesi, kun se l\u00e4hetet\u00e4\u00e4n.<\/p>\n\n<p style=\"font-size:17px\">Momsfritak for bedrifter! Hvis du kj\u00f8per som bedrift, can du oppgi MVA-nummeret ditt i kassen for \u00e5 kj\u00f8pe momsfritt.<\/p>\n\n<p style=\"font-size:17px\">Enten du er en privatperson p\u00e5 jakt etter en hoppeslott til neste familiefest, eller du er et kommersielt utleieselskap som \u00f8nsker \u00e5 utvide sortimentet, passer hoppeslottene v\u00e5re for all. De fleste av v\u00e5re kunder i Europa er faktisk utleiefirmaer som leier ut hoppeslott, og som setter pris p\u00e5 v\u00e5re produkter til arrangementer in all st\u00f8rrelser.<\/p>\n\n<p style=\"font-size:17px\">Vi h\u00e5per du liker \u00e5 surfe rundt i nettbutikken v\u00e5r, og svarer gjerne p\u00e5 sp\u00f8rsm\u00e5l p\u00e5 <a href=\"mailto:contact@dodo-inflatables.com\">contact@dodo-inflatables.com!<\/a><\/p>\n\n<div style=\"height:100px\" aria-hidden=\"true\" class=\"wp-block-spacer\"><\/div>\n","protected":false},"excerpt":{"rendered":"<p>Kutsu vastakkaisia sklier- ja hoppeslottituotteita Norjassa. Velkommen til Dodo-Inflatables.com &#8211; v\u00e5r nettbutikk for oppbl\u00e5sbare hoppeslott i Europa! Ta et dypdykk i v\u00e5rt omfattende utvalg av oppbl\u00e5sbare hoppeslott og sklier av h\u00f8y kvalitet som vil tilf\u00f8re det lille ekstra til enhver anledning. Enten du er p\u00e5 utkikk etter en stor hoppeslott til et bedriftsarrangement, et lite [&hellip;]<\/p>\n","protected":false},"author":1,"featured_media":0,"parent":0,"menu_order":0,"comment_status":"closed","ping_status":"closed","template":"","meta":{"_acf_changed":false,"_uag_custom_page_level_css":"","site-sidebar-layout":"default","site-content-layout":"","ast-site-content-layout":"normal-width-container","site-content-style":"boxed","site-sidebar-style":"default","ast-global-header-display":"","ast-banner-title-visibility":"","ast-main-header-display":"","ast-hfb-above-header-display":"","ast-hfb-below-header-display":"","ast-hfb-mobile-header-display":"","site-post-title":"","ast-breadcrumbs-content":"","ast-featured-img":"","footer-sml-layout":"","ast-disable-related-posts":"","theme-transparent-header-meta":"","adv-header-id-meta":"4069","stick-header-meta":"","header-above-stick-meta":"","header-main-stick-meta":"","header-below-stick-meta":"","astra-migrate-meta-layouts":"default","ast-page-background-enabled":"default","ast-page-background-meta":{"desktop":{"background-color":"var(--ast-global-color-4)","background-image":"","background-repeat":"repeat","background-position":"center center","background-size":"auto","background-attachment":"scroll","background-type":"","background-media":"","overlay-type":"","overlay-color":"","overlay-opacity":"","overlay-gradient":""},"tablet":{"background-color":"","background-image":"","background-repeat":"repeat","background-position":"center center","background-size":"auto","background-attachment":"scroll","background-type":"","background-media":"","overlay-type":"","overlay-color":"","overlay-opacity":"","overlay-gradient":""},"mobile":{"background-color":"","background-image":"","background-repeat":"repeat","background-position":"center center","background-size":"auto","background-attachment":"scroll","background-type":"","background-media":"","overlay-type":"","overlay-color":"","overlay-opacity":"","overlay-gradient":""}},"ast-content-background-meta":{"desktop":{"background-color":"var(--ast-global-color-5)","background-image":"","background-repeat":"repeat","background-position":"center center","background-size":"auto","background-attachment":"scroll","background-type":"","background-media":"","overlay-type":"","overlay-color":"","overlay-opacity":"","overlay-gradient":""},"tablet":{"background-color":"var(--ast-global-color-5)","background-image":"","background-repeat":"repeat","background-position":"center center","background-size":"auto","background-attachment":"scroll","background-type":"","background-media":"","overlay-type":"","overlay-color":"","overlay-opacity":"","overlay-gradient":""},"mobile":{"background-color":"var(--ast-global-color-5)","background-image":"","background-repeat":"repeat","background-position":"center center","background-size":"auto","background-attachment":"scroll","background-type":"","background-media":"","overlay-type":"","overlay-color":"","overlay-opacity":"","overlay-gradient":""}},"footnotes":""},"class_list":["post-18606","page","type-page","status-publish","hentry"],"acf":[],"yoast_head":"<!-- This site is optimized with the Yoast SEO plugin v27.4 - https:\/\/yoast.com\/product\/yoast-seo-wordpress\/ -->\n<title>Kutsu vastakkaisia sklier- ja hoppeslottituotteita Norjassa. - dodo-inflatables.com<\/title>\n<meta name=\"robots\" content=\"index, follow, max-snippet:-1, max-image-preview:large, max-video-preview:-1\" \/>\n<link rel=\"canonical\" href=\"https:\/\/dodo-inflatables.com\/fi\/kutsu-vastakkaisia-sklier-ja-hoppeslottituotteita-norjassa\/\" \/>\n<meta name=\"twitter:label1\" content=\"Arvioitu lukuaika\" \/>\n\t<meta name=\"twitter:data1\" content=\"1 minuutti\" \/>\n<script type=\"application\/ld+json\" class=\"yoast-schema-graph\">{\"@context\":\"https:\\\/\\\/schema.org\",\"@graph\":[{\"@type\":\"WebPage\",\"@id\":\"https:\\\/\\\/dodo-inflatables.com\\\/fi\\\/kutsu-vastakkaisia-sklier-ja-hoppeslottituotteita-norjassa\\\/\",\"url\":\"https:\\\/\\\/dodo-inflatables.com\\\/fi\\\/kutsu-vastakkaisia-sklier-ja-hoppeslottituotteita-norjassa\\\/\",\"name\":\"Kutsu vastakkaisia sklier- ja hoppeslottituotteita Norjassa. - dodo-inflatables.com\",\"isPartOf\":{\"@id\":\"https:\\\/\\\/dodo-inflatables.com\\\/fi\\\/#website\"},\"primaryImageOfPage\":{\"@id\":\"https:\\\/\\\/dodo-inflatables.com\\\/fi\\\/kutsu-vastakkaisia-sklier-ja-hoppeslottituotteita-norjassa\\\/#primaryimage\"},\"image\":{\"@id\":\"https:\\\/\\\/dodo-inflatables.com\\\/fi\\\/kutsu-vastakkaisia-sklier-ja-hoppeslottituotteita-norjassa\\\/#primaryimage\"},\"thumbnailUrl\":\"https:\\\/\\\/dodo-inflatables.com\\\/wp-content\\\/uploads\\\/2022\\\/01\\\/seperator-kleiner-1024x102.png\",\"datePublished\":\"2024-03-07T18:08:01+00:00\",\"dateModified\":\"2024-07-17T13:16:03+00:00\",\"breadcrumb\":{\"@id\":\"https:\\\/\\\/dodo-inflatables.com\\\/fi\\\/kutsu-vastakkaisia-sklier-ja-hoppeslottituotteita-norjassa\\\/#breadcrumb\"},\"inLanguage\":\"fi\",\"potentialAction\":[{\"@type\":\"ReadAction\",\"target\":[\"https:\\\/\\\/dodo-inflatables.com\\\/fi\\\/kutsu-vastakkaisia-sklier-ja-hoppeslottituotteita-norjassa\\\/\"]}]},{\"@type\":\"ImageObject\",\"inLanguage\":\"fi\",\"@id\":\"https:\\\/\\\/dodo-inflatables.com\\\/fi\\\/kutsu-vastakkaisia-sklier-ja-hoppeslottituotteita-norjassa\\\/#primaryimage\",\"url\":\"https:\\\/\\\/dodo-inflatables.com\\\/wp-content\\\/uploads\\\/2022\\\/01\\\/seperator-kleiner-1024x102.png\",\"contentUrl\":\"https:\\\/\\\/dodo-inflatables.com\\\/wp-content\\\/uploads\\\/2022\\\/01\\\/seperator-kleiner-1024x102.png\"},{\"@type\":\"BreadcrumbList\",\"@id\":\"https:\\\/\\\/dodo-inflatables.com\\\/fi\\\/kutsu-vastakkaisia-sklier-ja-hoppeslottituotteita-norjassa\\\/#breadcrumb\",\"itemListElement\":[{\"@type\":\"ListItem\",\"position\":1,\"name\":\"Etusivu\",\"item\":\"https:\\\/\\\/dodo-inflatables.com\\\/fi\\\/\"},{\"@type\":\"ListItem\",\"position\":2,\"name\":\"Kutsu vastakkaisia sklier- ja hoppeslottituotteita Norjassa.\"}]},{\"@type\":\"WebSite\",\"@id\":\"https:\\\/\\\/dodo-inflatables.com\\\/fi\\\/#website\",\"url\":\"https:\\\/\\\/dodo-inflatables.com\\\/fi\\\/\",\"name\":\"dodo-inflatables.com\",\"description\":\"Osta pomppulinnoja ja n\u00e4ht\u00e4vyyksi\u00e4 myym\u00e4l\u00e4st\u00e4mme.\",\"publisher\":{\"@id\":\"https:\\\/\\\/dodo-inflatables.com\\\/fi\\\/#organization\"},\"potentialAction\":[{\"@type\":\"SearchAction\",\"target\":{\"@type\":\"EntryPoint\",\"urlTemplate\":\"https:\\\/\\\/dodo-inflatables.com\\\/fi\\\/?s={search_term_string}\"},\"query-input\":{\"@type\":\"PropertyValueSpecification\",\"valueRequired\":true,\"valueName\":\"search_term_string\"}}],\"inLanguage\":\"fi\"},{\"@type\":\"Organization\",\"@id\":\"https:\\\/\\\/dodo-inflatables.com\\\/fi\\\/#organization\",\"name\":\"dodo-inflatables.com\",\"url\":\"https:\\\/\\\/dodo-inflatables.com\\\/fi\\\/\",\"logo\":{\"@type\":\"ImageObject\",\"inLanguage\":\"fi\",\"@id\":\"https:\\\/\\\/dodo-inflatables.com\\\/fi\\\/#\\\/schema\\\/logo\\\/image\\\/\",\"url\":\"https:\\\/\\\/dodo-inflatables.com\\\/wp-content\\\/uploads\\\/2023\\\/04\\\/cropped-cropped-cropped-Dodo-Logo.png\",\"contentUrl\":\"https:\\\/\\\/dodo-inflatables.com\\\/wp-content\\\/uploads\\\/2023\\\/04\\\/cropped-cropped-cropped-Dodo-Logo.png\",\"width\":2996,\"height\":1545,\"caption\":\"dodo-inflatables.com\"},\"image\":{\"@id\":\"https:\\\/\\\/dodo-inflatables.com\\\/fi\\\/#\\\/schema\\\/logo\\\/image\\\/\"}}]}<\/script>\n<!-- \/ Yoast SEO plugin. -->","yoast_head_json":{"title":"Kutsu vastakkaisia sklier- ja hoppeslottituotteita Norjassa. - dodo-inflatables.com","robots":{"index":"index","follow":"follow","max-snippet":"max-snippet:-1","max-image-preview":"max-image-preview:large","max-video-preview":"max-video-preview:-1"},"canonical":"https:\/\/dodo-inflatables.com\/fi\/kutsu-vastakkaisia-sklier-ja-hoppeslottituotteita-norjassa\/","twitter_misc":{"Arvioitu lukuaika":"1 minuutti"},"schema":{"@context":"https:\/\/schema.org","@graph":[{"@type":"WebPage","@id":"https:\/\/dodo-inflatables.com\/fi\/kutsu-vastakkaisia-sklier-ja-hoppeslottituotteita-norjassa\/","url":"https:\/\/dodo-inflatables.com\/fi\/kutsu-vastakkaisia-sklier-ja-hoppeslottituotteita-norjassa\/","name":"Kutsu vastakkaisia sklier- ja hoppeslottituotteita Norjassa. - dodo-inflatables.com","isPartOf":{"@id":"https:\/\/dodo-inflatables.com\/fi\/#website"},"primaryImageOfPage":{"@id":"https:\/\/dodo-inflatables.com\/fi\/kutsu-vastakkaisia-sklier-ja-hoppeslottituotteita-norjassa\/#primaryimage"},"image":{"@id":"https:\/\/dodo-inflatables.com\/fi\/kutsu-vastakkaisia-sklier-ja-hoppeslottituotteita-norjassa\/#primaryimage"},"thumbnailUrl":"https:\/\/dodo-inflatables.com\/wp-content\/uploads\/2022\/01\/seperator-kleiner-1024x102.png","datePublished":"2024-03-07T18:08:01+00:00","dateModified":"2024-07-17T13:16:03+00:00","breadcrumb":{"@id":"https:\/\/dodo-inflatables.com\/fi\/kutsu-vastakkaisia-sklier-ja-hoppeslottituotteita-norjassa\/#breadcrumb"},"inLanguage":"fi","potentialAction":[{"@type":"ReadAction","target":["https:\/\/dodo-inflatables.com\/fi\/kutsu-vastakkaisia-sklier-ja-hoppeslottituotteita-norjassa\/"]}]},{"@type":"ImageObject","inLanguage":"fi","@id":"https:\/\/dodo-inflatables.com\/fi\/kutsu-vastakkaisia-sklier-ja-hoppeslottituotteita-norjassa\/#primaryimage","url":"https:\/\/dodo-inflatables.com\/wp-content\/uploads\/2022\/01\/seperator-kleiner-1024x102.png","contentUrl":"https:\/\/dodo-inflatables.com\/wp-content\/uploads\/2022\/01\/seperator-kleiner-1024x102.png"},{"@type":"BreadcrumbList","@id":"https:\/\/dodo-inflatables.com\/fi\/kutsu-vastakkaisia-sklier-ja-hoppeslottituotteita-norjassa\/#breadcrumb","itemListElement":[{"@type":"ListItem","position":1,"name":"Etusivu","item":"https:\/\/dodo-inflatables.com\/fi\/"},{"@type":"ListItem","position":2,"name":"Kutsu vastakkaisia sklier- ja hoppeslottituotteita Norjassa."}]},{"@type":"WebSite","@id":"https:\/\/dodo-inflatables.com\/fi\/#website","url":"https:\/\/dodo-inflatables.com\/fi\/","name":"dodo-inflatables.com","description":"Osta pomppulinnoja ja n\u00e4ht\u00e4vyyksi\u00e4 myym\u00e4l\u00e4st\u00e4mme.","publisher":{"@id":"https:\/\/dodo-inflatables.com\/fi\/#organization"},"potentialAction":[{"@type":"SearchAction","target":{"@type":"EntryPoint","urlTemplate":"https:\/\/dodo-inflatables.com\/fi\/?s={search_term_string}"},"query-input":{"@type":"PropertyValueSpecification","valueRequired":true,"valueName":"search_term_string"}}],"inLanguage":"fi"},{"@type":"Organization","@id":"https:\/\/dodo-inflatables.com\/fi\/#organization","name":"dodo-inflatables.com","url":"https:\/\/dodo-inflatables.com\/fi\/","logo":{"@type":"ImageObject","inLanguage":"fi","@id":"https:\/\/dodo-inflatables.com\/fi\/#\/schema\/logo\/image\/","url":"https:\/\/dodo-inflatables.com\/wp-content\/uploads\/2023\/04\/cropped-cropped-cropped-Dodo-Logo.png","contentUrl":"https:\/\/dodo-inflatables.com\/wp-content\/uploads\/2023\/04\/cropped-cropped-cropped-Dodo-Logo.png","width":2996,"height":1545,"caption":"dodo-inflatables.com"},"image":{"@id":"https:\/\/dodo-inflatables.com\/fi\/#\/schema\/logo\/image\/"}}]}},"uagb_featured_image_src":{"full":false,"thumbnail":false,"medium":false,"medium_large":false,"large":false,"1536x1536":false,"2048x2048":false,"woocommerce_thumbnail":false,"woocommerce_single":false,"woocommerce_gallery_thumbnail":false},"uagb_author_info":{"display_name":"Andreas","author_link":"https:\/\/dodo-inflatables.com\/fi\/author\/andreas\/"},"uagb_comment_info":0,"uagb_excerpt":"Kutsu vastakkaisia sklier- ja hoppeslottituotteita Norjassa. Velkommen til Dodo-Inflatables.com &#8211; v\u00e5r nettbutikk for oppbl\u00e5sbare hoppeslott i Europa! Ta et dypdykk i v\u00e5rt omfattende utvalg av oppbl\u00e5sbare hoppeslott og sklier av h\u00f8y kvalitet som vil tilf\u00f8re det lille ekstra til enhver anledning. Enten du er p\u00e5 utkikk etter en stor hoppeslott til et bedriftsarrangement, et lite&hellip;","_links":{"self":[{"href":"https:\/\/dodo-inflatables.com\/fi\/wp-json\/wp\/v2\/pages\/18606","targetHints":{"allow":["GET"]}}],"collection":[{"href":"https:\/\/dodo-inflatables.com\/fi\/wp-json\/wp\/v2\/pages"}],"about":[{"href":"https:\/\/dodo-inflatables.com\/fi\/wp-json\/wp\/v2\/types\/page"}],"author":[{"embeddable":true,"href":"https:\/\/dodo-inflatables.com\/fi\/wp-json\/wp\/v2\/users\/1"}],"replies":[{"embeddable":true,"href":"https:\/\/dodo-inflatables.com\/fi\/wp-json\/wp\/v2\/comments?post=18606"}],"version-history":[{"count":2,"href":"https:\/\/dodo-inflatables.com\/fi\/wp-json\/wp\/v2\/pages\/18606\/revisions"}],"predecessor-version":[{"id":18610,"href":"https:\/\/dodo-inflatables.com\/fi\/wp-json\/wp\/v2\/pages\/18606\/revisions\/18610"}],"wp:attachment":[{"href":"https:\/\/dodo-inflatables.com\/fi\/wp-json\/wp\/v2\/media?parent=18606"}],"curies":[{"name":"wp","href":"https:\/\/api.w.org\/{rel}","templated":true}]}}