{"id":18656,"date":"2024-03-07T19:00:49","date_gmt":"2024-03-07T18:00:49","guid":{"rendered":"https:\/\/dodo-inflatables.com\/comprar-toboganes-hinchables-y-castillos-hinchables-a-espana\/"},"modified":"2024-07-17T15:16:10","modified_gmt":"2024-07-17T13:16:10","slug":"comprar-toboganes-hinchables-y-castillos-hinchables-a-espana","status":"publish","type":"page","link":"https:\/\/dodo-inflatables.com\/fi\/comprar-toboganes-hinchables-y-castillos-hinchables-a-espana\/","title":{"rendered":"Comprar toboganes hinchables y castillos hinchables a Espa\u00f1a"},"content":{"rendered":"\n<h2 class=\"wp-block-heading has-text-align-center\"><strong>Comprar toboganes hinchables y castillos hinchables a Espa\u00f1a<\/strong><\/h2>\n\n<figure class=\"wp-block-image aligncenter size-large\"><a href=\"https:\/\/dodo-inflatables.com\/wp-content\/uploads\/2022\/01\/seperator-kleiner.png\"><img loading=\"lazy\" decoding=\"async\" width=\"1024\" height=\"102\" src=\"https:\/\/dodo-inflatables.com\/wp-content\/uploads\/2022\/01\/seperator-kleiner-1024x102.png\" alt=\"\" class=\"wp-image-4026\" srcset=\"https:\/\/dodo-inflatables.com\/wp-content\/uploads\/2022\/01\/seperator-kleiner-1024x102.png 1024w, https:\/\/dodo-inflatables.com\/wp-content\/uploads\/2022\/01\/seperator-kleiner-900x90.png 900w, https:\/\/dodo-inflatables.com\/wp-content\/uploads\/2022\/01\/seperator-kleiner-300x30.png 300w, https:\/\/dodo-inflatables.com\/wp-content\/uploads\/2022\/01\/seperator-kleiner-768x77.png 768w, https:\/\/dodo-inflatables.com\/wp-content\/uploads\/2022\/01\/seperator-kleiner-1536x154.png 1536w, https:\/\/dodo-inflatables.com\/wp-content\/uploads\/2022\/01\/seperator-kleiner-340x34.png 340w, https:\/\/dodo-inflatables.com\/wp-content\/uploads\/2022\/01\/seperator-kleiner.png 2000w\" sizes=\"auto, (max-width: 1024px) 100vw, 1024px\" \/><\/a><\/figure>\n\n<h3 class=\"wp-block-heading has-text-align-center\">Bienvenido a Dodo-Inflatables.com &#8211; \u00a1nuestra tienda online de hinchables en Europa!<\/h3>\n\n<p style=\"font-size:17px\">Sum\u00e9rgete en nuestra extensa selecci\u00f3n de hinchables, castillos hinchables y toboganes de alta calidad que a\u00f1adir\u00e1n ese peque\u00f1o extra a cualquier ocasi\u00f3n. Tanto si busca un gran hinchable para un evento corporativo, un peque\u00f1o castillo hinchable para una fiesta de cumplea\u00f1os infantil o un castillo hinchable con tobog\u00e1n para una fiesta de verano, aqu\u00ed encontrar\u00e1 lo que busca.<\/p>\n\n<p style=\"font-size:17px\">Nuestra gama no s\u00f3lo incluye una variedad de castillos hinchables, sino tambi\u00e9n una amplia gama de accesorios, incluyendo Gibbons y sopladores Huawei para castillos hinchables.<\/p>\n\n<p style=\"font-size:17px\">El env\u00edo de un castillo hinchable y sus accesorios a <strong>Espa\u00f1a cuesta 299,00 euros<\/strong>. Un paquete de accesorios para hinchables cuesta 28,00 euros. Si el hinchable est\u00e1 en stock, se le enviar\u00e1 inmediatamente despu\u00e9s de recibir el pago. L\u00e4hetys Espanjaan kest\u00e4\u00e4 noin <strong>4 &#8211; 6 p\u00e4iv\u00e4\u00e4 ty\u00f6aikaa<\/strong>. Es posible recoger el inflable usted mismo en nuestro almac\u00e9n de M\u00fanich, Alemania.<\/p>\n\n<p style=\"font-size:17px\">Todos nuestros hinchables complen las estrictas normas de seguridad<strong> DIN EN 14960<\/strong> y son aptos para uso privado y comercial. Saat yksityiskohtaisen oppaan ja sit\u00e4 vastaavan todistuksen uudelle laitteellesi, kun se on l\u00e4hetetty.<\/p>\n\n<p style=\"font-size:17px\">Exenci\u00f3n del IVA para empresas Si compra como empresa, introduzca su n\u00famero de identificaci\u00f3n fiscal en la caja para realizar compras libres de impuestos.<\/p>\n\n<p style=\"font-size:17px\">Tanto si es un particular que busca un castillo hinchable para su pr\u00f3xima fiesta familiar, como si es una empresa de alquiler comercial que desea ampliar su gama, nuestros castillos hinchables son adecuados para todo el mundo. Suurin osa asiakkaistamme kaikkialla Euroopassa on valurautojen hankintaa harjoittavia yrityksi\u00e4, jotka arvostavat tuotteitamme kaikkien kokoluokkien tapahtumiin.<\/p>\n\n<p style=\"font-size:17px\">\u00a1Esperamos que disfrute navegando por nuestra tienda en l\u00ednea y estaremos encantados de responder a cualquier pregunta que pueda tener en <a href=\"mailto:contact@dodo-inflatables.com\">contact@dodo-inflatables.com !<\/a><\/p>\n\n<div style=\"height:100px\" aria-hidden=\"true\" class=\"wp-block-spacer\"><\/div>\n","protected":false},"excerpt":{"rendered":"<p>Comprar toboganes hinchables y castillos hinchables a Espa\u00f1a Bienvenido a Dodo-Inflatables.com &#8211; \u00a1nuestra tienda online de hinchables en Europa! Sum\u00e9rgete en nuestra extensa selecci\u00f3n de hinchables, castillos hinchables y toboganes de alta calidad que a\u00f1adir\u00e1n ese peque\u00f1o extra a cualquier ocasi\u00f3n. Tanto si busca un gran hinchable para un evento corporativo, un peque\u00f1o castillo hinchable [&hellip;]<\/p>\n","protected":false},"author":1,"featured_media":0,"parent":0,"menu_order":0,"comment_status":"closed","ping_status":"closed","template":"","meta":{"_acf_changed":false,"_uag_custom_page_level_css":"","site-sidebar-layout":"default","site-content-layout":"","ast-site-content-layout":"normal-width-container","site-content-style":"boxed","site-sidebar-style":"default","ast-global-header-display":"","ast-banner-title-visibility":"","ast-main-header-display":"","ast-hfb-above-header-display":"","ast-hfb-below-header-display":"","ast-hfb-mobile-header-display":"","site-post-title":"","ast-breadcrumbs-content":"","ast-featured-img":"","footer-sml-layout":"","ast-disable-related-posts":"","theme-transparent-header-meta":"","adv-header-id-meta":"4069","stick-header-meta":"","header-above-stick-meta":"","header-main-stick-meta":"","header-below-stick-meta":"","astra-migrate-meta-layouts":"default","ast-page-background-enabled":"default","ast-page-background-meta":{"desktop":{"background-color":"var(--ast-global-color-4)","background-image":"","background-repeat":"repeat","background-position":"center center","background-size":"auto","background-attachment":"scroll","background-type":"","background-media":"","overlay-type":"","overlay-color":"","overlay-opacity":"","overlay-gradient":""},"tablet":{"background-color":"","background-image":"","background-repeat":"repeat","background-position":"center center","background-size":"auto","background-attachment":"scroll","background-type":"","background-media":"","overlay-type":"","overlay-color":"","overlay-opacity":"","overlay-gradient":""},"mobile":{"background-color":"","background-image":"","background-repeat":"repeat","background-position":"center center","background-size":"auto","background-attachment":"scroll","background-type":"","background-media":"","overlay-type":"","overlay-color":"","overlay-opacity":"","overlay-gradient":""}},"ast-content-background-meta":{"desktop":{"background-color":"var(--ast-global-color-5)","background-image":"","background-repeat":"repeat","background-position":"center center","background-size":"auto","background-attachment":"scroll","background-type":"","background-media":"","overlay-type":"","overlay-color":"","overlay-opacity":"","overlay-gradient":""},"tablet":{"background-color":"var(--ast-global-color-5)","background-image":"","background-repeat":"repeat","background-position":"center center","background-size":"auto","background-attachment":"scroll","background-type":"","background-media":"","overlay-type":"","overlay-color":"","overlay-opacity":"","overlay-gradient":""},"mobile":{"background-color":"var(--ast-global-color-5)","background-image":"","background-repeat":"repeat","background-position":"center center","background-size":"auto","background-attachment":"scroll","background-type":"","background-media":"","overlay-type":"","overlay-color":"","overlay-opacity":"","overlay-gradient":""}},"footnotes":""},"class_list":["post-18656","page","type-page","status-publish","hentry"],"acf":[],"yoast_head":"<!-- This site is optimized with the Yoast SEO plugin v27.3 - https:\/\/yoast.com\/product\/yoast-seo-wordpress\/ -->\n<title>Comprar toboganes hinchables y castillos hinchables a Espa\u00f1a - dodo-inflatables.com<\/title>\n<meta name=\"robots\" content=\"index, follow, max-snippet:-1, max-image-preview:large, max-video-preview:-1\" \/>\n<link rel=\"canonical\" href=\"https:\/\/dodo-inflatables.com\/fi\/comprar-toboganes-hinchables-y-castillos-hinchables-a-espana\/\" \/>\n<meta name=\"twitter:label1\" content=\"Arvioitu lukuaika\" \/>\n\t<meta name=\"twitter:data1\" content=\"2 minuuttia\" \/>\n<script type=\"application\/ld+json\" class=\"yoast-schema-graph\">{\"@context\":\"https:\\\/\\\/schema.org\",\"@graph\":[{\"@type\":\"WebPage\",\"@id\":\"https:\\\/\\\/dodo-inflatables.com\\\/fi\\\/comprar-toboganes-hinchables-y-castillos-hinchables-a-espana\\\/\",\"url\":\"https:\\\/\\\/dodo-inflatables.com\\\/fi\\\/comprar-toboganes-hinchables-y-castillos-hinchables-a-espana\\\/\",\"name\":\"Comprar toboganes hinchables y castillos hinchables a Espa\u00f1a - dodo-inflatables.com\",\"isPartOf\":{\"@id\":\"https:\\\/\\\/dodo-inflatables.com\\\/fi\\\/#website\"},\"primaryImageOfPage\":{\"@id\":\"https:\\\/\\\/dodo-inflatables.com\\\/fi\\\/comprar-toboganes-hinchables-y-castillos-hinchables-a-espana\\\/#primaryimage\"},\"image\":{\"@id\":\"https:\\\/\\\/dodo-inflatables.com\\\/fi\\\/comprar-toboganes-hinchables-y-castillos-hinchables-a-espana\\\/#primaryimage\"},\"thumbnailUrl\":\"https:\\\/\\\/dodo-inflatables.com\\\/wp-content\\\/uploads\\\/2022\\\/01\\\/seperator-kleiner-1024x102.png\",\"datePublished\":\"2024-03-07T18:00:49+00:00\",\"dateModified\":\"2024-07-17T13:16:10+00:00\",\"breadcrumb\":{\"@id\":\"https:\\\/\\\/dodo-inflatables.com\\\/fi\\\/comprar-toboganes-hinchables-y-castillos-hinchables-a-espana\\\/#breadcrumb\"},\"inLanguage\":\"fi\",\"potentialAction\":[{\"@type\":\"ReadAction\",\"target\":[\"https:\\\/\\\/dodo-inflatables.com\\\/fi\\\/comprar-toboganes-hinchables-y-castillos-hinchables-a-espana\\\/\"]}]},{\"@type\":\"ImageObject\",\"inLanguage\":\"fi\",\"@id\":\"https:\\\/\\\/dodo-inflatables.com\\\/fi\\\/comprar-toboganes-hinchables-y-castillos-hinchables-a-espana\\\/#primaryimage\",\"url\":\"https:\\\/\\\/dodo-inflatables.com\\\/wp-content\\\/uploads\\\/2022\\\/01\\\/seperator-kleiner-1024x102.png\",\"contentUrl\":\"https:\\\/\\\/dodo-inflatables.com\\\/wp-content\\\/uploads\\\/2022\\\/01\\\/seperator-kleiner-1024x102.png\"},{\"@type\":\"BreadcrumbList\",\"@id\":\"https:\\\/\\\/dodo-inflatables.com\\\/fi\\\/comprar-toboganes-hinchables-y-castillos-hinchables-a-espana\\\/#breadcrumb\",\"itemListElement\":[{\"@type\":\"ListItem\",\"position\":1,\"name\":\"Etusivu\",\"item\":\"https:\\\/\\\/dodo-inflatables.com\\\/fi\\\/\"},{\"@type\":\"ListItem\",\"position\":2,\"name\":\"Comprar toboganes hinchables y castillos hinchables a Espa\u00f1a\"}]},{\"@type\":\"WebSite\",\"@id\":\"https:\\\/\\\/dodo-inflatables.com\\\/fi\\\/#website\",\"url\":\"https:\\\/\\\/dodo-inflatables.com\\\/fi\\\/\",\"name\":\"dodo-inflatables.com\",\"description\":\"Osta pomppulinnoja ja n\u00e4ht\u00e4vyyksi\u00e4 myym\u00e4l\u00e4st\u00e4mme.\",\"publisher\":{\"@id\":\"https:\\\/\\\/dodo-inflatables.com\\\/fi\\\/#organization\"},\"potentialAction\":[{\"@type\":\"SearchAction\",\"target\":{\"@type\":\"EntryPoint\",\"urlTemplate\":\"https:\\\/\\\/dodo-inflatables.com\\\/fi\\\/?s={search_term_string}\"},\"query-input\":{\"@type\":\"PropertyValueSpecification\",\"valueRequired\":true,\"valueName\":\"search_term_string\"}}],\"inLanguage\":\"fi\"},{\"@type\":\"Organization\",\"@id\":\"https:\\\/\\\/dodo-inflatables.com\\\/fi\\\/#organization\",\"name\":\"dodo-inflatables.com\",\"url\":\"https:\\\/\\\/dodo-inflatables.com\\\/fi\\\/\",\"logo\":{\"@type\":\"ImageObject\",\"inLanguage\":\"fi\",\"@id\":\"https:\\\/\\\/dodo-inflatables.com\\\/fi\\\/#\\\/schema\\\/logo\\\/image\\\/\",\"url\":\"https:\\\/\\\/dodo-inflatables.com\\\/wp-content\\\/uploads\\\/2023\\\/04\\\/cropped-cropped-cropped-Dodo-Logo.png\",\"contentUrl\":\"https:\\\/\\\/dodo-inflatables.com\\\/wp-content\\\/uploads\\\/2023\\\/04\\\/cropped-cropped-cropped-Dodo-Logo.png\",\"width\":2996,\"height\":1545,\"caption\":\"dodo-inflatables.com\"},\"image\":{\"@id\":\"https:\\\/\\\/dodo-inflatables.com\\\/fi\\\/#\\\/schema\\\/logo\\\/image\\\/\"}}]}<\/script>\n<!-- \/ Yoast SEO plugin. -->","yoast_head_json":{"title":"Comprar toboganes hinchables y castillos hinchables a Espa\u00f1a - dodo-inflatables.com","robots":{"index":"index","follow":"follow","max-snippet":"max-snippet:-1","max-image-preview":"max-image-preview:large","max-video-preview":"max-video-preview:-1"},"canonical":"https:\/\/dodo-inflatables.com\/fi\/comprar-toboganes-hinchables-y-castillos-hinchables-a-espana\/","twitter_misc":{"Arvioitu lukuaika":"2 minuuttia"},"schema":{"@context":"https:\/\/schema.org","@graph":[{"@type":"WebPage","@id":"https:\/\/dodo-inflatables.com\/fi\/comprar-toboganes-hinchables-y-castillos-hinchables-a-espana\/","url":"https:\/\/dodo-inflatables.com\/fi\/comprar-toboganes-hinchables-y-castillos-hinchables-a-espana\/","name":"Comprar toboganes hinchables y castillos hinchables a Espa\u00f1a - dodo-inflatables.com","isPartOf":{"@id":"https:\/\/dodo-inflatables.com\/fi\/#website"},"primaryImageOfPage":{"@id":"https:\/\/dodo-inflatables.com\/fi\/comprar-toboganes-hinchables-y-castillos-hinchables-a-espana\/#primaryimage"},"image":{"@id":"https:\/\/dodo-inflatables.com\/fi\/comprar-toboganes-hinchables-y-castillos-hinchables-a-espana\/#primaryimage"},"thumbnailUrl":"https:\/\/dodo-inflatables.com\/wp-content\/uploads\/2022\/01\/seperator-kleiner-1024x102.png","datePublished":"2024-03-07T18:00:49+00:00","dateModified":"2024-07-17T13:16:10+00:00","breadcrumb":{"@id":"https:\/\/dodo-inflatables.com\/fi\/comprar-toboganes-hinchables-y-castillos-hinchables-a-espana\/#breadcrumb"},"inLanguage":"fi","potentialAction":[{"@type":"ReadAction","target":["https:\/\/dodo-inflatables.com\/fi\/comprar-toboganes-hinchables-y-castillos-hinchables-a-espana\/"]}]},{"@type":"ImageObject","inLanguage":"fi","@id":"https:\/\/dodo-inflatables.com\/fi\/comprar-toboganes-hinchables-y-castillos-hinchables-a-espana\/#primaryimage","url":"https:\/\/dodo-inflatables.com\/wp-content\/uploads\/2022\/01\/seperator-kleiner-1024x102.png","contentUrl":"https:\/\/dodo-inflatables.com\/wp-content\/uploads\/2022\/01\/seperator-kleiner-1024x102.png"},{"@type":"BreadcrumbList","@id":"https:\/\/dodo-inflatables.com\/fi\/comprar-toboganes-hinchables-y-castillos-hinchables-a-espana\/#breadcrumb","itemListElement":[{"@type":"ListItem","position":1,"name":"Etusivu","item":"https:\/\/dodo-inflatables.com\/fi\/"},{"@type":"ListItem","position":2,"name":"Comprar toboganes hinchables y castillos hinchables a Espa\u00f1a"}]},{"@type":"WebSite","@id":"https:\/\/dodo-inflatables.com\/fi\/#website","url":"https:\/\/dodo-inflatables.com\/fi\/","name":"dodo-inflatables.com","description":"Osta pomppulinnoja ja n\u00e4ht\u00e4vyyksi\u00e4 myym\u00e4l\u00e4st\u00e4mme.","publisher":{"@id":"https:\/\/dodo-inflatables.com\/fi\/#organization"},"potentialAction":[{"@type":"SearchAction","target":{"@type":"EntryPoint","urlTemplate":"https:\/\/dodo-inflatables.com\/fi\/?s={search_term_string}"},"query-input":{"@type":"PropertyValueSpecification","valueRequired":true,"valueName":"search_term_string"}}],"inLanguage":"fi"},{"@type":"Organization","@id":"https:\/\/dodo-inflatables.com\/fi\/#organization","name":"dodo-inflatables.com","url":"https:\/\/dodo-inflatables.com\/fi\/","logo":{"@type":"ImageObject","inLanguage":"fi","@id":"https:\/\/dodo-inflatables.com\/fi\/#\/schema\/logo\/image\/","url":"https:\/\/dodo-inflatables.com\/wp-content\/uploads\/2023\/04\/cropped-cropped-cropped-Dodo-Logo.png","contentUrl":"https:\/\/dodo-inflatables.com\/wp-content\/uploads\/2023\/04\/cropped-cropped-cropped-Dodo-Logo.png","width":2996,"height":1545,"caption":"dodo-inflatables.com"},"image":{"@id":"https:\/\/dodo-inflatables.com\/fi\/#\/schema\/logo\/image\/"}}]}},"uagb_featured_image_src":{"full":false,"thumbnail":false,"medium":false,"medium_large":false,"large":false,"1536x1536":false,"2048x2048":false,"woocommerce_thumbnail":false,"woocommerce_single":false,"woocommerce_gallery_thumbnail":false},"uagb_author_info":{"display_name":"Andreas","author_link":"https:\/\/dodo-inflatables.com\/fi\/author\/andreas\/"},"uagb_comment_info":0,"uagb_excerpt":"Comprar toboganes hinchables y castillos hinchables a Espa\u00f1a Bienvenido a Dodo-Inflatables.com &#8211; \u00a1nuestra tienda online de hinchables en Europa! Sum\u00e9rgete en nuestra extensa selecci\u00f3n de hinchables, castillos hinchables y toboganes de alta calidad que a\u00f1adir\u00e1n ese peque\u00f1o extra a cualquier ocasi\u00f3n. Tanto si busca un gran hinchable para un evento corporativo, un peque\u00f1o castillo hinchable&hellip;","_links":{"self":[{"href":"https:\/\/dodo-inflatables.com\/fi\/wp-json\/wp\/v2\/pages\/18656","targetHints":{"allow":["GET"]}}],"collection":[{"href":"https:\/\/dodo-inflatables.com\/fi\/wp-json\/wp\/v2\/pages"}],"about":[{"href":"https:\/\/dodo-inflatables.com\/fi\/wp-json\/wp\/v2\/types\/page"}],"author":[{"embeddable":true,"href":"https:\/\/dodo-inflatables.com\/fi\/wp-json\/wp\/v2\/users\/1"}],"replies":[{"embeddable":true,"href":"https:\/\/dodo-inflatables.com\/fi\/wp-json\/wp\/v2\/comments?post=18656"}],"version-history":[{"count":2,"href":"https:\/\/dodo-inflatables.com\/fi\/wp-json\/wp\/v2\/pages\/18656\/revisions"}],"predecessor-version":[{"id":18659,"href":"https:\/\/dodo-inflatables.com\/fi\/wp-json\/wp\/v2\/pages\/18656\/revisions\/18659"}],"wp:attachment":[{"href":"https:\/\/dodo-inflatables.com\/fi\/wp-json\/wp\/v2\/media?parent=18656"}],"curies":[{"name":"wp","href":"https:\/\/api.w.org\/{rel}","templated":true}]}}