{"id":105381,"date":"2026-04-04T13:54:47","date_gmt":"2026-04-04T11:54:47","guid":{"rendered":"https:\/\/dodo-inflatables.com\/dodo-relaunch?product=tear-aid-korjaussetti-pomppulinnoille"},"modified":"2026-04-04T13:54:47","modified_gmt":"2026-04-04T11:54:47","slug":"tear-aid-korjaussetti-pomppulinnoille","status":"publish","type":"product","link":"https:\/\/dodo-inflatables.com\/fi\/tuote\/tear-aid-korjaussetti-pomppulinnoille\/","title":{"rendered":"Tear-Aid korjaussetti pomppulinnoille"},"content":{"rendered":"<h2>Tear-Aid korjaussetti pomppulinnoille<\/h2>\n<h5>Tear-Aid: Luotettava ratkaisu pomppulinnan korjaamiseen<\/h5>\n<p>Pidenn\u00e4 pomppulinnasi k\u00e4ytt\u00f6ik\u00e4\u00e4 Tear-Aid korjaussetill\u00e4 \u2013 ihanteellinen ratkaisu nopeisiin, helppoihin ja pitk\u00e4kestoisiin korjauksiin.<br \/>\nOlipa kyseess\u00e4 pienet repe\u00e4m\u00e4t tai suuremmat rei\u00e4t, Tear-Aid tarjoaa t\u00e4ydellisen ratkaisun pomppulinnasi palauttamiseksi huippukuntoon.<br \/>\n<strong>Vahva ja kest\u00e4v\u00e4:<\/strong><br \/>\nKorkealaatuinen, elastinen paikkamateriaali mukautuu pomppulinnan liikkeisiin ja tarjoaa pitk\u00e4kestoisen korjauksen, joka kest\u00e4\u00e4 intensiivist\u00e4 k\u00e4ytt\u00f6\u00e4.<br \/>\n<strong>Helppo k\u00e4ytt\u00e4\u00e4:<\/strong><br \/>\nItsekiinnittyv\u00e4n taustan ja selkeiden ohjeiden ansiosta voit korjata repe\u00e4m\u00e4t ja rei\u00e4t vain muutamassa minuutissa.<br \/>\n<strong>Vedenpit\u00e4v\u00e4 ja ilmatiivis:<\/strong><br \/>\nTear-Aid toimii luotettavasti my\u00f6s m\u00e4riss\u00e4 olosuhteissa ja auttaa est\u00e4m\u00e4\u00e4n ilman karkaamisen, joten pomppulinnasi pysyy turvallisena ja t\u00e4ysin toiminnallisena.<br \/>\n<strong>L\u00e4pin\u00e4kyv\u00e4 muotoilu:<\/strong><br \/>\nHuomaamaton, l\u00e4pin\u00e4kyv\u00e4 materiaali sulautuu saumattomasti mihin tahansa v\u00e4riin ja muotoiluun vaikuttamatta pomppulinnasi ulkon\u00e4k\u00f6\u00f6n.<br \/>\n&nbsp;<br \/>\n<strong>Setin sis\u00e4lt\u00f6:<\/strong><\/p>\n<ul>\n<li>1 Tear-Aid paikkamateriaali (30 x 8 cm)<\/li>\n<li>1 vahvistusfilamentti reunakorjauksiin<\/li>\n<li>Alkoholi puhdistuspyyhkeet<\/li>\n<li>K\u00e4ytt\u00f6ohjeet<\/li>\n<\/ul>\n<p>&nbsp;<\/p>\n","protected":false},"excerpt":{"rendered":"<ul>\n<li>1 Tear-Aid paikkamateriaali (30 x 8 cm)<\/li>\n<li>1 vahvistusfilamentti reunakorjauksiin<\/li>\n<li>Alkoholi puhdistuspyyhkeet<\/li>\n<li>K\u00e4ytt\u00f6ohjeet<\/li>\n<\/ul>\n","protected":false},"featured_media":105371,"comment_status":"open","ping_status":"closed","template":"","meta":{"_acf_changed":false,"_uag_custom_page_level_css":"","site-sidebar-layout":"default","site-content-layout":"boxed-container","ast-site-content-layout":"normal-width-container","site-content-style":"boxed","site-sidebar-style":"default","ast-global-header-display":"","ast-banner-title-visibility":"","ast-main-header-display":"","ast-hfb-above-header-display":"","ast-hfb-below-header-display":"","ast-hfb-mobile-header-display":"","site-post-title":"disabled","ast-breadcrumbs-content":"","ast-featured-img":"","footer-sml-layout":"","ast-disable-related-posts":"","theme-transparent-header-meta":"default","adv-header-id-meta":"","stick-header-meta":"default","header-above-stick-meta":"","header-main-stick-meta":"","header-below-stick-meta":"","astra-migrate-meta-layouts":"default","ast-page-background-enabled":"default","ast-page-background-meta":{"desktop":{"background-color":"var(--ast-global-color-4)","background-image":"","background-repeat":"repeat","background-position":"center center","background-size":"auto","background-attachment":"scroll","background-type":"","background-media":"","overlay-type":"","overlay-color":"","overlay-opacity":"","overlay-gradient":""},"tablet":{"background-color":"","background-image":"","background-repeat":"repeat","background-position":"center center","background-size":"auto","background-attachment":"scroll","background-type":"","background-media":"","overlay-type":"","overlay-color":"","overlay-opacity":"","overlay-gradient":""},"mobile":{"background-color":"","background-image":"","background-repeat":"repeat","background-position":"center center","background-size":"auto","background-attachment":"scroll","background-type":"","background-media":"","overlay-type":"","overlay-color":"","overlay-opacity":"","overlay-gradient":""}},"ast-content-background-meta":{"desktop":{"background-color":"var(--ast-global-color-5)","background-image":"","background-repeat":"repeat","background-position":"center center","background-size":"auto","background-attachment":"scroll","background-type":"","background-media":"","overlay-type":"","overlay-color":"","overlay-opacity":"","overlay-gradient":""},"tablet":{"background-color":"var(--ast-global-color-5)","background-image":"","background-repeat":"repeat","background-position":"center center","background-size":"auto","background-attachment":"scroll","background-type":"","background-media":"","overlay-type":"","overlay-color":"","overlay-opacity":"","overlay-gradient":""},"mobile":{"background-color":"var(--ast-global-color-5)","background-image":"","background-repeat":"repeat","background-position":"center center","background-size":"auto","background-attachment":"scroll","background-type":"","background-media":"","overlay-type":"","overlay-color":"","overlay-opacity":"","overlay-gradient":""}}},"product_brand":[],"product_cat":[2058],"product_tag":[],"class_list":{"0":"post-105381","1":"product","2":"type-product","3":"status-publish","4":"has-post-thumbnail","6":"product_cat-tarvikkeet","7":"product_shipping_class-zubehor-fi","8":"desktop-align-center","9":"tablet-align-center","10":"mobile-align-center","11":"ast-product-gallery-layout-horizontal","12":"ast-product-tabs-layout-horizontal","14":"first","15":"instock","16":"taxable","17":"shipping-taxable","18":"purchasable","19":"product-type-simple"},"acf":[],"yoast_head":"<!-- This site is optimized with the Yoast SEO plugin v27.5 - https:\/\/yoast.com\/product\/yoast-seo-wordpress\/ -->\n<title>Tear-Aid korjaussetti pomppulinnoille | Dodo Inflatables<\/title>\n<meta name=\"description\" content=\"Tear-Aid korjaussetti pomppulinnoille \u2013 elastinen paikkamateriaali 30 x 8 cm, vedenpit\u00e4v\u00e4, l\u00e4pin\u00e4kyv\u00e4. Nopea ja pitk\u00e4kestoinen repe\u00e4mien ja reikien korjaus.\" \/>\n<meta name=\"robots\" content=\"index, follow, max-snippet:-1, max-image-preview:large, max-video-preview:-1\" \/>\n<link rel=\"canonical\" href=\"https:\/\/dodo-inflatables.com\/fi\/tuote\/tear-aid-korjaussetti-pomppulinnoille\/\" \/>\n<meta name=\"twitter:label1\" content=\"Arvioitu lukuaika\" \/>\n\t<meta name=\"twitter:data1\" content=\"1 minuutti\" \/>\n<script type=\"application\/ld+json\" class=\"yoast-schema-graph\">{\"@context\":\"https:\\\/\\\/schema.org\",\"@graph\":[{\"@type\":\"WebPage\",\"@id\":\"https:\\\/\\\/dodo-inflatables.com\\\/fi\\\/tuote\\\/tear-aid-korjaussetti-pomppulinnoille\\\/\",\"url\":\"https:\\\/\\\/dodo-inflatables.com\\\/fi\\\/tuote\\\/tear-aid-korjaussetti-pomppulinnoille\\\/\",\"name\":\"Tear-Aid korjaussetti pomppulinnoille | Dodo Inflatables\",\"isPartOf\":{\"@id\":\"https:\\\/\\\/dodo-inflatables.com\\\/fi\\\/#website\"},\"primaryImageOfPage\":{\"@id\":\"https:\\\/\\\/dodo-inflatables.com\\\/fi\\\/tuote\\\/tear-aid-korjaussetti-pomppulinnoille\\\/#primaryimage\"},\"image\":{\"@id\":\"https:\\\/\\\/dodo-inflatables.com\\\/fi\\\/tuote\\\/tear-aid-korjaussetti-pomppulinnoille\\\/#primaryimage\"},\"thumbnailUrl\":\"https:\\\/\\\/dodo-inflatables.com\\\/wp-content\\\/uploads\\\/2026\\\/04\\\/Tear-Aid-Reparatur-fur-Hupfburgen-_0004_TA-ZAK-TB-2.jpg\",\"datePublished\":\"2026-04-04T11:54:47+00:00\",\"description\":\"Tear-Aid korjaussetti pomppulinnoille \u2013 elastinen paikkamateriaali 30 x 8 cm, vedenpit\u00e4v\u00e4, l\u00e4pin\u00e4kyv\u00e4. Nopea ja pitk\u00e4kestoinen repe\u00e4mien ja reikien korjaus.\",\"breadcrumb\":{\"@id\":\"https:\\\/\\\/dodo-inflatables.com\\\/fi\\\/tuote\\\/tear-aid-korjaussetti-pomppulinnoille\\\/#breadcrumb\"},\"inLanguage\":\"fi\",\"potentialAction\":[{\"@type\":\"ReadAction\",\"target\":[\"https:\\\/\\\/dodo-inflatables.com\\\/fi\\\/tuote\\\/tear-aid-korjaussetti-pomppulinnoille\\\/\"]}]},{\"@type\":\"ImageObject\",\"inLanguage\":\"fi\",\"@id\":\"https:\\\/\\\/dodo-inflatables.com\\\/fi\\\/tuote\\\/tear-aid-korjaussetti-pomppulinnoille\\\/#primaryimage\",\"url\":\"https:\\\/\\\/dodo-inflatables.com\\\/wp-content\\\/uploads\\\/2026\\\/04\\\/Tear-Aid-Reparatur-fur-Hupfburgen-_0004_TA-ZAK-TB-2.jpg\",\"contentUrl\":\"https:\\\/\\\/dodo-inflatables.com\\\/wp-content\\\/uploads\\\/2026\\\/04\\\/Tear-Aid-Reparatur-fur-Hupfburgen-_0004_TA-ZAK-TB-2.jpg\",\"width\":1000,\"height\":1000,\"caption\":\"Tear-Aid korjaussetti pomppulinnoille | Dodo Inflatables\"},{\"@type\":\"BreadcrumbList\",\"@id\":\"https:\\\/\\\/dodo-inflatables.com\\\/fi\\\/tuote\\\/tear-aid-korjaussetti-pomppulinnoille\\\/#breadcrumb\",\"itemListElement\":[{\"@type\":\"ListItem\",\"position\":1,\"name\":\"Etusivu\",\"item\":\"https:\\\/\\\/dodo-inflatables.com\\\/fi\\\/\"},{\"@type\":\"ListItem\",\"position\":2,\"name\":\"Kauppa\",\"item\":\"https:\\\/\\\/dodo-inflatables.com\\\/fi\\\/kauppa\\\/\"},{\"@type\":\"ListItem\",\"position\":3,\"name\":\"Tear-Aid korjaussetti pomppulinnoille\"}]},{\"@type\":\"WebSite\",\"@id\":\"https:\\\/\\\/dodo-inflatables.com\\\/fi\\\/#website\",\"url\":\"https:\\\/\\\/dodo-inflatables.com\\\/fi\\\/\",\"name\":\"dodo-inflatables.com\",\"description\":\"Osta pomppulinnoja ja n\u00e4ht\u00e4vyyksi\u00e4 myym\u00e4l\u00e4st\u00e4mme.\",\"potentialAction\":[{\"@type\":\"SearchAction\",\"target\":{\"@type\":\"EntryPoint\",\"urlTemplate\":\"https:\\\/\\\/dodo-inflatables.com\\\/fi\\\/?s={search_term_string}\"},\"query-input\":{\"@type\":\"PropertyValueSpecification\",\"valueRequired\":true,\"valueName\":\"search_term_string\"}}],\"inLanguage\":\"fi\"}]}<\/script>\n<!-- \/ Yoast SEO plugin. -->","yoast_head_json":{"title":"Tear-Aid korjaussetti pomppulinnoille | Dodo Inflatables","description":"Tear-Aid korjaussetti pomppulinnoille \u2013 elastinen paikkamateriaali 30 x 8 cm, vedenpit\u00e4v\u00e4, l\u00e4pin\u00e4kyv\u00e4. Nopea ja pitk\u00e4kestoinen repe\u00e4mien ja reikien korjaus.","robots":{"index":"index","follow":"follow","max-snippet":"max-snippet:-1","max-image-preview":"max-image-preview:large","max-video-preview":"max-video-preview:-1"},"canonical":"https:\/\/dodo-inflatables.com\/fi\/tuote\/tear-aid-korjaussetti-pomppulinnoille\/","twitter_misc":{"Arvioitu lukuaika":"1 minuutti"},"schema":{"@context":"https:\/\/schema.org","@graph":[{"@type":"WebPage","@id":"https:\/\/dodo-inflatables.com\/fi\/tuote\/tear-aid-korjaussetti-pomppulinnoille\/","url":"https:\/\/dodo-inflatables.com\/fi\/tuote\/tear-aid-korjaussetti-pomppulinnoille\/","name":"Tear-Aid korjaussetti pomppulinnoille | Dodo Inflatables","isPartOf":{"@id":"https:\/\/dodo-inflatables.com\/fi\/#website"},"primaryImageOfPage":{"@id":"https:\/\/dodo-inflatables.com\/fi\/tuote\/tear-aid-korjaussetti-pomppulinnoille\/#primaryimage"},"image":{"@id":"https:\/\/dodo-inflatables.com\/fi\/tuote\/tear-aid-korjaussetti-pomppulinnoille\/#primaryimage"},"thumbnailUrl":"https:\/\/dodo-inflatables.com\/wp-content\/uploads\/2026\/04\/Tear-Aid-Reparatur-fur-Hupfburgen-_0004_TA-ZAK-TB-2.jpg","datePublished":"2026-04-04T11:54:47+00:00","description":"Tear-Aid korjaussetti pomppulinnoille \u2013 elastinen paikkamateriaali 30 x 8 cm, vedenpit\u00e4v\u00e4, l\u00e4pin\u00e4kyv\u00e4. Nopea ja pitk\u00e4kestoinen repe\u00e4mien ja reikien korjaus.","breadcrumb":{"@id":"https:\/\/dodo-inflatables.com\/fi\/tuote\/tear-aid-korjaussetti-pomppulinnoille\/#breadcrumb"},"inLanguage":"fi","potentialAction":[{"@type":"ReadAction","target":["https:\/\/dodo-inflatables.com\/fi\/tuote\/tear-aid-korjaussetti-pomppulinnoille\/"]}]},{"@type":"ImageObject","inLanguage":"fi","@id":"https:\/\/dodo-inflatables.com\/fi\/tuote\/tear-aid-korjaussetti-pomppulinnoille\/#primaryimage","url":"https:\/\/dodo-inflatables.com\/wp-content\/uploads\/2026\/04\/Tear-Aid-Reparatur-fur-Hupfburgen-_0004_TA-ZAK-TB-2.jpg","contentUrl":"https:\/\/dodo-inflatables.com\/wp-content\/uploads\/2026\/04\/Tear-Aid-Reparatur-fur-Hupfburgen-_0004_TA-ZAK-TB-2.jpg","width":1000,"height":1000,"caption":"Tear-Aid korjaussetti pomppulinnoille | Dodo Inflatables"},{"@type":"BreadcrumbList","@id":"https:\/\/dodo-inflatables.com\/fi\/tuote\/tear-aid-korjaussetti-pomppulinnoille\/#breadcrumb","itemListElement":[{"@type":"ListItem","position":1,"name":"Etusivu","item":"https:\/\/dodo-inflatables.com\/fi\/"},{"@type":"ListItem","position":2,"name":"Kauppa","item":"https:\/\/dodo-inflatables.com\/fi\/kauppa\/"},{"@type":"ListItem","position":3,"name":"Tear-Aid korjaussetti pomppulinnoille"}]},{"@type":"WebSite","@id":"https:\/\/dodo-inflatables.com\/fi\/#website","url":"https:\/\/dodo-inflatables.com\/fi\/","name":"dodo-inflatables.com","description":"Osta pomppulinnoja ja n\u00e4ht\u00e4vyyksi\u00e4 myym\u00e4l\u00e4st\u00e4mme.","potentialAction":[{"@type":"SearchAction","target":{"@type":"EntryPoint","urlTemplate":"https:\/\/dodo-inflatables.com\/fi\/?s={search_term_string}"},"query-input":{"@type":"PropertyValueSpecification","valueRequired":true,"valueName":"search_term_string"}}],"inLanguage":"fi"}]}},"uagb_featured_image_src":{"full":["https:\/\/dodo-inflatables.com\/wp-content\/uploads\/2026\/04\/Tear-Aid-Reparatur-fur-Hupfburgen-_0004_TA-ZAK-TB-2.jpg",1000,1000,false],"thumbnail":["https:\/\/dodo-inflatables.com\/wp-content\/uploads\/2026\/04\/Tear-Aid-Reparatur-fur-Hupfburgen-_0004_TA-ZAK-TB-2-150x150.jpg",150,150,true],"medium":["https:\/\/dodo-inflatables.com\/wp-content\/uploads\/2026\/04\/Tear-Aid-Reparatur-fur-Hupfburgen-_0004_TA-ZAK-TB-2-300x300.jpg",300,300,true],"medium_large":["https:\/\/dodo-inflatables.com\/wp-content\/uploads\/2026\/04\/Tear-Aid-Reparatur-fur-Hupfburgen-_0004_TA-ZAK-TB-2-768x768.jpg",768,768,true],"large":["https:\/\/dodo-inflatables.com\/wp-content\/uploads\/2026\/04\/Tear-Aid-Reparatur-fur-Hupfburgen-_0004_TA-ZAK-TB-2.jpg",1000,1000,false],"1536x1536":["https:\/\/dodo-inflatables.com\/wp-content\/uploads\/2026\/04\/Tear-Aid-Reparatur-fur-Hupfburgen-_0004_TA-ZAK-TB-2.jpg",1000,1000,false],"2048x2048":["https:\/\/dodo-inflatables.com\/wp-content\/uploads\/2026\/04\/Tear-Aid-Reparatur-fur-Hupfburgen-_0004_TA-ZAK-TB-2.jpg",1000,1000,false],"woocommerce_thumbnail":["https:\/\/dodo-inflatables.com\/wp-content\/uploads\/2026\/04\/Tear-Aid-Reparatur-fur-Hupfburgen-_0004_TA-ZAK-TB-2-900x900.jpg",900,900,true],"woocommerce_single":["https:\/\/dodo-inflatables.com\/wp-content\/uploads\/2026\/04\/Tear-Aid-Reparatur-fur-Hupfburgen-_0004_TA-ZAK-TB-2-900x900.jpg",900,900,true],"woocommerce_gallery_thumbnail":["https:\/\/dodo-inflatables.com\/wp-content\/uploads\/2026\/04\/Tear-Aid-Reparatur-fur-Hupfburgen-_0004_TA-ZAK-TB-2-100x100.jpg",100,100,true]},"uagb_author_info":{"display_name":"Andreas","author_link":"https:\/\/dodo-inflatables.com\/fi\/author\/"},"uagb_comment_info":0,"uagb_excerpt":"1 Tear-Aid paikkamateriaali (30 x 8 cm) 1 vahvistusfilamentti reunakorjauksiin Alkoholi puhdistuspyyhkeet K\u00e4ytt\u00f6ohjeet","_links":{"self":[{"href":"https:\/\/dodo-inflatables.com\/fi\/wp-json\/wp\/v2\/product\/105381","targetHints":{"allow":["GET"]}}],"collection":[{"href":"https:\/\/dodo-inflatables.com\/fi\/wp-json\/wp\/v2\/product"}],"about":[{"href":"https:\/\/dodo-inflatables.com\/fi\/wp-json\/wp\/v2\/types\/product"}],"replies":[{"embeddable":true,"href":"https:\/\/dodo-inflatables.com\/fi\/wp-json\/wp\/v2\/comments?post=105381"}],"wp:featuredmedia":[{"embeddable":true,"href":"https:\/\/dodo-inflatables.com\/fi\/wp-json\/wp\/v2\/media\/105371"}],"wp:attachment":[{"href":"https:\/\/dodo-inflatables.com\/fi\/wp-json\/wp\/v2\/media?parent=105381"}],"wp:term":[{"taxonomy":"product_brand","embeddable":true,"href":"https:\/\/dodo-inflatables.com\/fi\/wp-json\/wp\/v2\/product_brand?post=105381"},{"taxonomy":"product_cat","embeddable":true,"href":"https:\/\/dodo-inflatables.com\/fi\/wp-json\/wp\/v2\/product_cat?post=105381"},{"taxonomy":"product_tag","embeddable":true,"href":"https:\/\/dodo-inflatables.com\/fi\/wp-json\/wp\/v2\/product_tag?post=105381"}],"curies":[{"name":"wp","href":"https:\/\/api.w.org\/{rel}","templated":true}]}}