{"id":105684,"date":"2026-04-04T13:54:46","date_gmt":"2026-04-04T11:54:46","guid":{"rendered":"https:\/\/dodo-inflatables.com\/dodo-relaunch?product=starter-set-suuri-huawei-15-hp"},"modified":"2026-04-04T13:54:46","modified_gmt":"2026-04-04T11:54:46","slug":"starter-set-suuri-huawei-15-hp","status":"publish","type":"product","link":"https:\/\/dodo-inflatables.com\/fi\/tuote\/starter-set-suuri-huawei-15-hp\/","title":{"rendered":"Starter Set suuri &#8211; Huawei 1,5 HP"},"content":{"rendered":"<h2>Starter Set suuri &#8211; Huawei \u2013 Kaikki mit\u00e4 tarvitset t\u00e4ydelliseen aloitukseen pomppulinnasi kanssa!<\/h2>\n<p>&nbsp;<br \/>\nOletko ostanut pomppulinnan ja haluatko aloittaa heti? Silloin Starter Set suuri &#8211; Huawei on juuri se mit\u00e4 tarvitset! Se sis\u00e4lt\u00e4\u00e4 kaikki olennaiset tarvikkeet, joita tarvitset pomppulinnasi turvalliseen ja sujuvaan k\u00e4ytt\u00f6\u00f6n \u2013 ja bonuksena tupladeflaattori on sis\u00e4llytetty ilmaiseksi!<br \/>\n<em><strong>T\u00e4m\u00e4 setti sis\u00e4lt\u00e4\u00e4:<\/strong><\/em><br \/>\n\u2705 <strong>Huawei puhallin (1,5 HP) &#8211; <\/strong><br \/>\nVahva ja luotettava puhallin on jokaisen pomppulinnan syd\u00e4n. Huawei 1,5 HP puhallin varmistaa nopean ja tasaisen t\u00e4yttymisen, joten pomppulinnasi on k\u00e4ytt\u00f6valmis hetkess\u00e4. Se toimii tehokkaasti, on rakennettu kest\u00e4m\u00e4\u00e4n ja sopii t\u00e4ydellisesti t\u00e4ytett\u00e4vien pomppulinnojen vaatimuksiin.<br \/>\n\u2705 <strong>Maakiinnikkeet turvallista ankkurointia varten &#8211; <\/strong><br \/>\nPomppulinnasi pit\u00e4miseksi vakaana ja turvallisesti paikallaan settiin on sis\u00e4llytetty korkealaatuiset maakiinnikkeet. Ne auttavat varmistamaan, ett\u00e4 t\u00e4ytett\u00e4v\u00e4 konstruktiosi pysyy tukevasti paikallaan, jopa intensiivisen k\u00e4yt\u00f6n ja energisen hyppimisen aikana, ja tarjoavat my\u00f6s lis\u00e4turvallisuutta kevyiss\u00e4 tuuliolosuhteissa. Helppo k\u00e4ytt\u00e4\u00e4, maksimaalinen turvallisuus!<br \/>\n\u2705 <strong>Aluspeite (5 x 6 m) \u2013 Suoja pomppulinnallesi &#8211; <\/strong><br \/>\nHyv\u00e4 aluspeite on v\u00e4ltt\u00e4m\u00e4t\u00f6n pomppulinnan suojaamiseksi lialta, pienilt\u00e4 kivilta ja ep\u00e4tasaisilta pinnoilta. Mukana tuleva 5 x 6 m aluspeite tarjoaa kest\u00e4v\u00e4n suojakerroksen ja auttaa pident\u00e4m\u00e4\u00e4n t\u00e4ytett\u00e4v\u00e4n konstruktiosi k\u00e4ytt\u00f6ik\u00e4\u00e4.<br \/>\n\u2705 <strong>Turvamatot lis\u00e4suojaksi<\/strong><br \/>\n1x suuri turvamatto \u2013 T\u00e4ydellinen erityisen herkille alueille, kuten sis\u00e4\u00e4nk\u00e4ynnille tai liukum\u00e4kialueelle.<br \/>\n2x pienet turvamatot \u2013 Lis\u00e4suoja muille sis\u00e4\u00e4n- ja ulosk\u00e4yntialueille.<br \/>\n\ud83d\udca8 <strong>Ilmaiseksi mukana: Tupladeflaattori \u2013 nopeampaan purkamiseen! &#8211; <\/strong><br \/>\nKun hauskuus on ohi, pomppulinna t\u00e4ytyy tyhjent\u00e4\u00e4 ja pakata \u2013 ja juuri t\u00e4ss\u00e4 deflaattori astuu kuvaan! T\u00e4m\u00e4 k\u00e4yt\u00e4nn\u00f6llinen lis\u00e4varuste auttaa poistamaan ilman paljon nopeammin, mik\u00e4 tekee purkamisesta nopeaa ja helppoa.<br \/>\n<strong>Miksi valita t\u00e4m\u00e4 starter set?<\/strong><br \/>\n\u2714 <em>T\u00e4ydellisesti yhteensopivat tarvikkeet<\/em> \u2013 Kaikki mit\u00e4 tarvitset aloittamiseen yhdess\u00e4 k\u00e4yt\u00e4nn\u00f6llisess\u00e4 setiss\u00e4.<br \/>\n\u2714 <em>Maksimaalinen turvallisuus<\/em> \u2013 Turvamattojen ansiosta sis\u00e4\u00e4n- ja ulosk\u00e4yntialueilla.<br \/>\n\u2714 <em>Nopea asennus ja turvallinen k\u00e4ytt\u00f6<\/em> \u2013 Tehokkaan puhaltimen ja tukevien maakiinnikkeiden ansiosta.<br \/>\n\u2714 <em>Pidempi k\u00e4ytt\u00f6ik\u00e4 pomppulinnallesi<\/em> \u2013 Suojaavan aluspeittteen avulla.<br \/>\n\u2714 <em>Helpompi purkaminen<\/em> \u2013 Ilmainen tupladeflaattori s\u00e4\u00e4st\u00e4\u00e4 aikaa ja vaivaa!<br \/>\nStarter Set suuri &#8211; Huawei&#8217;n avulla olet t\u00e4ysin varustautunut ja valmis aloittamaan heti.<\/p>\n","protected":false},"excerpt":{"rendered":"<p>\u2714 <em>T\u00e4ydellisesti yhteensopivat tarvikkeet<\/em> \u2013 Kaikki mit\u00e4 tarvitset aloittamiseen yhdess\u00e4 k\u00e4yt\u00e4nn\u00f6llisess\u00e4 setiss\u00e4.<br \/>\n\u2714 <em>Maksimaalinen turvallisuus<\/em> \u2013 Turvamattojen ansiosta sis\u00e4\u00e4n- ja ulosk\u00e4yntialueilla.<br \/>\n\u2714 <em>Nopea asennus ja turvallinen k\u00e4ytt\u00f6<\/em> \u2013 Tehokkaan puhaltimen ja tukevien maakiinnikkeiden ansiosta.<br \/>\n\u2714 <em>Pidempi k\u00e4ytt\u00f6ik\u00e4 pomppulinnallesi<\/em> \u2013 Suojaavan aluspeittteen avulla.<br \/>\n\u2714 <em>Helpompi purkaminen<\/em> \u2013 Ilmainen tupladeflaattori s\u00e4\u00e4st\u00e4\u00e4 aikaa ja vaivaa!<\/p>\n","protected":false},"featured_media":105683,"comment_status":"open","ping_status":"closed","template":"","meta":{"_acf_changed":false,"_uag_custom_page_level_css":"","site-sidebar-layout":"default","site-content-layout":"boxed-container","ast-site-content-layout":"normal-width-container","site-content-style":"boxed","site-sidebar-style":"default","ast-global-header-display":"","ast-banner-title-visibility":"","ast-main-header-display":"","ast-hfb-above-header-display":"","ast-hfb-below-header-display":"","ast-hfb-mobile-header-display":"","site-post-title":"disabled","ast-breadcrumbs-content":"","ast-featured-img":"","footer-sml-layout":"","ast-disable-related-posts":"","theme-transparent-header-meta":"default","adv-header-id-meta":"","stick-header-meta":"default","header-above-stick-meta":"","header-main-stick-meta":"","header-below-stick-meta":"","astra-migrate-meta-layouts":"default","ast-page-background-enabled":"default","ast-page-background-meta":{"desktop":{"background-color":"var(--ast-global-color-4)","background-image":"","background-repeat":"repeat","background-position":"center center","background-size":"auto","background-attachment":"scroll","background-type":"","background-media":"","overlay-type":"","overlay-color":"","overlay-opacity":"","overlay-gradient":""},"tablet":{"background-color":"","background-image":"","background-repeat":"repeat","background-position":"center center","background-size":"auto","background-attachment":"scroll","background-type":"","background-media":"","overlay-type":"","overlay-color":"","overlay-opacity":"","overlay-gradient":""},"mobile":{"background-color":"","background-image":"","background-repeat":"repeat","background-position":"center center","background-size":"auto","background-attachment":"scroll","background-type":"","background-media":"","overlay-type":"","overlay-color":"","overlay-opacity":"","overlay-gradient":""}},"ast-content-background-meta":{"desktop":{"background-color":"var(--ast-global-color-5)","background-image":"","background-repeat":"repeat","background-position":"center center","background-size":"auto","background-attachment":"scroll","background-type":"","background-media":"","overlay-type":"","overlay-color":"","overlay-opacity":"","overlay-gradient":""},"tablet":{"background-color":"var(--ast-global-color-5)","background-image":"","background-repeat":"repeat","background-position":"center center","background-size":"auto","background-attachment":"scroll","background-type":"","background-media":"","overlay-type":"","overlay-color":"","overlay-opacity":"","overlay-gradient":""},"mobile":{"background-color":"var(--ast-global-color-5)","background-image":"","background-repeat":"repeat","background-position":"center center","background-size":"auto","background-attachment":"scroll","background-type":"","background-media":"","overlay-type":"","overlay-color":"","overlay-opacity":"","overlay-gradient":""}}},"product_brand":[],"product_cat":[2058],"product_tag":[],"class_list":{"0":"post-105684","1":"product","2":"type-product","3":"status-publish","4":"has-post-thumbnail","6":"product_cat-tarvikkeet","7":"product_shipping_class-spedition-hupfburg-fi","8":"desktop-align-center","9":"tablet-align-center","10":"mobile-align-center","11":"ast-product-gallery-layout-horizontal","12":"ast-product-tabs-layout-horizontal","14":"first","15":"instock","16":"sale","17":"taxable","18":"shipping-taxable","19":"purchasable","20":"product-type-simple"},"acf":[],"yoast_head":"<!-- This site is optimized with the Yoast SEO plugin v27.5 - https:\/\/yoast.com\/product\/yoast-seo-wordpress\/ -->\n<title>Starter Set suuri - Huawei 1,5 HP pomppulinnoille | Dodo Inflatables<\/title>\n<meta name=\"description\" content=\"Starter Set suuri - Huawei 1,5 HP \u2013 puhallin, maakiinnikkeet, aluspeite 5 x 6 m, turvamatot ja ilmainen tupladeflaattori. Kaikki t\u00e4ydelliseen aloitukseen pomppulinnasi kanssa.\" \/>\n<meta name=\"robots\" content=\"index, follow, max-snippet:-1, max-image-preview:large, max-video-preview:-1\" \/>\n<link rel=\"canonical\" href=\"https:\/\/dodo-inflatables.com\/fi\/tuote\/starter-set-suuri-huawei-15-hp\/\" \/>\n<meta name=\"twitter:label1\" content=\"Arvioitu lukuaika\" \/>\n\t<meta name=\"twitter:data1\" content=\"2 minuuttia\" \/>\n<script type=\"application\/ld+json\" class=\"yoast-schema-graph\">{\"@context\":\"https:\\\/\\\/schema.org\",\"@graph\":[{\"@type\":\"WebPage\",\"@id\":\"https:\\\/\\\/dodo-inflatables.com\\\/fi\\\/tuote\\\/starter-set-suuri-huawei-15-hp\\\/\",\"url\":\"https:\\\/\\\/dodo-inflatables.com\\\/fi\\\/tuote\\\/starter-set-suuri-huawei-15-hp\\\/\",\"name\":\"Starter Set suuri - Huawei 1,5 HP pomppulinnoille | Dodo Inflatables\",\"isPartOf\":{\"@id\":\"https:\\\/\\\/dodo-inflatables.com\\\/fi\\\/#website\"},\"primaryImageOfPage\":{\"@id\":\"https:\\\/\\\/dodo-inflatables.com\\\/fi\\\/tuote\\\/starter-set-suuri-huawei-15-hp\\\/#primaryimage\"},\"image\":{\"@id\":\"https:\\\/\\\/dodo-inflatables.com\\\/fi\\\/tuote\\\/starter-set-suuri-huawei-15-hp\\\/#primaryimage\"},\"thumbnailUrl\":\"https:\\\/\\\/dodo-inflatables.com\\\/wp-content\\\/uploads\\\/2026\\\/04\\\/Starterset-gross-huawei.png\",\"datePublished\":\"2026-04-04T11:54:46+00:00\",\"description\":\"Starter Set suuri - Huawei 1,5 HP \u2013 puhallin, maakiinnikkeet, aluspeite 5 x 6 m, turvamatot ja ilmainen tupladeflaattori. Kaikki t\u00e4ydelliseen aloitukseen pomppulinnasi kanssa.\",\"breadcrumb\":{\"@id\":\"https:\\\/\\\/dodo-inflatables.com\\\/fi\\\/tuote\\\/starter-set-suuri-huawei-15-hp\\\/#breadcrumb\"},\"inLanguage\":\"fi\",\"potentialAction\":[{\"@type\":\"ReadAction\",\"target\":[\"https:\\\/\\\/dodo-inflatables.com\\\/fi\\\/tuote\\\/starter-set-suuri-huawei-15-hp\\\/\"]}]},{\"@type\":\"ImageObject\",\"inLanguage\":\"fi\",\"@id\":\"https:\\\/\\\/dodo-inflatables.com\\\/fi\\\/tuote\\\/starter-set-suuri-huawei-15-hp\\\/#primaryimage\",\"url\":\"https:\\\/\\\/dodo-inflatables.com\\\/wp-content\\\/uploads\\\/2026\\\/04\\\/Starterset-gross-huawei.png\",\"contentUrl\":\"https:\\\/\\\/dodo-inflatables.com\\\/wp-content\\\/uploads\\\/2026\\\/04\\\/Starterset-gross-huawei.png\",\"width\":1000,\"height\":1000,\"caption\":\"Starter Set suuri - Huawei 2 HP pomppulinnoille | Dodo Inflatables\"},{\"@type\":\"BreadcrumbList\",\"@id\":\"https:\\\/\\\/dodo-inflatables.com\\\/fi\\\/tuote\\\/starter-set-suuri-huawei-15-hp\\\/#breadcrumb\",\"itemListElement\":[{\"@type\":\"ListItem\",\"position\":1,\"name\":\"Etusivu\",\"item\":\"https:\\\/\\\/dodo-inflatables.com\\\/fi\\\/\"},{\"@type\":\"ListItem\",\"position\":2,\"name\":\"Kauppa\",\"item\":\"https:\\\/\\\/dodo-inflatables.com\\\/fi\\\/kauppa\\\/\"},{\"@type\":\"ListItem\",\"position\":3,\"name\":\"Starter Set suuri &#8211; Huawei 1,5 HP\"}]},{\"@type\":\"WebSite\",\"@id\":\"https:\\\/\\\/dodo-inflatables.com\\\/fi\\\/#website\",\"url\":\"https:\\\/\\\/dodo-inflatables.com\\\/fi\\\/\",\"name\":\"dodo-inflatables.com\",\"description\":\"Osta pomppulinnoja ja n\u00e4ht\u00e4vyyksi\u00e4 myym\u00e4l\u00e4st\u00e4mme.\",\"potentialAction\":[{\"@type\":\"SearchAction\",\"target\":{\"@type\":\"EntryPoint\",\"urlTemplate\":\"https:\\\/\\\/dodo-inflatables.com\\\/fi\\\/?s={search_term_string}\"},\"query-input\":{\"@type\":\"PropertyValueSpecification\",\"valueRequired\":true,\"valueName\":\"search_term_string\"}}],\"inLanguage\":\"fi\"}]}<\/script>\n<!-- \/ Yoast SEO plugin. -->","yoast_head_json":{"title":"Starter Set suuri - Huawei 1,5 HP pomppulinnoille | Dodo Inflatables","description":"Starter Set suuri - Huawei 1,5 HP \u2013 puhallin, maakiinnikkeet, aluspeite 5 x 6 m, turvamatot ja ilmainen tupladeflaattori. Kaikki t\u00e4ydelliseen aloitukseen pomppulinnasi kanssa.","robots":{"index":"index","follow":"follow","max-snippet":"max-snippet:-1","max-image-preview":"max-image-preview:large","max-video-preview":"max-video-preview:-1"},"canonical":"https:\/\/dodo-inflatables.com\/fi\/tuote\/starter-set-suuri-huawei-15-hp\/","twitter_misc":{"Arvioitu lukuaika":"2 minuuttia"},"schema":{"@context":"https:\/\/schema.org","@graph":[{"@type":"WebPage","@id":"https:\/\/dodo-inflatables.com\/fi\/tuote\/starter-set-suuri-huawei-15-hp\/","url":"https:\/\/dodo-inflatables.com\/fi\/tuote\/starter-set-suuri-huawei-15-hp\/","name":"Starter Set suuri - Huawei 1,5 HP pomppulinnoille | Dodo Inflatables","isPartOf":{"@id":"https:\/\/dodo-inflatables.com\/fi\/#website"},"primaryImageOfPage":{"@id":"https:\/\/dodo-inflatables.com\/fi\/tuote\/starter-set-suuri-huawei-15-hp\/#primaryimage"},"image":{"@id":"https:\/\/dodo-inflatables.com\/fi\/tuote\/starter-set-suuri-huawei-15-hp\/#primaryimage"},"thumbnailUrl":"https:\/\/dodo-inflatables.com\/wp-content\/uploads\/2026\/04\/Starterset-gross-huawei.png","datePublished":"2026-04-04T11:54:46+00:00","description":"Starter Set suuri - Huawei 1,5 HP \u2013 puhallin, maakiinnikkeet, aluspeite 5 x 6 m, turvamatot ja ilmainen tupladeflaattori. Kaikki t\u00e4ydelliseen aloitukseen pomppulinnasi kanssa.","breadcrumb":{"@id":"https:\/\/dodo-inflatables.com\/fi\/tuote\/starter-set-suuri-huawei-15-hp\/#breadcrumb"},"inLanguage":"fi","potentialAction":[{"@type":"ReadAction","target":["https:\/\/dodo-inflatables.com\/fi\/tuote\/starter-set-suuri-huawei-15-hp\/"]}]},{"@type":"ImageObject","inLanguage":"fi","@id":"https:\/\/dodo-inflatables.com\/fi\/tuote\/starter-set-suuri-huawei-15-hp\/#primaryimage","url":"https:\/\/dodo-inflatables.com\/wp-content\/uploads\/2026\/04\/Starterset-gross-huawei.png","contentUrl":"https:\/\/dodo-inflatables.com\/wp-content\/uploads\/2026\/04\/Starterset-gross-huawei.png","width":1000,"height":1000,"caption":"Starter Set suuri - Huawei 2 HP pomppulinnoille | Dodo Inflatables"},{"@type":"BreadcrumbList","@id":"https:\/\/dodo-inflatables.com\/fi\/tuote\/starter-set-suuri-huawei-15-hp\/#breadcrumb","itemListElement":[{"@type":"ListItem","position":1,"name":"Etusivu","item":"https:\/\/dodo-inflatables.com\/fi\/"},{"@type":"ListItem","position":2,"name":"Kauppa","item":"https:\/\/dodo-inflatables.com\/fi\/kauppa\/"},{"@type":"ListItem","position":3,"name":"Starter Set suuri &#8211; Huawei 1,5 HP"}]},{"@type":"WebSite","@id":"https:\/\/dodo-inflatables.com\/fi\/#website","url":"https:\/\/dodo-inflatables.com\/fi\/","name":"dodo-inflatables.com","description":"Osta pomppulinnoja ja n\u00e4ht\u00e4vyyksi\u00e4 myym\u00e4l\u00e4st\u00e4mme.","potentialAction":[{"@type":"SearchAction","target":{"@type":"EntryPoint","urlTemplate":"https:\/\/dodo-inflatables.com\/fi\/?s={search_term_string}"},"query-input":{"@type":"PropertyValueSpecification","valueRequired":true,"valueName":"search_term_string"}}],"inLanguage":"fi"}]}},"uagb_featured_image_src":{"full":["https:\/\/dodo-inflatables.com\/wp-content\/uploads\/2026\/04\/Starterset-gross-huawei.png",1000,1000,false],"thumbnail":["https:\/\/dodo-inflatables.com\/wp-content\/uploads\/2026\/04\/Starterset-gross-huawei-150x150.png",150,150,true],"medium":["https:\/\/dodo-inflatables.com\/wp-content\/uploads\/2026\/04\/Starterset-gross-huawei-300x300.png",300,300,true],"medium_large":["https:\/\/dodo-inflatables.com\/wp-content\/uploads\/2026\/04\/Starterset-gross-huawei-768x768.png",768,768,true],"large":["https:\/\/dodo-inflatables.com\/wp-content\/uploads\/2026\/04\/Starterset-gross-huawei.png",1000,1000,false],"1536x1536":["https:\/\/dodo-inflatables.com\/wp-content\/uploads\/2026\/04\/Starterset-gross-huawei.png",1000,1000,false],"2048x2048":["https:\/\/dodo-inflatables.com\/wp-content\/uploads\/2026\/04\/Starterset-gross-huawei.png",1000,1000,false],"woocommerce_thumbnail":["https:\/\/dodo-inflatables.com\/wp-content\/uploads\/2026\/04\/Starterset-gross-huawei-900x900.png",900,900,true],"woocommerce_single":["https:\/\/dodo-inflatables.com\/wp-content\/uploads\/2026\/04\/Starterset-gross-huawei-900x900.png",900,900,true],"woocommerce_gallery_thumbnail":["https:\/\/dodo-inflatables.com\/wp-content\/uploads\/2026\/04\/Starterset-gross-huawei-100x100.png",100,100,true]},"uagb_author_info":{"display_name":"Andreas","author_link":"https:\/\/dodo-inflatables.com\/fi\/author\/"},"uagb_comment_info":0,"uagb_excerpt":"\u2714 T\u00e4ydellisesti yhteensopivat tarvikkeet \u2013 Kaikki mit\u00e4 tarvitset aloittamiseen yhdess\u00e4 k\u00e4yt\u00e4nn\u00f6llisess\u00e4 setiss\u00e4. \u2714 Maksimaalinen turvallisuus \u2013 Turvamattojen ansiosta sis\u00e4\u00e4n- ja ulosk\u00e4yntialueilla. \u2714 Nopea asennus ja turvallinen k\u00e4ytt\u00f6 \u2013 Tehokkaan puhaltimen ja tukevien maakiinnikkeiden ansiosta. \u2714 Pidempi k\u00e4ytt\u00f6ik\u00e4 pomppulinnallesi \u2013 Suojaavan aluspeittteen avulla. \u2714 Helpompi purkaminen \u2013 Ilmainen tupladeflaattori s\u00e4\u00e4st\u00e4\u00e4 aikaa ja vaivaa!","_links":{"self":[{"href":"https:\/\/dodo-inflatables.com\/fi\/wp-json\/wp\/v2\/product\/105684","targetHints":{"allow":["GET"]}}],"collection":[{"href":"https:\/\/dodo-inflatables.com\/fi\/wp-json\/wp\/v2\/product"}],"about":[{"href":"https:\/\/dodo-inflatables.com\/fi\/wp-json\/wp\/v2\/types\/product"}],"replies":[{"embeddable":true,"href":"https:\/\/dodo-inflatables.com\/fi\/wp-json\/wp\/v2\/comments?post=105684"}],"wp:featuredmedia":[{"embeddable":true,"href":"https:\/\/dodo-inflatables.com\/fi\/wp-json\/wp\/v2\/media\/105683"}],"wp:attachment":[{"href":"https:\/\/dodo-inflatables.com\/fi\/wp-json\/wp\/v2\/media?parent=105684"}],"wp:term":[{"taxonomy":"product_brand","embeddable":true,"href":"https:\/\/dodo-inflatables.com\/fi\/wp-json\/wp\/v2\/product_brand?post=105684"},{"taxonomy":"product_cat","embeddable":true,"href":"https:\/\/dodo-inflatables.com\/fi\/wp-json\/wp\/v2\/product_cat?post=105684"},{"taxonomy":"product_tag","embeddable":true,"href":"https:\/\/dodo-inflatables.com\/fi\/wp-json\/wp\/v2\/product_tag?post=105684"}],"curies":[{"name":"wp","href":"https:\/\/api.w.org\/{rel}","templated":true}]}}