{"id":105895,"date":"2026-04-04T13:54:45","date_gmt":"2026-04-04T11:54:45","guid":{"rendered":"https:\/\/dodo-inflatables.com\/dodo-relaunch?product=aanenvaimennin-puhaltimen-suojus-pomppulinnojen-puhaltimille"},"modified":"2026-04-04T13:54:45","modified_gmt":"2026-04-04T11:54:45","slug":"aanenvaimennin-puhaltimen-suojus-pomppulinnojen-puhaltimille","status":"publish","type":"product","link":"https:\/\/dodo-inflatables.com\/fi\/tuote\/aanenvaimennin-puhaltimen-suojus-pomppulinnojen-puhaltimille\/","title":{"rendered":"\u00c4\u00e4nenvaimennin \/ puhaltimen suojus pomppulinnojen puhaltimille"},"content":{"rendered":"<h1>Osta \u00e4\u00e4nenvaimennin \/ puhaltimen suojus pomppulinnojen puhaltimille<\/h1>\n<p>Huawei puhaltimen suojus on k\u00e4yt\u00e4nn\u00f6llinen ratkaisu melun v\u00e4hent\u00e4miseen ja pomppulinnojen puhaltimien turvalliseen suojaamiseen. Se on erityisesti kehitetty ammattik\u00e4ytt\u00f6\u00f6n ja t\u00e4ytt\u00e4\u00e4 DIN EN 14960-1:2019 vaatimukset.<br \/>\nK\u00e4ytt\u00f6melun v\u00e4hent\u00e4misen lis\u00e4ksi puhaltimen suojus varmistaa ennen kaikkea selke\u00e4n erottelun leikkialueen ja teknisen alueen v\u00e4lill\u00e4, mik\u00e4 lis\u00e4\u00e4 turvallisuutta julkisissa ja kaupallisissa ymp\u00e4rist\u00f6iss\u00e4 teht\u00e4viss\u00e4 asennuksissa.<br \/>\n<strong>Lis\u00e4\u00e4 turvallisuutta k\u00e4yt\u00f6n aikana:<\/strong><br \/>\nPuhaltimen suojus rajoittaa fyysisesti suoraa p\u00e4\u00e4sy\u00e4 puhaltimeen. Liikkuvat osat on suojattu ja lasten ulottumattomissa, mik\u00e4 on t\u00e4rke\u00e4 tekij\u00e4 turvatarkastuksissa ja vaatimustenmukaisuustarkastuksissa.<br \/>\n<strong>Melunvaimennus:<\/strong><br \/>\nPehmustetun, suljetun rakenteen ansiosta puhaltimen k\u00e4ytt\u00f6melu v\u00e4henee huomattavasti. Ideaalinen k\u00e4ytt\u00f6\u00f6n asuinalueilla, kaupunkikeskustoissa tai muissa melulle herkiss\u00e4 ymp\u00e4rist\u00f6iss\u00e4.<br \/>\n<strong>EN 14960 mukainen:<\/strong><br \/>\nPuhaltimen suojus t\u00e4ytt\u00e4\u00e4 eurooppalaisen standardin EN 14960-1:2019 keskeiset vaatimukset, mukaan lukien: pit\u00e4\u00e4 puhaltimet lasten ulottumattomissa, suojata liikkuvat osat ja varmistaa selke\u00e4 erottelu leikkialueen ja teknisen alueen v\u00e4lill\u00e4.<br \/>\n<strong>Kest\u00e4v\u00e4 ja s\u00e4\u00e4kest\u00e4v\u00e4:<\/strong><br \/>\nSuojus on palonkest\u00e4v\u00e4 ja vedenpit\u00e4v\u00e4 ja on suunniteltu intensiiviseen ammattik\u00e4ytt\u00f6\u00f6n. Se tarjoaa my\u00f6s lis\u00e4suojaa puhaltimelle ulkoisia vaikutuksia vastaan.<br \/>\n<strong>Helppo asennus:<\/strong><br \/>\nPuhaltimen suojus voidaan asentaa ja poistaa nopeasti. T\u00e4m\u00e4 helpottaa huoltoa, visuaalisia tarkastuksia ja inspektioita.<\/p>\n<h3>\u00c4\u00e4nenvaimennin \/ puhaltimen suojuksen tiedot<\/h3>\n<ul>\n<li class=\"p1\">Mitat (P \u00d7 L \u00d7 K): noin 50 \u00d7 63 \u00d7 54 cm<\/li>\n<li class=\"p1\">Paino: noin 2,4 kg<\/li>\n<li class=\"p1\">Pakatut mitat: noin 50 \u00d7 100 \u00d7 15 cm<\/li>\n<\/ul>\n","protected":false},"excerpt":{"rendered":"<ul>\n<li class=\"p1\">Mitat (P \u00d7 L \u00d7 K): noin 50 \u00d7 63 \u00d7 54 cm<\/li>\n<li class=\"p1\">Paino: noin 2,4 kg<\/li>\n<li class=\"p1\">Pakatut mitat: noin 50 \u00d7 100 \u00d7 15 cm<\/li>\n<\/ul>\n","protected":false},"featured_media":105890,"comment_status":"open","ping_status":"closed","template":"","meta":{"_acf_changed":false,"_uag_custom_page_level_css":"","site-sidebar-layout":"default","site-content-layout":"boxed-container","ast-site-content-layout":"normal-width-container","site-content-style":"boxed","site-sidebar-style":"default","ast-global-header-display":"","ast-banner-title-visibility":"","ast-main-header-display":"","ast-hfb-above-header-display":"","ast-hfb-below-header-display":"","ast-hfb-mobile-header-display":"","site-post-title":"disabled","ast-breadcrumbs-content":"","ast-featured-img":"","footer-sml-layout":"","ast-disable-related-posts":"","theme-transparent-header-meta":"default","adv-header-id-meta":"","stick-header-meta":"default","header-above-stick-meta":"","header-main-stick-meta":"","header-below-stick-meta":"","astra-migrate-meta-layouts":"default","ast-page-background-enabled":"default","ast-page-background-meta":{"desktop":{"background-color":"var(--ast-global-color-4)","background-image":"","background-repeat":"repeat","background-position":"center center","background-size":"auto","background-attachment":"scroll","background-type":"","background-media":"","overlay-type":"","overlay-color":"","overlay-opacity":"","overlay-gradient":""},"tablet":{"background-color":"","background-image":"","background-repeat":"repeat","background-position":"center center","background-size":"auto","background-attachment":"scroll","background-type":"","background-media":"","overlay-type":"","overlay-color":"","overlay-opacity":"","overlay-gradient":""},"mobile":{"background-color":"","background-image":"","background-repeat":"repeat","background-position":"center center","background-size":"auto","background-attachment":"scroll","background-type":"","background-media":"","overlay-type":"","overlay-color":"","overlay-opacity":"","overlay-gradient":""}},"ast-content-background-meta":{"desktop":{"background-color":"var(--ast-global-color-5)","background-image":"","background-repeat":"repeat","background-position":"center center","background-size":"auto","background-attachment":"scroll","background-type":"","background-media":"","overlay-type":"","overlay-color":"","overlay-opacity":"","overlay-gradient":""},"tablet":{"background-color":"var(--ast-global-color-5)","background-image":"","background-repeat":"repeat","background-position":"center center","background-size":"auto","background-attachment":"scroll","background-type":"","background-media":"","overlay-type":"","overlay-color":"","overlay-opacity":"","overlay-gradient":""},"mobile":{"background-color":"var(--ast-global-color-5)","background-image":"","background-repeat":"repeat","background-position":"center center","background-size":"auto","background-attachment":"scroll","background-type":"","background-media":"","overlay-type":"","overlay-color":"","overlay-opacity":"","overlay-gradient":""}}},"product_brand":[],"product_cat":[2058],"product_tag":[],"class_list":{"0":"post-105895","1":"product","2":"type-product","3":"status-publish","4":"has-post-thumbnail","6":"product_cat-tarvikkeet","7":"product_shipping_class-zubehor-fi","8":"desktop-align-center","9":"tablet-align-center","10":"mobile-align-center","11":"ast-product-gallery-layout-horizontal","12":"ast-product-tabs-layout-horizontal","14":"first","15":"instock","16":"taxable","17":"shipping-taxable","18":"purchasable","19":"product-type-simple"},"acf":[],"yoast_head":"<!-- This site is optimized with the Yoast SEO plugin v27.5 - https:\/\/yoast.com\/product\/yoast-seo-wordpress\/ -->\n<title>\u00c4\u00e4nenvaimennin \/ puhaltimen suojus pomppulinnojen puhaltimille | Dodo Inflatables<\/title>\n<meta name=\"description\" content=\"\u00c4\u00e4nenvaimennin \/ puhaltimen suojus pomppulinnojen puhaltimille \u2013 EN 14960-1:2019 mukainen, palonkest\u00e4v\u00e4 ja vedenpit\u00e4v\u00e4, v\u00e4hent\u00e4\u00e4 melua. Mitat noin 50 \u00d7 63 \u00d7 54 cm, paino noin 2,4 kg.\" \/>\n<meta name=\"robots\" content=\"index, follow, max-snippet:-1, max-image-preview:large, max-video-preview:-1\" \/>\n<link rel=\"canonical\" href=\"https:\/\/dodo-inflatables.com\/fi\/tuote\/aanenvaimennin-puhaltimen-suojus-pomppulinnojen-puhaltimille\/\" \/>\n<meta name=\"twitter:label1\" content=\"Arvioitu lukuaika\" \/>\n\t<meta name=\"twitter:data1\" content=\"1 minuutti\" \/>\n<script type=\"application\/ld+json\" class=\"yoast-schema-graph\">{\"@context\":\"https:\\\/\\\/schema.org\",\"@graph\":[{\"@type\":\"WebPage\",\"@id\":\"https:\\\/\\\/dodo-inflatables.com\\\/fi\\\/tuote\\\/aanenvaimennin-puhaltimen-suojus-pomppulinnojen-puhaltimille\\\/\",\"url\":\"https:\\\/\\\/dodo-inflatables.com\\\/fi\\\/tuote\\\/aanenvaimennin-puhaltimen-suojus-pomppulinnojen-puhaltimille\\\/\",\"name\":\"\u00c4\u00e4nenvaimennin \\\/ puhaltimen suojus pomppulinnojen puhaltimille | Dodo Inflatables\",\"isPartOf\":{\"@id\":\"https:\\\/\\\/dodo-inflatables.com\\\/fi\\\/#website\"},\"primaryImageOfPage\":{\"@id\":\"https:\\\/\\\/dodo-inflatables.com\\\/fi\\\/tuote\\\/aanenvaimennin-puhaltimen-suojus-pomppulinnojen-puhaltimille\\\/#primaryimage\"},\"image\":{\"@id\":\"https:\\\/\\\/dodo-inflatables.com\\\/fi\\\/tuote\\\/aanenvaimennin-puhaltimen-suojus-pomppulinnojen-puhaltimille\\\/#primaryimage\"},\"thumbnailUrl\":\"https:\\\/\\\/dodo-inflatables.com\\\/wp-content\\\/uploads\\\/2026\\\/04\\\/Huawei-Schalldaemper-Blower-Cover-Huepfburgen-Geblaese-1.jpg\",\"datePublished\":\"2026-04-04T11:54:45+00:00\",\"description\":\"\u00c4\u00e4nenvaimennin \\\/ puhaltimen suojus pomppulinnojen puhaltimille \u2013 EN 14960-1:2019 mukainen, palonkest\u00e4v\u00e4 ja vedenpit\u00e4v\u00e4, v\u00e4hent\u00e4\u00e4 melua. Mitat noin 50 \u00d7 63 \u00d7 54 cm, paino noin 2,4 kg.\",\"breadcrumb\":{\"@id\":\"https:\\\/\\\/dodo-inflatables.com\\\/fi\\\/tuote\\\/aanenvaimennin-puhaltimen-suojus-pomppulinnojen-puhaltimille\\\/#breadcrumb\"},\"inLanguage\":\"fi\",\"potentialAction\":[{\"@type\":\"ReadAction\",\"target\":[\"https:\\\/\\\/dodo-inflatables.com\\\/fi\\\/tuote\\\/aanenvaimennin-puhaltimen-suojus-pomppulinnojen-puhaltimille\\\/\"]}]},{\"@type\":\"ImageObject\",\"inLanguage\":\"fi\",\"@id\":\"https:\\\/\\\/dodo-inflatables.com\\\/fi\\\/tuote\\\/aanenvaimennin-puhaltimen-suojus-pomppulinnojen-puhaltimille\\\/#primaryimage\",\"url\":\"https:\\\/\\\/dodo-inflatables.com\\\/wp-content\\\/uploads\\\/2026\\\/04\\\/Huawei-Schalldaemper-Blower-Cover-Huepfburgen-Geblaese-1.jpg\",\"contentUrl\":\"https:\\\/\\\/dodo-inflatables.com\\\/wp-content\\\/uploads\\\/2026\\\/04\\\/Huawei-Schalldaemper-Blower-Cover-Huepfburgen-Geblaese-1.jpg\",\"width\":700,\"height\":700,\"caption\":\"\u00c4\u00e4nenvaimennin \\\/ puhaltimen suojus pomppulinnojen puhaltimille | Dodo Inflatables\"},{\"@type\":\"BreadcrumbList\",\"@id\":\"https:\\\/\\\/dodo-inflatables.com\\\/fi\\\/tuote\\\/aanenvaimennin-puhaltimen-suojus-pomppulinnojen-puhaltimille\\\/#breadcrumb\",\"itemListElement\":[{\"@type\":\"ListItem\",\"position\":1,\"name\":\"Etusivu\",\"item\":\"https:\\\/\\\/dodo-inflatables.com\\\/fi\\\/\"},{\"@type\":\"ListItem\",\"position\":2,\"name\":\"Kauppa\",\"item\":\"https:\\\/\\\/dodo-inflatables.com\\\/fi\\\/kauppa\\\/\"},{\"@type\":\"ListItem\",\"position\":3,\"name\":\"\u00c4\u00e4nenvaimennin \\\/ puhaltimen suojus pomppulinnojen puhaltimille\"}]},{\"@type\":\"WebSite\",\"@id\":\"https:\\\/\\\/dodo-inflatables.com\\\/fi\\\/#website\",\"url\":\"https:\\\/\\\/dodo-inflatables.com\\\/fi\\\/\",\"name\":\"dodo-inflatables.com\",\"description\":\"Osta pomppulinnoja ja n\u00e4ht\u00e4vyyksi\u00e4 myym\u00e4l\u00e4st\u00e4mme.\",\"potentialAction\":[{\"@type\":\"SearchAction\",\"target\":{\"@type\":\"EntryPoint\",\"urlTemplate\":\"https:\\\/\\\/dodo-inflatables.com\\\/fi\\\/?s={search_term_string}\"},\"query-input\":{\"@type\":\"PropertyValueSpecification\",\"valueRequired\":true,\"valueName\":\"search_term_string\"}}],\"inLanguage\":\"fi\"}]}<\/script>\n<!-- \/ Yoast SEO plugin. -->","yoast_head_json":{"title":"\u00c4\u00e4nenvaimennin \/ puhaltimen suojus pomppulinnojen puhaltimille | Dodo Inflatables","description":"\u00c4\u00e4nenvaimennin \/ puhaltimen suojus pomppulinnojen puhaltimille \u2013 EN 14960-1:2019 mukainen, palonkest\u00e4v\u00e4 ja vedenpit\u00e4v\u00e4, v\u00e4hent\u00e4\u00e4 melua. Mitat noin 50 \u00d7 63 \u00d7 54 cm, paino noin 2,4 kg.","robots":{"index":"index","follow":"follow","max-snippet":"max-snippet:-1","max-image-preview":"max-image-preview:large","max-video-preview":"max-video-preview:-1"},"canonical":"https:\/\/dodo-inflatables.com\/fi\/tuote\/aanenvaimennin-puhaltimen-suojus-pomppulinnojen-puhaltimille\/","twitter_misc":{"Arvioitu lukuaika":"1 minuutti"},"schema":{"@context":"https:\/\/schema.org","@graph":[{"@type":"WebPage","@id":"https:\/\/dodo-inflatables.com\/fi\/tuote\/aanenvaimennin-puhaltimen-suojus-pomppulinnojen-puhaltimille\/","url":"https:\/\/dodo-inflatables.com\/fi\/tuote\/aanenvaimennin-puhaltimen-suojus-pomppulinnojen-puhaltimille\/","name":"\u00c4\u00e4nenvaimennin \/ puhaltimen suojus pomppulinnojen puhaltimille | Dodo Inflatables","isPartOf":{"@id":"https:\/\/dodo-inflatables.com\/fi\/#website"},"primaryImageOfPage":{"@id":"https:\/\/dodo-inflatables.com\/fi\/tuote\/aanenvaimennin-puhaltimen-suojus-pomppulinnojen-puhaltimille\/#primaryimage"},"image":{"@id":"https:\/\/dodo-inflatables.com\/fi\/tuote\/aanenvaimennin-puhaltimen-suojus-pomppulinnojen-puhaltimille\/#primaryimage"},"thumbnailUrl":"https:\/\/dodo-inflatables.com\/wp-content\/uploads\/2026\/04\/Huawei-Schalldaemper-Blower-Cover-Huepfburgen-Geblaese-1.jpg","datePublished":"2026-04-04T11:54:45+00:00","description":"\u00c4\u00e4nenvaimennin \/ puhaltimen suojus pomppulinnojen puhaltimille \u2013 EN 14960-1:2019 mukainen, palonkest\u00e4v\u00e4 ja vedenpit\u00e4v\u00e4, v\u00e4hent\u00e4\u00e4 melua. Mitat noin 50 \u00d7 63 \u00d7 54 cm, paino noin 2,4 kg.","breadcrumb":{"@id":"https:\/\/dodo-inflatables.com\/fi\/tuote\/aanenvaimennin-puhaltimen-suojus-pomppulinnojen-puhaltimille\/#breadcrumb"},"inLanguage":"fi","potentialAction":[{"@type":"ReadAction","target":["https:\/\/dodo-inflatables.com\/fi\/tuote\/aanenvaimennin-puhaltimen-suojus-pomppulinnojen-puhaltimille\/"]}]},{"@type":"ImageObject","inLanguage":"fi","@id":"https:\/\/dodo-inflatables.com\/fi\/tuote\/aanenvaimennin-puhaltimen-suojus-pomppulinnojen-puhaltimille\/#primaryimage","url":"https:\/\/dodo-inflatables.com\/wp-content\/uploads\/2026\/04\/Huawei-Schalldaemper-Blower-Cover-Huepfburgen-Geblaese-1.jpg","contentUrl":"https:\/\/dodo-inflatables.com\/wp-content\/uploads\/2026\/04\/Huawei-Schalldaemper-Blower-Cover-Huepfburgen-Geblaese-1.jpg","width":700,"height":700,"caption":"\u00c4\u00e4nenvaimennin \/ puhaltimen suojus pomppulinnojen puhaltimille | Dodo Inflatables"},{"@type":"BreadcrumbList","@id":"https:\/\/dodo-inflatables.com\/fi\/tuote\/aanenvaimennin-puhaltimen-suojus-pomppulinnojen-puhaltimille\/#breadcrumb","itemListElement":[{"@type":"ListItem","position":1,"name":"Etusivu","item":"https:\/\/dodo-inflatables.com\/fi\/"},{"@type":"ListItem","position":2,"name":"Kauppa","item":"https:\/\/dodo-inflatables.com\/fi\/kauppa\/"},{"@type":"ListItem","position":3,"name":"\u00c4\u00e4nenvaimennin \/ puhaltimen suojus pomppulinnojen puhaltimille"}]},{"@type":"WebSite","@id":"https:\/\/dodo-inflatables.com\/fi\/#website","url":"https:\/\/dodo-inflatables.com\/fi\/","name":"dodo-inflatables.com","description":"Osta pomppulinnoja ja n\u00e4ht\u00e4vyyksi\u00e4 myym\u00e4l\u00e4st\u00e4mme.","potentialAction":[{"@type":"SearchAction","target":{"@type":"EntryPoint","urlTemplate":"https:\/\/dodo-inflatables.com\/fi\/?s={search_term_string}"},"query-input":{"@type":"PropertyValueSpecification","valueRequired":true,"valueName":"search_term_string"}}],"inLanguage":"fi"}]}},"uagb_featured_image_src":{"full":["https:\/\/dodo-inflatables.com\/wp-content\/uploads\/2026\/04\/Huawei-Schalldaemper-Blower-Cover-Huepfburgen-Geblaese-1.jpg",700,700,false],"thumbnail":["https:\/\/dodo-inflatables.com\/wp-content\/uploads\/2026\/04\/Huawei-Schalldaemper-Blower-Cover-Huepfburgen-Geblaese-1-150x150.jpg",150,150,true],"medium":["https:\/\/dodo-inflatables.com\/wp-content\/uploads\/2026\/04\/Huawei-Schalldaemper-Blower-Cover-Huepfburgen-Geblaese-1-300x300.jpg",300,300,true],"medium_large":["https:\/\/dodo-inflatables.com\/wp-content\/uploads\/2026\/04\/Huawei-Schalldaemper-Blower-Cover-Huepfburgen-Geblaese-1.jpg",700,700,false],"large":["https:\/\/dodo-inflatables.com\/wp-content\/uploads\/2026\/04\/Huawei-Schalldaemper-Blower-Cover-Huepfburgen-Geblaese-1.jpg",700,700,false],"1536x1536":["https:\/\/dodo-inflatables.com\/wp-content\/uploads\/2026\/04\/Huawei-Schalldaemper-Blower-Cover-Huepfburgen-Geblaese-1.jpg",700,700,false],"2048x2048":["https:\/\/dodo-inflatables.com\/wp-content\/uploads\/2026\/04\/Huawei-Schalldaemper-Blower-Cover-Huepfburgen-Geblaese-1.jpg",700,700,false],"woocommerce_thumbnail":["https:\/\/dodo-inflatables.com\/wp-content\/uploads\/2026\/04\/Huawei-Schalldaemper-Blower-Cover-Huepfburgen-Geblaese-1.jpg",700,700,false],"woocommerce_single":["https:\/\/dodo-inflatables.com\/wp-content\/uploads\/2026\/04\/Huawei-Schalldaemper-Blower-Cover-Huepfburgen-Geblaese-1.jpg",700,700,false],"woocommerce_gallery_thumbnail":["https:\/\/dodo-inflatables.com\/wp-content\/uploads\/2026\/04\/Huawei-Schalldaemper-Blower-Cover-Huepfburgen-Geblaese-1-100x100.jpg",100,100,true]},"uagb_author_info":{"display_name":"Andreas","author_link":"https:\/\/dodo-inflatables.com\/fi\/author\/"},"uagb_comment_info":0,"uagb_excerpt":"Mitat (P \u00d7 L \u00d7 K): noin 50 \u00d7 63 \u00d7 54 cm Paino: noin 2,4 kg Pakatut mitat: noin 50 \u00d7 100 \u00d7 15 cm","_links":{"self":[{"href":"https:\/\/dodo-inflatables.com\/fi\/wp-json\/wp\/v2\/product\/105895","targetHints":{"allow":["GET"]}}],"collection":[{"href":"https:\/\/dodo-inflatables.com\/fi\/wp-json\/wp\/v2\/product"}],"about":[{"href":"https:\/\/dodo-inflatables.com\/fi\/wp-json\/wp\/v2\/types\/product"}],"replies":[{"embeddable":true,"href":"https:\/\/dodo-inflatables.com\/fi\/wp-json\/wp\/v2\/comments?post=105895"}],"wp:featuredmedia":[{"embeddable":true,"href":"https:\/\/dodo-inflatables.com\/fi\/wp-json\/wp\/v2\/media\/105890"}],"wp:attachment":[{"href":"https:\/\/dodo-inflatables.com\/fi\/wp-json\/wp\/v2\/media?parent=105895"}],"wp:term":[{"taxonomy":"product_brand","embeddable":true,"href":"https:\/\/dodo-inflatables.com\/fi\/wp-json\/wp\/v2\/product_brand?post=105895"},{"taxonomy":"product_cat","embeddable":true,"href":"https:\/\/dodo-inflatables.com\/fi\/wp-json\/wp\/v2\/product_cat?post=105895"},{"taxonomy":"product_tag","embeddable":true,"href":"https:\/\/dodo-inflatables.com\/fi\/wp-json\/wp\/v2\/product_tag?post=105895"}],"curies":[{"name":"wp","href":"https:\/\/api.w.org\/{rel}","templated":true}]}}