{"id":18050,"date":"2017-01-06T20:48:21","date_gmt":"2017-01-06T19:48:21","guid":{"rendered":"https:\/\/dodo-inflatables.com\/product\/hiekkasakki-painotusta-varten\/"},"modified":"2026-04-23T08:21:00","modified_gmt":"2026-04-23T06:21:00","slug":"hiekkasakki-painotusta-varten","status":"publish","type":"product","link":"https:\/\/dodo-inflatables.com\/fi\/tuote\/hiekkasakki-painotusta-varten\/","title":{"rendered":"Hiekkas\u00e4kit pomppulinnojen painottamiseen"},"content":{"rendered":"<h2 class=\"p1\">Osta hiekkas\u00e4kit pomppulinnojen painottamiseen<\/h2>\n<p class=\"p1\">Hiekkas\u00e4kkimme ovat joustava ja hyv\u00e4ksi havaittu ratkaisu pomppulinnojen ja t\u00e4ytett\u00e4vien tapahtumamoduulien painottamiseen \u2013 erityisesti silloin, kun maakiinnikkeit\u00e4 ei voida k\u00e4ytt\u00e4\u00e4 alustan vuoksi, esimerkiksi asfaltilla, betonilla tai sis\u00e4tiloissa.<br \/>\nTarpeidesi mukaan s\u00e4kit voidaan t\u00e4ytt\u00e4\u00e4 hiekalla tai vastaavalla irtomateriaalilla ja kiinnitt\u00e4\u00e4 sitten turvallisesti pomppulinnaan integroitujen D-renkaiden avulla. T\u00e4m\u00e4 mahdollistaa pomppulinnojen nopean, yksil\u00f6llisen ja asennuspaikan mukaisen painottamisen.<br \/>\n\ud83d\udc49\ud83c\udffc <i>Saavutettava paino riippuu k\u00e4ytetyst\u00e4 t\u00e4ytt\u00f6materiaalista ja t\u00e4ytt\u00f6tasosta ja on tyypillisesti noin 25\u201330 kg.<\/i><\/p>\n<p class=\"p3\"><b>Joustava t\u00e4ytt\u00f6: <\/b>Hiekkas\u00e4kit voidaan t\u00e4ytt\u00e4\u00e4 etuk\u00e4teen tai suoraan paikan p\u00e4\u00e4ll\u00e4. T\u00e4m\u00e4 mahdollistaa painon s\u00e4\u00e4t\u00e4misen sijainnin, s\u00e4\u00e4olosuhteiden ja t\u00e4ytett\u00e4v\u00e4n konstruktion koon mukaan.<\/p>\n<p class=\"p3\"><b>Muokattava painotus: <\/b>Toisin kuin vesis\u00e4keiss\u00e4, hiekkas\u00e4kkien paino voidaan valita vapaasti. T\u00e4m\u00e4 tekee niist\u00e4 erityisen sopivia sovelluksiin, joissa standardinmukaista painolastia ei v\u00e4ltt\u00e4m\u00e4tt\u00e4 tarvita tai joissa painoa on s\u00e4\u00e4dett\u00e4v\u00e4 yksil\u00f6llisesti.<\/p>\n<p class=\"p3\"><b>Helppo kiinnitys: <\/b>Tukevat D-renkaat mahdollistavat hiekkas\u00e4kkien turvallisen kiinnitt\u00e4misen pomppulinnan ankkurointipisteisiin remmeill\u00e4 tai k\u00f6ysill\u00e4.<\/p>\n<p class=\"p3\"><b>Kest\u00e4v\u00e4 ja pitk\u00e4ik\u00e4inen: <\/b>Kest\u00e4v\u00e4 materiaali on suunniteltu s\u00e4\u00e4nn\u00f6lliseen k\u00e4ytt\u00f6\u00f6n tapahtuma- ja vuokrausyrityksiss\u00e4 ja kest\u00e4\u00e4 hyvin tihe\u00e4\u00e4 t\u00e4ytt\u00e4mist\u00e4 ja kuljetusta.<\/p>\n<p>&nbsp;<br \/>\n<strong>Hiekkas\u00e4kkien tiedot<\/strong><\/p>\n<ul>\n<li>Mitat (P x L): n. 50 cm x 50 cm<\/li>\n<li class=\"p1\">Kiinnitys: tukevat D-renkaat<\/li>\n<li class=\"p1\">T\u00e4ytt\u00f6: hiekka tai vastaava irtomateriaali<\/li>\n<\/ul>\n<p>&nbsp;<br \/>\nInfo: Hinta per hiekkas\u00e4kki.<\/p>\n","protected":false},"excerpt":{"rendered":"<ul>\n<li>Mitat (P x L): n. 50 cm x 50 cm<\/li>\n<li class=\"p1\">Kiinnitys: tukevat D-renkaat<\/li>\n<li class=\"p1\">T\u00e4ytt\u00f6: hiekka tai vastaava irtomateriaali<\/li>\n<\/ul>\n","protected":false},"featured_media":18052,"comment_status":"open","ping_status":"closed","template":"","meta":{"_acf_changed":false,"_uag_custom_page_level_css":"","site-sidebar-layout":"default","site-content-layout":"boxed-container","ast-site-content-layout":"normal-width-container","site-content-style":"boxed","site-sidebar-style":"boxed","ast-global-header-display":"","ast-banner-title-visibility":"","ast-main-header-display":"","ast-hfb-above-header-display":"","ast-hfb-below-header-display":"","ast-hfb-mobile-header-display":"","site-post-title":"disabled","ast-breadcrumbs-content":"","ast-featured-img":"","footer-sml-layout":"","ast-disable-related-posts":"","theme-transparent-header-meta":"default","adv-header-id-meta":"","stick-header-meta":"default","header-above-stick-meta":"","header-main-stick-meta":"","header-below-stick-meta":"","astra-migrate-meta-layouts":"default","ast-page-background-enabled":"default","ast-page-background-meta":{"desktop":{"background-color":"var(--ast-global-color-4)","background-image":"","background-repeat":"repeat","background-position":"center center","background-size":"auto","background-attachment":"scroll","background-type":"","background-media":"","overlay-type":"","overlay-color":"","overlay-opacity":"","overlay-gradient":""},"tablet":{"background-color":"","background-image":"","background-repeat":"repeat","background-position":"center center","background-size":"auto","background-attachment":"scroll","background-type":"","background-media":"","overlay-type":"","overlay-color":"","overlay-opacity":"","overlay-gradient":""},"mobile":{"background-color":"","background-image":"","background-repeat":"repeat","background-position":"center center","background-size":"auto","background-attachment":"scroll","background-type":"","background-media":"","overlay-type":"","overlay-color":"","overlay-opacity":"","overlay-gradient":""}},"ast-content-background-meta":{"desktop":{"background-color":"var(--ast-global-color-5)","background-image":"","background-repeat":"repeat","background-position":"center center","background-size":"auto","background-attachment":"scroll","background-type":"","background-media":"","overlay-type":"","overlay-color":"","overlay-opacity":"","overlay-gradient":""},"tablet":{"background-color":"var(--ast-global-color-5)","background-image":"","background-repeat":"repeat","background-position":"center center","background-size":"auto","background-attachment":"scroll","background-type":"","background-media":"","overlay-type":"","overlay-color":"","overlay-opacity":"","overlay-gradient":""},"mobile":{"background-color":"var(--ast-global-color-5)","background-image":"","background-repeat":"repeat","background-position":"center center","background-size":"auto","background-attachment":"scroll","background-type":"","background-media":"","overlay-type":"","overlay-color":"","overlay-opacity":"","overlay-gradient":""}}},"product_brand":[],"product_cat":[2058],"product_tag":[],"class_list":{"0":"post-18050","1":"product","2":"type-product","3":"status-publish","4":"has-post-thumbnail","6":"product_cat-tarvikkeet","7":"product_shipping_class-zubehor-fi","8":"desktop-align-center","9":"tablet-align-center","10":"mobile-align-center","11":"ast-product-gallery-layout-horizontal","12":"ast-product-gallery-with-no-image","13":"ast-product-tabs-layout-horizontal","15":"first","16":"instock","17":"taxable","18":"shipping-taxable","19":"purchasable","20":"product-type-simple"},"acf":[],"yoast_head":"<!-- This site is optimized with the Yoast SEO plugin v27.5 - https:\/\/yoast.com\/product\/yoast-seo-wordpress\/ -->\n<title>Osta Hiekkas\u00e4kit Painotus Puhallettavat | Dodo-Inflatables.com<\/title>\n<meta name=\"description\" content=\"Osta k\u00e4yt\u00e4nn\u00f6llisi\u00e4 hiekkas\u00e4kkej\u00e4 ilmat\u00e4ytteisten pelastuslaitteiden painoksi suoraan verkossa Dodo-Inflatables.comista | Suuri valikoima varastossa | Sertifioitu EN14960 |\" \/>\n<meta name=\"robots\" content=\"index, follow, max-snippet:-1, max-image-preview:large, max-video-preview:-1\" \/>\n<link rel=\"canonical\" href=\"https:\/\/dodo-inflatables.com\/fi\/tuote\/hiekkasakki-painotusta-varten\/\" \/>\n<meta name=\"twitter:label1\" content=\"Arvioitu lukuaika\" \/>\n\t<meta name=\"twitter:data1\" content=\"1 minuutti\" \/>\n<script type=\"application\/ld+json\" class=\"yoast-schema-graph\">{\"@context\":\"https:\\\/\\\/schema.org\",\"@graph\":[{\"@type\":\"WebPage\",\"@id\":\"https:\\\/\\\/dodo-inflatables.com\\\/fi\\\/tuote\\\/hiekkasakki-painotusta-varten\\\/\",\"url\":\"https:\\\/\\\/dodo-inflatables.com\\\/fi\\\/tuote\\\/hiekkasakki-painotusta-varten\\\/\",\"name\":\"Osta Hiekkas\u00e4kit Painotus Puhallettavat | Dodo-Inflatables.com\",\"isPartOf\":{\"@id\":\"https:\\\/\\\/dodo-inflatables.com\\\/fi\\\/#website\"},\"primaryImageOfPage\":{\"@id\":\"https:\\\/\\\/dodo-inflatables.com\\\/fi\\\/tuote\\\/hiekkasakki-painotusta-varten\\\/#primaryimage\"},\"image\":{\"@id\":\"https:\\\/\\\/dodo-inflatables.com\\\/fi\\\/tuote\\\/hiekkasakki-painotusta-varten\\\/#primaryimage\"},\"thumbnailUrl\":\"https:\\\/\\\/dodo-inflatables.com\\\/wp-content\\\/uploads\\\/2017\\\/01\\\/sandsack-beschwerung-hupfburg-kaufen.png\",\"datePublished\":\"2017-01-06T19:48:21+00:00\",\"dateModified\":\"2026-04-23T06:21:00+00:00\",\"description\":\"Osta k\u00e4yt\u00e4nn\u00f6llisi\u00e4 hiekkas\u00e4kkej\u00e4 ilmat\u00e4ytteisten pelastuslaitteiden painoksi suoraan verkossa Dodo-Inflatables.comista | Suuri valikoima varastossa | Sertifioitu EN14960 |\",\"breadcrumb\":{\"@id\":\"https:\\\/\\\/dodo-inflatables.com\\\/fi\\\/tuote\\\/hiekkasakki-painotusta-varten\\\/#breadcrumb\"},\"inLanguage\":\"fi\",\"potentialAction\":[{\"@type\":\"ReadAction\",\"target\":[\"https:\\\/\\\/dodo-inflatables.com\\\/fi\\\/tuote\\\/hiekkasakki-painotusta-varten\\\/\"]}]},{\"@type\":\"ImageObject\",\"inLanguage\":\"fi\",\"@id\":\"https:\\\/\\\/dodo-inflatables.com\\\/fi\\\/tuote\\\/hiekkasakki-painotusta-varten\\\/#primaryimage\",\"url\":\"https:\\\/\\\/dodo-inflatables.com\\\/wp-content\\\/uploads\\\/2017\\\/01\\\/sandsack-beschwerung-hupfburg-kaufen.png\",\"contentUrl\":\"https:\\\/\\\/dodo-inflatables.com\\\/wp-content\\\/uploads\\\/2017\\\/01\\\/sandsack-beschwerung-hupfburg-kaufen.png\",\"width\":600,\"height\":500},{\"@type\":\"BreadcrumbList\",\"@id\":\"https:\\\/\\\/dodo-inflatables.com\\\/fi\\\/tuote\\\/hiekkasakki-painotusta-varten\\\/#breadcrumb\",\"itemListElement\":[{\"@type\":\"ListItem\",\"position\":1,\"name\":\"Etusivu\",\"item\":\"https:\\\/\\\/dodo-inflatables.com\\\/fi\\\/\"},{\"@type\":\"ListItem\",\"position\":2,\"name\":\"Kauppa\",\"item\":\"https:\\\/\\\/dodo-inflatables.com\\\/fi\\\/kauppa\\\/\"},{\"@type\":\"ListItem\",\"position\":3,\"name\":\"Hiekkas\u00e4kki painotusta varten\"}]},{\"@type\":\"WebSite\",\"@id\":\"https:\\\/\\\/dodo-inflatables.com\\\/fi\\\/#website\",\"url\":\"https:\\\/\\\/dodo-inflatables.com\\\/fi\\\/\",\"name\":\"dodo-inflatables.com\",\"description\":\"Osta pomppulinnoja ja n\u00e4ht\u00e4vyyksi\u00e4 myym\u00e4l\u00e4st\u00e4mme.\",\"potentialAction\":[{\"@type\":\"SearchAction\",\"target\":{\"@type\":\"EntryPoint\",\"urlTemplate\":\"https:\\\/\\\/dodo-inflatables.com\\\/fi\\\/?s={search_term_string}\"},\"query-input\":{\"@type\":\"PropertyValueSpecification\",\"valueRequired\":true,\"valueName\":\"search_term_string\"}}],\"inLanguage\":\"fi\"}]}<\/script>\n<!-- \/ Yoast SEO plugin. -->","yoast_head_json":{"title":"Osta Hiekkas\u00e4kit Painotus Puhallettavat | Dodo-Inflatables.com","description":"Osta k\u00e4yt\u00e4nn\u00f6llisi\u00e4 hiekkas\u00e4kkej\u00e4 ilmat\u00e4ytteisten pelastuslaitteiden painoksi suoraan verkossa Dodo-Inflatables.comista | Suuri valikoima varastossa | Sertifioitu EN14960 |","robots":{"index":"index","follow":"follow","max-snippet":"max-snippet:-1","max-image-preview":"max-image-preview:large","max-video-preview":"max-video-preview:-1"},"canonical":"https:\/\/dodo-inflatables.com\/fi\/tuote\/hiekkasakki-painotusta-varten\/","twitter_misc":{"Arvioitu lukuaika":"1 minuutti"},"schema":{"@context":"https:\/\/schema.org","@graph":[{"@type":"WebPage","@id":"https:\/\/dodo-inflatables.com\/fi\/tuote\/hiekkasakki-painotusta-varten\/","url":"https:\/\/dodo-inflatables.com\/fi\/tuote\/hiekkasakki-painotusta-varten\/","name":"Osta Hiekkas\u00e4kit Painotus Puhallettavat | Dodo-Inflatables.com","isPartOf":{"@id":"https:\/\/dodo-inflatables.com\/fi\/#website"},"primaryImageOfPage":{"@id":"https:\/\/dodo-inflatables.com\/fi\/tuote\/hiekkasakki-painotusta-varten\/#primaryimage"},"image":{"@id":"https:\/\/dodo-inflatables.com\/fi\/tuote\/hiekkasakki-painotusta-varten\/#primaryimage"},"thumbnailUrl":"https:\/\/dodo-inflatables.com\/wp-content\/uploads\/2017\/01\/sandsack-beschwerung-hupfburg-kaufen.png","datePublished":"2017-01-06T19:48:21+00:00","dateModified":"2026-04-23T06:21:00+00:00","description":"Osta k\u00e4yt\u00e4nn\u00f6llisi\u00e4 hiekkas\u00e4kkej\u00e4 ilmat\u00e4ytteisten pelastuslaitteiden painoksi suoraan verkossa Dodo-Inflatables.comista | Suuri valikoima varastossa | Sertifioitu EN14960 |","breadcrumb":{"@id":"https:\/\/dodo-inflatables.com\/fi\/tuote\/hiekkasakki-painotusta-varten\/#breadcrumb"},"inLanguage":"fi","potentialAction":[{"@type":"ReadAction","target":["https:\/\/dodo-inflatables.com\/fi\/tuote\/hiekkasakki-painotusta-varten\/"]}]},{"@type":"ImageObject","inLanguage":"fi","@id":"https:\/\/dodo-inflatables.com\/fi\/tuote\/hiekkasakki-painotusta-varten\/#primaryimage","url":"https:\/\/dodo-inflatables.com\/wp-content\/uploads\/2017\/01\/sandsack-beschwerung-hupfburg-kaufen.png","contentUrl":"https:\/\/dodo-inflatables.com\/wp-content\/uploads\/2017\/01\/sandsack-beschwerung-hupfburg-kaufen.png","width":600,"height":500},{"@type":"BreadcrumbList","@id":"https:\/\/dodo-inflatables.com\/fi\/tuote\/hiekkasakki-painotusta-varten\/#breadcrumb","itemListElement":[{"@type":"ListItem","position":1,"name":"Etusivu","item":"https:\/\/dodo-inflatables.com\/fi\/"},{"@type":"ListItem","position":2,"name":"Kauppa","item":"https:\/\/dodo-inflatables.com\/fi\/kauppa\/"},{"@type":"ListItem","position":3,"name":"Hiekkas\u00e4kki painotusta varten"}]},{"@type":"WebSite","@id":"https:\/\/dodo-inflatables.com\/fi\/#website","url":"https:\/\/dodo-inflatables.com\/fi\/","name":"dodo-inflatables.com","description":"Osta pomppulinnoja ja n\u00e4ht\u00e4vyyksi\u00e4 myym\u00e4l\u00e4st\u00e4mme.","potentialAction":[{"@type":"SearchAction","target":{"@type":"EntryPoint","urlTemplate":"https:\/\/dodo-inflatables.com\/fi\/?s={search_term_string}"},"query-input":{"@type":"PropertyValueSpecification","valueRequired":true,"valueName":"search_term_string"}}],"inLanguage":"fi"}]}},"uagb_featured_image_src":{"full":["https:\/\/dodo-inflatables.com\/wp-content\/uploads\/2017\/01\/sandsack-beschwerung-hupfburg-kaufen.png",600,500,false],"thumbnail":["https:\/\/dodo-inflatables.com\/wp-content\/uploads\/2017\/01\/sandsack-beschwerung-hupfburg-kaufen-150x150.png",150,150,true],"medium":["https:\/\/dodo-inflatables.com\/wp-content\/uploads\/2017\/01\/sandsack-beschwerung-hupfburg-kaufen-300x250.png",300,250,true],"medium_large":["https:\/\/dodo-inflatables.com\/wp-content\/uploads\/2017\/01\/sandsack-beschwerung-hupfburg-kaufen.png",600,500,false],"large":["https:\/\/dodo-inflatables.com\/wp-content\/uploads\/2017\/01\/sandsack-beschwerung-hupfburg-kaufen.png",600,500,false],"1536x1536":["https:\/\/dodo-inflatables.com\/wp-content\/uploads\/2017\/01\/sandsack-beschwerung-hupfburg-kaufen.png",600,500,false],"2048x2048":["https:\/\/dodo-inflatables.com\/wp-content\/uploads\/2017\/01\/sandsack-beschwerung-hupfburg-kaufen.png",600,500,false],"woocommerce_thumbnail":["https:\/\/dodo-inflatables.com\/wp-content\/uploads\/2017\/01\/sandsack-beschwerung-hupfburg-kaufen.png",600,500,false],"woocommerce_single":["https:\/\/dodo-inflatables.com\/wp-content\/uploads\/2017\/01\/sandsack-beschwerung-hupfburg-kaufen.png",600,500,false],"woocommerce_gallery_thumbnail":["https:\/\/dodo-inflatables.com\/wp-content\/uploads\/2017\/01\/sandsack-beschwerung-hupfburg-kaufen-100x100.png",100,100,true]},"uagb_author_info":{"display_name":"Andreas","author_link":"https:\/\/dodo-inflatables.com\/fi\/author\/"},"uagb_comment_info":0,"uagb_excerpt":"Mitat (P x L): n. 50 cm x 50 cm Kiinnitys: tukevat D-renkaat T\u00e4ytt\u00f6: hiekka tai vastaava irtomateriaali","_links":{"self":[{"href":"https:\/\/dodo-inflatables.com\/fi\/wp-json\/wp\/v2\/product\/18050","targetHints":{"allow":["GET"]}}],"collection":[{"href":"https:\/\/dodo-inflatables.com\/fi\/wp-json\/wp\/v2\/product"}],"about":[{"href":"https:\/\/dodo-inflatables.com\/fi\/wp-json\/wp\/v2\/types\/product"}],"replies":[{"embeddable":true,"href":"https:\/\/dodo-inflatables.com\/fi\/wp-json\/wp\/v2\/comments?post=18050"}],"wp:featuredmedia":[{"embeddable":true,"href":"https:\/\/dodo-inflatables.com\/fi\/wp-json\/wp\/v2\/media\/18052"}],"wp:attachment":[{"href":"https:\/\/dodo-inflatables.com\/fi\/wp-json\/wp\/v2\/media?parent=18050"}],"wp:term":[{"taxonomy":"product_brand","embeddable":true,"href":"https:\/\/dodo-inflatables.com\/fi\/wp-json\/wp\/v2\/product_brand?post=18050"},{"taxonomy":"product_cat","embeddable":true,"href":"https:\/\/dodo-inflatables.com\/fi\/wp-json\/wp\/v2\/product_cat?post=18050"},{"taxonomy":"product_tag","embeddable":true,"href":"https:\/\/dodo-inflatables.com\/fi\/wp-json\/wp\/v2\/product_tag?post=18050"}],"curies":[{"name":"wp","href":"https:\/\/api.w.org\/{rel}","templated":true}]}}