{"id":18085,"date":"2017-01-06T20:45:07","date_gmt":"2017-01-06T19:45:07","guid":{"rendered":"https:\/\/dodo-inflatables.com\/product\/maalevy-5-x-6-metria\/"},"modified":"2026-04-25T18:54:54","modified_gmt":"2026-04-25T16:54:54","slug":"maalevy-5-x-6-metria","status":"publish","type":"product","link":"https:\/\/dodo-inflatables.com\/fi\/tuote\/maalevy-5-x-6-metria\/","title":{"rendered":"Aluspeite 5 x 6 m"},"content":{"rendered":"<h2>Osta aluspeite pomppulinnoille<\/h2>\n<p>Sopivan aluspeittteen k\u00e4ytt\u00e4minen on yksi parhaista tavoista auttaa pident\u00e4m\u00e4\u00e4n pomppulinnasi k\u00e4ytt\u00f6ik\u00e4\u00e4.<br \/>\nOlipa pomppulinna pystytetty nurmelle, asfaltille, p\u00e4\u00e4llysteelle tai sis\u00e4tiloihin, aluspeite suojaa luotettavasti t\u00e4ytett\u00e4v\u00e4n konstruktion pohjaa kulumiselta, kosteudelta ja vahingoilta.<br \/>\n<strong>Luotettava suoja:<\/strong><br \/>\nAluspeite est\u00e4\u00e4 suoran kontaktin pomppulinnan ja alla olevan pinnan v\u00e4lill\u00e4, auttaen suojaamaan sit\u00e4 ter\u00e4vilt\u00e4 reunoilta, kivilta, lialta ja kosteudelta.<br \/>\n<strong>Monipuolinen k\u00e4ytt\u00f6:<\/strong><br \/>\nSopii pomppulinnoille ja muille t\u00e4ytett\u00e4ville tapahtumamoduuleille, sek\u00e4 yksityisk\u00e4ytt\u00f6\u00f6n ett\u00e4 ammattimaisille vuokrayrityksille.<br \/>\n<strong>Turvallinen sijoittelu:<\/strong><br \/>\nPeitteen ymp\u00e4rille sijoitettujen kiinnityslenkkien ansiosta se voidaan tarvittaessa kiinnitt\u00e4\u00e4 paikalleen ja pysyy turvallisesti paikallaan, vaikka pomppulinna liikkuisi k\u00e4yt\u00f6n aikana.<br \/>\n<strong>Kest\u00e4v\u00e4 ja pitk\u00e4ik\u00e4inen:<\/strong><br \/>\nKest\u00e4v\u00e4 PE-materiaali on vedenpit\u00e4v\u00e4, s\u00e4\u00e4nkest\u00e4v\u00e4 ja repimisenkest\u00e4v\u00e4, mik\u00e4 tekee siit\u00e4 ihanteellisen s\u00e4\u00e4nn\u00f6lliseen sis\u00e4- ja ulkok\u00e4ytt\u00f6\u00f6n.<br \/>\n<strong>Aluspeittteen tiedot<\/strong><\/p>\n<ul>\n<li>Mitat (P x L): n. 5,00 m x 6,00 m<\/li>\n<li>Kiinnityslenkkit n. 50 cm v\u00e4lein<\/li>\n<li>PE 260 g\/m\u00b2<\/li>\n<li>Vedenpit\u00e4v\u00e4, s\u00e4\u00e4nkest\u00e4v\u00e4 ja repimisenkest\u00e4v\u00e4<\/li>\n<\/ul>\n","protected":false},"excerpt":{"rendered":"<ul>\n<li>Mitat (P x L): n. 5,00 m x 6,00 m<\/li>\n<li>Kiinnityslenkkit n. 50 cm v\u00e4lein<\/li>\n<li>PE 260 g\/m\u00b2<\/li>\n<li>Vedenpit\u00e4v\u00e4, s\u00e4\u00e4nkest\u00e4v\u00e4 ja repimisenkest\u00e4v\u00e4<\/li>\n<\/ul>\n","protected":false},"featured_media":19544,"comment_status":"open","ping_status":"closed","template":"","meta":{"_acf_changed":false,"_uag_custom_page_level_css":"","site-sidebar-layout":"default","site-content-layout":"boxed-container","ast-site-content-layout":"normal-width-container","site-content-style":"boxed","site-sidebar-style":"boxed","ast-global-header-display":"","ast-banner-title-visibility":"","ast-main-header-display":"","ast-hfb-above-header-display":"","ast-hfb-below-header-display":"","ast-hfb-mobile-header-display":"","site-post-title":"disabled","ast-breadcrumbs-content":"","ast-featured-img":"","footer-sml-layout":"","ast-disable-related-posts":"","theme-transparent-header-meta":"default","adv-header-id-meta":"","stick-header-meta":"default","header-above-stick-meta":"","header-main-stick-meta":"","header-below-stick-meta":"","astra-migrate-meta-layouts":"default","ast-page-background-enabled":"default","ast-page-background-meta":{"desktop":{"background-color":"var(--ast-global-color-4)","background-image":"","background-repeat":"repeat","background-position":"center center","background-size":"auto","background-attachment":"scroll","background-type":"","background-media":"","overlay-type":"","overlay-color":"","overlay-opacity":"","overlay-gradient":""},"tablet":{"background-color":"","background-image":"","background-repeat":"repeat","background-position":"center center","background-size":"auto","background-attachment":"scroll","background-type":"","background-media":"","overlay-type":"","overlay-color":"","overlay-opacity":"","overlay-gradient":""},"mobile":{"background-color":"","background-image":"","background-repeat":"repeat","background-position":"center center","background-size":"auto","background-attachment":"scroll","background-type":"","background-media":"","overlay-type":"","overlay-color":"","overlay-opacity":"","overlay-gradient":""}},"ast-content-background-meta":{"desktop":{"background-color":"var(--ast-global-color-5)","background-image":"","background-repeat":"repeat","background-position":"center center","background-size":"auto","background-attachment":"scroll","background-type":"","background-media":"","overlay-type":"","overlay-color":"","overlay-opacity":"","overlay-gradient":""},"tablet":{"background-color":"var(--ast-global-color-5)","background-image":"","background-repeat":"repeat","background-position":"center center","background-size":"auto","background-attachment":"scroll","background-type":"","background-media":"","overlay-type":"","overlay-color":"","overlay-opacity":"","overlay-gradient":""},"mobile":{"background-color":"var(--ast-global-color-5)","background-image":"","background-repeat":"repeat","background-position":"center center","background-size":"auto","background-attachment":"scroll","background-type":"","background-media":"","overlay-type":"","overlay-color":"","overlay-opacity":"","overlay-gradient":""}}},"product_brand":[],"product_cat":[2058],"product_tag":[],"class_list":{"0":"post-18085","1":"product","2":"type-product","3":"status-publish","4":"has-post-thumbnail","6":"product_cat-tarvikkeet","7":"product_shipping_class-zubehor-fi","8":"desktop-align-center","9":"tablet-align-center","10":"mobile-align-center","11":"ast-product-gallery-layout-horizontal","12":"ast-product-gallery-with-no-image","13":"ast-product-tabs-layout-horizontal","15":"first","16":"instock","17":"taxable","18":"shipping-taxable","19":"purchasable","20":"product-type-simple"},"acf":[],"yoast_head":"<!-- This site is optimized with the Yoast SEO plugin v27.5 - https:\/\/yoast.com\/product\/yoast-seo-wordpress\/ -->\n<title>Puhallettavien ilmat\u00e4ytteisten telttakalvojen pohjakalvojen ostaminen | Dodo-Inflatables.com<\/title>\n<meta name=\"description\" content=\"Osta sopivia lis\u00e4varusteita, kuten ilmat\u00e4ytteisiin tarkoitettuja vakaita pohjalevyj\u00e4 suoraan Dodo-Inflatables.comista | Sertifioitu EN14960-standardin mukaisesti | Nopea toimitus!\" \/>\n<meta name=\"robots\" content=\"index, follow, max-snippet:-1, max-image-preview:large, max-video-preview:-1\" \/>\n<link rel=\"canonical\" href=\"https:\/\/dodo-inflatables.com\/fi\/tuote\/maalevy-5-x-6-metria\/\" \/>\n<meta name=\"twitter:label1\" content=\"Arvioitu lukuaika\" \/>\n\t<meta name=\"twitter:data1\" content=\"1 minuutti\" \/>\n<script type=\"application\/ld+json\" class=\"yoast-schema-graph\">{\"@context\":\"https:\\\/\\\/schema.org\",\"@graph\":[{\"@type\":\"WebPage\",\"@id\":\"https:\\\/\\\/dodo-inflatables.com\\\/fi\\\/tuote\\\/maalevy-5-x-6-metria\\\/\",\"url\":\"https:\\\/\\\/dodo-inflatables.com\\\/fi\\\/tuote\\\/maalevy-5-x-6-metria\\\/\",\"name\":\"Puhallettavien ilmat\u00e4ytteisten telttakalvojen pohjakalvojen ostaminen | Dodo-Inflatables.com\",\"isPartOf\":{\"@id\":\"https:\\\/\\\/dodo-inflatables.com\\\/fi\\\/#website\"},\"primaryImageOfPage\":{\"@id\":\"https:\\\/\\\/dodo-inflatables.com\\\/fi\\\/tuote\\\/maalevy-5-x-6-metria\\\/#primaryimage\"},\"image\":{\"@id\":\"https:\\\/\\\/dodo-inflatables.com\\\/fi\\\/tuote\\\/maalevy-5-x-6-metria\\\/#primaryimage\"},\"thumbnailUrl\":\"https:\\\/\\\/dodo-inflatables.com\\\/wp-content\\\/uploads\\\/2021\\\/03\\\/Ground-Sheet-Bouncy-Castle.png\",\"datePublished\":\"2017-01-06T19:45:07+00:00\",\"dateModified\":\"2026-04-25T16:54:54+00:00\",\"description\":\"Osta sopivia lis\u00e4varusteita, kuten ilmat\u00e4ytteisiin tarkoitettuja vakaita pohjalevyj\u00e4 suoraan Dodo-Inflatables.comista | Sertifioitu EN14960-standardin mukaisesti | Nopea toimitus!\",\"breadcrumb\":{\"@id\":\"https:\\\/\\\/dodo-inflatables.com\\\/fi\\\/tuote\\\/maalevy-5-x-6-metria\\\/#breadcrumb\"},\"inLanguage\":\"fi\",\"potentialAction\":[{\"@type\":\"ReadAction\",\"target\":[\"https:\\\/\\\/dodo-inflatables.com\\\/fi\\\/tuote\\\/maalevy-5-x-6-metria\\\/\"]}]},{\"@type\":\"ImageObject\",\"inLanguage\":\"fi\",\"@id\":\"https:\\\/\\\/dodo-inflatables.com\\\/fi\\\/tuote\\\/maalevy-5-x-6-metria\\\/#primaryimage\",\"url\":\"https:\\\/\\\/dodo-inflatables.com\\\/wp-content\\\/uploads\\\/2021\\\/03\\\/Ground-Sheet-Bouncy-Castle.png\",\"contentUrl\":\"https:\\\/\\\/dodo-inflatables.com\\\/wp-content\\\/uploads\\\/2021\\\/03\\\/Ground-Sheet-Bouncy-Castle.png\",\"width\":500,\"height\":500,\"caption\":\"Aluspeite 8 x 4 m pomppulinnalle | Dodo Inflatables\"},{\"@type\":\"BreadcrumbList\",\"@id\":\"https:\\\/\\\/dodo-inflatables.com\\\/fi\\\/tuote\\\/maalevy-5-x-6-metria\\\/#breadcrumb\",\"itemListElement\":[{\"@type\":\"ListItem\",\"position\":1,\"name\":\"Etusivu\",\"item\":\"https:\\\/\\\/dodo-inflatables.com\\\/fi\\\/\"},{\"@type\":\"ListItem\",\"position\":2,\"name\":\"Kauppa\",\"item\":\"https:\\\/\\\/dodo-inflatables.com\\\/fi\\\/kauppa\\\/\"},{\"@type\":\"ListItem\",\"position\":3,\"name\":\"Maalevy 5 x 6 metri\u00e4\"}]},{\"@type\":\"WebSite\",\"@id\":\"https:\\\/\\\/dodo-inflatables.com\\\/fi\\\/#website\",\"url\":\"https:\\\/\\\/dodo-inflatables.com\\\/fi\\\/\",\"name\":\"dodo-inflatables.com\",\"description\":\"Osta pomppulinnoja ja n\u00e4ht\u00e4vyyksi\u00e4 myym\u00e4l\u00e4st\u00e4mme.\",\"potentialAction\":[{\"@type\":\"SearchAction\",\"target\":{\"@type\":\"EntryPoint\",\"urlTemplate\":\"https:\\\/\\\/dodo-inflatables.com\\\/fi\\\/?s={search_term_string}\"},\"query-input\":{\"@type\":\"PropertyValueSpecification\",\"valueRequired\":true,\"valueName\":\"search_term_string\"}}],\"inLanguage\":\"fi\"}]}<\/script>\n<!-- \/ Yoast SEO plugin. -->","yoast_head_json":{"title":"Puhallettavien ilmat\u00e4ytteisten telttakalvojen pohjakalvojen ostaminen | Dodo-Inflatables.com","description":"Osta sopivia lis\u00e4varusteita, kuten ilmat\u00e4ytteisiin tarkoitettuja vakaita pohjalevyj\u00e4 suoraan Dodo-Inflatables.comista | Sertifioitu EN14960-standardin mukaisesti | Nopea toimitus!","robots":{"index":"index","follow":"follow","max-snippet":"max-snippet:-1","max-image-preview":"max-image-preview:large","max-video-preview":"max-video-preview:-1"},"canonical":"https:\/\/dodo-inflatables.com\/fi\/tuote\/maalevy-5-x-6-metria\/","twitter_misc":{"Arvioitu lukuaika":"1 minuutti"},"schema":{"@context":"https:\/\/schema.org","@graph":[{"@type":"WebPage","@id":"https:\/\/dodo-inflatables.com\/fi\/tuote\/maalevy-5-x-6-metria\/","url":"https:\/\/dodo-inflatables.com\/fi\/tuote\/maalevy-5-x-6-metria\/","name":"Puhallettavien ilmat\u00e4ytteisten telttakalvojen pohjakalvojen ostaminen | Dodo-Inflatables.com","isPartOf":{"@id":"https:\/\/dodo-inflatables.com\/fi\/#website"},"primaryImageOfPage":{"@id":"https:\/\/dodo-inflatables.com\/fi\/tuote\/maalevy-5-x-6-metria\/#primaryimage"},"image":{"@id":"https:\/\/dodo-inflatables.com\/fi\/tuote\/maalevy-5-x-6-metria\/#primaryimage"},"thumbnailUrl":"https:\/\/dodo-inflatables.com\/wp-content\/uploads\/2021\/03\/Ground-Sheet-Bouncy-Castle.png","datePublished":"2017-01-06T19:45:07+00:00","dateModified":"2026-04-25T16:54:54+00:00","description":"Osta sopivia lis\u00e4varusteita, kuten ilmat\u00e4ytteisiin tarkoitettuja vakaita pohjalevyj\u00e4 suoraan Dodo-Inflatables.comista | Sertifioitu EN14960-standardin mukaisesti | Nopea toimitus!","breadcrumb":{"@id":"https:\/\/dodo-inflatables.com\/fi\/tuote\/maalevy-5-x-6-metria\/#breadcrumb"},"inLanguage":"fi","potentialAction":[{"@type":"ReadAction","target":["https:\/\/dodo-inflatables.com\/fi\/tuote\/maalevy-5-x-6-metria\/"]}]},{"@type":"ImageObject","inLanguage":"fi","@id":"https:\/\/dodo-inflatables.com\/fi\/tuote\/maalevy-5-x-6-metria\/#primaryimage","url":"https:\/\/dodo-inflatables.com\/wp-content\/uploads\/2021\/03\/Ground-Sheet-Bouncy-Castle.png","contentUrl":"https:\/\/dodo-inflatables.com\/wp-content\/uploads\/2021\/03\/Ground-Sheet-Bouncy-Castle.png","width":500,"height":500,"caption":"Aluspeite 8 x 4 m pomppulinnalle | Dodo Inflatables"},{"@type":"BreadcrumbList","@id":"https:\/\/dodo-inflatables.com\/fi\/tuote\/maalevy-5-x-6-metria\/#breadcrumb","itemListElement":[{"@type":"ListItem","position":1,"name":"Etusivu","item":"https:\/\/dodo-inflatables.com\/fi\/"},{"@type":"ListItem","position":2,"name":"Kauppa","item":"https:\/\/dodo-inflatables.com\/fi\/kauppa\/"},{"@type":"ListItem","position":3,"name":"Maalevy 5 x 6 metri\u00e4"}]},{"@type":"WebSite","@id":"https:\/\/dodo-inflatables.com\/fi\/#website","url":"https:\/\/dodo-inflatables.com\/fi\/","name":"dodo-inflatables.com","description":"Osta pomppulinnoja ja n\u00e4ht\u00e4vyyksi\u00e4 myym\u00e4l\u00e4st\u00e4mme.","potentialAction":[{"@type":"SearchAction","target":{"@type":"EntryPoint","urlTemplate":"https:\/\/dodo-inflatables.com\/fi\/?s={search_term_string}"},"query-input":{"@type":"PropertyValueSpecification","valueRequired":true,"valueName":"search_term_string"}}],"inLanguage":"fi"}]}},"uagb_featured_image_src":{"full":["https:\/\/dodo-inflatables.com\/wp-content\/uploads\/2021\/03\/Ground-Sheet-Bouncy-Castle.png",500,500,false],"thumbnail":["https:\/\/dodo-inflatables.com\/wp-content\/uploads\/2021\/03\/Ground-Sheet-Bouncy-Castle-150x150.png",150,150,true],"medium":["https:\/\/dodo-inflatables.com\/wp-content\/uploads\/2021\/03\/Ground-Sheet-Bouncy-Castle-300x300.png",300,300,true],"medium_large":["https:\/\/dodo-inflatables.com\/wp-content\/uploads\/2021\/03\/Ground-Sheet-Bouncy-Castle.png",500,500,false],"large":["https:\/\/dodo-inflatables.com\/wp-content\/uploads\/2021\/03\/Ground-Sheet-Bouncy-Castle.png",500,500,false],"1536x1536":["https:\/\/dodo-inflatables.com\/wp-content\/uploads\/2021\/03\/Ground-Sheet-Bouncy-Castle.png",500,500,false],"2048x2048":["https:\/\/dodo-inflatables.com\/wp-content\/uploads\/2021\/03\/Ground-Sheet-Bouncy-Castle.png",500,500,false],"woocommerce_thumbnail":["https:\/\/dodo-inflatables.com\/wp-content\/uploads\/2021\/03\/Ground-Sheet-Bouncy-Castle.png",500,500,false],"woocommerce_single":["https:\/\/dodo-inflatables.com\/wp-content\/uploads\/2021\/03\/Ground-Sheet-Bouncy-Castle.png",500,500,false],"woocommerce_gallery_thumbnail":["https:\/\/dodo-inflatables.com\/wp-content\/uploads\/2021\/03\/Ground-Sheet-Bouncy-Castle-100x100.png",100,100,true]},"uagb_author_info":{"display_name":"Andreas","author_link":"https:\/\/dodo-inflatables.com\/fi\/author\/"},"uagb_comment_info":0,"uagb_excerpt":"Mitat (P x L): n. 5,00 m x 6,00 m Kiinnityslenkkit n. 50 cm v\u00e4lein PE 260 g\/m\u00b2 Vedenpit\u00e4v\u00e4, s\u00e4\u00e4nkest\u00e4v\u00e4 ja repimisenkest\u00e4v\u00e4","_links":{"self":[{"href":"https:\/\/dodo-inflatables.com\/fi\/wp-json\/wp\/v2\/product\/18085","targetHints":{"allow":["GET"]}}],"collection":[{"href":"https:\/\/dodo-inflatables.com\/fi\/wp-json\/wp\/v2\/product"}],"about":[{"href":"https:\/\/dodo-inflatables.com\/fi\/wp-json\/wp\/v2\/types\/product"}],"replies":[{"embeddable":true,"href":"https:\/\/dodo-inflatables.com\/fi\/wp-json\/wp\/v2\/comments?post=18085"}],"wp:featuredmedia":[{"embeddable":true,"href":"https:\/\/dodo-inflatables.com\/fi\/wp-json\/wp\/v2\/media\/19544"}],"wp:attachment":[{"href":"https:\/\/dodo-inflatables.com\/fi\/wp-json\/wp\/v2\/media?parent=18085"}],"wp:term":[{"taxonomy":"product_brand","embeddable":true,"href":"https:\/\/dodo-inflatables.com\/fi\/wp-json\/wp\/v2\/product_brand?post=18085"},{"taxonomy":"product_cat","embeddable":true,"href":"https:\/\/dodo-inflatables.com\/fi\/wp-json\/wp\/v2\/product_cat?post=18085"},{"taxonomy":"product_tag","embeddable":true,"href":"https:\/\/dodo-inflatables.com\/fi\/wp-json\/wp\/v2\/product_tag?post=18085"}],"curies":[{"name":"wp","href":"https:\/\/api.w.org\/{rel}","templated":true}]}}