{"id":18808,"date":"2019-08-23T12:07:40","date_gmt":"2019-08-23T10:07:40","guid":{"rendered":"https:\/\/dodo-inflatables.com\/product\/puhallettava-kirveenheitto\/"},"modified":"2025-08-28T09:18:06","modified_gmt":"2025-08-28T07:18:06","slug":"puhallettava-kirveenheitto","status":"publish","type":"product","link":"https:\/\/dodo-inflatables.com\/fi\/tuote\/puhallettava-kirveenheitto\/","title":{"rendered":"Puhallettava kirveenheitto"},"content":{"rendered":"<h2>Osta puhallettava kirveen heitto<\/h2>\n<p>  Ryhdy viikinkiksi ja harjoittele kirveenheittoa t\u00e4ysin turvallisesti! Kuka osaa heitt\u00e4\u00e4 kirveet tarkasti tarrakiinnitteiselle levylle?  <\/p>\n<h4>Lis\u00e4tietoja tuotteesta Puhallettava kirveenheitto<\/h4>\n<ul>\n<li>Mitat (pituus x leveys x korkeus): 3,00 x 3,00 x 2,60 metri\u00e4*.<\/li>\n<li>Paino: n. 50 kg *<\/li>\n<li>Pakkauskoko: 1,00 m x 0,70 m x 0,70 m *.<\/li>\n<li>Asennusaika: 10 minuuttia<\/li>\n<li>Materiaali: PVC ja tarranauha<\/li>\n<li>Vetoketju tarrakiinnityksell\u00e4, vahvistetut kulmat, laadukas tarrakiinnitys.<\/li>\n<\/ul>\n<p>&nbsp;  Toimitukseen sis\u00e4ltyy: Puhallin ja aluskate eiv\u00e4t sis\u00e4lly toimitukseen. N\u00e4m\u00e4 l\u00f6ytyv\u00e4t lis\u00e4varustekategoriasta. Ilmat\u00e4ytteinen kirveenheitt\u00e4j\u00e4 on laatutuote, joka on valmistettu tiukkojen EN 14960 -standardin mukaisten ohjeiden mukaisesti. Kaikki pomppulinnamme ja puhallettavat n\u00e4ht\u00e4vyyksemme ovat ammattimaisia moduuleja, jotka soveltuvat ammattimaiseen vuokraukseen ja k\u00e4ytt\u00f6\u00f6n huvipuistoissa, sis\u00e4leikkipuistoissa ja vastaavissa. &nbsp;<strong>T\u00e4rkeit\u00e4 k\u00e4ytt\u00f6ohjeita<\/strong> Tuulettimen (ei sis\u00e4lly toimitukseen) on oltava jatkuvasti k\u00e4ynniss\u00e4 k\u00e4yt\u00f6n aikana. Pieni ilmavuoto saumojen reikien kautta on normaalia. * Paino ja mitat ovat suuntaa-antavia ja voivat vaihdella hieman.<\/p>\n","protected":false},"excerpt":{"rendered":"<p><i class=\"fa fa-arrows-alt\"><\/i>  Mitat (L x S x K): 3,00 x 3,00 x 2,60 metri\u00e4 * <i class=\"fa fa-plus\"><\/i> Sis\u00e4lt\u00e4\u00e4 kymmenen vaahtomuovin tarrakiinnitteist\u00e4 akselia <i class=\"fa fa-check\"><\/i> Ammattilaismoduuli &#8211; Soveltuu kaupalliseen ja yksityiseen k\u00e4ytt\u00f6\u00f6n <i class=\"fa fa-square\"><\/i> PVC (0,55 mm \/ 621,3 g\/m2) ja tarrakiinnitys <i class=\"fa fa-align-justify\"><\/i> 2-4-kertaisesti ommeltu (kuormituksesta riippuen) <i class=\"fa fa-fire\"><\/i> Palosuojattu <i class=\"fa fa-certificate\"><\/i> Zulassungsbescheinigung gem\u00e4\u00df EN 14960 <i class=\"fas fa-edit\"><\/i> Inkl. yksil\u00f6llinen sarjanumero  &nbsp;<\/p>\n","protected":false},"featured_media":58813,"comment_status":"open","ping_status":"closed","template":"","meta":{"_acf_changed":false,"_uag_custom_page_level_css":"","site-sidebar-layout":"default","site-content-layout":"default","ast-site-content-layout":"default","site-content-style":"default","site-sidebar-style":"default","ast-global-header-display":"","ast-banner-title-visibility":"","ast-main-header-display":"","ast-hfb-above-header-display":"","ast-hfb-below-header-display":"","ast-hfb-mobile-header-display":"","site-post-title":"","ast-breadcrumbs-content":"","ast-featured-img":"","footer-sml-layout":"","ast-disable-related-posts":"","theme-transparent-header-meta":"default","adv-header-id-meta":"","stick-header-meta":"default","header-above-stick-meta":"","header-main-stick-meta":"","header-below-stick-meta":"","astra-migrate-meta-layouts":"default","ast-page-background-enabled":"default","ast-page-background-meta":{"desktop":{"background-color":"var(--ast-global-color-4)","background-image":"","background-repeat":"repeat","background-position":"center center","background-size":"auto","background-attachment":"scroll","background-type":"","background-media":"","overlay-type":"","overlay-color":"","overlay-opacity":"","overlay-gradient":""},"tablet":{"background-color":"","background-image":"","background-repeat":"repeat","background-position":"center center","background-size":"auto","background-attachment":"scroll","background-type":"","background-media":"","overlay-type":"","overlay-color":"","overlay-opacity":"","overlay-gradient":""},"mobile":{"background-color":"","background-image":"","background-repeat":"repeat","background-position":"center center","background-size":"auto","background-attachment":"scroll","background-type":"","background-media":"","overlay-type":"","overlay-color":"","overlay-opacity":"","overlay-gradient":""}},"ast-content-background-meta":{"desktop":{"background-color":"var(--ast-global-color-5)","background-image":"","background-repeat":"repeat","background-position":"center center","background-size":"auto","background-attachment":"scroll","background-type":"","background-media":"","overlay-type":"","overlay-color":"","overlay-opacity":"","overlay-gradient":""},"tablet":{"background-color":"var(--ast-global-color-5)","background-image":"","background-repeat":"repeat","background-position":"center center","background-size":"auto","background-attachment":"scroll","background-type":"","background-media":"","overlay-type":"","overlay-color":"","overlay-opacity":"","overlay-gradient":""},"mobile":{"background-color":"var(--ast-global-color-5)","background-image":"","background-repeat":"repeat","background-position":"center center","background-size":"auto","background-attachment":"scroll","background-type":"","background-media":"","overlay-type":"","overlay-color":"","overlay-opacity":"","overlay-gradient":""}}},"product_brand":[],"product_cat":[2031],"product_tag":[],"class_list":{"0":"post-18808","1":"product","2":"type-product","3":"status-publish","4":"has-post-thumbnail","6":"product_cat-nahtavyydet","7":"product_shipping_class-spedition-hupfburg-fi","8":"pa_gtin-0669145336834-fi","9":"desktop-align-center","10":"tablet-align-center","11":"mobile-align-center","12":"ast-product-gallery-layout-horizontal","13":"ast-product-tabs-layout-horizontal","15":"first","16":"onbackorder","17":"taxable","18":"shipping-taxable","19":"purchasable","20":"product-type-simple"},"acf":[],"yoast_head":"<!-- This site is optimized with the Yoast SEO plugin v27.3 - https:\/\/yoast.com\/product\/yoast-seo-wordpress\/ -->\n<title>Osta puhallettava kirveenheitto | Dodo-Inflatables.com<\/title>\n<meta name=\"description\" content=\"Osta puhallettava kirveen heitto suoraan verkossa Dodo-Inflatables.com | Monet mallit varastossa | Nopea toimitus | Paras laatu | Paras laatu\" \/>\n<meta name=\"robots\" content=\"index, follow, max-snippet:-1, max-image-preview:large, max-video-preview:-1\" \/>\n<link rel=\"canonical\" href=\"https:\/\/dodo-inflatables.com\/fi\/tuote\/puhallettava-kirveenheitto\/\" \/>\n<meta name=\"twitter:label1\" content=\"Arvioitu lukuaika\" \/>\n\t<meta name=\"twitter:data1\" content=\"1 minuutti\" \/>\n<script type=\"application\/ld+json\" class=\"yoast-schema-graph\">{\"@context\":\"https:\\\/\\\/schema.org\",\"@graph\":[{\"@type\":\"WebPage\",\"@id\":\"https:\\\/\\\/dodo-inflatables.com\\\/fi\\\/tuote\\\/puhallettava-kirveenheitto\\\/\",\"url\":\"https:\\\/\\\/dodo-inflatables.com\\\/fi\\\/tuote\\\/puhallettava-kirveenheitto\\\/\",\"name\":\"Osta puhallettava kirveenheitto | Dodo-Inflatables.com\",\"isPartOf\":{\"@id\":\"https:\\\/\\\/dodo-inflatables.com\\\/fi\\\/#website\"},\"primaryImageOfPage\":{\"@id\":\"https:\\\/\\\/dodo-inflatables.com\\\/fi\\\/tuote\\\/puhallettava-kirveenheitto\\\/#primaryimage\"},\"image\":{\"@id\":\"https:\\\/\\\/dodo-inflatables.com\\\/fi\\\/tuote\\\/puhallettava-kirveenheitto\\\/#primaryimage\"},\"thumbnailUrl\":\"https:\\\/\\\/dodo-inflatables.com\\\/wp-content\\\/uploads\\\/2019\\\/08\\\/Aufblasbares-Axt-werfen-kaufen-7.png\",\"datePublished\":\"2019-08-23T10:07:40+00:00\",\"dateModified\":\"2025-08-28T07:18:06+00:00\",\"description\":\"Osta puhallettava kirveen heitto suoraan verkossa Dodo-Inflatables.com | Monet mallit varastossa | Nopea toimitus | Paras laatu | Paras laatu\",\"breadcrumb\":{\"@id\":\"https:\\\/\\\/dodo-inflatables.com\\\/fi\\\/tuote\\\/puhallettava-kirveenheitto\\\/#breadcrumb\"},\"inLanguage\":\"fi\",\"potentialAction\":[{\"@type\":\"ReadAction\",\"target\":[\"https:\\\/\\\/dodo-inflatables.com\\\/fi\\\/tuote\\\/puhallettava-kirveenheitto\\\/\"]}]},{\"@type\":\"ImageObject\",\"inLanguage\":\"fi\",\"@id\":\"https:\\\/\\\/dodo-inflatables.com\\\/fi\\\/tuote\\\/puhallettava-kirveenheitto\\\/#primaryimage\",\"url\":\"https:\\\/\\\/dodo-inflatables.com\\\/wp-content\\\/uploads\\\/2019\\\/08\\\/Aufblasbares-Axt-werfen-kaufen-7.png\",\"contentUrl\":\"https:\\\/\\\/dodo-inflatables.com\\\/wp-content\\\/uploads\\\/2019\\\/08\\\/Aufblasbares-Axt-werfen-kaufen-7.png\",\"width\":500,\"height\":500},{\"@type\":\"BreadcrumbList\",\"@id\":\"https:\\\/\\\/dodo-inflatables.com\\\/fi\\\/tuote\\\/puhallettava-kirveenheitto\\\/#breadcrumb\",\"itemListElement\":[{\"@type\":\"ListItem\",\"position\":1,\"name\":\"Etusivu\",\"item\":\"https:\\\/\\\/dodo-inflatables.com\\\/fi\\\/\"},{\"@type\":\"ListItem\",\"position\":2,\"name\":\"Kauppa\",\"item\":\"https:\\\/\\\/dodo-inflatables.com\\\/fi\\\/?page_id=16795\"},{\"@type\":\"ListItem\",\"position\":3,\"name\":\"Puhallettava kirveenheitto\"}]},{\"@type\":\"WebSite\",\"@id\":\"https:\\\/\\\/dodo-inflatables.com\\\/fi\\\/#website\",\"url\":\"https:\\\/\\\/dodo-inflatables.com\\\/fi\\\/\",\"name\":\"dodo-inflatables.com\",\"description\":\"Osta pomppulinnoja ja n\u00e4ht\u00e4vyyksi\u00e4 myym\u00e4l\u00e4st\u00e4mme.\",\"publisher\":{\"@id\":\"https:\\\/\\\/dodo-inflatables.com\\\/fi\\\/#organization\"},\"potentialAction\":[{\"@type\":\"SearchAction\",\"target\":{\"@type\":\"EntryPoint\",\"urlTemplate\":\"https:\\\/\\\/dodo-inflatables.com\\\/fi\\\/?s={search_term_string}\"},\"query-input\":{\"@type\":\"PropertyValueSpecification\",\"valueRequired\":true,\"valueName\":\"search_term_string\"}}],\"inLanguage\":\"fi\"},{\"@type\":\"Organization\",\"@id\":\"https:\\\/\\\/dodo-inflatables.com\\\/fi\\\/#organization\",\"name\":\"dodo-inflatables.com\",\"url\":\"https:\\\/\\\/dodo-inflatables.com\\\/fi\\\/\",\"logo\":{\"@type\":\"ImageObject\",\"inLanguage\":\"fi\",\"@id\":\"https:\\\/\\\/dodo-inflatables.com\\\/fi\\\/#\\\/schema\\\/logo\\\/image\\\/\",\"url\":\"https:\\\/\\\/dodo-inflatables.com\\\/wp-content\\\/uploads\\\/2023\\\/04\\\/cropped-cropped-cropped-Dodo-Logo.png\",\"contentUrl\":\"https:\\\/\\\/dodo-inflatables.com\\\/wp-content\\\/uploads\\\/2023\\\/04\\\/cropped-cropped-cropped-Dodo-Logo.png\",\"width\":2996,\"height\":1545,\"caption\":\"dodo-inflatables.com\"},\"image\":{\"@id\":\"https:\\\/\\\/dodo-inflatables.com\\\/fi\\\/#\\\/schema\\\/logo\\\/image\\\/\"}}]}<\/script>\n<!-- \/ Yoast SEO plugin. -->","yoast_head_json":{"title":"Osta puhallettava kirveenheitto | Dodo-Inflatables.com","description":"Osta puhallettava kirveen heitto suoraan verkossa Dodo-Inflatables.com | Monet mallit varastossa | Nopea toimitus | Paras laatu | Paras laatu","robots":{"index":"index","follow":"follow","max-snippet":"max-snippet:-1","max-image-preview":"max-image-preview:large","max-video-preview":"max-video-preview:-1"},"canonical":"https:\/\/dodo-inflatables.com\/fi\/tuote\/puhallettava-kirveenheitto\/","twitter_misc":{"Arvioitu lukuaika":"1 minuutti"},"schema":{"@context":"https:\/\/schema.org","@graph":[{"@type":"WebPage","@id":"https:\/\/dodo-inflatables.com\/fi\/tuote\/puhallettava-kirveenheitto\/","url":"https:\/\/dodo-inflatables.com\/fi\/tuote\/puhallettava-kirveenheitto\/","name":"Osta puhallettava kirveenheitto | Dodo-Inflatables.com","isPartOf":{"@id":"https:\/\/dodo-inflatables.com\/fi\/#website"},"primaryImageOfPage":{"@id":"https:\/\/dodo-inflatables.com\/fi\/tuote\/puhallettava-kirveenheitto\/#primaryimage"},"image":{"@id":"https:\/\/dodo-inflatables.com\/fi\/tuote\/puhallettava-kirveenheitto\/#primaryimage"},"thumbnailUrl":"https:\/\/dodo-inflatables.com\/wp-content\/uploads\/2019\/08\/Aufblasbares-Axt-werfen-kaufen-7.png","datePublished":"2019-08-23T10:07:40+00:00","dateModified":"2025-08-28T07:18:06+00:00","description":"Osta puhallettava kirveen heitto suoraan verkossa Dodo-Inflatables.com | Monet mallit varastossa | Nopea toimitus | Paras laatu | Paras laatu","breadcrumb":{"@id":"https:\/\/dodo-inflatables.com\/fi\/tuote\/puhallettava-kirveenheitto\/#breadcrumb"},"inLanguage":"fi","potentialAction":[{"@type":"ReadAction","target":["https:\/\/dodo-inflatables.com\/fi\/tuote\/puhallettava-kirveenheitto\/"]}]},{"@type":"ImageObject","inLanguage":"fi","@id":"https:\/\/dodo-inflatables.com\/fi\/tuote\/puhallettava-kirveenheitto\/#primaryimage","url":"https:\/\/dodo-inflatables.com\/wp-content\/uploads\/2019\/08\/Aufblasbares-Axt-werfen-kaufen-7.png","contentUrl":"https:\/\/dodo-inflatables.com\/wp-content\/uploads\/2019\/08\/Aufblasbares-Axt-werfen-kaufen-7.png","width":500,"height":500},{"@type":"BreadcrumbList","@id":"https:\/\/dodo-inflatables.com\/fi\/tuote\/puhallettava-kirveenheitto\/#breadcrumb","itemListElement":[{"@type":"ListItem","position":1,"name":"Etusivu","item":"https:\/\/dodo-inflatables.com\/fi\/"},{"@type":"ListItem","position":2,"name":"Kauppa","item":"https:\/\/dodo-inflatables.com\/fi\/?page_id=16795"},{"@type":"ListItem","position":3,"name":"Puhallettava kirveenheitto"}]},{"@type":"WebSite","@id":"https:\/\/dodo-inflatables.com\/fi\/#website","url":"https:\/\/dodo-inflatables.com\/fi\/","name":"dodo-inflatables.com","description":"Osta pomppulinnoja ja n\u00e4ht\u00e4vyyksi\u00e4 myym\u00e4l\u00e4st\u00e4mme.","publisher":{"@id":"https:\/\/dodo-inflatables.com\/fi\/#organization"},"potentialAction":[{"@type":"SearchAction","target":{"@type":"EntryPoint","urlTemplate":"https:\/\/dodo-inflatables.com\/fi\/?s={search_term_string}"},"query-input":{"@type":"PropertyValueSpecification","valueRequired":true,"valueName":"search_term_string"}}],"inLanguage":"fi"},{"@type":"Organization","@id":"https:\/\/dodo-inflatables.com\/fi\/#organization","name":"dodo-inflatables.com","url":"https:\/\/dodo-inflatables.com\/fi\/","logo":{"@type":"ImageObject","inLanguage":"fi","@id":"https:\/\/dodo-inflatables.com\/fi\/#\/schema\/logo\/image\/","url":"https:\/\/dodo-inflatables.com\/wp-content\/uploads\/2023\/04\/cropped-cropped-cropped-Dodo-Logo.png","contentUrl":"https:\/\/dodo-inflatables.com\/wp-content\/uploads\/2023\/04\/cropped-cropped-cropped-Dodo-Logo.png","width":2996,"height":1545,"caption":"dodo-inflatables.com"},"image":{"@id":"https:\/\/dodo-inflatables.com\/fi\/#\/schema\/logo\/image\/"}}]}},"uagb_featured_image_src":{"full":["https:\/\/dodo-inflatables.com\/wp-content\/uploads\/2019\/08\/Aufblasbares-Axt-werfen-kaufen-7.png",500,500,false],"thumbnail":["https:\/\/dodo-inflatables.com\/wp-content\/uploads\/2019\/08\/Aufblasbares-Axt-werfen-kaufen-7-150x150.png",150,150,true],"medium":["https:\/\/dodo-inflatables.com\/wp-content\/uploads\/2019\/08\/Aufblasbares-Axt-werfen-kaufen-7-300x300.png",300,300,true],"medium_large":["https:\/\/dodo-inflatables.com\/wp-content\/uploads\/2019\/08\/Aufblasbares-Axt-werfen-kaufen-7.png",500,500,false],"large":["https:\/\/dodo-inflatables.com\/wp-content\/uploads\/2019\/08\/Aufblasbares-Axt-werfen-kaufen-7.png",500,500,false],"1536x1536":["https:\/\/dodo-inflatables.com\/wp-content\/uploads\/2019\/08\/Aufblasbares-Axt-werfen-kaufen-7.png",500,500,false],"2048x2048":["https:\/\/dodo-inflatables.com\/wp-content\/uploads\/2019\/08\/Aufblasbares-Axt-werfen-kaufen-7.png",500,500,false],"woocommerce_thumbnail":["https:\/\/dodo-inflatables.com\/wp-content\/uploads\/2019\/08\/Aufblasbares-Axt-werfen-kaufen-7.png",500,500,false],"woocommerce_single":["https:\/\/dodo-inflatables.com\/wp-content\/uploads\/2019\/08\/Aufblasbares-Axt-werfen-kaufen-7.png",500,500,false],"woocommerce_gallery_thumbnail":["https:\/\/dodo-inflatables.com\/wp-content\/uploads\/2019\/08\/Aufblasbares-Axt-werfen-kaufen-7-100x100.png",100,100,true]},"uagb_author_info":{"display_name":"Andreas","author_link":"https:\/\/dodo-inflatables.com\/fi\/author\/"},"uagb_comment_info":0,"uagb_excerpt":"Mitat (L x S x K): 3,00 x 3,00 x 2,60 metri\u00e4 * Sis\u00e4lt\u00e4\u00e4 kymmenen vaahtomuovin tarrakiinnitteist\u00e4 akselia Ammattilaismoduuli - Soveltuu kaupalliseen ja yksityiseen k\u00e4ytt\u00f6\u00f6n PVC (0,55 mm \/ 621,3 g\/m2) ja tarrakiinnitys 2-4-kertaisesti ommeltu (kuormituksesta riippuen) Palosuojattu Zulassungsbescheinigung gem\u00e4\u00df EN 14960 Inkl. yksil\u00f6llinen sarjanumero &nbsp;","_links":{"self":[{"href":"https:\/\/dodo-inflatables.com\/fi\/wp-json\/wp\/v2\/product\/18808","targetHints":{"allow":["GET"]}}],"collection":[{"href":"https:\/\/dodo-inflatables.com\/fi\/wp-json\/wp\/v2\/product"}],"about":[{"href":"https:\/\/dodo-inflatables.com\/fi\/wp-json\/wp\/v2\/types\/product"}],"replies":[{"embeddable":true,"href":"https:\/\/dodo-inflatables.com\/fi\/wp-json\/wp\/v2\/comments?post=18808"}],"wp:featuredmedia":[{"embeddable":true,"href":"https:\/\/dodo-inflatables.com\/fi\/wp-json\/wp\/v2\/media\/58813"}],"wp:attachment":[{"href":"https:\/\/dodo-inflatables.com\/fi\/wp-json\/wp\/v2\/media?parent=18808"}],"wp:term":[{"taxonomy":"product_brand","embeddable":true,"href":"https:\/\/dodo-inflatables.com\/fi\/wp-json\/wp\/v2\/product_brand?post=18808"},{"taxonomy":"product_cat","embeddable":true,"href":"https:\/\/dodo-inflatables.com\/fi\/wp-json\/wp\/v2\/product_cat?post=18808"},{"taxonomy":"product_tag","embeddable":true,"href":"https:\/\/dodo-inflatables.com\/fi\/wp-json\/wp\/v2\/product_tag?post=18808"}],"curies":[{"name":"wp","href":"https:\/\/api.w.org\/{rel}","templated":true}]}}