{"id":18916,"date":"2019-03-28T14:34:40","date_gmt":"2019-03-28T13:34:40","guid":{"rendered":"https:\/\/dodo-inflatables.com\/product\/pomppulinna-puhdistusaine\/"},"modified":"2026-04-22T09:05:09","modified_gmt":"2026-04-22T07:05:09","slug":"pomppulinna-puhdistusaine","status":"publish","type":"product","link":"https:\/\/dodo-inflatables.com\/fi\/tuote\/pomppulinna-puhdistusaine\/","title":{"rendered":"Pomppulinnan puhdistusaine (1L)"},"content":{"rendered":"<h1>Osta pomppulinnan puhdistusaine (1L)<\/h1>\n<p>&nbsp;<\/p>\n<p class=\"p1\">Pomppulinnat ja muut t\u00e4ytett\u00e4v\u00e4t leikkiv\u00e4lineet voivat s\u00e4\u00e4nn\u00f6llisess\u00e4 k\u00e4yt\u00f6ss\u00e4 likautua ja saada tahroja ajan my\u00f6t\u00e4. Jotta pinnat pysyisiv\u00e4t puhtaina ja materiaalien k\u00e4ytt\u00f6ik\u00e4 pitenisi, pomppulinnan puhdistusaineemme on luotettava puhdistusratkaisu.<\/p>\n<p class=\"p1\">Puhdistusaine sopii muovi- ja PVC-pressupinnoille, ja sit\u00e4 voidaan k\u00e4ytt\u00e4\u00e4 pomppulinnoissa, t\u00e4ytett\u00e4viss\u00e4 liukum\u00e4iss\u00e4 ja muissa t\u00e4ytett\u00e4viss\u00e4 tapahtumamodeissa. Laimentamalla vedell\u00e4 puhdistusteho voidaan s\u00e4\u00e4t\u00e4\u00e4 likaisuuden asteen mukaan.<\/p>\n<p class=\"p3\"><b>Hell\u00e4varainen ja tehokas puhdistus:<\/b> Pomppulinnan puhdistusaineemme poistaa tyypilliset liat, kuten lian, hankauspilkkuja sek\u00e4 kevyit\u00e4 rasva- tai ymp\u00e4rist\u00f6j\u00e4\u00e4mi\u00e4 vahingoittamatta materiaalia.<\/p>\n<p class=\"p3\"><b>Helppok\u00e4ytt\u00f6inen:<\/b> Puhdistusaine laimennetaan vedell\u00e4, levitet\u00e4\u00e4n likaiselle pinnalle, j\u00e4tet\u00e4\u00e4n lyhyeksi ajaksi vaikuttamaan ja pyyhit\u00e4\u00e4n sitten pois liinalla tai sienell\u00e4. Huuhtele sen j\u00e4lkeen uudelleen puhtaalla vedell\u00e4.<\/p>\n<p class=\"p3\"><b>Sopii vuokrayrityksille:<\/b> Ihanteellinen vuokrayrityksille ja operaattoreille, jotka haluavat puhdistaa pomppulinnat s\u00e4\u00e4nn\u00f6llisesti ja luovuttaa ne asiakkaille hyvin huolletussa kunnossa.<\/p>\n<p>&nbsp;<\/p>\n<h4><b>K\u00e4ytt\u00f6ohje<\/b><\/h4>\n<p class=\"p3\">Laimentaa puhdistusaine vedell\u00e4 likaisuuden asteen mukaan. Ennen k\u00e4ytt\u00f6\u00e4 suuremmalla alueella testaa se huomaamattomassa kohdassa. \u00c4l\u00e4 levit\u00e4 kuumille pinnoille tai suorassa auringonvalossa.<\/p>\n<h4><b>Pomppulinnan puhdistusaineemme tiedot<\/b><\/h4>\n<ul>\n<li class=\"p3\">Sis\u00e4lt\u00f6: 1 litra<\/li>\n<li class=\"p3\">Sopii: pomppulinnoille, t\u00e4ytett\u00e4ville leikkiv\u00e4lineille, PVC-pressu- ja muovipinnoille<\/li>\n<li class=\"p3\">K\u00e4ytt\u00f6: voidaan laimentaa vedell\u00e4<\/li>\n<li class=\"p3\">Puhdistusmenetelm\u00e4: k\u00e4sinpuhdistus liinalla, sienell\u00e4 tai suihkulaitteella<\/li>\n<\/ul>\n<p><strong>K\u00e4yt\u00e4 puhdistusaineita varoen. Lue aina etiketti ja tuotetiedot ennen k\u00e4ytt\u00f6\u00e4.<\/strong><\/p>\n","protected":false},"excerpt":{"rendered":"<ul>\n<li class=\"p3\">Sis\u00e4lt\u00f6: 1 litra<\/li>\n<li class=\"p3\">Sopii: pomppulinnoille, t\u00e4ytett\u00e4ville leikkiv\u00e4lineille, PVC-pressu- ja muovipinnoille<\/li>\n<li class=\"p3\">K\u00e4ytt\u00f6: voidaan laimentaa vedell\u00e4<\/li>\n<li class=\"p3\">Puhdistusmenetelm\u00e4: k\u00e4sinpuhdistus liinalla, sienell\u00e4 tai suihkulaitteella<\/li>\n<\/ul>\n","protected":false},"featured_media":55322,"comment_status":"open","ping_status":"closed","template":"","meta":{"_acf_changed":false,"_uag_custom_page_level_css":"","site-sidebar-layout":"default","site-content-layout":"boxed-container","ast-site-content-layout":"normal-width-container","site-content-style":"boxed","site-sidebar-style":"boxed","ast-global-header-display":"","ast-banner-title-visibility":"","ast-main-header-display":"","ast-hfb-above-header-display":"","ast-hfb-below-header-display":"","ast-hfb-mobile-header-display":"","site-post-title":"disabled","ast-breadcrumbs-content":"","ast-featured-img":"","footer-sml-layout":"","ast-disable-related-posts":"","theme-transparent-header-meta":"default","adv-header-id-meta":"","stick-header-meta":"default","header-above-stick-meta":"","header-main-stick-meta":"","header-below-stick-meta":"","astra-migrate-meta-layouts":"default","ast-page-background-enabled":"default","ast-page-background-meta":{"desktop":{"background-color":"var(--ast-global-color-4)","background-image":"","background-repeat":"repeat","background-position":"center center","background-size":"auto","background-attachment":"scroll","background-type":"","background-media":"","overlay-type":"","overlay-color":"","overlay-opacity":"","overlay-gradient":""},"tablet":{"background-color":"","background-image":"","background-repeat":"repeat","background-position":"center center","background-size":"auto","background-attachment":"scroll","background-type":"","background-media":"","overlay-type":"","overlay-color":"","overlay-opacity":"","overlay-gradient":""},"mobile":{"background-color":"","background-image":"","background-repeat":"repeat","background-position":"center center","background-size":"auto","background-attachment":"scroll","background-type":"","background-media":"","overlay-type":"","overlay-color":"","overlay-opacity":"","overlay-gradient":""}},"ast-content-background-meta":{"desktop":{"background-color":"var(--ast-global-color-5)","background-image":"","background-repeat":"repeat","background-position":"center center","background-size":"auto","background-attachment":"scroll","background-type":"","background-media":"","overlay-type":"","overlay-color":"","overlay-opacity":"","overlay-gradient":""},"tablet":{"background-color":"var(--ast-global-color-5)","background-image":"","background-repeat":"repeat","background-position":"center center","background-size":"auto","background-attachment":"scroll","background-type":"","background-media":"","overlay-type":"","overlay-color":"","overlay-opacity":"","overlay-gradient":""},"mobile":{"background-color":"var(--ast-global-color-5)","background-image":"","background-repeat":"repeat","background-position":"center center","background-size":"auto","background-attachment":"scroll","background-type":"","background-media":"","overlay-type":"","overlay-color":"","overlay-opacity":"","overlay-gradient":""}}},"product_brand":[],"product_cat":[2058],"product_tag":[],"class_list":{"0":"post-18916","1":"product","2":"type-product","3":"status-publish","4":"has-post-thumbnail","6":"product_cat-tarvikkeet","7":"product_shipping_class-zubehor-fi","8":"desktop-align-center","9":"tablet-align-center","10":"mobile-align-center","11":"ast-product-gallery-layout-horizontal","12":"ast-product-gallery-with-no-image","13":"ast-product-tabs-layout-horizontal","15":"first","16":"instock","17":"taxable","18":"shipping-taxable","19":"purchasable","20":"product-type-simple"},"acf":[],"yoast_head":"<!-- This site is optimized with the Yoast SEO plugin v27.5 - https:\/\/yoast.com\/product\/yoast-seo-wordpress\/ -->\n<title>Pomppulinnan puhdistusaine - S\u00e4ihkyv\u00e4\u00e4 puhtautta ja pitk\u00e4kestoista hauskanpitoa!<\/title>\n<meta name=\"description\" content=\"Osta puhallettavien PVC-puhdistusaine Dodo-Inflatables.comista | Suuri valikoima varastossa | Sertifioitu EN14960 mukaisesti | Nopea toimitus!\" \/>\n<meta name=\"robots\" content=\"index, follow, max-snippet:-1, max-image-preview:large, max-video-preview:-1\" \/>\n<link rel=\"canonical\" href=\"https:\/\/dodo-inflatables.com\/fi\/tuote\/pomppulinna-puhdistusaine\/\" \/>\n<meta name=\"twitter:label1\" content=\"Arvioitu lukuaika\" \/>\n\t<meta name=\"twitter:data1\" content=\"1 minuutti\" \/>\n<script type=\"application\/ld+json\" class=\"yoast-schema-graph\">{\"@context\":\"https:\\\/\\\/schema.org\",\"@graph\":[{\"@type\":\"WebPage\",\"@id\":\"https:\\\/\\\/dodo-inflatables.com\\\/fi\\\/tuote\\\/pomppulinna-puhdistusaine\\\/\",\"url\":\"https:\\\/\\\/dodo-inflatables.com\\\/fi\\\/tuote\\\/pomppulinna-puhdistusaine\\\/\",\"name\":\"Pomppulinnan puhdistusaine - S\u00e4ihkyv\u00e4\u00e4 puhtautta ja pitk\u00e4kestoista hauskanpitoa!\",\"isPartOf\":{\"@id\":\"https:\\\/\\\/dodo-inflatables.com\\\/fi\\\/#website\"},\"primaryImageOfPage\":{\"@id\":\"https:\\\/\\\/dodo-inflatables.com\\\/fi\\\/tuote\\\/pomppulinna-puhdistusaine\\\/#primaryimage\"},\"image\":{\"@id\":\"https:\\\/\\\/dodo-inflatables.com\\\/fi\\\/tuote\\\/pomppulinna-puhdistusaine\\\/#primaryimage\"},\"thumbnailUrl\":\"https:\\\/\\\/dodo-inflatables.com\\\/wp-content\\\/uploads\\\/2019\\\/03\\\/Bouncy-Castle-Cleaner.jpg\",\"datePublished\":\"2019-03-28T13:34:40+00:00\",\"dateModified\":\"2026-04-22T07:05:09+00:00\",\"description\":\"Osta puhallettavien PVC-puhdistusaine Dodo-Inflatables.comista | Suuri valikoima varastossa | Sertifioitu EN14960 mukaisesti | Nopea toimitus!\",\"breadcrumb\":{\"@id\":\"https:\\\/\\\/dodo-inflatables.com\\\/fi\\\/tuote\\\/pomppulinna-puhdistusaine\\\/#breadcrumb\"},\"inLanguage\":\"fi\",\"potentialAction\":[{\"@type\":\"ReadAction\",\"target\":[\"https:\\\/\\\/dodo-inflatables.com\\\/fi\\\/tuote\\\/pomppulinna-puhdistusaine\\\/\"]}]},{\"@type\":\"ImageObject\",\"inLanguage\":\"fi\",\"@id\":\"https:\\\/\\\/dodo-inflatables.com\\\/fi\\\/tuote\\\/pomppulinna-puhdistusaine\\\/#primaryimage\",\"url\":\"https:\\\/\\\/dodo-inflatables.com\\\/wp-content\\\/uploads\\\/2019\\\/03\\\/Bouncy-Castle-Cleaner.jpg\",\"contentUrl\":\"https:\\\/\\\/dodo-inflatables.com\\\/wp-content\\\/uploads\\\/2019\\\/03\\\/Bouncy-Castle-Cleaner.jpg\",\"width\":500,\"height\":500},{\"@type\":\"BreadcrumbList\",\"@id\":\"https:\\\/\\\/dodo-inflatables.com\\\/fi\\\/tuote\\\/pomppulinna-puhdistusaine\\\/#breadcrumb\",\"itemListElement\":[{\"@type\":\"ListItem\",\"position\":1,\"name\":\"Etusivu\",\"item\":\"https:\\\/\\\/dodo-inflatables.com\\\/fi\\\/\"},{\"@type\":\"ListItem\",\"position\":2,\"name\":\"Kauppa\",\"item\":\"https:\\\/\\\/dodo-inflatables.com\\\/fi\\\/kauppa\\\/\"},{\"@type\":\"ListItem\",\"position\":3,\"name\":\"Pomppulinna puhdistusaine\"}]},{\"@type\":\"WebSite\",\"@id\":\"https:\\\/\\\/dodo-inflatables.com\\\/fi\\\/#website\",\"url\":\"https:\\\/\\\/dodo-inflatables.com\\\/fi\\\/\",\"name\":\"dodo-inflatables.com\",\"description\":\"Osta pomppulinnoja ja n\u00e4ht\u00e4vyyksi\u00e4 myym\u00e4l\u00e4st\u00e4mme.\",\"potentialAction\":[{\"@type\":\"SearchAction\",\"target\":{\"@type\":\"EntryPoint\",\"urlTemplate\":\"https:\\\/\\\/dodo-inflatables.com\\\/fi\\\/?s={search_term_string}\"},\"query-input\":{\"@type\":\"PropertyValueSpecification\",\"valueRequired\":true,\"valueName\":\"search_term_string\"}}],\"inLanguage\":\"fi\"}]}<\/script>\n<!-- \/ Yoast SEO plugin. -->","yoast_head_json":{"title":"Pomppulinnan puhdistusaine - S\u00e4ihkyv\u00e4\u00e4 puhtautta ja pitk\u00e4kestoista hauskanpitoa!","description":"Osta puhallettavien PVC-puhdistusaine Dodo-Inflatables.comista | Suuri valikoima varastossa | Sertifioitu EN14960 mukaisesti | Nopea toimitus!","robots":{"index":"index","follow":"follow","max-snippet":"max-snippet:-1","max-image-preview":"max-image-preview:large","max-video-preview":"max-video-preview:-1"},"canonical":"https:\/\/dodo-inflatables.com\/fi\/tuote\/pomppulinna-puhdistusaine\/","twitter_misc":{"Arvioitu lukuaika":"1 minuutti"},"schema":{"@context":"https:\/\/schema.org","@graph":[{"@type":"WebPage","@id":"https:\/\/dodo-inflatables.com\/fi\/tuote\/pomppulinna-puhdistusaine\/","url":"https:\/\/dodo-inflatables.com\/fi\/tuote\/pomppulinna-puhdistusaine\/","name":"Pomppulinnan puhdistusaine - S\u00e4ihkyv\u00e4\u00e4 puhtautta ja pitk\u00e4kestoista hauskanpitoa!","isPartOf":{"@id":"https:\/\/dodo-inflatables.com\/fi\/#website"},"primaryImageOfPage":{"@id":"https:\/\/dodo-inflatables.com\/fi\/tuote\/pomppulinna-puhdistusaine\/#primaryimage"},"image":{"@id":"https:\/\/dodo-inflatables.com\/fi\/tuote\/pomppulinna-puhdistusaine\/#primaryimage"},"thumbnailUrl":"https:\/\/dodo-inflatables.com\/wp-content\/uploads\/2019\/03\/Bouncy-Castle-Cleaner.jpg","datePublished":"2019-03-28T13:34:40+00:00","dateModified":"2026-04-22T07:05:09+00:00","description":"Osta puhallettavien PVC-puhdistusaine Dodo-Inflatables.comista | Suuri valikoima varastossa | Sertifioitu EN14960 mukaisesti | Nopea toimitus!","breadcrumb":{"@id":"https:\/\/dodo-inflatables.com\/fi\/tuote\/pomppulinna-puhdistusaine\/#breadcrumb"},"inLanguage":"fi","potentialAction":[{"@type":"ReadAction","target":["https:\/\/dodo-inflatables.com\/fi\/tuote\/pomppulinna-puhdistusaine\/"]}]},{"@type":"ImageObject","inLanguage":"fi","@id":"https:\/\/dodo-inflatables.com\/fi\/tuote\/pomppulinna-puhdistusaine\/#primaryimage","url":"https:\/\/dodo-inflatables.com\/wp-content\/uploads\/2019\/03\/Bouncy-Castle-Cleaner.jpg","contentUrl":"https:\/\/dodo-inflatables.com\/wp-content\/uploads\/2019\/03\/Bouncy-Castle-Cleaner.jpg","width":500,"height":500},{"@type":"BreadcrumbList","@id":"https:\/\/dodo-inflatables.com\/fi\/tuote\/pomppulinna-puhdistusaine\/#breadcrumb","itemListElement":[{"@type":"ListItem","position":1,"name":"Etusivu","item":"https:\/\/dodo-inflatables.com\/fi\/"},{"@type":"ListItem","position":2,"name":"Kauppa","item":"https:\/\/dodo-inflatables.com\/fi\/kauppa\/"},{"@type":"ListItem","position":3,"name":"Pomppulinna puhdistusaine"}]},{"@type":"WebSite","@id":"https:\/\/dodo-inflatables.com\/fi\/#website","url":"https:\/\/dodo-inflatables.com\/fi\/","name":"dodo-inflatables.com","description":"Osta pomppulinnoja ja n\u00e4ht\u00e4vyyksi\u00e4 myym\u00e4l\u00e4st\u00e4mme.","potentialAction":[{"@type":"SearchAction","target":{"@type":"EntryPoint","urlTemplate":"https:\/\/dodo-inflatables.com\/fi\/?s={search_term_string}"},"query-input":{"@type":"PropertyValueSpecification","valueRequired":true,"valueName":"search_term_string"}}],"inLanguage":"fi"}]}},"uagb_featured_image_src":{"full":["https:\/\/dodo-inflatables.com\/wp-content\/uploads\/2019\/03\/Bouncy-Castle-Cleaner.jpg",500,500,false],"thumbnail":["https:\/\/dodo-inflatables.com\/wp-content\/uploads\/2019\/03\/Bouncy-Castle-Cleaner-150x150.jpg",150,150,true],"medium":["https:\/\/dodo-inflatables.com\/wp-content\/uploads\/2019\/03\/Bouncy-Castle-Cleaner-300x300.jpg",300,300,true],"medium_large":["https:\/\/dodo-inflatables.com\/wp-content\/uploads\/2019\/03\/Bouncy-Castle-Cleaner.jpg",500,500,false],"large":["https:\/\/dodo-inflatables.com\/wp-content\/uploads\/2019\/03\/Bouncy-Castle-Cleaner.jpg",500,500,false],"1536x1536":["https:\/\/dodo-inflatables.com\/wp-content\/uploads\/2019\/03\/Bouncy-Castle-Cleaner.jpg",500,500,false],"2048x2048":["https:\/\/dodo-inflatables.com\/wp-content\/uploads\/2019\/03\/Bouncy-Castle-Cleaner.jpg",500,500,false],"woocommerce_thumbnail":["https:\/\/dodo-inflatables.com\/wp-content\/uploads\/2019\/03\/Bouncy-Castle-Cleaner.jpg",500,500,false],"woocommerce_single":["https:\/\/dodo-inflatables.com\/wp-content\/uploads\/2019\/03\/Bouncy-Castle-Cleaner.jpg",500,500,false],"woocommerce_gallery_thumbnail":["https:\/\/dodo-inflatables.com\/wp-content\/uploads\/2019\/03\/Bouncy-Castle-Cleaner-100x100.jpg",100,100,true]},"uagb_author_info":{"display_name":"Andreas","author_link":"https:\/\/dodo-inflatables.com\/fi\/author\/"},"uagb_comment_info":0,"uagb_excerpt":"Sis\u00e4lt\u00f6: 1 litra Sopii: pomppulinnoille, t\u00e4ytett\u00e4ville leikkiv\u00e4lineille, PVC-pressu- ja muovipinnoille K\u00e4ytt\u00f6: voidaan laimentaa vedell\u00e4 Puhdistusmenetelm\u00e4: k\u00e4sinpuhdistus liinalla, sienell\u00e4 tai suihkulaitteella","_links":{"self":[{"href":"https:\/\/dodo-inflatables.com\/fi\/wp-json\/wp\/v2\/product\/18916","targetHints":{"allow":["GET"]}}],"collection":[{"href":"https:\/\/dodo-inflatables.com\/fi\/wp-json\/wp\/v2\/product"}],"about":[{"href":"https:\/\/dodo-inflatables.com\/fi\/wp-json\/wp\/v2\/types\/product"}],"replies":[{"embeddable":true,"href":"https:\/\/dodo-inflatables.com\/fi\/wp-json\/wp\/v2\/comments?post=18916"}],"wp:featuredmedia":[{"embeddable":true,"href":"https:\/\/dodo-inflatables.com\/fi\/wp-json\/wp\/v2\/media\/55322"}],"wp:attachment":[{"href":"https:\/\/dodo-inflatables.com\/fi\/wp-json\/wp\/v2\/media?parent=18916"}],"wp:term":[{"taxonomy":"product_brand","embeddable":true,"href":"https:\/\/dodo-inflatables.com\/fi\/wp-json\/wp\/v2\/product_brand?post=18916"},{"taxonomy":"product_cat","embeddable":true,"href":"https:\/\/dodo-inflatables.com\/fi\/wp-json\/wp\/v2\/product_cat?post=18916"},{"taxonomy":"product_tag","embeddable":true,"href":"https:\/\/dodo-inflatables.com\/fi\/wp-json\/wp\/v2\/product_tag?post=18916"}],"curies":[{"name":"wp","href":"https:\/\/api.w.org\/{rel}","templated":true}]}}