{"id":19522,"date":"2021-04-14T14:59:50","date_gmt":"2021-04-14T12:59:50","guid":{"rendered":"https:\/\/dodo-inflatables.com\/product\/pomppulinnan-desinfiointiaine\/"},"modified":"2024-07-17T15:23:52","modified_gmt":"2024-07-17T13:23:52","slug":"pomppulinnan-desinfiointiaine","status":"publish","type":"product","link":"https:\/\/dodo-inflatables.com\/fi\/tuote\/pomppulinnan-desinfiointiaine\/","title":{"rendered":"Pomppulinnan desinfiointiaine"},"content":{"rendered":"<p>Desinfiointiaineemme pomppulinnoille tehoaa bakteerikantoihin ja kuorellisiin viruksiin (SARS COV-2) sis\u00e4lt\u00e4miens\u00e4 aktiivisten ainesosien ansiosta.<br \/>\nDesinfiointiaine on alkoholiton, joten se on turvallinen pomppulinnan pinnalle. Lis\u00e4ksi se on biohajoavaa ja sy\u00f6vytt\u00e4m\u00e4t\u00f6nt\u00e4. Liuos on valmiiksi sekoitettu ja toimitetaan k\u00e4ytt\u00e4j\u00e4yst\u00e4v\u00e4llisess\u00e4 suihkepullossa.<\/p>\n<p>Sovellus on my\u00f6s suoraviivainen:<\/p>\n<ol>\n<li>Poista karkea lika pomppulinnan sis\u00e4lt\u00e4 ja ulkopuolelta ennen desinfiointiaineen levitt\u00e4mist\u00e4.<\/li>\n<li>Suihkuta tai levit\u00e4 desinfiointiliuosta desinfioitavalle alueelle, kunnes se on kokonaan peitetty.<\/li>\n<li>Anna sen vaikuttaa hetki ja pyyhi sitten puhtaalla liinalla (\u00e4l\u00e4 &#8221;hankaa&#8221;).<\/li>\n<li>Desinfiointikerros saavuttaa t\u00e4yden tehonsa noin 15 minuutin kontaktiajan j\u00e4lkeen.<\/li>\n<\/ol>\n<p>Ainesosat: 100 g laimentamatonta liuosta sis\u00e4lt\u00e4\u00e4 biosidikomponenttia bentsyyli-C12-16-alkyylidimetyylikloridia.<\/p>\n<p>Tuote on Euroopan biosididirektiivin Baua Reg No.: N-31951 mukainen.<br \/>\nTestaustodistukset seuraavien standardien mukaisesti: AMS 1550B, Boeing Doc. D6-17487, Boeing D6-7127, Airbusin ja McDonnell Douglasin m\u00e4\u00e4r\u00e4ykset, ASTM F 487; LH-spesifikaatio, BOEING BSS 7434 (testiss\u00e4), AMS 1452C (testiss\u00e4).<br \/>\nDGHM:n m\u00e4\u00e4r\u00e4ysten mukainen testaus<\/p>\n<p><strong>K\u00e4yt\u00e4 desinfiointiainetta varovasti. Lue aina etiketti ja tuotetiedot ennen k\u00e4ytt\u00f6\u00e4.<\/strong><\/p>\n","protected":false},"excerpt":{"rendered":"<ul>\n<li>Pomppulinnan desinfiointiaine<\/li>\n<li>12 x 500ml pulloa<\/li>\n<li>Esisekoitettu ja k\u00e4ytt\u00f6valmis<\/li>\n<li>1 litra = 11,66 \u20ac<\/li>\n<\/ul>\n","protected":false},"featured_media":19524,"comment_status":"open","ping_status":"closed","template":"","meta":{"_acf_changed":false,"_uag_custom_page_level_css":"","site-sidebar-layout":"default","site-content-layout":"boxed-container","ast-site-content-layout":"normal-width-container","site-content-style":"boxed","site-sidebar-style":"boxed","ast-global-header-display":"","ast-banner-title-visibility":"","ast-main-header-display":"","ast-hfb-above-header-display":"","ast-hfb-below-header-display":"","ast-hfb-mobile-header-display":"","site-post-title":"disabled","ast-breadcrumbs-content":"","ast-featured-img":"","footer-sml-layout":"","ast-disable-related-posts":"","theme-transparent-header-meta":"default","adv-header-id-meta":"","stick-header-meta":"default","header-above-stick-meta":"","header-main-stick-meta":"","header-below-stick-meta":"","astra-migrate-meta-layouts":"default","ast-page-background-enabled":"default","ast-page-background-meta":{"desktop":{"background-color":"var(--ast-global-color-4)","background-image":"","background-repeat":"repeat","background-position":"center center","background-size":"auto","background-attachment":"scroll","background-type":"","background-media":"","overlay-type":"","overlay-color":"","overlay-opacity":"","overlay-gradient":""},"tablet":{"background-color":"","background-image":"","background-repeat":"repeat","background-position":"center center","background-size":"auto","background-attachment":"scroll","background-type":"","background-media":"","overlay-type":"","overlay-color":"","overlay-opacity":"","overlay-gradient":""},"mobile":{"background-color":"","background-image":"","background-repeat":"repeat","background-position":"center center","background-size":"auto","background-attachment":"scroll","background-type":"","background-media":"","overlay-type":"","overlay-color":"","overlay-opacity":"","overlay-gradient":""}},"ast-content-background-meta":{"desktop":{"background-color":"var(--ast-global-color-5)","background-image":"","background-repeat":"repeat","background-position":"center center","background-size":"auto","background-attachment":"scroll","background-type":"","background-media":"","overlay-type":"","overlay-color":"","overlay-opacity":"","overlay-gradient":""},"tablet":{"background-color":"var(--ast-global-color-5)","background-image":"","background-repeat":"repeat","background-position":"center center","background-size":"auto","background-attachment":"scroll","background-type":"","background-media":"","overlay-type":"","overlay-color":"","overlay-opacity":"","overlay-gradient":""},"mobile":{"background-color":"var(--ast-global-color-5)","background-image":"","background-repeat":"repeat","background-position":"center center","background-size":"auto","background-attachment":"scroll","background-type":"","background-media":"","overlay-type":"","overlay-color":"","overlay-opacity":"","overlay-gradient":""}}},"product_brand":[],"product_cat":[2058],"product_tag":[],"class_list":{"0":"post-19522","1":"product","2":"type-product","3":"status-publish","4":"has-post-thumbnail","6":"product_cat-tarvikkeet","7":"product_shipping_class-zubehor-fi","8":"desktop-align-center","9":"tablet-align-center","10":"mobile-align-center","11":"ast-product-gallery-layout-horizontal","12":"ast-product-gallery-with-no-image","13":"ast-product-tabs-layout-horizontal","15":"first","16":"instock","17":"taxable","18":"shipping-taxable","19":"purchasable","20":"product-type-simple"},"acf":[],"yoast_head":"<!-- This site is optimized with the Yoast SEO plugin v27.3 - https:\/\/yoast.com\/product\/yoast-seo-wordpress\/ -->\n<title>Pomppulinnan desinfiointiaine | Dodo-Inflatables.com<\/title>\n<meta name=\"description\" content=\"Osta desinfiointiainetta puhallettavien puhdistukseen Dodo-Inflatables.comista | Suuri valikoima varastossa | Sertifioitu EN14960 mukaisesti | Nopea toimitus!\" \/>\n<meta name=\"robots\" content=\"index, follow, max-snippet:-1, max-image-preview:large, max-video-preview:-1\" \/>\n<link rel=\"canonical\" href=\"https:\/\/dodo-inflatables.com\/fi\/tuote\/pomppulinnan-desinfiointiaine\/\" \/>\n<meta name=\"twitter:label1\" content=\"Arvioitu lukuaika\" \/>\n\t<meta name=\"twitter:data1\" content=\"1 minuutti\" \/>\n<script type=\"application\/ld+json\" class=\"yoast-schema-graph\">{\"@context\":\"https:\\\/\\\/schema.org\",\"@graph\":[{\"@type\":\"WebPage\",\"@id\":\"https:\\\/\\\/dodo-inflatables.com\\\/fi\\\/tuote\\\/pomppulinnan-desinfiointiaine\\\/\",\"url\":\"https:\\\/\\\/dodo-inflatables.com\\\/fi\\\/tuote\\\/pomppulinnan-desinfiointiaine\\\/\",\"name\":\"Pomppulinnan desinfiointiaine | Dodo-Inflatables.com\",\"isPartOf\":{\"@id\":\"https:\\\/\\\/dodo-inflatables.com\\\/fi\\\/#website\"},\"primaryImageOfPage\":{\"@id\":\"https:\\\/\\\/dodo-inflatables.com\\\/fi\\\/tuote\\\/pomppulinnan-desinfiointiaine\\\/#primaryimage\"},\"image\":{\"@id\":\"https:\\\/\\\/dodo-inflatables.com\\\/fi\\\/tuote\\\/pomppulinnan-desinfiointiaine\\\/#primaryimage\"},\"thumbnailUrl\":\"https:\\\/\\\/dodo-inflatables.com\\\/wp-content\\\/uploads\\\/2021\\\/04\\\/huepfburg-desinfektionsmittel-kaufen.png\",\"datePublished\":\"2021-04-14T12:59:50+00:00\",\"dateModified\":\"2024-07-17T13:23:52+00:00\",\"description\":\"Osta desinfiointiainetta puhallettavien puhdistukseen Dodo-Inflatables.comista | Suuri valikoima varastossa | Sertifioitu EN14960 mukaisesti | Nopea toimitus!\",\"breadcrumb\":{\"@id\":\"https:\\\/\\\/dodo-inflatables.com\\\/fi\\\/tuote\\\/pomppulinnan-desinfiointiaine\\\/#breadcrumb\"},\"inLanguage\":\"fi\",\"potentialAction\":[{\"@type\":\"ReadAction\",\"target\":[\"https:\\\/\\\/dodo-inflatables.com\\\/fi\\\/tuote\\\/pomppulinnan-desinfiointiaine\\\/\"]}]},{\"@type\":\"ImageObject\",\"inLanguage\":\"fi\",\"@id\":\"https:\\\/\\\/dodo-inflatables.com\\\/fi\\\/tuote\\\/pomppulinnan-desinfiointiaine\\\/#primaryimage\",\"url\":\"https:\\\/\\\/dodo-inflatables.com\\\/wp-content\\\/uploads\\\/2021\\\/04\\\/huepfburg-desinfektionsmittel-kaufen.png\",\"contentUrl\":\"https:\\\/\\\/dodo-inflatables.com\\\/wp-content\\\/uploads\\\/2021\\\/04\\\/huepfburg-desinfektionsmittel-kaufen.png\",\"width\":500,\"height\":500},{\"@type\":\"BreadcrumbList\",\"@id\":\"https:\\\/\\\/dodo-inflatables.com\\\/fi\\\/tuote\\\/pomppulinnan-desinfiointiaine\\\/#breadcrumb\",\"itemListElement\":[{\"@type\":\"ListItem\",\"position\":1,\"name\":\"Etusivu\",\"item\":\"https:\\\/\\\/dodo-inflatables.com\\\/fi\\\/\"},{\"@type\":\"ListItem\",\"position\":2,\"name\":\"Kauppa\",\"item\":\"https:\\\/\\\/dodo-inflatables.com\\\/fi\\\/?page_id=16795\"},{\"@type\":\"ListItem\",\"position\":3,\"name\":\"Pomppulinnan desinfiointiaine\"}]},{\"@type\":\"WebSite\",\"@id\":\"https:\\\/\\\/dodo-inflatables.com\\\/fi\\\/#website\",\"url\":\"https:\\\/\\\/dodo-inflatables.com\\\/fi\\\/\",\"name\":\"dodo-inflatables.com\",\"description\":\"Osta pomppulinnoja ja n\u00e4ht\u00e4vyyksi\u00e4 myym\u00e4l\u00e4st\u00e4mme.\",\"publisher\":{\"@id\":\"https:\\\/\\\/dodo-inflatables.com\\\/fi\\\/#organization\"},\"potentialAction\":[{\"@type\":\"SearchAction\",\"target\":{\"@type\":\"EntryPoint\",\"urlTemplate\":\"https:\\\/\\\/dodo-inflatables.com\\\/fi\\\/?s={search_term_string}\"},\"query-input\":{\"@type\":\"PropertyValueSpecification\",\"valueRequired\":true,\"valueName\":\"search_term_string\"}}],\"inLanguage\":\"fi\"},{\"@type\":\"Organization\",\"@id\":\"https:\\\/\\\/dodo-inflatables.com\\\/fi\\\/#organization\",\"name\":\"dodo-inflatables.com\",\"url\":\"https:\\\/\\\/dodo-inflatables.com\\\/fi\\\/\",\"logo\":{\"@type\":\"ImageObject\",\"inLanguage\":\"fi\",\"@id\":\"https:\\\/\\\/dodo-inflatables.com\\\/fi\\\/#\\\/schema\\\/logo\\\/image\\\/\",\"url\":\"https:\\\/\\\/dodo-inflatables.com\\\/wp-content\\\/uploads\\\/2023\\\/04\\\/cropped-cropped-cropped-Dodo-Logo.png\",\"contentUrl\":\"https:\\\/\\\/dodo-inflatables.com\\\/wp-content\\\/uploads\\\/2023\\\/04\\\/cropped-cropped-cropped-Dodo-Logo.png\",\"width\":2996,\"height\":1545,\"caption\":\"dodo-inflatables.com\"},\"image\":{\"@id\":\"https:\\\/\\\/dodo-inflatables.com\\\/fi\\\/#\\\/schema\\\/logo\\\/image\\\/\"}}]}<\/script>\n<!-- \/ Yoast SEO plugin. -->","yoast_head_json":{"title":"Pomppulinnan desinfiointiaine | Dodo-Inflatables.com","description":"Osta desinfiointiainetta puhallettavien puhdistukseen Dodo-Inflatables.comista | Suuri valikoima varastossa | Sertifioitu EN14960 mukaisesti | Nopea toimitus!","robots":{"index":"index","follow":"follow","max-snippet":"max-snippet:-1","max-image-preview":"max-image-preview:large","max-video-preview":"max-video-preview:-1"},"canonical":"https:\/\/dodo-inflatables.com\/fi\/tuote\/pomppulinnan-desinfiointiaine\/","twitter_misc":{"Arvioitu lukuaika":"1 minuutti"},"schema":{"@context":"https:\/\/schema.org","@graph":[{"@type":"WebPage","@id":"https:\/\/dodo-inflatables.com\/fi\/tuote\/pomppulinnan-desinfiointiaine\/","url":"https:\/\/dodo-inflatables.com\/fi\/tuote\/pomppulinnan-desinfiointiaine\/","name":"Pomppulinnan desinfiointiaine | Dodo-Inflatables.com","isPartOf":{"@id":"https:\/\/dodo-inflatables.com\/fi\/#website"},"primaryImageOfPage":{"@id":"https:\/\/dodo-inflatables.com\/fi\/tuote\/pomppulinnan-desinfiointiaine\/#primaryimage"},"image":{"@id":"https:\/\/dodo-inflatables.com\/fi\/tuote\/pomppulinnan-desinfiointiaine\/#primaryimage"},"thumbnailUrl":"https:\/\/dodo-inflatables.com\/wp-content\/uploads\/2021\/04\/huepfburg-desinfektionsmittel-kaufen.png","datePublished":"2021-04-14T12:59:50+00:00","dateModified":"2024-07-17T13:23:52+00:00","description":"Osta desinfiointiainetta puhallettavien puhdistukseen Dodo-Inflatables.comista | Suuri valikoima varastossa | Sertifioitu EN14960 mukaisesti | Nopea toimitus!","breadcrumb":{"@id":"https:\/\/dodo-inflatables.com\/fi\/tuote\/pomppulinnan-desinfiointiaine\/#breadcrumb"},"inLanguage":"fi","potentialAction":[{"@type":"ReadAction","target":["https:\/\/dodo-inflatables.com\/fi\/tuote\/pomppulinnan-desinfiointiaine\/"]}]},{"@type":"ImageObject","inLanguage":"fi","@id":"https:\/\/dodo-inflatables.com\/fi\/tuote\/pomppulinnan-desinfiointiaine\/#primaryimage","url":"https:\/\/dodo-inflatables.com\/wp-content\/uploads\/2021\/04\/huepfburg-desinfektionsmittel-kaufen.png","contentUrl":"https:\/\/dodo-inflatables.com\/wp-content\/uploads\/2021\/04\/huepfburg-desinfektionsmittel-kaufen.png","width":500,"height":500},{"@type":"BreadcrumbList","@id":"https:\/\/dodo-inflatables.com\/fi\/tuote\/pomppulinnan-desinfiointiaine\/#breadcrumb","itemListElement":[{"@type":"ListItem","position":1,"name":"Etusivu","item":"https:\/\/dodo-inflatables.com\/fi\/"},{"@type":"ListItem","position":2,"name":"Kauppa","item":"https:\/\/dodo-inflatables.com\/fi\/?page_id=16795"},{"@type":"ListItem","position":3,"name":"Pomppulinnan desinfiointiaine"}]},{"@type":"WebSite","@id":"https:\/\/dodo-inflatables.com\/fi\/#website","url":"https:\/\/dodo-inflatables.com\/fi\/","name":"dodo-inflatables.com","description":"Osta pomppulinnoja ja n\u00e4ht\u00e4vyyksi\u00e4 myym\u00e4l\u00e4st\u00e4mme.","publisher":{"@id":"https:\/\/dodo-inflatables.com\/fi\/#organization"},"potentialAction":[{"@type":"SearchAction","target":{"@type":"EntryPoint","urlTemplate":"https:\/\/dodo-inflatables.com\/fi\/?s={search_term_string}"},"query-input":{"@type":"PropertyValueSpecification","valueRequired":true,"valueName":"search_term_string"}}],"inLanguage":"fi"},{"@type":"Organization","@id":"https:\/\/dodo-inflatables.com\/fi\/#organization","name":"dodo-inflatables.com","url":"https:\/\/dodo-inflatables.com\/fi\/","logo":{"@type":"ImageObject","inLanguage":"fi","@id":"https:\/\/dodo-inflatables.com\/fi\/#\/schema\/logo\/image\/","url":"https:\/\/dodo-inflatables.com\/wp-content\/uploads\/2023\/04\/cropped-cropped-cropped-Dodo-Logo.png","contentUrl":"https:\/\/dodo-inflatables.com\/wp-content\/uploads\/2023\/04\/cropped-cropped-cropped-Dodo-Logo.png","width":2996,"height":1545,"caption":"dodo-inflatables.com"},"image":{"@id":"https:\/\/dodo-inflatables.com\/fi\/#\/schema\/logo\/image\/"}}]}},"uagb_featured_image_src":{"full":["https:\/\/dodo-inflatables.com\/wp-content\/uploads\/2021\/04\/huepfburg-desinfektionsmittel-kaufen.png",500,500,false],"thumbnail":["https:\/\/dodo-inflatables.com\/wp-content\/uploads\/2021\/04\/huepfburg-desinfektionsmittel-kaufen-150x150.png",150,150,true],"medium":["https:\/\/dodo-inflatables.com\/wp-content\/uploads\/2021\/04\/huepfburg-desinfektionsmittel-kaufen-300x300.png",300,300,true],"medium_large":["https:\/\/dodo-inflatables.com\/wp-content\/uploads\/2021\/04\/huepfburg-desinfektionsmittel-kaufen.png",500,500,false],"large":["https:\/\/dodo-inflatables.com\/wp-content\/uploads\/2021\/04\/huepfburg-desinfektionsmittel-kaufen.png",500,500,false],"1536x1536":["https:\/\/dodo-inflatables.com\/wp-content\/uploads\/2021\/04\/huepfburg-desinfektionsmittel-kaufen.png",500,500,false],"2048x2048":["https:\/\/dodo-inflatables.com\/wp-content\/uploads\/2021\/04\/huepfburg-desinfektionsmittel-kaufen.png",500,500,false],"woocommerce_thumbnail":["https:\/\/dodo-inflatables.com\/wp-content\/uploads\/2021\/04\/huepfburg-desinfektionsmittel-kaufen.png",500,500,false],"woocommerce_single":["https:\/\/dodo-inflatables.com\/wp-content\/uploads\/2021\/04\/huepfburg-desinfektionsmittel-kaufen.png",500,500,false],"woocommerce_gallery_thumbnail":["https:\/\/dodo-inflatables.com\/wp-content\/uploads\/2021\/04\/huepfburg-desinfektionsmittel-kaufen-100x100.png",100,100,true]},"uagb_author_info":{"display_name":"Andreas","author_link":"https:\/\/dodo-inflatables.com\/fi\/author\/"},"uagb_comment_info":0,"uagb_excerpt":"Pomppulinnan desinfiointiaine 12 x 500ml pulloa Esisekoitettu ja k\u00e4ytt\u00f6valmis 1 litra = 11,66 \u20ac","_links":{"self":[{"href":"https:\/\/dodo-inflatables.com\/fi\/wp-json\/wp\/v2\/product\/19522","targetHints":{"allow":["GET"]}}],"collection":[{"href":"https:\/\/dodo-inflatables.com\/fi\/wp-json\/wp\/v2\/product"}],"about":[{"href":"https:\/\/dodo-inflatables.com\/fi\/wp-json\/wp\/v2\/types\/product"}],"replies":[{"embeddable":true,"href":"https:\/\/dodo-inflatables.com\/fi\/wp-json\/wp\/v2\/comments?post=19522"}],"wp:featuredmedia":[{"embeddable":true,"href":"https:\/\/dodo-inflatables.com\/fi\/wp-json\/wp\/v2\/media\/19524"}],"wp:attachment":[{"href":"https:\/\/dodo-inflatables.com\/fi\/wp-json\/wp\/v2\/media?parent=19522"}],"wp:term":[{"taxonomy":"product_brand","embeddable":true,"href":"https:\/\/dodo-inflatables.com\/fi\/wp-json\/wp\/v2\/product_brand?post=19522"},{"taxonomy":"product_cat","embeddable":true,"href":"https:\/\/dodo-inflatables.com\/fi\/wp-json\/wp\/v2\/product_cat?post=19522"},{"taxonomy":"product_tag","embeddable":true,"href":"https:\/\/dodo-inflatables.com\/fi\/wp-json\/wp\/v2\/product_tag?post=19522"}],"curies":[{"name":"wp","href":"https:\/\/api.w.org\/{rel}","templated":true}]}}