{"id":19579,"date":"2021-01-18T12:17:14","date_gmt":"2021-01-18T11:17:14","guid":{"rendered":"https:\/\/dodo-inflatables.com\/product\/puhallettava-alppimokki\/"},"modified":"2024-07-17T15:24:06","modified_gmt":"2024-07-17T13:24:06","slug":"puhallettava-alppimokki","status":"publish","type":"product","link":"https:\/\/dodo-inflatables.com\/fi\/tuote\/puhallettava-alppimokki\/","title":{"rendered":"Puhallettava alppim\u00f6kki"},"content":{"rendered":"<h1>Osta puhallettava alppim\u00f6kki &#8211; teltta erikoistilaisuuksiin<\/h1>\n<p>T\u00e4ss\u00e4 meill\u00e4 on hyvin erikoinen puhallettava teltta, joka on muotoiltu puisen vuoristomajan malliseksi. T\u00e4m\u00e4 puhallettava puinen maja sopii t\u00e4ydellisesti tapahtumiin ja myynninedist\u00e4mistoimintaan. Ilmat\u00e4ytteiseen telttaan sy\u00f6tet\u00e4\u00e4n jatkuvasti ilmaa pomppulinnan puhaltimen avulla, joten se on eritt\u00e4in vakaa. Ilman muuta puhallettavassa teltassa on useita silmukoita, jotta se voidaan kiinnitt\u00e4\u00e4 tuulta vastaan parhaalla mahdollisella tavalla. Alppimajan yksityiskohdat on mietitty hyvin, esimerkiksi ovi voidaan avata ja sulkea vetoketjulla. Kattopaanut n\u00e4ytt\u00e4v\u00e4t upean aidoilta, ja ikkunoissa on irrotettavat hyttysverkot, jotta voit viett\u00e4\u00e4 rentouttavia iltoja majassa. Majan yl\u00e4puolella on my\u00f6s 2 silmukkaa, joihin voi kiinnitt\u00e4\u00e4 halutulla merkinn\u00e4ll\u00e4, logolla tai kuviolla varustetun banderollin. Todellinen monitoimim\u00f6kki, jota voidaan k\u00e4ytt\u00e4\u00e4 moniin eri tarkoituksiin! Olipa kyseess\u00e4 baariteltta, tapahtumabaari, mainosteltta tai yksinkertaisesti katseenvangitsija, t\u00e4m\u00e4 puhallettava vuoristom\u00f6kki k\u00e4\u00e4nt\u00e4\u00e4 varmasti p\u00e4\u00e4t.<\/p>\n<p>Haluaisitko majan muissa mitoissa tai mallissa, esimerkiksi irlantilaisena pubina? Ei h\u00e4t\u00e4\u00e4, tarjoamme mielell\u00e4mme kaikki vaihtoehdot.<\/p>\n<p>Suosittelemme puhallettavan alppimajan k\u00e4ytt\u00f6\u00e4 vain sopivien aluskatteiden p\u00e4\u00e4ll\u00e4. L\u00f6yd\u00e4t n\u00e4m\u00e4 my\u00f6s tarvikekategoriastamme. Suosittelemme yleens\u00e4, ett\u00e4 puhallettava juhlam\u00f6kki pystytet\u00e4\u00e4n nurmikolle. My\u00f6s maakiinnitystappimme sopivat t\u00e4ydellisesti sen kiinnitt\u00e4miseen.<\/p>\n<p>Puhallettava puinen maja toimitetaan sopivassa kuljetuslaukussa. Puhallettavan majan suojaamiseksi ulkoisilta vaikutuksilta ja kuljetusvaurioilta, maja on pakattava asianmukaisesti uudelleen jokaisen k\u00e4yt\u00f6n j\u00e4lkeen. Vuokrausyrityksen\u00e4 sinun pit\u00e4isi my\u00f6s vaatia asiakasta pakkaamaan puhallettava maja uudelleen asianmukaisesti.<\/p>\n<h3>Puhallettavan alppimajan yksityiskohdat<\/h3>\n<ul>\n<li>Mitat (L x S x K): 6,00 m x 4,00 m x 6,20 m *.<\/li>\n<li>Paino: n. 80 kg *<\/li>\n<li>Pakkauskoko: 80 x 80 x 110 cm *<\/li>\n<li>Asennusaika: 10 minuuttia<\/li>\n<li>Materiaali: PVC (0,55 mm \/ 621,3 g\/m2).<\/li>\n<li>2 &#8211; 4 saumaa (k\u00e4ytt\u00f6tarkoituksesta riippuen)<\/li>\n<li>Palonsuoja-aine<\/li>\n<li>EN 14960 mukainen hyv\u00e4ksymistodistus<\/li>\n<li>Vetoketju tarrakiinnityksell\u00e4, vahvistetut kulmat<\/li>\n<\/ul>\n<p>Toimitukseen sis\u00e4ltyy: puhallettava alppim\u00f6kki, kuljetuslaukku ja korjaussarja.<\/p>\n<p>Puhallin ja suojapeite eiv\u00e4t sis\u00e4lly toimitukseen. N\u00e4m\u00e4 l\u00f6ytyv\u00e4t lis\u00e4varustekategoriasta.<\/p>\n<p>Ilmat\u00e4ytteinen alppim\u00f6kki on laatutuote, joka on valmistettu tiukkojen EN 14960 -standardin mukaisten ohjeiden mukaisesti. Kaikki pomppulinnamme ja puhallettavat n\u00e4ht\u00e4vyyksemme ovat ammattimaisia moduuleja, jotka soveltuvat ammattimaiseen vuokraukseen ja k\u00e4ytt\u00f6\u00f6n huvipuistoissa, sis\u00e4leikkipaikoilla ja vastaavissa.<\/p>\n<p>T\u00e4rkeit\u00e4 k\u00e4ytt\u00f6ohjeita<\/p>\n<p>Puhaltimen (ei sis\u00e4lly toimitukseen) on oltava k\u00e4ynniss\u00e4 jatkuvasti k\u00e4yt\u00f6n aikana.<br \/>\nPieni ilmavuoto saumojen reikien kautta on normaalia.<\/p>\n<p>* Paino ja mitat ovat suuntaa-antavia ja voivat vaihdella hieman.<\/p>\n","protected":false},"excerpt":{"rendered":"<p><i class=\"fa fa-arrows-alt\"><\/i>  Mitat (L x S x K): 6,00 m x 4,00 m x 6,20 m *.<br \/>\n<i class=\"fa fa-check\"><\/i>  Ammattilaismoduuli &#8211; Soveltuu kaupalliseen ja yksityiseen k\u00e4ytt\u00f6\u00f6n.<\/p>\n<p><i class=\"fa fa-square\"><\/i>  PVC (0,55 mm \/ 621,3 g\/m2)<br \/>\n<i class=\"fa fa-align-justify\"><\/i>  2 &#8211; 4-kertaisesti ommeltu (kuormituksesta riippuen).<br \/>\n<i class=\"fa fa-fire\"><\/i>  Palonsuoja-aine<\/p>\n","protected":false},"featured_media":19584,"comment_status":"open","ping_status":"closed","template":"","meta":{"_acf_changed":false,"_uag_custom_page_level_css":"","site-sidebar-layout":"default","site-content-layout":"boxed-container","ast-site-content-layout":"normal-width-container","site-content-style":"boxed","site-sidebar-style":"boxed","ast-global-header-display":"","ast-banner-title-visibility":"","ast-main-header-display":"","ast-hfb-above-header-display":"","ast-hfb-below-header-display":"","ast-hfb-mobile-header-display":"","site-post-title":"disabled","ast-breadcrumbs-content":"","ast-featured-img":"","footer-sml-layout":"","ast-disable-related-posts":"","theme-transparent-header-meta":"default","adv-header-id-meta":"","stick-header-meta":"default","header-above-stick-meta":"","header-main-stick-meta":"","header-below-stick-meta":"","astra-migrate-meta-layouts":"default","ast-page-background-enabled":"default","ast-page-background-meta":{"desktop":{"background-color":"var(--ast-global-color-4)","background-image":"","background-repeat":"repeat","background-position":"center center","background-size":"auto","background-attachment":"scroll","background-type":"","background-media":"","overlay-type":"","overlay-color":"","overlay-opacity":"","overlay-gradient":""},"tablet":{"background-color":"","background-image":"","background-repeat":"repeat","background-position":"center center","background-size":"auto","background-attachment":"scroll","background-type":"","background-media":"","overlay-type":"","overlay-color":"","overlay-opacity":"","overlay-gradient":""},"mobile":{"background-color":"","background-image":"","background-repeat":"repeat","background-position":"center center","background-size":"auto","background-attachment":"scroll","background-type":"","background-media":"","overlay-type":"","overlay-color":"","overlay-opacity":"","overlay-gradient":""}},"ast-content-background-meta":{"desktop":{"background-color":"var(--ast-global-color-5)","background-image":"","background-repeat":"repeat","background-position":"center center","background-size":"auto","background-attachment":"scroll","background-type":"","background-media":"","overlay-type":"","overlay-color":"","overlay-opacity":"","overlay-gradient":""},"tablet":{"background-color":"var(--ast-global-color-5)","background-image":"","background-repeat":"repeat","background-position":"center center","background-size":"auto","background-attachment":"scroll","background-type":"","background-media":"","overlay-type":"","overlay-color":"","overlay-opacity":"","overlay-gradient":""},"mobile":{"background-color":"var(--ast-global-color-5)","background-image":"","background-repeat":"repeat","background-position":"center center","background-size":"auto","background-attachment":"scroll","background-type":"","background-media":"","overlay-type":"","overlay-color":"","overlay-opacity":"","overlay-gradient":""}}},"product_brand":[],"product_cat":[2031],"product_tag":[],"class_list":{"0":"post-19579","1":"product","2":"type-product","3":"status-publish","4":"has-post-thumbnail","6":"product_cat-nahtavyydet","7":"product_shipping_class-spedition-hupfburg-fi","8":"pa_gtin-0669145336636-fi","9":"desktop-align-center","10":"tablet-align-center","11":"mobile-align-center","12":"ast-product-gallery-layout-horizontal","13":"ast-product-tabs-layout-horizontal","15":"first","16":"onbackorder","17":"taxable","18":"shipping-taxable","19":"purchasable","20":"product-type-simple"},"acf":[],"yoast_head":"<!-- This site is optimized with the Yoast SEO plugin v27.5 - https:\/\/yoast.com\/product\/yoast-seo-wordpress\/ -->\n<title>Osta puhallettava alppim\u00f6kki ja puinen m\u00f6kki | Dodo-Inflatables.com<\/title>\n<meta name=\"description\" content=\"Osta puhallettava puinen m\u00f6kki juhlateltaksi suoraan verkossa Dodo-Inflatables.comista | Monia malleja varastossa | Nopea toimitus | Paras laatu | Paras laatu\" \/>\n<meta name=\"robots\" content=\"index, follow, max-snippet:-1, max-image-preview:large, max-video-preview:-1\" \/>\n<link rel=\"canonical\" href=\"https:\/\/dodo-inflatables.com\/fi\/tuote\/puhallettava-alppimokki\/\" \/>\n<meta name=\"twitter:label1\" content=\"Arvioitu lukuaika\" \/>\n\t<meta name=\"twitter:data1\" content=\"2 minuuttia\" \/>\n<script type=\"application\/ld+json\" class=\"yoast-schema-graph\">{\"@context\":\"https:\\\/\\\/schema.org\",\"@graph\":[{\"@type\":\"WebPage\",\"@id\":\"https:\\\/\\\/dodo-inflatables.com\\\/fi\\\/tuote\\\/puhallettava-alppimokki\\\/\",\"url\":\"https:\\\/\\\/dodo-inflatables.com\\\/fi\\\/tuote\\\/puhallettava-alppimokki\\\/\",\"name\":\"Osta puhallettava alppim\u00f6kki ja puinen m\u00f6kki | Dodo-Inflatables.com\",\"isPartOf\":{\"@id\":\"https:\\\/\\\/dodo-inflatables.com\\\/fi\\\/#website\"},\"primaryImageOfPage\":{\"@id\":\"https:\\\/\\\/dodo-inflatables.com\\\/fi\\\/tuote\\\/puhallettava-alppimokki\\\/#primaryimage\"},\"image\":{\"@id\":\"https:\\\/\\\/dodo-inflatables.com\\\/fi\\\/tuote\\\/puhallettava-alppimokki\\\/#primaryimage\"},\"thumbnailUrl\":\"https:\\\/\\\/dodo-inflatables.com\\\/wp-content\\\/uploads\\\/2021\\\/01\\\/Aufblasbare-Almhuette-Partyzelt-kaufen_0006_Ebene-3.jpg\",\"datePublished\":\"2021-01-18T11:17:14+00:00\",\"dateModified\":\"2024-07-17T13:24:06+00:00\",\"description\":\"Osta puhallettava puinen m\u00f6kki juhlateltaksi suoraan verkossa Dodo-Inflatables.comista | Monia malleja varastossa | Nopea toimitus | Paras laatu | Paras laatu\",\"breadcrumb\":{\"@id\":\"https:\\\/\\\/dodo-inflatables.com\\\/fi\\\/tuote\\\/puhallettava-alppimokki\\\/#breadcrumb\"},\"inLanguage\":\"fi\",\"potentialAction\":[{\"@type\":\"ReadAction\",\"target\":[\"https:\\\/\\\/dodo-inflatables.com\\\/fi\\\/tuote\\\/puhallettava-alppimokki\\\/\"]}]},{\"@type\":\"ImageObject\",\"inLanguage\":\"fi\",\"@id\":\"https:\\\/\\\/dodo-inflatables.com\\\/fi\\\/tuote\\\/puhallettava-alppimokki\\\/#primaryimage\",\"url\":\"https:\\\/\\\/dodo-inflatables.com\\\/wp-content\\\/uploads\\\/2021\\\/01\\\/Aufblasbare-Almhuette-Partyzelt-kaufen_0006_Ebene-3.jpg\",\"contentUrl\":\"https:\\\/\\\/dodo-inflatables.com\\\/wp-content\\\/uploads\\\/2021\\\/01\\\/Aufblasbare-Almhuette-Partyzelt-kaufen_0006_Ebene-3.jpg\",\"width\":500,\"height\":500},{\"@type\":\"BreadcrumbList\",\"@id\":\"https:\\\/\\\/dodo-inflatables.com\\\/fi\\\/tuote\\\/puhallettava-alppimokki\\\/#breadcrumb\",\"itemListElement\":[{\"@type\":\"ListItem\",\"position\":1,\"name\":\"Etusivu\",\"item\":\"https:\\\/\\\/dodo-inflatables.com\\\/fi\\\/\"},{\"@type\":\"ListItem\",\"position\":2,\"name\":\"Kauppa\",\"item\":\"https:\\\/\\\/dodo-inflatables.com\\\/fi\\\/kauppa\\\/\"},{\"@type\":\"ListItem\",\"position\":3,\"name\":\"Puhallettava alppim\u00f6kki\"}]},{\"@type\":\"WebSite\",\"@id\":\"https:\\\/\\\/dodo-inflatables.com\\\/fi\\\/#website\",\"url\":\"https:\\\/\\\/dodo-inflatables.com\\\/fi\\\/\",\"name\":\"dodo-inflatables.com\",\"description\":\"Osta pomppulinnoja ja n\u00e4ht\u00e4vyyksi\u00e4 myym\u00e4l\u00e4st\u00e4mme.\",\"potentialAction\":[{\"@type\":\"SearchAction\",\"target\":{\"@type\":\"EntryPoint\",\"urlTemplate\":\"https:\\\/\\\/dodo-inflatables.com\\\/fi\\\/?s={search_term_string}\"},\"query-input\":{\"@type\":\"PropertyValueSpecification\",\"valueRequired\":true,\"valueName\":\"search_term_string\"}}],\"inLanguage\":\"fi\"}]}<\/script>\n<!-- \/ Yoast SEO plugin. -->","yoast_head_json":{"title":"Osta puhallettava alppim\u00f6kki ja puinen m\u00f6kki | Dodo-Inflatables.com","description":"Osta puhallettava puinen m\u00f6kki juhlateltaksi suoraan verkossa Dodo-Inflatables.comista | Monia malleja varastossa | Nopea toimitus | Paras laatu | Paras laatu","robots":{"index":"index","follow":"follow","max-snippet":"max-snippet:-1","max-image-preview":"max-image-preview:large","max-video-preview":"max-video-preview:-1"},"canonical":"https:\/\/dodo-inflatables.com\/fi\/tuote\/puhallettava-alppimokki\/","twitter_misc":{"Arvioitu lukuaika":"2 minuuttia"},"schema":{"@context":"https:\/\/schema.org","@graph":[{"@type":"WebPage","@id":"https:\/\/dodo-inflatables.com\/fi\/tuote\/puhallettava-alppimokki\/","url":"https:\/\/dodo-inflatables.com\/fi\/tuote\/puhallettava-alppimokki\/","name":"Osta puhallettava alppim\u00f6kki ja puinen m\u00f6kki | Dodo-Inflatables.com","isPartOf":{"@id":"https:\/\/dodo-inflatables.com\/fi\/#website"},"primaryImageOfPage":{"@id":"https:\/\/dodo-inflatables.com\/fi\/tuote\/puhallettava-alppimokki\/#primaryimage"},"image":{"@id":"https:\/\/dodo-inflatables.com\/fi\/tuote\/puhallettava-alppimokki\/#primaryimage"},"thumbnailUrl":"https:\/\/dodo-inflatables.com\/wp-content\/uploads\/2021\/01\/Aufblasbare-Almhuette-Partyzelt-kaufen_0006_Ebene-3.jpg","datePublished":"2021-01-18T11:17:14+00:00","dateModified":"2024-07-17T13:24:06+00:00","description":"Osta puhallettava puinen m\u00f6kki juhlateltaksi suoraan verkossa Dodo-Inflatables.comista | Monia malleja varastossa | Nopea toimitus | Paras laatu | Paras laatu","breadcrumb":{"@id":"https:\/\/dodo-inflatables.com\/fi\/tuote\/puhallettava-alppimokki\/#breadcrumb"},"inLanguage":"fi","potentialAction":[{"@type":"ReadAction","target":["https:\/\/dodo-inflatables.com\/fi\/tuote\/puhallettava-alppimokki\/"]}]},{"@type":"ImageObject","inLanguage":"fi","@id":"https:\/\/dodo-inflatables.com\/fi\/tuote\/puhallettava-alppimokki\/#primaryimage","url":"https:\/\/dodo-inflatables.com\/wp-content\/uploads\/2021\/01\/Aufblasbare-Almhuette-Partyzelt-kaufen_0006_Ebene-3.jpg","contentUrl":"https:\/\/dodo-inflatables.com\/wp-content\/uploads\/2021\/01\/Aufblasbare-Almhuette-Partyzelt-kaufen_0006_Ebene-3.jpg","width":500,"height":500},{"@type":"BreadcrumbList","@id":"https:\/\/dodo-inflatables.com\/fi\/tuote\/puhallettava-alppimokki\/#breadcrumb","itemListElement":[{"@type":"ListItem","position":1,"name":"Etusivu","item":"https:\/\/dodo-inflatables.com\/fi\/"},{"@type":"ListItem","position":2,"name":"Kauppa","item":"https:\/\/dodo-inflatables.com\/fi\/kauppa\/"},{"@type":"ListItem","position":3,"name":"Puhallettava alppim\u00f6kki"}]},{"@type":"WebSite","@id":"https:\/\/dodo-inflatables.com\/fi\/#website","url":"https:\/\/dodo-inflatables.com\/fi\/","name":"dodo-inflatables.com","description":"Osta pomppulinnoja ja n\u00e4ht\u00e4vyyksi\u00e4 myym\u00e4l\u00e4st\u00e4mme.","potentialAction":[{"@type":"SearchAction","target":{"@type":"EntryPoint","urlTemplate":"https:\/\/dodo-inflatables.com\/fi\/?s={search_term_string}"},"query-input":{"@type":"PropertyValueSpecification","valueRequired":true,"valueName":"search_term_string"}}],"inLanguage":"fi"}]}},"uagb_featured_image_src":{"full":["https:\/\/dodo-inflatables.com\/wp-content\/uploads\/2021\/01\/Aufblasbare-Almhuette-Partyzelt-kaufen_0006_Ebene-3.jpg",500,500,false],"thumbnail":["https:\/\/dodo-inflatables.com\/wp-content\/uploads\/2021\/01\/Aufblasbare-Almhuette-Partyzelt-kaufen_0006_Ebene-3-150x150.jpg",150,150,true],"medium":["https:\/\/dodo-inflatables.com\/wp-content\/uploads\/2021\/01\/Aufblasbare-Almhuette-Partyzelt-kaufen_0006_Ebene-3-300x300.jpg",300,300,true],"medium_large":["https:\/\/dodo-inflatables.com\/wp-content\/uploads\/2021\/01\/Aufblasbare-Almhuette-Partyzelt-kaufen_0006_Ebene-3.jpg",500,500,false],"large":["https:\/\/dodo-inflatables.com\/wp-content\/uploads\/2021\/01\/Aufblasbare-Almhuette-Partyzelt-kaufen_0006_Ebene-3.jpg",500,500,false],"1536x1536":["https:\/\/dodo-inflatables.com\/wp-content\/uploads\/2021\/01\/Aufblasbare-Almhuette-Partyzelt-kaufen_0006_Ebene-3.jpg",500,500,false],"2048x2048":["https:\/\/dodo-inflatables.com\/wp-content\/uploads\/2021\/01\/Aufblasbare-Almhuette-Partyzelt-kaufen_0006_Ebene-3.jpg",500,500,false],"woocommerce_thumbnail":["https:\/\/dodo-inflatables.com\/wp-content\/uploads\/2021\/01\/Aufblasbare-Almhuette-Partyzelt-kaufen_0006_Ebene-3.jpg",500,500,false],"woocommerce_single":["https:\/\/dodo-inflatables.com\/wp-content\/uploads\/2021\/01\/Aufblasbare-Almhuette-Partyzelt-kaufen_0006_Ebene-3.jpg",500,500,false],"woocommerce_gallery_thumbnail":["https:\/\/dodo-inflatables.com\/wp-content\/uploads\/2021\/01\/Aufblasbare-Almhuette-Partyzelt-kaufen_0006_Ebene-3-100x100.jpg",100,100,true]},"uagb_author_info":{"display_name":"Andreas","author_link":"https:\/\/dodo-inflatables.com\/fi\/author\/"},"uagb_comment_info":0,"uagb_excerpt":"Mitat (L x S x K): 6,00 m x 4,00 m x 6,20 m *. Ammattilaismoduuli - Soveltuu kaupalliseen ja yksityiseen k\u00e4ytt\u00f6\u00f6n. PVC (0,55 mm \/ 621,3 g\/m2) 2 - 4-kertaisesti ommeltu (kuormituksesta riippuen). Palonsuoja-aine","_links":{"self":[{"href":"https:\/\/dodo-inflatables.com\/fi\/wp-json\/wp\/v2\/product\/19579","targetHints":{"allow":["GET"]}}],"collection":[{"href":"https:\/\/dodo-inflatables.com\/fi\/wp-json\/wp\/v2\/product"}],"about":[{"href":"https:\/\/dodo-inflatables.com\/fi\/wp-json\/wp\/v2\/types\/product"}],"replies":[{"embeddable":true,"href":"https:\/\/dodo-inflatables.com\/fi\/wp-json\/wp\/v2\/comments?post=19579"}],"wp:featuredmedia":[{"embeddable":true,"href":"https:\/\/dodo-inflatables.com\/fi\/wp-json\/wp\/v2\/media\/19584"}],"wp:attachment":[{"href":"https:\/\/dodo-inflatables.com\/fi\/wp-json\/wp\/v2\/media?parent=19579"}],"wp:term":[{"taxonomy":"product_brand","embeddable":true,"href":"https:\/\/dodo-inflatables.com\/fi\/wp-json\/wp\/v2\/product_brand?post=19579"},{"taxonomy":"product_cat","embeddable":true,"href":"https:\/\/dodo-inflatables.com\/fi\/wp-json\/wp\/v2\/product_cat?post=19579"},{"taxonomy":"product_tag","embeddable":true,"href":"https:\/\/dodo-inflatables.com\/fi\/wp-json\/wp\/v2\/product_tag?post=19579"}],"curies":[{"name":"wp","href":"https:\/\/api.w.org\/{rel}","templated":true}]}}