{"id":19664,"date":"2020-12-29T14:47:59","date_gmt":"2020-12-29T13:47:59","guid":{"rendered":"https:\/\/dodo-inflatables.com\/product\/huawei-deflaattorin-kiinnitys\/"},"modified":"2026-04-25T18:38:31","modified_gmt":"2026-04-25T16:38:31","slug":"huawei-deflaattorin-kiinnitys","status":"publish","type":"product","link":"https:\/\/dodo-inflatables.com\/fi\/tuote\/huawei-deflaattorin-kiinnitys\/","title":{"rendered":"Deflaattori lis\u00e4varuste Huawei puhaltimille"},"content":{"rendered":"<h2>Osta deflaattori lis\u00e4varuste Huawei puhaltimille pomppulinnoille<\/h2>\n<p>Deflaattori lis\u00e4varuste Huawei puhaltimille pomppulinnoille on ihanteellinen lis\u00e4 vuokrayrityksille ja operaattoreille, joilla on useita pomppulinnoja varastossaan. Deflaattori poistaa aktiivisesti ilmaa pomppulinnasta, mik\u00e4 tekee kokoamisesta paljon helpompaa ja nopeampaa.<br \/>\n<strong>Nopeampi kokoaminen:<\/strong><br \/>\nDeflaattori auttaa poistamaan ilmaa pomppulinnasta, jolloin sis\u00e4lle j\u00e4\u00e4 v\u00e4hemm\u00e4n j\u00e4\u00e4nn\u00f6silmaa. T\u00e4m\u00e4 helpottaa t\u00e4ytett\u00e4v\u00e4n konstruktion taittamista kompaktimpaan kokoon ja nopeampaa valmistelua kuljetusta varten.<br \/>\n<strong>K\u00e4yt\u00e4nn\u00f6llinen tuki vuokrayrityksille:<\/strong><br \/>\nMy\u00f6s deflaattoria k\u00e4ytett\u00e4ess\u00e4 kokoaminen ei ole t\u00e4ysin automaattista ja pomppulinnan taittaminen on edelleen teht\u00e4v\u00e4 k\u00e4sin. Erityisesti useiden t\u00e4ytett\u00e4vien konstruktioiden k\u00e4sittelyss\u00e4 deflaattori kuitenkin s\u00e4\u00e4st\u00e4\u00e4 huomattavasti aikaa ja vaivaa.<br \/>\n<strong>Kaksi versiota saatavilla:<\/strong><br \/>\nDeflaattori lis\u00e4varuste on saatavana sek\u00e4 lyhyen\u00e4 ett\u00e4 pitk\u00e4n\u00e4 versiona. Kumpi versio on parempi valinta, riippuu henkil\u00f6kohtaisista mieltymyksist\u00e4 ja yksitt\u00e4isen k\u00e4ytt\u00e4j\u00e4n k\u00e4sittelytarpeista.<br \/>\n<strong>Helppo k\u00e4ytt\u00e4\u00e4:<\/strong><br \/>\nIhanteellisesti deflaattori tulisi asettaa pomppulinnan sivuaukkoon. Kaikkien muiden ilma-aukkojen tulee pysy\u00e4 suljettuina k\u00e4yt\u00f6n aikana ulkoilman sis\u00e4\u00e4noton minimoimiseksi ja tehokkuuden parantamiseksi.<\/p>\n","protected":false},"excerpt":{"rendered":"<ul>\n<li>Sopii Huawei puhaltimelle REH-1.5E &#8211; 1.5 HP ja Huawei puhaltimelle REH-2E &#8211; 2 HP<\/li>\n<li>Sopii kaikille valikoimassa oleville pomppulinnoille ja tapahtumamoduuleille<\/li>\n<li>Helppo k\u00e4ytt\u00e4\u00e4 \u2013 ihanteellinen ilman poistamiseen<\/li>\n<\/ul>\n","protected":false},"featured_media":19666,"comment_status":"open","ping_status":"closed","template":"","meta":{"_acf_changed":false,"_uag_custom_page_level_css":"","site-sidebar-layout":"default","site-content-layout":"boxed-container","ast-site-content-layout":"normal-width-container","site-content-style":"boxed","site-sidebar-style":"boxed","ast-global-header-display":"","ast-banner-title-visibility":"","ast-main-header-display":"","ast-hfb-above-header-display":"","ast-hfb-below-header-display":"","ast-hfb-mobile-header-display":"","site-post-title":"disabled","ast-breadcrumbs-content":"","ast-featured-img":"","footer-sml-layout":"","ast-disable-related-posts":"","theme-transparent-header-meta":"default","adv-header-id-meta":"","stick-header-meta":"default","header-above-stick-meta":"","header-main-stick-meta":"","header-below-stick-meta":"","astra-migrate-meta-layouts":"default","ast-page-background-enabled":"default","ast-page-background-meta":{"desktop":{"background-color":"var(--ast-global-color-4)","background-image":"","background-repeat":"repeat","background-position":"center center","background-size":"auto","background-attachment":"scroll","background-type":"","background-media":"","overlay-type":"","overlay-color":"","overlay-opacity":"","overlay-gradient":""},"tablet":{"background-color":"","background-image":"","background-repeat":"repeat","background-position":"center center","background-size":"auto","background-attachment":"scroll","background-type":"","background-media":"","overlay-type":"","overlay-color":"","overlay-opacity":"","overlay-gradient":""},"mobile":{"background-color":"","background-image":"","background-repeat":"repeat","background-position":"center center","background-size":"auto","background-attachment":"scroll","background-type":"","background-media":"","overlay-type":"","overlay-color":"","overlay-opacity":"","overlay-gradient":""}},"ast-content-background-meta":{"desktop":{"background-color":"var(--ast-global-color-5)","background-image":"","background-repeat":"repeat","background-position":"center center","background-size":"auto","background-attachment":"scroll","background-type":"","background-media":"","overlay-type":"","overlay-color":"","overlay-opacity":"","overlay-gradient":""},"tablet":{"background-color":"var(--ast-global-color-5)","background-image":"","background-repeat":"repeat","background-position":"center center","background-size":"auto","background-attachment":"scroll","background-type":"","background-media":"","overlay-type":"","overlay-color":"","overlay-opacity":"","overlay-gradient":""},"mobile":{"background-color":"var(--ast-global-color-5)","background-image":"","background-repeat":"repeat","background-position":"center center","background-size":"auto","background-attachment":"scroll","background-type":"","background-media":"","overlay-type":"","overlay-color":"","overlay-opacity":"","overlay-gradient":""}}},"product_brand":[],"product_cat":[2058],"product_tag":[],"class_list":{"0":"post-19664","1":"product","2":"type-product","3":"status-publish","4":"has-post-thumbnail","6":"product_cat-tarvikkeet","7":"product_shipping_class-zubehor-fi","8":"pa_gtin-0669145333994-fi","9":"desktop-align-center","10":"tablet-align-center","11":"mobile-align-center","12":"ast-product-gallery-layout-horizontal","13":"ast-product-tabs-layout-horizontal","15":"first","16":"instock","17":"taxable","18":"shipping-taxable","19":"purchasable","20":"product-type-simple"},"acf":[],"yoast_head":"<!-- This site is optimized with the Yoast SEO plugin v27.5 - https:\/\/yoast.com\/product\/yoast-seo-wordpress\/ -->\n<title>Osta Deflator Huawei puhaltimet | Dodo-Inflatables.com<\/title>\n<meta name=\"description\" content=\"Osta Deflator for Huawei Inflatable Blowers REH-1.5E - 1.5HP at Dodo-Inflatables.com | Reilut hinnat | Aina varastossa | Nopea toimitus!\" \/>\n<meta name=\"robots\" content=\"index, follow, max-snippet:-1, max-image-preview:large, max-video-preview:-1\" \/>\n<link rel=\"canonical\" href=\"https:\/\/dodo-inflatables.com\/fi\/tuote\/huawei-deflaattorin-kiinnitys\/\" \/>\n<meta name=\"twitter:label1\" content=\"Arvioitu lukuaika\" \/>\n\t<meta name=\"twitter:data1\" content=\"1 minuutti\" \/>\n<script type=\"application\/ld+json\" class=\"yoast-schema-graph\">{\"@context\":\"https:\\\/\\\/schema.org\",\"@graph\":[{\"@type\":\"WebPage\",\"@id\":\"https:\\\/\\\/dodo-inflatables.com\\\/fi\\\/tuote\\\/huawei-deflaattorin-kiinnitys\\\/\",\"url\":\"https:\\\/\\\/dodo-inflatables.com\\\/fi\\\/tuote\\\/huawei-deflaattorin-kiinnitys\\\/\",\"name\":\"Osta Deflator Huawei puhaltimet | Dodo-Inflatables.com\",\"isPartOf\":{\"@id\":\"https:\\\/\\\/dodo-inflatables.com\\\/fi\\\/#website\"},\"primaryImageOfPage\":{\"@id\":\"https:\\\/\\\/dodo-inflatables.com\\\/fi\\\/tuote\\\/huawei-deflaattorin-kiinnitys\\\/#primaryimage\"},\"image\":{\"@id\":\"https:\\\/\\\/dodo-inflatables.com\\\/fi\\\/tuote\\\/huawei-deflaattorin-kiinnitys\\\/#primaryimage\"},\"thumbnailUrl\":\"https:\\\/\\\/dodo-inflatables.com\\\/wp-content\\\/uploads\\\/2020\\\/12\\\/Hupfburg-Geblase-Huawei-kaufen_0000_Short-Deflator-B.jpg\",\"datePublished\":\"2020-12-29T13:47:59+00:00\",\"dateModified\":\"2026-04-25T16:38:31+00:00\",\"description\":\"Osta Deflator for Huawei Inflatable Blowers REH-1.5E - 1.5HP at Dodo-Inflatables.com | Reilut hinnat | Aina varastossa | Nopea toimitus!\",\"breadcrumb\":{\"@id\":\"https:\\\/\\\/dodo-inflatables.com\\\/fi\\\/tuote\\\/huawei-deflaattorin-kiinnitys\\\/#breadcrumb\"},\"inLanguage\":\"fi\",\"potentialAction\":[{\"@type\":\"ReadAction\",\"target\":[\"https:\\\/\\\/dodo-inflatables.com\\\/fi\\\/tuote\\\/huawei-deflaattorin-kiinnitys\\\/\"]}]},{\"@type\":\"ImageObject\",\"inLanguage\":\"fi\",\"@id\":\"https:\\\/\\\/dodo-inflatables.com\\\/fi\\\/tuote\\\/huawei-deflaattorin-kiinnitys\\\/#primaryimage\",\"url\":\"https:\\\/\\\/dodo-inflatables.com\\\/wp-content\\\/uploads\\\/2020\\\/12\\\/Hupfburg-Geblase-Huawei-kaufen_0000_Short-Deflator-B.jpg\",\"contentUrl\":\"https:\\\/\\\/dodo-inflatables.com\\\/wp-content\\\/uploads\\\/2020\\\/12\\\/Hupfburg-Geblase-Huawei-kaufen_0000_Short-Deflator-B.jpg\",\"width\":500,\"height\":500},{\"@type\":\"BreadcrumbList\",\"@id\":\"https:\\\/\\\/dodo-inflatables.com\\\/fi\\\/tuote\\\/huawei-deflaattorin-kiinnitys\\\/#breadcrumb\",\"itemListElement\":[{\"@type\":\"ListItem\",\"position\":1,\"name\":\"Etusivu\",\"item\":\"https:\\\/\\\/dodo-inflatables.com\\\/fi\\\/\"},{\"@type\":\"ListItem\",\"position\":2,\"name\":\"Kauppa\",\"item\":\"https:\\\/\\\/dodo-inflatables.com\\\/fi\\\/kauppa\\\/\"},{\"@type\":\"ListItem\",\"position\":3,\"name\":\"Huawei deflaattorin kiinnitys\"}]},{\"@type\":\"WebSite\",\"@id\":\"https:\\\/\\\/dodo-inflatables.com\\\/fi\\\/#website\",\"url\":\"https:\\\/\\\/dodo-inflatables.com\\\/fi\\\/\",\"name\":\"dodo-inflatables.com\",\"description\":\"Osta pomppulinnoja ja n\u00e4ht\u00e4vyyksi\u00e4 myym\u00e4l\u00e4st\u00e4mme.\",\"potentialAction\":[{\"@type\":\"SearchAction\",\"target\":{\"@type\":\"EntryPoint\",\"urlTemplate\":\"https:\\\/\\\/dodo-inflatables.com\\\/fi\\\/?s={search_term_string}\"},\"query-input\":{\"@type\":\"PropertyValueSpecification\",\"valueRequired\":true,\"valueName\":\"search_term_string\"}}],\"inLanguage\":\"fi\"}]}<\/script>\n<!-- \/ Yoast SEO plugin. -->","yoast_head_json":{"title":"Osta Deflator Huawei puhaltimet | Dodo-Inflatables.com","description":"Osta Deflator for Huawei Inflatable Blowers REH-1.5E - 1.5HP at Dodo-Inflatables.com | Reilut hinnat | Aina varastossa | Nopea toimitus!","robots":{"index":"index","follow":"follow","max-snippet":"max-snippet:-1","max-image-preview":"max-image-preview:large","max-video-preview":"max-video-preview:-1"},"canonical":"https:\/\/dodo-inflatables.com\/fi\/tuote\/huawei-deflaattorin-kiinnitys\/","twitter_misc":{"Arvioitu lukuaika":"1 minuutti"},"schema":{"@context":"https:\/\/schema.org","@graph":[{"@type":"WebPage","@id":"https:\/\/dodo-inflatables.com\/fi\/tuote\/huawei-deflaattorin-kiinnitys\/","url":"https:\/\/dodo-inflatables.com\/fi\/tuote\/huawei-deflaattorin-kiinnitys\/","name":"Osta Deflator Huawei puhaltimet | Dodo-Inflatables.com","isPartOf":{"@id":"https:\/\/dodo-inflatables.com\/fi\/#website"},"primaryImageOfPage":{"@id":"https:\/\/dodo-inflatables.com\/fi\/tuote\/huawei-deflaattorin-kiinnitys\/#primaryimage"},"image":{"@id":"https:\/\/dodo-inflatables.com\/fi\/tuote\/huawei-deflaattorin-kiinnitys\/#primaryimage"},"thumbnailUrl":"https:\/\/dodo-inflatables.com\/wp-content\/uploads\/2020\/12\/Hupfburg-Geblase-Huawei-kaufen_0000_Short-Deflator-B.jpg","datePublished":"2020-12-29T13:47:59+00:00","dateModified":"2026-04-25T16:38:31+00:00","description":"Osta Deflator for Huawei Inflatable Blowers REH-1.5E - 1.5HP at Dodo-Inflatables.com | Reilut hinnat | Aina varastossa | Nopea toimitus!","breadcrumb":{"@id":"https:\/\/dodo-inflatables.com\/fi\/tuote\/huawei-deflaattorin-kiinnitys\/#breadcrumb"},"inLanguage":"fi","potentialAction":[{"@type":"ReadAction","target":["https:\/\/dodo-inflatables.com\/fi\/tuote\/huawei-deflaattorin-kiinnitys\/"]}]},{"@type":"ImageObject","inLanguage":"fi","@id":"https:\/\/dodo-inflatables.com\/fi\/tuote\/huawei-deflaattorin-kiinnitys\/#primaryimage","url":"https:\/\/dodo-inflatables.com\/wp-content\/uploads\/2020\/12\/Hupfburg-Geblase-Huawei-kaufen_0000_Short-Deflator-B.jpg","contentUrl":"https:\/\/dodo-inflatables.com\/wp-content\/uploads\/2020\/12\/Hupfburg-Geblase-Huawei-kaufen_0000_Short-Deflator-B.jpg","width":500,"height":500},{"@type":"BreadcrumbList","@id":"https:\/\/dodo-inflatables.com\/fi\/tuote\/huawei-deflaattorin-kiinnitys\/#breadcrumb","itemListElement":[{"@type":"ListItem","position":1,"name":"Etusivu","item":"https:\/\/dodo-inflatables.com\/fi\/"},{"@type":"ListItem","position":2,"name":"Kauppa","item":"https:\/\/dodo-inflatables.com\/fi\/kauppa\/"},{"@type":"ListItem","position":3,"name":"Huawei deflaattorin kiinnitys"}]},{"@type":"WebSite","@id":"https:\/\/dodo-inflatables.com\/fi\/#website","url":"https:\/\/dodo-inflatables.com\/fi\/","name":"dodo-inflatables.com","description":"Osta pomppulinnoja ja n\u00e4ht\u00e4vyyksi\u00e4 myym\u00e4l\u00e4st\u00e4mme.","potentialAction":[{"@type":"SearchAction","target":{"@type":"EntryPoint","urlTemplate":"https:\/\/dodo-inflatables.com\/fi\/?s={search_term_string}"},"query-input":{"@type":"PropertyValueSpecification","valueRequired":true,"valueName":"search_term_string"}}],"inLanguage":"fi"}]}},"uagb_featured_image_src":{"full":["https:\/\/dodo-inflatables.com\/wp-content\/uploads\/2020\/12\/Hupfburg-Geblase-Huawei-kaufen_0000_Short-Deflator-B.jpg",500,500,false],"thumbnail":["https:\/\/dodo-inflatables.com\/wp-content\/uploads\/2020\/12\/Hupfburg-Geblase-Huawei-kaufen_0000_Short-Deflator-B-150x150.jpg",150,150,true],"medium":["https:\/\/dodo-inflatables.com\/wp-content\/uploads\/2020\/12\/Hupfburg-Geblase-Huawei-kaufen_0000_Short-Deflator-B-300x300.jpg",300,300,true],"medium_large":["https:\/\/dodo-inflatables.com\/wp-content\/uploads\/2020\/12\/Hupfburg-Geblase-Huawei-kaufen_0000_Short-Deflator-B.jpg",500,500,false],"large":["https:\/\/dodo-inflatables.com\/wp-content\/uploads\/2020\/12\/Hupfburg-Geblase-Huawei-kaufen_0000_Short-Deflator-B.jpg",500,500,false],"1536x1536":["https:\/\/dodo-inflatables.com\/wp-content\/uploads\/2020\/12\/Hupfburg-Geblase-Huawei-kaufen_0000_Short-Deflator-B.jpg",500,500,false],"2048x2048":["https:\/\/dodo-inflatables.com\/wp-content\/uploads\/2020\/12\/Hupfburg-Geblase-Huawei-kaufen_0000_Short-Deflator-B.jpg",500,500,false],"woocommerce_thumbnail":["https:\/\/dodo-inflatables.com\/wp-content\/uploads\/2020\/12\/Hupfburg-Geblase-Huawei-kaufen_0000_Short-Deflator-B.jpg",500,500,false],"woocommerce_single":["https:\/\/dodo-inflatables.com\/wp-content\/uploads\/2020\/12\/Hupfburg-Geblase-Huawei-kaufen_0000_Short-Deflator-B.jpg",500,500,false],"woocommerce_gallery_thumbnail":["https:\/\/dodo-inflatables.com\/wp-content\/uploads\/2020\/12\/Hupfburg-Geblase-Huawei-kaufen_0000_Short-Deflator-B-100x100.jpg",100,100,true]},"uagb_author_info":{"display_name":"Andreas","author_link":"https:\/\/dodo-inflatables.com\/fi\/author\/"},"uagb_comment_info":0,"uagb_excerpt":"Sopii Huawei puhaltimelle REH-1.5E - 1.5 HP ja Huawei puhaltimelle REH-2E - 2 HP Sopii kaikille valikoimassa oleville pomppulinnoille ja tapahtumamoduuleille Helppo k\u00e4ytt\u00e4\u00e4 \u2013 ihanteellinen ilman poistamiseen","_links":{"self":[{"href":"https:\/\/dodo-inflatables.com\/fi\/wp-json\/wp\/v2\/product\/19664","targetHints":{"allow":["GET"]}}],"collection":[{"href":"https:\/\/dodo-inflatables.com\/fi\/wp-json\/wp\/v2\/product"}],"about":[{"href":"https:\/\/dodo-inflatables.com\/fi\/wp-json\/wp\/v2\/types\/product"}],"replies":[{"embeddable":true,"href":"https:\/\/dodo-inflatables.com\/fi\/wp-json\/wp\/v2\/comments?post=19664"}],"wp:featuredmedia":[{"embeddable":true,"href":"https:\/\/dodo-inflatables.com\/fi\/wp-json\/wp\/v2\/media\/19666"}],"wp:attachment":[{"href":"https:\/\/dodo-inflatables.com\/fi\/wp-json\/wp\/v2\/media?parent=19664"}],"wp:term":[{"taxonomy":"product_brand","embeddable":true,"href":"https:\/\/dodo-inflatables.com\/fi\/wp-json\/wp\/v2\/product_brand?post=19664"},{"taxonomy":"product_cat","embeddable":true,"href":"https:\/\/dodo-inflatables.com\/fi\/wp-json\/wp\/v2\/product_cat?post=19664"},{"taxonomy":"product_tag","embeddable":true,"href":"https:\/\/dodo-inflatables.com\/fi\/wp-json\/wp\/v2\/product_tag?post=19664"}],"curies":[{"name":"wp","href":"https:\/\/api.w.org\/{rel}","templated":true}]}}