{"id":19680,"date":"2020-12-29T14:33:01","date_gmt":"2020-12-29T13:33:01","guid":{"rendered":"https:\/\/dodo-inflatables.com\/product\/huawei-puhallin-reh-1-5e-1-5ps\/"},"modified":"2026-04-23T08:59:14","modified_gmt":"2026-04-23T06:59:14","slug":"huawei-puhallin-reh-1-5e-1-5ps","status":"publish","type":"product","link":"https:\/\/dodo-inflatables.com\/fi\/tuote\/huawei-puhallin-reh-1-5e-1-5ps\/","title":{"rendered":"Huawei puhallin REH-1.5E &#8211; 1.5 HP"},"content":{"rendered":"<h2>Osta Huawei puhallin pomppulinnoille REH-1.5E &#8211; 1.5 HP<\/h2>\n<p>Huawei puhallin pomppulinnoille on t\u00e4sm\u00e4lleen oikea valinta vuokrayrityksille tai asiakkaille, joilla on useita pomppulinnoja varastossaan.<br \/>\n<strong>Tehokas ilmavirta:<\/strong> Optimaalista ilmavirtaa varten suunniteltu puhallin t\u00e4ytt\u00e4\u00e4 pomppulinnasi nopeasti ja tehokkaasti samalla kun oikea ilmanpaine s\u00e4ilyy koko k\u00e4yt\u00f6n ajan.<br \/>\n<strong>Monipuolinen yhteensopivuus:<\/strong> Sopii laajalle valikoimalle t\u00e4ytett\u00e4vi\u00e4 konstruktioita, pomppulinnoista t\u00e4ytett\u00e4viin liukum\u00e4kiin ja muuhun.<br \/>\n<strong>P\u00e4ivitysmahdollisuudet:<\/strong> Laajennusmahdollisuuksiensa ansiosta puhallin voidaan varustaa deflaattorilla ilman poistamiseksi pomppulinnasta ja nopeamman tyhjennyks en ja pakkaamisen mahdollistamiseksi. Huawei puhallinta voidaan my\u00f6s p\u00e4ivitt\u00e4\u00e4 l\u00e4mmitysvarusteella. T\u00e4m\u00e4 l\u00e4mmityslaite liitet\u00e4\u00e4n puhaltimeen patentoitua pikakiinnitysj\u00e4rjestelm\u00e4\u00e4 k\u00e4ytt\u00e4en ja l\u00e4mmitt\u00e4\u00e4 pomppulinnaan puhallettavaa ilmaa. T\u00e4m\u00e4 mahdollistaa m\u00e4r\u00e4n pomppulinnan kuivumisen paljon nopeammin, ilman ett\u00e4 tarvitaan monia tunteja kuivumisaikaa.<br \/>\n&nbsp;<\/p>\n<h3><strong>Huawei puhaltimen REH-1.5E &#8211; 1.5 HP tiedot<\/strong><\/h3>\n<ul>\n<li>Materiaali: laadukas muovirunko<\/li>\n<li>Teho: 1,35 kW (l\u00e4ht\u00f6), 1,8 kW (tulo), 1,5 HP<\/li>\n<li>Liit\u00e4nt\u00e4: Schuko-pistoke<\/li>\n<li>Suppilon halkaisija: 14,5 cm<\/li>\n<li>Mitat: 49 x 38,5 x 49,5 cm<\/li>\n<li>Paino: 16,8 kg<\/li>\n<li>Melutaso: 85 dB<\/li>\n<li>WEEE-rekister\u00f6intinro.: DE 82972723<\/li>\n<\/ul>\n<p>&nbsp;<\/p>\n","protected":false},"excerpt":{"rendered":"<ul>\n<li>Materiaali: laadukas muovirunko<\/li>\n<li>Teho: 1,35 kW (l\u00e4ht\u00f6), 1,8 kW (tulo), 1,5 HP<\/li>\n<li>Liit\u00e4nt\u00e4: Schuko-pistoke<\/li>\n<li>Suppilon halkaisija: 14,5 cm<\/li>\n<li>Mitat: 49 x 38,5 x 49,5 cm<\/li>\n<li>Paino: 16,8 kg<\/li>\n<li>Melutaso: 85 dB<\/li>\n<li>WEEE-rekister\u00f6intinro.: DE 82972723<\/li>\n<\/ul>\n","protected":false},"featured_media":104841,"comment_status":"open","ping_status":"closed","template":"","meta":{"_acf_changed":false,"_uag_custom_page_level_css":"","site-sidebar-layout":"default","site-content-layout":"boxed-container","ast-site-content-layout":"normal-width-container","site-content-style":"boxed","site-sidebar-style":"boxed","ast-global-header-display":"","ast-banner-title-visibility":"","ast-main-header-display":"","ast-hfb-above-header-display":"","ast-hfb-below-header-display":"","ast-hfb-mobile-header-display":"","site-post-title":"disabled","ast-breadcrumbs-content":"","ast-featured-img":"","footer-sml-layout":"","ast-disable-related-posts":"","theme-transparent-header-meta":"default","adv-header-id-meta":"","stick-header-meta":"default","header-above-stick-meta":"","header-main-stick-meta":"","header-below-stick-meta":"","astra-migrate-meta-layouts":"default","ast-page-background-enabled":"default","ast-page-background-meta":{"desktop":{"background-color":"var(--ast-global-color-4)","background-image":"","background-repeat":"repeat","background-position":"center center","background-size":"auto","background-attachment":"scroll","background-type":"","background-media":"","overlay-type":"","overlay-color":"","overlay-opacity":"","overlay-gradient":""},"tablet":{"background-color":"","background-image":"","background-repeat":"repeat","background-position":"center center","background-size":"auto","background-attachment":"scroll","background-type":"","background-media":"","overlay-type":"","overlay-color":"","overlay-opacity":"","overlay-gradient":""},"mobile":{"background-color":"","background-image":"","background-repeat":"repeat","background-position":"center center","background-size":"auto","background-attachment":"scroll","background-type":"","background-media":"","overlay-type":"","overlay-color":"","overlay-opacity":"","overlay-gradient":""}},"ast-content-background-meta":{"desktop":{"background-color":"var(--ast-global-color-5)","background-image":"","background-repeat":"repeat","background-position":"center center","background-size":"auto","background-attachment":"scroll","background-type":"","background-media":"","overlay-type":"","overlay-color":"","overlay-opacity":"","overlay-gradient":""},"tablet":{"background-color":"var(--ast-global-color-5)","background-image":"","background-repeat":"repeat","background-position":"center center","background-size":"auto","background-attachment":"scroll","background-type":"","background-media":"","overlay-type":"","overlay-color":"","overlay-opacity":"","overlay-gradient":""},"mobile":{"background-color":"var(--ast-global-color-5)","background-image":"","background-repeat":"repeat","background-position":"center center","background-size":"auto","background-attachment":"scroll","background-type":"","background-media":"","overlay-type":"","overlay-color":"","overlay-opacity":"","overlay-gradient":""}}},"product_brand":[],"product_cat":[2058],"product_tag":[],"class_list":{"0":"post-19680","1":"product","2":"type-product","3":"status-publish","4":"has-post-thumbnail","6":"product_cat-tarvikkeet","7":"product_shipping_class-zubehor-fi","8":"desktop-align-center","9":"tablet-align-center","10":"mobile-align-center","11":"ast-product-gallery-layout-horizontal","12":"ast-product-gallery-with-no-image","13":"ast-product-tabs-layout-horizontal","15":"first","16":"instock","17":"taxable","18":"shipping-taxable","19":"purchasable","20":"product-type-simple"},"acf":[],"yoast_head":"<!-- This site is optimized with the Yoast SEO plugin v27.5 - https:\/\/yoast.com\/product\/yoast-seo-wordpress\/ -->\n<title>Osta Huawei puhaltimet pomppulinnoille | Dodo-Inflatables.com<\/title>\n<meta name=\"description\" content=\"Osta Huawei puhallin puhallettaville REH-1.5E - 1.5HP Dodo-Inflatables.com | Reilut hinnat | Aina varastossa | Nopea toimitus!\" \/>\n<meta name=\"robots\" content=\"index, follow, max-snippet:-1, max-image-preview:large, max-video-preview:-1\" \/>\n<link rel=\"canonical\" href=\"https:\/\/dodo-inflatables.com\/fi\/tuote\/huawei-puhallin-reh-1-5e-1-5ps\/\" \/>\n<meta name=\"twitter:label1\" content=\"Arvioitu lukuaika\" \/>\n\t<meta name=\"twitter:data1\" content=\"1 minuutti\" \/>\n<script type=\"application\/ld+json\" class=\"yoast-schema-graph\">{\"@context\":\"https:\\\/\\\/schema.org\",\"@graph\":[{\"@type\":\"WebPage\",\"@id\":\"https:\\\/\\\/dodo-inflatables.com\\\/fi\\\/tuote\\\/huawei-puhallin-reh-1-5e-1-5ps\\\/\",\"url\":\"https:\\\/\\\/dodo-inflatables.com\\\/fi\\\/tuote\\\/huawei-puhallin-reh-1-5e-1-5ps\\\/\",\"name\":\"Osta Huawei puhaltimet pomppulinnoille | Dodo-Inflatables.com\",\"isPartOf\":{\"@id\":\"https:\\\/\\\/dodo-inflatables.com\\\/fi\\\/#website\"},\"primaryImageOfPage\":{\"@id\":\"https:\\\/\\\/dodo-inflatables.com\\\/fi\\\/tuote\\\/huawei-puhallin-reh-1-5e-1-5ps\\\/#primaryimage\"},\"image\":{\"@id\":\"https:\\\/\\\/dodo-inflatables.com\\\/fi\\\/tuote\\\/huawei-puhallin-reh-1-5e-1-5ps\\\/#primaryimage\"},\"thumbnailUrl\":\"https:\\\/\\\/dodo-inflatables.com\\\/wp-content\\\/uploads\\\/2020\\\/12\\\/Huawei-Blower.png\",\"datePublished\":\"2020-12-29T13:33:01+00:00\",\"dateModified\":\"2026-04-23T06:59:14+00:00\",\"description\":\"Osta Huawei puhallin puhallettaville REH-1.5E - 1.5HP Dodo-Inflatables.com | Reilut hinnat | Aina varastossa | Nopea toimitus!\",\"breadcrumb\":{\"@id\":\"https:\\\/\\\/dodo-inflatables.com\\\/fi\\\/tuote\\\/huawei-puhallin-reh-1-5e-1-5ps\\\/#breadcrumb\"},\"inLanguage\":\"fi\",\"potentialAction\":[{\"@type\":\"ReadAction\",\"target\":[\"https:\\\/\\\/dodo-inflatables.com\\\/fi\\\/tuote\\\/huawei-puhallin-reh-1-5e-1-5ps\\\/\"]}]},{\"@type\":\"ImageObject\",\"inLanguage\":\"fi\",\"@id\":\"https:\\\/\\\/dodo-inflatables.com\\\/fi\\\/tuote\\\/huawei-puhallin-reh-1-5e-1-5ps\\\/#primaryimage\",\"url\":\"https:\\\/\\\/dodo-inflatables.com\\\/wp-content\\\/uploads\\\/2020\\\/12\\\/Huawei-Blower.png\",\"contentUrl\":\"https:\\\/\\\/dodo-inflatables.com\\\/wp-content\\\/uploads\\\/2020\\\/12\\\/Huawei-Blower.png\",\"width\":500,\"height\":500,\"caption\":\"Huawei puhallin REH-2E - 2 HP | Dodo Inflatables\"},{\"@type\":\"BreadcrumbList\",\"@id\":\"https:\\\/\\\/dodo-inflatables.com\\\/fi\\\/tuote\\\/huawei-puhallin-reh-1-5e-1-5ps\\\/#breadcrumb\",\"itemListElement\":[{\"@type\":\"ListItem\",\"position\":1,\"name\":\"Etusivu\",\"item\":\"https:\\\/\\\/dodo-inflatables.com\\\/fi\\\/\"},{\"@type\":\"ListItem\",\"position\":2,\"name\":\"Kauppa\",\"item\":\"https:\\\/\\\/dodo-inflatables.com\\\/fi\\\/kauppa\\\/\"},{\"@type\":\"ListItem\",\"position\":3,\"name\":\"Huawei puhallin REH-1.5E &#8211; 1.5PS\"}]},{\"@type\":\"WebSite\",\"@id\":\"https:\\\/\\\/dodo-inflatables.com\\\/fi\\\/#website\",\"url\":\"https:\\\/\\\/dodo-inflatables.com\\\/fi\\\/\",\"name\":\"dodo-inflatables.com\",\"description\":\"Osta pomppulinnoja ja n\u00e4ht\u00e4vyyksi\u00e4 myym\u00e4l\u00e4st\u00e4mme.\",\"potentialAction\":[{\"@type\":\"SearchAction\",\"target\":{\"@type\":\"EntryPoint\",\"urlTemplate\":\"https:\\\/\\\/dodo-inflatables.com\\\/fi\\\/?s={search_term_string}\"},\"query-input\":{\"@type\":\"PropertyValueSpecification\",\"valueRequired\":true,\"valueName\":\"search_term_string\"}}],\"inLanguage\":\"fi\"}]}<\/script>\n<!-- \/ Yoast SEO plugin. -->","yoast_head_json":{"title":"Osta Huawei puhaltimet pomppulinnoille | Dodo-Inflatables.com","description":"Osta Huawei puhallin puhallettaville REH-1.5E - 1.5HP Dodo-Inflatables.com | Reilut hinnat | Aina varastossa | Nopea toimitus!","robots":{"index":"index","follow":"follow","max-snippet":"max-snippet:-1","max-image-preview":"max-image-preview:large","max-video-preview":"max-video-preview:-1"},"canonical":"https:\/\/dodo-inflatables.com\/fi\/tuote\/huawei-puhallin-reh-1-5e-1-5ps\/","twitter_misc":{"Arvioitu lukuaika":"1 minuutti"},"schema":{"@context":"https:\/\/schema.org","@graph":[{"@type":"WebPage","@id":"https:\/\/dodo-inflatables.com\/fi\/tuote\/huawei-puhallin-reh-1-5e-1-5ps\/","url":"https:\/\/dodo-inflatables.com\/fi\/tuote\/huawei-puhallin-reh-1-5e-1-5ps\/","name":"Osta Huawei puhaltimet pomppulinnoille | Dodo-Inflatables.com","isPartOf":{"@id":"https:\/\/dodo-inflatables.com\/fi\/#website"},"primaryImageOfPage":{"@id":"https:\/\/dodo-inflatables.com\/fi\/tuote\/huawei-puhallin-reh-1-5e-1-5ps\/#primaryimage"},"image":{"@id":"https:\/\/dodo-inflatables.com\/fi\/tuote\/huawei-puhallin-reh-1-5e-1-5ps\/#primaryimage"},"thumbnailUrl":"https:\/\/dodo-inflatables.com\/wp-content\/uploads\/2020\/12\/Huawei-Blower.png","datePublished":"2020-12-29T13:33:01+00:00","dateModified":"2026-04-23T06:59:14+00:00","description":"Osta Huawei puhallin puhallettaville REH-1.5E - 1.5HP Dodo-Inflatables.com | Reilut hinnat | Aina varastossa | Nopea toimitus!","breadcrumb":{"@id":"https:\/\/dodo-inflatables.com\/fi\/tuote\/huawei-puhallin-reh-1-5e-1-5ps\/#breadcrumb"},"inLanguage":"fi","potentialAction":[{"@type":"ReadAction","target":["https:\/\/dodo-inflatables.com\/fi\/tuote\/huawei-puhallin-reh-1-5e-1-5ps\/"]}]},{"@type":"ImageObject","inLanguage":"fi","@id":"https:\/\/dodo-inflatables.com\/fi\/tuote\/huawei-puhallin-reh-1-5e-1-5ps\/#primaryimage","url":"https:\/\/dodo-inflatables.com\/wp-content\/uploads\/2020\/12\/Huawei-Blower.png","contentUrl":"https:\/\/dodo-inflatables.com\/wp-content\/uploads\/2020\/12\/Huawei-Blower.png","width":500,"height":500,"caption":"Huawei puhallin REH-2E - 2 HP | Dodo Inflatables"},{"@type":"BreadcrumbList","@id":"https:\/\/dodo-inflatables.com\/fi\/tuote\/huawei-puhallin-reh-1-5e-1-5ps\/#breadcrumb","itemListElement":[{"@type":"ListItem","position":1,"name":"Etusivu","item":"https:\/\/dodo-inflatables.com\/fi\/"},{"@type":"ListItem","position":2,"name":"Kauppa","item":"https:\/\/dodo-inflatables.com\/fi\/kauppa\/"},{"@type":"ListItem","position":3,"name":"Huawei puhallin REH-1.5E &#8211; 1.5PS"}]},{"@type":"WebSite","@id":"https:\/\/dodo-inflatables.com\/fi\/#website","url":"https:\/\/dodo-inflatables.com\/fi\/","name":"dodo-inflatables.com","description":"Osta pomppulinnoja ja n\u00e4ht\u00e4vyyksi\u00e4 myym\u00e4l\u00e4st\u00e4mme.","potentialAction":[{"@type":"SearchAction","target":{"@type":"EntryPoint","urlTemplate":"https:\/\/dodo-inflatables.com\/fi\/?s={search_term_string}"},"query-input":{"@type":"PropertyValueSpecification","valueRequired":true,"valueName":"search_term_string"}}],"inLanguage":"fi"}]}},"uagb_featured_image_src":{"full":["https:\/\/dodo-inflatables.com\/wp-content\/uploads\/2020\/12\/Huawei-Blower.png",500,500,false],"thumbnail":["https:\/\/dodo-inflatables.com\/wp-content\/uploads\/2020\/12\/Huawei-Blower-150x150.png",150,150,true],"medium":["https:\/\/dodo-inflatables.com\/wp-content\/uploads\/2020\/12\/Huawei-Blower-300x300.png",300,300,true],"medium_large":["https:\/\/dodo-inflatables.com\/wp-content\/uploads\/2020\/12\/Huawei-Blower.png",500,500,false],"large":["https:\/\/dodo-inflatables.com\/wp-content\/uploads\/2020\/12\/Huawei-Blower.png",500,500,false],"1536x1536":["https:\/\/dodo-inflatables.com\/wp-content\/uploads\/2020\/12\/Huawei-Blower.png",500,500,false],"2048x2048":["https:\/\/dodo-inflatables.com\/wp-content\/uploads\/2020\/12\/Huawei-Blower.png",500,500,false],"woocommerce_thumbnail":["https:\/\/dodo-inflatables.com\/wp-content\/uploads\/2020\/12\/Huawei-Blower.png",500,500,false],"woocommerce_single":["https:\/\/dodo-inflatables.com\/wp-content\/uploads\/2020\/12\/Huawei-Blower.png",500,500,false],"woocommerce_gallery_thumbnail":["https:\/\/dodo-inflatables.com\/wp-content\/uploads\/2020\/12\/Huawei-Blower-100x100.png",100,100,true]},"uagb_author_info":{"display_name":"Andreas","author_link":"https:\/\/dodo-inflatables.com\/fi\/author\/"},"uagb_comment_info":0,"uagb_excerpt":"Materiaali: laadukas muovirunko Teho: 1,35 kW (l\u00e4ht\u00f6), 1,8 kW (tulo), 1,5 HP Liit\u00e4nt\u00e4: Schuko-pistoke Suppilon halkaisija: 14,5 cm Mitat: 49 x 38,5 x 49,5 cm Paino: 16,8 kg Melutaso: 85 dB WEEE-rekister\u00f6intinro.: DE 82972723","_links":{"self":[{"href":"https:\/\/dodo-inflatables.com\/fi\/wp-json\/wp\/v2\/product\/19680","targetHints":{"allow":["GET"]}}],"collection":[{"href":"https:\/\/dodo-inflatables.com\/fi\/wp-json\/wp\/v2\/product"}],"about":[{"href":"https:\/\/dodo-inflatables.com\/fi\/wp-json\/wp\/v2\/types\/product"}],"replies":[{"embeddable":true,"href":"https:\/\/dodo-inflatables.com\/fi\/wp-json\/wp\/v2\/comments?post=19680"}],"wp:featuredmedia":[{"embeddable":true,"href":"https:\/\/dodo-inflatables.com\/fi\/wp-json\/wp\/v2\/media\/104841"}],"wp:attachment":[{"href":"https:\/\/dodo-inflatables.com\/fi\/wp-json\/wp\/v2\/media?parent=19680"}],"wp:term":[{"taxonomy":"product_brand","embeddable":true,"href":"https:\/\/dodo-inflatables.com\/fi\/wp-json\/wp\/v2\/product_brand?post=19680"},{"taxonomy":"product_cat","embeddable":true,"href":"https:\/\/dodo-inflatables.com\/fi\/wp-json\/wp\/v2\/product_cat?post=19680"},{"taxonomy":"product_tag","embeddable":true,"href":"https:\/\/dodo-inflatables.com\/fi\/wp-json\/wp\/v2\/product_tag?post=19680"}],"curies":[{"name":"wp","href":"https:\/\/api.w.org\/{rel}","templated":true}]}}