{"id":20261,"date":"2022-07-24T14:59:42","date_gmt":"2022-07-24T12:59:42","guid":{"rendered":"https:\/\/dodo-inflatables.com\/product\/pomppulinna-pastel-vaaleanpunainen\/"},"modified":"2025-08-22T15:47:58","modified_gmt":"2025-08-22T13:47:58","slug":"pomppulinna-pastel-vaaleanpunainen","status":"publish","type":"product","link":"https:\/\/dodo-inflatables.com\/fi\/tuote\/pomppulinna-pastel-vaaleanpunainen\/","title":{"rendered":"Pomppulinna Pastelli &#8211; vaaleanpunainen"},"content":{"rendered":"<h2>Osta Pomppulinna Pastelli &#8211; vaaleanpunainen<\/h2>\n<p>Pomppulinna Pastelli &#8211; vaaleanpunainen tarjoaa paitsi loputonta iloa lapsille my\u00f6s visuaalisen el\u00e4myksen vanhemmille, jotka etsiv\u00e4t t\u00e4ydellist\u00e4 valokuvaustaustaa. Sen herkk\u00e4 pastellinvaaleanpunainen v\u00e4ri ja moderni muotoilu tekev\u00e4t siit\u00e4 katseenvangitsijan jokaiseen tapahtumaan. Se on lasten leikkipaikka ja samalla ihanteellinen paikka ikuistaa unohtumattomia hetki\u00e4.<\/p>\n<p>Pomppulinna Pastelli &#8211; vaaleanpunainen toimitetaan sopivassa kuljetuslaukussa ja se on helppo pystytt\u00e4\u00e4 noin 10 minuutissa. Toimitukseen sis\u00e4ltyy pomppulinna, kuljetuslaukku ja korjaussarja. Huomioithan, ett\u00e4 <a href=\"https:\/\/dodo-inflatables.com\/fi\/tuote\/huawei-puhallin-reh-1-5e-1-5ps\/\">puhallin<\/a> ja <a href=\"https:\/\/dodo-inflatables.com\/fi\/tuote\/maalevy-5-x-6-metria\/\">alustapeite<\/a> eiv\u00e4t sis\u00e4lly toimitukseen. L\u00f6yd\u00e4t ne <a href=\"https:\/\/dodo-inflatables.com\/fi\/tuote-osasto\/tarvikkeet\/\">tarvikkeet<\/a>-kategoriasta. Molemmat puhaltimet (<a href=\"https:\/\/dodo-inflatables.com\/fi\/tuote\/huawei-puhallin-reh-1-5e-1-5ps\/\">Huawei<\/a> ja <a href=\"https:\/\/dodo-inflatables.com\/fi\/tuote\/gibbonsin-puhallin-fp5005-15ps\/\">Gibbons<\/a>) soveltuvat t\u00e4h\u00e4n pomppulinnaan.<\/p>\n<p>Pomppulinna on valmistettu kest\u00e4v\u00e4st\u00e4 PVC-peitteest\u00e4 (0,55 mm \/ 621,3 g\/m\u00b2) ja se on DIN EN 14960 -standardin mukaisesti sertifioitu \u2013 laadukas tuote, joka t\u00e4ytt\u00e4\u00e4 korkeimmat turvallisuusvaatimukset.<\/p>\n<p>K\u00e4yt\u00e4 pomppulinnaa vain asianmukaisella alustapeitteell\u00e4, joka suojaa pohjaa ter\u00e4vilt\u00e4 esineilt\u00e4 ja kulumiselta. Suosittelemme asentamista nurmialueelle ja kiinnitt\u00e4mist\u00e4 <a href=\"https:\/\/dodo-inflatables.com\/fi\/tuote\/maatapit-ilmataytteisen-kiinnitysta-varten\/\">maakiiloilla<\/a> maksimaalisen turvallisuuden takaamiseksi. K\u00e4yt\u00f6n j\u00e4lkeen pomppulinna tulee kuivata ja pakata huolellisesti suojausta ja kuljetusta varten.<\/p>\n<p>\u26a0\ufe0f Pomppulinnan k\u00e4ytt\u00f6\u00f6n tarvitaan vain <strong>yksi puhallin<\/strong>. Toinen ilmaletku on varavaihtoehto \u2013 esim. jos tilassa on rajoitteita tai purkamisessa halutaan nopeuttaa ilman poistumista.<\/p>\n<div class=\"product-description\">\n<p><!-- Gelbe Info-Box --><\/p>\n<div class=\"yellow-box\">\n<h2>Tiedot Pomppulinna Pastelli &#8211; vaaleanpunainen<\/h2>\n<div class=\"info-container\">\n<p><!-- Erste Zeile --><\/p>\n<div class=\"info-group\">\n<div class=\"info-column\">\n<h3>Mitat ja k\u00e4ytt\u00e4j\u00e4t<\/h3>\n<ul>\n<li><strong>Mitat<\/strong>: 4,20 m x 4,00 m x 3,50 m * (P x L x K)<\/li>\n<li><strong>Hyppyalue<\/strong>: 2,70 x 2,70 * (P x L)<\/li>\n<li><strong>Liukum\u00e4en korkeus<\/strong>: &#8211;<\/li>\n<li>Sopii noin <strong>8 lapselle<\/strong> (ik\u00e4 ja koko huomioiden)<\/li>\n<li><strong>K\u00e4ytt\u00e4jien maksimikorkeus<\/strong>: 1,50 m<\/li>\n<\/ul>\n<\/div>\n<div class=\"info-column\">\n<h3>Kokoaminen ja purku<\/h3>\n<ul>\n<li><strong>Pakkausmitat<\/strong>: Korkeus 90 cm, Halkaisija 70 cm *<\/li>\n<li><strong>Paino<\/strong>: noin 70 kg kg<\/li>\n<li><strong>Kokoamisaika<\/strong>: 10\u201320 minuuttia<\/li>\n<li><strong>Tarvittava puhallin<\/strong>: <span style=\"color: #ffffff\"><a style=\"color: #ffffff\" href=\"https:\/\/dodo-inflatables.com\/fi\/tuote\/huawei-puhallin-reh-1-5e-1-5ps\/\">1 x Huawei REH-1.5E \u2013 1,5 PS<\/a> tai <a style=\"color: #ffffff\" href=\"https:\/\/dodo-inflatables.com\/fi\/tuote\/gibbonsin-puhallin-fp5005-15ps\/\">1 x Gibbons Puhallin FP5005 \u2013 1.5PS<\/a><\/span><\/li>\n<li><strong>Tarvittava tila<\/strong>: 9,50 x 7,60 m (P x L) (DIN EN 14960 mukaan) <span class=\"tooltip\"><em><span style=\"color: #ffffff\">Mit\u00e4 t\u00e4m\u00e4 tarkoittaa?<\/span><\/em><span class=\"tooltiptext\"> DIN-standardin mukaan linnaa ymp\u00e4r\u00f6i 1,80 m vapaa tila ja 3,50 m avoimelta puolelta turvallisuuden takaamiseksi. Toteutus on asiakkaan vastuulla.<\/span><\/span><\/li>\n<\/ul>\n<\/div>\n<div class=\"info-column\">\n<h3>Ominaisuudet<\/h3>\n<ul>\n<li><strong>Hyv\u00e4ksynt\u00e4todistus<\/strong> EN 14960:n mukaisesti<\/li>\n<li>Materiaali: PVC (0,55 mm \/ 621,3 g\/m\u00b2)<\/li>\n<li>2\u20134-kertaisesti ommeltu<\/li>\n<li>Palosuojattu<\/li>\n<li>Hyppyalue suojanauhalla, vetoketju tarrapeitteell\u00e4, vahvistetut kulmat<\/li>\n<\/ul>\n<\/div>\n<\/div>\n<p><!-- Zweite Zeile (Duplikat direkt darunter) --><\/p>\n<div class=\"info-group\">\n<div class=\"info-column\">\n<h3>Toimitussis\u00e4lt\u00f6<\/h3>\n<ul class=\"check-list\">\n<li>Laaja k\u00e4ytt\u00f6opas, sis\u00e4lt\u00e4\u00e4 turvallisuusohjeet, kokoamis- ja purkuohjeet sek\u00e4 vinkkej\u00e4 vuokraukseen<\/li>\n<li>Sopiva kuljetuslaukku<\/li>\n<li>Korjaussarja<\/li>\n<\/ul>\n<\/div>\n<div class=\"info-column\">\n<h3>Ei sis\u00e4lly toimitukseen<\/h3>\n<ul class=\"cross-list\">\n<li><span style=\"color: #ffffff\"><a style=\"color: #ffffff\" href=\"https:\/\/dodo-inflatables.com\/fi\/tuote\/huawei-puhallin-reh-1-5e-1-5ps\/\">Puhallin<\/a><\/span><\/li>\n<li><span style=\"color: #ffffff\"><a style=\"color: #ffffff\" href=\"https:\/\/dodo-inflatables.com\/fi\/tuote\/maalevy-5-x-6-metria\/\">Alustapeite<\/a><\/span><\/li>\n<li><span style=\"color: #ffffff\"><a style=\"color: #ffffff\" href=\"https:\/\/dodo-inflatables.com\/fi\/tuote\/maatapit-ilmataytteisen-kiinnitysta-varten\/\">Maakiilat<\/a><\/span><\/li>\n<li><span style=\"color: #ffffff\"><a style=\"color: #ffffff\" href=\"https:\/\/dodo-inflatables.com\/fi\/tuote\/putoamissuojamatot-240-x-120-x-5-cm\/\">Putoamissuojamatot<\/a><\/span><\/li>\n<li>Muut lis\u00e4varusteet<\/li>\n<\/ul>\n<\/div>\n<div class=\"info-column\"><\/div>\n<\/div>\n<\/div>\n<\/div>\n<\/div>\n<h3>T\u00e4rkeit\u00e4 k\u00e4ytt\u00f6ohjeita<\/h3>\n<p>Pomppulinna Pastelli &#8211; vaaleanpunainen on ammattik\u00e4ytt\u00f6\u00f6n tarkoitettu malli, joka on valmistettu ja testattu DIN EN 14960 -standardin mukaisesti \u2013 turvallinen ja luotettava. Pomppulinna soveltuu t\u00e4ydellisesti vuokrak\u00e4ytt\u00f6\u00f6n. Muistathan, ett\u00e4 se on tarkoitettu vain lapsille \u2013 aikuiset eiv\u00e4t saa k\u00e4ytt\u00e4\u00e4 sit\u00e4.<\/p>\n<p>Huomioithan my\u00f6s, ett\u00e4 puhallinta (ei sis\u00e4lly) on pidett\u00e4v\u00e4 jatkuvasti p\u00e4\u00e4ll\u00e4 k\u00e4yt\u00f6n aikana, ja liev\u00e4 ilmavuoto saumojen kautta on normaalia, jotta linna ei repe\u00e4.<\/p>\n<p>Hanki nyt Pomppulinna Pastelli &#8211; vaaleanpunainen ja luo ikimuistoisia hetki\u00e4 t\u00e4ynn\u00e4 iloa ja seikkailua!<\/p>\n<p><em><\/em><\/p>\n<div class=\"green-box\">\n<p><img decoding=\"async\" src=\"https:\/\/dodo-inflatables.com\/wp-content\/uploads\/2025\/04\/5cd0b547-fdf4-4831-8267-bd1a089682a8.png\" alt=\"Leitfaden\" \/><\/p>\n<div class=\"text-container\">\n<h3>Oston j\u00e4lkeen saat 23-sivuisen oppaan, joka sis\u00e4lt\u00e4\u00e4:<\/h3>\n<ul>\n<li>Turvallisuusohjeet kokoamiseen, purkuun ja k\u00e4ytt\u00f6\u00f6n<\/li>\n<li>Sertifikaatti DIN EN 14960 -standardin mukaisesti ja yksil\u00f6llinen sarjanumero<\/li>\n<li>Yksityiskohtainen kokoamis- ja purkuohje<\/li>\n<li>Ohjeet tarkastukselle ja huollolle<\/li>\n<li>Suositukset vuokrausk\u00e4ytt\u00f6\u00f6n<\/li>\n<\/ul>\n<\/div>\n<\/div>\n","protected":false},"excerpt":{"rendered":"<h4>[gzd_product_delivery_time]<\/h4>\n<div class=\"delivery-info\">\n<p><b>Jos tilaus ja maksu vastaanotetaan ennen klo 11.00<\/b>, tilaus l\u00e4hetet\u00e4\u00e4n samana p\u00e4iv\u00e4n\u00e4!<\/p>\n<p><i class=\"fas fa-shipping-fast\"><\/i> &nbsp;&nbsp;Toimitusaika Suomeen noin 4\u20138 arkip\u00e4iv\u00e4\u00e4 (l\u00e4hetys Saksasta)<br \/>\n<i class=\"fas fa-expand-arrows-alt\"><\/i> &nbsp;&nbsp;&nbsp;Mitat: 4,20 m x 4,00 m x 3,50 m * (P \u00d7 L \u00d7 K)<br \/>\n<i class=\"fas fa-users\"><\/i> &nbsp;&nbsp;Sopii noin 8 lapselle (i\u00e4n ja koon mukaan)<br \/>\n<i class=\"fas fa-award\"><\/i> &nbsp;&nbsp;&nbsp;Sertifioitu DIN EN 14960 -standardin mukaisesti<br \/>\n<i class=\"fas fa-book\"><\/i> &nbsp;&nbsp;&nbsp;Opas sertifikaatilla ja sarjanumerolla\n<\/div>\n","protected":false},"featured_media":46449,"comment_status":"open","ping_status":"closed","template":"","meta":{"_acf_changed":false,"_uag_custom_page_level_css":"","site-sidebar-layout":"default","site-content-layout":"boxed-container","ast-site-content-layout":"normal-width-container","site-content-style":"boxed","site-sidebar-style":"boxed","ast-global-header-display":"","ast-banner-title-visibility":"","ast-main-header-display":"","ast-hfb-above-header-display":"","ast-hfb-below-header-display":"","ast-hfb-mobile-header-display":"","site-post-title":"disabled","ast-breadcrumbs-content":"","ast-featured-img":"","footer-sml-layout":"","ast-disable-related-posts":"","theme-transparent-header-meta":"default","adv-header-id-meta":"","stick-header-meta":"default","header-above-stick-meta":"","header-main-stick-meta":"","header-below-stick-meta":"","astra-migrate-meta-layouts":"","ast-page-background-enabled":"default","ast-page-background-meta":{"desktop":{"background-color":"var(--ast-global-color-4)","background-image":"","background-repeat":"repeat","background-position":"center center","background-size":"auto","background-attachment":"scroll","background-type":"","background-media":"","overlay-type":"","overlay-color":"","overlay-opacity":"","overlay-gradient":""},"tablet":{"background-color":"","background-image":"","background-repeat":"repeat","background-position":"center center","background-size":"auto","background-attachment":"scroll","background-type":"","background-media":"","overlay-type":"","overlay-color":"","overlay-opacity":"","overlay-gradient":""},"mobile":{"background-color":"","background-image":"","background-repeat":"repeat","background-position":"center center","background-size":"auto","background-attachment":"scroll","background-type":"","background-media":"","overlay-type":"","overlay-color":"","overlay-opacity":"","overlay-gradient":""}},"ast-content-background-meta":{"desktop":{"background-color":"var(--ast-global-color-5)","background-image":"","background-repeat":"repeat","background-position":"center center","background-size":"auto","background-attachment":"scroll","background-type":"","background-media":"","overlay-type":"","overlay-color":"","overlay-opacity":"","overlay-gradient":""},"tablet":{"background-color":"var(--ast-global-color-5)","background-image":"","background-repeat":"repeat","background-position":"center center","background-size":"auto","background-attachment":"scroll","background-type":"","background-media":"","overlay-type":"","overlay-color":"","overlay-opacity":"","overlay-gradient":""},"mobile":{"background-color":"var(--ast-global-color-5)","background-image":"","background-repeat":"repeat","background-position":"center center","background-size":"auto","background-attachment":"scroll","background-type":"","background-media":"","overlay-type":"","overlay-color":"","overlay-opacity":"","overlay-gradient":""}}},"product_brand":[],"product_cat":[1956],"product_tag":[1991],"class_list":{"0":"post-20261","1":"product","2":"type-product","3":"status-publish","4":"has-post-thumbnail","6":"product_cat-bouncyn-linnat","7":"product_tag-ilman-liukua","8":"product_shipping_class-spedition-hupfburg-fi","9":"pa_gtin-0645117542663-fi","10":"pa_height-310-m-350-m-fi","11":"pa_length-410-m-450-m-fi","12":"pa_price-under-1-500-e-fi","13":"pa_type-of-bouncy-castle-bouncy-castle-without-slide-fi","14":"pa_width-360-m-400-m-fi-2","15":"desktop-align-center","16":"tablet-align-center","17":"mobile-align-center","18":"ast-product-gallery-layout-horizontal","19":"ast-product-tabs-layout-horizontal","21":"first","22":"instock","23":"taxable","24":"shipping-taxable","25":"purchasable","26":"product-type-simple"},"acf":[],"yoast_head":"<!-- This site is optimized with the Yoast SEO plugin v27.3 - https:\/\/yoast.com\/product\/yoast-seo-wordpress\/ -->\n<title>Osta Pomppulinna Pastelli - vaaleanpunainen nyt<\/title>\n<meta name=\"description\" content=\"Osta Pomppulinna Pastelli - vaaleanpunainen yksityis- ja yritysk\u00e4ytt\u00f6\u00f6n Suomessa. T\u00dcV-hyv\u00e4ksytty, EN 14960 -sertifioitu &amp; heti toimitettavissa.\" \/>\n<meta name=\"robots\" content=\"index, follow, max-snippet:-1, max-image-preview:large, max-video-preview:-1\" \/>\n<link rel=\"canonical\" href=\"https:\/\/dodo-inflatables.com\/fi\/tuote\/pomppulinna-pastel-vaaleanpunainen\/\" \/>\n<meta name=\"twitter:label1\" content=\"Arvioitu lukuaika\" \/>\n\t<meta name=\"twitter:data1\" content=\"2 minuuttia\" \/>\n<script type=\"application\/ld+json\" class=\"yoast-schema-graph\">{\"@context\":\"https:\\\/\\\/schema.org\",\"@graph\":[{\"@type\":\"WebPage\",\"@id\":\"https:\\\/\\\/dodo-inflatables.com\\\/fi\\\/tuote\\\/pomppulinna-pastel-vaaleanpunainen\\\/\",\"url\":\"https:\\\/\\\/dodo-inflatables.com\\\/fi\\\/tuote\\\/pomppulinna-pastel-vaaleanpunainen\\\/\",\"name\":\"Osta Pomppulinna Pastelli - vaaleanpunainen nyt\",\"isPartOf\":{\"@id\":\"https:\\\/\\\/dodo-inflatables.com\\\/fi\\\/#website\"},\"primaryImageOfPage\":{\"@id\":\"https:\\\/\\\/dodo-inflatables.com\\\/fi\\\/tuote\\\/pomppulinna-pastel-vaaleanpunainen\\\/#primaryimage\"},\"image\":{\"@id\":\"https:\\\/\\\/dodo-inflatables.com\\\/fi\\\/tuote\\\/pomppulinna-pastel-vaaleanpunainen\\\/#primaryimage\"},\"thumbnailUrl\":\"https:\\\/\\\/dodo-inflatables.com\\\/wp-content\\\/uploads\\\/2024\\\/11\\\/Pastell-pink-bouncy-castle-buy-043.jpg\",\"datePublished\":\"2022-07-24T12:59:42+00:00\",\"dateModified\":\"2025-08-22T13:47:58+00:00\",\"description\":\"Osta Pomppulinna Pastelli - vaaleanpunainen yksityis- ja yritysk\u00e4ytt\u00f6\u00f6n Suomessa. T\u00dcV-hyv\u00e4ksytty, EN 14960 -sertifioitu & heti toimitettavissa.\",\"breadcrumb\":{\"@id\":\"https:\\\/\\\/dodo-inflatables.com\\\/fi\\\/tuote\\\/pomppulinna-pastel-vaaleanpunainen\\\/#breadcrumb\"},\"inLanguage\":\"fi\",\"potentialAction\":[{\"@type\":\"ReadAction\",\"target\":[\"https:\\\/\\\/dodo-inflatables.com\\\/fi\\\/tuote\\\/pomppulinna-pastel-vaaleanpunainen\\\/\"]}]},{\"@type\":\"ImageObject\",\"inLanguage\":\"fi\",\"@id\":\"https:\\\/\\\/dodo-inflatables.com\\\/fi\\\/tuote\\\/pomppulinna-pastel-vaaleanpunainen\\\/#primaryimage\",\"url\":\"https:\\\/\\\/dodo-inflatables.com\\\/wp-content\\\/uploads\\\/2024\\\/11\\\/Pastell-pink-bouncy-castle-buy-043.jpg\",\"contentUrl\":\"https:\\\/\\\/dodo-inflatables.com\\\/wp-content\\\/uploads\\\/2024\\\/11\\\/Pastell-pink-bouncy-castle-buy-043.jpg\",\"width\":1000,\"height\":1000},{\"@type\":\"BreadcrumbList\",\"@id\":\"https:\\\/\\\/dodo-inflatables.com\\\/fi\\\/tuote\\\/pomppulinna-pastel-vaaleanpunainen\\\/#breadcrumb\",\"itemListElement\":[{\"@type\":\"ListItem\",\"position\":1,\"name\":\"Etusivu\",\"item\":\"https:\\\/\\\/dodo-inflatables.com\\\/fi\\\/\"},{\"@type\":\"ListItem\",\"position\":2,\"name\":\"Kauppa\",\"item\":\"https:\\\/\\\/dodo-inflatables.com\\\/fi\\\/?page_id=16795\"},{\"@type\":\"ListItem\",\"position\":3,\"name\":\"Pomppulinna Pastelli &#8211; vaaleanpunainen\"}]},{\"@type\":\"WebSite\",\"@id\":\"https:\\\/\\\/dodo-inflatables.com\\\/fi\\\/#website\",\"url\":\"https:\\\/\\\/dodo-inflatables.com\\\/fi\\\/\",\"name\":\"dodo-inflatables.com\",\"description\":\"Osta pomppulinnoja ja n\u00e4ht\u00e4vyyksi\u00e4 myym\u00e4l\u00e4st\u00e4mme.\",\"publisher\":{\"@id\":\"https:\\\/\\\/dodo-inflatables.com\\\/fi\\\/#organization\"},\"potentialAction\":[{\"@type\":\"SearchAction\",\"target\":{\"@type\":\"EntryPoint\",\"urlTemplate\":\"https:\\\/\\\/dodo-inflatables.com\\\/fi\\\/?s={search_term_string}\"},\"query-input\":{\"@type\":\"PropertyValueSpecification\",\"valueRequired\":true,\"valueName\":\"search_term_string\"}}],\"inLanguage\":\"fi\"},{\"@type\":\"Organization\",\"@id\":\"https:\\\/\\\/dodo-inflatables.com\\\/fi\\\/#organization\",\"name\":\"dodo-inflatables.com\",\"url\":\"https:\\\/\\\/dodo-inflatables.com\\\/fi\\\/\",\"logo\":{\"@type\":\"ImageObject\",\"inLanguage\":\"fi\",\"@id\":\"https:\\\/\\\/dodo-inflatables.com\\\/fi\\\/#\\\/schema\\\/logo\\\/image\\\/\",\"url\":\"https:\\\/\\\/dodo-inflatables.com\\\/wp-content\\\/uploads\\\/2023\\\/04\\\/cropped-cropped-cropped-Dodo-Logo.png\",\"contentUrl\":\"https:\\\/\\\/dodo-inflatables.com\\\/wp-content\\\/uploads\\\/2023\\\/04\\\/cropped-cropped-cropped-Dodo-Logo.png\",\"width\":2996,\"height\":1545,\"caption\":\"dodo-inflatables.com\"},\"image\":{\"@id\":\"https:\\\/\\\/dodo-inflatables.com\\\/fi\\\/#\\\/schema\\\/logo\\\/image\\\/\"}}]}<\/script>\n<!-- \/ Yoast SEO plugin. -->","yoast_head_json":{"title":"Osta Pomppulinna Pastelli - vaaleanpunainen nyt","description":"Osta Pomppulinna Pastelli - vaaleanpunainen yksityis- ja yritysk\u00e4ytt\u00f6\u00f6n Suomessa. T\u00dcV-hyv\u00e4ksytty, EN 14960 -sertifioitu & heti toimitettavissa.","robots":{"index":"index","follow":"follow","max-snippet":"max-snippet:-1","max-image-preview":"max-image-preview:large","max-video-preview":"max-video-preview:-1"},"canonical":"https:\/\/dodo-inflatables.com\/fi\/tuote\/pomppulinna-pastel-vaaleanpunainen\/","twitter_misc":{"Arvioitu lukuaika":"2 minuuttia"},"schema":{"@context":"https:\/\/schema.org","@graph":[{"@type":"WebPage","@id":"https:\/\/dodo-inflatables.com\/fi\/tuote\/pomppulinna-pastel-vaaleanpunainen\/","url":"https:\/\/dodo-inflatables.com\/fi\/tuote\/pomppulinna-pastel-vaaleanpunainen\/","name":"Osta Pomppulinna Pastelli - vaaleanpunainen nyt","isPartOf":{"@id":"https:\/\/dodo-inflatables.com\/fi\/#website"},"primaryImageOfPage":{"@id":"https:\/\/dodo-inflatables.com\/fi\/tuote\/pomppulinna-pastel-vaaleanpunainen\/#primaryimage"},"image":{"@id":"https:\/\/dodo-inflatables.com\/fi\/tuote\/pomppulinna-pastel-vaaleanpunainen\/#primaryimage"},"thumbnailUrl":"https:\/\/dodo-inflatables.com\/wp-content\/uploads\/2024\/11\/Pastell-pink-bouncy-castle-buy-043.jpg","datePublished":"2022-07-24T12:59:42+00:00","dateModified":"2025-08-22T13:47:58+00:00","description":"Osta Pomppulinna Pastelli - vaaleanpunainen yksityis- ja yritysk\u00e4ytt\u00f6\u00f6n Suomessa. T\u00dcV-hyv\u00e4ksytty, EN 14960 -sertifioitu & heti toimitettavissa.","breadcrumb":{"@id":"https:\/\/dodo-inflatables.com\/fi\/tuote\/pomppulinna-pastel-vaaleanpunainen\/#breadcrumb"},"inLanguage":"fi","potentialAction":[{"@type":"ReadAction","target":["https:\/\/dodo-inflatables.com\/fi\/tuote\/pomppulinna-pastel-vaaleanpunainen\/"]}]},{"@type":"ImageObject","inLanguage":"fi","@id":"https:\/\/dodo-inflatables.com\/fi\/tuote\/pomppulinna-pastel-vaaleanpunainen\/#primaryimage","url":"https:\/\/dodo-inflatables.com\/wp-content\/uploads\/2024\/11\/Pastell-pink-bouncy-castle-buy-043.jpg","contentUrl":"https:\/\/dodo-inflatables.com\/wp-content\/uploads\/2024\/11\/Pastell-pink-bouncy-castle-buy-043.jpg","width":1000,"height":1000},{"@type":"BreadcrumbList","@id":"https:\/\/dodo-inflatables.com\/fi\/tuote\/pomppulinna-pastel-vaaleanpunainen\/#breadcrumb","itemListElement":[{"@type":"ListItem","position":1,"name":"Etusivu","item":"https:\/\/dodo-inflatables.com\/fi\/"},{"@type":"ListItem","position":2,"name":"Kauppa","item":"https:\/\/dodo-inflatables.com\/fi\/?page_id=16795"},{"@type":"ListItem","position":3,"name":"Pomppulinna Pastelli &#8211; vaaleanpunainen"}]},{"@type":"WebSite","@id":"https:\/\/dodo-inflatables.com\/fi\/#website","url":"https:\/\/dodo-inflatables.com\/fi\/","name":"dodo-inflatables.com","description":"Osta pomppulinnoja ja n\u00e4ht\u00e4vyyksi\u00e4 myym\u00e4l\u00e4st\u00e4mme.","publisher":{"@id":"https:\/\/dodo-inflatables.com\/fi\/#organization"},"potentialAction":[{"@type":"SearchAction","target":{"@type":"EntryPoint","urlTemplate":"https:\/\/dodo-inflatables.com\/fi\/?s={search_term_string}"},"query-input":{"@type":"PropertyValueSpecification","valueRequired":true,"valueName":"search_term_string"}}],"inLanguage":"fi"},{"@type":"Organization","@id":"https:\/\/dodo-inflatables.com\/fi\/#organization","name":"dodo-inflatables.com","url":"https:\/\/dodo-inflatables.com\/fi\/","logo":{"@type":"ImageObject","inLanguage":"fi","@id":"https:\/\/dodo-inflatables.com\/fi\/#\/schema\/logo\/image\/","url":"https:\/\/dodo-inflatables.com\/wp-content\/uploads\/2023\/04\/cropped-cropped-cropped-Dodo-Logo.png","contentUrl":"https:\/\/dodo-inflatables.com\/wp-content\/uploads\/2023\/04\/cropped-cropped-cropped-Dodo-Logo.png","width":2996,"height":1545,"caption":"dodo-inflatables.com"},"image":{"@id":"https:\/\/dodo-inflatables.com\/fi\/#\/schema\/logo\/image\/"}}]}},"uagb_featured_image_src":{"full":["https:\/\/dodo-inflatables.com\/wp-content\/uploads\/2024\/11\/Pastell-pink-bouncy-castle-buy-043.jpg",1000,1000,false],"thumbnail":["https:\/\/dodo-inflatables.com\/wp-content\/uploads\/2024\/11\/Pastell-pink-bouncy-castle-buy-043-150x150.jpg",150,150,true],"medium":["https:\/\/dodo-inflatables.com\/wp-content\/uploads\/2024\/11\/Pastell-pink-bouncy-castle-buy-043-300x300.jpg",300,300,true],"medium_large":["https:\/\/dodo-inflatables.com\/wp-content\/uploads\/2024\/11\/Pastell-pink-bouncy-castle-buy-043-768x768.jpg",768,768,true],"large":["https:\/\/dodo-inflatables.com\/wp-content\/uploads\/2024\/11\/Pastell-pink-bouncy-castle-buy-043.jpg",1000,1000,false],"1536x1536":["https:\/\/dodo-inflatables.com\/wp-content\/uploads\/2024\/11\/Pastell-pink-bouncy-castle-buy-043.jpg",1000,1000,false],"2048x2048":["https:\/\/dodo-inflatables.com\/wp-content\/uploads\/2024\/11\/Pastell-pink-bouncy-castle-buy-043.jpg",1000,1000,false],"woocommerce_thumbnail":["https:\/\/dodo-inflatables.com\/wp-content\/uploads\/2024\/11\/Pastell-pink-bouncy-castle-buy-043-900x900.jpg",900,900,true],"woocommerce_single":["https:\/\/dodo-inflatables.com\/wp-content\/uploads\/2024\/11\/Pastell-pink-bouncy-castle-buy-043-900x900.jpg",900,900,true],"woocommerce_gallery_thumbnail":["https:\/\/dodo-inflatables.com\/wp-content\/uploads\/2024\/11\/Pastell-pink-bouncy-castle-buy-043-100x100.jpg",100,100,true]},"uagb_author_info":{"display_name":"Andreas","author_link":"https:\/\/dodo-inflatables.com\/fi\/author\/"},"uagb_comment_info":0,"uagb_excerpt":"[gzd_product_delivery_time] Jos tilaus ja maksu vastaanotetaan ennen klo 11.00, tilaus l\u00e4hetet\u00e4\u00e4n samana p\u00e4iv\u00e4n\u00e4! &nbsp;&nbsp;Toimitusaika Suomeen noin 4\u20138 arkip\u00e4iv\u00e4\u00e4 (l\u00e4hetys Saksasta) &nbsp;&nbsp;&nbsp;Mitat: 4,20 m x 4,00 m x 3,50 m * (P \u00d7 L \u00d7 K) &nbsp;&nbsp;Sopii noin 8 lapselle (i\u00e4n ja koon mukaan) &nbsp;&nbsp;&nbsp;Sertifioitu DIN EN 14960 -standardin mukaisesti &nbsp;&nbsp;&nbsp;Opas sertifikaatilla ja sarjanumerolla","_links":{"self":[{"href":"https:\/\/dodo-inflatables.com\/fi\/wp-json\/wp\/v2\/product\/20261","targetHints":{"allow":["GET"]}}],"collection":[{"href":"https:\/\/dodo-inflatables.com\/fi\/wp-json\/wp\/v2\/product"}],"about":[{"href":"https:\/\/dodo-inflatables.com\/fi\/wp-json\/wp\/v2\/types\/product"}],"replies":[{"embeddable":true,"href":"https:\/\/dodo-inflatables.com\/fi\/wp-json\/wp\/v2\/comments?post=20261"}],"wp:featuredmedia":[{"embeddable":true,"href":"https:\/\/dodo-inflatables.com\/fi\/wp-json\/wp\/v2\/media\/46449"}],"wp:attachment":[{"href":"https:\/\/dodo-inflatables.com\/fi\/wp-json\/wp\/v2\/media?parent=20261"}],"wp:term":[{"taxonomy":"product_brand","embeddable":true,"href":"https:\/\/dodo-inflatables.com\/fi\/wp-json\/wp\/v2\/product_brand?post=20261"},{"taxonomy":"product_cat","embeddable":true,"href":"https:\/\/dodo-inflatables.com\/fi\/wp-json\/wp\/v2\/product_cat?post=20261"},{"taxonomy":"product_tag","embeddable":true,"href":"https:\/\/dodo-inflatables.com\/fi\/wp-json\/wp\/v2\/product_tag?post=20261"}],"curies":[{"name":"wp","href":"https:\/\/api.w.org\/{rel}","templated":true}]}}