{"id":10919,"date":"2017-01-06T19:43:59","date_gmt":"2017-01-06T18:43:59","guid":{"rendered":"https:\/\/dodo-inflatables.com\/versandarten\/"},"modified":"2024-06-01T17:16:34","modified_gmt":"2024-06-01T15:16:34","slug":"versandarten","status":"publish","type":"page","link":"https:\/\/dodo-inflatables.com\/hr\/versandarten\/","title":{"rendered":"Versandarten"},"content":{"rendered":"\n<h2 class=\"has-text-align-center wp-block-heading\" id=\"versandarten\"><strong>Versandarten<\/strong><\/h2>\n\n<p><strong>H\u00fcpfburgen, Rutschen &amp; Eventmodule<\/strong> werden mit einer <strong>Spedition<\/strong> versendet, dieser Versand kostet 119 \u20ac inkl. MwSt Nach Zahlungseingang wird deine Ware noch am gleichen oder am n\u00e4chsten Werktag versendet. Die Zustellung erfolgt dann in der Regel innerhalb von 1 &#8211; 2 Werktagen.<\/p>\n\n<p>Der Versand f\u00fcr <strong>Pakete<\/strong> (z. B. Gebl\u00e4se) bis einschlie\u00dflich 30 kg ko\u0161ta 9,95 \u20ac.<br\/><\/p>\n\n<p>Der Versand ist auch in die Schweiz und alle europ\u00e4ischen L\u00e4nder (Hrvatska, Ungarn, Luxemburg, T\u00fcrkei, Polen, Tschechien, Slowakei, Lettland, etc.) m\u00f6glich. F\u00fcr die Versandkosten bitte einfach per Mail ( <a href=\"mailto:info@huepfburg-guenstig-kaufen.de\">info@huepfburg-guenstig-kaufen.de<\/a> ) anfragen.<br\/>Weitere Infos f\u00fcr den Versand ins Ausland findest du hier: <a href=\"https:\/\/dodo-inflatables.com\/lieferung-in-die-schweiz\/\">Lieferung in die Schweiz<\/a> und <a href=\"https:\/\/dodo-inflatables.com\/lieferung-in-das-eu-ausland\/\">Lieferung in das EU-Ausland<\/a> .<\/p>\n","protected":false},"excerpt":{"rendered":"<p>Versandarten H\u00fcpfburgen, Rutschen &amp; Eventmodule werden mit einer Spedition versendet, dieser Versand kostet 119 \u20ac inkl. MwSt Nach Zahlungseingang wird deine Ware noch am gleichen oder am n\u00e4chsten Werktag versendet. Die Zustellung erfolgt dann in der Regel innerhalb von 1 &#8211; 2 Werktagen. Der Versand f\u00fcr Pakete (z. B. Gebl\u00e4se) bis einschlie\u00dflich 30 kg ko\u0161ta [&hellip;]<\/p>\n","protected":false},"author":1,"featured_media":0,"parent":0,"menu_order":0,"comment_status":"closed","ping_status":"closed","template":"","meta":{"_acf_changed":false,"_uag_custom_page_level_css":"","site-sidebar-layout":"default","site-content-layout":"boxed-container","ast-site-content-layout":"normal-width-container","site-content-style":"boxed","site-sidebar-style":"boxed","ast-global-header-display":"","ast-banner-title-visibility":"","ast-main-header-display":"","ast-hfb-above-header-display":"","ast-hfb-below-header-display":"","ast-hfb-mobile-header-display":"","site-post-title":"disabled","ast-breadcrumbs-content":"disabled","ast-featured-img":"disabled","footer-sml-layout":"","ast-disable-related-posts":"","theme-transparent-header-meta":"","adv-header-id-meta":"4069","stick-header-meta":"","header-above-stick-meta":"","header-main-stick-meta":"","header-below-stick-meta":"","astra-migrate-meta-layouts":"default","ast-page-background-enabled":"default","ast-page-background-meta":{"desktop":{"background-color":"var(--ast-global-color-4)","background-image":"","background-repeat":"repeat","background-position":"center center","background-size":"auto","background-attachment":"scroll","background-type":"","background-media":"","overlay-type":"","overlay-color":"","overlay-opacity":"","overlay-gradient":""},"tablet":{"background-color":"","background-image":"","background-repeat":"repeat","background-position":"center center","background-size":"auto","background-attachment":"scroll","background-type":"","background-media":"","overlay-type":"","overlay-color":"","overlay-opacity":"","overlay-gradient":""},"mobile":{"background-color":"","background-image":"","background-repeat":"repeat","background-position":"center center","background-size":"auto","background-attachment":"scroll","background-type":"","background-media":"","overlay-type":"","overlay-color":"","overlay-opacity":"","overlay-gradient":""}},"ast-content-background-meta":{"desktop":{"background-color":"var(--ast-global-color-5)","background-image":"","background-repeat":"repeat","background-position":"center center","background-size":"auto","background-attachment":"scroll","background-type":"","background-media":"","overlay-type":"","overlay-color":"","overlay-opacity":"","overlay-gradient":""},"tablet":{"background-color":"var(--ast-global-color-5)","background-image":"","background-repeat":"repeat","background-position":"center center","background-size":"auto","background-attachment":"scroll","background-type":"","background-media":"","overlay-type":"","overlay-color":"","overlay-opacity":"","overlay-gradient":""},"mobile":{"background-color":"var(--ast-global-color-5)","background-image":"","background-repeat":"repeat","background-position":"center center","background-size":"auto","background-attachment":"scroll","background-type":"","background-media":"","overlay-type":"","overlay-color":"","overlay-opacity":"","overlay-gradient":""}},"footnotes":""},"class_list":["post-10919","page","type-page","status-publish","hentry"],"acf":[],"yoast_head":"<!-- This site is optimized with the Yoast SEO plugin v27.5 - https:\/\/yoast.com\/product\/yoast-seo-wordpress\/ -->\n<title>Kupi gumenjak | Na\u010dini dostave | Dodo-Inflatable.com<\/title>\n<meta name=\"description\" content=\"Brza i jednostavna dostava u Europu i \u0160vicarsku | Dodo-Inflatables.com |\" \/>\n<meta name=\"robots\" content=\"index, follow, max-snippet:-1, max-image-preview:large, max-video-preview:-1\" \/>\n<link rel=\"canonical\" href=\"https:\/\/dodo-inflatables.com\/hr\/versandarten\/\" \/>\n<meta name=\"twitter:label1\" content=\"Procijenjeno vrijeme \u010ditanja\" \/>\n\t<meta name=\"twitter:data1\" content=\"1 minuta\" \/>\n<script type=\"application\/ld+json\" class=\"yoast-schema-graph\">{\"@context\":\"https:\\\/\\\/schema.org\",\"@graph\":[{\"@type\":\"WebPage\",\"@id\":\"https:\\\/\\\/dodo-inflatables.com\\\/hr\\\/versandarten\\\/\",\"url\":\"https:\\\/\\\/dodo-inflatables.com\\\/hr\\\/versandarten\\\/\",\"name\":\"Kupi gumenjak | Na\u010dini dostave | Dodo-Inflatable.com\",\"isPartOf\":{\"@id\":\"https:\\\/\\\/dodo-inflatables.com\\\/hr\\\/#website\"},\"datePublished\":\"2017-01-06T18:43:59+00:00\",\"dateModified\":\"2024-06-01T15:16:34+00:00\",\"description\":\"Brza i jednostavna dostava u Europu i \u0160vicarsku | Dodo-Inflatables.com |\",\"breadcrumb\":{\"@id\":\"https:\\\/\\\/dodo-inflatables.com\\\/hr\\\/versandarten\\\/#breadcrumb\"},\"inLanguage\":\"hr\",\"potentialAction\":[{\"@type\":\"ReadAction\",\"target\":[\"https:\\\/\\\/dodo-inflatables.com\\\/hr\\\/versandarten\\\/\"]}]},{\"@type\":\"BreadcrumbList\",\"@id\":\"https:\\\/\\\/dodo-inflatables.com\\\/hr\\\/versandarten\\\/#breadcrumb\",\"itemListElement\":[{\"@type\":\"ListItem\",\"position\":1,\"name\":\"Po\u010detna stranica\",\"item\":\"https:\\\/\\\/dodo-inflatables.com\\\/hr\\\/\"},{\"@type\":\"ListItem\",\"position\":2,\"name\":\"Versandarten\"}]},{\"@type\":\"WebSite\",\"@id\":\"https:\\\/\\\/dodo-inflatables.com\\\/hr\\\/#website\",\"url\":\"https:\\\/\\\/dodo-inflatables.com\\\/hr\\\/\",\"name\":\"dodo-inflatables.com\",\"description\":\"Kupite dvorce na napuhavanje i atrakcije u na\u0161oj trgovini.\",\"potentialAction\":[{\"@type\":\"SearchAction\",\"target\":{\"@type\":\"EntryPoint\",\"urlTemplate\":\"https:\\\/\\\/dodo-inflatables.com\\\/hr\\\/?s={search_term_string}\"},\"query-input\":{\"@type\":\"PropertyValueSpecification\",\"valueRequired\":true,\"valueName\":\"search_term_string\"}}],\"inLanguage\":\"hr\"}]}<\/script>\n<!-- \/ Yoast SEO plugin. -->","yoast_head_json":{"title":"Kupi gumenjak | Na\u010dini dostave | Dodo-Inflatable.com","description":"Brza i jednostavna dostava u Europu i \u0160vicarsku | Dodo-Inflatables.com |","robots":{"index":"index","follow":"follow","max-snippet":"max-snippet:-1","max-image-preview":"max-image-preview:large","max-video-preview":"max-video-preview:-1"},"canonical":"https:\/\/dodo-inflatables.com\/hr\/versandarten\/","twitter_misc":{"Procijenjeno vrijeme \u010ditanja":"1 minuta"},"schema":{"@context":"https:\/\/schema.org","@graph":[{"@type":"WebPage","@id":"https:\/\/dodo-inflatables.com\/hr\/versandarten\/","url":"https:\/\/dodo-inflatables.com\/hr\/versandarten\/","name":"Kupi gumenjak | Na\u010dini dostave | Dodo-Inflatable.com","isPartOf":{"@id":"https:\/\/dodo-inflatables.com\/hr\/#website"},"datePublished":"2017-01-06T18:43:59+00:00","dateModified":"2024-06-01T15:16:34+00:00","description":"Brza i jednostavna dostava u Europu i \u0160vicarsku | Dodo-Inflatables.com |","breadcrumb":{"@id":"https:\/\/dodo-inflatables.com\/hr\/versandarten\/#breadcrumb"},"inLanguage":"hr","potentialAction":[{"@type":"ReadAction","target":["https:\/\/dodo-inflatables.com\/hr\/versandarten\/"]}]},{"@type":"BreadcrumbList","@id":"https:\/\/dodo-inflatables.com\/hr\/versandarten\/#breadcrumb","itemListElement":[{"@type":"ListItem","position":1,"name":"Po\u010detna stranica","item":"https:\/\/dodo-inflatables.com\/hr\/"},{"@type":"ListItem","position":2,"name":"Versandarten"}]},{"@type":"WebSite","@id":"https:\/\/dodo-inflatables.com\/hr\/#website","url":"https:\/\/dodo-inflatables.com\/hr\/","name":"dodo-inflatables.com","description":"Kupite dvorce na napuhavanje i atrakcije u na\u0161oj trgovini.","potentialAction":[{"@type":"SearchAction","target":{"@type":"EntryPoint","urlTemplate":"https:\/\/dodo-inflatables.com\/hr\/?s={search_term_string}"},"query-input":{"@type":"PropertyValueSpecification","valueRequired":true,"valueName":"search_term_string"}}],"inLanguage":"hr"}]}},"uagb_featured_image_src":{"full":false,"thumbnail":false,"medium":false,"medium_large":false,"large":false,"1536x1536":false,"2048x2048":false,"woocommerce_thumbnail":false,"woocommerce_single":false,"woocommerce_gallery_thumbnail":false},"uagb_author_info":{"display_name":"Andreas","author_link":"https:\/\/dodo-inflatables.com\/hr\/author\/andreas\/"},"uagb_comment_info":0,"uagb_excerpt":"Versandarten H\u00fcpfburgen, Rutschen &amp; Eventmodule werden mit einer Spedition versendet, dieser Versand kostet 119 \u20ac inkl. MwSt Nach Zahlungseingang wird deine Ware noch am gleichen oder am n\u00e4chsten Werktag versendet. Die Zustellung erfolgt dann in der Regel innerhalb von 1 &#8211; 2 Werktagen. Der Versand f\u00fcr Pakete (z. B. Gebl\u00e4se) bis einschlie\u00dflich 30 kg ko\u0161ta&hellip;","_links":{"self":[{"href":"https:\/\/dodo-inflatables.com\/hr\/wp-json\/wp\/v2\/pages\/10919","targetHints":{"allow":["GET"]}}],"collection":[{"href":"https:\/\/dodo-inflatables.com\/hr\/wp-json\/wp\/v2\/pages"}],"about":[{"href":"https:\/\/dodo-inflatables.com\/hr\/wp-json\/wp\/v2\/types\/page"}],"author":[{"embeddable":true,"href":"https:\/\/dodo-inflatables.com\/hr\/wp-json\/wp\/v2\/users\/1"}],"replies":[{"embeddable":true,"href":"https:\/\/dodo-inflatables.com\/hr\/wp-json\/wp\/v2\/comments?post=10919"}],"version-history":[{"count":2,"href":"https:\/\/dodo-inflatables.com\/hr\/wp-json\/wp\/v2\/pages\/10919\/revisions"}],"predecessor-version":[{"id":10921,"href":"https:\/\/dodo-inflatables.com\/hr\/wp-json\/wp\/v2\/pages\/10919\/revisions\/10921"}],"wp:attachment":[{"href":"https:\/\/dodo-inflatables.com\/hr\/wp-json\/wp\/v2\/media?parent=10919"}],"curies":[{"name":"wp","href":"https:\/\/api.w.org\/{rel}","templated":true}]}}